{"id":7971,"date":"2022-11-08T13:21:25","date_gmt":"2022-11-08T12:21:25","guid":{"rendered":"https:\/\/deenswonen.nl\/?post_type=product&#038;p=7971"},"modified":"2023-04-16T00:55:20","modified_gmt":"2023-04-15T22:55:20","slug":"menu-verner-panton-assiettes-lot-de-2-2","status":"publish","type":"product","link":"https:\/\/deenswonen.nl\/fr\/produit\/menu-verner-panton-assiettes-lot-de-2-2\/","title":{"rendered":"Menu Verner Panton assiettes lot de 2"},"content":{"rendered":"<div class=\"slot slot--description slot--seperated js_slot-description\" data-bltgg=\"mdHko4FFlXXAEuPqitFBZw.2_9\">\n<div data-test=\"product-description\" data-bltgi=\"mdHko4FFlXXAEuPqitFBZw.2_9.10\">\n<h2 class=\"product-description\" data-test=\"description\">Design <strong>Menu Verner Panton assiettes set de 2<\/strong><\/h2>\n<\/div>\n<\/div>\n<div class=\"woocommerce-product-details__short-description\">\n<p>Magnifique lot de 2 assiettes Verner Panton con\u00e7ues pour Menu. Le design Geometri 1 donne aux assiettes un look intemporel et moderne.<\/p>\n<p>Ces assiettes en porcelaine pr\u00e9sentent le c\u00e9l\u00e8bre design graphique \u00ab\u00a0Geometri 1\u00a0\u00bb de 1960 de l&rsquo;architecte\/designer danois Verner Panton. Le design Geometri a \u00e9t\u00e9 le premier \u00e0 \u00eatre utilis\u00e9 sur des textiles et a remport\u00e9 de nombreux prix de design internationaux. Ce d\u00e9cor rend ces assiettes et tous les autres articles de la s\u00e9rie Panton des \u00ab\u00a0classiques du design\u00a0\u00bb, d&rsquo;une modernit\u00e9 intemporelle.<\/p>\n<h2 dir=\"ltr\" data-placeholder=\"Vertaling\">Geometri 1<\/h2>\n<p id=\"tw-target-text\" class=\"tw-data-text tw-text-large XcVN5d tw-ta\" dir=\"ltr\" data-placeholder=\"Vertaling\"><span class=\"Y2IQFc\" lang=\"nl\">En 1960, Verner Panton a con\u00e7u un oreiller \u00e0 motifs g\u00e9om\u00e9triques et l&rsquo;a nomm\u00e9 \u00e0 juste titre Geometri; Aujourd&rsquo;hui, le design de Panton fait partie d&rsquo;une collection plus large qui comprend \u00e9galement des \u0153uvres de Charles et Ray Eames ou d&rsquo;Alexander Girard. Et une collection qui se compl\u00e8tent et se contrastent parfaitement en raison de leur utilisation g\u00e9n\u00e9rale de deux-points agr\u00e9ables et de motifs int\u00e9ressants. Avec le coussin Geometri, Verner Panton utilise le contraste classique du noir et blanc sous la forme de cercles et de carr\u00e9s, le r\u00e9sultat est un motif d\u00e9coratif qui g\u00e9n\u00e8re un confort tr\u00e8s r\u00e9el dans n&rsquo;importe quel salon.<\/span><\/p>\n<\/div>\n<h2><strong>Sp\u00e9cifications Menu Verner Panton assiettes set de 2<\/strong><\/h2>\n<p>Les plaques ont environ 10 ans et sont livr\u00e9es compl\u00e8tes avec l&#8217;emballage d&rsquo;origine. Les signes semblent n&rsquo;avoir jamais \u00e9t\u00e9 utilis\u00e9s.<\/p>\n<p>Les mesures sont :<\/p>\n<ul>\n<li><span class=\"s1\">Hauteur : 2cm <\/span><\/li>\n<li><span class=\"s1\">Diam\u00e8tre : 17,5 cm<\/span><\/li>\n<\/ul>\n<h2><strong>Verner Panton <\/strong><\/h2>\n<p>Verner Panton s&rsquo;est fait conna\u00eetre dans les ann\u00e9es 1960 pour ses cr\u00e9ations abstraites de meubles. Il a pr\u00e9f\u00e9r\u00e9 l&rsquo;utilisation de mat\u00e9riaux artificiels. Pourtant, il s&rsquo;est souvent inspir\u00e9 de la nature pour ses \u0153uvres. Les parall\u00e8les avec la nature sont \u00e9galement reconnaissables dans la suspension Pantop. Pensez aux fleurs de campanule qui peuplent les pr\u00e9s et les champs \u00e0 de nombreux endroits.<\/p>\n<p>Les panneaux ont environ 10 ans, c&rsquo;est pourquoi nous vous demandons de bien regarder les photos. Cela vous donnera une bonne impression de l&rsquo;\u00e9tat des plaques. Nous avons plusieurs produits de la s\u00e9rie Verner Panton de Menu <a href=\"https:\/\/deenswonen.nl\/product-categorie\/merken\/menu\/\">disponibles<\/a>.<\/p>\n<p>Les plaques seront soigneusement emball\u00e9es et exp\u00e9di\u00e9es avec Post NL. Il est \u00e9galement possible de retirer nos produits sur rendez-vous \u00e0 Berkel en Rodenrijs.<\/p>\n","protected":false},"excerpt":{"rendered":"<p>Magnifique lot de 2 assiettes Verner Panton con\u00e7ues pour Menu. Le design Geometri 1 donne aux assiettes un look intemporel et moderne.<\/p>\n<p>&nbsp;<\/p>\n<ul>\n<li><strong>Conception scandinave<\/strong><\/li>\n<li><strong>Livraison internationale<\/strong><\/li>\n<li><strong>D\u00e9lai de r\u00e9flexion de 14 jours<\/strong><\/li>\n<\/ul>\n","protected":false},"featured_media":7978,"template":"","meta":[],"product_brand":[],"product_cat":[225,219,224,226,216],"product_tag":[212,234],"class_list":{"0":"post-7971","1":"product","2":"type-product","3":"status-publish","4":"has-post-thumbnail","6":"product_cat-menu-fr","7":"product_cat-populaire-fr","8":"product_cat-vaisselle","9":"product_cat-verner-panton-fr","10":"product_cat-vient-darriver-fr","11":"product_tag-blanche","12":"product_tag-le-noir","13":"thunk-woo-product-list","14":"opn-qv-enable","15":"top-store-woo-hover-swap","16":"top-store-single-product-tab-horizontal","17":"top-store-shadow-","18":"top-store-shadow-hover-","19":"top-store-swap-item-hover","21":"first","22":"outofstock","23":"taxable","24":"shipping-taxable","25":"purchasable","26":"product-type-simple"},"yoast_head":"<!-- This site is optimized with the Yoast SEO plugin v27.3 - https:\/\/yoast.com\/product\/yoast-seo-wordpress\/ -->\n<title>Menu Verner Panton assiettes lot de 2 - Vie danoise<\/title>\n<meta name=\"description\" content=\"Magnifique lot de 2 assiettes design avec impression en noir et blanc par le c\u00e9l\u00e8bre designer Verner Panton pour Menu. Regardez ici pour plus d&#039;informations.\" \/>\n<meta name=\"robots\" content=\"index, follow, max-snippet:-1, max-image-preview:large, max-video-preview:-1\" \/>\n<link rel=\"canonical\" href=\"https:\/\/deenswonen.nl\/fr\/produit\/menu-verner-panton-assiettes-lot-de-2-2\/\" \/>\n<meta property=\"og:locale\" content=\"fr_FR\" \/>\n<meta property=\"og:type\" content=\"article\" \/>\n<meta property=\"og:title\" content=\"Menu Verner Panton assiettes lot de 2 - Vie danoise\" \/>\n<meta property=\"og:description\" content=\"Magnifique lot de 2 assiettes design avec impression en noir et blanc par le c\u00e9l\u00e8bre designer Verner Panton pour Menu. Regardez ici pour plus d&#039;informations.\" \/>\n<meta property=\"og:url\" content=\"https:\/\/deenswonen.nl\/fr\/produit\/menu-verner-panton-assiettes-lot-de-2-2\/\" \/>\n<meta property=\"og:site_name\" content=\"Vie danoise\" \/>\n<meta property=\"article:modified_time\" content=\"2023-04-15T22:55:20+00:00\" \/>\n<meta property=\"og:image\" content=\"https:\/\/deenswonen.nl\/wp-content\/uploads\/2022\/11\/3DB77A3D-5DB7-446B-96D9-413C9DF83BA8.jpeg\" \/>\n\t<meta property=\"og:image:width\" content=\"640\" \/>\n\t<meta property=\"og:image:height\" content=\"480\" \/>\n\t<meta property=\"og:image:type\" content=\"image\/jpeg\" \/>\n<meta name=\"twitter:card\" content=\"summary_large_image\" \/>\n<meta name=\"twitter:label1\" content=\"Dur\u00e9e de lecture estim\u00e9e\" \/>\n\t<meta name=\"twitter:data1\" content=\"2 minutes\" \/>\n<script type=\"application\/ld+json\" class=\"yoast-schema-graph\">{\"@context\":\"https:\\\/\\\/schema.org\",\"@graph\":[{\"@type\":\"WebPage\",\"@id\":\"https:\\\/\\\/deenswonen.nl\\\/fr\\\/produit\\\/menu-verner-panton-assiettes-lot-de-2-2\\\/\",\"url\":\"https:\\\/\\\/deenswonen.nl\\\/fr\\\/produit\\\/menu-verner-panton-assiettes-lot-de-2-2\\\/\",\"name\":\"Menu Verner Panton assiettes lot de 2 - Vie danoise\",\"isPartOf\":{\"@id\":\"https:\\\/\\\/deenswonen.nl\\\/fr\\\/#website\"},\"primaryImageOfPage\":{\"@id\":\"https:\\\/\\\/deenswonen.nl\\\/fr\\\/produit\\\/menu-verner-panton-assiettes-lot-de-2-2\\\/#primaryimage\"},\"image\":{\"@id\":\"https:\\\/\\\/deenswonen.nl\\\/fr\\\/produit\\\/menu-verner-panton-assiettes-lot-de-2-2\\\/#primaryimage\"},\"thumbnailUrl\":\"https:\\\/\\\/i0.wp.com\\\/deenswonen.nl\\\/wp-content\\\/uploads\\\/2022\\\/11\\\/3DB77A3D-5DB7-446B-96D9-413C9DF83BA8.jpeg?fit=640%2C480&ssl=1\",\"datePublished\":\"2022-11-08T12:21:25+00:00\",\"dateModified\":\"2023-04-15T22:55:20+00:00\",\"description\":\"Magnifique lot de 2 assiettes design avec impression en noir et blanc par le c\u00e9l\u00e8bre designer Verner Panton pour Menu. Regardez ici pour plus d'informations.\",\"breadcrumb\":{\"@id\":\"https:\\\/\\\/deenswonen.nl\\\/fr\\\/produit\\\/menu-verner-panton-assiettes-lot-de-2-2\\\/#breadcrumb\"},\"inLanguage\":\"fr-FR\",\"potentialAction\":[{\"@type\":\"ReadAction\",\"target\":[\"https:\\\/\\\/deenswonen.nl\\\/fr\\\/produit\\\/menu-verner-panton-assiettes-lot-de-2-2\\\/\"]}]},{\"@type\":\"ImageObject\",\"inLanguage\":\"fr-FR\",\"@id\":\"https:\\\/\\\/deenswonen.nl\\\/fr\\\/produit\\\/menu-verner-panton-assiettes-lot-de-2-2\\\/#primaryimage\",\"url\":\"https:\\\/\\\/i0.wp.com\\\/deenswonen.nl\\\/wp-content\\\/uploads\\\/2022\\\/11\\\/3DB77A3D-5DB7-446B-96D9-413C9DF83BA8.jpeg?fit=640%2C480&ssl=1\",\"contentUrl\":\"https:\\\/\\\/i0.wp.com\\\/deenswonen.nl\\\/wp-content\\\/uploads\\\/2022\\\/11\\\/3DB77A3D-5DB7-446B-96D9-413C9DF83BA8.jpeg?fit=640%2C480&ssl=1\",\"width\":640,\"height\":480,\"caption\":\"Image du lot de 2 assiettes Menu Verner Panton avec l'emballage d'origine propos\u00e9 dans cette publicit\u00e9.\"},{\"@type\":\"BreadcrumbList\",\"@id\":\"https:\\\/\\\/deenswonen.nl\\\/fr\\\/produit\\\/menu-verner-panton-assiettes-lot-de-2-2\\\/#breadcrumb\",\"itemListElement\":[{\"@type\":\"ListItem\",\"position\":1,\"name\":\"Home\",\"item\":\"https:\\\/\\\/deenswonen.nl\\\/fr\\\/\"},{\"@type\":\"ListItem\",\"position\":2,\"name\":\"Winkel\",\"item\":\"https:\\\/\\\/deenswonen.nl\\\/winkel\\\/\"},{\"@type\":\"ListItem\",\"position\":3,\"name\":\"Menu Verner Panton assiettes lot de 2\"}]},{\"@type\":\"WebSite\",\"@id\":\"https:\\\/\\\/deenswonen.nl\\\/fr\\\/#website\",\"url\":\"https:\\\/\\\/deenswonen.nl\\\/fr\\\/\",\"name\":\"Deens wonen\",\"description\":\"Accessoires de maison vintage scandinaves\",\"publisher\":{\"@id\":\"https:\\\/\\\/deenswonen.nl\\\/fr\\\/#organization\"},\"potentialAction\":[{\"@type\":\"SearchAction\",\"target\":{\"@type\":\"EntryPoint\",\"urlTemplate\":\"https:\\\/\\\/deenswonen.nl\\\/fr\\\/?s={search_term_string}\"},\"query-input\":{\"@type\":\"PropertyValueSpecification\",\"valueRequired\":true,\"valueName\":\"search_term_string\"}}],\"inLanguage\":\"fr-FR\"},{\"@type\":\"Organization\",\"@id\":\"https:\\\/\\\/deenswonen.nl\\\/fr\\\/#organization\",\"name\":\"Vie danoise\",\"url\":\"https:\\\/\\\/deenswonen.nl\\\/fr\\\/\",\"logo\":{\"@type\":\"ImageObject\",\"inLanguage\":\"fr-FR\",\"@id\":\"https:\\\/\\\/deenswonen.nl\\\/fr\\\/#\\\/schema\\\/logo\\\/image\\\/\",\"url\":\"https:\\\/\\\/i0.wp.com\\\/deenswonen.nl\\\/wp-content\\\/uploads\\\/2021\\\/11\\\/51ECE736-8380-4D65-ACA6-DE74174F3C35_1_201_a.jpeg?fit=1200%2C675&ssl=1\",\"contentUrl\":\"https:\\\/\\\/i0.wp.com\\\/deenswonen.nl\\\/wp-content\\\/uploads\\\/2021\\\/11\\\/51ECE736-8380-4D65-ACA6-DE74174F3C35_1_201_a.jpeg?fit=1200%2C675&ssl=1\",\"width\":1200,\"height\":675,\"caption\":\"Vie danoise\"},\"image\":{\"@id\":\"https:\\\/\\\/deenswonen.nl\\\/fr\\\/#\\\/schema\\\/logo\\\/image\\\/\"}}]}<\/script>\n<!-- \/ Yoast SEO plugin. -->","yoast_head_json":{"title":"Menu Verner Panton assiettes lot de 2 - Vie danoise","description":"Magnifique lot de 2 assiettes design avec impression en noir et blanc par le c\u00e9l\u00e8bre designer Verner Panton pour Menu. Regardez ici pour plus d'informations.","robots":{"index":"index","follow":"follow","max-snippet":"max-snippet:-1","max-image-preview":"max-image-preview:large","max-video-preview":"max-video-preview:-1"},"canonical":"https:\/\/deenswonen.nl\/fr\/produit\/menu-verner-panton-assiettes-lot-de-2-2\/","og_locale":"fr_FR","og_type":"article","og_title":"Menu Verner Panton assiettes lot de 2 - Vie danoise","og_description":"Magnifique lot de 2 assiettes design avec impression en noir et blanc par le c\u00e9l\u00e8bre designer Verner Panton pour Menu. Regardez ici pour plus d'informations.","og_url":"https:\/\/deenswonen.nl\/fr\/produit\/menu-verner-panton-assiettes-lot-de-2-2\/","og_site_name":"Vie danoise","article_modified_time":"2023-04-15T22:55:20+00:00","og_image":[{"width":640,"height":480,"url":"https:\/\/deenswonen.nl\/wp-content\/uploads\/2022\/11\/3DB77A3D-5DB7-446B-96D9-413C9DF83BA8.jpeg","type":"image\/jpeg"}],"twitter_card":"summary_large_image","twitter_misc":{"Dur\u00e9e de lecture estim\u00e9e":"2 minutes"},"schema":{"@context":"https:\/\/schema.org","@graph":[{"@type":"WebPage","@id":"https:\/\/deenswonen.nl\/fr\/produit\/menu-verner-panton-assiettes-lot-de-2-2\/","url":"https:\/\/deenswonen.nl\/fr\/produit\/menu-verner-panton-assiettes-lot-de-2-2\/","name":"Menu Verner Panton assiettes lot de 2 - Vie danoise","isPartOf":{"@id":"https:\/\/deenswonen.nl\/fr\/#website"},"primaryImageOfPage":{"@id":"https:\/\/deenswonen.nl\/fr\/produit\/menu-verner-panton-assiettes-lot-de-2-2\/#primaryimage"},"image":{"@id":"https:\/\/deenswonen.nl\/fr\/produit\/menu-verner-panton-assiettes-lot-de-2-2\/#primaryimage"},"thumbnailUrl":"https:\/\/i0.wp.com\/deenswonen.nl\/wp-content\/uploads\/2022\/11\/3DB77A3D-5DB7-446B-96D9-413C9DF83BA8.jpeg?fit=640%2C480&ssl=1","datePublished":"2022-11-08T12:21:25+00:00","dateModified":"2023-04-15T22:55:20+00:00","description":"Magnifique lot de 2 assiettes design avec impression en noir et blanc par le c\u00e9l\u00e8bre designer Verner Panton pour Menu. Regardez ici pour plus d'informations.","breadcrumb":{"@id":"https:\/\/deenswonen.nl\/fr\/produit\/menu-verner-panton-assiettes-lot-de-2-2\/#breadcrumb"},"inLanguage":"fr-FR","potentialAction":[{"@type":"ReadAction","target":["https:\/\/deenswonen.nl\/fr\/produit\/menu-verner-panton-assiettes-lot-de-2-2\/"]}]},{"@type":"ImageObject","inLanguage":"fr-FR","@id":"https:\/\/deenswonen.nl\/fr\/produit\/menu-verner-panton-assiettes-lot-de-2-2\/#primaryimage","url":"https:\/\/i0.wp.com\/deenswonen.nl\/wp-content\/uploads\/2022\/11\/3DB77A3D-5DB7-446B-96D9-413C9DF83BA8.jpeg?fit=640%2C480&ssl=1","contentUrl":"https:\/\/i0.wp.com\/deenswonen.nl\/wp-content\/uploads\/2022\/11\/3DB77A3D-5DB7-446B-96D9-413C9DF83BA8.jpeg?fit=640%2C480&ssl=1","width":640,"height":480,"caption":"Image du lot de 2 assiettes Menu Verner Panton avec l'emballage d'origine propos\u00e9 dans cette publicit\u00e9."},{"@type":"BreadcrumbList","@id":"https:\/\/deenswonen.nl\/fr\/produit\/menu-verner-panton-assiettes-lot-de-2-2\/#breadcrumb","itemListElement":[{"@type":"ListItem","position":1,"name":"Home","item":"https:\/\/deenswonen.nl\/fr\/"},{"@type":"ListItem","position":2,"name":"Winkel","item":"https:\/\/deenswonen.nl\/winkel\/"},{"@type":"ListItem","position":3,"name":"Menu Verner Panton assiettes lot de 2"}]},{"@type":"WebSite","@id":"https:\/\/deenswonen.nl\/fr\/#website","url":"https:\/\/deenswonen.nl\/fr\/","name":"Deens wonen","description":"Accessoires de maison vintage scandinaves","publisher":{"@id":"https:\/\/deenswonen.nl\/fr\/#organization"},"potentialAction":[{"@type":"SearchAction","target":{"@type":"EntryPoint","urlTemplate":"https:\/\/deenswonen.nl\/fr\/?s={search_term_string}"},"query-input":{"@type":"PropertyValueSpecification","valueRequired":true,"valueName":"search_term_string"}}],"inLanguage":"fr-FR"},{"@type":"Organization","@id":"https:\/\/deenswonen.nl\/fr\/#organization","name":"Vie danoise","url":"https:\/\/deenswonen.nl\/fr\/","logo":{"@type":"ImageObject","inLanguage":"fr-FR","@id":"https:\/\/deenswonen.nl\/fr\/#\/schema\/logo\/image\/","url":"https:\/\/i0.wp.com\/deenswonen.nl\/wp-content\/uploads\/2021\/11\/51ECE736-8380-4D65-ACA6-DE74174F3C35_1_201_a.jpeg?fit=1200%2C675&ssl=1","contentUrl":"https:\/\/i0.wp.com\/deenswonen.nl\/wp-content\/uploads\/2021\/11\/51ECE736-8380-4D65-ACA6-DE74174F3C35_1_201_a.jpeg?fit=1200%2C675&ssl=1","width":1200,"height":675,"caption":"Vie danoise"},"image":{"@id":"https:\/\/deenswonen.nl\/fr\/#\/schema\/logo\/image\/"}}]}},"jetpack_sharing_enabled":true,"_links":{"self":[{"href":"https:\/\/deenswonen.nl\/fr\/wp-json\/wp\/v2\/product\/7971","targetHints":{"allow":["GET"]}}],"collection":[{"href":"https:\/\/deenswonen.nl\/fr\/wp-json\/wp\/v2\/product"}],"about":[{"href":"https:\/\/deenswonen.nl\/fr\/wp-json\/wp\/v2\/types\/product"}],"wp:featuredmedia":[{"embeddable":true,"href":"https:\/\/deenswonen.nl\/fr\/wp-json\/wp\/v2\/media\/7978"}],"wp:attachment":[{"href":"https:\/\/deenswonen.nl\/fr\/wp-json\/wp\/v2\/media?parent=7971"}],"wp:term":[{"taxonomy":"product_brand","embeddable":true,"href":"https:\/\/deenswonen.nl\/fr\/wp-json\/wp\/v2\/product_brand?post=7971"},{"taxonomy":"product_cat","embeddable":true,"href":"https:\/\/deenswonen.nl\/fr\/wp-json\/wp\/v2\/product_cat?post=7971"},{"taxonomy":"product_tag","embeddable":true,"href":"https:\/\/deenswonen.nl\/fr\/wp-json\/wp\/v2\/product_tag?post=7971"}],"curies":[{"name":"wp","href":"https:\/\/api.w.org\/{rel}","templated":true}]}}