{"id":7222,"date":"2022-08-17T07:25:14","date_gmt":"2022-08-17T05:25:14","guid":{"rendered":"https:\/\/deenswonen.nl\/?post_type=product&#038;p=7222"},"modified":"2024-07-25T20:12:45","modified_gmt":"2024-07-25T18:12:45","slug":"stelton-papilio-uno-block-bougeoir-acier-inoxydable-poli","status":"publish","type":"product","link":"https:\/\/deenswonen.nl\/fr\/produit\/stelton-papilio-uno-block-bougeoir-acier-inoxydable-poli\/","title":{"rendered":"Stelton Papilio Uno Block Chandelier en acier inoxydable poli"},"content":{"rendered":"<div class=\"description-action-box-text\">\n<h2 dir=\"ltr\" data-placeholder=\"Vertaling\">Stelton Papilio Uno Block Chandelier en acier inoxydable poli<\/h2>\n<p id=\"tw-target-text\" class=\"tw-data-text tw-text-large XcVN5d tw-ta\" dir=\"ltr\" data-placeholder=\"Vertaling\">Apportez de l&rsquo;ambiance dans votre maison avec le bougeoir Papilio Uno Blok de Stelton dans la couleur acier inoxydable poli. Ce bougeoir organique, plat et design compl\u00e8te votre set de table. L&rsquo;architecte danois Klaus Rath a con\u00e7u ce chandelier pour Stelton. Le chandelier est en acier inoxydable poli. La surface polie offre une belle r\u00e9flexion de la lumi\u00e8re. Par exemple, placez une longue rang\u00e9e de chandeliers au centre de la table \u00e0 manger pour un petit spectacle de lumi\u00e8re. Cette conception est \u00e9galement appel\u00e9e danoise moderne 2.0.<\/p>\n<\/div>\n<h2 dir=\"ltr\" data-placeholder=\"Vertaling\">Bougeoir Papilio Uno Block<\/h2>\n<p class=\"tw-data-text tw-text-large XcVN5d tw-ta\" dir=\"ltr\" data-placeholder=\"Vertaling\"><span lang=\"nl\">De<\/span> Papilio Uno Blok<span lang=\"nl\"> les chandeliers de Stelton apportent une ambiance festive entre vos quatre murs. L&rsquo;architecte danois Klaus Rath<\/span> a con\u00e7u un bougeoir organique et presque f\u00e9minin. Le chandelier rappelle \u00e9galement les ann\u00e9es 1950. De plus, la surface polie des bougeoirs refl\u00e8te la lumi\u00e8re et cr\u00e9e un \u00e9clat enchanteur.<\/p>\n<div class=\"description-action-box-text\">\n<h2>Sp\u00e9cification Bougeoir Stelton Classic Papilio Uno Block<\/h2>\n<p class=\"tw-data-text tw-text-large XcVN5d tw-ta\" dir=\"ltr\" data-placeholder=\"Vertaling\"><span lang=\"nl\">Ce chandelier a environ 2 ans et est en bon \u00e9tat. Le chandelier a le timbre Stelton sur le fond. <\/span><\/p>\n<p> Les dimensions de ce chandelier sont : <\/p>\n<ul>\n<li>Hauteur 4 cm.<\/li>\n<li>Largeur 12cm<\/li>\n<li>Profondeur 12 cm<\/li>\n<\/ul>\n<\/div>\n<h2>Histoire de Stelton<\/h2>\n<p id=\"tw-target-text\" class=\"tw-data-text tw-text-large XcVN5d tw-ta\" dir=\"ltr\" data-placeholder=\"Vertaling\"><span lang=\"nl\">Stellan et Carton ont cr\u00e9\u00e9 l&rsquo;une des marques de design les plus c\u00e9l\u00e8bres au Danemark : Stelton. Le nom est n\u00e9 de la fusion de leurs pr\u00e9noms. <\/span><span lang=\"nl\">La soci\u00e9t\u00e9 commerciale a vendu \u00e0 l&rsquo;origine <\/span><span lang=\"nl\">chaussures et meubles de sport. Les magasins ont vraiment d\u00e9marr\u00e9 lorsqu&rsquo;ils ont entendu parler d&rsquo;une petite usine \u00e0 F\u00e5revejle appel\u00e9e \u00ab\u00a0Dansk Rustfrit\u00a0\u00bb.<\/span><\/p>\n<p id=\"tw-target-text\" class=\"tw-data-text tw-text-large XcVN5d tw-ta\" dir=\"ltr\" data-placeholder=\"Vertaling\"><span lang=\"nl\">Dansk Rustfrit a produit des pi\u00e8ces de service populaires en acier inoxydable. Apr\u00e8s avoir conclu un accord avec Dansk Rustfrit, Stelton a lanc\u00e9 un bol \u00e0 sauce en acier inoxydable. Ce bol \u00e0 sauce s&rsquo;est vendu comme des petits pains dans les quincailleries danoises, et les bols sont \u00e9galement devenus un grand succ\u00e8s en dehors du Danemark. Au cours des ann\u00e9es qui ont suivi, Stelton est devenue l&rsquo;une des marques de design les plus connues du Danemark.<\/span><\/p>\n<p> Nous pouvons \u00e9galement avoir d&rsquo;autres produits Stelton <a href=\"https:\/\/deenswonen.nl\/product-categorie\/merken\/stelton\/\"><strong>disponibles<\/strong><\/a>. Le chandelier sera soigneusement emball\u00e9 et exp\u00e9di\u00e9 avec Post NL. Il est \u00e9galement possible de venir chercher sur rendez-vous \u00e0 Berkel en Rodenrijs.<\/p>\n","protected":false},"excerpt":{"rendered":"<p id=\"tw-target-text\" class=\"tw-data-text tw-text-large XcVN5d tw-ta\" dir=\"ltr\" data-placeholder=\"Vertaling\">Apportez de l&rsquo;ambiance dans votre maison avec le bougeoir Papilio Uno Blok de Stelton dans la couleur acier inoxydable poli. Ce bougeoir organique, plat et design compl\u00e8te votre set de table.<\/p>\n<ul>\n<li><strong>Conception scandinave<\/strong><\/li>\n<li><strong>Livraison internationale<\/strong><\/li>\n<li><strong>D\u00e9lai de r\u00e9flexion de 14 jours<\/strong><\/li>\n<\/ul>\n","protected":false},"featured_media":7242,"template":"","meta":[],"product_brand":[],"product_cat":[217,219,227,216],"product_tag":[250],"class_list":{"0":"post-7222","1":"product","2":"type-product","3":"status-publish","4":"has-post-thumbnail","6":"product_cat-chandeliers","7":"product_cat-populaire-fr","8":"product_cat-stelton-fr","9":"product_cat-vient-darriver-fr","10":"product_tag-argent","11":"thunk-woo-product-list","12":"opn-qv-enable","13":"top-store-woo-hover-swap","14":"top-store-single-product-tab-horizontal","15":"top-store-shadow-","16":"top-store-shadow-hover-","17":"top-store-swap-item-hover","19":"first","20":"instock","21":"taxable","22":"shipping-taxable","23":"purchasable","24":"product-type-simple"},"yoast_head":"<!-- This site is optimized with the Yoast SEO plugin v27.6 - https:\/\/yoast.com\/product\/yoast-seo-wordpress\/ -->\n<title>Vie danoise<\/title>\n<meta name=\"description\" content=\"Avec le chandelier Stelton Papilio Uno Blok de couleur acier inoxydable poli, vous apportez un bijou dans votre maison. Regardez-le ici ! \u221acommandez facilement en ligne\" \/>\n<meta name=\"robots\" content=\"index, follow, max-snippet:-1, max-image-preview:large, max-video-preview:-1\" \/>\n<link rel=\"canonical\" href=\"https:\/\/deenswonen.nl\/fr\/produit\/stelton-papilio-uno-block-bougeoir-acier-inoxydable-poli\/\" \/>\n<meta property=\"og:locale\" content=\"fr_FR\" \/>\n<meta property=\"og:type\" content=\"article\" \/>\n<meta property=\"og:description\" content=\"Avec le chandelier Stelton Papilio Uno Blok de couleur acier inoxydable poli, vous apportez un bijou dans votre maison. Regardez-le ici ! \u221acommandez facilement en ligne\" \/>\n<meta property=\"og:url\" content=\"https:\/\/deenswonen.nl\/fr\/produit\/stelton-papilio-uno-block-bougeoir-acier-inoxydable-poli\/\" \/>\n<meta property=\"og:site_name\" content=\"Vie danoise\" \/>\n<meta property=\"article:modified_time\" content=\"2024-07-25T18:12:45+00:00\" \/>\n<meta property=\"og:image\" content=\"https:\/\/deenswonen.nl\/wp-content\/uploads\/2022\/08\/8C22FBCF-4913-4F49-94E2-32D7F4F04B4C.jpeg\" \/>\n\t<meta property=\"og:image:width\" content=\"640\" \/>\n\t<meta property=\"og:image:height\" content=\"480\" \/>\n\t<meta property=\"og:image:type\" content=\"image\/jpeg\" \/>\n<meta name=\"twitter:card\" content=\"summary_large_image\" \/>\n<meta name=\"twitter:label1\" content=\"Dur\u00e9e de lecture estim\u00e9e\" \/>\n\t<meta name=\"twitter:data1\" content=\"2 minutes\" \/>\n<script type=\"application\/ld+json\" class=\"yoast-schema-graph\">{\"@context\":\"https:\\\/\\\/schema.org\",\"@graph\":[{\"@type\":\"WebPage\",\"@id\":\"https:\\\/\\\/deenswonen.nl\\\/fr\\\/produit\\\/stelton-papilio-uno-block-bougeoir-acier-inoxydable-poli\\\/\",\"url\":\"https:\\\/\\\/deenswonen.nl\\\/fr\\\/produit\\\/stelton-papilio-uno-block-bougeoir-acier-inoxydable-poli\\\/\",\"name\":\"\",\"isPartOf\":{\"@id\":\"https:\\\/\\\/deenswonen.nl\\\/fr\\\/#website\"},\"primaryImageOfPage\":{\"@id\":\"https:\\\/\\\/deenswonen.nl\\\/fr\\\/produit\\\/stelton-papilio-uno-block-bougeoir-acier-inoxydable-poli\\\/#primaryimage\"},\"image\":{\"@id\":\"https:\\\/\\\/deenswonen.nl\\\/fr\\\/produit\\\/stelton-papilio-uno-block-bougeoir-acier-inoxydable-poli\\\/#primaryimage\"},\"thumbnailUrl\":\"https:\\\/\\\/i0.wp.com\\\/deenswonen.nl\\\/wp-content\\\/uploads\\\/2022\\\/08\\\/8C22FBCF-4913-4F49-94E2-32D7F4F04B4C.jpeg?fit=640%2C480&ssl=1\",\"datePublished\":\"2022-08-17T05:25:14+00:00\",\"dateModified\":\"2024-07-25T18:12:45+00:00\",\"description\":\"Avec le chandelier Stelton Papilio Uno Blok de couleur acier inoxydable poli, vous apportez un bijou dans votre maison. Regardez-le ici ! \u221acommandez facilement en ligne\",\"breadcrumb\":{\"@id\":\"https:\\\/\\\/deenswonen.nl\\\/fr\\\/produit\\\/stelton-papilio-uno-block-bougeoir-acier-inoxydable-poli\\\/#breadcrumb\"},\"inLanguage\":\"fr-FR\",\"potentialAction\":[{\"@type\":\"ReadAction\",\"target\":[\"https:\\\/\\\/deenswonen.nl\\\/fr\\\/produit\\\/stelton-papilio-uno-block-bougeoir-acier-inoxydable-poli\\\/\"]}]},{\"@type\":\"ImageObject\",\"inLanguage\":\"fr-FR\",\"@id\":\"https:\\\/\\\/deenswonen.nl\\\/fr\\\/produit\\\/stelton-papilio-uno-block-bougeoir-acier-inoxydable-poli\\\/#primaryimage\",\"url\":\"https:\\\/\\\/i0.wp.com\\\/deenswonen.nl\\\/wp-content\\\/uploads\\\/2022\\\/08\\\/8C22FBCF-4913-4F49-94E2-32D7F4F04B4C.jpeg?fit=640%2C480&ssl=1\",\"contentUrl\":\"https:\\\/\\\/i0.wp.com\\\/deenswonen.nl\\\/wp-content\\\/uploads\\\/2022\\\/08\\\/8C22FBCF-4913-4F49-94E2-32D7F4F04B4C.jpeg?fit=640%2C480&ssl=1\",\"width\":640,\"height\":480,\"caption\":\"Image du chandelier Stelton Papilio Uno Block dans la version en acier inoxydable poli propos\u00e9e dans cette publicit\u00e9.\"},{\"@type\":\"BreadcrumbList\",\"@id\":\"https:\\\/\\\/deenswonen.nl\\\/fr\\\/produit\\\/stelton-papilio-uno-block-bougeoir-acier-inoxydable-poli\\\/#breadcrumb\",\"itemListElement\":[{\"@type\":\"ListItem\",\"position\":1,\"name\":\"Home\",\"item\":\"https:\\\/\\\/deenswonen.nl\\\/fr\\\/\"},{\"@type\":\"ListItem\",\"position\":2,\"name\":\"Winkel\",\"item\":\"https:\\\/\\\/deenswonen.nl\\\/winkel\\\/\"},{\"@type\":\"ListItem\",\"position\":3,\"name\":\"Stelton Papilio Uno Block Chandelier en acier inoxydable poli\"}]},{\"@type\":\"WebSite\",\"@id\":\"https:\\\/\\\/deenswonen.nl\\\/fr\\\/#website\",\"url\":\"https:\\\/\\\/deenswonen.nl\\\/fr\\\/\",\"name\":\"Deens wonen\",\"description\":\"Accessoires de maison vintage scandinaves\",\"publisher\":{\"@id\":\"https:\\\/\\\/deenswonen.nl\\\/fr\\\/#organization\"},\"potentialAction\":[{\"@type\":\"SearchAction\",\"target\":{\"@type\":\"EntryPoint\",\"urlTemplate\":\"https:\\\/\\\/deenswonen.nl\\\/fr\\\/?s={search_term_string}\"},\"query-input\":{\"@type\":\"PropertyValueSpecification\",\"valueRequired\":true,\"valueName\":\"search_term_string\"}}],\"inLanguage\":\"fr-FR\"},{\"@type\":\"Organization\",\"@id\":\"https:\\\/\\\/deenswonen.nl\\\/fr\\\/#organization\",\"name\":\"Vie danoise\",\"url\":\"https:\\\/\\\/deenswonen.nl\\\/fr\\\/\",\"logo\":{\"@type\":\"ImageObject\",\"inLanguage\":\"fr-FR\",\"@id\":\"https:\\\/\\\/deenswonen.nl\\\/fr\\\/#\\\/schema\\\/logo\\\/image\\\/\",\"url\":\"https:\\\/\\\/i0.wp.com\\\/deenswonen.nl\\\/wp-content\\\/uploads\\\/2021\\\/11\\\/51ECE736-8380-4D65-ACA6-DE74174F3C35_1_201_a.jpeg?fit=1200%2C675&ssl=1\",\"contentUrl\":\"https:\\\/\\\/i0.wp.com\\\/deenswonen.nl\\\/wp-content\\\/uploads\\\/2021\\\/11\\\/51ECE736-8380-4D65-ACA6-DE74174F3C35_1_201_a.jpeg?fit=1200%2C675&ssl=1\",\"width\":1200,\"height\":675,\"caption\":\"Vie danoise\"},\"image\":{\"@id\":\"https:\\\/\\\/deenswonen.nl\\\/fr\\\/#\\\/schema\\\/logo\\\/image\\\/\"}}]}<\/script>\n<!-- \/ Yoast SEO plugin. -->","yoast_head_json":{"title":"Vie danoise","description":"Avec le chandelier Stelton Papilio Uno Blok de couleur acier inoxydable poli, vous apportez un bijou dans votre maison. Regardez-le ici ! \u221acommandez facilement en ligne","robots":{"index":"index","follow":"follow","max-snippet":"max-snippet:-1","max-image-preview":"max-image-preview:large","max-video-preview":"max-video-preview:-1"},"canonical":"https:\/\/deenswonen.nl\/fr\/produit\/stelton-papilio-uno-block-bougeoir-acier-inoxydable-poli\/","og_locale":"fr_FR","og_type":"article","og_description":"Avec le chandelier Stelton Papilio Uno Blok de couleur acier inoxydable poli, vous apportez un bijou dans votre maison. Regardez-le ici ! \u221acommandez facilement en ligne","og_url":"https:\/\/deenswonen.nl\/fr\/produit\/stelton-papilio-uno-block-bougeoir-acier-inoxydable-poli\/","og_site_name":"Vie danoise","article_modified_time":"2024-07-25T18:12:45+00:00","og_image":[{"width":640,"height":480,"url":"https:\/\/deenswonen.nl\/wp-content\/uploads\/2022\/08\/8C22FBCF-4913-4F49-94E2-32D7F4F04B4C.jpeg","type":"image\/jpeg"}],"twitter_card":"summary_large_image","twitter_misc":{"Dur\u00e9e de lecture estim\u00e9e":"2 minutes"},"schema":{"@context":"https:\/\/schema.org","@graph":[{"@type":"WebPage","@id":"https:\/\/deenswonen.nl\/fr\/produit\/stelton-papilio-uno-block-bougeoir-acier-inoxydable-poli\/","url":"https:\/\/deenswonen.nl\/fr\/produit\/stelton-papilio-uno-block-bougeoir-acier-inoxydable-poli\/","name":"","isPartOf":{"@id":"https:\/\/deenswonen.nl\/fr\/#website"},"primaryImageOfPage":{"@id":"https:\/\/deenswonen.nl\/fr\/produit\/stelton-papilio-uno-block-bougeoir-acier-inoxydable-poli\/#primaryimage"},"image":{"@id":"https:\/\/deenswonen.nl\/fr\/produit\/stelton-papilio-uno-block-bougeoir-acier-inoxydable-poli\/#primaryimage"},"thumbnailUrl":"https:\/\/i0.wp.com\/deenswonen.nl\/wp-content\/uploads\/2022\/08\/8C22FBCF-4913-4F49-94E2-32D7F4F04B4C.jpeg?fit=640%2C480&ssl=1","datePublished":"2022-08-17T05:25:14+00:00","dateModified":"2024-07-25T18:12:45+00:00","description":"Avec le chandelier Stelton Papilio Uno Blok de couleur acier inoxydable poli, vous apportez un bijou dans votre maison. Regardez-le ici ! \u221acommandez facilement en ligne","breadcrumb":{"@id":"https:\/\/deenswonen.nl\/fr\/produit\/stelton-papilio-uno-block-bougeoir-acier-inoxydable-poli\/#breadcrumb"},"inLanguage":"fr-FR","potentialAction":[{"@type":"ReadAction","target":["https:\/\/deenswonen.nl\/fr\/produit\/stelton-papilio-uno-block-bougeoir-acier-inoxydable-poli\/"]}]},{"@type":"ImageObject","inLanguage":"fr-FR","@id":"https:\/\/deenswonen.nl\/fr\/produit\/stelton-papilio-uno-block-bougeoir-acier-inoxydable-poli\/#primaryimage","url":"https:\/\/i0.wp.com\/deenswonen.nl\/wp-content\/uploads\/2022\/08\/8C22FBCF-4913-4F49-94E2-32D7F4F04B4C.jpeg?fit=640%2C480&ssl=1","contentUrl":"https:\/\/i0.wp.com\/deenswonen.nl\/wp-content\/uploads\/2022\/08\/8C22FBCF-4913-4F49-94E2-32D7F4F04B4C.jpeg?fit=640%2C480&ssl=1","width":640,"height":480,"caption":"Image du chandelier Stelton Papilio Uno Block dans la version en acier inoxydable poli propos\u00e9e dans cette publicit\u00e9."},{"@type":"BreadcrumbList","@id":"https:\/\/deenswonen.nl\/fr\/produit\/stelton-papilio-uno-block-bougeoir-acier-inoxydable-poli\/#breadcrumb","itemListElement":[{"@type":"ListItem","position":1,"name":"Home","item":"https:\/\/deenswonen.nl\/fr\/"},{"@type":"ListItem","position":2,"name":"Winkel","item":"https:\/\/deenswonen.nl\/winkel\/"},{"@type":"ListItem","position":3,"name":"Stelton Papilio Uno Block Chandelier en acier inoxydable poli"}]},{"@type":"WebSite","@id":"https:\/\/deenswonen.nl\/fr\/#website","url":"https:\/\/deenswonen.nl\/fr\/","name":"Deens wonen","description":"Accessoires de maison vintage scandinaves","publisher":{"@id":"https:\/\/deenswonen.nl\/fr\/#organization"},"potentialAction":[{"@type":"SearchAction","target":{"@type":"EntryPoint","urlTemplate":"https:\/\/deenswonen.nl\/fr\/?s={search_term_string}"},"query-input":{"@type":"PropertyValueSpecification","valueRequired":true,"valueName":"search_term_string"}}],"inLanguage":"fr-FR"},{"@type":"Organization","@id":"https:\/\/deenswonen.nl\/fr\/#organization","name":"Vie danoise","url":"https:\/\/deenswonen.nl\/fr\/","logo":{"@type":"ImageObject","inLanguage":"fr-FR","@id":"https:\/\/deenswonen.nl\/fr\/#\/schema\/logo\/image\/","url":"https:\/\/i0.wp.com\/deenswonen.nl\/wp-content\/uploads\/2021\/11\/51ECE736-8380-4D65-ACA6-DE74174F3C35_1_201_a.jpeg?fit=1200%2C675&ssl=1","contentUrl":"https:\/\/i0.wp.com\/deenswonen.nl\/wp-content\/uploads\/2021\/11\/51ECE736-8380-4D65-ACA6-DE74174F3C35_1_201_a.jpeg?fit=1200%2C675&ssl=1","width":1200,"height":675,"caption":"Vie danoise"},"image":{"@id":"https:\/\/deenswonen.nl\/fr\/#\/schema\/logo\/image\/"}}]}},"jetpack_sharing_enabled":true,"_links":{"self":[{"href":"https:\/\/deenswonen.nl\/fr\/wp-json\/wp\/v2\/product\/7222","targetHints":{"allow":["GET"]}}],"collection":[{"href":"https:\/\/deenswonen.nl\/fr\/wp-json\/wp\/v2\/product"}],"about":[{"href":"https:\/\/deenswonen.nl\/fr\/wp-json\/wp\/v2\/types\/product"}],"wp:featuredmedia":[{"embeddable":true,"href":"https:\/\/deenswonen.nl\/fr\/wp-json\/wp\/v2\/media\/7242"}],"wp:attachment":[{"href":"https:\/\/deenswonen.nl\/fr\/wp-json\/wp\/v2\/media?parent=7222"}],"wp:term":[{"taxonomy":"product_brand","embeddable":true,"href":"https:\/\/deenswonen.nl\/fr\/wp-json\/wp\/v2\/product_brand?post=7222"},{"taxonomy":"product_cat","embeddable":true,"href":"https:\/\/deenswonen.nl\/fr\/wp-json\/wp\/v2\/product_cat?post=7222"},{"taxonomy":"product_tag","embeddable":true,"href":"https:\/\/deenswonen.nl\/fr\/wp-json\/wp\/v2\/product_tag?post=7222"}],"curies":[{"name":"wp","href":"https:\/\/api.w.org\/{rel}","templated":true}]}}