{"id":7034,"date":"2022-06-19T11:35:33","date_gmt":"2022-06-19T09:35:33","guid":{"rendered":"https:\/\/deenswonen.nl\/?post_type=product&#038;p=7034"},"modified":"2023-10-12T20:50:04","modified_gmt":"2023-10-12T18:50:04","slug":"iittala-arkipelago-chandelier-carre-2","status":"publish","type":"product","link":"https:\/\/deenswonen.nl\/fr\/produit\/iittala-arkipelago-chandelier-carre-2\/","title":{"rendered":"Iittala Arkipelago Bougeoir carr\u00e9"},"content":{"rendered":"<p>Le carr\u00e9 bougeoir Iittala Arkipelago de l&rsquo;artiste Timo Sarpaneva a \u00e9t\u00e9 introduit dans les ann\u00e9es 80. Dans les d\u00e9cennies qui ont suivi, le chandelier est devenu un incontournable du design finlandais moderne. L&rsquo;objet en verre avec sa forme ovale qui ressemble \u00e0 de la glace, ajoute un \u00e9l\u00e9ment unique et \u00e9l\u00e9gant \u00e0 n&rsquo;importe quel int\u00e9rieur. Les chandeliers sont de diff\u00e9rentes tailles et sont un r\u00e9gal pour les yeux seuls ou en groupe.<\/p>\n<p>L&rsquo;\u00e9l\u00e9gant carr\u00e9 de chandelier Iittala Arkipelago ajoute un \u00e9l\u00e9ment saisissant \u00e0 n&rsquo;importe quel int\u00e9rieur. Cr\u00e9e une ambiance douce. Un cadeau parfait pour les mariages, les anniversaires ou les anniversaires. Le chandelier ne convient qu&rsquo;aux bougies coniques.<\/p>\n<h2>Bougeoir design<span lang=\"nl\">Iittala Arkipelago carr\u00e9<\/span><\/h2>\n<p>Timo Sarpaneva a con\u00e7u le bougeoir Festivo quelques ann\u00e9es plus t\u00f4t. A l&rsquo;origine comme verre \u00e0 vin pour lui-m\u00eame. Le contenu d&rsquo;une bouteille de vin enti\u00e8re devait tenir dans un seul verre. Le r\u00e9sultat \u00e9tait un verre glac\u00e9 avec une structure rugueuse, dont le calice et la base ont \u00e9t\u00e9 souffl\u00e9s s\u00e9par\u00e9ment l&rsquo;un de l&rsquo;autre. Lorsque les pieds des verres ont \u00e9t\u00e9 s\u00e9par\u00e9s des calices dans l&rsquo;usine, l&rsquo;id\u00e9e est n\u00e9e de les utiliser comme chandelier &#8211; ainsi le prototype d&rsquo;un nouveau classique est n\u00e9. La s\u00e9rie <span lang=\"nl\">Festivo<\/span> est en production depuis 1967 et est \u00e0 juste titre une ic\u00f4ne dans l&rsquo;int\u00e9rieur finlandais.<\/p>\n<p>Pour ce bougeoir Arkipelago, il s&rsquo;est \u00e0 nouveau inspir\u00e9 du design du bougeoir Festivo. Cette fois avec un ext\u00e9rieur lisse, mais avec le m\u00eame aspect rugueux \u00e0 l&rsquo;int\u00e9rieur du chandelier.<\/p>\n<h2 class=\"tw-data-text tw-text-large XcVN5d tw-ta\" dir=\"ltr\" data-placeholder=\"Vertaling\"><span lang=\"nl\">Caract\u00e9ristiques <\/span><\/h2>\n<p class=\"tw-data-text tw-text-large XcVN5d tw-ta\" dir=\"ltr\" data-placeholder=\"Vertaling\"><span lang=\"nl\">Ce beau bougeoir est en bon \u00e9tat. La hauteur<\/span> <span lang=\"nl\">est de<\/span> <span lang=\"nl\">135 mm.<\/span><\/p>\n<p>Cette fois avec un ext\u00e9rieur lisse, mais avec le m\u00eame aspect rugueux \u00e0 l&rsquo;int\u00e9rieur du chandelier. Cela vous donnera une bonne impression de l&rsquo;\u00e9tat du chandelier. Nous pouvons avoir plusieurs mod\u00e8les avec diff\u00e9rentes dimensions de ce chandelier <strong><a href=\"https:\/\/deenswonen.nl\/product-categorie\/merken\/iittala\/\">disponibles<\/a><\/strong>.<\/p>\n<p>Nous exp\u00e9dions tous nos produits soigneusement emball\u00e9s. Nos produits peuvent \u00e9galement \u00eatre retir\u00e9s sur rendez-vous \u00e0 Berkel en Rodenrijs.<\/p>\n","protected":false},"excerpt":{"rendered":"<p>Le carr\u00e9 bougeoir Iittala Arkipelago de l&rsquo;artiste Timo Sarpaneva a \u00e9t\u00e9 introduit dans les ann\u00e9es 80. Dans les d\u00e9cennies qui ont suivi, le chandelier est devenu un incontournable du design finlandais moderne. L&rsquo;objet en verre avec sa forme triangulaire qui ressemble \u00e0 de la glace, ajoute un \u00e9l\u00e9ment unique et \u00e9l\u00e9gant \u00e0 n&rsquo;importe quel int\u00e9rieur. Les chandeliers sont de diff\u00e9rentes tailles et sont un r\u00e9gal pour les yeux seuls ou en groupe.<\/p>\n<p>L&rsquo;\u00e9l\u00e9gant carr\u00e9 de chandelier Iittala Arkipelago ajoute un \u00e9l\u00e9ment saisissant \u00e0 n&rsquo;importe quel int\u00e9rieur. Cr\u00e9e une ambiance douce. Un cadeau parfait pour les mariages, les anniversaires ou les anniversaires. Le chandelier ne convient qu&rsquo;aux bougies coniques.<\/p>\n<p class=\"tw-data-text tw-text-large XcVN5d tw-ta\" dir=\"ltr\" data-placeholder=\"Vertaling\"><span lang=\"nl\">Ce beau bougeoir est en bon \u00e9tat. Le chandelier n&rsquo;a aucun dommage ni \u00e9clat. La hauteur<\/span> <span lang=\"nl\">mesure<\/span> <span lang=\"nl\">135 mm de haut.<\/span><\/p>\n<p>Cette fois avec un ext\u00e9rieur lisse, mais avec le m\u00eame aspect rugueux \u00e0 l&rsquo;int\u00e9rieur du chandelier. Cela vous donnera une bonne impression de l&rsquo;\u00e9tat du chandelier. Nous pouvons avoir plusieurs mod\u00e8les <strong><a href=\"https:\/\/deenswonen.nl\/product-categorie\/merken\/iittala\/\">disponibles<\/a><\/strong> .<\/p>\n<p>&nbsp;<\/p>\n","protected":false},"featured_media":7037,"template":"","meta":[],"product_brand":[],"product_cat":[217,211,219,216],"product_tag":[],"class_list":{"0":"post-7034","1":"product","2":"type-product","3":"status-publish","4":"has-post-thumbnail","6":"product_cat-chandeliers","7":"product_cat-iittala-fr","8":"product_cat-populaire-fr","9":"product_cat-vient-darriver-fr","10":"thunk-woo-product-list","11":"opn-qv-enable","12":"top-store-woo-hover-swap","13":"top-store-single-product-tab-horizontal","14":"top-store-shadow-","15":"top-store-shadow-hover-","16":"top-store-swap-item-hover","18":"first","19":"outofstock","20":"taxable","21":"shipping-taxable","22":"purchasable","23":"product-type-simple"},"yoast_head":"<!-- This site is optimized with the Yoast SEO plugin v27.3 - https:\/\/yoast.com\/product\/yoast-seo-wordpress\/ -->\n<title>Iittala Arkipelago Bougeoir carr\u00e9 - Vintage - Voir notre collection<\/title>\n<meta name=\"description\" content=\"Le carr\u00e9 chandelier Iittala Arkipelago ajoute un \u00e9l\u00e9ment saisissant \u00e0 n&#039;importe quel int\u00e9rieur. Voir notre collection vintage Iittala ici.\" \/>\n<meta name=\"robots\" content=\"index, follow, max-snippet:-1, max-image-preview:large, max-video-preview:-1\" \/>\n<link rel=\"canonical\" href=\"https:\/\/deenswonen.nl\/fr\/produit\/iittala-arkipelago-chandelier-carre-2\/\" \/>\n<meta property=\"og:locale\" content=\"fr_FR\" \/>\n<meta property=\"og:type\" content=\"article\" \/>\n<meta property=\"og:title\" content=\"Iittala Arkipelago Bougeoir carr\u00e9 - Vintage - Voir notre collection\" \/>\n<meta property=\"og:description\" content=\"Le carr\u00e9 chandelier Iittala Arkipelago ajoute un \u00e9l\u00e9ment saisissant \u00e0 n&#039;importe quel int\u00e9rieur. Voir notre collection vintage Iittala ici.\" \/>\n<meta property=\"og:url\" content=\"https:\/\/deenswonen.nl\/fr\/produit\/iittala-arkipelago-chandelier-carre-2\/\" \/>\n<meta property=\"og:site_name\" content=\"Vie danoise\" \/>\n<meta property=\"article:modified_time\" content=\"2023-10-12T18:50:04+00:00\" \/>\n<meta property=\"og:image\" content=\"https:\/\/deenswonen.nl\/wp-content\/uploads\/2022\/06\/615E38CF-A996-46FA-99B6-50E7A04059EC.jpeg\" \/>\n\t<meta property=\"og:image:width\" content=\"480\" \/>\n\t<meta property=\"og:image:height\" content=\"640\" \/>\n\t<meta property=\"og:image:type\" content=\"image\/jpeg\" \/>\n<meta name=\"twitter:card\" content=\"summary_large_image\" \/>\n<meta name=\"twitter:label1\" content=\"Dur\u00e9e de lecture estim\u00e9e\" \/>\n\t<meta name=\"twitter:data1\" content=\"2 minutes\" \/>\n<script type=\"application\/ld+json\" class=\"yoast-schema-graph\">{\"@context\":\"https:\\\/\\\/schema.org\",\"@graph\":[{\"@type\":\"WebPage\",\"@id\":\"https:\\\/\\\/deenswonen.nl\\\/fr\\\/produit\\\/iittala-arkipelago-chandelier-carre-2\\\/\",\"url\":\"https:\\\/\\\/deenswonen.nl\\\/fr\\\/produit\\\/iittala-arkipelago-chandelier-carre-2\\\/\",\"name\":\"Iittala Arkipelago Bougeoir carr\u00e9 - Vintage - Voir notre collection\",\"isPartOf\":{\"@id\":\"https:\\\/\\\/deenswonen.nl\\\/fr\\\/#website\"},\"primaryImageOfPage\":{\"@id\":\"https:\\\/\\\/deenswonen.nl\\\/fr\\\/produit\\\/iittala-arkipelago-chandelier-carre-2\\\/#primaryimage\"},\"image\":{\"@id\":\"https:\\\/\\\/deenswonen.nl\\\/fr\\\/produit\\\/iittala-arkipelago-chandelier-carre-2\\\/#primaryimage\"},\"thumbnailUrl\":\"https:\\\/\\\/i0.wp.com\\\/deenswonen.nl\\\/wp-content\\\/uploads\\\/2022\\\/06\\\/615E38CF-A996-46FA-99B6-50E7A04059EC.jpeg?fit=480%2C640&ssl=1\",\"datePublished\":\"2022-06-19T09:35:33+00:00\",\"dateModified\":\"2023-10-12T18:50:04+00:00\",\"description\":\"Le carr\u00e9 chandelier Iittala Arkipelago ajoute un \u00e9l\u00e9ment saisissant \u00e0 n'importe quel int\u00e9rieur. Voir notre collection vintage Iittala ici.\",\"breadcrumb\":{\"@id\":\"https:\\\/\\\/deenswonen.nl\\\/fr\\\/produit\\\/iittala-arkipelago-chandelier-carre-2\\\/#breadcrumb\"},\"inLanguage\":\"fr-FR\",\"potentialAction\":[{\"@type\":\"ReadAction\",\"target\":[\"https:\\\/\\\/deenswonen.nl\\\/fr\\\/produit\\\/iittala-arkipelago-chandelier-carre-2\\\/\"]}]},{\"@type\":\"ImageObject\",\"inLanguage\":\"fr-FR\",\"@id\":\"https:\\\/\\\/deenswonen.nl\\\/fr\\\/produit\\\/iittala-arkipelago-chandelier-carre-2\\\/#primaryimage\",\"url\":\"https:\\\/\\\/i0.wp.com\\\/deenswonen.nl\\\/wp-content\\\/uploads\\\/2022\\\/06\\\/615E38CF-A996-46FA-99B6-50E7A04059EC.jpeg?fit=480%2C640&ssl=1\",\"contentUrl\":\"https:\\\/\\\/i0.wp.com\\\/deenswonen.nl\\\/wp-content\\\/uploads\\\/2022\\\/06\\\/615E38CF-A996-46FA-99B6-50E7A04059EC.jpeg?fit=480%2C640&ssl=1\",\"width\":480,\"height\":640,\"caption\":\"Afbeelding van de Iittala Arkipelago Kandelaar vierkant die in deze advertentie wordt aangeboden\"},{\"@type\":\"BreadcrumbList\",\"@id\":\"https:\\\/\\\/deenswonen.nl\\\/fr\\\/produit\\\/iittala-arkipelago-chandelier-carre-2\\\/#breadcrumb\",\"itemListElement\":[{\"@type\":\"ListItem\",\"position\":1,\"name\":\"Home\",\"item\":\"https:\\\/\\\/deenswonen.nl\\\/fr\\\/\"},{\"@type\":\"ListItem\",\"position\":2,\"name\":\"Winkel\",\"item\":\"https:\\\/\\\/deenswonen.nl\\\/winkel\\\/\"},{\"@type\":\"ListItem\",\"position\":3,\"name\":\"Iittala Arkipelago Bougeoir carr\u00e9\"}]},{\"@type\":\"WebSite\",\"@id\":\"https:\\\/\\\/deenswonen.nl\\\/fr\\\/#website\",\"url\":\"https:\\\/\\\/deenswonen.nl\\\/fr\\\/\",\"name\":\"Deens wonen\",\"description\":\"Accessoires de maison vintage scandinaves\",\"publisher\":{\"@id\":\"https:\\\/\\\/deenswonen.nl\\\/fr\\\/#organization\"},\"potentialAction\":[{\"@type\":\"SearchAction\",\"target\":{\"@type\":\"EntryPoint\",\"urlTemplate\":\"https:\\\/\\\/deenswonen.nl\\\/fr\\\/?s={search_term_string}\"},\"query-input\":{\"@type\":\"PropertyValueSpecification\",\"valueRequired\":true,\"valueName\":\"search_term_string\"}}],\"inLanguage\":\"fr-FR\"},{\"@type\":\"Organization\",\"@id\":\"https:\\\/\\\/deenswonen.nl\\\/fr\\\/#organization\",\"name\":\"Vie danoise\",\"url\":\"https:\\\/\\\/deenswonen.nl\\\/fr\\\/\",\"logo\":{\"@type\":\"ImageObject\",\"inLanguage\":\"fr-FR\",\"@id\":\"https:\\\/\\\/deenswonen.nl\\\/fr\\\/#\\\/schema\\\/logo\\\/image\\\/\",\"url\":\"https:\\\/\\\/i0.wp.com\\\/deenswonen.nl\\\/wp-content\\\/uploads\\\/2021\\\/11\\\/51ECE736-8380-4D65-ACA6-DE74174F3C35_1_201_a.jpeg?fit=1200%2C675&ssl=1\",\"contentUrl\":\"https:\\\/\\\/i0.wp.com\\\/deenswonen.nl\\\/wp-content\\\/uploads\\\/2021\\\/11\\\/51ECE736-8380-4D65-ACA6-DE74174F3C35_1_201_a.jpeg?fit=1200%2C675&ssl=1\",\"width\":1200,\"height\":675,\"caption\":\"Vie danoise\"},\"image\":{\"@id\":\"https:\\\/\\\/deenswonen.nl\\\/fr\\\/#\\\/schema\\\/logo\\\/image\\\/\"}}]}<\/script>\n<!-- \/ Yoast SEO plugin. -->","yoast_head_json":{"title":"Iittala Arkipelago Bougeoir carr\u00e9 - Vintage - Voir notre collection","description":"Le carr\u00e9 chandelier Iittala Arkipelago ajoute un \u00e9l\u00e9ment saisissant \u00e0 n'importe quel int\u00e9rieur. Voir notre collection vintage Iittala ici.","robots":{"index":"index","follow":"follow","max-snippet":"max-snippet:-1","max-image-preview":"max-image-preview:large","max-video-preview":"max-video-preview:-1"},"canonical":"https:\/\/deenswonen.nl\/fr\/produit\/iittala-arkipelago-chandelier-carre-2\/","og_locale":"fr_FR","og_type":"article","og_title":"Iittala Arkipelago Bougeoir carr\u00e9 - Vintage - Voir notre collection","og_description":"Le carr\u00e9 chandelier Iittala Arkipelago ajoute un \u00e9l\u00e9ment saisissant \u00e0 n'importe quel int\u00e9rieur. Voir notre collection vintage Iittala ici.","og_url":"https:\/\/deenswonen.nl\/fr\/produit\/iittala-arkipelago-chandelier-carre-2\/","og_site_name":"Vie danoise","article_modified_time":"2023-10-12T18:50:04+00:00","og_image":[{"width":480,"height":640,"url":"https:\/\/deenswonen.nl\/wp-content\/uploads\/2022\/06\/615E38CF-A996-46FA-99B6-50E7A04059EC.jpeg","type":"image\/jpeg"}],"twitter_card":"summary_large_image","twitter_misc":{"Dur\u00e9e de lecture estim\u00e9e":"2 minutes"},"schema":{"@context":"https:\/\/schema.org","@graph":[{"@type":"WebPage","@id":"https:\/\/deenswonen.nl\/fr\/produit\/iittala-arkipelago-chandelier-carre-2\/","url":"https:\/\/deenswonen.nl\/fr\/produit\/iittala-arkipelago-chandelier-carre-2\/","name":"Iittala Arkipelago Bougeoir carr\u00e9 - Vintage - Voir notre collection","isPartOf":{"@id":"https:\/\/deenswonen.nl\/fr\/#website"},"primaryImageOfPage":{"@id":"https:\/\/deenswonen.nl\/fr\/produit\/iittala-arkipelago-chandelier-carre-2\/#primaryimage"},"image":{"@id":"https:\/\/deenswonen.nl\/fr\/produit\/iittala-arkipelago-chandelier-carre-2\/#primaryimage"},"thumbnailUrl":"https:\/\/i0.wp.com\/deenswonen.nl\/wp-content\/uploads\/2022\/06\/615E38CF-A996-46FA-99B6-50E7A04059EC.jpeg?fit=480%2C640&ssl=1","datePublished":"2022-06-19T09:35:33+00:00","dateModified":"2023-10-12T18:50:04+00:00","description":"Le carr\u00e9 chandelier Iittala Arkipelago ajoute un \u00e9l\u00e9ment saisissant \u00e0 n'importe quel int\u00e9rieur. Voir notre collection vintage Iittala ici.","breadcrumb":{"@id":"https:\/\/deenswonen.nl\/fr\/produit\/iittala-arkipelago-chandelier-carre-2\/#breadcrumb"},"inLanguage":"fr-FR","potentialAction":[{"@type":"ReadAction","target":["https:\/\/deenswonen.nl\/fr\/produit\/iittala-arkipelago-chandelier-carre-2\/"]}]},{"@type":"ImageObject","inLanguage":"fr-FR","@id":"https:\/\/deenswonen.nl\/fr\/produit\/iittala-arkipelago-chandelier-carre-2\/#primaryimage","url":"https:\/\/i0.wp.com\/deenswonen.nl\/wp-content\/uploads\/2022\/06\/615E38CF-A996-46FA-99B6-50E7A04059EC.jpeg?fit=480%2C640&ssl=1","contentUrl":"https:\/\/i0.wp.com\/deenswonen.nl\/wp-content\/uploads\/2022\/06\/615E38CF-A996-46FA-99B6-50E7A04059EC.jpeg?fit=480%2C640&ssl=1","width":480,"height":640,"caption":"Afbeelding van de Iittala Arkipelago Kandelaar vierkant die in deze advertentie wordt aangeboden"},{"@type":"BreadcrumbList","@id":"https:\/\/deenswonen.nl\/fr\/produit\/iittala-arkipelago-chandelier-carre-2\/#breadcrumb","itemListElement":[{"@type":"ListItem","position":1,"name":"Home","item":"https:\/\/deenswonen.nl\/fr\/"},{"@type":"ListItem","position":2,"name":"Winkel","item":"https:\/\/deenswonen.nl\/winkel\/"},{"@type":"ListItem","position":3,"name":"Iittala Arkipelago Bougeoir carr\u00e9"}]},{"@type":"WebSite","@id":"https:\/\/deenswonen.nl\/fr\/#website","url":"https:\/\/deenswonen.nl\/fr\/","name":"Deens wonen","description":"Accessoires de maison vintage scandinaves","publisher":{"@id":"https:\/\/deenswonen.nl\/fr\/#organization"},"potentialAction":[{"@type":"SearchAction","target":{"@type":"EntryPoint","urlTemplate":"https:\/\/deenswonen.nl\/fr\/?s={search_term_string}"},"query-input":{"@type":"PropertyValueSpecification","valueRequired":true,"valueName":"search_term_string"}}],"inLanguage":"fr-FR"},{"@type":"Organization","@id":"https:\/\/deenswonen.nl\/fr\/#organization","name":"Vie danoise","url":"https:\/\/deenswonen.nl\/fr\/","logo":{"@type":"ImageObject","inLanguage":"fr-FR","@id":"https:\/\/deenswonen.nl\/fr\/#\/schema\/logo\/image\/","url":"https:\/\/i0.wp.com\/deenswonen.nl\/wp-content\/uploads\/2021\/11\/51ECE736-8380-4D65-ACA6-DE74174F3C35_1_201_a.jpeg?fit=1200%2C675&ssl=1","contentUrl":"https:\/\/i0.wp.com\/deenswonen.nl\/wp-content\/uploads\/2021\/11\/51ECE736-8380-4D65-ACA6-DE74174F3C35_1_201_a.jpeg?fit=1200%2C675&ssl=1","width":1200,"height":675,"caption":"Vie danoise"},"image":{"@id":"https:\/\/deenswonen.nl\/fr\/#\/schema\/logo\/image\/"}}]}},"jetpack_sharing_enabled":true,"_links":{"self":[{"href":"https:\/\/deenswonen.nl\/fr\/wp-json\/wp\/v2\/product\/7034","targetHints":{"allow":["GET"]}}],"collection":[{"href":"https:\/\/deenswonen.nl\/fr\/wp-json\/wp\/v2\/product"}],"about":[{"href":"https:\/\/deenswonen.nl\/fr\/wp-json\/wp\/v2\/types\/product"}],"wp:featuredmedia":[{"embeddable":true,"href":"https:\/\/deenswonen.nl\/fr\/wp-json\/wp\/v2\/media\/7037"}],"wp:attachment":[{"href":"https:\/\/deenswonen.nl\/fr\/wp-json\/wp\/v2\/media?parent=7034"}],"wp:term":[{"taxonomy":"product_brand","embeddable":true,"href":"https:\/\/deenswonen.nl\/fr\/wp-json\/wp\/v2\/product_brand?post=7034"},{"taxonomy":"product_cat","embeddable":true,"href":"https:\/\/deenswonen.nl\/fr\/wp-json\/wp\/v2\/product_cat?post=7034"},{"taxonomy":"product_tag","embeddable":true,"href":"https:\/\/deenswonen.nl\/fr\/wp-json\/wp\/v2\/product_tag?post=7034"}],"curies":[{"name":"wp","href":"https:\/\/api.w.org\/{rel}","templated":true}]}}