{"id":6649,"date":"2022-05-24T10:21:17","date_gmt":"2022-05-24T08:21:17","guid":{"rendered":"https:\/\/deenswonen.nl\/?post_type=product&#038;p=6649"},"modified":"2023-04-16T08:24:55","modified_gmt":"2023-04-16T06:24:55","slug":"vintage-nilsjohan-suede-plat-a-four-ovale-moyen","status":"publish","type":"product","link":"https:\/\/deenswonen.nl\/fr\/produit\/vintage-nilsjohan-suede-plat-a-four-ovale-moyen\/","title":{"rendered":"Vintage Nilsjohan Su\u00e8de plat \u00e0 four ovale moyen"},"content":{"rendered":"<h1>Vintage Nilsjohan Su\u00e8de plat \u00e0 four ovale moyen<\/h1>\n<p>Beau plat \u00e0 four vintage Nilsjohan Sweden ovale. Cet ensemble est la pi\u00e8ce ma\u00eetresse de chaque table. Le verre est adapt\u00e9 pour une utilisation au four. Les accents de cuivre en combinaison avec le verre donnent \u00e0 cet ensemble un look intemporel. Le bol convient pour servir de d\u00e9licieux plats au four.<\/p>\n<p>L&rsquo;\u00e9l\u00e9gant plat de cuisson ajoute un \u00e9l\u00e9ment subtil \u00e0 tout d\u00eener. Servez une d\u00e9licieuse lasagne ou un d\u00e9licieux plat au four. Le support en laiton et en cuivre qui l&rsquo;accompagne compl\u00e8te ce plat \u00e0 four. En plus de ce produit, Nilsjohan a \u00e9galement publi\u00e9 divers autres plats \u00e0 four et m\u00eame un bol \u00e0 punch dans cette s\u00e9rie.<\/p>\n<p>Cet ensemble cr\u00e9e une ambiance douce avec son design \u00e9pur\u00e9 mais organique. Un cadeau parfait pour les mariages, les anniversaires ou les anniversaires.<\/p>\n<h2>Histoire Nilsjohan<\/h2>\n<p>Nilsjohan est un fabricant su\u00e9dois d&rsquo;accessoires de cuisine. La soci\u00e9t\u00e9 a \u00e9t\u00e9 fond\u00e9e en 1888 par Wilson et Johansson sous le nom : Nilsson och Johansson. Dans les ann\u00e9es 1950, le nom a \u00e9t\u00e9 chang\u00e9 en AB Nilsjohan. Les produits de cette marque ont leur propre style et classe, combin\u00e9s \u00e0 un design intemporel. Divers plats \u00e0 four de cette s\u00e9rie ont \u00e9galement \u00e9t\u00e9 publi\u00e9s par Nilsjohan. Nous en proposons \u00e9galement r\u00e9guli\u00e8rement. Finalement, le fabricant a \u00e9t\u00e9 repris par la soci\u00e9t\u00e9 finlandaise Iittala.<\/p>\n<h2 class=\"tw-data-text tw-text-large XcVN5d tw-ta\" dir=\"ltr\" data-placeholder=\"Vertaling\"><span lang=\"nl\">Sp\u00e9cifications<\/span> Nilsjohan Sweden plat \u00e0 four ovale<\/h2>\n<p class=\"tw-data-text tw-text-large XcVN5d tw-ta\" dir=\"ltr\" data-placeholder=\"Vertaling\"><span lang=\"nl\">Ce beau plat de cuisson Nilsjohan Sweden avec support en cuivre et laiton assorti a environ 40 ans et est en bon \u00e9tat. Le verre n&rsquo;a aucun dommage ni \u00e9clat. <\/span><\/p>\n<p class=\"tw-data-text tw-text-large XcVN5d tw-ta\" dir=\"ltr\" data-placeholder=\"Vertaling\"><span lang=\"nl\">Les mesures sont :<\/span><\/p>\n<p dir=\"ltr\" data-placeholder=\"Vertaling\">Du titulaire :<br \/>\nLargeur 36 cm<br \/>\nProfondeur 21,5 cm<br \/>\nHauteur 6cm<\/p>\n<p dir=\"ltr\" data-placeholder=\"Vertaling\">A partir de l&rsquo;\u00e9chelle :<\/p>\n<p dir=\"ltr\" data-placeholder=\"Vertaling\">Largeur : 30cm<br \/>\nProfondeur : 21 cm<br \/>\nHauteur : 6cm<\/p>\n<p>Cet ensemble a environ 40 ans, c&rsquo;est pourquoi nous vous demandons de bien regarder les photos. Cela vous donnera une bonne impression de l&rsquo;\u00e9tat. Nous pouvons \u00e9galement avoir plus de fournitures de cuisine vintage <strong><a href=\"https:\/\/deenswonen.nl\/product-categorie\/producten\/keukenbenodigdheden\/\">disponibles<\/a><\/strong> .<\/p>\n<p>Nous exp\u00e9dions tous nos produits soigneusement emball\u00e9s. Nos produits peuvent \u00e9galement \u00eatre retir\u00e9s sur rendez-vous \u00e0 Berkel en Rodenrijs.<\/p>\n<p>&nbsp;<\/p>\n","protected":false},"excerpt":{"rendered":"<p>Beau plat \u00e0 four vintage Nilsjohan Sweden ovale avec support assorti. Cet ensemble est la pi\u00e8ce ma\u00eetresse de chaque table.<\/p>\n<p>&nbsp;<\/p>\n<ul>\n<li><strong>Conception scandinave<\/strong><\/li>\n<li><strong>Livraison internationale<\/strong><\/li>\n<li><strong>D\u00e9lai de r\u00e9flexion de 14 jours<\/strong><\/li>\n<\/ul>\n","protected":false},"featured_media":6701,"template":"","meta":[],"product_brand":[],"product_cat":[243,219,228,216],"product_tag":[244],"class_list":{"0":"post-6649","1":"product","2":"type-product","3":"status-publish","4":"has-post-thumbnail","6":"product_cat-nilsjohan","7":"product_cat-populaire-fr","8":"product_cat-ustensiles-de-cuisine","9":"product_cat-vient-darriver-fr","10":"product_tag-acheteur","11":"thunk-woo-product-list","12":"opn-qv-enable","13":"top-store-woo-hover-swap","14":"top-store-single-product-tab-horizontal","15":"top-store-shadow-","16":"top-store-shadow-hover-","17":"top-store-swap-item-hover","19":"first","20":"instock","21":"taxable","22":"shipping-taxable","23":"purchasable","24":"product-type-simple"},"yoast_head":"<!-- This site is optimized with the Yoast SEO plugin v27.3 - https:\/\/yoast.com\/product\/yoast-seo-wordpress\/ -->\n<title>Vie danoise<\/title>\n<meta name=\"description\" content=\"Beau plat \u00e0 four vintage Nilsjohan Sweden ovale avec le support correspondant. Cet ensemble est la pi\u00e8ce ma\u00eetresse de chaque table. Regardez ici\" \/>\n<meta name=\"robots\" content=\"index, follow, max-snippet:-1, max-image-preview:large, max-video-preview:-1\" \/>\n<link rel=\"canonical\" href=\"https:\/\/deenswonen.nl\/fr\/produit\/vintage-nilsjohan-suede-plat-a-four-ovale-moyen\/\" \/>\n<meta property=\"og:locale\" content=\"fr_FR\" \/>\n<meta property=\"og:type\" content=\"article\" \/>\n<meta property=\"og:description\" content=\"Beau plat \u00e0 four vintage Nilsjohan Sweden ovale avec le support correspondant. Cet ensemble est la pi\u00e8ce ma\u00eetresse de chaque table. Regardez ici\" \/>\n<meta property=\"og:url\" content=\"https:\/\/deenswonen.nl\/fr\/produit\/vintage-nilsjohan-suede-plat-a-four-ovale-moyen\/\" \/>\n<meta property=\"og:site_name\" content=\"Vie danoise\" \/>\n<meta property=\"article:modified_time\" content=\"2023-04-16T06:24:55+00:00\" \/>\n<meta property=\"og:image\" content=\"https:\/\/deenswonen.nl\/wp-content\/uploads\/2022\/05\/1C14BED7-0D47-46B0-A5A8-673A8FBAA386.jpeg\" \/>\n\t<meta property=\"og:image:width\" content=\"640\" \/>\n\t<meta property=\"og:image:height\" content=\"480\" \/>\n\t<meta property=\"og:image:type\" content=\"image\/jpeg\" \/>\n<meta name=\"twitter:card\" content=\"summary_large_image\" \/>\n<meta name=\"twitter:label1\" content=\"Dur\u00e9e de lecture estim\u00e9e\" \/>\n\t<meta name=\"twitter:data1\" content=\"2 minutes\" \/>\n<script type=\"application\/ld+json\" class=\"yoast-schema-graph\">{\"@context\":\"https:\\\/\\\/schema.org\",\"@graph\":[{\"@type\":\"WebPage\",\"@id\":\"https:\\\/\\\/deenswonen.nl\\\/fr\\\/produit\\\/vintage-nilsjohan-suede-plat-a-four-ovale-moyen\\\/\",\"url\":\"https:\\\/\\\/deenswonen.nl\\\/fr\\\/produit\\\/vintage-nilsjohan-suede-plat-a-four-ovale-moyen\\\/\",\"name\":\"\",\"isPartOf\":{\"@id\":\"https:\\\/\\\/deenswonen.nl\\\/fr\\\/#website\"},\"primaryImageOfPage\":{\"@id\":\"https:\\\/\\\/deenswonen.nl\\\/fr\\\/produit\\\/vintage-nilsjohan-suede-plat-a-four-ovale-moyen\\\/#primaryimage\"},\"image\":{\"@id\":\"https:\\\/\\\/deenswonen.nl\\\/fr\\\/produit\\\/vintage-nilsjohan-suede-plat-a-four-ovale-moyen\\\/#primaryimage\"},\"thumbnailUrl\":\"https:\\\/\\\/i0.wp.com\\\/deenswonen.nl\\\/wp-content\\\/uploads\\\/2022\\\/05\\\/1C14BED7-0D47-46B0-A5A8-673A8FBAA386.jpeg?fit=640%2C480&ssl=1\",\"datePublished\":\"2022-05-24T08:21:17+00:00\",\"dateModified\":\"2023-04-16T06:24:55+00:00\",\"description\":\"Beau plat \u00e0 four vintage Nilsjohan Sweden ovale avec le support correspondant. Cet ensemble est la pi\u00e8ce ma\u00eetresse de chaque table. Regardez ici\",\"breadcrumb\":{\"@id\":\"https:\\\/\\\/deenswonen.nl\\\/fr\\\/produit\\\/vintage-nilsjohan-suede-plat-a-four-ovale-moyen\\\/#breadcrumb\"},\"inLanguage\":\"fr-FR\",\"potentialAction\":[{\"@type\":\"ReadAction\",\"target\":[\"https:\\\/\\\/deenswonen.nl\\\/fr\\\/produit\\\/vintage-nilsjohan-suede-plat-a-four-ovale-moyen\\\/\"]}]},{\"@type\":\"ImageObject\",\"inLanguage\":\"fr-FR\",\"@id\":\"https:\\\/\\\/deenswonen.nl\\\/fr\\\/produit\\\/vintage-nilsjohan-suede-plat-a-four-ovale-moyen\\\/#primaryimage\",\"url\":\"https:\\\/\\\/i0.wp.com\\\/deenswonen.nl\\\/wp-content\\\/uploads\\\/2022\\\/05\\\/1C14BED7-0D47-46B0-A5A8-673A8FBAA386.jpeg?fit=640%2C480&ssl=1\",\"contentUrl\":\"https:\\\/\\\/i0.wp.com\\\/deenswonen.nl\\\/wp-content\\\/uploads\\\/2022\\\/05\\\/1C14BED7-0D47-46B0-A5A8-673A8FBAA386.jpeg?fit=640%2C480&ssl=1\",\"width\":640,\"height\":480,\"caption\":\"Image du plat de cuisson Nilsjohan vintage en cuivre et laiton de forme ovale propos\u00e9 dans cette publicit\u00e9.\"},{\"@type\":\"BreadcrumbList\",\"@id\":\"https:\\\/\\\/deenswonen.nl\\\/fr\\\/produit\\\/vintage-nilsjohan-suede-plat-a-four-ovale-moyen\\\/#breadcrumb\",\"itemListElement\":[{\"@type\":\"ListItem\",\"position\":1,\"name\":\"Home\",\"item\":\"https:\\\/\\\/deenswonen.nl\\\/fr\\\/\"},{\"@type\":\"ListItem\",\"position\":2,\"name\":\"Winkel\",\"item\":\"https:\\\/\\\/deenswonen.nl\\\/winkel\\\/\"},{\"@type\":\"ListItem\",\"position\":3,\"name\":\"Vintage Nilsjohan Su\u00e8de plat \u00e0 four ovale moyen\"}]},{\"@type\":\"WebSite\",\"@id\":\"https:\\\/\\\/deenswonen.nl\\\/fr\\\/#website\",\"url\":\"https:\\\/\\\/deenswonen.nl\\\/fr\\\/\",\"name\":\"Deens wonen\",\"description\":\"Accessoires de maison vintage scandinaves\",\"publisher\":{\"@id\":\"https:\\\/\\\/deenswonen.nl\\\/fr\\\/#organization\"},\"potentialAction\":[{\"@type\":\"SearchAction\",\"target\":{\"@type\":\"EntryPoint\",\"urlTemplate\":\"https:\\\/\\\/deenswonen.nl\\\/fr\\\/?s={search_term_string}\"},\"query-input\":{\"@type\":\"PropertyValueSpecification\",\"valueRequired\":true,\"valueName\":\"search_term_string\"}}],\"inLanguage\":\"fr-FR\"},{\"@type\":\"Organization\",\"@id\":\"https:\\\/\\\/deenswonen.nl\\\/fr\\\/#organization\",\"name\":\"Vie danoise\",\"url\":\"https:\\\/\\\/deenswonen.nl\\\/fr\\\/\",\"logo\":{\"@type\":\"ImageObject\",\"inLanguage\":\"fr-FR\",\"@id\":\"https:\\\/\\\/deenswonen.nl\\\/fr\\\/#\\\/schema\\\/logo\\\/image\\\/\",\"url\":\"https:\\\/\\\/i0.wp.com\\\/deenswonen.nl\\\/wp-content\\\/uploads\\\/2021\\\/11\\\/51ECE736-8380-4D65-ACA6-DE74174F3C35_1_201_a.jpeg?fit=1200%2C675&ssl=1\",\"contentUrl\":\"https:\\\/\\\/i0.wp.com\\\/deenswonen.nl\\\/wp-content\\\/uploads\\\/2021\\\/11\\\/51ECE736-8380-4D65-ACA6-DE74174F3C35_1_201_a.jpeg?fit=1200%2C675&ssl=1\",\"width\":1200,\"height\":675,\"caption\":\"Vie danoise\"},\"image\":{\"@id\":\"https:\\\/\\\/deenswonen.nl\\\/fr\\\/#\\\/schema\\\/logo\\\/image\\\/\"}}]}<\/script>\n<!-- \/ Yoast SEO plugin. -->","yoast_head_json":{"title":"Vie danoise","description":"Beau plat \u00e0 four vintage Nilsjohan Sweden ovale avec le support correspondant. Cet ensemble est la pi\u00e8ce ma\u00eetresse de chaque table. Regardez ici","robots":{"index":"index","follow":"follow","max-snippet":"max-snippet:-1","max-image-preview":"max-image-preview:large","max-video-preview":"max-video-preview:-1"},"canonical":"https:\/\/deenswonen.nl\/fr\/produit\/vintage-nilsjohan-suede-plat-a-four-ovale-moyen\/","og_locale":"fr_FR","og_type":"article","og_description":"Beau plat \u00e0 four vintage Nilsjohan Sweden ovale avec le support correspondant. Cet ensemble est la pi\u00e8ce ma\u00eetresse de chaque table. Regardez ici","og_url":"https:\/\/deenswonen.nl\/fr\/produit\/vintage-nilsjohan-suede-plat-a-four-ovale-moyen\/","og_site_name":"Vie danoise","article_modified_time":"2023-04-16T06:24:55+00:00","og_image":[{"width":640,"height":480,"url":"https:\/\/deenswonen.nl\/wp-content\/uploads\/2022\/05\/1C14BED7-0D47-46B0-A5A8-673A8FBAA386.jpeg","type":"image\/jpeg"}],"twitter_card":"summary_large_image","twitter_misc":{"Dur\u00e9e de lecture estim\u00e9e":"2 minutes"},"schema":{"@context":"https:\/\/schema.org","@graph":[{"@type":"WebPage","@id":"https:\/\/deenswonen.nl\/fr\/produit\/vintage-nilsjohan-suede-plat-a-four-ovale-moyen\/","url":"https:\/\/deenswonen.nl\/fr\/produit\/vintage-nilsjohan-suede-plat-a-four-ovale-moyen\/","name":"","isPartOf":{"@id":"https:\/\/deenswonen.nl\/fr\/#website"},"primaryImageOfPage":{"@id":"https:\/\/deenswonen.nl\/fr\/produit\/vintage-nilsjohan-suede-plat-a-four-ovale-moyen\/#primaryimage"},"image":{"@id":"https:\/\/deenswonen.nl\/fr\/produit\/vintage-nilsjohan-suede-plat-a-four-ovale-moyen\/#primaryimage"},"thumbnailUrl":"https:\/\/i0.wp.com\/deenswonen.nl\/wp-content\/uploads\/2022\/05\/1C14BED7-0D47-46B0-A5A8-673A8FBAA386.jpeg?fit=640%2C480&ssl=1","datePublished":"2022-05-24T08:21:17+00:00","dateModified":"2023-04-16T06:24:55+00:00","description":"Beau plat \u00e0 four vintage Nilsjohan Sweden ovale avec le support correspondant. Cet ensemble est la pi\u00e8ce ma\u00eetresse de chaque table. Regardez ici","breadcrumb":{"@id":"https:\/\/deenswonen.nl\/fr\/produit\/vintage-nilsjohan-suede-plat-a-four-ovale-moyen\/#breadcrumb"},"inLanguage":"fr-FR","potentialAction":[{"@type":"ReadAction","target":["https:\/\/deenswonen.nl\/fr\/produit\/vintage-nilsjohan-suede-plat-a-four-ovale-moyen\/"]}]},{"@type":"ImageObject","inLanguage":"fr-FR","@id":"https:\/\/deenswonen.nl\/fr\/produit\/vintage-nilsjohan-suede-plat-a-four-ovale-moyen\/#primaryimage","url":"https:\/\/i0.wp.com\/deenswonen.nl\/wp-content\/uploads\/2022\/05\/1C14BED7-0D47-46B0-A5A8-673A8FBAA386.jpeg?fit=640%2C480&ssl=1","contentUrl":"https:\/\/i0.wp.com\/deenswonen.nl\/wp-content\/uploads\/2022\/05\/1C14BED7-0D47-46B0-A5A8-673A8FBAA386.jpeg?fit=640%2C480&ssl=1","width":640,"height":480,"caption":"Image du plat de cuisson Nilsjohan vintage en cuivre et laiton de forme ovale propos\u00e9 dans cette publicit\u00e9."},{"@type":"BreadcrumbList","@id":"https:\/\/deenswonen.nl\/fr\/produit\/vintage-nilsjohan-suede-plat-a-four-ovale-moyen\/#breadcrumb","itemListElement":[{"@type":"ListItem","position":1,"name":"Home","item":"https:\/\/deenswonen.nl\/fr\/"},{"@type":"ListItem","position":2,"name":"Winkel","item":"https:\/\/deenswonen.nl\/winkel\/"},{"@type":"ListItem","position":3,"name":"Vintage Nilsjohan Su\u00e8de plat \u00e0 four ovale moyen"}]},{"@type":"WebSite","@id":"https:\/\/deenswonen.nl\/fr\/#website","url":"https:\/\/deenswonen.nl\/fr\/","name":"Deens wonen","description":"Accessoires de maison vintage scandinaves","publisher":{"@id":"https:\/\/deenswonen.nl\/fr\/#organization"},"potentialAction":[{"@type":"SearchAction","target":{"@type":"EntryPoint","urlTemplate":"https:\/\/deenswonen.nl\/fr\/?s={search_term_string}"},"query-input":{"@type":"PropertyValueSpecification","valueRequired":true,"valueName":"search_term_string"}}],"inLanguage":"fr-FR"},{"@type":"Organization","@id":"https:\/\/deenswonen.nl\/fr\/#organization","name":"Vie danoise","url":"https:\/\/deenswonen.nl\/fr\/","logo":{"@type":"ImageObject","inLanguage":"fr-FR","@id":"https:\/\/deenswonen.nl\/fr\/#\/schema\/logo\/image\/","url":"https:\/\/i0.wp.com\/deenswonen.nl\/wp-content\/uploads\/2021\/11\/51ECE736-8380-4D65-ACA6-DE74174F3C35_1_201_a.jpeg?fit=1200%2C675&ssl=1","contentUrl":"https:\/\/i0.wp.com\/deenswonen.nl\/wp-content\/uploads\/2021\/11\/51ECE736-8380-4D65-ACA6-DE74174F3C35_1_201_a.jpeg?fit=1200%2C675&ssl=1","width":1200,"height":675,"caption":"Vie danoise"},"image":{"@id":"https:\/\/deenswonen.nl\/fr\/#\/schema\/logo\/image\/"}}]}},"jetpack_sharing_enabled":true,"_links":{"self":[{"href":"https:\/\/deenswonen.nl\/fr\/wp-json\/wp\/v2\/product\/6649","targetHints":{"allow":["GET"]}}],"collection":[{"href":"https:\/\/deenswonen.nl\/fr\/wp-json\/wp\/v2\/product"}],"about":[{"href":"https:\/\/deenswonen.nl\/fr\/wp-json\/wp\/v2\/types\/product"}],"wp:featuredmedia":[{"embeddable":true,"href":"https:\/\/deenswonen.nl\/fr\/wp-json\/wp\/v2\/media\/6701"}],"wp:attachment":[{"href":"https:\/\/deenswonen.nl\/fr\/wp-json\/wp\/v2\/media?parent=6649"}],"wp:term":[{"taxonomy":"product_brand","embeddable":true,"href":"https:\/\/deenswonen.nl\/fr\/wp-json\/wp\/v2\/product_brand?post=6649"},{"taxonomy":"product_cat","embeddable":true,"href":"https:\/\/deenswonen.nl\/fr\/wp-json\/wp\/v2\/product_cat?post=6649"},{"taxonomy":"product_tag","embeddable":true,"href":"https:\/\/deenswonen.nl\/fr\/wp-json\/wp\/v2\/product_tag?post=6649"}],"curies":[{"name":"wp","href":"https:\/\/api.w.org\/{rel}","templated":true}]}}