{"id":6492,"date":"2022-02-13T20:24:54","date_gmt":"2022-02-13T19:24:54","guid":{"rendered":"https:\/\/deenswonen.nl\/product\/chandelier-iittala-arkipelago-135-mm\/"},"modified":"2023-04-16T09:13:23","modified_gmt":"2023-04-16T07:13:23","slug":"iittala-arkipelago-chandelier-135-mm-jpg","status":"publish","type":"product","link":"https:\/\/deenswonen.nl\/fr\/produit\/iittala-arkipelago-chandelier-135-mm-jpg\/","title":{"rendered":"Chandelier Iittala Arkipelago 135 mm"},"content":{"rendered":"<p>Le bougeoir Iittala Arkipelago 135 mm de l&rsquo;artiste Timo Sarpaneva a \u00e9t\u00e9 introduit dans les ann\u00e9es 80. Dans les d\u00e9cennies qui ont suivi, le chandelier est devenu un incontournable du design finlandais moderne. L&rsquo;objet en verre avec sa forme triangulaire qui ressemble \u00e0 de la glace, ajoute un \u00e9l\u00e9ment unique et \u00e9l\u00e9gant \u00e0 n&rsquo;importe quel int\u00e9rieur. Les chandeliers sont de diff\u00e9rentes tailles et sont un r\u00e9gal pour les yeux seuls ou en groupe.<\/p>\n<p>L&rsquo;\u00e9l\u00e9gant bougeoir Iittala Arkipelago de 135 mm ajoute un \u00e9l\u00e9ment saisissant \u00e0 n&rsquo;importe quel int\u00e9rieur. Cr\u00e9e une ambiance douce. Un cadeau parfait pour les mariages, les anniversaires ou les anniversaires. Le chandelier ne convient qu&rsquo;aux bougies coniques.<\/p>\n<h2>Bougeoir design <span lang=\"nl\">Iittala Arkipelago<\/span> <\/h2>\n<p>Timo Sarpaneva a con\u00e7u le bougeoir Festivo quelques ann\u00e9es plus t\u00f4t. A l&rsquo;origine comme verre \u00e0 vin pour lui-m\u00eame. Le contenu d&rsquo;une bouteille de vin enti\u00e8re devait tenir dans un seul verre. Le r\u00e9sultat \u00e9tait un verre glac\u00e9 avec une structure rugueuse, dont le calice et la base ont \u00e9t\u00e9 souffl\u00e9s s\u00e9par\u00e9ment l&rsquo;un de l&rsquo;autre. Lorsque les pieds des verres ont \u00e9t\u00e9 s\u00e9par\u00e9s des calices dans l&rsquo;usine, l&rsquo;id\u00e9e est n\u00e9e de les utiliser comme chandelier &#8211; ainsi le prototype d&rsquo;un nouveau classique est n\u00e9. La s\u00e9rie Festivo est en production depuis 1967 et est \u00e0 juste titre une ic\u00f4ne dans l&rsquo;int\u00e9rieur finlandais.<\/p>\n<p>Pour ce bougeoir Arkipelago, il s&rsquo;est \u00e0 nouveau inspir\u00e9 du design du bougeoir Festivo. Cette fois avec un ext\u00e9rieur lisse, mais avec le m\u00eame aspect rugueux \u00e0 l&rsquo;int\u00e9rieur du chandelier.<\/p>\n<h2 id=\"tw-target-text\" class=\"tw-data-text tw-text-large XcVN5d tw-ta\" dir=\"ltr\" data-placeholder=\"Vertaling\"><span lang=\"nl\">Sp\u00e9cifications Iittala Archipelago<\/span><\/h2>\n<p class=\"tw-data-text tw-text-large XcVN5d tw-ta\" dir=\"ltr\" data-placeholder=\"Vertaling\"><span lang=\"nl\">Ce beau bougeoir est en bon \u00e9tat. Le chandelier n&rsquo;a aucun dommage ni \u00e9clat. La hauteur<\/span> <span lang=\"nl\">mesure<\/span> <span lang=\"nl\">135 mm de haut.<\/span><\/p>\n<p>Cette fois avec un ext\u00e9rieur lisse, mais avec le m\u00eame aspect rugueux \u00e0 l&rsquo;int\u00e9rieur du chandelier. Cela vous donnera une bonne impression de l&rsquo;\u00e9tat du chandelier. Nous pouvons avoir plusieurs mod\u00e8les avec diff\u00e9rentes dimensions de ce chandelier <a href=\"https:\/\/deenswonen.nl\/product-categorie\/merken\/iittala\/\">disponibles<\/a>.<\/p>\n<p>Nous exp\u00e9dions tous nos produits soigneusement emball\u00e9s. Nos produits peuvent \u00e9galement \u00eatre retir\u00e9s sur rendez-vous \u00e0 Berkel en Rodenrijs.<\/p>\n","protected":false},"excerpt":{"rendered":"<p>Le bougeoir Iittala Arkipelago 135 mm de l&rsquo;artiste Timo Sarpaneva a \u00e9t\u00e9 introduit dans les ann\u00e9es 80. Dans les d\u00e9cennies qui ont suivi, le chandelier est devenu un incontournable du design finlandais moderne. L&rsquo;objet en verre avec sa forme triangulaire qui ressemble \u00e0 de la glace, ajoute un \u00e9l\u00e9ment unique et \u00e9l\u00e9gant \u00e0 n&rsquo;importe quel int\u00e9rieur. Les chandeliers sont de diff\u00e9rentes tailles et sont un r\u00e9gal pour les yeux seuls ou en groupe.<\/p>\n<p>L&rsquo;\u00e9l\u00e9gant bougeoir Iittala Arkipelago de 135 mm ajoute un \u00e9l\u00e9ment saisissant \u00e0 n&rsquo;importe quel int\u00e9rieur. Cr\u00e9e une ambiance douce. Un cadeau parfait pour les mariages, les anniversaires ou les anniversaires. Le chandelier ne convient qu&rsquo;aux bougies coniques.<\/p>\n<p class=\"tw-data-text tw-text-large XcVN5d tw-ta\" dir=\"ltr\" data-placeholder=\"Vertaling\"><span lang=\"nl\">Ce beau bougeoir est en bon \u00e9tat. Le chandelier n&rsquo;a aucun dommage ni \u00e9clat. La hauteur<\/span> <span lang=\"nl\">mesure<\/span> <span lang=\"nl\">135 mm de haut.<\/span><\/p>\n<p>Cette fois avec un ext\u00e9rieur lisse, mais avec le m\u00eame aspect rugueux \u00e0 l&rsquo;int\u00e9rieur du chandelier. Cela vous donnera une bonne impression de l&rsquo;\u00e9tat du chandelier. Nous pouvons avoir plusieurs mod\u00e8les <a href=\"https:\/\/deenswonen.nl\/product-categorie\/merken\/iittala\/\">disponibles<\/a> .<\/p>\n<p>&nbsp;<\/p>\n","protected":false},"featured_media":5995,"template":"","meta":[],"product_brand":[],"product_cat":[217,211,219,216],"product_tag":[],"class_list":{"0":"post-6492","1":"product","2":"type-product","3":"status-publish","4":"has-post-thumbnail","6":"product_cat-chandeliers","7":"product_cat-iittala-fr","8":"product_cat-populaire-fr","9":"product_cat-vient-darriver-fr","10":"thunk-woo-product-list","11":"opn-qv-enable","12":"top-store-woo-hover-swap","13":"top-store-single-product-tab-horizontal","14":"top-store-shadow-","15":"top-store-shadow-hover-","17":"first","18":"instock","19":"taxable","20":"shipping-taxable","21":"purchasable","22":"product-type-simple"},"yoast_head":"<!-- This site is optimized with the Yoast SEO plugin v27.3 - https:\/\/yoast.com\/product\/yoast-seo-wordpress\/ -->\n<title>Chandelier Iittala Arkipelago 135 mm - Vintage<\/title>\n<meta name=\"description\" content=\"Le bougeoir Iittala Arkipelago de 135 mm ajoute un \u00e9l\u00e9ment saisissant \u00e0 n&#039;importe quel int\u00e9rieur. Voir notre collection vintage Iittala ici.\" \/>\n<meta name=\"robots\" content=\"index, follow, max-snippet:-1, max-image-preview:large, max-video-preview:-1\" \/>\n<link rel=\"canonical\" href=\"https:\/\/deenswonen.nl\/fr\/produit\/iittala-arkipelago-chandelier-135-mm-jpg\/\" \/>\n<meta property=\"og:locale\" content=\"fr_FR\" \/>\n<meta property=\"og:type\" content=\"article\" \/>\n<meta property=\"og:title\" content=\"Chandelier Iittala Arkipelago 135 mm - Vintage\" \/>\n<meta property=\"og:description\" content=\"Le bougeoir Iittala Arkipelago de 135 mm ajoute un \u00e9l\u00e9ment saisissant \u00e0 n&#039;importe quel int\u00e9rieur. Voir notre collection vintage Iittala ici.\" \/>\n<meta property=\"og:url\" content=\"https:\/\/deenswonen.nl\/fr\/produit\/iittala-arkipelago-chandelier-135-mm-jpg\/\" \/>\n<meta property=\"og:site_name\" content=\"Vie danoise\" \/>\n<meta property=\"article:modified_time\" content=\"2023-04-16T07:13:23+00:00\" \/>\n<meta property=\"og:image\" content=\"https:\/\/deenswonen.nl\/wp-content\/uploads\/2022\/02\/5234B29F-FCE2-44A9-8433-847109BDC711.jpeg\" \/>\n\t<meta property=\"og:image:width\" content=\"960\" \/>\n\t<meta property=\"og:image:height\" content=\"1280\" \/>\n\t<meta property=\"og:image:type\" content=\"image\/jpeg\" \/>\n<meta name=\"twitter:card\" content=\"summary_large_image\" \/>\n<meta name=\"twitter:label1\" content=\"Dur\u00e9e de lecture estim\u00e9e\" \/>\n\t<meta name=\"twitter:data1\" content=\"2 minutes\" \/>\n<script type=\"application\/ld+json\" class=\"yoast-schema-graph\">{\"@context\":\"https:\\\/\\\/schema.org\",\"@graph\":[{\"@type\":\"WebPage\",\"@id\":\"https:\\\/\\\/deenswonen.nl\\\/fr\\\/produit\\\/iittala-arkipelago-chandelier-135-mm-jpg\\\/\",\"url\":\"https:\\\/\\\/deenswonen.nl\\\/fr\\\/produit\\\/iittala-arkipelago-chandelier-135-mm-jpg\\\/\",\"name\":\"Chandelier Iittala Arkipelago 135 mm - Vintage\",\"isPartOf\":{\"@id\":\"https:\\\/\\\/deenswonen.nl\\\/fr\\\/#website\"},\"primaryImageOfPage\":{\"@id\":\"https:\\\/\\\/deenswonen.nl\\\/fr\\\/produit\\\/iittala-arkipelago-chandelier-135-mm-jpg\\\/#primaryimage\"},\"image\":{\"@id\":\"https:\\\/\\\/deenswonen.nl\\\/fr\\\/produit\\\/iittala-arkipelago-chandelier-135-mm-jpg\\\/#primaryimage\"},\"thumbnailUrl\":\"https:\\\/\\\/i0.wp.com\\\/deenswonen.nl\\\/wp-content\\\/uploads\\\/2022\\\/02\\\/5234B29F-FCE2-44A9-8433-847109BDC711.jpeg?fit=960%2C1280&ssl=1\",\"datePublished\":\"2022-02-13T19:24:54+00:00\",\"dateModified\":\"2023-04-16T07:13:23+00:00\",\"description\":\"Le bougeoir Iittala Arkipelago de 135 mm ajoute un \u00e9l\u00e9ment saisissant \u00e0 n'importe quel int\u00e9rieur. Voir notre collection vintage Iittala ici.\",\"breadcrumb\":{\"@id\":\"https:\\\/\\\/deenswonen.nl\\\/fr\\\/produit\\\/iittala-arkipelago-chandelier-135-mm-jpg\\\/#breadcrumb\"},\"inLanguage\":\"fr-FR\",\"potentialAction\":[{\"@type\":\"ReadAction\",\"target\":[\"https:\\\/\\\/deenswonen.nl\\\/fr\\\/produit\\\/iittala-arkipelago-chandelier-135-mm-jpg\\\/\"]}]},{\"@type\":\"ImageObject\",\"inLanguage\":\"fr-FR\",\"@id\":\"https:\\\/\\\/deenswonen.nl\\\/fr\\\/produit\\\/iittala-arkipelago-chandelier-135-mm-jpg\\\/#primaryimage\",\"url\":\"https:\\\/\\\/i0.wp.com\\\/deenswonen.nl\\\/wp-content\\\/uploads\\\/2022\\\/02\\\/5234B29F-FCE2-44A9-8433-847109BDC711.jpeg?fit=960%2C1280&ssl=1\",\"contentUrl\":\"https:\\\/\\\/i0.wp.com\\\/deenswonen.nl\\\/wp-content\\\/uploads\\\/2022\\\/02\\\/5234B29F-FCE2-44A9-8433-847109BDC711.jpeg?fit=960%2C1280&ssl=1\",\"width\":960,\"height\":1280,\"caption\":\"Image du vase Iittala Tapio Wirkkala Ovalis de face 245 mm propos\u00e9 dans cette annonce.\"},{\"@type\":\"BreadcrumbList\",\"@id\":\"https:\\\/\\\/deenswonen.nl\\\/fr\\\/produit\\\/iittala-arkipelago-chandelier-135-mm-jpg\\\/#breadcrumb\",\"itemListElement\":[{\"@type\":\"ListItem\",\"position\":1,\"name\":\"Home\",\"item\":\"https:\\\/\\\/deenswonen.nl\\\/fr\\\/\"},{\"@type\":\"ListItem\",\"position\":2,\"name\":\"Winkel\",\"item\":\"https:\\\/\\\/deenswonen.nl\\\/winkel\\\/\"},{\"@type\":\"ListItem\",\"position\":3,\"name\":\"Chandelier Iittala Arkipelago 135 mm\"}]},{\"@type\":\"WebSite\",\"@id\":\"https:\\\/\\\/deenswonen.nl\\\/fr\\\/#website\",\"url\":\"https:\\\/\\\/deenswonen.nl\\\/fr\\\/\",\"name\":\"Deens wonen\",\"description\":\"Accessoires de maison vintage scandinaves\",\"publisher\":{\"@id\":\"https:\\\/\\\/deenswonen.nl\\\/fr\\\/#organization\"},\"potentialAction\":[{\"@type\":\"SearchAction\",\"target\":{\"@type\":\"EntryPoint\",\"urlTemplate\":\"https:\\\/\\\/deenswonen.nl\\\/fr\\\/?s={search_term_string}\"},\"query-input\":{\"@type\":\"PropertyValueSpecification\",\"valueRequired\":true,\"valueName\":\"search_term_string\"}}],\"inLanguage\":\"fr-FR\"},{\"@type\":\"Organization\",\"@id\":\"https:\\\/\\\/deenswonen.nl\\\/fr\\\/#organization\",\"name\":\"Vie danoise\",\"url\":\"https:\\\/\\\/deenswonen.nl\\\/fr\\\/\",\"logo\":{\"@type\":\"ImageObject\",\"inLanguage\":\"fr-FR\",\"@id\":\"https:\\\/\\\/deenswonen.nl\\\/fr\\\/#\\\/schema\\\/logo\\\/image\\\/\",\"url\":\"https:\\\/\\\/i0.wp.com\\\/deenswonen.nl\\\/wp-content\\\/uploads\\\/2021\\\/11\\\/51ECE736-8380-4D65-ACA6-DE74174F3C35_1_201_a.jpeg?fit=1200%2C675&ssl=1\",\"contentUrl\":\"https:\\\/\\\/i0.wp.com\\\/deenswonen.nl\\\/wp-content\\\/uploads\\\/2021\\\/11\\\/51ECE736-8380-4D65-ACA6-DE74174F3C35_1_201_a.jpeg?fit=1200%2C675&ssl=1\",\"width\":1200,\"height\":675,\"caption\":\"Vie danoise\"},\"image\":{\"@id\":\"https:\\\/\\\/deenswonen.nl\\\/fr\\\/#\\\/schema\\\/logo\\\/image\\\/\"}}]}<\/script>\n<!-- \/ Yoast SEO plugin. -->","yoast_head_json":{"title":"Chandelier Iittala Arkipelago 135 mm - Vintage","description":"Le bougeoir Iittala Arkipelago de 135 mm ajoute un \u00e9l\u00e9ment saisissant \u00e0 n'importe quel int\u00e9rieur. Voir notre collection vintage Iittala ici.","robots":{"index":"index","follow":"follow","max-snippet":"max-snippet:-1","max-image-preview":"max-image-preview:large","max-video-preview":"max-video-preview:-1"},"canonical":"https:\/\/deenswonen.nl\/fr\/produit\/iittala-arkipelago-chandelier-135-mm-jpg\/","og_locale":"fr_FR","og_type":"article","og_title":"Chandelier Iittala Arkipelago 135 mm - Vintage","og_description":"Le bougeoir Iittala Arkipelago de 135 mm ajoute un \u00e9l\u00e9ment saisissant \u00e0 n'importe quel int\u00e9rieur. Voir notre collection vintage Iittala ici.","og_url":"https:\/\/deenswonen.nl\/fr\/produit\/iittala-arkipelago-chandelier-135-mm-jpg\/","og_site_name":"Vie danoise","article_modified_time":"2023-04-16T07:13:23+00:00","og_image":[{"width":960,"height":1280,"url":"https:\/\/deenswonen.nl\/wp-content\/uploads\/2022\/02\/5234B29F-FCE2-44A9-8433-847109BDC711.jpeg","type":"image\/jpeg"}],"twitter_card":"summary_large_image","twitter_misc":{"Dur\u00e9e de lecture estim\u00e9e":"2 minutes"},"schema":{"@context":"https:\/\/schema.org","@graph":[{"@type":"WebPage","@id":"https:\/\/deenswonen.nl\/fr\/produit\/iittala-arkipelago-chandelier-135-mm-jpg\/","url":"https:\/\/deenswonen.nl\/fr\/produit\/iittala-arkipelago-chandelier-135-mm-jpg\/","name":"Chandelier Iittala Arkipelago 135 mm - Vintage","isPartOf":{"@id":"https:\/\/deenswonen.nl\/fr\/#website"},"primaryImageOfPage":{"@id":"https:\/\/deenswonen.nl\/fr\/produit\/iittala-arkipelago-chandelier-135-mm-jpg\/#primaryimage"},"image":{"@id":"https:\/\/deenswonen.nl\/fr\/produit\/iittala-arkipelago-chandelier-135-mm-jpg\/#primaryimage"},"thumbnailUrl":"https:\/\/i0.wp.com\/deenswonen.nl\/wp-content\/uploads\/2022\/02\/5234B29F-FCE2-44A9-8433-847109BDC711.jpeg?fit=960%2C1280&ssl=1","datePublished":"2022-02-13T19:24:54+00:00","dateModified":"2023-04-16T07:13:23+00:00","description":"Le bougeoir Iittala Arkipelago de 135 mm ajoute un \u00e9l\u00e9ment saisissant \u00e0 n'importe quel int\u00e9rieur. Voir notre collection vintage Iittala ici.","breadcrumb":{"@id":"https:\/\/deenswonen.nl\/fr\/produit\/iittala-arkipelago-chandelier-135-mm-jpg\/#breadcrumb"},"inLanguage":"fr-FR","potentialAction":[{"@type":"ReadAction","target":["https:\/\/deenswonen.nl\/fr\/produit\/iittala-arkipelago-chandelier-135-mm-jpg\/"]}]},{"@type":"ImageObject","inLanguage":"fr-FR","@id":"https:\/\/deenswonen.nl\/fr\/produit\/iittala-arkipelago-chandelier-135-mm-jpg\/#primaryimage","url":"https:\/\/i0.wp.com\/deenswonen.nl\/wp-content\/uploads\/2022\/02\/5234B29F-FCE2-44A9-8433-847109BDC711.jpeg?fit=960%2C1280&ssl=1","contentUrl":"https:\/\/i0.wp.com\/deenswonen.nl\/wp-content\/uploads\/2022\/02\/5234B29F-FCE2-44A9-8433-847109BDC711.jpeg?fit=960%2C1280&ssl=1","width":960,"height":1280,"caption":"Image du vase Iittala Tapio Wirkkala Ovalis de face 245 mm propos\u00e9 dans cette annonce."},{"@type":"BreadcrumbList","@id":"https:\/\/deenswonen.nl\/fr\/produit\/iittala-arkipelago-chandelier-135-mm-jpg\/#breadcrumb","itemListElement":[{"@type":"ListItem","position":1,"name":"Home","item":"https:\/\/deenswonen.nl\/fr\/"},{"@type":"ListItem","position":2,"name":"Winkel","item":"https:\/\/deenswonen.nl\/winkel\/"},{"@type":"ListItem","position":3,"name":"Chandelier Iittala Arkipelago 135 mm"}]},{"@type":"WebSite","@id":"https:\/\/deenswonen.nl\/fr\/#website","url":"https:\/\/deenswonen.nl\/fr\/","name":"Deens wonen","description":"Accessoires de maison vintage scandinaves","publisher":{"@id":"https:\/\/deenswonen.nl\/fr\/#organization"},"potentialAction":[{"@type":"SearchAction","target":{"@type":"EntryPoint","urlTemplate":"https:\/\/deenswonen.nl\/fr\/?s={search_term_string}"},"query-input":{"@type":"PropertyValueSpecification","valueRequired":true,"valueName":"search_term_string"}}],"inLanguage":"fr-FR"},{"@type":"Organization","@id":"https:\/\/deenswonen.nl\/fr\/#organization","name":"Vie danoise","url":"https:\/\/deenswonen.nl\/fr\/","logo":{"@type":"ImageObject","inLanguage":"fr-FR","@id":"https:\/\/deenswonen.nl\/fr\/#\/schema\/logo\/image\/","url":"https:\/\/i0.wp.com\/deenswonen.nl\/wp-content\/uploads\/2021\/11\/51ECE736-8380-4D65-ACA6-DE74174F3C35_1_201_a.jpeg?fit=1200%2C675&ssl=1","contentUrl":"https:\/\/i0.wp.com\/deenswonen.nl\/wp-content\/uploads\/2021\/11\/51ECE736-8380-4D65-ACA6-DE74174F3C35_1_201_a.jpeg?fit=1200%2C675&ssl=1","width":1200,"height":675,"caption":"Vie danoise"},"image":{"@id":"https:\/\/deenswonen.nl\/fr\/#\/schema\/logo\/image\/"}}]}},"jetpack_sharing_enabled":true,"_links":{"self":[{"href":"https:\/\/deenswonen.nl\/fr\/wp-json\/wp\/v2\/product\/6492","targetHints":{"allow":["GET"]}}],"collection":[{"href":"https:\/\/deenswonen.nl\/fr\/wp-json\/wp\/v2\/product"}],"about":[{"href":"https:\/\/deenswonen.nl\/fr\/wp-json\/wp\/v2\/types\/product"}],"wp:featuredmedia":[{"embeddable":true,"href":"https:\/\/deenswonen.nl\/fr\/wp-json\/wp\/v2\/media\/5995"}],"wp:attachment":[{"href":"https:\/\/deenswonen.nl\/fr\/wp-json\/wp\/v2\/media?parent=6492"}],"wp:term":[{"taxonomy":"product_brand","embeddable":true,"href":"https:\/\/deenswonen.nl\/fr\/wp-json\/wp\/v2\/product_brand?post=6492"},{"taxonomy":"product_cat","embeddable":true,"href":"https:\/\/deenswonen.nl\/fr\/wp-json\/wp\/v2\/product_cat?post=6492"},{"taxonomy":"product_tag","embeddable":true,"href":"https:\/\/deenswonen.nl\/fr\/wp-json\/wp\/v2\/product_tag?post=6492"}],"curies":[{"name":"wp","href":"https:\/\/api.w.org\/{rel}","templated":true}]}}