{"id":6471,"date":"2022-01-31T14:53:33","date_gmt":"2022-01-31T13:53:33","guid":{"rendered":"https:\/\/deenswonen.nl\/product\/bougeoirs-cygne-matthew-hilton-vintage-arclumis\/"},"modified":"2023-04-16T09:19:08","modified_gmt":"2023-04-16T07:19:08","slug":"vintage-matthew-hilton-swan-bougeoirs-arclumis","status":"publish","type":"product","link":"https:\/\/deenswonen.nl\/fr\/produit\/vintage-matthew-hilton-swan-bougeoirs-arclumis\/","title":{"rendered":"Bougeoirs Cygne Matthew Hilton Vintage Arclumis"},"content":{"rendered":"<h1><strong>Bougeoirs Cygne Matthew Hilton Vintage Arclumis<\/strong><\/h1>\n<p>Bel ensemble vintage de chandeliers con\u00e7u par Matthew Hilton pour SCP England, ce design s&rsquo;appelle Arclumis et est souvent appel\u00e9 \u00ab\u00a0Swan\u00a0\u00bb. Le design gracieux ressemble au cou d&rsquo;un cygne. Vous pouvez jouer avec ce design ludique. Rassemblez les t\u00eates ou s\u00e9parez-les pour votre propre arrangement.<\/p>\n<p>Les chandeliers sont en aluminium moul\u00e9 sous pression et sont tous diff\u00e9rents. Au Danemark, c&rsquo;est un bougeoir populaire qui est souvent plac\u00e9 sur la table basse.<\/p>\n<h2><strong>Bougeoirs design Arclumis Swan<\/strong><\/h2>\n<p>Apportez du style \u00e0 votre int\u00e9rieur avec ces \u00e9l\u00e9gants bougeoirs en fonte d&rsquo;aluminium. Depuis la nuit des temps, l&rsquo;homme s&rsquo;est rassembl\u00e9 et a \u00e9t\u00e9 fascin\u00e9 par le feu. Ce que ces bougeoirs Matthew Hilton ont en commun est l&rsquo;expression gracieuse qui les rend extr\u00eamement adapt\u00e9s \u00e0 n&rsquo;importe quelle maison avec leur design intemporel. Les chandeliers de SCS England sont disponibles dans de nombreux mod\u00e8les et tailles diff\u00e9rents. Donc, que vous aimiez les petits bougeoirs de la s\u00e9rie Mini ou le look plus grandiose que vous trouverez avec la s\u00e9rie MAXI, il devrait y avoir quelque chose pour chaque maison.<\/p>\n<h2><strong>Matthieu Hilton<\/strong><\/h2>\n<p>Le designer britannique Matthew Hilton est n\u00e9 en 1957 et est connu pour ses meubles et luminaires modernes.<\/p>\n<h2><strong>Sp\u00e9cifications Matthew Hilton Arclumis <\/strong><\/h2>\n<p>Ces bougeoirs Matthew Hilton Arclumis Swan ont environ 30 ans et sont en bon \u00e9tat avec des signes d&rsquo;utilisation ant\u00e9rieure. Il y a du feutre sur le fond pour que les chandeliers ne se rayent pas.<\/p>\n<p>Les mesures sont :<\/p>\n<p>Hauteur 25cm<br \/>\nLargeur 9cm<br \/>\nProfondeur 6 cm<\/p>\n<h2><strong>SCP limit\u00e9e<\/strong><\/h2>\n<p>SCP Limited est une soci\u00e9t\u00e9 britannique fond\u00e9e par Sheridan Coakley en 1985 et maintenant bas\u00e9e \u00e0 Shoreditch, Londres. L&rsquo;entreprise a plusieurs classiques du design \u00e0 son nom.<\/p>\n<p>Ces chandeliers ont environ 30 ans, c&rsquo;est pourquoi nous vous demandons de bien regarder les photos. Cela vous donnera une bonne impression de l&rsquo;\u00e9tat des chandeliers. Nous pouvons avoir plusieurs mod\u00e8les <a href=\"https:\/\/scandinavischelampen.nl\/product-categorie\/merken\/piet-hein\/\">disponibles<\/a> .<\/p>\n<p>Nous exp\u00e9dions tous nos produits soigneusement emball\u00e9s avec Post NL. Nos produits peuvent \u00e9galement \u00eatre retir\u00e9s sur rendez-vous \u00e0 Berkel en Rodenrijs.<\/p>\n<p>&nbsp;<\/p>\n","protected":false},"excerpt":{"rendered":"<p>Bel ensemble vintage de chandeliers con\u00e7u par Matthew Hilton pour SCP England. Cette conception s&rsquo;appelle Arclumis et est souvent appel\u00e9e \u00ab cygne \u00bb. Le design gracieux ressemble au cou d&rsquo;un cygne. Vous pouvez jouer avec ce design ludique. Rassemblez les t\u00eates ou s\u00e9parez-les pour votre propre arrangement.<\/p>\n<p>Les chandeliers sont en aluminium moul\u00e9 sous pression et sont tous diff\u00e9rents. Au Danemark, c&rsquo;est un bougeoir populaire qui est souvent plac\u00e9 sur la table basse.<\/p>\n<p>Ces chandeliers ont environ 30 ans, c&rsquo;est pourquoi nous vous demandons de bien regarder les photos. Cela vous donnera une bonne impression de l&rsquo;\u00e9tat des chandeliers. Nous pouvons avoir plusieurs mod\u00e8les <a href=\"https:\/\/scandinavischelampen.nl\/product-categorie\/merken\/piet-hein\/\">disponibles<\/a> .<\/p>\n<p>Nous exp\u00e9dions tous nos produits soigneusement emball\u00e9s avec Post NL. Nos produits peuvent \u00e9galement \u00eatre retir\u00e9s sur rendez-vous \u00e0 Berkel en Rodenrijs.<\/p>\n<p>&nbsp;<\/p>\n","protected":false},"featured_media":5926,"template":"","meta":[],"product_brand":[],"product_cat":[217,266,219,216],"product_tag":[],"class_list":{"0":"post-6471","1":"product","2":"type-product","3":"status-publish","4":"has-post-thumbnail","6":"product_cat-chandeliers","7":"product_cat-matthew-hilton-fr","8":"product_cat-populaire-fr","9":"product_cat-vient-darriver-fr","10":"thunk-woo-product-list","11":"opn-qv-enable","12":"top-store-woo-hover-swap","13":"top-store-single-product-tab-horizontal","14":"top-store-shadow-","15":"top-store-shadow-hover-","17":"first","18":"outofstock","19":"taxable","20":"shipping-taxable","21":"purchasable","22":"product-type-simple"},"yoast_head":"<!-- This site is optimized with the Yoast SEO plugin v27.3 - https:\/\/yoast.com\/product\/yoast-seo-wordpress\/ -->\n<title>Bougeoirs Cygne Matthew Hilton Vintage Arclumis - Vie danoise<\/title>\n<meta name=\"description\" content=\"Bel ensemble vintage de chandeliers con\u00e7u par Matthew Hilton pour SCP England, ce design s&#039;appelle Arclumis et s&#039;appelle aussi Swan\" \/>\n<meta name=\"robots\" content=\"index, follow, max-snippet:-1, max-image-preview:large, max-video-preview:-1\" \/>\n<link rel=\"canonical\" href=\"https:\/\/deenswonen.nl\/fr\/produit\/vintage-matthew-hilton-swan-bougeoirs-arclumis\/\" \/>\n<meta property=\"og:locale\" content=\"fr_FR\" \/>\n<meta property=\"og:type\" content=\"article\" \/>\n<meta property=\"og:title\" content=\"Bougeoirs Cygne Matthew Hilton Vintage Arclumis - Vie danoise\" \/>\n<meta property=\"og:description\" content=\"Bel ensemble vintage de chandeliers con\u00e7u par Matthew Hilton pour SCP England, ce design s&#039;appelle Arclumis et s&#039;appelle aussi Swan\" \/>\n<meta property=\"og:url\" content=\"https:\/\/deenswonen.nl\/fr\/produit\/vintage-matthew-hilton-swan-bougeoirs-arclumis\/\" \/>\n<meta property=\"og:site_name\" content=\"Vie danoise\" \/>\n<meta property=\"article:modified_time\" content=\"2023-04-16T07:19:08+00:00\" \/>\n<meta property=\"og:image\" content=\"https:\/\/deenswonen.nl\/wp-content\/uploads\/2022\/01\/141052CF-8F68-405F-818D-7D78A1C7043B.jpeg\" \/>\n\t<meta property=\"og:image:width\" content=\"960\" \/>\n\t<meta property=\"og:image:height\" content=\"1280\" \/>\n\t<meta property=\"og:image:type\" content=\"image\/jpeg\" \/>\n<meta name=\"twitter:card\" content=\"summary_large_image\" \/>\n<meta name=\"twitter:label1\" content=\"Dur\u00e9e de lecture estim\u00e9e\" \/>\n\t<meta name=\"twitter:data1\" content=\"2 minutes\" \/>\n<script type=\"application\/ld+json\" class=\"yoast-schema-graph\">{\"@context\":\"https:\\\/\\\/schema.org\",\"@graph\":[{\"@type\":\"WebPage\",\"@id\":\"https:\\\/\\\/deenswonen.nl\\\/fr\\\/produit\\\/vintage-matthew-hilton-swan-bougeoirs-arclumis\\\/\",\"url\":\"https:\\\/\\\/deenswonen.nl\\\/fr\\\/produit\\\/vintage-matthew-hilton-swan-bougeoirs-arclumis\\\/\",\"name\":\"Bougeoirs Cygne Matthew Hilton Vintage Arclumis - Vie danoise\",\"isPartOf\":{\"@id\":\"https:\\\/\\\/deenswonen.nl\\\/fr\\\/#website\"},\"primaryImageOfPage\":{\"@id\":\"https:\\\/\\\/deenswonen.nl\\\/fr\\\/produit\\\/vintage-matthew-hilton-swan-bougeoirs-arclumis\\\/#primaryimage\"},\"image\":{\"@id\":\"https:\\\/\\\/deenswonen.nl\\\/fr\\\/produit\\\/vintage-matthew-hilton-swan-bougeoirs-arclumis\\\/#primaryimage\"},\"thumbnailUrl\":\"https:\\\/\\\/i0.wp.com\\\/deenswonen.nl\\\/wp-content\\\/uploads\\\/2022\\\/01\\\/141052CF-8F68-405F-818D-7D78A1C7043B.jpeg?fit=960%2C1280&ssl=1\",\"datePublished\":\"2022-01-31T13:53:33+00:00\",\"dateModified\":\"2023-04-16T07:19:08+00:00\",\"description\":\"Bel ensemble vintage de chandeliers con\u00e7u par Matthew Hilton pour SCP England, ce design s'appelle Arclumis et s'appelle aussi Swan\",\"breadcrumb\":{\"@id\":\"https:\\\/\\\/deenswonen.nl\\\/fr\\\/produit\\\/vintage-matthew-hilton-swan-bougeoirs-arclumis\\\/#breadcrumb\"},\"inLanguage\":\"fr-FR\",\"potentialAction\":[{\"@type\":\"ReadAction\",\"target\":[\"https:\\\/\\\/deenswonen.nl\\\/fr\\\/produit\\\/vintage-matthew-hilton-swan-bougeoirs-arclumis\\\/\"]}]},{\"@type\":\"ImageObject\",\"inLanguage\":\"fr-FR\",\"@id\":\"https:\\\/\\\/deenswonen.nl\\\/fr\\\/produit\\\/vintage-matthew-hilton-swan-bougeoirs-arclumis\\\/#primaryimage\",\"url\":\"https:\\\/\\\/i0.wp.com\\\/deenswonen.nl\\\/wp-content\\\/uploads\\\/2022\\\/01\\\/141052CF-8F68-405F-818D-7D78A1C7043B.jpeg?fit=960%2C1280&ssl=1\",\"contentUrl\":\"https:\\\/\\\/i0.wp.com\\\/deenswonen.nl\\\/wp-content\\\/uploads\\\/2022\\\/01\\\/141052CF-8F68-405F-818D-7D78A1C7043B.jpeg?fit=960%2C1280&ssl=1\",\"width\":960,\"height\":1280,\"caption\":\"Image des bougeoirs Matthew Hilton Swan Arclumis propos\u00e9s dans cette publicit\u00e9.\"},{\"@type\":\"BreadcrumbList\",\"@id\":\"https:\\\/\\\/deenswonen.nl\\\/fr\\\/produit\\\/vintage-matthew-hilton-swan-bougeoirs-arclumis\\\/#breadcrumb\",\"itemListElement\":[{\"@type\":\"ListItem\",\"position\":1,\"name\":\"Home\",\"item\":\"https:\\\/\\\/deenswonen.nl\\\/fr\\\/\"},{\"@type\":\"ListItem\",\"position\":2,\"name\":\"Winkel\",\"item\":\"https:\\\/\\\/deenswonen.nl\\\/winkel\\\/\"},{\"@type\":\"ListItem\",\"position\":3,\"name\":\"Bougeoirs Cygne Matthew Hilton Vintage Arclumis\"}]},{\"@type\":\"WebSite\",\"@id\":\"https:\\\/\\\/deenswonen.nl\\\/fr\\\/#website\",\"url\":\"https:\\\/\\\/deenswonen.nl\\\/fr\\\/\",\"name\":\"Deens wonen\",\"description\":\"Accessoires de maison vintage scandinaves\",\"publisher\":{\"@id\":\"https:\\\/\\\/deenswonen.nl\\\/fr\\\/#organization\"},\"potentialAction\":[{\"@type\":\"SearchAction\",\"target\":{\"@type\":\"EntryPoint\",\"urlTemplate\":\"https:\\\/\\\/deenswonen.nl\\\/fr\\\/?s={search_term_string}\"},\"query-input\":{\"@type\":\"PropertyValueSpecification\",\"valueRequired\":true,\"valueName\":\"search_term_string\"}}],\"inLanguage\":\"fr-FR\"},{\"@type\":\"Organization\",\"@id\":\"https:\\\/\\\/deenswonen.nl\\\/fr\\\/#organization\",\"name\":\"Vie danoise\",\"url\":\"https:\\\/\\\/deenswonen.nl\\\/fr\\\/\",\"logo\":{\"@type\":\"ImageObject\",\"inLanguage\":\"fr-FR\",\"@id\":\"https:\\\/\\\/deenswonen.nl\\\/fr\\\/#\\\/schema\\\/logo\\\/image\\\/\",\"url\":\"https:\\\/\\\/i0.wp.com\\\/deenswonen.nl\\\/wp-content\\\/uploads\\\/2021\\\/11\\\/51ECE736-8380-4D65-ACA6-DE74174F3C35_1_201_a.jpeg?fit=1200%2C675&ssl=1\",\"contentUrl\":\"https:\\\/\\\/i0.wp.com\\\/deenswonen.nl\\\/wp-content\\\/uploads\\\/2021\\\/11\\\/51ECE736-8380-4D65-ACA6-DE74174F3C35_1_201_a.jpeg?fit=1200%2C675&ssl=1\",\"width\":1200,\"height\":675,\"caption\":\"Vie danoise\"},\"image\":{\"@id\":\"https:\\\/\\\/deenswonen.nl\\\/fr\\\/#\\\/schema\\\/logo\\\/image\\\/\"}}]}<\/script>\n<!-- \/ Yoast SEO plugin. -->","yoast_head_json":{"title":"Bougeoirs Cygne Matthew Hilton Vintage Arclumis - Vie danoise","description":"Bel ensemble vintage de chandeliers con\u00e7u par Matthew Hilton pour SCP England, ce design s'appelle Arclumis et s'appelle aussi Swan","robots":{"index":"index","follow":"follow","max-snippet":"max-snippet:-1","max-image-preview":"max-image-preview:large","max-video-preview":"max-video-preview:-1"},"canonical":"https:\/\/deenswonen.nl\/fr\/produit\/vintage-matthew-hilton-swan-bougeoirs-arclumis\/","og_locale":"fr_FR","og_type":"article","og_title":"Bougeoirs Cygne Matthew Hilton Vintage Arclumis - Vie danoise","og_description":"Bel ensemble vintage de chandeliers con\u00e7u par Matthew Hilton pour SCP England, ce design s'appelle Arclumis et s'appelle aussi Swan","og_url":"https:\/\/deenswonen.nl\/fr\/produit\/vintage-matthew-hilton-swan-bougeoirs-arclumis\/","og_site_name":"Vie danoise","article_modified_time":"2023-04-16T07:19:08+00:00","og_image":[{"width":960,"height":1280,"url":"https:\/\/deenswonen.nl\/wp-content\/uploads\/2022\/01\/141052CF-8F68-405F-818D-7D78A1C7043B.jpeg","type":"image\/jpeg"}],"twitter_card":"summary_large_image","twitter_misc":{"Dur\u00e9e de lecture estim\u00e9e":"2 minutes"},"schema":{"@context":"https:\/\/schema.org","@graph":[{"@type":"WebPage","@id":"https:\/\/deenswonen.nl\/fr\/produit\/vintage-matthew-hilton-swan-bougeoirs-arclumis\/","url":"https:\/\/deenswonen.nl\/fr\/produit\/vintage-matthew-hilton-swan-bougeoirs-arclumis\/","name":"Bougeoirs Cygne Matthew Hilton Vintage Arclumis - Vie danoise","isPartOf":{"@id":"https:\/\/deenswonen.nl\/fr\/#website"},"primaryImageOfPage":{"@id":"https:\/\/deenswonen.nl\/fr\/produit\/vintage-matthew-hilton-swan-bougeoirs-arclumis\/#primaryimage"},"image":{"@id":"https:\/\/deenswonen.nl\/fr\/produit\/vintage-matthew-hilton-swan-bougeoirs-arclumis\/#primaryimage"},"thumbnailUrl":"https:\/\/i0.wp.com\/deenswonen.nl\/wp-content\/uploads\/2022\/01\/141052CF-8F68-405F-818D-7D78A1C7043B.jpeg?fit=960%2C1280&ssl=1","datePublished":"2022-01-31T13:53:33+00:00","dateModified":"2023-04-16T07:19:08+00:00","description":"Bel ensemble vintage de chandeliers con\u00e7u par Matthew Hilton pour SCP England, ce design s'appelle Arclumis et s'appelle aussi Swan","breadcrumb":{"@id":"https:\/\/deenswonen.nl\/fr\/produit\/vintage-matthew-hilton-swan-bougeoirs-arclumis\/#breadcrumb"},"inLanguage":"fr-FR","potentialAction":[{"@type":"ReadAction","target":["https:\/\/deenswonen.nl\/fr\/produit\/vintage-matthew-hilton-swan-bougeoirs-arclumis\/"]}]},{"@type":"ImageObject","inLanguage":"fr-FR","@id":"https:\/\/deenswonen.nl\/fr\/produit\/vintage-matthew-hilton-swan-bougeoirs-arclumis\/#primaryimage","url":"https:\/\/i0.wp.com\/deenswonen.nl\/wp-content\/uploads\/2022\/01\/141052CF-8F68-405F-818D-7D78A1C7043B.jpeg?fit=960%2C1280&ssl=1","contentUrl":"https:\/\/i0.wp.com\/deenswonen.nl\/wp-content\/uploads\/2022\/01\/141052CF-8F68-405F-818D-7D78A1C7043B.jpeg?fit=960%2C1280&ssl=1","width":960,"height":1280,"caption":"Image des bougeoirs Matthew Hilton Swan Arclumis propos\u00e9s dans cette publicit\u00e9."},{"@type":"BreadcrumbList","@id":"https:\/\/deenswonen.nl\/fr\/produit\/vintage-matthew-hilton-swan-bougeoirs-arclumis\/#breadcrumb","itemListElement":[{"@type":"ListItem","position":1,"name":"Home","item":"https:\/\/deenswonen.nl\/fr\/"},{"@type":"ListItem","position":2,"name":"Winkel","item":"https:\/\/deenswonen.nl\/winkel\/"},{"@type":"ListItem","position":3,"name":"Bougeoirs Cygne Matthew Hilton Vintage Arclumis"}]},{"@type":"WebSite","@id":"https:\/\/deenswonen.nl\/fr\/#website","url":"https:\/\/deenswonen.nl\/fr\/","name":"Deens wonen","description":"Accessoires de maison vintage scandinaves","publisher":{"@id":"https:\/\/deenswonen.nl\/fr\/#organization"},"potentialAction":[{"@type":"SearchAction","target":{"@type":"EntryPoint","urlTemplate":"https:\/\/deenswonen.nl\/fr\/?s={search_term_string}"},"query-input":{"@type":"PropertyValueSpecification","valueRequired":true,"valueName":"search_term_string"}}],"inLanguage":"fr-FR"},{"@type":"Organization","@id":"https:\/\/deenswonen.nl\/fr\/#organization","name":"Vie danoise","url":"https:\/\/deenswonen.nl\/fr\/","logo":{"@type":"ImageObject","inLanguage":"fr-FR","@id":"https:\/\/deenswonen.nl\/fr\/#\/schema\/logo\/image\/","url":"https:\/\/i0.wp.com\/deenswonen.nl\/wp-content\/uploads\/2021\/11\/51ECE736-8380-4D65-ACA6-DE74174F3C35_1_201_a.jpeg?fit=1200%2C675&ssl=1","contentUrl":"https:\/\/i0.wp.com\/deenswonen.nl\/wp-content\/uploads\/2021\/11\/51ECE736-8380-4D65-ACA6-DE74174F3C35_1_201_a.jpeg?fit=1200%2C675&ssl=1","width":1200,"height":675,"caption":"Vie danoise"},"image":{"@id":"https:\/\/deenswonen.nl\/fr\/#\/schema\/logo\/image\/"}}]}},"jetpack_sharing_enabled":true,"_links":{"self":[{"href":"https:\/\/deenswonen.nl\/fr\/wp-json\/wp\/v2\/product\/6471","targetHints":{"allow":["GET"]}}],"collection":[{"href":"https:\/\/deenswonen.nl\/fr\/wp-json\/wp\/v2\/product"}],"about":[{"href":"https:\/\/deenswonen.nl\/fr\/wp-json\/wp\/v2\/types\/product"}],"wp:featuredmedia":[{"embeddable":true,"href":"https:\/\/deenswonen.nl\/fr\/wp-json\/wp\/v2\/media\/5926"}],"wp:attachment":[{"href":"https:\/\/deenswonen.nl\/fr\/wp-json\/wp\/v2\/media?parent=6471"}],"wp:term":[{"taxonomy":"product_brand","embeddable":true,"href":"https:\/\/deenswonen.nl\/fr\/wp-json\/wp\/v2\/product_brand?post=6471"},{"taxonomy":"product_cat","embeddable":true,"href":"https:\/\/deenswonen.nl\/fr\/wp-json\/wp\/v2\/product_cat?post=6471"},{"taxonomy":"product_tag","embeddable":true,"href":"https:\/\/deenswonen.nl\/fr\/wp-json\/wp\/v2\/product_tag?post=6471"}],"curies":[{"name":"wp","href":"https:\/\/api.w.org\/{rel}","templated":true}]}}