{"id":6454,"date":"2022-01-30T17:10:16","date_gmt":"2022-01-30T16:10:16","guid":{"rendered":"https:\/\/deenswonen.nl\/product\/bol-a-punch-vintage-nilsjohan-suede-avec-verres\/"},"modified":"2023-11-20T10:56:20","modified_gmt":"2023-11-20T09:56:20","slug":"vintage-nilsjohan-suede-punchbowl-avec-verres","status":"publish","type":"product","link":"https:\/\/deenswonen.nl\/fr\/produit\/vintage-nilsjohan-suede-punchbowl-avec-verres\/","title":{"rendered":"Bol \u00e0 punch vintage Nilsjohan Su\u00e8de avec verres"},"content":{"rendered":"<h1>Bol \u00e0 punch vintage Nilsjohan Su\u00e8de avec verres<\/h1>\n<p>Beau bol \u00e0 punch vintage Nilsjohan Sweden avec verres assortis. Cet ensemble est la pi\u00e8ce ma\u00eetresse de chaque table. Les accents de cuivre en combinaison avec le verre donnent \u00e0 cet ensemble un look intemporel. L&rsquo;ensemble est adapt\u00e9 pour servir des boissons froides et chaudes. Le bol \u00e0 punch est livr\u00e9 avec dix verres assortis. Les verres sont en verre avec des \u00e9l\u00e9ments en cuivre.<\/p>\n<p>L&rsquo;\u00e9l\u00e9gant bol \u00e0 punch ajoute un \u00e9l\u00e9ment subtil \u00e0 toute f\u00eate. Servez une d\u00e9licieuse Sangria en \u00e9t\u00e9 et utilisez-la pour Gluhwein en hiver. Les verres qui l&rsquo;accompagnent compl\u00e8tent ce bol. En plus de ce produit, Nilsjohan a \u00e9galement publi\u00e9 divers plats \u00e0 four dans cette s\u00e9rie.<\/p>\n<p>Cr\u00e9e une ambiance douce avec son design \u00e9pur\u00e9 mais organique. Un cadeau parfait pour les mariages, les anniversaires ou les anniversaires.<\/p>\n<h2>Histoire Nilsjohan<\/h2>\n<p>Nilsjohan est un fabricant su\u00e9dois d&rsquo;accessoires de cuisine. La soci\u00e9t\u00e9 a \u00e9t\u00e9 fond\u00e9e en 1888 par Wilson et Johansson sous le nom : Nilsson och Johansson. Dans les ann\u00e9es 1950, le nom a \u00e9t\u00e9 chang\u00e9 en AB Nilsjohan. Les produits de cette marque ont leur propre style et classe, combin\u00e9s \u00e0 un design intemporel. Divers plats \u00e0 four de cette s\u00e9rie ont \u00e9galement \u00e9t\u00e9 publi\u00e9s par Nilsjohan. Nous en proposons \u00e9galement r\u00e9guli\u00e8rement. Finalement, le fabricant a \u00e9t\u00e9 repris par la soci\u00e9t\u00e9 finlandaise Iittala.<\/p>\n<h2 class=\"tw-data-text tw-text-large XcVN5d tw-ta\" dir=\"ltr\" data-placeholder=\"Vertaling\"><span lang=\"nl\">Sp\u00e9cifications<\/span> bol \u00e0 punch Nilsjohan Su\u00e8de<\/h2>\n<p class=\"tw-data-text tw-text-large XcVN5d tw-ta\" dir=\"ltr\" data-placeholder=\"Vertaling\"><span lang=\"nl\">Ce magnifique bol \u00e0 punch Nilsjohan Sweden avec verres d&rsquo;accompagnement a environ 40 ans et est en bon \u00e9tat. Le verre n&rsquo;a aucun dommage ni \u00e9clat. <\/span><\/p>\n<p class=\"tw-data-text tw-text-large XcVN5d tw-ta\" dir=\"ltr\" data-placeholder=\"Vertaling\"><span lang=\"nl\">Les mesures sont :<\/span><\/p>\n<p dir=\"ltr\" data-placeholder=\"Vertaling\">bol \u00e0 punch&nbsp;:<br \/>\nHauteur : 15cm<br \/>\nDiam\u00e8tre : 19 cm<\/p>\n<p dir=\"ltr\" data-placeholder=\"Vertaling\">Lunettes:<\/p>\n<p dir=\"ltr\" data-placeholder=\"Vertaling\">Quantit\u00e9 : 10 pi\u00e8ces.<br \/>\nHauteur : 8 cm.<br \/>\nDiam\u00e8tre : 5 cm.<\/p>\n<p>Cet ensemble a environ 40 ans, c&rsquo;est pourquoi nous vous demandons de bien regarder les photos. Cela vous donnera une bonne impression de l&rsquo;\u00e9tat. Nous pouvons \u00e9galement avoir plus de fournitures de cuisine vintage <a href=\"https:\/\/deenswonen.nl\/product-categorie\/producten\/keukenbenodigdheden\/\">disponibles<\/a> .<\/p>\n<p>Nous exp\u00e9dions tous nos produits soigneusement emball\u00e9s. Nos produits peuvent \u00e9galement \u00eatre retir\u00e9s sur rendez-vous \u00e0 Berkel en Rodenrijs.<\/p>\n<p>&nbsp;<\/p>\n","protected":false},"excerpt":{"rendered":"<p>Beau bol \u00e0 punch vintage Nilsjohan Sweden avec 10 verres assortis. Cet ensemble est la pi\u00e8ce ma\u00eetresse de chaque table. L&rsquo;ensemble est adapt\u00e9 pour servir des boissons froides et chaudes.<\/p>\n<p>&nbsp;<\/p>\n<ul>\n<li><strong>Conception scandinave<\/strong><\/li>\n<li><strong>Livraison internationale<\/strong><\/li>\n<li><strong>D\u00e9lai de r\u00e9flexion de 14 jours<\/strong><\/li>\n<\/ul>\n","protected":false},"featured_media":5909,"template":"","meta":[],"product_brand":[],"product_cat":[243,219,228,216],"product_tag":[244],"class_list":{"0":"post-6454","1":"product","2":"type-product","3":"status-publish","4":"has-post-thumbnail","6":"product_cat-nilsjohan","7":"product_cat-populaire-fr","8":"product_cat-ustensiles-de-cuisine","9":"product_cat-vient-darriver-fr","10":"product_tag-acheteur","11":"thunk-woo-product-list","12":"opn-qv-enable","13":"top-store-woo-hover-swap","14":"top-store-single-product-tab-horizontal","15":"top-store-shadow-","16":"top-store-shadow-hover-","18":"first","19":"outofstock","20":"taxable","21":"shipping-taxable","22":"purchasable","23":"product-type-simple"},"yoast_head":"<!-- This site is optimized with the Yoast SEO plugin v27.3 - https:\/\/yoast.com\/product\/yoast-seo-wordpress\/ -->\n<title>Bol \u00e0 punch vintage Nilsjohan Su\u00e8de avec verres - Vie danoise<\/title>\n<meta name=\"description\" content=\"Beau bol \u00e0 punch vintage Nilsjohan Sweden avec verres assortis. Cet ensemble est la pi\u00e8ce ma\u00eetresse de chaque table. Regardez ici pour plus\" \/>\n<meta name=\"robots\" content=\"index, follow, max-snippet:-1, max-image-preview:large, max-video-preview:-1\" \/>\n<link rel=\"canonical\" href=\"https:\/\/deenswonen.nl\/fr\/produit\/vintage-nilsjohan-suede-punchbowl-avec-verres\/\" \/>\n<meta property=\"og:locale\" content=\"fr_FR\" \/>\n<meta property=\"og:type\" content=\"article\" \/>\n<meta property=\"og:title\" content=\"Bol \u00e0 punch vintage Nilsjohan Su\u00e8de avec verres - Vie danoise\" \/>\n<meta property=\"og:description\" content=\"Beau bol \u00e0 punch vintage Nilsjohan Sweden avec verres assortis. Cet ensemble est la pi\u00e8ce ma\u00eetresse de chaque table. Regardez ici pour plus\" \/>\n<meta property=\"og:url\" content=\"https:\/\/deenswonen.nl\/fr\/produit\/vintage-nilsjohan-suede-punchbowl-avec-verres\/\" \/>\n<meta property=\"og:site_name\" content=\"Vie danoise\" \/>\n<meta property=\"article:modified_time\" content=\"2023-11-20T09:56:20+00:00\" \/>\n<meta property=\"og:image\" content=\"https:\/\/deenswonen.nl\/wp-content\/uploads\/2022\/01\/C6B3B10D-FED1-409E-AAD7-CBA45F3D233F_1_201_a-scaled.jpeg\" \/>\n\t<meta property=\"og:image:width\" content=\"2560\" \/>\n\t<meta property=\"og:image:height\" content=\"1920\" \/>\n\t<meta property=\"og:image:type\" content=\"image\/jpeg\" \/>\n<meta name=\"twitter:card\" content=\"summary_large_image\" \/>\n<meta name=\"twitter:label1\" content=\"Dur\u00e9e de lecture estim\u00e9e\" \/>\n\t<meta name=\"twitter:data1\" content=\"2 minutes\" \/>\n<script type=\"application\/ld+json\" class=\"yoast-schema-graph\">{\"@context\":\"https:\\\/\\\/schema.org\",\"@graph\":[{\"@type\":\"WebPage\",\"@id\":\"https:\\\/\\\/deenswonen.nl\\\/fr\\\/produit\\\/vintage-nilsjohan-suede-punchbowl-avec-verres\\\/\",\"url\":\"https:\\\/\\\/deenswonen.nl\\\/fr\\\/produit\\\/vintage-nilsjohan-suede-punchbowl-avec-verres\\\/\",\"name\":\"Bol \u00e0 punch vintage Nilsjohan Su\u00e8de avec verres - Vie danoise\",\"isPartOf\":{\"@id\":\"https:\\\/\\\/deenswonen.nl\\\/fr\\\/#website\"},\"primaryImageOfPage\":{\"@id\":\"https:\\\/\\\/deenswonen.nl\\\/fr\\\/produit\\\/vintage-nilsjohan-suede-punchbowl-avec-verres\\\/#primaryimage\"},\"image\":{\"@id\":\"https:\\\/\\\/deenswonen.nl\\\/fr\\\/produit\\\/vintage-nilsjohan-suede-punchbowl-avec-verres\\\/#primaryimage\"},\"thumbnailUrl\":\"https:\\\/\\\/i0.wp.com\\\/deenswonen.nl\\\/wp-content\\\/uploads\\\/2022\\\/01\\\/C6B3B10D-FED1-409E-AAD7-CBA45F3D233F_1_201_a-scaled.jpeg?fit=2560%2C1920&ssl=1\",\"datePublished\":\"2022-01-30T16:10:16+00:00\",\"dateModified\":\"2023-11-20T09:56:20+00:00\",\"description\":\"Beau bol \u00e0 punch vintage Nilsjohan Sweden avec verres assortis. Cet ensemble est la pi\u00e8ce ma\u00eetresse de chaque table. Regardez ici pour plus\",\"breadcrumb\":{\"@id\":\"https:\\\/\\\/deenswonen.nl\\\/fr\\\/produit\\\/vintage-nilsjohan-suede-punchbowl-avec-verres\\\/#breadcrumb\"},\"inLanguage\":\"fr-FR\",\"potentialAction\":[{\"@type\":\"ReadAction\",\"target\":[\"https:\\\/\\\/deenswonen.nl\\\/fr\\\/produit\\\/vintage-nilsjohan-suede-punchbowl-avec-verres\\\/\"]}]},{\"@type\":\"ImageObject\",\"inLanguage\":\"fr-FR\",\"@id\":\"https:\\\/\\\/deenswonen.nl\\\/fr\\\/produit\\\/vintage-nilsjohan-suede-punchbowl-avec-verres\\\/#primaryimage\",\"url\":\"https:\\\/\\\/i0.wp.com\\\/deenswonen.nl\\\/wp-content\\\/uploads\\\/2022\\\/01\\\/C6B3B10D-FED1-409E-AAD7-CBA45F3D233F_1_201_a-scaled.jpeg?fit=2560%2C1920&ssl=1\",\"contentUrl\":\"https:\\\/\\\/i0.wp.com\\\/deenswonen.nl\\\/wp-content\\\/uploads\\\/2022\\\/01\\\/C6B3B10D-FED1-409E-AAD7-CBA45F3D233F_1_201_a-scaled.jpeg?fit=2560%2C1920&ssl=1\",\"width\":2560,\"height\":1920,\"caption\":\"Image du bol \u00e0 punch Nilsjohan Sweden pr\u00e9sent\u00e9 dans cette publicit\u00e9.\"},{\"@type\":\"BreadcrumbList\",\"@id\":\"https:\\\/\\\/deenswonen.nl\\\/fr\\\/produit\\\/vintage-nilsjohan-suede-punchbowl-avec-verres\\\/#breadcrumb\",\"itemListElement\":[{\"@type\":\"ListItem\",\"position\":1,\"name\":\"Home\",\"item\":\"https:\\\/\\\/deenswonen.nl\\\/fr\\\/\"},{\"@type\":\"ListItem\",\"position\":2,\"name\":\"Winkel\",\"item\":\"https:\\\/\\\/deenswonen.nl\\\/winkel\\\/\"},{\"@type\":\"ListItem\",\"position\":3,\"name\":\"Bol \u00e0 punch vintage Nilsjohan Su\u00e8de avec verres\"}]},{\"@type\":\"WebSite\",\"@id\":\"https:\\\/\\\/deenswonen.nl\\\/fr\\\/#website\",\"url\":\"https:\\\/\\\/deenswonen.nl\\\/fr\\\/\",\"name\":\"Deens wonen\",\"description\":\"Accessoires de maison vintage scandinaves\",\"publisher\":{\"@id\":\"https:\\\/\\\/deenswonen.nl\\\/fr\\\/#organization\"},\"potentialAction\":[{\"@type\":\"SearchAction\",\"target\":{\"@type\":\"EntryPoint\",\"urlTemplate\":\"https:\\\/\\\/deenswonen.nl\\\/fr\\\/?s={search_term_string}\"},\"query-input\":{\"@type\":\"PropertyValueSpecification\",\"valueRequired\":true,\"valueName\":\"search_term_string\"}}],\"inLanguage\":\"fr-FR\"},{\"@type\":\"Organization\",\"@id\":\"https:\\\/\\\/deenswonen.nl\\\/fr\\\/#organization\",\"name\":\"Vie danoise\",\"url\":\"https:\\\/\\\/deenswonen.nl\\\/fr\\\/\",\"logo\":{\"@type\":\"ImageObject\",\"inLanguage\":\"fr-FR\",\"@id\":\"https:\\\/\\\/deenswonen.nl\\\/fr\\\/#\\\/schema\\\/logo\\\/image\\\/\",\"url\":\"https:\\\/\\\/i0.wp.com\\\/deenswonen.nl\\\/wp-content\\\/uploads\\\/2021\\\/11\\\/51ECE736-8380-4D65-ACA6-DE74174F3C35_1_201_a.jpeg?fit=1200%2C675&ssl=1\",\"contentUrl\":\"https:\\\/\\\/i0.wp.com\\\/deenswonen.nl\\\/wp-content\\\/uploads\\\/2021\\\/11\\\/51ECE736-8380-4D65-ACA6-DE74174F3C35_1_201_a.jpeg?fit=1200%2C675&ssl=1\",\"width\":1200,\"height\":675,\"caption\":\"Vie danoise\"},\"image\":{\"@id\":\"https:\\\/\\\/deenswonen.nl\\\/fr\\\/#\\\/schema\\\/logo\\\/image\\\/\"}}]}<\/script>\n<!-- \/ Yoast SEO plugin. -->","yoast_head_json":{"title":"Bol \u00e0 punch vintage Nilsjohan Su\u00e8de avec verres - Vie danoise","description":"Beau bol \u00e0 punch vintage Nilsjohan Sweden avec verres assortis. Cet ensemble est la pi\u00e8ce ma\u00eetresse de chaque table. Regardez ici pour plus","robots":{"index":"index","follow":"follow","max-snippet":"max-snippet:-1","max-image-preview":"max-image-preview:large","max-video-preview":"max-video-preview:-1"},"canonical":"https:\/\/deenswonen.nl\/fr\/produit\/vintage-nilsjohan-suede-punchbowl-avec-verres\/","og_locale":"fr_FR","og_type":"article","og_title":"Bol \u00e0 punch vintage Nilsjohan Su\u00e8de avec verres - Vie danoise","og_description":"Beau bol \u00e0 punch vintage Nilsjohan Sweden avec verres assortis. Cet ensemble est la pi\u00e8ce ma\u00eetresse de chaque table. Regardez ici pour plus","og_url":"https:\/\/deenswonen.nl\/fr\/produit\/vintage-nilsjohan-suede-punchbowl-avec-verres\/","og_site_name":"Vie danoise","article_modified_time":"2023-11-20T09:56:20+00:00","og_image":[{"width":2560,"height":1920,"url":"https:\/\/deenswonen.nl\/wp-content\/uploads\/2022\/01\/C6B3B10D-FED1-409E-AAD7-CBA45F3D233F_1_201_a-scaled.jpeg","type":"image\/jpeg"}],"twitter_card":"summary_large_image","twitter_misc":{"Dur\u00e9e de lecture estim\u00e9e":"2 minutes"},"schema":{"@context":"https:\/\/schema.org","@graph":[{"@type":"WebPage","@id":"https:\/\/deenswonen.nl\/fr\/produit\/vintage-nilsjohan-suede-punchbowl-avec-verres\/","url":"https:\/\/deenswonen.nl\/fr\/produit\/vintage-nilsjohan-suede-punchbowl-avec-verres\/","name":"Bol \u00e0 punch vintage Nilsjohan Su\u00e8de avec verres - Vie danoise","isPartOf":{"@id":"https:\/\/deenswonen.nl\/fr\/#website"},"primaryImageOfPage":{"@id":"https:\/\/deenswonen.nl\/fr\/produit\/vintage-nilsjohan-suede-punchbowl-avec-verres\/#primaryimage"},"image":{"@id":"https:\/\/deenswonen.nl\/fr\/produit\/vintage-nilsjohan-suede-punchbowl-avec-verres\/#primaryimage"},"thumbnailUrl":"https:\/\/i0.wp.com\/deenswonen.nl\/wp-content\/uploads\/2022\/01\/C6B3B10D-FED1-409E-AAD7-CBA45F3D233F_1_201_a-scaled.jpeg?fit=2560%2C1920&ssl=1","datePublished":"2022-01-30T16:10:16+00:00","dateModified":"2023-11-20T09:56:20+00:00","description":"Beau bol \u00e0 punch vintage Nilsjohan Sweden avec verres assortis. Cet ensemble est la pi\u00e8ce ma\u00eetresse de chaque table. Regardez ici pour plus","breadcrumb":{"@id":"https:\/\/deenswonen.nl\/fr\/produit\/vintage-nilsjohan-suede-punchbowl-avec-verres\/#breadcrumb"},"inLanguage":"fr-FR","potentialAction":[{"@type":"ReadAction","target":["https:\/\/deenswonen.nl\/fr\/produit\/vintage-nilsjohan-suede-punchbowl-avec-verres\/"]}]},{"@type":"ImageObject","inLanguage":"fr-FR","@id":"https:\/\/deenswonen.nl\/fr\/produit\/vintage-nilsjohan-suede-punchbowl-avec-verres\/#primaryimage","url":"https:\/\/i0.wp.com\/deenswonen.nl\/wp-content\/uploads\/2022\/01\/C6B3B10D-FED1-409E-AAD7-CBA45F3D233F_1_201_a-scaled.jpeg?fit=2560%2C1920&ssl=1","contentUrl":"https:\/\/i0.wp.com\/deenswonen.nl\/wp-content\/uploads\/2022\/01\/C6B3B10D-FED1-409E-AAD7-CBA45F3D233F_1_201_a-scaled.jpeg?fit=2560%2C1920&ssl=1","width":2560,"height":1920,"caption":"Image du bol \u00e0 punch Nilsjohan Sweden pr\u00e9sent\u00e9 dans cette publicit\u00e9."},{"@type":"BreadcrumbList","@id":"https:\/\/deenswonen.nl\/fr\/produit\/vintage-nilsjohan-suede-punchbowl-avec-verres\/#breadcrumb","itemListElement":[{"@type":"ListItem","position":1,"name":"Home","item":"https:\/\/deenswonen.nl\/fr\/"},{"@type":"ListItem","position":2,"name":"Winkel","item":"https:\/\/deenswonen.nl\/winkel\/"},{"@type":"ListItem","position":3,"name":"Bol \u00e0 punch vintage Nilsjohan Su\u00e8de avec verres"}]},{"@type":"WebSite","@id":"https:\/\/deenswonen.nl\/fr\/#website","url":"https:\/\/deenswonen.nl\/fr\/","name":"Deens wonen","description":"Accessoires de maison vintage scandinaves","publisher":{"@id":"https:\/\/deenswonen.nl\/fr\/#organization"},"potentialAction":[{"@type":"SearchAction","target":{"@type":"EntryPoint","urlTemplate":"https:\/\/deenswonen.nl\/fr\/?s={search_term_string}"},"query-input":{"@type":"PropertyValueSpecification","valueRequired":true,"valueName":"search_term_string"}}],"inLanguage":"fr-FR"},{"@type":"Organization","@id":"https:\/\/deenswonen.nl\/fr\/#organization","name":"Vie danoise","url":"https:\/\/deenswonen.nl\/fr\/","logo":{"@type":"ImageObject","inLanguage":"fr-FR","@id":"https:\/\/deenswonen.nl\/fr\/#\/schema\/logo\/image\/","url":"https:\/\/i0.wp.com\/deenswonen.nl\/wp-content\/uploads\/2021\/11\/51ECE736-8380-4D65-ACA6-DE74174F3C35_1_201_a.jpeg?fit=1200%2C675&ssl=1","contentUrl":"https:\/\/i0.wp.com\/deenswonen.nl\/wp-content\/uploads\/2021\/11\/51ECE736-8380-4D65-ACA6-DE74174F3C35_1_201_a.jpeg?fit=1200%2C675&ssl=1","width":1200,"height":675,"caption":"Vie danoise"},"image":{"@id":"https:\/\/deenswonen.nl\/fr\/#\/schema\/logo\/image\/"}}]}},"jetpack_sharing_enabled":true,"_links":{"self":[{"href":"https:\/\/deenswonen.nl\/fr\/wp-json\/wp\/v2\/product\/6454","targetHints":{"allow":["GET"]}}],"collection":[{"href":"https:\/\/deenswonen.nl\/fr\/wp-json\/wp\/v2\/product"}],"about":[{"href":"https:\/\/deenswonen.nl\/fr\/wp-json\/wp\/v2\/types\/product"}],"wp:featuredmedia":[{"embeddable":true,"href":"https:\/\/deenswonen.nl\/fr\/wp-json\/wp\/v2\/media\/5909"}],"wp:attachment":[{"href":"https:\/\/deenswonen.nl\/fr\/wp-json\/wp\/v2\/media?parent=6454"}],"wp:term":[{"taxonomy":"product_brand","embeddable":true,"href":"https:\/\/deenswonen.nl\/fr\/wp-json\/wp\/v2\/product_brand?post=6454"},{"taxonomy":"product_cat","embeddable":true,"href":"https:\/\/deenswonen.nl\/fr\/wp-json\/wp\/v2\/product_cat?post=6454"},{"taxonomy":"product_tag","embeddable":true,"href":"https:\/\/deenswonen.nl\/fr\/wp-json\/wp\/v2\/product_tag?post=6454"}],"curies":[{"name":"wp","href":"https:\/\/api.w.org\/{rel}","templated":true}]}}