{"id":6428,"date":"2021-12-20T16:09:11","date_gmt":"2021-12-20T15:09:11","guid":{"rendered":"https:\/\/deenswonen.nl\/product\/iittala-ballo-porte-bougie-chauffe-plat-transparent-lot-de-2\/"},"modified":"2023-04-16T09:31:56","modified_gmt":"2023-04-16T07:31:56","slug":"iittala-ballo-photophore-photophore-transparent-ensemble-de-2","status":"publish","type":"product","link":"https:\/\/deenswonen.nl\/fr\/produit\/iittala-ballo-photophore-photophore-transparent-ensemble-de-2\/","title":{"rendered":"Iittala Ballo Porte-bougie chauffe-plat transparent (lot de 2)"},"content":{"rendered":"<h2 id=\"tw-target-text\" class=\"tw-data-text tw-text-large XcVN5d tw-ta\" dir=\"ltr\" data-placeholder=\"Vertaling\">Iittala Ballo Porte-bougie chauffe-plat transparent (lot de 2)<\/h2>\n<p id=\"tw-target-text\" class=\"tw-data-text tw-text-large XcVN5d tw-ta\" dir=\"ltr\" data-placeholder=\"Vertaling\">Magnifiques photophores Iittala Ballo Votive de couleur claire. Les photophores iittala Ballo sont press\u00e9s \u00e0 la main dans la verrerie d&rsquo;Iittala en Finlande. Ils ont \u00e9galement \u00e9t\u00e9 publi\u00e9s dans une large gamme de couleurs. Iittala a produit chaque Ballo selon sa propre recette de verre d\u00e9velopp\u00e9e pour cette couleur. Cela donne au verre \u00e9pais une douce lueur. Cela ajoute une atmosph\u00e8re chaleureuse \u00e0 n&rsquo;importe quel int\u00e9rieur. De plus, les lumi\u00e8res d&rsquo;ambiance en bas ont cinq pieds sur lesquels se tient le support.<\/p>\n<p>Ce porte-bougie Ballo Votive de couleur claire souligne le design simple et \u00e9l\u00e9gant de ce porte-bougie. Par exemple, combinez ces Ballo&rsquo;s avec les Iittale Kivis de diff\u00e9rentes couleurs. Cela vous permet de concevoir votre propre environnement scandinave. Le photophore Iittala Ballo bleu clair ajoute un \u00e9l\u00e9ment subtil \u00e0 n&rsquo;importe quel int\u00e9rieur. Vous cr\u00e9ez ainsi une ambiance douce. C&rsquo;est donc un cadeau parfait pour les mariages, les anniversaires ou les anniversaires. La lumi\u00e8re d&rsquo;ambiance convient aux bougies chauffe-plat.<\/p>\n<h2>Conception<span lang=\"nl\">Iittala Ballo<\/span> <\/h2>\n<p>Le photophore Iittala Ballo Votive a \u00e9t\u00e9 produit entre 1990 et 1999. Le Ballo a \u00e9t\u00e9 con\u00e7u par l&rsquo;artiste verrier finlandais Annaleena Hakatie. C&rsquo;est un objet de design moderne et fonctionnel. La particularit\u00e9 des iittala Ballo&rsquo;s est qu&rsquo;ils sont enti\u00e8rement en verre color\u00e9. Ceci est en contraste avec d&rsquo;autres photophores o\u00f9 le verre est peint \u00e0 l&rsquo;ext\u00e9rieur. La technique du verre color\u00e9 de part en part permet d&rsquo;obtenir une couleur particuli\u00e8rement riche.<\/p>\n<h2 id=\"tw-target-text\" class=\"tw-data-text tw-text-large XcVN5d tw-ta\" dir=\"ltr\" data-placeholder=\"Vertaling\"><span lang=\"nl\">Sp\u00e9cifications Iittala Ballo photophore transparent<\/span><\/h2>\n<p class=\"tw-data-text tw-text-large XcVN5d tw-ta\" dir=\"ltr\" data-placeholder=\"Vertaling\"><span lang=\"nl\">Ces deux<\/span>photophores Iittala Ballo Votive transparents <span lang=\"nl\">ont environ 25 ans et sont en bon \u00e9tat<\/span>. <span lang=\"nl\">Les porte-bougies chauffe-plat n&rsquo;ont aucun dommage ni \u00e9clat.<\/span><\/p>\n<p class=\"tw-data-text tw-text-large XcVN5d tw-ta\" dir=\"ltr\" data-placeholder=\"Vertaling\"> <span lang=\"nl\">La hauteur<\/span> <span lang=\"nl\">est<\/span> <span lang=\"nl\">de 45 mm et le diam\u00e8tre est de 93 mm.<\/span><\/p>\n<p>Ces <span lang=\"nl\">photophores<\/span> ont environ 25 ans, c&rsquo;est pourquoi nous vous demandons de bien regarder les photos. Cela vous donnera une bonne impression de l&rsquo;\u00e9tat des <span lang=\"nl\">photophores<\/span>. Nous pouvons avoir plusieurs couleurs de <span lang=\"nl\">porte-bougies <\/span><a href=\"https:\/\/deenswonen.nl\/product-categorie\/merken\/iittala\/\">Ballodisponibles<\/a>.<\/p>\n<p>Nous exp\u00e9dions tous nos produits soigneusement emball\u00e9s avec Post NL. Nos produits peuvent \u00e9galement \u00eatre retir\u00e9s sur rendez-vous \u00e0 Berkel en Rodenrijs.<\/p>\n","protected":false},"excerpt":{"rendered":"<p id=\"tw-target-text\" class=\"tw-data-text tw-text-large XcVN5d tw-ta\" dir=\"ltr\" data-placeholder=\"Vertaling\">Magnifiques photophores Iittala Ballo Votive de couleur claire. Les photophores iittala Ballo sont press\u00e9s \u00e0 la main dans la verrerie d&rsquo;Iittala en Finlande. Ils ont \u00e9galement \u00e9t\u00e9 publi\u00e9s dans une large gamme de couleurs. Iittala produit chaque kivi selon sa propre recette de verre d\u00e9velopp\u00e9e pour cette couleur. Cela donne au verre \u00e9pais une douce lueur. Cela ajoute une atmosph\u00e8re chaleureuse \u00e0 n&rsquo;importe quel int\u00e9rieur. De plus, les lumi\u00e8res d&rsquo;ambiance en bas ont cinq pieds sur lesquels se tient le support.<\/p>\n<p>Ce photophore Ballo Votive de couleur claire souligne le design simple et \u00e9l\u00e9gant de ces photophores. Par exemple, combinez ces Ballo&rsquo;s avec les Iittale Kivis de diff\u00e9rentes couleurs. Cela vous permet de concevoir votre propre environnement scandinave. Le photophore transparent Iittala Ballo ajoute un \u00e9l\u00e9ment subtil \u00e0 n&rsquo;importe quel int\u00e9rieur. Vous cr\u00e9ez ainsi une ambiance douce. C&rsquo;est donc un cadeau parfait pour les mariages, les anniversaires ou les anniversaires. La lumi\u00e8re d&rsquo;ambiance convient aux bougies chauffe-plat.<\/p>\n<p>Ces <span lang=\"nl\">photophores<\/span> ont environ 25 ans, c&rsquo;est pourquoi nous vous demandons de bien regarder les photos. Cela vous donnera une bonne impression de l&rsquo;\u00e9tat des <span lang=\"nl\">photophores<\/span>. Nous pouvons avoir plusieurs couleurs de <span lang=\"nl\">porte-bougies <\/span><a href=\"https:\/\/deenswonen.nl\/product-categorie\/merken\/iittala\/\">Ballodisponibles<\/a>.<\/p>\n<p>Nous exp\u00e9dions tous nos produits soigneusement emball\u00e9s avec Post NL. Nos produits peuvent \u00e9galement \u00eatre retir\u00e9s sur rendez-vous \u00e0 Berkel en Rodenrijs.<\/p>\n","protected":false},"featured_media":8112,"template":"","meta":[],"product_brand":[],"product_cat":[217,211,219,216],"product_tag":[],"class_list":{"0":"post-6428","1":"product","2":"type-product","3":"status-publish","4":"has-post-thumbnail","6":"product_cat-chandeliers","7":"product_cat-iittala-fr","8":"product_cat-populaire-fr","9":"product_cat-vient-darriver-fr","10":"thunk-woo-product-list","11":"opn-qv-enable","12":"top-store-woo-hover-swap","13":"top-store-single-product-tab-horizontal","14":"top-store-shadow-","15":"top-store-shadow-hover-","17":"first","18":"outofstock","19":"taxable","20":"shipping-taxable","21":"purchasable","22":"product-type-simple"},"yoast_head":"<!-- This site is optimized with the Yoast SEO plugin v27.3 - https:\/\/yoast.com\/product\/yoast-seo-wordpress\/ -->\n<title>Vie danoise<\/title>\n<meta name=\"description\" content=\"Le porte-bougie chauffe-plat vintage Iittala Ballo transparent accentue le design simple et \u00e9l\u00e9gant de ce porte-bougie chauffe-plat. Regardez ici\" \/>\n<meta name=\"robots\" content=\"index, follow, max-snippet:-1, max-image-preview:large, max-video-preview:-1\" \/>\n<link rel=\"canonical\" href=\"https:\/\/deenswonen.nl\/fr\/produit\/iittala-ballo-photophore-photophore-transparent-ensemble-de-2\/\" \/>\n<meta property=\"og:locale\" content=\"fr_FR\" \/>\n<meta property=\"og:type\" content=\"article\" \/>\n<meta property=\"og:description\" content=\"Le porte-bougie chauffe-plat vintage Iittala Ballo transparent accentue le design simple et \u00e9l\u00e9gant de ce porte-bougie chauffe-plat. Regardez ici\" \/>\n<meta property=\"og:url\" content=\"https:\/\/deenswonen.nl\/fr\/produit\/iittala-ballo-photophore-photophore-transparent-ensemble-de-2\/\" \/>\n<meta property=\"og:site_name\" content=\"Vie danoise\" \/>\n<meta property=\"article:modified_time\" content=\"2023-04-16T07:31:56+00:00\" \/>\n<meta property=\"og:image\" content=\"https:\/\/deenswonen.nl\/wp-content\/uploads\/2021\/12\/5DA26817-E3F4-43AD-8346-6019FAA230F7.jpeg\" \/>\n\t<meta property=\"og:image:width\" content=\"640\" \/>\n\t<meta property=\"og:image:height\" content=\"480\" \/>\n\t<meta property=\"og:image:type\" content=\"image\/jpeg\" \/>\n<meta name=\"twitter:card\" content=\"summary_large_image\" \/>\n<meta name=\"twitter:label1\" content=\"Dur\u00e9e de lecture estim\u00e9e\" \/>\n\t<meta name=\"twitter:data1\" content=\"2 minutes\" \/>\n<script type=\"application\/ld+json\" class=\"yoast-schema-graph\">{\"@context\":\"https:\\\/\\\/schema.org\",\"@graph\":[{\"@type\":\"WebPage\",\"@id\":\"https:\\\/\\\/deenswonen.nl\\\/fr\\\/produit\\\/iittala-ballo-photophore-photophore-transparent-ensemble-de-2\\\/\",\"url\":\"https:\\\/\\\/deenswonen.nl\\\/fr\\\/produit\\\/iittala-ballo-photophore-photophore-transparent-ensemble-de-2\\\/\",\"name\":\"\",\"isPartOf\":{\"@id\":\"https:\\\/\\\/deenswonen.nl\\\/fr\\\/#website\"},\"primaryImageOfPage\":{\"@id\":\"https:\\\/\\\/deenswonen.nl\\\/fr\\\/produit\\\/iittala-ballo-photophore-photophore-transparent-ensemble-de-2\\\/#primaryimage\"},\"image\":{\"@id\":\"https:\\\/\\\/deenswonen.nl\\\/fr\\\/produit\\\/iittala-ballo-photophore-photophore-transparent-ensemble-de-2\\\/#primaryimage\"},\"thumbnailUrl\":\"https:\\\/\\\/i0.wp.com\\\/deenswonen.nl\\\/wp-content\\\/uploads\\\/2021\\\/12\\\/5DA26817-E3F4-43AD-8346-6019FAA230F7.jpeg?fit=640%2C480&ssl=1\",\"datePublished\":\"2021-12-20T15:09:11+00:00\",\"dateModified\":\"2023-04-16T07:31:56+00:00\",\"description\":\"Le porte-bougie chauffe-plat vintage Iittala Ballo transparent accentue le design simple et \u00e9l\u00e9gant de ce porte-bougie chauffe-plat. Regardez ici\",\"breadcrumb\":{\"@id\":\"https:\\\/\\\/deenswonen.nl\\\/fr\\\/produit\\\/iittala-ballo-photophore-photophore-transparent-ensemble-de-2\\\/#breadcrumb\"},\"inLanguage\":\"fr-FR\",\"potentialAction\":[{\"@type\":\"ReadAction\",\"target\":[\"https:\\\/\\\/deenswonen.nl\\\/fr\\\/produit\\\/iittala-ballo-photophore-photophore-transparent-ensemble-de-2\\\/\"]}]},{\"@type\":\"ImageObject\",\"inLanguage\":\"fr-FR\",\"@id\":\"https:\\\/\\\/deenswonen.nl\\\/fr\\\/produit\\\/iittala-ballo-photophore-photophore-transparent-ensemble-de-2\\\/#primaryimage\",\"url\":\"https:\\\/\\\/i0.wp.com\\\/deenswonen.nl\\\/wp-content\\\/uploads\\\/2021\\\/12\\\/5DA26817-E3F4-43AD-8346-6019FAA230F7.jpeg?fit=640%2C480&ssl=1\",\"contentUrl\":\"https:\\\/\\\/i0.wp.com\\\/deenswonen.nl\\\/wp-content\\\/uploads\\\/2021\\\/12\\\/5DA26817-E3F4-43AD-8346-6019FAA230F7.jpeg?fit=640%2C480&ssl=1\",\"width\":640,\"height\":480,\"caption\":\"Afbeelding van de Iittala Ballo Votive waxinelichthouders in de kleur helder die in deze advertentie wordt aangeboden.\"},{\"@type\":\"BreadcrumbList\",\"@id\":\"https:\\\/\\\/deenswonen.nl\\\/fr\\\/produit\\\/iittala-ballo-photophore-photophore-transparent-ensemble-de-2\\\/#breadcrumb\",\"itemListElement\":[{\"@type\":\"ListItem\",\"position\":1,\"name\":\"Home\",\"item\":\"https:\\\/\\\/deenswonen.nl\\\/fr\\\/\"},{\"@type\":\"ListItem\",\"position\":2,\"name\":\"Winkel\",\"item\":\"https:\\\/\\\/deenswonen.nl\\\/winkel\\\/\"},{\"@type\":\"ListItem\",\"position\":3,\"name\":\"Iittala Ballo Porte-bougie chauffe-plat transparent (lot de 2)\"}]},{\"@type\":\"WebSite\",\"@id\":\"https:\\\/\\\/deenswonen.nl\\\/fr\\\/#website\",\"url\":\"https:\\\/\\\/deenswonen.nl\\\/fr\\\/\",\"name\":\"Deens wonen\",\"description\":\"Accessoires de maison vintage scandinaves\",\"publisher\":{\"@id\":\"https:\\\/\\\/deenswonen.nl\\\/fr\\\/#organization\"},\"potentialAction\":[{\"@type\":\"SearchAction\",\"target\":{\"@type\":\"EntryPoint\",\"urlTemplate\":\"https:\\\/\\\/deenswonen.nl\\\/fr\\\/?s={search_term_string}\"},\"query-input\":{\"@type\":\"PropertyValueSpecification\",\"valueRequired\":true,\"valueName\":\"search_term_string\"}}],\"inLanguage\":\"fr-FR\"},{\"@type\":\"Organization\",\"@id\":\"https:\\\/\\\/deenswonen.nl\\\/fr\\\/#organization\",\"name\":\"Vie danoise\",\"url\":\"https:\\\/\\\/deenswonen.nl\\\/fr\\\/\",\"logo\":{\"@type\":\"ImageObject\",\"inLanguage\":\"fr-FR\",\"@id\":\"https:\\\/\\\/deenswonen.nl\\\/fr\\\/#\\\/schema\\\/logo\\\/image\\\/\",\"url\":\"https:\\\/\\\/i0.wp.com\\\/deenswonen.nl\\\/wp-content\\\/uploads\\\/2021\\\/11\\\/51ECE736-8380-4D65-ACA6-DE74174F3C35_1_201_a.jpeg?fit=1200%2C675&ssl=1\",\"contentUrl\":\"https:\\\/\\\/i0.wp.com\\\/deenswonen.nl\\\/wp-content\\\/uploads\\\/2021\\\/11\\\/51ECE736-8380-4D65-ACA6-DE74174F3C35_1_201_a.jpeg?fit=1200%2C675&ssl=1\",\"width\":1200,\"height\":675,\"caption\":\"Vie danoise\"},\"image\":{\"@id\":\"https:\\\/\\\/deenswonen.nl\\\/fr\\\/#\\\/schema\\\/logo\\\/image\\\/\"}}]}<\/script>\n<!-- \/ Yoast SEO plugin. -->","yoast_head_json":{"title":"Vie danoise","description":"Le porte-bougie chauffe-plat vintage Iittala Ballo transparent accentue le design simple et \u00e9l\u00e9gant de ce porte-bougie chauffe-plat. Regardez ici","robots":{"index":"index","follow":"follow","max-snippet":"max-snippet:-1","max-image-preview":"max-image-preview:large","max-video-preview":"max-video-preview:-1"},"canonical":"https:\/\/deenswonen.nl\/fr\/produit\/iittala-ballo-photophore-photophore-transparent-ensemble-de-2\/","og_locale":"fr_FR","og_type":"article","og_description":"Le porte-bougie chauffe-plat vintage Iittala Ballo transparent accentue le design simple et \u00e9l\u00e9gant de ce porte-bougie chauffe-plat. Regardez ici","og_url":"https:\/\/deenswonen.nl\/fr\/produit\/iittala-ballo-photophore-photophore-transparent-ensemble-de-2\/","og_site_name":"Vie danoise","article_modified_time":"2023-04-16T07:31:56+00:00","og_image":[{"width":640,"height":480,"url":"https:\/\/deenswonen.nl\/wp-content\/uploads\/2021\/12\/5DA26817-E3F4-43AD-8346-6019FAA230F7.jpeg","type":"image\/jpeg"}],"twitter_card":"summary_large_image","twitter_misc":{"Dur\u00e9e de lecture estim\u00e9e":"2 minutes"},"schema":{"@context":"https:\/\/schema.org","@graph":[{"@type":"WebPage","@id":"https:\/\/deenswonen.nl\/fr\/produit\/iittala-ballo-photophore-photophore-transparent-ensemble-de-2\/","url":"https:\/\/deenswonen.nl\/fr\/produit\/iittala-ballo-photophore-photophore-transparent-ensemble-de-2\/","name":"","isPartOf":{"@id":"https:\/\/deenswonen.nl\/fr\/#website"},"primaryImageOfPage":{"@id":"https:\/\/deenswonen.nl\/fr\/produit\/iittala-ballo-photophore-photophore-transparent-ensemble-de-2\/#primaryimage"},"image":{"@id":"https:\/\/deenswonen.nl\/fr\/produit\/iittala-ballo-photophore-photophore-transparent-ensemble-de-2\/#primaryimage"},"thumbnailUrl":"https:\/\/i0.wp.com\/deenswonen.nl\/wp-content\/uploads\/2021\/12\/5DA26817-E3F4-43AD-8346-6019FAA230F7.jpeg?fit=640%2C480&ssl=1","datePublished":"2021-12-20T15:09:11+00:00","dateModified":"2023-04-16T07:31:56+00:00","description":"Le porte-bougie chauffe-plat vintage Iittala Ballo transparent accentue le design simple et \u00e9l\u00e9gant de ce porte-bougie chauffe-plat. Regardez ici","breadcrumb":{"@id":"https:\/\/deenswonen.nl\/fr\/produit\/iittala-ballo-photophore-photophore-transparent-ensemble-de-2\/#breadcrumb"},"inLanguage":"fr-FR","potentialAction":[{"@type":"ReadAction","target":["https:\/\/deenswonen.nl\/fr\/produit\/iittala-ballo-photophore-photophore-transparent-ensemble-de-2\/"]}]},{"@type":"ImageObject","inLanguage":"fr-FR","@id":"https:\/\/deenswonen.nl\/fr\/produit\/iittala-ballo-photophore-photophore-transparent-ensemble-de-2\/#primaryimage","url":"https:\/\/i0.wp.com\/deenswonen.nl\/wp-content\/uploads\/2021\/12\/5DA26817-E3F4-43AD-8346-6019FAA230F7.jpeg?fit=640%2C480&ssl=1","contentUrl":"https:\/\/i0.wp.com\/deenswonen.nl\/wp-content\/uploads\/2021\/12\/5DA26817-E3F4-43AD-8346-6019FAA230F7.jpeg?fit=640%2C480&ssl=1","width":640,"height":480,"caption":"Afbeelding van de Iittala Ballo Votive waxinelichthouders in de kleur helder die in deze advertentie wordt aangeboden."},{"@type":"BreadcrumbList","@id":"https:\/\/deenswonen.nl\/fr\/produit\/iittala-ballo-photophore-photophore-transparent-ensemble-de-2\/#breadcrumb","itemListElement":[{"@type":"ListItem","position":1,"name":"Home","item":"https:\/\/deenswonen.nl\/fr\/"},{"@type":"ListItem","position":2,"name":"Winkel","item":"https:\/\/deenswonen.nl\/winkel\/"},{"@type":"ListItem","position":3,"name":"Iittala Ballo Porte-bougie chauffe-plat transparent (lot de 2)"}]},{"@type":"WebSite","@id":"https:\/\/deenswonen.nl\/fr\/#website","url":"https:\/\/deenswonen.nl\/fr\/","name":"Deens wonen","description":"Accessoires de maison vintage scandinaves","publisher":{"@id":"https:\/\/deenswonen.nl\/fr\/#organization"},"potentialAction":[{"@type":"SearchAction","target":{"@type":"EntryPoint","urlTemplate":"https:\/\/deenswonen.nl\/fr\/?s={search_term_string}"},"query-input":{"@type":"PropertyValueSpecification","valueRequired":true,"valueName":"search_term_string"}}],"inLanguage":"fr-FR"},{"@type":"Organization","@id":"https:\/\/deenswonen.nl\/fr\/#organization","name":"Vie danoise","url":"https:\/\/deenswonen.nl\/fr\/","logo":{"@type":"ImageObject","inLanguage":"fr-FR","@id":"https:\/\/deenswonen.nl\/fr\/#\/schema\/logo\/image\/","url":"https:\/\/i0.wp.com\/deenswonen.nl\/wp-content\/uploads\/2021\/11\/51ECE736-8380-4D65-ACA6-DE74174F3C35_1_201_a.jpeg?fit=1200%2C675&ssl=1","contentUrl":"https:\/\/i0.wp.com\/deenswonen.nl\/wp-content\/uploads\/2021\/11\/51ECE736-8380-4D65-ACA6-DE74174F3C35_1_201_a.jpeg?fit=1200%2C675&ssl=1","width":1200,"height":675,"caption":"Vie danoise"},"image":{"@id":"https:\/\/deenswonen.nl\/fr\/#\/schema\/logo\/image\/"}}]}},"jetpack_sharing_enabled":true,"_links":{"self":[{"href":"https:\/\/deenswonen.nl\/fr\/wp-json\/wp\/v2\/product\/6428","targetHints":{"allow":["GET"]}}],"collection":[{"href":"https:\/\/deenswonen.nl\/fr\/wp-json\/wp\/v2\/product"}],"about":[{"href":"https:\/\/deenswonen.nl\/fr\/wp-json\/wp\/v2\/types\/product"}],"wp:featuredmedia":[{"embeddable":true,"href":"https:\/\/deenswonen.nl\/fr\/wp-json\/wp\/v2\/media\/8112"}],"wp:attachment":[{"href":"https:\/\/deenswonen.nl\/fr\/wp-json\/wp\/v2\/media?parent=6428"}],"wp:term":[{"taxonomy":"product_brand","embeddable":true,"href":"https:\/\/deenswonen.nl\/fr\/wp-json\/wp\/v2\/product_brand?post=6428"},{"taxonomy":"product_cat","embeddable":true,"href":"https:\/\/deenswonen.nl\/fr\/wp-json\/wp\/v2\/product_cat?post=6428"},{"taxonomy":"product_tag","embeddable":true,"href":"https:\/\/deenswonen.nl\/fr\/wp-json\/wp\/v2\/product_tag?post=6428"}],"curies":[{"name":"wp","href":"https:\/\/api.w.org\/{rel}","templated":true}]}}