{"id":6416,"date":"2021-12-19T15:55:26","date_gmt":"2021-12-19T14:55:26","guid":{"rendered":"https:\/\/deenswonen.nl\/product\/pare-graisse-piet-hein-pour-les-bougeoirs-en-acier-inoxydable\/"},"modified":"2023-04-16T09:37:38","modified_gmt":"2023-04-16T07:37:38","slug":"piet-hein-graisse-guard-pour-les-chandeliers-en-acier-inoxydable","status":"publish","type":"product","link":"https:\/\/deenswonen.nl\/fr\/produit\/piet-hein-graisse-guard-pour-les-chandeliers-en-acier-inoxydable\/","title":{"rendered":"Pare-graisse Piet Hein pour les bougeoirs en acier inoxydable"},"content":{"rendered":"<h2 dir=\"ltr\" data-placeholder=\"Vertaling\">Pare-graisse Piet Hein pour les bougeoirs en acier inoxydable<\/h2>\n<p dir=\"ltr\" data-placeholder=\"Vertaling\">Pare-graisse Piet Hein dans la version en acier inoxydable. Associez cet anneau \u00e0 vos bougeoirs Piet Hein pour r\u00e9cup\u00e9rer la cire de bougie qui coule. Placez l&rsquo;anneau sur le dessus du chandelier. Placez ensuite la bougie. L&rsquo;anneau r\u00e9cup\u00e8re la cire de bougie qui coule et emp\u00eache votre chandelier de se salir.<\/p>\n<h2 id=\"tw-target-text\" class=\"tw-data-text tw-text-large XcVN5d tw-ta\" dir=\"ltr\" data-placeholder=\"Vertaling\"><span lang=\"nl\">Bougeoirs design Piet Hein<\/span><\/h2>\n<p class=\"tw-data-text tw-text-large XcVN5d tw-ta\" dir=\"ltr\" data-placeholder=\"Vertaling\"><span lang=\"nl\">Apportez du style \u00e0 votre int\u00e9rieur avec cet \u00e9l\u00e9gant bougeoir Piet Hein et acier inoxydable. Depuis la nuit des temps, l&rsquo;homme s&rsquo;est rassembl\u00e9 et a \u00e9t\u00e9 fascin\u00e9 par le feu. Ce que ces bougeoirs Piet Hein ont en commun est l&rsquo;expression simple qui les rend extr\u00eamement adapt\u00e9s \u00e0 n&rsquo;importe quelle maison avec leur design intemporel. Les bougeoirs Piet Hein sont disponibles dans de nombreux mod\u00e8les et tailles diff\u00e9rents. Donc, que vous aimiez les petits bougeoirs de la s\u00e9rie Mini ou le look plus grandiose que vous trouverez avec la s\u00e9rie MAXI, il devrait y avoir quelque chose pour chaque maison.<\/span><\/p>\n<h2 id=\"tw-target-text\" class=\"tw-data-text tw-text-large XcVN5d tw-ta\" dir=\"ltr\" data-placeholder=\"Vertaling\"><span lang=\"nl\">Sp\u00e9cifications Pare-graisse Piet Hein<\/span><\/h2>\n<p class=\"tw-data-text tw-text-large XcVN5d tw-ta\" dir=\"ltr\" data-placeholder=\"Vertaling\"><span lang=\"nl\">Cette bague en acier inoxydable a environ 2 ans et est en bon \u00e9tat. Les<\/span><span lang=\"nl\"> les dimensions sont : \u00d8 4,5 cm.<\/span><\/p>\n<h2>Histoire Piet Hein<\/h2>\n<p id=\"tw-target-text\" class=\"tw-data-text tw-text-large XcVN5d tw-ta\" dir=\"ltr\" data-placeholder=\"Vertaling\"><span lang=\"nl\">Tout au long de sa vie, il a grandi et s&rsquo;est exprim\u00e9 \u00e0 la fois en tant qu&rsquo;artiste et en tant que scientifique. Il est qualifi\u00e9 d&rsquo;universaliste. La touche sp\u00e9ciale de Piet Hein est la sup\u00e9riorit\u00e9 de la forme par rapport aux objectifs, au support et \u2013 d&rsquo;ailleurs \u2013 au contenu. L&rsquo;univers de Piet Hein est presque l&rsquo;incarnation du design. Son style reconnaissable de langage et de mat\u00e9riaux fait du design un art. En 1944, Piet Hein expliqua sa m\u00e9thode comme suit : <\/span><\/p>\n<blockquote>\n<p class=\"tw-data-text tw-text-large XcVN5d tw-ta\" dir=\"ltr\" data-placeholder=\"Vertaling\"><span lang=\"nl\">\u00ab\u00a0L&rsquo;art est la solution aux probl\u00e8mes qui ne peuvent \u00eatre clairement formul\u00e9s tant qu&rsquo;ils ne sont pas r\u00e9solus.\u00a0\u00bb <\/span><\/p>\n<\/blockquote>\n<p>Cette bague a environ 2 ans, c&rsquo;est pourquoi nous vous demandons de bien regarder les photos. Cela vous donnera une bonne impression de l&rsquo;\u00e9tat de la bague. Nous avons \u00e9galement les chandeliers assortis de Piet Hein disponibles si <a href=\"https:\/\/scandinavischelampen.nl\/product-categorie\/merken\/piet-hein\/\">n\u00e9cessaire<\/a>.<\/p>\n<p>Nous exp\u00e9dions tous nos produits soigneusement emball\u00e9s avec Post NL. Nos produits peuvent \u00e9galement \u00eatre retir\u00e9s sur rendez-vous \u00e0 Berkel en Rodenrijs.<\/p>\n","protected":false},"excerpt":{"rendered":"<p>Pare-graisse Piet Hein dans la version en acier inoxydable. Associez cet anneau \u00e0 vos bougeoirs Piet Hein pour r\u00e9cup\u00e9rer la cire de bougie qui coule.<\/p>\n<p>&nbsp;<\/p>\n<ul>\n<li><strong>Conception scandinave<\/strong><\/li>\n<li><strong>Livraison internationale<\/strong><\/li>\n<li><strong>D\u00e9lai de r\u00e9flexion de 14 jours<\/strong><\/li>\n<\/ul>\n","protected":false},"featured_media":5571,"template":"","meta":[],"product_brand":[],"product_cat":[217,232,219,216],"product_tag":[],"class_list":{"0":"post-6416","1":"product","2":"type-product","3":"status-publish","4":"has-post-thumbnail","6":"product_cat-chandeliers","7":"product_cat-piet-hein-fr","8":"product_cat-populaire-fr","9":"product_cat-vient-darriver-fr","10":"thunk-woo-product-list","11":"opn-qv-enable","12":"top-store-woo-hover-swap","13":"top-store-single-product-tab-horizontal","14":"top-store-shadow-","15":"top-store-shadow-hover-","17":"first","18":"instock","19":"taxable","20":"shipping-taxable","21":"purchasable","22":"product-type-simple"},"yoast_head":"<!-- This site is optimized with the Yoast SEO plugin v27.3 - https:\/\/yoast.com\/product\/yoast-seo-wordpress\/ -->\n<title>Pare-graisse Piet Hein pour les bougeoirs en acier inoxydable - Vie danoise<\/title>\n<meta name=\"description\" content=\"Apportez du style \u00e0 votre maison avec l&#039;\u00e9l\u00e9gant bougeoir Piet Hein et le pare-graisse en acier inoxydable.Chez Danish living, vous trouverez des accessoires de maison vintage scandinaves\" \/>\n<meta name=\"robots\" content=\"index, follow, max-snippet:-1, max-image-preview:large, max-video-preview:-1\" \/>\n<link rel=\"canonical\" href=\"https:\/\/deenswonen.nl\/fr\/produit\/piet-hein-graisse-guard-pour-les-chandeliers-en-acier-inoxydable\/\" \/>\n<meta property=\"og:locale\" content=\"fr_FR\" \/>\n<meta property=\"og:type\" content=\"article\" \/>\n<meta property=\"og:title\" content=\"Pare-graisse Piet Hein pour les bougeoirs en acier inoxydable - Vie danoise\" \/>\n<meta property=\"og:description\" content=\"Apportez du style \u00e0 votre maison avec l&#039;\u00e9l\u00e9gant bougeoir Piet Hein et le pare-graisse en acier inoxydable.Chez Danish living, vous trouverez des accessoires de maison vintage scandinaves\" \/>\n<meta property=\"og:url\" content=\"https:\/\/deenswonen.nl\/fr\/produit\/piet-hein-graisse-guard-pour-les-chandeliers-en-acier-inoxydable\/\" \/>\n<meta property=\"og:site_name\" content=\"Vie danoise\" \/>\n<meta property=\"article:modified_time\" content=\"2023-04-16T07:37:38+00:00\" \/>\n<meta property=\"og:image\" content=\"https:\/\/deenswonen.nl\/wp-content\/uploads\/2021\/12\/8BDD097B-3958-4859-B99A-AA54EC9A458E.jpeg\" \/>\n\t<meta property=\"og:image:width\" content=\"960\" \/>\n\t<meta property=\"og:image:height\" content=\"1280\" \/>\n\t<meta property=\"og:image:type\" content=\"image\/jpeg\" \/>\n<meta name=\"twitter:card\" content=\"summary_large_image\" \/>\n<meta name=\"twitter:label1\" content=\"Dur\u00e9e de lecture estim\u00e9e\" \/>\n\t<meta name=\"twitter:data1\" content=\"2 minutes\" \/>\n<script type=\"application\/ld+json\" class=\"yoast-schema-graph\">{\"@context\":\"https:\\\/\\\/schema.org\",\"@graph\":[{\"@type\":\"WebPage\",\"@id\":\"https:\\\/\\\/deenswonen.nl\\\/fr\\\/produit\\\/piet-hein-graisse-guard-pour-les-chandeliers-en-acier-inoxydable\\\/\",\"url\":\"https:\\\/\\\/deenswonen.nl\\\/fr\\\/produit\\\/piet-hein-graisse-guard-pour-les-chandeliers-en-acier-inoxydable\\\/\",\"name\":\"Pare-graisse Piet Hein pour les bougeoirs en acier inoxydable - Vie danoise\",\"isPartOf\":{\"@id\":\"https:\\\/\\\/deenswonen.nl\\\/fr\\\/#website\"},\"primaryImageOfPage\":{\"@id\":\"https:\\\/\\\/deenswonen.nl\\\/fr\\\/produit\\\/piet-hein-graisse-guard-pour-les-chandeliers-en-acier-inoxydable\\\/#primaryimage\"},\"image\":{\"@id\":\"https:\\\/\\\/deenswonen.nl\\\/fr\\\/produit\\\/piet-hein-graisse-guard-pour-les-chandeliers-en-acier-inoxydable\\\/#primaryimage\"},\"thumbnailUrl\":\"https:\\\/\\\/i0.wp.com\\\/deenswonen.nl\\\/wp-content\\\/uploads\\\/2021\\\/12\\\/8BDD097B-3958-4859-B99A-AA54EC9A458E.jpeg?fit=960%2C1280&ssl=1\",\"datePublished\":\"2021-12-19T14:55:26+00:00\",\"dateModified\":\"2023-04-16T07:37:38+00:00\",\"description\":\"Apportez du style \u00e0 votre maison avec l'\u00e9l\u00e9gant bougeoir Piet Hein et le pare-graisse en acier inoxydable.Chez Danish living, vous trouverez des accessoires de maison vintage scandinaves\",\"breadcrumb\":{\"@id\":\"https:\\\/\\\/deenswonen.nl\\\/fr\\\/produit\\\/piet-hein-graisse-guard-pour-les-chandeliers-en-acier-inoxydable\\\/#breadcrumb\"},\"inLanguage\":\"fr-FR\",\"potentialAction\":[{\"@type\":\"ReadAction\",\"target\":[\"https:\\\/\\\/deenswonen.nl\\\/fr\\\/produit\\\/piet-hein-graisse-guard-pour-les-chandeliers-en-acier-inoxydable\\\/\"]}]},{\"@type\":\"ImageObject\",\"inLanguage\":\"fr-FR\",\"@id\":\"https:\\\/\\\/deenswonen.nl\\\/fr\\\/produit\\\/piet-hein-graisse-guard-pour-les-chandeliers-en-acier-inoxydable\\\/#primaryimage\",\"url\":\"https:\\\/\\\/i0.wp.com\\\/deenswonen.nl\\\/wp-content\\\/uploads\\\/2021\\\/12\\\/8BDD097B-3958-4859-B99A-AA54EC9A458E.jpeg?fit=960%2C1280&ssl=1\",\"contentUrl\":\"https:\\\/\\\/i0.wp.com\\\/deenswonen.nl\\\/wp-content\\\/uploads\\\/2021\\\/12\\\/8BDD097B-3958-4859-B99A-AA54EC9A458E.jpeg?fit=960%2C1280&ssl=1\",\"width\":960,\"height\":1280,\"caption\":\"Image du pare-graisse Piet Hein propos\u00e9 dans cette publicit\u00e9.\"},{\"@type\":\"BreadcrumbList\",\"@id\":\"https:\\\/\\\/deenswonen.nl\\\/fr\\\/produit\\\/piet-hein-graisse-guard-pour-les-chandeliers-en-acier-inoxydable\\\/#breadcrumb\",\"itemListElement\":[{\"@type\":\"ListItem\",\"position\":1,\"name\":\"Home\",\"item\":\"https:\\\/\\\/deenswonen.nl\\\/fr\\\/\"},{\"@type\":\"ListItem\",\"position\":2,\"name\":\"Winkel\",\"item\":\"https:\\\/\\\/deenswonen.nl\\\/winkel\\\/\"},{\"@type\":\"ListItem\",\"position\":3,\"name\":\"Pare-graisse Piet Hein pour les bougeoirs en acier inoxydable\"}]},{\"@type\":\"WebSite\",\"@id\":\"https:\\\/\\\/deenswonen.nl\\\/fr\\\/#website\",\"url\":\"https:\\\/\\\/deenswonen.nl\\\/fr\\\/\",\"name\":\"Deens wonen\",\"description\":\"Accessoires de maison vintage scandinaves\",\"publisher\":{\"@id\":\"https:\\\/\\\/deenswonen.nl\\\/fr\\\/#organization\"},\"potentialAction\":[{\"@type\":\"SearchAction\",\"target\":{\"@type\":\"EntryPoint\",\"urlTemplate\":\"https:\\\/\\\/deenswonen.nl\\\/fr\\\/?s={search_term_string}\"},\"query-input\":{\"@type\":\"PropertyValueSpecification\",\"valueRequired\":true,\"valueName\":\"search_term_string\"}}],\"inLanguage\":\"fr-FR\"},{\"@type\":\"Organization\",\"@id\":\"https:\\\/\\\/deenswonen.nl\\\/fr\\\/#organization\",\"name\":\"Vie danoise\",\"url\":\"https:\\\/\\\/deenswonen.nl\\\/fr\\\/\",\"logo\":{\"@type\":\"ImageObject\",\"inLanguage\":\"fr-FR\",\"@id\":\"https:\\\/\\\/deenswonen.nl\\\/fr\\\/#\\\/schema\\\/logo\\\/image\\\/\",\"url\":\"https:\\\/\\\/i0.wp.com\\\/deenswonen.nl\\\/wp-content\\\/uploads\\\/2021\\\/11\\\/51ECE736-8380-4D65-ACA6-DE74174F3C35_1_201_a.jpeg?fit=1200%2C675&ssl=1\",\"contentUrl\":\"https:\\\/\\\/i0.wp.com\\\/deenswonen.nl\\\/wp-content\\\/uploads\\\/2021\\\/11\\\/51ECE736-8380-4D65-ACA6-DE74174F3C35_1_201_a.jpeg?fit=1200%2C675&ssl=1\",\"width\":1200,\"height\":675,\"caption\":\"Vie danoise\"},\"image\":{\"@id\":\"https:\\\/\\\/deenswonen.nl\\\/fr\\\/#\\\/schema\\\/logo\\\/image\\\/\"}}]}<\/script>\n<!-- \/ Yoast SEO plugin. -->","yoast_head_json":{"title":"Pare-graisse Piet Hein pour les bougeoirs en acier inoxydable - Vie danoise","description":"Apportez du style \u00e0 votre maison avec l'\u00e9l\u00e9gant bougeoir Piet Hein et le pare-graisse en acier inoxydable.Chez Danish living, vous trouverez des accessoires de maison vintage scandinaves","robots":{"index":"index","follow":"follow","max-snippet":"max-snippet:-1","max-image-preview":"max-image-preview:large","max-video-preview":"max-video-preview:-1"},"canonical":"https:\/\/deenswonen.nl\/fr\/produit\/piet-hein-graisse-guard-pour-les-chandeliers-en-acier-inoxydable\/","og_locale":"fr_FR","og_type":"article","og_title":"Pare-graisse Piet Hein pour les bougeoirs en acier inoxydable - Vie danoise","og_description":"Apportez du style \u00e0 votre maison avec l'\u00e9l\u00e9gant bougeoir Piet Hein et le pare-graisse en acier inoxydable.Chez Danish living, vous trouverez des accessoires de maison vintage scandinaves","og_url":"https:\/\/deenswonen.nl\/fr\/produit\/piet-hein-graisse-guard-pour-les-chandeliers-en-acier-inoxydable\/","og_site_name":"Vie danoise","article_modified_time":"2023-04-16T07:37:38+00:00","og_image":[{"width":960,"height":1280,"url":"https:\/\/deenswonen.nl\/wp-content\/uploads\/2021\/12\/8BDD097B-3958-4859-B99A-AA54EC9A458E.jpeg","type":"image\/jpeg"}],"twitter_card":"summary_large_image","twitter_misc":{"Dur\u00e9e de lecture estim\u00e9e":"2 minutes"},"schema":{"@context":"https:\/\/schema.org","@graph":[{"@type":"WebPage","@id":"https:\/\/deenswonen.nl\/fr\/produit\/piet-hein-graisse-guard-pour-les-chandeliers-en-acier-inoxydable\/","url":"https:\/\/deenswonen.nl\/fr\/produit\/piet-hein-graisse-guard-pour-les-chandeliers-en-acier-inoxydable\/","name":"Pare-graisse Piet Hein pour les bougeoirs en acier inoxydable - Vie danoise","isPartOf":{"@id":"https:\/\/deenswonen.nl\/fr\/#website"},"primaryImageOfPage":{"@id":"https:\/\/deenswonen.nl\/fr\/produit\/piet-hein-graisse-guard-pour-les-chandeliers-en-acier-inoxydable\/#primaryimage"},"image":{"@id":"https:\/\/deenswonen.nl\/fr\/produit\/piet-hein-graisse-guard-pour-les-chandeliers-en-acier-inoxydable\/#primaryimage"},"thumbnailUrl":"https:\/\/i0.wp.com\/deenswonen.nl\/wp-content\/uploads\/2021\/12\/8BDD097B-3958-4859-B99A-AA54EC9A458E.jpeg?fit=960%2C1280&ssl=1","datePublished":"2021-12-19T14:55:26+00:00","dateModified":"2023-04-16T07:37:38+00:00","description":"Apportez du style \u00e0 votre maison avec l'\u00e9l\u00e9gant bougeoir Piet Hein et le pare-graisse en acier inoxydable.Chez Danish living, vous trouverez des accessoires de maison vintage scandinaves","breadcrumb":{"@id":"https:\/\/deenswonen.nl\/fr\/produit\/piet-hein-graisse-guard-pour-les-chandeliers-en-acier-inoxydable\/#breadcrumb"},"inLanguage":"fr-FR","potentialAction":[{"@type":"ReadAction","target":["https:\/\/deenswonen.nl\/fr\/produit\/piet-hein-graisse-guard-pour-les-chandeliers-en-acier-inoxydable\/"]}]},{"@type":"ImageObject","inLanguage":"fr-FR","@id":"https:\/\/deenswonen.nl\/fr\/produit\/piet-hein-graisse-guard-pour-les-chandeliers-en-acier-inoxydable\/#primaryimage","url":"https:\/\/i0.wp.com\/deenswonen.nl\/wp-content\/uploads\/2021\/12\/8BDD097B-3958-4859-B99A-AA54EC9A458E.jpeg?fit=960%2C1280&ssl=1","contentUrl":"https:\/\/i0.wp.com\/deenswonen.nl\/wp-content\/uploads\/2021\/12\/8BDD097B-3958-4859-B99A-AA54EC9A458E.jpeg?fit=960%2C1280&ssl=1","width":960,"height":1280,"caption":"Image du pare-graisse Piet Hein propos\u00e9 dans cette publicit\u00e9."},{"@type":"BreadcrumbList","@id":"https:\/\/deenswonen.nl\/fr\/produit\/piet-hein-graisse-guard-pour-les-chandeliers-en-acier-inoxydable\/#breadcrumb","itemListElement":[{"@type":"ListItem","position":1,"name":"Home","item":"https:\/\/deenswonen.nl\/fr\/"},{"@type":"ListItem","position":2,"name":"Winkel","item":"https:\/\/deenswonen.nl\/winkel\/"},{"@type":"ListItem","position":3,"name":"Pare-graisse Piet Hein pour les bougeoirs en acier inoxydable"}]},{"@type":"WebSite","@id":"https:\/\/deenswonen.nl\/fr\/#website","url":"https:\/\/deenswonen.nl\/fr\/","name":"Deens wonen","description":"Accessoires de maison vintage scandinaves","publisher":{"@id":"https:\/\/deenswonen.nl\/fr\/#organization"},"potentialAction":[{"@type":"SearchAction","target":{"@type":"EntryPoint","urlTemplate":"https:\/\/deenswonen.nl\/fr\/?s={search_term_string}"},"query-input":{"@type":"PropertyValueSpecification","valueRequired":true,"valueName":"search_term_string"}}],"inLanguage":"fr-FR"},{"@type":"Organization","@id":"https:\/\/deenswonen.nl\/fr\/#organization","name":"Vie danoise","url":"https:\/\/deenswonen.nl\/fr\/","logo":{"@type":"ImageObject","inLanguage":"fr-FR","@id":"https:\/\/deenswonen.nl\/fr\/#\/schema\/logo\/image\/","url":"https:\/\/i0.wp.com\/deenswonen.nl\/wp-content\/uploads\/2021\/11\/51ECE736-8380-4D65-ACA6-DE74174F3C35_1_201_a.jpeg?fit=1200%2C675&ssl=1","contentUrl":"https:\/\/i0.wp.com\/deenswonen.nl\/wp-content\/uploads\/2021\/11\/51ECE736-8380-4D65-ACA6-DE74174F3C35_1_201_a.jpeg?fit=1200%2C675&ssl=1","width":1200,"height":675,"caption":"Vie danoise"},"image":{"@id":"https:\/\/deenswonen.nl\/fr\/#\/schema\/logo\/image\/"}}]}},"jetpack_sharing_enabled":true,"_links":{"self":[{"href":"https:\/\/deenswonen.nl\/fr\/wp-json\/wp\/v2\/product\/6416","targetHints":{"allow":["GET"]}}],"collection":[{"href":"https:\/\/deenswonen.nl\/fr\/wp-json\/wp\/v2\/product"}],"about":[{"href":"https:\/\/deenswonen.nl\/fr\/wp-json\/wp\/v2\/types\/product"}],"wp:featuredmedia":[{"embeddable":true,"href":"https:\/\/deenswonen.nl\/fr\/wp-json\/wp\/v2\/media\/5571"}],"wp:attachment":[{"href":"https:\/\/deenswonen.nl\/fr\/wp-json\/wp\/v2\/media?parent=6416"}],"wp:term":[{"taxonomy":"product_brand","embeddable":true,"href":"https:\/\/deenswonen.nl\/fr\/wp-json\/wp\/v2\/product_brand?post=6416"},{"taxonomy":"product_cat","embeddable":true,"href":"https:\/\/deenswonen.nl\/fr\/wp-json\/wp\/v2\/product_cat?post=6416"},{"taxonomy":"product_tag","embeddable":true,"href":"https:\/\/deenswonen.nl\/fr\/wp-json\/wp\/v2\/product_tag?post=6416"}],"curies":[{"name":"wp","href":"https:\/\/api.w.org\/{rel}","templated":true}]}}