{"id":6411,"date":"2021-12-20T00:23:01","date_gmt":"2021-12-19T23:23:01","guid":{"rendered":"https:\/\/deenswonen.nl\/product\/skagerak-pot-bas-o-15-cm-blanc\/"},"modified":"2023-11-20T11:01:55","modified_gmt":"2023-11-20T10:01:55","slug":"skagerak-pot-bas-o-15-cm-blanc","status":"publish","type":"product","link":"https:\/\/deenswonen.nl\/fr\/produit\/skagerak-pot-bas-o-15-cm-blanc\/","title":{"rendered":"Skagerak Pot bas \u00d8 15 cm blanc"},"content":{"rendered":"<h2> Skagerak Pot bas \u00d8 15 cm blanc<\/h2>\n<p>Nouveau dans la bo\u00eete Pot bas Skagerak \u00d8 15 cm de couleur blanche. La poussette nordique est une <span class=\"Y2IQFc\" lang=\"nl\">\u00e9l\u00e9ment flexible sur la table. Il stocke et scelle les aliments de mani\u00e8re simple, minimaliste et fonctionnelle. Pour cela, le pot a un anneau en silicone dans le couvercle qui ferme bien le pot.<\/span><\/p>\n<h2><strong>Sp\u00e9cifications<\/strong> Pot Bas Skagerak<\/h2>\n<p>Ce pot en porcelaine a environ 2 ans et est \u00e0 l&rsquo;\u00e9tat neuf. Le pot est dans son emballage d&rsquo;origine et semble n&rsquo;avoir jamais \u00e9t\u00e9 utilis\u00e9.<\/p>\n<p>Les mesures sont :<\/p>\n<p>Hauteur : 7cm<br \/>\nDiam\u00e8tre : 16cm<\/p>\n<h2><span class=\"Y2IQFc\" lang=\"nl\">Histoire Skagerak<br \/>\n<\/span><\/h2>\n<p dir=\"ltr\" data-placeholder=\"Vertaling\">L&rsquo;entreprise familiale Skagerak a \u00e9t\u00e9 fond\u00e9e en 1976. La qualit\u00e9 passe avant tout dans l&rsquo;entreprise. Par exemple, l&rsquo;entreprise se concentre sur la production de meubles durables qui dureront pendant des g\u00e9n\u00e9rations. Skagerak a trouv\u00e9 un \u00e9quilibre entre les \u00e9l\u00e9ments classiques et la vie moderne dans ses cr\u00e9ations. L&rsquo;entreprise travaille avec divers designers internationaux dans lesquels les conceptions durables sont centrales. Le nom Skagerrak fait r\u00e9f\u00e9rence \u00e0 l&#8217;emplacement nord de l&rsquo;entreprise. C&rsquo;est aussi une r\u00e9f\u00e9rence au d\u00e9troit reliant le Danemark \u00e0 la Norv\u00e8ge et \u00e0 la Su\u00e8de. Les produits Skagerak ont \u200b\u200b\u00e9galement \u00e9t\u00e9 lanc\u00e9s sous le nom de Trip Trap dans le pass\u00e9.<\/p>\n<blockquote>\n<p id=\"tw-target-text\" class=\"tw-data-text tw-text-large tw-ta\" dir=\"ltr\" data-placeholder=\"Vertaling\"><span class=\"Y2IQFc\" lang=\"nl\">\u00ab Chez Skagerak, nous pla\u00e7ons la barre haute pour d\u00e9velopper des produits fabriqu\u00e9s avec un savoir-faire authentique, des consid\u00e9rations environnementales et une esth\u00e9tique universelle. Nous fabriquons des meubles qui sont faits pour \u00eatre utilis\u00e9s et pour survivre \u00e0 long terme, afin qu&rsquo;ils patinent et recueillent des histoires \u00bb, a d\u00e9clar\u00e9 Jesper Panduro, PDG et propri\u00e9taire de Skagerak.<\/span><\/p>\n<\/blockquote>\n<p>Le pot a environ 2 ans, nous vous demandons donc de bien regarder les photos. Cela vous donnera une bonne impression de l&rsquo;\u00e9tat du pot.<\/p>\n<p>Nous emballons soigneusement le pot Skagerak et il sera exp\u00e9di\u00e9 avec Post NL. Il est \u00e9galement possible de retirer le pot sur rendez-vous \u00e0 Berkel en Rodenrijs.<\/p>\n","protected":false},"excerpt":{"rendered":"<p>Nouveau dans la bo\u00eete Pot bas Skagerak \u00d8 15 cm de couleur blanche. La poussette nordique est une <span class=\"Y2IQFc\" lang=\"nl\">\u00e9l\u00e9ment flexible sur la table. Il stocke et scelle les aliments de mani\u00e8re simple, minimaliste et fonctionnelle. Pour cela, le pot a un anneau en silicone dans le couvercle qui ferme bien le pot.<\/span><\/p>\n<p>Le pot a environ 2 ans, nous vous demandons donc de bien regarder les photos. Cela vous donnera une bonne impression de l&rsquo;\u00e9tat du pot.<\/p>\n<p>Nous exp\u00e9dions le pot Skagerak soigneusement emball\u00e9 avec Post NL. Il est \u00e9galement possible de retirer le pot sur rendez-vous \u00e0 Berkel en Rodenrijs.<\/p>\n","protected":false},"featured_media":5591,"template":"","meta":[],"product_brand":[],"product_cat":[238,230,249,216],"product_tag":[212],"class_list":{"0":"post-6411","1":"product","2":"type-product","3":"status-publish","4":"has-post-thumbnail","6":"product_cat-boites-de-stockage","7":"product_cat-des-produits","8":"product_cat-skagerak-fr","9":"product_cat-vient-darriver-fr","10":"product_tag-blanche","11":"thunk-woo-product-list","12":"opn-qv-enable","13":"top-store-woo-hover-swap","14":"top-store-single-product-tab-horizontal","15":"top-store-shadow-","16":"top-store-shadow-hover-","18":"first","19":"outofstock","20":"taxable","21":"shipping-taxable","22":"purchasable","23":"product-type-simple"},"yoast_head":"<!-- This site is optimized with the Yoast SEO plugin v27.3 - https:\/\/yoast.com\/product\/yoast-seo-wordpress\/ -->\n<title>Skagerak Pot bas \u00d8 15 cm blanc - Vie danoise<\/title>\n<meta name=\"description\" content=\"Nouveau dans la bo\u00eete Pot bas Skagerak \u00d8 15 cm de couleur blanche. Le Nordic Stolp est un \u00e9l\u00e9ment flexible sur la table. Regardez ici pour plus d&#039;informations.\" \/>\n<meta name=\"robots\" content=\"index, follow, max-snippet:-1, max-image-preview:large, max-video-preview:-1\" \/>\n<link rel=\"canonical\" href=\"https:\/\/deenswonen.nl\/fr\/produit\/skagerak-pot-bas-o-15-cm-blanc\/\" \/>\n<meta property=\"og:locale\" content=\"fr_FR\" \/>\n<meta property=\"og:type\" content=\"article\" \/>\n<meta property=\"og:title\" content=\"Skagerak Pot bas \u00d8 15 cm blanc - Vie danoise\" \/>\n<meta property=\"og:description\" content=\"Nouveau dans la bo\u00eete Pot bas Skagerak \u00d8 15 cm de couleur blanche. Le Nordic Stolp est un \u00e9l\u00e9ment flexible sur la table. Regardez ici pour plus d&#039;informations.\" \/>\n<meta property=\"og:url\" content=\"https:\/\/deenswonen.nl\/fr\/produit\/skagerak-pot-bas-o-15-cm-blanc\/\" \/>\n<meta property=\"og:site_name\" content=\"Vie danoise\" \/>\n<meta property=\"article:modified_time\" content=\"2023-11-20T10:01:55+00:00\" \/>\n<meta property=\"og:image\" content=\"https:\/\/deenswonen.nl\/wp-content\/uploads\/2021\/12\/2CF93C01-88C0-4CB2-90AE-2A53BB0B5FC1.jpeg\" \/>\n\t<meta property=\"og:image:width\" content=\"1280\" \/>\n\t<meta property=\"og:image:height\" content=\"960\" \/>\n\t<meta property=\"og:image:type\" content=\"image\/jpeg\" \/>\n<meta name=\"twitter:card\" content=\"summary_large_image\" \/>\n<meta name=\"twitter:label1\" content=\"Dur\u00e9e de lecture estim\u00e9e\" \/>\n\t<meta name=\"twitter:data1\" content=\"2 minutes\" \/>\n<script type=\"application\/ld+json\" class=\"yoast-schema-graph\">{\"@context\":\"https:\\\/\\\/schema.org\",\"@graph\":[{\"@type\":\"WebPage\",\"@id\":\"https:\\\/\\\/deenswonen.nl\\\/fr\\\/produit\\\/skagerak-pot-bas-o-15-cm-blanc\\\/\",\"url\":\"https:\\\/\\\/deenswonen.nl\\\/fr\\\/produit\\\/skagerak-pot-bas-o-15-cm-blanc\\\/\",\"name\":\"Skagerak Pot bas \u00d8 15 cm blanc - Vie danoise\",\"isPartOf\":{\"@id\":\"https:\\\/\\\/deenswonen.nl\\\/fr\\\/#website\"},\"primaryImageOfPage\":{\"@id\":\"https:\\\/\\\/deenswonen.nl\\\/fr\\\/produit\\\/skagerak-pot-bas-o-15-cm-blanc\\\/#primaryimage\"},\"image\":{\"@id\":\"https:\\\/\\\/deenswonen.nl\\\/fr\\\/produit\\\/skagerak-pot-bas-o-15-cm-blanc\\\/#primaryimage\"},\"thumbnailUrl\":\"https:\\\/\\\/i0.wp.com\\\/deenswonen.nl\\\/wp-content\\\/uploads\\\/2021\\\/12\\\/2CF93C01-88C0-4CB2-90AE-2A53BB0B5FC1.jpeg?fit=1280%2C960&ssl=1\",\"datePublished\":\"2021-12-19T23:23:01+00:00\",\"dateModified\":\"2023-11-20T10:01:55+00:00\",\"description\":\"Nouveau dans la bo\u00eete Pot bas Skagerak \u00d8 15 cm de couleur blanche. Le Nordic Stolp est un \u00e9l\u00e9ment flexible sur la table. Regardez ici pour plus d'informations.\",\"breadcrumb\":{\"@id\":\"https:\\\/\\\/deenswonen.nl\\\/fr\\\/produit\\\/skagerak-pot-bas-o-15-cm-blanc\\\/#breadcrumb\"},\"inLanguage\":\"fr-FR\",\"potentialAction\":[{\"@type\":\"ReadAction\",\"target\":[\"https:\\\/\\\/deenswonen.nl\\\/fr\\\/produit\\\/skagerak-pot-bas-o-15-cm-blanc\\\/\"]}]},{\"@type\":\"ImageObject\",\"inLanguage\":\"fr-FR\",\"@id\":\"https:\\\/\\\/deenswonen.nl\\\/fr\\\/produit\\\/skagerak-pot-bas-o-15-cm-blanc\\\/#primaryimage\",\"url\":\"https:\\\/\\\/i0.wp.com\\\/deenswonen.nl\\\/wp-content\\\/uploads\\\/2021\\\/12\\\/2CF93C01-88C0-4CB2-90AE-2A53BB0B5FC1.jpeg?fit=1280%2C960&ssl=1\",\"contentUrl\":\"https:\\\/\\\/i0.wp.com\\\/deenswonen.nl\\\/wp-content\\\/uploads\\\/2021\\\/12\\\/2CF93C01-88C0-4CB2-90AE-2A53BB0B5FC1.jpeg?fit=1280%2C960&ssl=1\",\"width\":1280,\"height\":960,\"caption\":\"Image du pot bas Skagerak blanc 15 cm propos\u00e9 dans cette annonce.\"},{\"@type\":\"BreadcrumbList\",\"@id\":\"https:\\\/\\\/deenswonen.nl\\\/fr\\\/produit\\\/skagerak-pot-bas-o-15-cm-blanc\\\/#breadcrumb\",\"itemListElement\":[{\"@type\":\"ListItem\",\"position\":1,\"name\":\"Home\",\"item\":\"https:\\\/\\\/deenswonen.nl\\\/fr\\\/\"},{\"@type\":\"ListItem\",\"position\":2,\"name\":\"Winkel\",\"item\":\"https:\\\/\\\/deenswonen.nl\\\/winkel\\\/\"},{\"@type\":\"ListItem\",\"position\":3,\"name\":\"Skagerak Pot bas \u00d8 15 cm blanc\"}]},{\"@type\":\"WebSite\",\"@id\":\"https:\\\/\\\/deenswonen.nl\\\/fr\\\/#website\",\"url\":\"https:\\\/\\\/deenswonen.nl\\\/fr\\\/\",\"name\":\"Deens wonen\",\"description\":\"Accessoires de maison vintage scandinaves\",\"publisher\":{\"@id\":\"https:\\\/\\\/deenswonen.nl\\\/fr\\\/#organization\"},\"potentialAction\":[{\"@type\":\"SearchAction\",\"target\":{\"@type\":\"EntryPoint\",\"urlTemplate\":\"https:\\\/\\\/deenswonen.nl\\\/fr\\\/?s={search_term_string}\"},\"query-input\":{\"@type\":\"PropertyValueSpecification\",\"valueRequired\":true,\"valueName\":\"search_term_string\"}}],\"inLanguage\":\"fr-FR\"},{\"@type\":\"Organization\",\"@id\":\"https:\\\/\\\/deenswonen.nl\\\/fr\\\/#organization\",\"name\":\"Vie danoise\",\"url\":\"https:\\\/\\\/deenswonen.nl\\\/fr\\\/\",\"logo\":{\"@type\":\"ImageObject\",\"inLanguage\":\"fr-FR\",\"@id\":\"https:\\\/\\\/deenswonen.nl\\\/fr\\\/#\\\/schema\\\/logo\\\/image\\\/\",\"url\":\"https:\\\/\\\/i0.wp.com\\\/deenswonen.nl\\\/wp-content\\\/uploads\\\/2021\\\/11\\\/51ECE736-8380-4D65-ACA6-DE74174F3C35_1_201_a.jpeg?fit=1200%2C675&ssl=1\",\"contentUrl\":\"https:\\\/\\\/i0.wp.com\\\/deenswonen.nl\\\/wp-content\\\/uploads\\\/2021\\\/11\\\/51ECE736-8380-4D65-ACA6-DE74174F3C35_1_201_a.jpeg?fit=1200%2C675&ssl=1\",\"width\":1200,\"height\":675,\"caption\":\"Vie danoise\"},\"image\":{\"@id\":\"https:\\\/\\\/deenswonen.nl\\\/fr\\\/#\\\/schema\\\/logo\\\/image\\\/\"}}]}<\/script>\n<!-- \/ Yoast SEO plugin. -->","yoast_head_json":{"title":"Skagerak Pot bas \u00d8 15 cm blanc - Vie danoise","description":"Nouveau dans la bo\u00eete Pot bas Skagerak \u00d8 15 cm de couleur blanche. Le Nordic Stolp est un \u00e9l\u00e9ment flexible sur la table. Regardez ici pour plus d'informations.","robots":{"index":"index","follow":"follow","max-snippet":"max-snippet:-1","max-image-preview":"max-image-preview:large","max-video-preview":"max-video-preview:-1"},"canonical":"https:\/\/deenswonen.nl\/fr\/produit\/skagerak-pot-bas-o-15-cm-blanc\/","og_locale":"fr_FR","og_type":"article","og_title":"Skagerak Pot bas \u00d8 15 cm blanc - Vie danoise","og_description":"Nouveau dans la bo\u00eete Pot bas Skagerak \u00d8 15 cm de couleur blanche. Le Nordic Stolp est un \u00e9l\u00e9ment flexible sur la table. Regardez ici pour plus d'informations.","og_url":"https:\/\/deenswonen.nl\/fr\/produit\/skagerak-pot-bas-o-15-cm-blanc\/","og_site_name":"Vie danoise","article_modified_time":"2023-11-20T10:01:55+00:00","og_image":[{"width":1280,"height":960,"url":"https:\/\/deenswonen.nl\/wp-content\/uploads\/2021\/12\/2CF93C01-88C0-4CB2-90AE-2A53BB0B5FC1.jpeg","type":"image\/jpeg"}],"twitter_card":"summary_large_image","twitter_misc":{"Dur\u00e9e de lecture estim\u00e9e":"2 minutes"},"schema":{"@context":"https:\/\/schema.org","@graph":[{"@type":"WebPage","@id":"https:\/\/deenswonen.nl\/fr\/produit\/skagerak-pot-bas-o-15-cm-blanc\/","url":"https:\/\/deenswonen.nl\/fr\/produit\/skagerak-pot-bas-o-15-cm-blanc\/","name":"Skagerak Pot bas \u00d8 15 cm blanc - Vie danoise","isPartOf":{"@id":"https:\/\/deenswonen.nl\/fr\/#website"},"primaryImageOfPage":{"@id":"https:\/\/deenswonen.nl\/fr\/produit\/skagerak-pot-bas-o-15-cm-blanc\/#primaryimage"},"image":{"@id":"https:\/\/deenswonen.nl\/fr\/produit\/skagerak-pot-bas-o-15-cm-blanc\/#primaryimage"},"thumbnailUrl":"https:\/\/i0.wp.com\/deenswonen.nl\/wp-content\/uploads\/2021\/12\/2CF93C01-88C0-4CB2-90AE-2A53BB0B5FC1.jpeg?fit=1280%2C960&ssl=1","datePublished":"2021-12-19T23:23:01+00:00","dateModified":"2023-11-20T10:01:55+00:00","description":"Nouveau dans la bo\u00eete Pot bas Skagerak \u00d8 15 cm de couleur blanche. Le Nordic Stolp est un \u00e9l\u00e9ment flexible sur la table. Regardez ici pour plus d'informations.","breadcrumb":{"@id":"https:\/\/deenswonen.nl\/fr\/produit\/skagerak-pot-bas-o-15-cm-blanc\/#breadcrumb"},"inLanguage":"fr-FR","potentialAction":[{"@type":"ReadAction","target":["https:\/\/deenswonen.nl\/fr\/produit\/skagerak-pot-bas-o-15-cm-blanc\/"]}]},{"@type":"ImageObject","inLanguage":"fr-FR","@id":"https:\/\/deenswonen.nl\/fr\/produit\/skagerak-pot-bas-o-15-cm-blanc\/#primaryimage","url":"https:\/\/i0.wp.com\/deenswonen.nl\/wp-content\/uploads\/2021\/12\/2CF93C01-88C0-4CB2-90AE-2A53BB0B5FC1.jpeg?fit=1280%2C960&ssl=1","contentUrl":"https:\/\/i0.wp.com\/deenswonen.nl\/wp-content\/uploads\/2021\/12\/2CF93C01-88C0-4CB2-90AE-2A53BB0B5FC1.jpeg?fit=1280%2C960&ssl=1","width":1280,"height":960,"caption":"Image du pot bas Skagerak blanc 15 cm propos\u00e9 dans cette annonce."},{"@type":"BreadcrumbList","@id":"https:\/\/deenswonen.nl\/fr\/produit\/skagerak-pot-bas-o-15-cm-blanc\/#breadcrumb","itemListElement":[{"@type":"ListItem","position":1,"name":"Home","item":"https:\/\/deenswonen.nl\/fr\/"},{"@type":"ListItem","position":2,"name":"Winkel","item":"https:\/\/deenswonen.nl\/winkel\/"},{"@type":"ListItem","position":3,"name":"Skagerak Pot bas \u00d8 15 cm blanc"}]},{"@type":"WebSite","@id":"https:\/\/deenswonen.nl\/fr\/#website","url":"https:\/\/deenswonen.nl\/fr\/","name":"Deens wonen","description":"Accessoires de maison vintage scandinaves","publisher":{"@id":"https:\/\/deenswonen.nl\/fr\/#organization"},"potentialAction":[{"@type":"SearchAction","target":{"@type":"EntryPoint","urlTemplate":"https:\/\/deenswonen.nl\/fr\/?s={search_term_string}"},"query-input":{"@type":"PropertyValueSpecification","valueRequired":true,"valueName":"search_term_string"}}],"inLanguage":"fr-FR"},{"@type":"Organization","@id":"https:\/\/deenswonen.nl\/fr\/#organization","name":"Vie danoise","url":"https:\/\/deenswonen.nl\/fr\/","logo":{"@type":"ImageObject","inLanguage":"fr-FR","@id":"https:\/\/deenswonen.nl\/fr\/#\/schema\/logo\/image\/","url":"https:\/\/i0.wp.com\/deenswonen.nl\/wp-content\/uploads\/2021\/11\/51ECE736-8380-4D65-ACA6-DE74174F3C35_1_201_a.jpeg?fit=1200%2C675&ssl=1","contentUrl":"https:\/\/i0.wp.com\/deenswonen.nl\/wp-content\/uploads\/2021\/11\/51ECE736-8380-4D65-ACA6-DE74174F3C35_1_201_a.jpeg?fit=1200%2C675&ssl=1","width":1200,"height":675,"caption":"Vie danoise"},"image":{"@id":"https:\/\/deenswonen.nl\/fr\/#\/schema\/logo\/image\/"}}]}},"jetpack_sharing_enabled":true,"_links":{"self":[{"href":"https:\/\/deenswonen.nl\/fr\/wp-json\/wp\/v2\/product\/6411","targetHints":{"allow":["GET"]}}],"collection":[{"href":"https:\/\/deenswonen.nl\/fr\/wp-json\/wp\/v2\/product"}],"about":[{"href":"https:\/\/deenswonen.nl\/fr\/wp-json\/wp\/v2\/types\/product"}],"wp:featuredmedia":[{"embeddable":true,"href":"https:\/\/deenswonen.nl\/fr\/wp-json\/wp\/v2\/media\/5591"}],"wp:attachment":[{"href":"https:\/\/deenswonen.nl\/fr\/wp-json\/wp\/v2\/media?parent=6411"}],"wp:term":[{"taxonomy":"product_brand","embeddable":true,"href":"https:\/\/deenswonen.nl\/fr\/wp-json\/wp\/v2\/product_brand?post=6411"},{"taxonomy":"product_cat","embeddable":true,"href":"https:\/\/deenswonen.nl\/fr\/wp-json\/wp\/v2\/product_cat?post=6411"},{"taxonomy":"product_tag","embeddable":true,"href":"https:\/\/deenswonen.nl\/fr\/wp-json\/wp\/v2\/product_tag?post=6411"}],"curies":[{"name":"wp","href":"https:\/\/api.w.org\/{rel}","templated":true}]}}