{"id":6381,"date":"2022-03-10T14:40:12","date_gmt":"2022-03-10T13:40:12","guid":{"rendered":"https:\/\/deenswonen.nl\/product\/bougeoir-iittala-oiva-toikka-primo\/"},"modified":"2023-04-16T08:46:15","modified_gmt":"2023-04-16T06:46:15","slug":"iittala-oiva-toikka-primo-chandelier","status":"publish","type":"product","link":"https:\/\/deenswonen.nl\/fr\/produit\/iittala-oiva-toikka-primo-chandelier\/","title":{"rendered":"Bougeoir Iittala Oiva Toikka Primo"},"content":{"rendered":"<p>Le chandelier Iittala Primo 210 mm de l&rsquo;artiste Oiva Toikka est un chandelier rare d\u00e9clin\u00e9 en plusieurs variations de couleurs. L&rsquo;objet en verre avec sa surface lisse qui ressemble \u00e0 de la glace, ajoute un \u00e9l\u00e9ment unique et \u00e9l\u00e9gant \u00e0 n&rsquo;importe quel int\u00e9rieur. Le chandelier faisait partie de la gamme Iittala de 1988 \u00e0 1992. Le tourbillon blanc \u00e0 la base du chandelier lui donne un look suppl\u00e9mentaire.<\/p>\n<p>L&rsquo;\u00e9l\u00e9gant bougeoir Iittala Primo de 210 mm de haut ajoute un \u00e9l\u00e9ment saisissant \u00e0 n&rsquo;importe quel int\u00e9rieur. Cr\u00e9e une ambiance douce. Un cadeau parfait pour les mariages, les anniversaires ou les anniversaires. Le chandelier ne convient qu&rsquo;aux bougies coniques.<\/p>\n<h2>Bougeoir Design <span lang=\"nl\">Iittala Oiva Toikka Primo<\/span> <\/h2>\n<p>Le chandelier Primo est sorti par Iittala en 1988 et fait partie de la collection depuis 4 ans. Cette version blanc mat est l&rsquo;une des couleurs les plus rares qu&rsquo;il est presque impossible de trouver. \u00c0 la base du chandelier se trouve un tourbillon blanc clair. Le bougeoir convient aux bougies de d\u00eener standard.<\/p>\n<h2>Cr\u00e9ateur Oiva Toikka<\/h2>\n<p>Designs Oiva Toikka a apport\u00e9 une contribution importante \u00e0 l&rsquo;art du verre finlandais. Avec ses cr\u00e9ations imaginatives, il a apport\u00e9 un tout nouveau style \u00e0 l&rsquo;art du verre. Aujourd&rsquo;hui, il est consid\u00e9r\u00e9 comme l&rsquo;un des plus grands noms de l&rsquo;art verrier finlandais. En plus de ce chandelier, Toikka a \u00e9galement con\u00e7u de nombreux oiseaux pour Iittala.<\/p>\n<h2 id=\"tw-target-text\" class=\"tw-data-text tw-text-large XcVN5d tw-ta\" dir=\"ltr\" data-placeholder=\"Vertaling\"><span lang=\"nl\">Sp\u00e9cifications Bougeoir Iittala Primo<\/span><\/h2>\n<p class=\"tw-data-text tw-text-large XcVN5d tw-ta\" dir=\"ltr\" data-placeholder=\"Vertaling\"><span lang=\"nl\">Ce magnifique bougeoir est en tr\u00e8s bon \u00e9tat. Le chandelier n&rsquo;a aucun dommage ni \u00e9clat. La hauteur<\/span><span lang=\"nl\"> est<\/span><span lang=\"nl\"> 210 mm. Vous trouverez un autre chandelier Primo dans nos autres annonces.<\/span><\/p>\n<p>Le chandelier est sign\u00e9 sur le fond avec le nom du fabricant.<\/p>\n<p>Ce chandelier a environ 32 ans, c&rsquo;est pourquoi nous vous demandons de bien regarder les photos. Cela vous donnera une bonne impression de l&rsquo;\u00e9tat du chandelier. Nous pouvons avoir plusieurs mod\u00e8les de ces chandeliers <strong><a href=\"https:\/\/deenswonen.nl\/product-categorie\/merken\/iittala\/\">disponibles<\/a><\/strong> .<\/p>\n<p>Nous exp\u00e9dions tous nos produits soigneusement emball\u00e9s. Nos produits peuvent \u00e9galement \u00eatre retir\u00e9s sur rendez-vous \u00e0 Berkel en Rodenrijs.<\/p>\n","protected":false},"excerpt":{"rendered":"<p>Le chandelier Iittala Primo 210 mm de l&rsquo;artiste Oiva Toikka est un chandelier rare d\u00e9clin\u00e9 en plusieurs variations de couleurs.<\/p>\n<p>&nbsp;<\/p>\n<ul>\n<li><strong>Conception scandinave<\/strong><\/li>\n<li><strong>Livraison internationale<\/strong><\/li>\n<li><strong>D\u00e9lai de r\u00e9flexion de 14 jours<\/strong><\/li>\n<\/ul>\n","protected":false},"featured_media":6219,"template":"","meta":[],"product_brand":[],"product_cat":[217,211,219,216],"product_tag":[212],"class_list":{"0":"post-6381","1":"product","2":"type-product","3":"status-publish","4":"has-post-thumbnail","6":"product_cat-chandeliers","7":"product_cat-iittala-fr","8":"product_cat-populaire-fr","9":"product_cat-vient-darriver-fr","10":"product_tag-blanche","11":"thunk-woo-product-list","12":"opn-qv-enable","13":"top-store-woo-hover-swap","14":"top-store-single-product-tab-horizontal","15":"top-store-shadow-","16":"top-store-shadow-hover-","17":"top-store-swap-item-hover","19":"first","20":"outofstock","21":"taxable","22":"shipping-taxable","23":"purchasable","24":"product-type-simple"},"yoast_head":"<!-- This site is optimized with the Yoast SEO plugin v27.3 - https:\/\/yoast.com\/product\/yoast-seo-wordpress\/ -->\n<title>Bougeoir Iittala Oiva Toikka Primo - Vie danoise<\/title>\n<meta name=\"description\" content=\"Le chandelier vintage Iittala Oiva Toikka Primo est un r\u00e9gal pour les yeux. Cr\u00e9e une ambiance douce, d\u00e9couvrez notre collection vintage Iittala.\" \/>\n<meta name=\"robots\" content=\"index, follow, max-snippet:-1, max-image-preview:large, max-video-preview:-1\" \/>\n<link rel=\"canonical\" href=\"https:\/\/deenswonen.nl\/fr\/produit\/iittala-oiva-toikka-primo-chandelier\/\" \/>\n<meta property=\"og:locale\" content=\"fr_FR\" \/>\n<meta property=\"og:type\" content=\"article\" \/>\n<meta property=\"og:title\" content=\"Bougeoir Iittala Oiva Toikka Primo - Vie danoise\" \/>\n<meta property=\"og:description\" content=\"Le chandelier vintage Iittala Oiva Toikka Primo est un r\u00e9gal pour les yeux. Cr\u00e9e une ambiance douce, d\u00e9couvrez notre collection vintage Iittala.\" \/>\n<meta property=\"og:url\" content=\"https:\/\/deenswonen.nl\/fr\/produit\/iittala-oiva-toikka-primo-chandelier\/\" \/>\n<meta property=\"og:site_name\" content=\"Vie danoise\" \/>\n<meta property=\"article:modified_time\" content=\"2023-04-16T06:46:15+00:00\" \/>\n<meta property=\"og:image\" content=\"https:\/\/deenswonen.nl\/wp-content\/uploads\/2022\/03\/5DD9664A-B205-4E0D-BC6D-68A7B5B7AA35.jpeg\" \/>\n\t<meta property=\"og:image:width\" content=\"480\" \/>\n\t<meta property=\"og:image:height\" content=\"640\" \/>\n\t<meta property=\"og:image:type\" content=\"image\/jpeg\" \/>\n<meta name=\"twitter:card\" content=\"summary_large_image\" \/>\n<meta name=\"twitter:label1\" content=\"Dur\u00e9e de lecture estim\u00e9e\" \/>\n\t<meta name=\"twitter:data1\" content=\"2 minutes\" \/>\n<script type=\"application\/ld+json\" class=\"yoast-schema-graph\">{\"@context\":\"https:\\\/\\\/schema.org\",\"@graph\":[{\"@type\":\"WebPage\",\"@id\":\"https:\\\/\\\/deenswonen.nl\\\/fr\\\/produit\\\/iittala-oiva-toikka-primo-chandelier\\\/\",\"url\":\"https:\\\/\\\/deenswonen.nl\\\/fr\\\/produit\\\/iittala-oiva-toikka-primo-chandelier\\\/\",\"name\":\"Bougeoir Iittala Oiva Toikka Primo - Vie danoise\",\"isPartOf\":{\"@id\":\"https:\\\/\\\/deenswonen.nl\\\/fr\\\/#website\"},\"primaryImageOfPage\":{\"@id\":\"https:\\\/\\\/deenswonen.nl\\\/fr\\\/produit\\\/iittala-oiva-toikka-primo-chandelier\\\/#primaryimage\"},\"image\":{\"@id\":\"https:\\\/\\\/deenswonen.nl\\\/fr\\\/produit\\\/iittala-oiva-toikka-primo-chandelier\\\/#primaryimage\"},\"thumbnailUrl\":\"https:\\\/\\\/i0.wp.com\\\/deenswonen.nl\\\/wp-content\\\/uploads\\\/2022\\\/03\\\/5DD9664A-B205-4E0D-BC6D-68A7B5B7AA35.jpeg?fit=480%2C640&ssl=1\",\"datePublished\":\"2022-03-10T13:40:12+00:00\",\"dateModified\":\"2023-04-16T06:46:15+00:00\",\"description\":\"Le chandelier vintage Iittala Oiva Toikka Primo est un r\u00e9gal pour les yeux. Cr\u00e9e une ambiance douce, d\u00e9couvrez notre collection vintage Iittala.\",\"breadcrumb\":{\"@id\":\"https:\\\/\\\/deenswonen.nl\\\/fr\\\/produit\\\/iittala-oiva-toikka-primo-chandelier\\\/#breadcrumb\"},\"inLanguage\":\"fr-FR\",\"potentialAction\":[{\"@type\":\"ReadAction\",\"target\":[\"https:\\\/\\\/deenswonen.nl\\\/fr\\\/produit\\\/iittala-oiva-toikka-primo-chandelier\\\/\"]}]},{\"@type\":\"ImageObject\",\"inLanguage\":\"fr-FR\",\"@id\":\"https:\\\/\\\/deenswonen.nl\\\/fr\\\/produit\\\/iittala-oiva-toikka-primo-chandelier\\\/#primaryimage\",\"url\":\"https:\\\/\\\/i0.wp.com\\\/deenswonen.nl\\\/wp-content\\\/uploads\\\/2022\\\/03\\\/5DD9664A-B205-4E0D-BC6D-68A7B5B7AA35.jpeg?fit=480%2C640&ssl=1\",\"contentUrl\":\"https:\\\/\\\/i0.wp.com\\\/deenswonen.nl\\\/wp-content\\\/uploads\\\/2022\\\/03\\\/5DD9664A-B205-4E0D-BC6D-68A7B5B7AA35.jpeg?fit=480%2C640&ssl=1\",\"width\":480,\"height\":640,\"caption\":\"Image du bougeoir Iittala Oiva Tiokka Primo propos\u00e9 dans cette publicit\u00e9.\"},{\"@type\":\"BreadcrumbList\",\"@id\":\"https:\\\/\\\/deenswonen.nl\\\/fr\\\/produit\\\/iittala-oiva-toikka-primo-chandelier\\\/#breadcrumb\",\"itemListElement\":[{\"@type\":\"ListItem\",\"position\":1,\"name\":\"Home\",\"item\":\"https:\\\/\\\/deenswonen.nl\\\/fr\\\/\"},{\"@type\":\"ListItem\",\"position\":2,\"name\":\"Winkel\",\"item\":\"https:\\\/\\\/deenswonen.nl\\\/winkel\\\/\"},{\"@type\":\"ListItem\",\"position\":3,\"name\":\"Bougeoir Iittala Oiva Toikka Primo\"}]},{\"@type\":\"WebSite\",\"@id\":\"https:\\\/\\\/deenswonen.nl\\\/fr\\\/#website\",\"url\":\"https:\\\/\\\/deenswonen.nl\\\/fr\\\/\",\"name\":\"Deens wonen\",\"description\":\"Accessoires de maison vintage scandinaves\",\"publisher\":{\"@id\":\"https:\\\/\\\/deenswonen.nl\\\/fr\\\/#organization\"},\"potentialAction\":[{\"@type\":\"SearchAction\",\"target\":{\"@type\":\"EntryPoint\",\"urlTemplate\":\"https:\\\/\\\/deenswonen.nl\\\/fr\\\/?s={search_term_string}\"},\"query-input\":{\"@type\":\"PropertyValueSpecification\",\"valueRequired\":true,\"valueName\":\"search_term_string\"}}],\"inLanguage\":\"fr-FR\"},{\"@type\":\"Organization\",\"@id\":\"https:\\\/\\\/deenswonen.nl\\\/fr\\\/#organization\",\"name\":\"Vie danoise\",\"url\":\"https:\\\/\\\/deenswonen.nl\\\/fr\\\/\",\"logo\":{\"@type\":\"ImageObject\",\"inLanguage\":\"fr-FR\",\"@id\":\"https:\\\/\\\/deenswonen.nl\\\/fr\\\/#\\\/schema\\\/logo\\\/image\\\/\",\"url\":\"https:\\\/\\\/i0.wp.com\\\/deenswonen.nl\\\/wp-content\\\/uploads\\\/2021\\\/11\\\/51ECE736-8380-4D65-ACA6-DE74174F3C35_1_201_a.jpeg?fit=1200%2C675&ssl=1\",\"contentUrl\":\"https:\\\/\\\/i0.wp.com\\\/deenswonen.nl\\\/wp-content\\\/uploads\\\/2021\\\/11\\\/51ECE736-8380-4D65-ACA6-DE74174F3C35_1_201_a.jpeg?fit=1200%2C675&ssl=1\",\"width\":1200,\"height\":675,\"caption\":\"Vie danoise\"},\"image\":{\"@id\":\"https:\\\/\\\/deenswonen.nl\\\/fr\\\/#\\\/schema\\\/logo\\\/image\\\/\"}}]}<\/script>\n<!-- \/ Yoast SEO plugin. -->","yoast_head_json":{"title":"Bougeoir Iittala Oiva Toikka Primo - Vie danoise","description":"Le chandelier vintage Iittala Oiva Toikka Primo est un r\u00e9gal pour les yeux. Cr\u00e9e une ambiance douce, d\u00e9couvrez notre collection vintage Iittala.","robots":{"index":"index","follow":"follow","max-snippet":"max-snippet:-1","max-image-preview":"max-image-preview:large","max-video-preview":"max-video-preview:-1"},"canonical":"https:\/\/deenswonen.nl\/fr\/produit\/iittala-oiva-toikka-primo-chandelier\/","og_locale":"fr_FR","og_type":"article","og_title":"Bougeoir Iittala Oiva Toikka Primo - Vie danoise","og_description":"Le chandelier vintage Iittala Oiva Toikka Primo est un r\u00e9gal pour les yeux. Cr\u00e9e une ambiance douce, d\u00e9couvrez notre collection vintage Iittala.","og_url":"https:\/\/deenswonen.nl\/fr\/produit\/iittala-oiva-toikka-primo-chandelier\/","og_site_name":"Vie danoise","article_modified_time":"2023-04-16T06:46:15+00:00","og_image":[{"width":480,"height":640,"url":"https:\/\/deenswonen.nl\/wp-content\/uploads\/2022\/03\/5DD9664A-B205-4E0D-BC6D-68A7B5B7AA35.jpeg","type":"image\/jpeg"}],"twitter_card":"summary_large_image","twitter_misc":{"Dur\u00e9e de lecture estim\u00e9e":"2 minutes"},"schema":{"@context":"https:\/\/schema.org","@graph":[{"@type":"WebPage","@id":"https:\/\/deenswonen.nl\/fr\/produit\/iittala-oiva-toikka-primo-chandelier\/","url":"https:\/\/deenswonen.nl\/fr\/produit\/iittala-oiva-toikka-primo-chandelier\/","name":"Bougeoir Iittala Oiva Toikka Primo - Vie danoise","isPartOf":{"@id":"https:\/\/deenswonen.nl\/fr\/#website"},"primaryImageOfPage":{"@id":"https:\/\/deenswonen.nl\/fr\/produit\/iittala-oiva-toikka-primo-chandelier\/#primaryimage"},"image":{"@id":"https:\/\/deenswonen.nl\/fr\/produit\/iittala-oiva-toikka-primo-chandelier\/#primaryimage"},"thumbnailUrl":"https:\/\/i0.wp.com\/deenswonen.nl\/wp-content\/uploads\/2022\/03\/5DD9664A-B205-4E0D-BC6D-68A7B5B7AA35.jpeg?fit=480%2C640&ssl=1","datePublished":"2022-03-10T13:40:12+00:00","dateModified":"2023-04-16T06:46:15+00:00","description":"Le chandelier vintage Iittala Oiva Toikka Primo est un r\u00e9gal pour les yeux. Cr\u00e9e une ambiance douce, d\u00e9couvrez notre collection vintage Iittala.","breadcrumb":{"@id":"https:\/\/deenswonen.nl\/fr\/produit\/iittala-oiva-toikka-primo-chandelier\/#breadcrumb"},"inLanguage":"fr-FR","potentialAction":[{"@type":"ReadAction","target":["https:\/\/deenswonen.nl\/fr\/produit\/iittala-oiva-toikka-primo-chandelier\/"]}]},{"@type":"ImageObject","inLanguage":"fr-FR","@id":"https:\/\/deenswonen.nl\/fr\/produit\/iittala-oiva-toikka-primo-chandelier\/#primaryimage","url":"https:\/\/i0.wp.com\/deenswonen.nl\/wp-content\/uploads\/2022\/03\/5DD9664A-B205-4E0D-BC6D-68A7B5B7AA35.jpeg?fit=480%2C640&ssl=1","contentUrl":"https:\/\/i0.wp.com\/deenswonen.nl\/wp-content\/uploads\/2022\/03\/5DD9664A-B205-4E0D-BC6D-68A7B5B7AA35.jpeg?fit=480%2C640&ssl=1","width":480,"height":640,"caption":"Image du bougeoir Iittala Oiva Tiokka Primo propos\u00e9 dans cette publicit\u00e9."},{"@type":"BreadcrumbList","@id":"https:\/\/deenswonen.nl\/fr\/produit\/iittala-oiva-toikka-primo-chandelier\/#breadcrumb","itemListElement":[{"@type":"ListItem","position":1,"name":"Home","item":"https:\/\/deenswonen.nl\/fr\/"},{"@type":"ListItem","position":2,"name":"Winkel","item":"https:\/\/deenswonen.nl\/winkel\/"},{"@type":"ListItem","position":3,"name":"Bougeoir Iittala Oiva Toikka Primo"}]},{"@type":"WebSite","@id":"https:\/\/deenswonen.nl\/fr\/#website","url":"https:\/\/deenswonen.nl\/fr\/","name":"Deens wonen","description":"Accessoires de maison vintage scandinaves","publisher":{"@id":"https:\/\/deenswonen.nl\/fr\/#organization"},"potentialAction":[{"@type":"SearchAction","target":{"@type":"EntryPoint","urlTemplate":"https:\/\/deenswonen.nl\/fr\/?s={search_term_string}"},"query-input":{"@type":"PropertyValueSpecification","valueRequired":true,"valueName":"search_term_string"}}],"inLanguage":"fr-FR"},{"@type":"Organization","@id":"https:\/\/deenswonen.nl\/fr\/#organization","name":"Vie danoise","url":"https:\/\/deenswonen.nl\/fr\/","logo":{"@type":"ImageObject","inLanguage":"fr-FR","@id":"https:\/\/deenswonen.nl\/fr\/#\/schema\/logo\/image\/","url":"https:\/\/i0.wp.com\/deenswonen.nl\/wp-content\/uploads\/2021\/11\/51ECE736-8380-4D65-ACA6-DE74174F3C35_1_201_a.jpeg?fit=1200%2C675&ssl=1","contentUrl":"https:\/\/i0.wp.com\/deenswonen.nl\/wp-content\/uploads\/2021\/11\/51ECE736-8380-4D65-ACA6-DE74174F3C35_1_201_a.jpeg?fit=1200%2C675&ssl=1","width":1200,"height":675,"caption":"Vie danoise"},"image":{"@id":"https:\/\/deenswonen.nl\/fr\/#\/schema\/logo\/image\/"}}]}},"jetpack_sharing_enabled":true,"_links":{"self":[{"href":"https:\/\/deenswonen.nl\/fr\/wp-json\/wp\/v2\/product\/6381","targetHints":{"allow":["GET"]}}],"collection":[{"href":"https:\/\/deenswonen.nl\/fr\/wp-json\/wp\/v2\/product"}],"about":[{"href":"https:\/\/deenswonen.nl\/fr\/wp-json\/wp\/v2\/types\/product"}],"wp:featuredmedia":[{"embeddable":true,"href":"https:\/\/deenswonen.nl\/fr\/wp-json\/wp\/v2\/media\/6219"}],"wp:attachment":[{"href":"https:\/\/deenswonen.nl\/fr\/wp-json\/wp\/v2\/media?parent=6381"}],"wp:term":[{"taxonomy":"product_brand","embeddable":true,"href":"https:\/\/deenswonen.nl\/fr\/wp-json\/wp\/v2\/product_brand?post=6381"},{"taxonomy":"product_cat","embeddable":true,"href":"https:\/\/deenswonen.nl\/fr\/wp-json\/wp\/v2\/product_cat?post=6381"},{"taxonomy":"product_tag","embeddable":true,"href":"https:\/\/deenswonen.nl\/fr\/wp-json\/wp\/v2\/product_tag?post=6381"}],"curies":[{"name":"wp","href":"https:\/\/api.w.org\/{rel}","templated":true}]}}