{"id":6353,"date":"2021-12-11T14:52:13","date_gmt":"2021-12-11T13:52:13","guid":{"rendered":"https:\/\/deenswonen.nl\/product\/georg-jensen-spin-box-boite-a-bijoux\/"},"modified":"2023-04-16T10:06:08","modified_gmt":"2023-04-16T08:06:08","slug":"georg-jensen-spin-box-jewel-box-2","status":"publish","type":"product","link":"https:\/\/deenswonen.nl\/fr\/produit\/georg-jensen-spin-box-jewel-box-2\/","title":{"rendered":"Georg Jensen Spin box Bo\u00eete \u00e0 bijoux"},"content":{"rendered":"<p>Belle Georg Jensen Spin box Bo\u00eete \u00e0 bijoux. <span class=\"Y2IQFc\" lang=\"nl\">La bo\u00eete Spin montre le design pur et organique de Georg Jensen Danemark. C&rsquo;est nul autre que le c\u00e9l\u00e8bre designer Karim Rashid qui a con\u00e7u cette \u00e9l\u00e9gante bo\u00eete de rangement au symbolisme \u00e9nigmatique. Fabriqu\u00e9 en acier inoxydable avec insert en silicone.<\/span><\/p>\n<h3>Spin box<\/h3>\n<p>La &lsquo;Spin Box&rsquo; est une \u00e9dition limit\u00e9e de 2006 en collaboration avec la l\u00e9gende du design am\u00e9ricain Karim Rashid. C&rsquo;est un bel objet avec une forme unique et des courbes fluides m\u00e9morables. Cela rend cette pi\u00e8ce \u00e9l\u00e9gante parfaite pour ranger des bijoux, des boutons de manchette, des cl\u00e9s, de la monnaie ou m\u00eame pour servir des collations et des chocolats.<\/p>\n<div class=\"slot slot--description slot--seperated js_slot-description\" data-bltgg=\"ll0x7OjOv4La8KxJKKBMcQ.2_5\">\n<div data-test=\"product-description\" data-bltgi=\"ll0x7OjOv4La8KxJKKBMcQ.2_5.6\">\n<h3 class=\"product-description\" data-test=\"description\">Sp\u00e9cifications Georg Jensen Spin box<\/h3>\n<\/div>\n<\/div>\n<p><span lang=\"nl\">Cette belle Georg Jensen Spinbox a environ 15 ans et est en bon \u00e9tat. Les<\/span><span lang=\"nl\"> les dimensions sont : 21 x 9 x 9 cm (l x l x h).<span class=\"Y2IQFc\" lang=\"nl\"> Le design comprend un bo\u00eetier en acier inoxydable miroir avec une doublure interne en silicone. <\/span><\/span><\/p>\n<h3 dir=\"ltr\" data-placeholder=\"Vertaling\">Histoire Georg Jensen<\/h3>\n<p id=\"tw-target-text\" class=\"tw-data-text tw-text-large XcVN5d tw-ta\" dir=\"ltr\" data-placeholder=\"Vertaling\"><span class=\"Y2IQFc\" lang=\"nl\">Avec une histoire de plus de 100 ans, la marque Georg Jensen est synonyme de savoir-faire de haute qualit\u00e9 et de design esth\u00e9tique intemporel, produisant des produits de style de vie allant de la vaisselle aux montres, bijoux et articles m\u00e9nagers. <\/span><\/p>\n<p class=\"tw-data-text tw-text-large XcVN5d tw-ta\" dir=\"ltr\" data-placeholder=\"Vertaling\"><span class=\"Y2IQFc\" lang=\"nl\">La propre philosophie de Georg Jensen \u00e9tait de cr\u00e9er des designs d\u00e9mocratiques qui poss\u00e8dent \u00e0 la fois fonctionnalit\u00e9 et beaut\u00e9. Ses comp\u00e9tences artisanales et son talent artistique combin\u00e9s \u00e0 sa capacit\u00e9 continue \u00e0 identifier et \u00e0 soutenir les talents du design ont \u00e9t\u00e9 la base sur laquelle il a construit Georg Jensen \u00e0 Copenhague en 1904. Le style de Georg Jensen a embrass\u00e9 les lignes de l&rsquo;Art nouveau de l&rsquo;\u00e9poque, mais leur a inject\u00e9 une puissance distinctive qui r\u00e9sonne encore aujourd&rsquo;hui. <\/span><\/p>\n<p>Cette bo\u00eete \u00e0 bijoux a environ 15 ans, c&rsquo;est pourquoi nous vous demandons de bien regarder les photos. Cela vous donnera une bonne impression de l&rsquo;\u00e9tat de la bo\u00eete. Nous pouvons avoir plusieurs mod\u00e8les <a href=\"https:\/\/deenswonen.nl\/product-categorie\/merken\/georg-jensen\/\">disponibles<\/a> .<\/p>\n<p>Nous exp\u00e9dions tous nos produits soigneusement emball\u00e9s et enregistr\u00e9s. Nos produits peuvent \u00e9galement \u00eatre retir\u00e9s sur rendez-vous \u00e0 Berkel en Rodenrijs.<\/p>\n","protected":false},"excerpt":{"rendered":"<p><span class=\"Y2IQFc\" lang=\"nl\">La bo\u00eete Spin montre le design pur et organique de Georg Jensen Danemark.<\/span><\/p>\n<p>&nbsp;<\/p>\n<ul>\n<li><strong>Conception scandinave<\/strong><\/li>\n<li><strong>Livraison internationale<\/strong><\/li>\n<li><strong>D\u00e9lai de r\u00e9flexion de 14 jours<\/strong><\/li>\n<\/ul>\n","protected":false},"featured_media":5254,"template":"","meta":[],"product_brand":[],"product_cat":[238,214,219,216],"product_tag":[],"class_list":{"0":"post-6353","1":"product","2":"type-product","3":"status-publish","4":"has-post-thumbnail","6":"product_cat-boites-de-stockage","7":"product_cat-georg-jensen-fr-2","8":"product_cat-populaire-fr","9":"product_cat-vient-darriver-fr","10":"thunk-woo-product-list","11":"opn-qv-enable","12":"top-store-woo-hover-swap","13":"top-store-single-product-tab-horizontal","14":"top-store-shadow-","15":"top-store-shadow-hover-","17":"first","18":"outofstock","19":"taxable","20":"shipping-taxable","21":"purchasable","22":"product-type-simple"},"yoast_head":"<!-- This site is optimized with the Yoast SEO plugin v27.3 - https:\/\/yoast.com\/product\/yoast-seo-wordpress\/ -->\n<title>Georg Jensen Spin box Bo\u00eete \u00e0 bijoux - Vie danoise<\/title>\n<meta name=\"description\" content=\"Belle Georg Jensen Spin box Bo\u00eete \u00e0 bijoux. La bo\u00eete Spin montre le design pur et organique de Georg Jensen Danemark. Regardez ici pour\" \/>\n<meta name=\"robots\" content=\"index, follow, max-snippet:-1, max-image-preview:large, max-video-preview:-1\" \/>\n<link rel=\"canonical\" href=\"https:\/\/deenswonen.nl\/fr\/produit\/georg-jensen-spin-box-jewel-box-2\/\" \/>\n<meta property=\"og:locale\" content=\"fr_FR\" \/>\n<meta property=\"og:type\" content=\"article\" \/>\n<meta property=\"og:title\" content=\"Georg Jensen Spin box Bo\u00eete \u00e0 bijoux - Vie danoise\" \/>\n<meta property=\"og:description\" content=\"Belle Georg Jensen Spin box Bo\u00eete \u00e0 bijoux. La bo\u00eete Spin montre le design pur et organique de Georg Jensen Danemark. Regardez ici pour\" \/>\n<meta property=\"og:url\" content=\"https:\/\/deenswonen.nl\/fr\/produit\/georg-jensen-spin-box-jewel-box-2\/\" \/>\n<meta property=\"og:site_name\" content=\"Vie danoise\" \/>\n<meta property=\"article:modified_time\" content=\"2023-04-16T08:06:08+00:00\" \/>\n<meta property=\"og:image\" content=\"https:\/\/deenswonen.nl\/wp-content\/uploads\/2021\/12\/D249FE38-C90D-4EE7-B884-7AEA47B425A9.jpeg\" \/>\n\t<meta property=\"og:image:width\" content=\"1280\" \/>\n\t<meta property=\"og:image:height\" content=\"960\" \/>\n\t<meta property=\"og:image:type\" content=\"image\/jpeg\" \/>\n<meta name=\"twitter:card\" content=\"summary_large_image\" \/>\n<meta name=\"twitter:label1\" content=\"Dur\u00e9e de lecture estim\u00e9e\" \/>\n\t<meta name=\"twitter:data1\" content=\"2 minutes\" \/>\n<script type=\"application\/ld+json\" class=\"yoast-schema-graph\">{\"@context\":\"https:\\\/\\\/schema.org\",\"@graph\":[{\"@type\":\"WebPage\",\"@id\":\"https:\\\/\\\/deenswonen.nl\\\/fr\\\/produit\\\/georg-jensen-spin-box-jewel-box-2\\\/\",\"url\":\"https:\\\/\\\/deenswonen.nl\\\/fr\\\/produit\\\/georg-jensen-spin-box-jewel-box-2\\\/\",\"name\":\"Georg Jensen Spin box Bo\u00eete \u00e0 bijoux - Vie danoise\",\"isPartOf\":{\"@id\":\"https:\\\/\\\/deenswonen.nl\\\/fr\\\/#website\"},\"primaryImageOfPage\":{\"@id\":\"https:\\\/\\\/deenswonen.nl\\\/fr\\\/produit\\\/georg-jensen-spin-box-jewel-box-2\\\/#primaryimage\"},\"image\":{\"@id\":\"https:\\\/\\\/deenswonen.nl\\\/fr\\\/produit\\\/georg-jensen-spin-box-jewel-box-2\\\/#primaryimage\"},\"thumbnailUrl\":\"https:\\\/\\\/i0.wp.com\\\/deenswonen.nl\\\/wp-content\\\/uploads\\\/2021\\\/12\\\/D249FE38-C90D-4EE7-B884-7AEA47B425A9.jpeg?fit=1280%2C960&ssl=1\",\"datePublished\":\"2021-12-11T13:52:13+00:00\",\"dateModified\":\"2023-04-16T08:06:08+00:00\",\"description\":\"Belle Georg Jensen Spin box Bo\u00eete \u00e0 bijoux. La bo\u00eete Spin montre le design pur et organique de Georg Jensen Danemark. Regardez ici pour\",\"breadcrumb\":{\"@id\":\"https:\\\/\\\/deenswonen.nl\\\/fr\\\/produit\\\/georg-jensen-spin-box-jewel-box-2\\\/#breadcrumb\"},\"inLanguage\":\"fr-FR\",\"potentialAction\":[{\"@type\":\"ReadAction\",\"target\":[\"https:\\\/\\\/deenswonen.nl\\\/fr\\\/produit\\\/georg-jensen-spin-box-jewel-box-2\\\/\"]}]},{\"@type\":\"ImageObject\",\"inLanguage\":\"fr-FR\",\"@id\":\"https:\\\/\\\/deenswonen.nl\\\/fr\\\/produit\\\/georg-jensen-spin-box-jewel-box-2\\\/#primaryimage\",\"url\":\"https:\\\/\\\/i0.wp.com\\\/deenswonen.nl\\\/wp-content\\\/uploads\\\/2021\\\/12\\\/D249FE38-C90D-4EE7-B884-7AEA47B425A9.jpeg?fit=1280%2C960&ssl=1\",\"contentUrl\":\"https:\\\/\\\/i0.wp.com\\\/deenswonen.nl\\\/wp-content\\\/uploads\\\/2021\\\/12\\\/D249FE38-C90D-4EE7-B884-7AEA47B425A9.jpeg?fit=1280%2C960&ssl=1\",\"width\":1280,\"height\":960,\"caption\":\"Image de la Georg Jensen Spinbox avec incrustation rose propos\u00e9e dans cette annonce.\"},{\"@type\":\"BreadcrumbList\",\"@id\":\"https:\\\/\\\/deenswonen.nl\\\/fr\\\/produit\\\/georg-jensen-spin-box-jewel-box-2\\\/#breadcrumb\",\"itemListElement\":[{\"@type\":\"ListItem\",\"position\":1,\"name\":\"Home\",\"item\":\"https:\\\/\\\/deenswonen.nl\\\/fr\\\/\"},{\"@type\":\"ListItem\",\"position\":2,\"name\":\"Winkel\",\"item\":\"https:\\\/\\\/deenswonen.nl\\\/winkel\\\/\"},{\"@type\":\"ListItem\",\"position\":3,\"name\":\"Georg Jensen Spin box Bo\u00eete \u00e0 bijoux\"}]},{\"@type\":\"WebSite\",\"@id\":\"https:\\\/\\\/deenswonen.nl\\\/fr\\\/#website\",\"url\":\"https:\\\/\\\/deenswonen.nl\\\/fr\\\/\",\"name\":\"Deens wonen\",\"description\":\"Accessoires de maison vintage scandinaves\",\"publisher\":{\"@id\":\"https:\\\/\\\/deenswonen.nl\\\/fr\\\/#organization\"},\"potentialAction\":[{\"@type\":\"SearchAction\",\"target\":{\"@type\":\"EntryPoint\",\"urlTemplate\":\"https:\\\/\\\/deenswonen.nl\\\/fr\\\/?s={search_term_string}\"},\"query-input\":{\"@type\":\"PropertyValueSpecification\",\"valueRequired\":true,\"valueName\":\"search_term_string\"}}],\"inLanguage\":\"fr-FR\"},{\"@type\":\"Organization\",\"@id\":\"https:\\\/\\\/deenswonen.nl\\\/fr\\\/#organization\",\"name\":\"Vie danoise\",\"url\":\"https:\\\/\\\/deenswonen.nl\\\/fr\\\/\",\"logo\":{\"@type\":\"ImageObject\",\"inLanguage\":\"fr-FR\",\"@id\":\"https:\\\/\\\/deenswonen.nl\\\/fr\\\/#\\\/schema\\\/logo\\\/image\\\/\",\"url\":\"https:\\\/\\\/i0.wp.com\\\/deenswonen.nl\\\/wp-content\\\/uploads\\\/2021\\\/11\\\/51ECE736-8380-4D65-ACA6-DE74174F3C35_1_201_a.jpeg?fit=1200%2C675&ssl=1\",\"contentUrl\":\"https:\\\/\\\/i0.wp.com\\\/deenswonen.nl\\\/wp-content\\\/uploads\\\/2021\\\/11\\\/51ECE736-8380-4D65-ACA6-DE74174F3C35_1_201_a.jpeg?fit=1200%2C675&ssl=1\",\"width\":1200,\"height\":675,\"caption\":\"Vie danoise\"},\"image\":{\"@id\":\"https:\\\/\\\/deenswonen.nl\\\/fr\\\/#\\\/schema\\\/logo\\\/image\\\/\"}}]}<\/script>\n<!-- \/ Yoast SEO plugin. -->","yoast_head_json":{"title":"Georg Jensen Spin box Bo\u00eete \u00e0 bijoux - Vie danoise","description":"Belle Georg Jensen Spin box Bo\u00eete \u00e0 bijoux. La bo\u00eete Spin montre le design pur et organique de Georg Jensen Danemark. Regardez ici pour","robots":{"index":"index","follow":"follow","max-snippet":"max-snippet:-1","max-image-preview":"max-image-preview:large","max-video-preview":"max-video-preview:-1"},"canonical":"https:\/\/deenswonen.nl\/fr\/produit\/georg-jensen-spin-box-jewel-box-2\/","og_locale":"fr_FR","og_type":"article","og_title":"Georg Jensen Spin box Bo\u00eete \u00e0 bijoux - Vie danoise","og_description":"Belle Georg Jensen Spin box Bo\u00eete \u00e0 bijoux. La bo\u00eete Spin montre le design pur et organique de Georg Jensen Danemark. Regardez ici pour","og_url":"https:\/\/deenswonen.nl\/fr\/produit\/georg-jensen-spin-box-jewel-box-2\/","og_site_name":"Vie danoise","article_modified_time":"2023-04-16T08:06:08+00:00","og_image":[{"width":1280,"height":960,"url":"https:\/\/deenswonen.nl\/wp-content\/uploads\/2021\/12\/D249FE38-C90D-4EE7-B884-7AEA47B425A9.jpeg","type":"image\/jpeg"}],"twitter_card":"summary_large_image","twitter_misc":{"Dur\u00e9e de lecture estim\u00e9e":"2 minutes"},"schema":{"@context":"https:\/\/schema.org","@graph":[{"@type":"WebPage","@id":"https:\/\/deenswonen.nl\/fr\/produit\/georg-jensen-spin-box-jewel-box-2\/","url":"https:\/\/deenswonen.nl\/fr\/produit\/georg-jensen-spin-box-jewel-box-2\/","name":"Georg Jensen Spin box Bo\u00eete \u00e0 bijoux - Vie danoise","isPartOf":{"@id":"https:\/\/deenswonen.nl\/fr\/#website"},"primaryImageOfPage":{"@id":"https:\/\/deenswonen.nl\/fr\/produit\/georg-jensen-spin-box-jewel-box-2\/#primaryimage"},"image":{"@id":"https:\/\/deenswonen.nl\/fr\/produit\/georg-jensen-spin-box-jewel-box-2\/#primaryimage"},"thumbnailUrl":"https:\/\/i0.wp.com\/deenswonen.nl\/wp-content\/uploads\/2021\/12\/D249FE38-C90D-4EE7-B884-7AEA47B425A9.jpeg?fit=1280%2C960&ssl=1","datePublished":"2021-12-11T13:52:13+00:00","dateModified":"2023-04-16T08:06:08+00:00","description":"Belle Georg Jensen Spin box Bo\u00eete \u00e0 bijoux. La bo\u00eete Spin montre le design pur et organique de Georg Jensen Danemark. Regardez ici pour","breadcrumb":{"@id":"https:\/\/deenswonen.nl\/fr\/produit\/georg-jensen-spin-box-jewel-box-2\/#breadcrumb"},"inLanguage":"fr-FR","potentialAction":[{"@type":"ReadAction","target":["https:\/\/deenswonen.nl\/fr\/produit\/georg-jensen-spin-box-jewel-box-2\/"]}]},{"@type":"ImageObject","inLanguage":"fr-FR","@id":"https:\/\/deenswonen.nl\/fr\/produit\/georg-jensen-spin-box-jewel-box-2\/#primaryimage","url":"https:\/\/i0.wp.com\/deenswonen.nl\/wp-content\/uploads\/2021\/12\/D249FE38-C90D-4EE7-B884-7AEA47B425A9.jpeg?fit=1280%2C960&ssl=1","contentUrl":"https:\/\/i0.wp.com\/deenswonen.nl\/wp-content\/uploads\/2021\/12\/D249FE38-C90D-4EE7-B884-7AEA47B425A9.jpeg?fit=1280%2C960&ssl=1","width":1280,"height":960,"caption":"Image de la Georg Jensen Spinbox avec incrustation rose propos\u00e9e dans cette annonce."},{"@type":"BreadcrumbList","@id":"https:\/\/deenswonen.nl\/fr\/produit\/georg-jensen-spin-box-jewel-box-2\/#breadcrumb","itemListElement":[{"@type":"ListItem","position":1,"name":"Home","item":"https:\/\/deenswonen.nl\/fr\/"},{"@type":"ListItem","position":2,"name":"Winkel","item":"https:\/\/deenswonen.nl\/winkel\/"},{"@type":"ListItem","position":3,"name":"Georg Jensen Spin box Bo\u00eete \u00e0 bijoux"}]},{"@type":"WebSite","@id":"https:\/\/deenswonen.nl\/fr\/#website","url":"https:\/\/deenswonen.nl\/fr\/","name":"Deens wonen","description":"Accessoires de maison vintage scandinaves","publisher":{"@id":"https:\/\/deenswonen.nl\/fr\/#organization"},"potentialAction":[{"@type":"SearchAction","target":{"@type":"EntryPoint","urlTemplate":"https:\/\/deenswonen.nl\/fr\/?s={search_term_string}"},"query-input":{"@type":"PropertyValueSpecification","valueRequired":true,"valueName":"search_term_string"}}],"inLanguage":"fr-FR"},{"@type":"Organization","@id":"https:\/\/deenswonen.nl\/fr\/#organization","name":"Vie danoise","url":"https:\/\/deenswonen.nl\/fr\/","logo":{"@type":"ImageObject","inLanguage":"fr-FR","@id":"https:\/\/deenswonen.nl\/fr\/#\/schema\/logo\/image\/","url":"https:\/\/i0.wp.com\/deenswonen.nl\/wp-content\/uploads\/2021\/11\/51ECE736-8380-4D65-ACA6-DE74174F3C35_1_201_a.jpeg?fit=1200%2C675&ssl=1","contentUrl":"https:\/\/i0.wp.com\/deenswonen.nl\/wp-content\/uploads\/2021\/11\/51ECE736-8380-4D65-ACA6-DE74174F3C35_1_201_a.jpeg?fit=1200%2C675&ssl=1","width":1200,"height":675,"caption":"Vie danoise"},"image":{"@id":"https:\/\/deenswonen.nl\/fr\/#\/schema\/logo\/image\/"}}]}},"jetpack_sharing_enabled":true,"_links":{"self":[{"href":"https:\/\/deenswonen.nl\/fr\/wp-json\/wp\/v2\/product\/6353","targetHints":{"allow":["GET"]}}],"collection":[{"href":"https:\/\/deenswonen.nl\/fr\/wp-json\/wp\/v2\/product"}],"about":[{"href":"https:\/\/deenswonen.nl\/fr\/wp-json\/wp\/v2\/types\/product"}],"wp:featuredmedia":[{"embeddable":true,"href":"https:\/\/deenswonen.nl\/fr\/wp-json\/wp\/v2\/media\/5254"}],"wp:attachment":[{"href":"https:\/\/deenswonen.nl\/fr\/wp-json\/wp\/v2\/media?parent=6353"}],"wp:term":[{"taxonomy":"product_brand","embeddable":true,"href":"https:\/\/deenswonen.nl\/fr\/wp-json\/wp\/v2\/product_brand?post=6353"},{"taxonomy":"product_cat","embeddable":true,"href":"https:\/\/deenswonen.nl\/fr\/wp-json\/wp\/v2\/product_cat?post=6353"},{"taxonomy":"product_tag","embeddable":true,"href":"https:\/\/deenswonen.nl\/fr\/wp-json\/wp\/v2\/product_tag?post=6353"}],"curies":[{"name":"wp","href":"https:\/\/api.w.org\/{rel}","templated":true}]}}