{"id":6327,"date":"2021-11-13T21:52:48","date_gmt":"2021-11-13T20:52:48","guid":{"rendered":"https:\/\/deenswonen.nl\/product\/bougeoir-classique-stelton-grand\/"},"modified":"2023-04-16T10:13:29","modified_gmt":"2023-04-16T08:13:29","slug":"stelton-classic-chandelier-grand","status":"publish","type":"product","link":"https:\/\/deenswonen.nl\/fr\/produit\/stelton-classic-chandelier-grand\/","title":{"rendered":"Bougeoir classique Stelton grand"},"content":{"rendered":"<div class=\"description-action-box-text\">\n<h2 dir=\"ltr\" data-placeholder=\"Vertaling\">Stelton Classic Chandelier grand acier inoxydable brillant<\/h2>\n<p id=\"tw-target-text\" class=\"tw-data-text tw-text-large XcVN5d tw-ta\" dir=\"ltr\" data-placeholder=\"Vertaling\">Cr\u00e9ez une atmosph\u00e8re dans votre maison avec le bougeoir Classic large de Stelton. Ces nouveaux bougeoirs fins et \u00e9l\u00e9gants compl\u00e8tent votre set de table. Le duo d&rsquo;architectes danois Jehs &amp; Laub a con\u00e7u ce chandelier pour Stelton. Ce chandelier est en acier inoxydable hautement poli. De plus, les chandeliers sont disponibles en trois hauteurs diff\u00e9rentes. La surface polie offre une belle r\u00e9flexion de la lumi\u00e8re. Par exemple, placez une longue rang\u00e9e de chandeliers au centre de la table \u00e0 manger pour un petit spectacle de lumi\u00e8re. Cette conception est \u00e9galement appel\u00e9e danoise moderne 2.0.<\/p>\n<\/div>\n<h2 dir=\"ltr\" data-placeholder=\"Vertaling\">Chandelier classique<\/h2>\n<p class=\"tw-data-text tw-text-large XcVN5d tw-ta\" dir=\"ltr\" data-placeholder=\"Vertaling\"><span lang=\"nl\">En un instant, les chandeliers Classic de Stelton apportent une ambiance festive entre vos quatre murs. <\/span>Le duo de designers Halskov &amp; Dalsgaard a cr\u00e9\u00e9 un bougeoir \u00e9pur\u00e9, organique et presque f\u00e9minin. De plus, la surface polie des bougeoirs refl\u00e8te la lumi\u00e8re et cr\u00e9e un \u00e9clat enchanteur.<\/p>\n<div class=\"description-action-box-text\">\n<h2>Sp\u00e9cification Bougeoir Stelton Classic grand<\/h2>\n<p class=\"tw-data-text tw-text-large XcVN5d tw-ta\" dir=\"ltr\" data-placeholder=\"Vertaling\"><span lang=\"nl\">Ce magnifique bougeoir est \u00e0 l&rsquo;\u00e9tat neuf. Le chandelier est livr\u00e9 complet avec son emballage d&rsquo;origine et semble n&rsquo;avoir jamais \u00e9t\u00e9 utilis\u00e9. Le chandelier a le timbre Stelton sur le fond. <\/span><\/p>\n<p>Les dimensions de ce chandelier sont :<\/p>\n<ul>\n<li>Hauteur 17cm.<\/li>\n<li>Largeur 10cm<\/li>\n<\/ul>\n<\/div>\n<h2>Histoire de Stelton<\/h2>\n<p id=\"tw-target-text\" class=\"tw-data-text tw-text-large XcVN5d tw-ta\" dir=\"ltr\" data-placeholder=\"Vertaling\"><span lang=\"nl\">Stellan et Carton ont cr\u00e9\u00e9 l&rsquo;une des marques de design les plus c\u00e9l\u00e8bres au Danemark : Stelton. Le nom est n\u00e9 de la fusion de leurs pr\u00e9noms. <\/span><span lang=\"nl\">La soci\u00e9t\u00e9 commerciale vendait \u00e0 l&rsquo;origine<\/span><span lang=\"nl\">des chaussures de sport et des meubles, mais les magasins ont vraiment d\u00e9coll\u00e9 lorsqu&rsquo;ils ont entendu parler d&rsquo;une petite usine \u00e0 F\u00e5revejle au Danemark appel\u00e9e \u00ab\u00a0Dansk Rustfrit\u00a0\u00bb.<\/span><\/p>\n<p id=\"tw-target-text\" class=\"tw-data-text tw-text-large XcVN5d tw-ta\" dir=\"ltr\" data-placeholder=\"Vertaling\"><span lang=\"nl\">Dansk Rustfrit a produit des pi\u00e8ces de service populaires en acier inoxydable. Apr\u00e8s avoir conclu un accord avec Dansk Rustfrit, Stelton a commenc\u00e9 \u00e0 commercialiser un bol \u00e0 sauce en acier inoxydable. Ce bol \u00e0 sauce s&rsquo;est vendu comme des petits pains dans les quincailleries danoises, et les bols sont \u00e9galement devenus un grand succ\u00e8s en dehors du Danemark. Au cours des ann\u00e9es qui ont suivi, Stelton est devenue l&rsquo;une des marques de design les plus connues du Danemark.<\/span><\/p>\n<p>Nous pouvons \u00e9galement avoir d&rsquo;autres produits Stelton <a href=\"https:\/\/deenswonen.nl\/product-categorie\/merken\/stelton\/\">disponibles<\/a>.<\/p>\n<p>Le chandelier sera soigneusement emball\u00e9 et exp\u00e9di\u00e9 avec Post NL. Il est \u00e9galement possible de venir chercher sur rendez-vous \u00e0 Berkel en Rodenrijs.<\/p>\n","protected":false},"excerpt":{"rendered":"<p>Cr\u00e9ez une atmosph\u00e8re dans votre maison avec le bougeoir Classic large de Stelton. Ces nouveaux bougeoirs fins et \u00e9l\u00e9gants compl\u00e8tent votre set de table.<\/p>\n<p>&nbsp;<\/p>\n<ul>\n<li><strong>Conception scandinave<\/strong><\/li>\n<li><strong>Livraison internationale<\/strong><\/li>\n<li><strong>D\u00e9lai de r\u00e9flexion de 14 jours<\/strong><\/li>\n<\/ul>\n","protected":false},"featured_media":5364,"template":"","meta":[],"product_brand":[],"product_cat":[217,219,227,216],"product_tag":[],"class_list":{"0":"post-6327","1":"product","2":"type-product","3":"status-publish","4":"has-post-thumbnail","6":"product_cat-chandeliers","7":"product_cat-populaire-fr","8":"product_cat-stelton-fr","9":"product_cat-vient-darriver-fr","10":"thunk-woo-product-list","11":"opn-qv-enable","12":"top-store-woo-hover-swap","13":"top-store-single-product-tab-horizontal","14":"top-store-shadow-","15":"top-store-shadow-hover-","17":"first","18":"outofstock","19":"taxable","20":"shipping-taxable","21":"purchasable","22":"product-type-simple"},"yoast_head":"<!-- This site is optimized with the Yoast SEO plugin v27.3 - https:\/\/yoast.com\/product\/yoast-seo-wordpress\/ -->\n<title>Bougeoir classique Stelton grand - vie danoise<\/title>\n<meta name=\"description\" content=\"Le grand chandelier de table classique a \u00e9t\u00e9 con\u00e7u pour Stelton par le duo d&#039;architectes danois Halskov &amp; Dalsgaard. Consultez notre collection ici.\" \/>\n<meta name=\"robots\" content=\"index, follow, max-snippet:-1, max-image-preview:large, max-video-preview:-1\" \/>\n<link rel=\"canonical\" href=\"https:\/\/deenswonen.nl\/fr\/produit\/stelton-classic-chandelier-grand\/\" \/>\n<meta property=\"og:locale\" content=\"fr_FR\" \/>\n<meta property=\"og:type\" content=\"article\" \/>\n<meta property=\"og:title\" content=\"Bougeoir classique Stelton grand - vie danoise\" \/>\n<meta property=\"og:description\" content=\"Le grand chandelier de table classique a \u00e9t\u00e9 con\u00e7u pour Stelton par le duo d&#039;architectes danois Halskov &amp; Dalsgaard. Consultez notre collection ici.\" \/>\n<meta property=\"og:url\" content=\"https:\/\/deenswonen.nl\/fr\/produit\/stelton-classic-chandelier-grand\/\" \/>\n<meta property=\"og:site_name\" content=\"Vie danoise\" \/>\n<meta property=\"article:modified_time\" content=\"2023-04-16T08:13:29+00:00\" \/>\n<meta property=\"og:image\" content=\"https:\/\/deenswonen.nl\/wp-content\/uploads\/2021\/11\/93B15A27-7F64-4D52-AF03-8E0536B1163B.jpeg\" \/>\n\t<meta property=\"og:image:width\" content=\"960\" \/>\n\t<meta property=\"og:image:height\" content=\"1280\" \/>\n\t<meta property=\"og:image:type\" content=\"image\/jpeg\" \/>\n<meta name=\"twitter:card\" content=\"summary_large_image\" \/>\n<meta name=\"twitter:label1\" content=\"Dur\u00e9e de lecture estim\u00e9e\" \/>\n\t<meta name=\"twitter:data1\" content=\"2 minutes\" \/>\n<script type=\"application\/ld+json\" class=\"yoast-schema-graph\">{\"@context\":\"https:\\\/\\\/schema.org\",\"@graph\":[{\"@type\":\"WebPage\",\"@id\":\"https:\\\/\\\/deenswonen.nl\\\/fr\\\/produit\\\/stelton-classic-chandelier-grand\\\/\",\"url\":\"https:\\\/\\\/deenswonen.nl\\\/fr\\\/produit\\\/stelton-classic-chandelier-grand\\\/\",\"name\":\"Bougeoir classique Stelton grand - vie danoise\",\"isPartOf\":{\"@id\":\"https:\\\/\\\/deenswonen.nl\\\/fr\\\/#website\"},\"primaryImageOfPage\":{\"@id\":\"https:\\\/\\\/deenswonen.nl\\\/fr\\\/produit\\\/stelton-classic-chandelier-grand\\\/#primaryimage\"},\"image\":{\"@id\":\"https:\\\/\\\/deenswonen.nl\\\/fr\\\/produit\\\/stelton-classic-chandelier-grand\\\/#primaryimage\"},\"thumbnailUrl\":\"https:\\\/\\\/i0.wp.com\\\/deenswonen.nl\\\/wp-content\\\/uploads\\\/2021\\\/11\\\/93B15A27-7F64-4D52-AF03-8E0536B1163B.jpeg?fit=960%2C1280&ssl=1\",\"datePublished\":\"2021-11-13T20:52:48+00:00\",\"dateModified\":\"2023-04-16T08:13:29+00:00\",\"description\":\"Le grand chandelier de table classique a \u00e9t\u00e9 con\u00e7u pour Stelton par le duo d'architectes danois Halskov & Dalsgaard. Consultez notre collection ici.\",\"breadcrumb\":{\"@id\":\"https:\\\/\\\/deenswonen.nl\\\/fr\\\/produit\\\/stelton-classic-chandelier-grand\\\/#breadcrumb\"},\"inLanguage\":\"fr-FR\",\"potentialAction\":[{\"@type\":\"ReadAction\",\"target\":[\"https:\\\/\\\/deenswonen.nl\\\/fr\\\/produit\\\/stelton-classic-chandelier-grand\\\/\"]}]},{\"@type\":\"ImageObject\",\"inLanguage\":\"fr-FR\",\"@id\":\"https:\\\/\\\/deenswonen.nl\\\/fr\\\/produit\\\/stelton-classic-chandelier-grand\\\/#primaryimage\",\"url\":\"https:\\\/\\\/i0.wp.com\\\/deenswonen.nl\\\/wp-content\\\/uploads\\\/2021\\\/11\\\/93B15A27-7F64-4D52-AF03-8E0536B1163B.jpeg?fit=960%2C1280&ssl=1\",\"contentUrl\":\"https:\\\/\\\/i0.wp.com\\\/deenswonen.nl\\\/wp-content\\\/uploads\\\/2021\\\/11\\\/93B15A27-7F64-4D52-AF03-8E0536B1163B.jpeg?fit=960%2C1280&ssl=1\",\"width\":960,\"height\":1280,\"caption\":\"Image du bougeoir Stelton Classic Large propos\u00e9 dans cette publicit\u00e9.\"},{\"@type\":\"BreadcrumbList\",\"@id\":\"https:\\\/\\\/deenswonen.nl\\\/fr\\\/produit\\\/stelton-classic-chandelier-grand\\\/#breadcrumb\",\"itemListElement\":[{\"@type\":\"ListItem\",\"position\":1,\"name\":\"Home\",\"item\":\"https:\\\/\\\/deenswonen.nl\\\/fr\\\/\"},{\"@type\":\"ListItem\",\"position\":2,\"name\":\"Winkel\",\"item\":\"https:\\\/\\\/deenswonen.nl\\\/winkel\\\/\"},{\"@type\":\"ListItem\",\"position\":3,\"name\":\"Bougeoir classique Stelton grand\"}]},{\"@type\":\"WebSite\",\"@id\":\"https:\\\/\\\/deenswonen.nl\\\/fr\\\/#website\",\"url\":\"https:\\\/\\\/deenswonen.nl\\\/fr\\\/\",\"name\":\"Deens wonen\",\"description\":\"Accessoires de maison vintage scandinaves\",\"publisher\":{\"@id\":\"https:\\\/\\\/deenswonen.nl\\\/fr\\\/#organization\"},\"potentialAction\":[{\"@type\":\"SearchAction\",\"target\":{\"@type\":\"EntryPoint\",\"urlTemplate\":\"https:\\\/\\\/deenswonen.nl\\\/fr\\\/?s={search_term_string}\"},\"query-input\":{\"@type\":\"PropertyValueSpecification\",\"valueRequired\":true,\"valueName\":\"search_term_string\"}}],\"inLanguage\":\"fr-FR\"},{\"@type\":\"Organization\",\"@id\":\"https:\\\/\\\/deenswonen.nl\\\/fr\\\/#organization\",\"name\":\"Vie danoise\",\"url\":\"https:\\\/\\\/deenswonen.nl\\\/fr\\\/\",\"logo\":{\"@type\":\"ImageObject\",\"inLanguage\":\"fr-FR\",\"@id\":\"https:\\\/\\\/deenswonen.nl\\\/fr\\\/#\\\/schema\\\/logo\\\/image\\\/\",\"url\":\"https:\\\/\\\/i0.wp.com\\\/deenswonen.nl\\\/wp-content\\\/uploads\\\/2021\\\/11\\\/51ECE736-8380-4D65-ACA6-DE74174F3C35_1_201_a.jpeg?fit=1200%2C675&ssl=1\",\"contentUrl\":\"https:\\\/\\\/i0.wp.com\\\/deenswonen.nl\\\/wp-content\\\/uploads\\\/2021\\\/11\\\/51ECE736-8380-4D65-ACA6-DE74174F3C35_1_201_a.jpeg?fit=1200%2C675&ssl=1\",\"width\":1200,\"height\":675,\"caption\":\"Vie danoise\"},\"image\":{\"@id\":\"https:\\\/\\\/deenswonen.nl\\\/fr\\\/#\\\/schema\\\/logo\\\/image\\\/\"}}]}<\/script>\n<!-- \/ Yoast SEO plugin. -->","yoast_head_json":{"title":"Bougeoir classique Stelton grand - vie danoise","description":"Le grand chandelier de table classique a \u00e9t\u00e9 con\u00e7u pour Stelton par le duo d'architectes danois Halskov & Dalsgaard. Consultez notre collection ici.","robots":{"index":"index","follow":"follow","max-snippet":"max-snippet:-1","max-image-preview":"max-image-preview:large","max-video-preview":"max-video-preview:-1"},"canonical":"https:\/\/deenswonen.nl\/fr\/produit\/stelton-classic-chandelier-grand\/","og_locale":"fr_FR","og_type":"article","og_title":"Bougeoir classique Stelton grand - vie danoise","og_description":"Le grand chandelier de table classique a \u00e9t\u00e9 con\u00e7u pour Stelton par le duo d'architectes danois Halskov & Dalsgaard. Consultez notre collection ici.","og_url":"https:\/\/deenswonen.nl\/fr\/produit\/stelton-classic-chandelier-grand\/","og_site_name":"Vie danoise","article_modified_time":"2023-04-16T08:13:29+00:00","og_image":[{"width":960,"height":1280,"url":"https:\/\/deenswonen.nl\/wp-content\/uploads\/2021\/11\/93B15A27-7F64-4D52-AF03-8E0536B1163B.jpeg","type":"image\/jpeg"}],"twitter_card":"summary_large_image","twitter_misc":{"Dur\u00e9e de lecture estim\u00e9e":"2 minutes"},"schema":{"@context":"https:\/\/schema.org","@graph":[{"@type":"WebPage","@id":"https:\/\/deenswonen.nl\/fr\/produit\/stelton-classic-chandelier-grand\/","url":"https:\/\/deenswonen.nl\/fr\/produit\/stelton-classic-chandelier-grand\/","name":"Bougeoir classique Stelton grand - vie danoise","isPartOf":{"@id":"https:\/\/deenswonen.nl\/fr\/#website"},"primaryImageOfPage":{"@id":"https:\/\/deenswonen.nl\/fr\/produit\/stelton-classic-chandelier-grand\/#primaryimage"},"image":{"@id":"https:\/\/deenswonen.nl\/fr\/produit\/stelton-classic-chandelier-grand\/#primaryimage"},"thumbnailUrl":"https:\/\/i0.wp.com\/deenswonen.nl\/wp-content\/uploads\/2021\/11\/93B15A27-7F64-4D52-AF03-8E0536B1163B.jpeg?fit=960%2C1280&ssl=1","datePublished":"2021-11-13T20:52:48+00:00","dateModified":"2023-04-16T08:13:29+00:00","description":"Le grand chandelier de table classique a \u00e9t\u00e9 con\u00e7u pour Stelton par le duo d'architectes danois Halskov & Dalsgaard. Consultez notre collection ici.","breadcrumb":{"@id":"https:\/\/deenswonen.nl\/fr\/produit\/stelton-classic-chandelier-grand\/#breadcrumb"},"inLanguage":"fr-FR","potentialAction":[{"@type":"ReadAction","target":["https:\/\/deenswonen.nl\/fr\/produit\/stelton-classic-chandelier-grand\/"]}]},{"@type":"ImageObject","inLanguage":"fr-FR","@id":"https:\/\/deenswonen.nl\/fr\/produit\/stelton-classic-chandelier-grand\/#primaryimage","url":"https:\/\/i0.wp.com\/deenswonen.nl\/wp-content\/uploads\/2021\/11\/93B15A27-7F64-4D52-AF03-8E0536B1163B.jpeg?fit=960%2C1280&ssl=1","contentUrl":"https:\/\/i0.wp.com\/deenswonen.nl\/wp-content\/uploads\/2021\/11\/93B15A27-7F64-4D52-AF03-8E0536B1163B.jpeg?fit=960%2C1280&ssl=1","width":960,"height":1280,"caption":"Image du bougeoir Stelton Classic Large propos\u00e9 dans cette publicit\u00e9."},{"@type":"BreadcrumbList","@id":"https:\/\/deenswonen.nl\/fr\/produit\/stelton-classic-chandelier-grand\/#breadcrumb","itemListElement":[{"@type":"ListItem","position":1,"name":"Home","item":"https:\/\/deenswonen.nl\/fr\/"},{"@type":"ListItem","position":2,"name":"Winkel","item":"https:\/\/deenswonen.nl\/winkel\/"},{"@type":"ListItem","position":3,"name":"Bougeoir classique Stelton grand"}]},{"@type":"WebSite","@id":"https:\/\/deenswonen.nl\/fr\/#website","url":"https:\/\/deenswonen.nl\/fr\/","name":"Deens wonen","description":"Accessoires de maison vintage scandinaves","publisher":{"@id":"https:\/\/deenswonen.nl\/fr\/#organization"},"potentialAction":[{"@type":"SearchAction","target":{"@type":"EntryPoint","urlTemplate":"https:\/\/deenswonen.nl\/fr\/?s={search_term_string}"},"query-input":{"@type":"PropertyValueSpecification","valueRequired":true,"valueName":"search_term_string"}}],"inLanguage":"fr-FR"},{"@type":"Organization","@id":"https:\/\/deenswonen.nl\/fr\/#organization","name":"Vie danoise","url":"https:\/\/deenswonen.nl\/fr\/","logo":{"@type":"ImageObject","inLanguage":"fr-FR","@id":"https:\/\/deenswonen.nl\/fr\/#\/schema\/logo\/image\/","url":"https:\/\/i0.wp.com\/deenswonen.nl\/wp-content\/uploads\/2021\/11\/51ECE736-8380-4D65-ACA6-DE74174F3C35_1_201_a.jpeg?fit=1200%2C675&ssl=1","contentUrl":"https:\/\/i0.wp.com\/deenswonen.nl\/wp-content\/uploads\/2021\/11\/51ECE736-8380-4D65-ACA6-DE74174F3C35_1_201_a.jpeg?fit=1200%2C675&ssl=1","width":1200,"height":675,"caption":"Vie danoise"},"image":{"@id":"https:\/\/deenswonen.nl\/fr\/#\/schema\/logo\/image\/"}}]}},"jetpack_sharing_enabled":true,"_links":{"self":[{"href":"https:\/\/deenswonen.nl\/fr\/wp-json\/wp\/v2\/product\/6327","targetHints":{"allow":["GET"]}}],"collection":[{"href":"https:\/\/deenswonen.nl\/fr\/wp-json\/wp\/v2\/product"}],"about":[{"href":"https:\/\/deenswonen.nl\/fr\/wp-json\/wp\/v2\/types\/product"}],"wp:featuredmedia":[{"embeddable":true,"href":"https:\/\/deenswonen.nl\/fr\/wp-json\/wp\/v2\/media\/5364"}],"wp:attachment":[{"href":"https:\/\/deenswonen.nl\/fr\/wp-json\/wp\/v2\/media?parent=6327"}],"wp:term":[{"taxonomy":"product_brand","embeddable":true,"href":"https:\/\/deenswonen.nl\/fr\/wp-json\/wp\/v2\/product_brand?post=6327"},{"taxonomy":"product_cat","embeddable":true,"href":"https:\/\/deenswonen.nl\/fr\/wp-json\/wp\/v2\/product_cat?post=6327"},{"taxonomy":"product_tag","embeddable":true,"href":"https:\/\/deenswonen.nl\/fr\/wp-json\/wp\/v2\/product_tag?post=6327"}],"curies":[{"name":"wp","href":"https:\/\/api.w.org\/{rel}","templated":true}]}}