{"id":15619,"date":"2024-07-13T11:43:06","date_gmt":"2024-07-13T09:43:06","guid":{"rendered":"https:\/\/deenswonen.nl\/?post_type=product&#038;p=15619"},"modified":"2024-07-25T20:44:15","modified_gmt":"2024-07-25T18:44:15","slug":"georg-jensen-horloge-noir-o-10-cm-henning-koppel","status":"publish","type":"product","link":"https:\/\/deenswonen.nl\/fr\/produit\/georg-jensen-horloge-noir-o-10-cm-henning-koppel\/","title":{"rendered":"Georg Jensen Horloge Noir \u00d8 10 cm Henning Koppel"},"content":{"rendered":"<h3>Georg Jensen Horloge Noir \u00d8 10 cm Henning Koppel<\/h3>\n<p>Belle horloge Georg Jensen noir \u00d8 10 cm con\u00e7ue par Henning Koppel. Bien que cette horloge ait \u00e9t\u00e9 con\u00e7ue en 1980, son design reste moderne et intemporel. En plus de cette horloge, la s\u00e9rie de stations m\u00e9t\u00e9orologiques de Henning Koppel comprend \u00e9galement un thermom\u00e8tre, un hygrom\u00e8tre et un barom\u00e8tre.<\/p>\n<p>Henning Koppel a commenc\u00e9 \u00e0 concevoir des horloges en 1978. Il \u00e9tait \u00e0 l&rsquo;avant-garde d&rsquo;un mouvement de designers alliant fonctionnalit\u00e9 et design de haute qualit\u00e9. This clock combines the precision of the clock with an elegant and modern look. Cette horloge ne dominera jamais votre int\u00e9rieur. Il ajoute un look moderne et intemporel.<\/p>\n<div class=\"slot slot--description slot--seperated js_slot-description\" data-bltgg=\"ll0x7OjOv4La8KxJKKBMcQ.2_5\">\n<div data-test=\"product-description\" data-bltgi=\"ll0x7OjOv4La8KxJKKBMcQ.2_5.6\">\n<h3 class=\"product-description\" data-test=\"description\">Caract\u00e9ristiques Horloge Georg Jensen Noir<\/h3>\n<\/div>\n<\/div>\n<p><span lang=\"nl\">Cette belle horloge Georg Jensen a environ 5 ans et est en bon \u00e9tat. <\/span><\/p>\n<p><span lang=\"nl\">Les<\/span><span lang=\"nl\">mesures sont :<\/span><\/p>\n<p>Diam\u00e8tre \u00d8 10 cm<br \/>\nProfondeur 4 cm<\/p>\n<h3 dir=\"ltr\" data-placeholder=\"Vertaling\">Histoire Georg Jensen<\/h3>\n<p id=\"tw-target-text\" class=\"tw-data-text tw-text-large XcVN5d tw-ta\" dir=\"ltr\" data-placeholder=\"Vertaling\"><span class=\"Y2IQFc\" lang=\"nl\">Avec une histoire de plus de 100 ans, la marque Georg Jensen est synonyme de savoir-faire de haute qualit\u00e9 et de design esth\u00e9tique intemporel, produisant des produits de style de vie allant de la vaisselle aux montres, bijoux et articles m\u00e9nagers. <\/span><\/p>\n<p class=\"tw-data-text tw-text-large XcVN5d tw-ta\" dir=\"ltr\" data-placeholder=\"Vertaling\"><span class=\"Y2IQFc\" lang=\"nl\">La propre philosophie de Georg Jensen \u00e9tait de cr\u00e9er des designs d\u00e9mocratiques qui poss\u00e8dent \u00e0 la fois fonctionnalit\u00e9 et beaut\u00e9. Ses comp\u00e9tences artisanales et son talent artistique combin\u00e9s \u00e0 sa capacit\u00e9 continue \u00e0 identifier et \u00e0 soutenir les talents du design ont \u00e9t\u00e9 la base sur laquelle il a construit Georg Jensen \u00e0 Copenhague en 1904. Le style de Georg Jensen a embrass\u00e9 les lignes de l&rsquo;Art nouveau de l&rsquo;\u00e9poque, mais leur a inject\u00e9 une puissance distinctive qui r\u00e9sonne encore aujourd&rsquo;hui. <\/span><\/p>\n<p>Cette horloge a environ 5 ans, c&rsquo;est pourquoi nous vous demandons de bien regarder les photos. Cela vous donne une bonne impression de l&rsquo;\u00e9tat de la station m\u00e9t\u00e9o. Nous pouvons avoir plusieurs mod\u00e8les <strong><a href=\"https:\/\/deenswonen.nl\/product-categorie\/merken\/georg-jensen\/\">disponibles<\/a><\/strong> .<\/p>\n<p>Nous exp\u00e9dions tous nos produits soigneusement emball\u00e9s. Nos produits peuvent \u00e9galement \u00eatre retir\u00e9s sur rendez-vous \u00e0 Berkel en Rodenrijs.<\/p>\n","protected":false},"excerpt":{"rendered":"<p>Vous cherchez une horloge \u00e9l\u00e9gante ? Choisissez cette horloge noire Georg Jensen de Henning Koppel.<\/p>\n<ul>\n<li><strong>Couleur : noir<\/strong><\/li>\n<li><strong>Livraison internationale<\/strong><\/li>\n<li><strong>D\u00e9lai de r\u00e9flexion de 14 jours<\/strong><\/li>\n<\/ul>\n","protected":false},"featured_media":16543,"template":"","meta":[],"product_brand":[],"product_cat":[214,219,245,216],"product_tag":[234],"class_list":{"0":"post-15619","1":"product","2":"type-product","3":"status-publish","4":"has-post-thumbnail","6":"product_cat-georg-jensen-fr-2","7":"product_cat-populaire-fr","8":"product_cat-station-meteo","9":"product_cat-vient-darriver-fr","10":"product_tag-le-noir","11":"thunk-woo-product-list","12":"opn-qv-enable","13":"top-store-woo-hover-swap","14":"top-store-single-product-tab-horizontal","15":"top-store-shadow-","16":"top-store-shadow-hover-","17":"top-store-swap-item-hover","19":"first","20":"instock","21":"taxable","22":"shipping-taxable","23":"purchasable","24":"product-type-simple"},"yoast_head":"<!-- This site is optimized with the Yoast SEO plugin v27.3 - https:\/\/yoast.com\/product\/yoast-seo-wordpress\/ -->\n<title>Georg Jensen Horloge Noir \u00d8 10 cm Henning Koppel<\/title>\n<meta name=\"description\" content=\"Belle horloge Georg Jensen noir \u00d8 10 cm con\u00e7ue par Henning Koppel. Voir notre collection de design danois vintage ici. \u221aLivraison internationale\" \/>\n<meta name=\"robots\" content=\"index, follow, max-snippet:-1, max-image-preview:large, max-video-preview:-1\" \/>\n<link rel=\"canonical\" href=\"https:\/\/deenswonen.nl\/fr\/produit\/georg-jensen-horloge-noir-o-10-cm-henning-koppel\/\" \/>\n<meta property=\"og:locale\" content=\"fr_FR\" \/>\n<meta property=\"og:type\" content=\"article\" \/>\n<meta property=\"og:title\" content=\"Georg Jensen Horloge Noir \u00d8 10 cm Henning Koppel\" \/>\n<meta property=\"og:description\" content=\"Belle horloge Georg Jensen noir \u00d8 10 cm con\u00e7ue par Henning Koppel. Voir notre collection de design danois vintage ici. \u221aLivraison internationale\" \/>\n<meta property=\"og:url\" content=\"https:\/\/deenswonen.nl\/fr\/produit\/georg-jensen-horloge-noir-o-10-cm-henning-koppel\/\" \/>\n<meta property=\"og:site_name\" content=\"Vie danoise\" \/>\n<meta property=\"article:modified_time\" content=\"2024-07-25T18:44:15+00:00\" \/>\n<meta property=\"og:image\" content=\"https:\/\/i0.wp.com\/deenswonen.nl\/wp-content\/uploads\/2024\/07\/IMG_9766-kopie-scaled.jpg?fit=1920%2C2560&ssl=1\" \/>\n\t<meta property=\"og:image:width\" content=\"1920\" \/>\n\t<meta property=\"og:image:height\" content=\"2560\" \/>\n\t<meta property=\"og:image:type\" content=\"image\/jpeg\" \/>\n<meta name=\"twitter:card\" content=\"summary_large_image\" \/>\n<meta name=\"twitter:label1\" content=\"Dur\u00e9e de lecture estim\u00e9e\" \/>\n\t<meta name=\"twitter:data1\" content=\"2 minutes\" \/>\n<script type=\"application\/ld+json\" class=\"yoast-schema-graph\">{\"@context\":\"https:\\\/\\\/schema.org\",\"@graph\":[{\"@type\":\"WebPage\",\"@id\":\"https:\\\/\\\/deenswonen.nl\\\/fr\\\/produit\\\/georg-jensen-horloge-noir-o-10-cm-henning-koppel\\\/\",\"url\":\"https:\\\/\\\/deenswonen.nl\\\/fr\\\/produit\\\/georg-jensen-horloge-noir-o-10-cm-henning-koppel\\\/\",\"name\":\"Georg Jensen Horloge Noir \u00d8 10 cm Henning Koppel\",\"isPartOf\":{\"@id\":\"https:\\\/\\\/deenswonen.nl\\\/fr\\\/#website\"},\"primaryImageOfPage\":{\"@id\":\"https:\\\/\\\/deenswonen.nl\\\/fr\\\/produit\\\/georg-jensen-horloge-noir-o-10-cm-henning-koppel\\\/#primaryimage\"},\"image\":{\"@id\":\"https:\\\/\\\/deenswonen.nl\\\/fr\\\/produit\\\/georg-jensen-horloge-noir-o-10-cm-henning-koppel\\\/#primaryimage\"},\"thumbnailUrl\":\"https:\\\/\\\/i0.wp.com\\\/deenswonen.nl\\\/wp-content\\\/uploads\\\/2024\\\/07\\\/IMG_9766-kopie-scaled.jpg?fit=1920%2C2560&ssl=1\",\"datePublished\":\"2024-07-13T09:43:06+00:00\",\"dateModified\":\"2024-07-25T18:44:15+00:00\",\"description\":\"Belle horloge Georg Jensen noir \u00d8 10 cm con\u00e7ue par Henning Koppel. Voir notre collection de design danois vintage ici. \u221aLivraison internationale\",\"breadcrumb\":{\"@id\":\"https:\\\/\\\/deenswonen.nl\\\/fr\\\/produit\\\/georg-jensen-horloge-noir-o-10-cm-henning-koppel\\\/#breadcrumb\"},\"inLanguage\":\"fr-FR\",\"potentialAction\":[{\"@type\":\"ReadAction\",\"target\":[\"https:\\\/\\\/deenswonen.nl\\\/fr\\\/produit\\\/georg-jensen-horloge-noir-o-10-cm-henning-koppel\\\/\"]}]},{\"@type\":\"ImageObject\",\"inLanguage\":\"fr-FR\",\"@id\":\"https:\\\/\\\/deenswonen.nl\\\/fr\\\/produit\\\/georg-jensen-horloge-noir-o-10-cm-henning-koppel\\\/#primaryimage\",\"url\":\"https:\\\/\\\/i0.wp.com\\\/deenswonen.nl\\\/wp-content\\\/uploads\\\/2024\\\/07\\\/IMG_9766-kopie-scaled.jpg?fit=1920%2C2560&ssl=1\",\"contentUrl\":\"https:\\\/\\\/i0.wp.com\\\/deenswonen.nl\\\/wp-content\\\/uploads\\\/2024\\\/07\\\/IMG_9766-kopie-scaled.jpg?fit=1920%2C2560&ssl=1\",\"width\":1920,\"height\":2560,\"caption\":\"Georg Jensen Klok Zwart \u00d8 10 cm Henning Koppel\"},{\"@type\":\"BreadcrumbList\",\"@id\":\"https:\\\/\\\/deenswonen.nl\\\/fr\\\/produit\\\/georg-jensen-horloge-noir-o-10-cm-henning-koppel\\\/#breadcrumb\",\"itemListElement\":[{\"@type\":\"ListItem\",\"position\":1,\"name\":\"Home\",\"item\":\"https:\\\/\\\/deenswonen.nl\\\/fr\\\/\"},{\"@type\":\"ListItem\",\"position\":2,\"name\":\"Winkel\",\"item\":\"https:\\\/\\\/deenswonen.nl\\\/winkel\\\/\"},{\"@type\":\"ListItem\",\"position\":3,\"name\":\"Georg Jensen Horloge Noir \u00d8 10 cm Henning Koppel\"}]},{\"@type\":\"WebSite\",\"@id\":\"https:\\\/\\\/deenswonen.nl\\\/fr\\\/#website\",\"url\":\"https:\\\/\\\/deenswonen.nl\\\/fr\\\/\",\"name\":\"Deens wonen\",\"description\":\"Accessoires de maison vintage scandinaves\",\"publisher\":{\"@id\":\"https:\\\/\\\/deenswonen.nl\\\/fr\\\/#organization\"},\"potentialAction\":[{\"@type\":\"SearchAction\",\"target\":{\"@type\":\"EntryPoint\",\"urlTemplate\":\"https:\\\/\\\/deenswonen.nl\\\/fr\\\/?s={search_term_string}\"},\"query-input\":{\"@type\":\"PropertyValueSpecification\",\"valueRequired\":true,\"valueName\":\"search_term_string\"}}],\"inLanguage\":\"fr-FR\"},{\"@type\":\"Organization\",\"@id\":\"https:\\\/\\\/deenswonen.nl\\\/fr\\\/#organization\",\"name\":\"Vie danoise\",\"url\":\"https:\\\/\\\/deenswonen.nl\\\/fr\\\/\",\"logo\":{\"@type\":\"ImageObject\",\"inLanguage\":\"fr-FR\",\"@id\":\"https:\\\/\\\/deenswonen.nl\\\/fr\\\/#\\\/schema\\\/logo\\\/image\\\/\",\"url\":\"https:\\\/\\\/i0.wp.com\\\/deenswonen.nl\\\/wp-content\\\/uploads\\\/2021\\\/11\\\/51ECE736-8380-4D65-ACA6-DE74174F3C35_1_201_a.jpeg?fit=1200%2C675&ssl=1\",\"contentUrl\":\"https:\\\/\\\/i0.wp.com\\\/deenswonen.nl\\\/wp-content\\\/uploads\\\/2021\\\/11\\\/51ECE736-8380-4D65-ACA6-DE74174F3C35_1_201_a.jpeg?fit=1200%2C675&ssl=1\",\"width\":1200,\"height\":675,\"caption\":\"Vie danoise\"},\"image\":{\"@id\":\"https:\\\/\\\/deenswonen.nl\\\/fr\\\/#\\\/schema\\\/logo\\\/image\\\/\"}}]}<\/script>\n<!-- \/ Yoast SEO plugin. -->","yoast_head_json":{"title":"Georg Jensen Horloge Noir \u00d8 10 cm Henning Koppel","description":"Belle horloge Georg Jensen noir \u00d8 10 cm con\u00e7ue par Henning Koppel. Voir notre collection de design danois vintage ici. \u221aLivraison internationale","robots":{"index":"index","follow":"follow","max-snippet":"max-snippet:-1","max-image-preview":"max-image-preview:large","max-video-preview":"max-video-preview:-1"},"canonical":"https:\/\/deenswonen.nl\/fr\/produit\/georg-jensen-horloge-noir-o-10-cm-henning-koppel\/","og_locale":"fr_FR","og_type":"article","og_title":"Georg Jensen Horloge Noir \u00d8 10 cm Henning Koppel","og_description":"Belle horloge Georg Jensen noir \u00d8 10 cm con\u00e7ue par Henning Koppel. Voir notre collection de design danois vintage ici. \u221aLivraison internationale","og_url":"https:\/\/deenswonen.nl\/fr\/produit\/georg-jensen-horloge-noir-o-10-cm-henning-koppel\/","og_site_name":"Vie danoise","article_modified_time":"2024-07-25T18:44:15+00:00","og_image":[{"width":1920,"height":2560,"url":"https:\/\/i0.wp.com\/deenswonen.nl\/wp-content\/uploads\/2024\/07\/IMG_9766-kopie-scaled.jpg?fit=1920%2C2560&ssl=1","type":"image\/jpeg"}],"twitter_card":"summary_large_image","twitter_misc":{"Dur\u00e9e de lecture estim\u00e9e":"2 minutes"},"schema":{"@context":"https:\/\/schema.org","@graph":[{"@type":"WebPage","@id":"https:\/\/deenswonen.nl\/fr\/produit\/georg-jensen-horloge-noir-o-10-cm-henning-koppel\/","url":"https:\/\/deenswonen.nl\/fr\/produit\/georg-jensen-horloge-noir-o-10-cm-henning-koppel\/","name":"Georg Jensen Horloge Noir \u00d8 10 cm Henning Koppel","isPartOf":{"@id":"https:\/\/deenswonen.nl\/fr\/#website"},"primaryImageOfPage":{"@id":"https:\/\/deenswonen.nl\/fr\/produit\/georg-jensen-horloge-noir-o-10-cm-henning-koppel\/#primaryimage"},"image":{"@id":"https:\/\/deenswonen.nl\/fr\/produit\/georg-jensen-horloge-noir-o-10-cm-henning-koppel\/#primaryimage"},"thumbnailUrl":"https:\/\/i0.wp.com\/deenswonen.nl\/wp-content\/uploads\/2024\/07\/IMG_9766-kopie-scaled.jpg?fit=1920%2C2560&ssl=1","datePublished":"2024-07-13T09:43:06+00:00","dateModified":"2024-07-25T18:44:15+00:00","description":"Belle horloge Georg Jensen noir \u00d8 10 cm con\u00e7ue par Henning Koppel. Voir notre collection de design danois vintage ici. \u221aLivraison internationale","breadcrumb":{"@id":"https:\/\/deenswonen.nl\/fr\/produit\/georg-jensen-horloge-noir-o-10-cm-henning-koppel\/#breadcrumb"},"inLanguage":"fr-FR","potentialAction":[{"@type":"ReadAction","target":["https:\/\/deenswonen.nl\/fr\/produit\/georg-jensen-horloge-noir-o-10-cm-henning-koppel\/"]}]},{"@type":"ImageObject","inLanguage":"fr-FR","@id":"https:\/\/deenswonen.nl\/fr\/produit\/georg-jensen-horloge-noir-o-10-cm-henning-koppel\/#primaryimage","url":"https:\/\/i0.wp.com\/deenswonen.nl\/wp-content\/uploads\/2024\/07\/IMG_9766-kopie-scaled.jpg?fit=1920%2C2560&ssl=1","contentUrl":"https:\/\/i0.wp.com\/deenswonen.nl\/wp-content\/uploads\/2024\/07\/IMG_9766-kopie-scaled.jpg?fit=1920%2C2560&ssl=1","width":1920,"height":2560,"caption":"Georg Jensen Klok Zwart \u00d8 10 cm Henning Koppel"},{"@type":"BreadcrumbList","@id":"https:\/\/deenswonen.nl\/fr\/produit\/georg-jensen-horloge-noir-o-10-cm-henning-koppel\/#breadcrumb","itemListElement":[{"@type":"ListItem","position":1,"name":"Home","item":"https:\/\/deenswonen.nl\/fr\/"},{"@type":"ListItem","position":2,"name":"Winkel","item":"https:\/\/deenswonen.nl\/winkel\/"},{"@type":"ListItem","position":3,"name":"Georg Jensen Horloge Noir \u00d8 10 cm Henning Koppel"}]},{"@type":"WebSite","@id":"https:\/\/deenswonen.nl\/fr\/#website","url":"https:\/\/deenswonen.nl\/fr\/","name":"Deens wonen","description":"Accessoires de maison vintage scandinaves","publisher":{"@id":"https:\/\/deenswonen.nl\/fr\/#organization"},"potentialAction":[{"@type":"SearchAction","target":{"@type":"EntryPoint","urlTemplate":"https:\/\/deenswonen.nl\/fr\/?s={search_term_string}"},"query-input":{"@type":"PropertyValueSpecification","valueRequired":true,"valueName":"search_term_string"}}],"inLanguage":"fr-FR"},{"@type":"Organization","@id":"https:\/\/deenswonen.nl\/fr\/#organization","name":"Vie danoise","url":"https:\/\/deenswonen.nl\/fr\/","logo":{"@type":"ImageObject","inLanguage":"fr-FR","@id":"https:\/\/deenswonen.nl\/fr\/#\/schema\/logo\/image\/","url":"https:\/\/i0.wp.com\/deenswonen.nl\/wp-content\/uploads\/2021\/11\/51ECE736-8380-4D65-ACA6-DE74174F3C35_1_201_a.jpeg?fit=1200%2C675&ssl=1","contentUrl":"https:\/\/i0.wp.com\/deenswonen.nl\/wp-content\/uploads\/2021\/11\/51ECE736-8380-4D65-ACA6-DE74174F3C35_1_201_a.jpeg?fit=1200%2C675&ssl=1","width":1200,"height":675,"caption":"Vie danoise"},"image":{"@id":"https:\/\/deenswonen.nl\/fr\/#\/schema\/logo\/image\/"}}]}},"jetpack_sharing_enabled":true,"_links":{"self":[{"href":"https:\/\/deenswonen.nl\/fr\/wp-json\/wp\/v2\/product\/15619","targetHints":{"allow":["GET"]}}],"collection":[{"href":"https:\/\/deenswonen.nl\/fr\/wp-json\/wp\/v2\/product"}],"about":[{"href":"https:\/\/deenswonen.nl\/fr\/wp-json\/wp\/v2\/types\/product"}],"wp:featuredmedia":[{"embeddable":true,"href":"https:\/\/deenswonen.nl\/fr\/wp-json\/wp\/v2\/media\/16543"}],"wp:attachment":[{"href":"https:\/\/deenswonen.nl\/fr\/wp-json\/wp\/v2\/media?parent=15619"}],"wp:term":[{"taxonomy":"product_brand","embeddable":true,"href":"https:\/\/deenswonen.nl\/fr\/wp-json\/wp\/v2\/product_brand?post=15619"},{"taxonomy":"product_cat","embeddable":true,"href":"https:\/\/deenswonen.nl\/fr\/wp-json\/wp\/v2\/product_cat?post=15619"},{"taxonomy":"product_tag","embeddable":true,"href":"https:\/\/deenswonen.nl\/fr\/wp-json\/wp\/v2\/product_tag?post=15619"}],"curies":[{"name":"wp","href":"https:\/\/api.w.org\/{rel}","templated":true}]}}