{"id":14619,"date":"2024-04-10T13:32:28","date_gmt":"2024-04-10T11:32:28","guid":{"rendered":"https:\/\/deenswonen.nl\/?post_type=product&#038;p=14619"},"modified":"2024-12-15T21:59:47","modified_gmt":"2024-12-15T20:59:47","slug":"raadvad-trancheuse-a-pain-beige-avec-lettres-dorees-3","status":"publish","type":"product","link":"https:\/\/deenswonen.nl\/fr\/produit\/raadvad-trancheuse-a-pain-beige-avec-lettres-dorees-3\/","title":{"rendered":"Raadvad trancheuse \u00e0 pain beige avec lettres dor\u00e9es"},"content":{"rendered":"<p style=\"font-weight: 400;\">Ce coupe-pain Raadvad beige avec lettres dor\u00e9es poss\u00e8de une lame tranchante en acier inoxydable et un plateau en bois pour le pain. D\u00e9terminez l&rsquo;\u00e9paisseur de pain souhait\u00e9e, puis laissez la guillotine faire son travail. En plus du pain, le Raadvad est id\u00e9al pour couper des l\u00e9gumes, des viandes, des fromages et plus encore.<\/p>\n<p style=\"font-weight: 400;\">Au Danemark, les trancheuses \u00e0 pain Raadvad sont utilis\u00e9es tous les jours. Ze zijn ook geweldig voor decoratie. Les coupe-pain attirent tous les regards pour l&rsquo;industrie h\u00f4teli\u00e8re, les magasins sp\u00e9cialis\u00e9s et les boulangers. Le design de la trancheuse \u00e0 pain Raadvad est un classique danois. Gardez cette trancheuse \u00e0 pain hors de port\u00e9e des enfants, les lames sont tr\u00e8s tranchantes !<\/p>\n<h3 style=\"font-weight: 400;\">Conditionnement de la trancheuse \u00e0 pain Raadvad beige avec lettres dor\u00e9es<\/h3>\n<p style=\"font-weight: 400;\">Cette trancheuse \u00e0 pain beige Raadvad a environ 40 ans et est en bon \u00e9tat avec de l\u00e9gers signes d\u2019utilisation ant\u00e9rieure.<\/p>\n<h3 style=\"font-weight: 400;\">Caract\u00e9ristiques<\/h3>\n<ul>\n<li style=\"font-weight: 400;\">Hauteur : 24cm<\/li>\n<li style=\"font-weight: 400;\">Largeur : 35,5 cm<\/li>\n<li style=\"font-weight: 400;\">Couleur : beige avec lettres dor\u00e9es<\/li>\n<li style=\"font-weight: 400;\">Mat\u00e9riau : m\u00e9tal, bois<\/li>\n<li style=\"font-weight: 400;\">Poids : 3 kg<\/li>\n<\/ul>\n<h3 style=\"font-weight: 400;\">Notre stock de coupe-pain Raadvad<\/h3>\n<p style=\"font-weight: 400;\">Nos coupe-pain sont disponibles sur stock. Nous exp\u00e9dions g\u00e9n\u00e9ralement votre commande le jour m\u00eame ou le jour ouvrable suivant. Veuillez noter que nous n&rsquo;avons g\u00e9n\u00e9ralement qu&rsquo;un seul article en stock. Je ne sais pas si nous aurons plus de Raadvads dans cette couleur \u00e0 l&rsquo;avenir car nous ne vendons que des Raadvads vintage. <a href=\"https:\/\/deenswonen.nl\/product-categorie\/merken\/raadvad\/\">D\u00e9couvrez notre collection compl\u00e8te de coupe-pain Raadvad vintage ici.<\/a><\/p>\n<h3 style=\"font-weight: 400;\">Les options d&rsquo;exp\u00e9dition<\/h3>\n<p style=\"font-weight: 400;\">Nous exp\u00e9dions nos produits dans le monde entier. Les coupe-pain seront exp\u00e9di\u00e9s en recommand\u00e9, bien emball\u00e9s dans du papier bulle \u00e9pais et des bo\u00eetes \u00e0 double couche. Vous recevrez un e-mail de Post NL d\u00e8s que votre colis aura \u00e9t\u00e9 exp\u00e9di\u00e9. Vous trouverez ici les informations de suivi avec lesquelles vous pouvez suivre le colis jusqu&rsquo;\u00e0 votre porte d&rsquo;entr\u00e9e. Apr\u00e8s r\u00e9ception de la commande, vous avez 14 jours pour changer d&rsquo;avis.<\/p>\n<h3 style=\"font-weight: 400;\">Histoire Raadvad<\/h3>\n<p style=\"font-weight: 400;\">L&rsquo;usine Raadvaddam a \u00e9t\u00e9 fond\u00e9e en 1759 dans la ville danoise du m\u00eame nom. D&rsquo;apr\u00e8s le catalogue de la manufacture de 1805, la fabrique ne se concentrait pas sur les produits de luxe, mais sur les biens utiles aux professionnels. Cette philosophie n&rsquo;a jamais chang\u00e9. Raadvad s&rsquo;est concentr\u00e9 sur des couteaux et des couteaux \u00e0 pain de qualit\u00e9. Le nom a \u00e9t\u00e9 chang\u00e9 en Raadvad Knife Factory. L&rsquo;usine a plus de 250 ans et est internationalement connue pour sa haute qualit\u00e9. Ove Larsen a con\u00e7u la trancheuse \u00e0 pain Raadvad en 1939. Le design est devenu une ic\u00f4ne du design danois !<\/p>\n","protected":false},"excerpt":{"rendered":"<p>Vous cherchez une trancheuse \u00e0 pain robuste ? Alors ce beau Raadvad est ce que vous recherchez.<\/p>\n<ul>\n<li>Livraison internationale<\/li>\n<li>D\u00e9lai de r\u00e9flexion de 14 jours<\/li>\n<li>Photos authentiques<\/li>\n<\/ul>\n","protected":false},"featured_media":16313,"template":"","meta":[],"product_brand":[],"product_cat":[219,257,258,216],"product_tag":[260],"class_list":{"0":"post-14619","1":"product","2":"type-product","3":"status-publish","4":"has-post-thumbnail","6":"product_cat-populaire-fr","7":"product_cat-raadvad-fr","8":"product_cat-trancheuses-a-pain","9":"product_cat-vient-darriver-fr","10":"product_tag-beige-fr","11":"thunk-woo-product-list","12":"opn-qv-enable","13":"top-store-woo-hover-swap","14":"top-store-single-product-tab-horizontal","15":"top-store-shadow-","16":"top-store-shadow-hover-","17":"top-store-swap-item-hover","19":"first","20":"outofstock","21":"taxable","22":"shipping-taxable","23":"purchasable","24":"product-type-simple"},"yoast_head":"<!-- This site is optimized with the Yoast SEO plugin v27.3 - https:\/\/yoast.com\/product\/yoast-seo-wordpress\/ -->\n<title>Raadvad trancheuse \u00e0 pain beige avec lettres dor\u00e9es - Vie danoise<\/title>\n<meta name=\"description\" content=\"Belle trancheuse \u00e0 pain de couleur beige de la marque danoise Raadvad. Ces trancheuses \u00e0 pain sont un v\u00e9ritable accroche-regard dans votre cuisine. Regardez ici\" \/>\n<meta name=\"robots\" content=\"index, follow, max-snippet:-1, max-image-preview:large, max-video-preview:-1\" \/>\n<link rel=\"canonical\" href=\"https:\/\/deenswonen.nl\/fr\/produit\/raadvad-trancheuse-a-pain-beige-avec-lettres-dorees-3\/\" \/>\n<meta property=\"og:locale\" content=\"fr_FR\" \/>\n<meta property=\"og:type\" content=\"article\" \/>\n<meta property=\"og:title\" content=\"Raadvad trancheuse \u00e0 pain beige avec lettres dor\u00e9es - Vie danoise\" \/>\n<meta property=\"og:description\" content=\"Belle trancheuse \u00e0 pain de couleur beige de la marque danoise Raadvad. Ces trancheuses \u00e0 pain sont un v\u00e9ritable accroche-regard dans votre cuisine. Regardez ici\" \/>\n<meta property=\"og:url\" content=\"https:\/\/deenswonen.nl\/fr\/produit\/raadvad-trancheuse-a-pain-beige-avec-lettres-dorees-3\/\" \/>\n<meta property=\"og:site_name\" content=\"Vie danoise\" \/>\n<meta property=\"article:modified_time\" content=\"2024-12-15T20:59:47+00:00\" \/>\n<meta property=\"og:image\" content=\"https:\/\/i0.wp.com\/deenswonen.nl\/wp-content\/uploads\/2024\/04\/IMG_4540-6-kopie-scaled.jpg?fit=2560%2C1920&ssl=1\" \/>\n\t<meta property=\"og:image:width\" content=\"2560\" \/>\n\t<meta property=\"og:image:height\" content=\"1920\" \/>\n\t<meta property=\"og:image:type\" content=\"image\/jpeg\" \/>\n<meta name=\"twitter:card\" content=\"summary_large_image\" \/>\n<meta name=\"twitter:label1\" content=\"Dur\u00e9e de lecture estim\u00e9e\" \/>\n\t<meta name=\"twitter:data1\" content=\"2 minutes\" \/>\n<script type=\"application\/ld+json\" class=\"yoast-schema-graph\">{\"@context\":\"https:\\\/\\\/schema.org\",\"@graph\":[{\"@type\":\"WebPage\",\"@id\":\"https:\\\/\\\/deenswonen.nl\\\/fr\\\/produit\\\/raadvad-trancheuse-a-pain-beige-avec-lettres-dorees-3\\\/\",\"url\":\"https:\\\/\\\/deenswonen.nl\\\/fr\\\/produit\\\/raadvad-trancheuse-a-pain-beige-avec-lettres-dorees-3\\\/\",\"name\":\"Raadvad trancheuse \u00e0 pain beige avec lettres dor\u00e9es - Vie danoise\",\"isPartOf\":{\"@id\":\"https:\\\/\\\/deenswonen.nl\\\/fr\\\/#website\"},\"primaryImageOfPage\":{\"@id\":\"https:\\\/\\\/deenswonen.nl\\\/fr\\\/produit\\\/raadvad-trancheuse-a-pain-beige-avec-lettres-dorees-3\\\/#primaryimage\"},\"image\":{\"@id\":\"https:\\\/\\\/deenswonen.nl\\\/fr\\\/produit\\\/raadvad-trancheuse-a-pain-beige-avec-lettres-dorees-3\\\/#primaryimage\"},\"thumbnailUrl\":\"https:\\\/\\\/i0.wp.com\\\/deenswonen.nl\\\/wp-content\\\/uploads\\\/2024\\\/04\\\/IMG_4540-6-kopie-scaled.jpg?fit=2560%2C1920&ssl=1\",\"datePublished\":\"2024-04-10T11:32:28+00:00\",\"dateModified\":\"2024-12-15T20:59:47+00:00\",\"description\":\"Belle trancheuse \u00e0 pain de couleur beige de la marque danoise Raadvad. Ces trancheuses \u00e0 pain sont un v\u00e9ritable accroche-regard dans votre cuisine. Regardez ici\",\"breadcrumb\":{\"@id\":\"https:\\\/\\\/deenswonen.nl\\\/fr\\\/produit\\\/raadvad-trancheuse-a-pain-beige-avec-lettres-dorees-3\\\/#breadcrumb\"},\"inLanguage\":\"fr-FR\",\"potentialAction\":[{\"@type\":\"ReadAction\",\"target\":[\"https:\\\/\\\/deenswonen.nl\\\/fr\\\/produit\\\/raadvad-trancheuse-a-pain-beige-avec-lettres-dorees-3\\\/\"]}]},{\"@type\":\"ImageObject\",\"inLanguage\":\"fr-FR\",\"@id\":\"https:\\\/\\\/deenswonen.nl\\\/fr\\\/produit\\\/raadvad-trancheuse-a-pain-beige-avec-lettres-dorees-3\\\/#primaryimage\",\"url\":\"https:\\\/\\\/i0.wp.com\\\/deenswonen.nl\\\/wp-content\\\/uploads\\\/2024\\\/04\\\/IMG_4540-6-kopie-scaled.jpg?fit=2560%2C1920&ssl=1\",\"contentUrl\":\"https:\\\/\\\/i0.wp.com\\\/deenswonen.nl\\\/wp-content\\\/uploads\\\/2024\\\/04\\\/IMG_4540-6-kopie-scaled.jpg?fit=2560%2C1920&ssl=1\",\"width\":2560,\"height\":1920,\"caption\":\"Raadvad broodsnijder beige met gouden letters\"},{\"@type\":\"BreadcrumbList\",\"@id\":\"https:\\\/\\\/deenswonen.nl\\\/fr\\\/produit\\\/raadvad-trancheuse-a-pain-beige-avec-lettres-dorees-3\\\/#breadcrumb\",\"itemListElement\":[{\"@type\":\"ListItem\",\"position\":1,\"name\":\"Home\",\"item\":\"https:\\\/\\\/deenswonen.nl\\\/fr\\\/\"},{\"@type\":\"ListItem\",\"position\":2,\"name\":\"Winkel\",\"item\":\"https:\\\/\\\/deenswonen.nl\\\/winkel\\\/\"},{\"@type\":\"ListItem\",\"position\":3,\"name\":\"Raadvad trancheuse \u00e0 pain beige avec lettres dor\u00e9es\"}]},{\"@type\":\"WebSite\",\"@id\":\"https:\\\/\\\/deenswonen.nl\\\/fr\\\/#website\",\"url\":\"https:\\\/\\\/deenswonen.nl\\\/fr\\\/\",\"name\":\"Deens wonen\",\"description\":\"Accessoires de maison vintage scandinaves\",\"publisher\":{\"@id\":\"https:\\\/\\\/deenswonen.nl\\\/fr\\\/#organization\"},\"potentialAction\":[{\"@type\":\"SearchAction\",\"target\":{\"@type\":\"EntryPoint\",\"urlTemplate\":\"https:\\\/\\\/deenswonen.nl\\\/fr\\\/?s={search_term_string}\"},\"query-input\":{\"@type\":\"PropertyValueSpecification\",\"valueRequired\":true,\"valueName\":\"search_term_string\"}}],\"inLanguage\":\"fr-FR\"},{\"@type\":\"Organization\",\"@id\":\"https:\\\/\\\/deenswonen.nl\\\/fr\\\/#organization\",\"name\":\"Vie danoise\",\"url\":\"https:\\\/\\\/deenswonen.nl\\\/fr\\\/\",\"logo\":{\"@type\":\"ImageObject\",\"inLanguage\":\"fr-FR\",\"@id\":\"https:\\\/\\\/deenswonen.nl\\\/fr\\\/#\\\/schema\\\/logo\\\/image\\\/\",\"url\":\"https:\\\/\\\/i0.wp.com\\\/deenswonen.nl\\\/wp-content\\\/uploads\\\/2021\\\/11\\\/51ECE736-8380-4D65-ACA6-DE74174F3C35_1_201_a.jpeg?fit=1200%2C675&ssl=1\",\"contentUrl\":\"https:\\\/\\\/i0.wp.com\\\/deenswonen.nl\\\/wp-content\\\/uploads\\\/2021\\\/11\\\/51ECE736-8380-4D65-ACA6-DE74174F3C35_1_201_a.jpeg?fit=1200%2C675&ssl=1\",\"width\":1200,\"height\":675,\"caption\":\"Vie danoise\"},\"image\":{\"@id\":\"https:\\\/\\\/deenswonen.nl\\\/fr\\\/#\\\/schema\\\/logo\\\/image\\\/\"}}]}<\/script>\n<!-- \/ Yoast SEO plugin. -->","yoast_head_json":{"title":"Raadvad trancheuse \u00e0 pain beige avec lettres dor\u00e9es - Vie danoise","description":"Belle trancheuse \u00e0 pain de couleur beige de la marque danoise Raadvad. Ces trancheuses \u00e0 pain sont un v\u00e9ritable accroche-regard dans votre cuisine. Regardez ici","robots":{"index":"index","follow":"follow","max-snippet":"max-snippet:-1","max-image-preview":"max-image-preview:large","max-video-preview":"max-video-preview:-1"},"canonical":"https:\/\/deenswonen.nl\/fr\/produit\/raadvad-trancheuse-a-pain-beige-avec-lettres-dorees-3\/","og_locale":"fr_FR","og_type":"article","og_title":"Raadvad trancheuse \u00e0 pain beige avec lettres dor\u00e9es - Vie danoise","og_description":"Belle trancheuse \u00e0 pain de couleur beige de la marque danoise Raadvad. Ces trancheuses \u00e0 pain sont un v\u00e9ritable accroche-regard dans votre cuisine. Regardez ici","og_url":"https:\/\/deenswonen.nl\/fr\/produit\/raadvad-trancheuse-a-pain-beige-avec-lettres-dorees-3\/","og_site_name":"Vie danoise","article_modified_time":"2024-12-15T20:59:47+00:00","og_image":[{"width":2560,"height":1920,"url":"https:\/\/i0.wp.com\/deenswonen.nl\/wp-content\/uploads\/2024\/04\/IMG_4540-6-kopie-scaled.jpg?fit=2560%2C1920&ssl=1","type":"image\/jpeg"}],"twitter_card":"summary_large_image","twitter_misc":{"Dur\u00e9e de lecture estim\u00e9e":"2 minutes"},"schema":{"@context":"https:\/\/schema.org","@graph":[{"@type":"WebPage","@id":"https:\/\/deenswonen.nl\/fr\/produit\/raadvad-trancheuse-a-pain-beige-avec-lettres-dorees-3\/","url":"https:\/\/deenswonen.nl\/fr\/produit\/raadvad-trancheuse-a-pain-beige-avec-lettres-dorees-3\/","name":"Raadvad trancheuse \u00e0 pain beige avec lettres dor\u00e9es - Vie danoise","isPartOf":{"@id":"https:\/\/deenswonen.nl\/fr\/#website"},"primaryImageOfPage":{"@id":"https:\/\/deenswonen.nl\/fr\/produit\/raadvad-trancheuse-a-pain-beige-avec-lettres-dorees-3\/#primaryimage"},"image":{"@id":"https:\/\/deenswonen.nl\/fr\/produit\/raadvad-trancheuse-a-pain-beige-avec-lettres-dorees-3\/#primaryimage"},"thumbnailUrl":"https:\/\/i0.wp.com\/deenswonen.nl\/wp-content\/uploads\/2024\/04\/IMG_4540-6-kopie-scaled.jpg?fit=2560%2C1920&ssl=1","datePublished":"2024-04-10T11:32:28+00:00","dateModified":"2024-12-15T20:59:47+00:00","description":"Belle trancheuse \u00e0 pain de couleur beige de la marque danoise Raadvad. Ces trancheuses \u00e0 pain sont un v\u00e9ritable accroche-regard dans votre cuisine. Regardez ici","breadcrumb":{"@id":"https:\/\/deenswonen.nl\/fr\/produit\/raadvad-trancheuse-a-pain-beige-avec-lettres-dorees-3\/#breadcrumb"},"inLanguage":"fr-FR","potentialAction":[{"@type":"ReadAction","target":["https:\/\/deenswonen.nl\/fr\/produit\/raadvad-trancheuse-a-pain-beige-avec-lettres-dorees-3\/"]}]},{"@type":"ImageObject","inLanguage":"fr-FR","@id":"https:\/\/deenswonen.nl\/fr\/produit\/raadvad-trancheuse-a-pain-beige-avec-lettres-dorees-3\/#primaryimage","url":"https:\/\/i0.wp.com\/deenswonen.nl\/wp-content\/uploads\/2024\/04\/IMG_4540-6-kopie-scaled.jpg?fit=2560%2C1920&ssl=1","contentUrl":"https:\/\/i0.wp.com\/deenswonen.nl\/wp-content\/uploads\/2024\/04\/IMG_4540-6-kopie-scaled.jpg?fit=2560%2C1920&ssl=1","width":2560,"height":1920,"caption":"Raadvad broodsnijder beige met gouden letters"},{"@type":"BreadcrumbList","@id":"https:\/\/deenswonen.nl\/fr\/produit\/raadvad-trancheuse-a-pain-beige-avec-lettres-dorees-3\/#breadcrumb","itemListElement":[{"@type":"ListItem","position":1,"name":"Home","item":"https:\/\/deenswonen.nl\/fr\/"},{"@type":"ListItem","position":2,"name":"Winkel","item":"https:\/\/deenswonen.nl\/winkel\/"},{"@type":"ListItem","position":3,"name":"Raadvad trancheuse \u00e0 pain beige avec lettres dor\u00e9es"}]},{"@type":"WebSite","@id":"https:\/\/deenswonen.nl\/fr\/#website","url":"https:\/\/deenswonen.nl\/fr\/","name":"Deens wonen","description":"Accessoires de maison vintage scandinaves","publisher":{"@id":"https:\/\/deenswonen.nl\/fr\/#organization"},"potentialAction":[{"@type":"SearchAction","target":{"@type":"EntryPoint","urlTemplate":"https:\/\/deenswonen.nl\/fr\/?s={search_term_string}"},"query-input":{"@type":"PropertyValueSpecification","valueRequired":true,"valueName":"search_term_string"}}],"inLanguage":"fr-FR"},{"@type":"Organization","@id":"https:\/\/deenswonen.nl\/fr\/#organization","name":"Vie danoise","url":"https:\/\/deenswonen.nl\/fr\/","logo":{"@type":"ImageObject","inLanguage":"fr-FR","@id":"https:\/\/deenswonen.nl\/fr\/#\/schema\/logo\/image\/","url":"https:\/\/i0.wp.com\/deenswonen.nl\/wp-content\/uploads\/2021\/11\/51ECE736-8380-4D65-ACA6-DE74174F3C35_1_201_a.jpeg?fit=1200%2C675&ssl=1","contentUrl":"https:\/\/i0.wp.com\/deenswonen.nl\/wp-content\/uploads\/2021\/11\/51ECE736-8380-4D65-ACA6-DE74174F3C35_1_201_a.jpeg?fit=1200%2C675&ssl=1","width":1200,"height":675,"caption":"Vie danoise"},"image":{"@id":"https:\/\/deenswonen.nl\/fr\/#\/schema\/logo\/image\/"}}]}},"jetpack_sharing_enabled":true,"_links":{"self":[{"href":"https:\/\/deenswonen.nl\/fr\/wp-json\/wp\/v2\/product\/14619","targetHints":{"allow":["GET"]}}],"collection":[{"href":"https:\/\/deenswonen.nl\/fr\/wp-json\/wp\/v2\/product"}],"about":[{"href":"https:\/\/deenswonen.nl\/fr\/wp-json\/wp\/v2\/types\/product"}],"wp:featuredmedia":[{"embeddable":true,"href":"https:\/\/deenswonen.nl\/fr\/wp-json\/wp\/v2\/media\/16313"}],"wp:attachment":[{"href":"https:\/\/deenswonen.nl\/fr\/wp-json\/wp\/v2\/media?parent=14619"}],"wp:term":[{"taxonomy":"product_brand","embeddable":true,"href":"https:\/\/deenswonen.nl\/fr\/wp-json\/wp\/v2\/product_brand?post=14619"},{"taxonomy":"product_cat","embeddable":true,"href":"https:\/\/deenswonen.nl\/fr\/wp-json\/wp\/v2\/product_cat?post=14619"},{"taxonomy":"product_tag","embeddable":true,"href":"https:\/\/deenswonen.nl\/fr\/wp-json\/wp\/v2\/product_tag?post=14619"}],"curies":[{"name":"wp","href":"https:\/\/api.w.org\/{rel}","templated":true}]}}