{"id":14461,"date":"2024-03-29T13:19:14","date_gmt":"2024-03-29T12:19:14","guid":{"rendered":"https:\/\/deenswonen.nl\/?post_type=product&#038;p=14461"},"modified":"2024-03-29T13:25:51","modified_gmt":"2024-03-29T12:25:51","slug":"iittala-kivi-80-mm-frosted-mat","status":"publish","type":"product","link":"https:\/\/deenswonen.nl\/fr\/produit\/iittala-kivi-80-mm-frosted-mat\/","title":{"rendered":"Iittala Kivi 80 mm Frosted Mat"},"content":{"rendered":"<h2>Iittala Kivi 80 mm Frosted Mat<\/h2>\n<p>Magnifique porte-bougie Iittala Kivi, mesurant 80 mm, dans la couleur Frosted Mat. Ces porte-bougies Iittala Kivi sont fabriqu\u00e9s \u00e0 la main \u00e0 l&rsquo;usine de verre Iittala en Finlande et sont disponibles dans une large gamme de couleurs. Chaque Kivi est produit selon sa propre recette de verre adapt\u00e9e \u00e0 la couleur sp\u00e9cifique, ce qui donne un verre \u00e9pais qui \u00e9met une lueur douce, ajoutant de la chaleur \u00e0 n&rsquo;importe quel int\u00e9rieur. De plus, les porte-bougies sont marqu\u00e9s avec Mari Mekko en bas.<\/p>\n<p>Ce porte-bougie Kivi met en valeur le design simple et \u00e9l\u00e9gant. Par exemple, vous pouvez combiner plusieurs Kivis de diff\u00e9rentes couleurs pour cr\u00e9er votre propre ambiance scandinave. Le porte-bougie Iittala Kivi ajoute un \u00e9l\u00e9ment subtil \u00e0 n&rsquo;importe quel int\u00e9rieur, cr\u00e9ant une ambiance douce, ce qui en fait un cadeau parfait pour les mariages, les anniversaires ou les anniversaires. Le porte-bougie est adapt\u00e9 pour les bougies chauffe-plat.<\/p>\n<h2>Conception de l&rsquo;Iittala Kivi<\/h2>\n<p>Le nom \u00ab\u00a0Kivi\u00a0\u00bb vient du mot finlandais pour \u00ab\u00a0pierre\u00a0\u00bb. Ces petits joyaux de lumi\u00e8re ont \u00e9t\u00e9 con\u00e7us par Heikki Orvola en 1988. Les Kivis enrichissent la lumi\u00e8re de la flamme, l&rsquo;intensifiant. Ce qui rend les Kivis d&rsquo;Iittala sp\u00e9ciaux, c&rsquo;est qu&rsquo;ils sont faits de verre teint\u00e9 dans la masse, contrairement \u00e0 d&rsquo;autres porte-bougies o\u00f9 le verre est peint \u00e0 l&rsquo;ext\u00e9rieur. La technique du verre teint\u00e9 dans la masse donne des couleurs exceptionnellement riches.<\/p>\n<h2 class=\"tw-data-text tw-text-large XcVN5d tw-ta\" dir=\"ltr\" data-placeholder=\"Vertaling\"><span lang=\"nl\">Caract\u00e9ristiques <\/span><\/h2>\n<p class=\"tw-data-text tw-text-large XcVN5d tw-ta\" dir=\"ltr\" data-placeholder=\"Vertaling\"><span lang=\"nl\">Cette belle lumi\u00e8re d&rsquo;ambiance est en bon \u00e9tat. La version 80 mm est assez rare et n&rsquo;est plus produite. <\/span><span lang=\"nl\">La lumi\u00e8re d&rsquo;ambiance n&rsquo;a aucun dommage ni \u00e9clat.<\/span><\/p>\n<p>Cette lumi\u00e8re d&rsquo;ambiance a environ 10 ans, c&rsquo;est pourquoi nous vous demandons de bien regarder les photos. Cela vous donnera une bonne impression de l&rsquo;\u00e9tat de la lumi\u00e8re d&rsquo;ambiance. Nous pouvons avoir plusieurs couleurs et tailles de lampes d&rsquo;ambiance Kivi <strong><a href=\"https:\/\/deenswonen.nl\/product-categorie\/merken\/iittala\/\">disponibles<\/a><\/strong> .<\/p>\n<p>Nous exp\u00e9dions tous nos produits soigneusement emball\u00e9s avec Post NL. Nos produits peuvent \u00e9galement \u00eatre retir\u00e9s sur rendez-vous \u00e0 Berkel en Rodenrijs.<\/p>\n","protected":false},"excerpt":{"rendered":"<p>Le nom Kivi vient du mot finlandais pour pierre. Ces petits bijoux de lumi\u00e8re ont \u00e9t\u00e9 con\u00e7us par Heikki Orvola en 1988.<\/p>\n<p>&nbsp;<\/p>\n<ul>\n<li><strong>Conception scandinave<\/strong><\/li>\n<li><strong>Livraison internationale<\/strong><\/li>\n<li><strong>D\u00e9lai de r\u00e9flexion de 14 jours<\/strong><\/li>\n<\/ul>\n","protected":false},"featured_media":14464,"template":"","meta":[],"product_brand":[],"product_cat":[217,211,219,216],"product_tag":[],"class_list":{"0":"post-14461","1":"product","2":"type-product","3":"status-publish","4":"has-post-thumbnail","6":"product_cat-chandeliers","7":"product_cat-iittala-fr","8":"product_cat-populaire-fr","9":"product_cat-vient-darriver-fr","10":"thunk-woo-product-list","11":"opn-qv-enable","12":"top-store-woo-hover-swap","13":"top-store-single-product-tab-horizontal","14":"top-store-shadow-","15":"top-store-shadow-hover-","16":"top-store-swap-item-hover","18":"first","19":"outofstock","20":"taxable","21":"shipping-taxable","22":"purchasable","23":"product-type-simple"},"yoast_head":"<!-- This site is optimized with the Yoast SEO plugin v27.3 - https:\/\/yoast.com\/product\/yoast-seo-wordpress\/ -->\n<title>Iittala Kivi 80 mm Frosted Mat - Vie danoise<\/title>\n<meta name=\"description\" content=\"La lumi\u00e8re d&#039;ambiance Iittala Kivi Frosted Mat 80 mm accentue le design simple et \u00e9l\u00e9gant de ce photophore. \u221aExp\u00e9dition rapide\" \/>\n<meta name=\"robots\" content=\"index, follow, max-snippet:-1, max-image-preview:large, max-video-preview:-1\" \/>\n<link rel=\"canonical\" href=\"https:\/\/deenswonen.nl\/fr\/produit\/iittala-kivi-80-mm-frosted-mat\/\" \/>\n<meta property=\"og:locale\" content=\"fr_FR\" \/>\n<meta property=\"og:type\" content=\"article\" \/>\n<meta property=\"og:title\" content=\"Iittala Kivi 80 mm Frosted Mat - Vie danoise\" \/>\n<meta property=\"og:description\" content=\"La lumi\u00e8re d&#039;ambiance Iittala Kivi Frosted Mat 80 mm accentue le design simple et \u00e9l\u00e9gant de ce photophore. \u221aExp\u00e9dition rapide\" \/>\n<meta property=\"og:url\" content=\"https:\/\/deenswonen.nl\/fr\/produit\/iittala-kivi-80-mm-frosted-mat\/\" \/>\n<meta property=\"og:site_name\" content=\"Vie danoise\" \/>\n<meta property=\"article:modified_time\" content=\"2024-03-29T12:25:51+00:00\" \/>\n<meta property=\"og:image\" content=\"https:\/\/i0.wp.com\/deenswonen.nl\/wp-content\/uploads\/2024\/03\/IMG_6877-3-kopieren-scaled.jpg?fit=1920%2C2560&ssl=1\" \/>\n\t<meta property=\"og:image:width\" content=\"1920\" \/>\n\t<meta property=\"og:image:height\" content=\"2560\" \/>\n\t<meta property=\"og:image:type\" content=\"image\/jpeg\" \/>\n<meta name=\"twitter:card\" content=\"summary_large_image\" \/>\n<meta name=\"twitter:label1\" content=\"Dur\u00e9e de lecture estim\u00e9e\" \/>\n\t<meta name=\"twitter:data1\" content=\"2 minutes\" \/>\n<script type=\"application\/ld+json\" class=\"yoast-schema-graph\">{\"@context\":\"https:\\\/\\\/schema.org\",\"@graph\":[{\"@type\":\"WebPage\",\"@id\":\"https:\\\/\\\/deenswonen.nl\\\/fr\\\/produit\\\/iittala-kivi-80-mm-frosted-mat\\\/\",\"url\":\"https:\\\/\\\/deenswonen.nl\\\/fr\\\/produit\\\/iittala-kivi-80-mm-frosted-mat\\\/\",\"name\":\"Iittala Kivi 80 mm Frosted Mat - Vie danoise\",\"isPartOf\":{\"@id\":\"https:\\\/\\\/deenswonen.nl\\\/fr\\\/#website\"},\"primaryImageOfPage\":{\"@id\":\"https:\\\/\\\/deenswonen.nl\\\/fr\\\/produit\\\/iittala-kivi-80-mm-frosted-mat\\\/#primaryimage\"},\"image\":{\"@id\":\"https:\\\/\\\/deenswonen.nl\\\/fr\\\/produit\\\/iittala-kivi-80-mm-frosted-mat\\\/#primaryimage\"},\"thumbnailUrl\":\"https:\\\/\\\/i0.wp.com\\\/deenswonen.nl\\\/wp-content\\\/uploads\\\/2024\\\/03\\\/IMG_6877-3-kopieren-scaled.jpg?fit=1920%2C2560&ssl=1\",\"datePublished\":\"2024-03-29T12:19:14+00:00\",\"dateModified\":\"2024-03-29T12:25:51+00:00\",\"description\":\"La lumi\u00e8re d'ambiance Iittala Kivi Frosted Mat 80 mm accentue le design simple et \u00e9l\u00e9gant de ce photophore. \u221aExp\u00e9dition rapide\",\"breadcrumb\":{\"@id\":\"https:\\\/\\\/deenswonen.nl\\\/fr\\\/produit\\\/iittala-kivi-80-mm-frosted-mat\\\/#breadcrumb\"},\"inLanguage\":\"fr-FR\",\"potentialAction\":[{\"@type\":\"ReadAction\",\"target\":[\"https:\\\/\\\/deenswonen.nl\\\/fr\\\/produit\\\/iittala-kivi-80-mm-frosted-mat\\\/\"]}]},{\"@type\":\"ImageObject\",\"inLanguage\":\"fr-FR\",\"@id\":\"https:\\\/\\\/deenswonen.nl\\\/fr\\\/produit\\\/iittala-kivi-80-mm-frosted-mat\\\/#primaryimage\",\"url\":\"https:\\\/\\\/i0.wp.com\\\/deenswonen.nl\\\/wp-content\\\/uploads\\\/2024\\\/03\\\/IMG_6877-3-kopieren-scaled.jpg?fit=1920%2C2560&ssl=1\",\"contentUrl\":\"https:\\\/\\\/i0.wp.com\\\/deenswonen.nl\\\/wp-content\\\/uploads\\\/2024\\\/03\\\/IMG_6877-3-kopieren-scaled.jpg?fit=1920%2C2560&ssl=1\",\"width\":1920,\"height\":2560,\"caption\":\"Iittala Kivi sfeerlicht 80 mm Frosted Mat\"},{\"@type\":\"BreadcrumbList\",\"@id\":\"https:\\\/\\\/deenswonen.nl\\\/fr\\\/produit\\\/iittala-kivi-80-mm-frosted-mat\\\/#breadcrumb\",\"itemListElement\":[{\"@type\":\"ListItem\",\"position\":1,\"name\":\"Home\",\"item\":\"https:\\\/\\\/deenswonen.nl\\\/fr\\\/\"},{\"@type\":\"ListItem\",\"position\":2,\"name\":\"Winkel\",\"item\":\"https:\\\/\\\/deenswonen.nl\\\/winkel\\\/\"},{\"@type\":\"ListItem\",\"position\":3,\"name\":\"Iittala Kivi 80 mm Frosted Mat\"}]},{\"@type\":\"WebSite\",\"@id\":\"https:\\\/\\\/deenswonen.nl\\\/fr\\\/#website\",\"url\":\"https:\\\/\\\/deenswonen.nl\\\/fr\\\/\",\"name\":\"Deens wonen\",\"description\":\"Accessoires de maison vintage scandinaves\",\"publisher\":{\"@id\":\"https:\\\/\\\/deenswonen.nl\\\/fr\\\/#organization\"},\"potentialAction\":[{\"@type\":\"SearchAction\",\"target\":{\"@type\":\"EntryPoint\",\"urlTemplate\":\"https:\\\/\\\/deenswonen.nl\\\/fr\\\/?s={search_term_string}\"},\"query-input\":{\"@type\":\"PropertyValueSpecification\",\"valueRequired\":true,\"valueName\":\"search_term_string\"}}],\"inLanguage\":\"fr-FR\"},{\"@type\":\"Organization\",\"@id\":\"https:\\\/\\\/deenswonen.nl\\\/fr\\\/#organization\",\"name\":\"Vie danoise\",\"url\":\"https:\\\/\\\/deenswonen.nl\\\/fr\\\/\",\"logo\":{\"@type\":\"ImageObject\",\"inLanguage\":\"fr-FR\",\"@id\":\"https:\\\/\\\/deenswonen.nl\\\/fr\\\/#\\\/schema\\\/logo\\\/image\\\/\",\"url\":\"https:\\\/\\\/i0.wp.com\\\/deenswonen.nl\\\/wp-content\\\/uploads\\\/2021\\\/11\\\/51ECE736-8380-4D65-ACA6-DE74174F3C35_1_201_a.jpeg?fit=1200%2C675&ssl=1\",\"contentUrl\":\"https:\\\/\\\/i0.wp.com\\\/deenswonen.nl\\\/wp-content\\\/uploads\\\/2021\\\/11\\\/51ECE736-8380-4D65-ACA6-DE74174F3C35_1_201_a.jpeg?fit=1200%2C675&ssl=1\",\"width\":1200,\"height\":675,\"caption\":\"Vie danoise\"},\"image\":{\"@id\":\"https:\\\/\\\/deenswonen.nl\\\/fr\\\/#\\\/schema\\\/logo\\\/image\\\/\"}}]}<\/script>\n<!-- \/ Yoast SEO plugin. -->","yoast_head_json":{"title":"Iittala Kivi 80 mm Frosted Mat - Vie danoise","description":"La lumi\u00e8re d'ambiance Iittala Kivi Frosted Mat 80 mm accentue le design simple et \u00e9l\u00e9gant de ce photophore. \u221aExp\u00e9dition rapide","robots":{"index":"index","follow":"follow","max-snippet":"max-snippet:-1","max-image-preview":"max-image-preview:large","max-video-preview":"max-video-preview:-1"},"canonical":"https:\/\/deenswonen.nl\/fr\/produit\/iittala-kivi-80-mm-frosted-mat\/","og_locale":"fr_FR","og_type":"article","og_title":"Iittala Kivi 80 mm Frosted Mat - Vie danoise","og_description":"La lumi\u00e8re d'ambiance Iittala Kivi Frosted Mat 80 mm accentue le design simple et \u00e9l\u00e9gant de ce photophore. \u221aExp\u00e9dition rapide","og_url":"https:\/\/deenswonen.nl\/fr\/produit\/iittala-kivi-80-mm-frosted-mat\/","og_site_name":"Vie danoise","article_modified_time":"2024-03-29T12:25:51+00:00","og_image":[{"width":1920,"height":2560,"url":"https:\/\/i0.wp.com\/deenswonen.nl\/wp-content\/uploads\/2024\/03\/IMG_6877-3-kopieren-scaled.jpg?fit=1920%2C2560&ssl=1","type":"image\/jpeg"}],"twitter_card":"summary_large_image","twitter_misc":{"Dur\u00e9e de lecture estim\u00e9e":"2 minutes"},"schema":{"@context":"https:\/\/schema.org","@graph":[{"@type":"WebPage","@id":"https:\/\/deenswonen.nl\/fr\/produit\/iittala-kivi-80-mm-frosted-mat\/","url":"https:\/\/deenswonen.nl\/fr\/produit\/iittala-kivi-80-mm-frosted-mat\/","name":"Iittala Kivi 80 mm Frosted Mat - Vie danoise","isPartOf":{"@id":"https:\/\/deenswonen.nl\/fr\/#website"},"primaryImageOfPage":{"@id":"https:\/\/deenswonen.nl\/fr\/produit\/iittala-kivi-80-mm-frosted-mat\/#primaryimage"},"image":{"@id":"https:\/\/deenswonen.nl\/fr\/produit\/iittala-kivi-80-mm-frosted-mat\/#primaryimage"},"thumbnailUrl":"https:\/\/i0.wp.com\/deenswonen.nl\/wp-content\/uploads\/2024\/03\/IMG_6877-3-kopieren-scaled.jpg?fit=1920%2C2560&ssl=1","datePublished":"2024-03-29T12:19:14+00:00","dateModified":"2024-03-29T12:25:51+00:00","description":"La lumi\u00e8re d'ambiance Iittala Kivi Frosted Mat 80 mm accentue le design simple et \u00e9l\u00e9gant de ce photophore. \u221aExp\u00e9dition rapide","breadcrumb":{"@id":"https:\/\/deenswonen.nl\/fr\/produit\/iittala-kivi-80-mm-frosted-mat\/#breadcrumb"},"inLanguage":"fr-FR","potentialAction":[{"@type":"ReadAction","target":["https:\/\/deenswonen.nl\/fr\/produit\/iittala-kivi-80-mm-frosted-mat\/"]}]},{"@type":"ImageObject","inLanguage":"fr-FR","@id":"https:\/\/deenswonen.nl\/fr\/produit\/iittala-kivi-80-mm-frosted-mat\/#primaryimage","url":"https:\/\/i0.wp.com\/deenswonen.nl\/wp-content\/uploads\/2024\/03\/IMG_6877-3-kopieren-scaled.jpg?fit=1920%2C2560&ssl=1","contentUrl":"https:\/\/i0.wp.com\/deenswonen.nl\/wp-content\/uploads\/2024\/03\/IMG_6877-3-kopieren-scaled.jpg?fit=1920%2C2560&ssl=1","width":1920,"height":2560,"caption":"Iittala Kivi sfeerlicht 80 mm Frosted Mat"},{"@type":"BreadcrumbList","@id":"https:\/\/deenswonen.nl\/fr\/produit\/iittala-kivi-80-mm-frosted-mat\/#breadcrumb","itemListElement":[{"@type":"ListItem","position":1,"name":"Home","item":"https:\/\/deenswonen.nl\/fr\/"},{"@type":"ListItem","position":2,"name":"Winkel","item":"https:\/\/deenswonen.nl\/winkel\/"},{"@type":"ListItem","position":3,"name":"Iittala Kivi 80 mm Frosted Mat"}]},{"@type":"WebSite","@id":"https:\/\/deenswonen.nl\/fr\/#website","url":"https:\/\/deenswonen.nl\/fr\/","name":"Deens wonen","description":"Accessoires de maison vintage scandinaves","publisher":{"@id":"https:\/\/deenswonen.nl\/fr\/#organization"},"potentialAction":[{"@type":"SearchAction","target":{"@type":"EntryPoint","urlTemplate":"https:\/\/deenswonen.nl\/fr\/?s={search_term_string}"},"query-input":{"@type":"PropertyValueSpecification","valueRequired":true,"valueName":"search_term_string"}}],"inLanguage":"fr-FR"},{"@type":"Organization","@id":"https:\/\/deenswonen.nl\/fr\/#organization","name":"Vie danoise","url":"https:\/\/deenswonen.nl\/fr\/","logo":{"@type":"ImageObject","inLanguage":"fr-FR","@id":"https:\/\/deenswonen.nl\/fr\/#\/schema\/logo\/image\/","url":"https:\/\/i0.wp.com\/deenswonen.nl\/wp-content\/uploads\/2021\/11\/51ECE736-8380-4D65-ACA6-DE74174F3C35_1_201_a.jpeg?fit=1200%2C675&ssl=1","contentUrl":"https:\/\/i0.wp.com\/deenswonen.nl\/wp-content\/uploads\/2021\/11\/51ECE736-8380-4D65-ACA6-DE74174F3C35_1_201_a.jpeg?fit=1200%2C675&ssl=1","width":1200,"height":675,"caption":"Vie danoise"},"image":{"@id":"https:\/\/deenswonen.nl\/fr\/#\/schema\/logo\/image\/"}}]}},"jetpack_sharing_enabled":true,"_links":{"self":[{"href":"https:\/\/deenswonen.nl\/fr\/wp-json\/wp\/v2\/product\/14461","targetHints":{"allow":["GET"]}}],"collection":[{"href":"https:\/\/deenswonen.nl\/fr\/wp-json\/wp\/v2\/product"}],"about":[{"href":"https:\/\/deenswonen.nl\/fr\/wp-json\/wp\/v2\/types\/product"}],"wp:featuredmedia":[{"embeddable":true,"href":"https:\/\/deenswonen.nl\/fr\/wp-json\/wp\/v2\/media\/14464"}],"wp:attachment":[{"href":"https:\/\/deenswonen.nl\/fr\/wp-json\/wp\/v2\/media?parent=14461"}],"wp:term":[{"taxonomy":"product_brand","embeddable":true,"href":"https:\/\/deenswonen.nl\/fr\/wp-json\/wp\/v2\/product_brand?post=14461"},{"taxonomy":"product_cat","embeddable":true,"href":"https:\/\/deenswonen.nl\/fr\/wp-json\/wp\/v2\/product_cat?post=14461"},{"taxonomy":"product_tag","embeddable":true,"href":"https:\/\/deenswonen.nl\/fr\/wp-json\/wp\/v2\/product_tag?post=14461"}],"curies":[{"name":"wp","href":"https:\/\/api.w.org\/{rel}","templated":true}]}}