{"id":13992,"date":"2023-12-12T06:58:55","date_gmt":"2023-12-12T05:58:55","guid":{"rendered":"https:\/\/deenswonen.nl\/?post_type=product&#038;p=13992"},"modified":"2023-12-19T23:55:31","modified_gmt":"2023-12-19T22:55:31","slug":"iittala-aalto-kokko-viktor-verres-a-vin-lot-de-2-vert-kopie","status":"publish","type":"product","link":"https:\/\/deenswonen.nl\/fr\/produit\/iittala-aalto-kokko-viktor-verres-a-vin-lot-de-2-vert-kopie\/","title":{"rendered":"Iittala Timo Sarpaneva Verres \u00e0 liqueur Kekkerit (3 pi\u00e8ces)"},"content":{"rendered":"<header class=\"Listing-header\">\n<h1 class=\"Listing-title\">Iittala Timo Sarpaneva Verres \u00e0 liqueur Kekkerit (3 pi\u00e8ces)<\/h1>\n<\/header>\n<p>Les verres \u00e0 liqueur Iittala Kekkerit de l&rsquo;artiste Timo Sarpaneva sont de v\u00e9ritables accroches-regards. Les verres, avec leur surface rugueuse, ajoutent un \u00e9l\u00e9ment unique et \u00e9l\u00e9gant \u00e0 tout int\u00e9rieur. Verres mesurent 7 cm de haut et sont donc tr\u00e8s adapt\u00e9s aux prises de vue. Ces verres ont environ 40 ans et sont assez rares.<\/p>\n<h2>Designer <span class=\"Y2IQFc\" lang=\"nl\">Timo<\/span> <span class=\"Y2IQFc\" lang=\"nl\">Sarpaneva<\/span><\/h2>\n<p id=\"tw-target-text\" class=\"tw-data-text tw-text-large tw-ta\" dir=\"ltr\" data-placeholder=\"Vertaling\"><span class=\"Y2IQFc\" lang=\"nl\">Timo Sarpaneva (1926-2006) \u00e9tait une ic\u00f4ne du design finlandais. Designer, sculpteur et \u00e9ducateur, la verrerie pionni\u00e8re de Sarpaneva m\u00eale art et design utilitaire. Outre le verre, il travaille \u00e9galement les textiles, le bois, la porcelaine et le m\u00e9tal. Le design industriel unique de Sarpaneva qui a contribu\u00e9 \u00e0 la r\u00e9putation mondiale de design de la Finlande. Les \u0153uvres de Sarpaneva sont expos\u00e9es dans le monde entier. <\/span><\/p>\n<p class=\"tw-data-text tw-text-large tw-ta\" dir=\"ltr\" data-placeholder=\"Vertaling\"><span class=\"Y2IQFc\" lang=\"nl\">Il a re\u00e7u de nombreuses reconnaissances au cours de son illustre carri\u00e8re, notamment le prix Lunning et a \u00e9t\u00e9 r\u00e9compens\u00e9 \u00e0 deux reprises \u00e0 la Triennale de Milan. En 1976, Sarpaneva a re\u00e7u le titre honorifique de professeur du gouvernement finlandais. Au cours de sa longue association avec Iittala, Sarpaneva \u00e9tait charg\u00e9 de cr\u00e9er les principales caract\u00e9ristiques du style de l&rsquo;entreprise. Il a con\u00e7u le logo \u00ab i \u00bb qui sert de symbole \u00e0 l&rsquo;entreprise. De plus, le Sarpaneva d&rsquo;Iittala, un pot en fonte, est un classique intemporel reconnu comme une ic\u00f4ne du design international.<\/span><\/p>\n<h2>Caract\u00e9ristiques Iittala Timo Sarpaneva Verres \u00e0 shot Kekkerit<\/h2>\n<p><span lang=\"nl\">Cet ensemble de trois beaux verres \u00e0 liqueur Iittala ont environ 40 ans et sont en tr\u00e8s bon \u00e9tat. Les verres n&rsquo;ont aucun dommage ni \u00e9clat. Les lunettes<\/span> <span lang=\"nl\">mesurent<\/span> <span lang=\"nl\">7 cm de haut et environ 5 cm de diam\u00e8tre.<\/span><\/p>\n<p>Ces lunettes ont environ 40 ans, c&rsquo;est pourquoi nous vous demandons de bien regarder les photos. Cela vous donnera une bonne impression de l&rsquo;\u00e9tat des verres. Nous avons \u00e9galement d&rsquo;autres articles d&rsquo;Iittala <a href=\"https:\/\/deenswonen.nl\/product-categorie\/merken\/iittala\/\">disponibles<\/a>.<\/p>\n<p>Nous exp\u00e9dions tous nos produits soigneusement emball\u00e9s. Nos produits peuvent \u00e9galement \u00eatre retir\u00e9s sur rendez-vous \u00e0 Berkel en Rodenrijs.<\/p>\n","protected":false},"excerpt":{"rendered":"<p>Les verres \u00e0 liqueur Iittala Kekkerit de l&rsquo;artiste Timo Sarpaneva sont de v\u00e9ritables accroches-regards. Les verres, avec leur surface rugueuse, ajoutent un \u00e9l\u00e9ment unique et \u00e9l\u00e9gant \u00e0 tout int\u00e9rieur. Les verres mesurent 7 cm de haut et sont donc tr\u00e8s adapt\u00e9s aux prises de vue. Ces verres ont environ 40 ans et sont assez rares.<\/p>\n<ul>\n<li><strong>Conception scandinave<\/strong><\/li>\n<li><strong>Livraison internationale<\/strong><\/li>\n<li><strong>D\u00e9lai de r\u00e9flexion de 14 jours<\/strong><\/li>\n<\/ul>\n","protected":false},"featured_media":5548,"template":"","meta":[],"product_brand":[],"product_cat":[211,219,221,216],"product_tag":[],"class_list":{"0":"post-13992","1":"product","2":"type-product","3":"status-publish","4":"has-post-thumbnail","6":"product_cat-iittala-fr","7":"product_cat-populaire-fr","8":"product_cat-vases-fr","9":"product_cat-vient-darriver-fr","10":"thunk-woo-product-list","11":"opn-qv-enable","12":"top-store-woo-hover-swap","13":"top-store-single-product-tab-horizontal","14":"top-store-shadow-","15":"top-store-shadow-hover-","17":"first","18":"instock","19":"taxable","20":"shipping-taxable","21":"purchasable","22":"product-type-simple"},"yoast_head":"<!-- This site is optimized with the Yoast SEO plugin v27.3 - https:\/\/yoast.com\/product\/yoast-seo-wordpress\/ -->\n<title>Iittala Timo Sarpaneva Verres \u00e0 liqueur Kekkerit (3 pi\u00e8ces)<\/title>\n<meta name=\"description\" content=\"Verres \u00e0 shot Iittala Timo Sarpaneva Kekkerit (3 pi\u00e8ces). Voir notre belle collection d&#039;articles vintage d&#039;Iittala &amp; Danish Design ici\" \/>\n<meta name=\"robots\" content=\"index, follow, max-snippet:-1, max-image-preview:large, max-video-preview:-1\" \/>\n<link rel=\"canonical\" href=\"https:\/\/deenswonen.nl\/fr\/produit\/iittala-aalto-kokko-viktor-verres-a-vin-lot-de-2-vert-kopie\/\" \/>\n<meta property=\"og:locale\" content=\"fr_FR\" \/>\n<meta property=\"og:type\" content=\"article\" \/>\n<meta property=\"og:title\" content=\"Iittala Timo Sarpaneva Verres \u00e0 liqueur Kekkerit (3 pi\u00e8ces)\" \/>\n<meta property=\"og:description\" content=\"Verres \u00e0 shot Iittala Timo Sarpaneva Kekkerit (3 pi\u00e8ces). Voir notre belle collection d&#039;articles vintage d&#039;Iittala &amp; Danish Design ici\" \/>\n<meta property=\"og:url\" content=\"https:\/\/deenswonen.nl\/fr\/produit\/iittala-aalto-kokko-viktor-verres-a-vin-lot-de-2-vert-kopie\/\" \/>\n<meta property=\"og:site_name\" content=\"Vie danoise\" \/>\n<meta property=\"article:modified_time\" content=\"2023-12-19T22:55:31+00:00\" \/>\n<meta property=\"og:image\" content=\"https:\/\/i0.wp.com\/deenswonen.nl\/wp-content\/uploads\/2021\/12\/D5B462BB-B76B-4B4E-BB60-7707796ED89D.jpeg?fit=1280%2C960&ssl=1\" \/>\n\t<meta property=\"og:image:width\" content=\"1280\" \/>\n\t<meta property=\"og:image:height\" content=\"960\" \/>\n\t<meta property=\"og:image:type\" content=\"image\/jpeg\" \/>\n<meta name=\"twitter:card\" content=\"summary_large_image\" \/>\n<meta name=\"twitter:label1\" content=\"Dur\u00e9e de lecture estim\u00e9e\" \/>\n\t<meta name=\"twitter:data1\" content=\"2 minutes\" \/>\n<script type=\"application\/ld+json\" class=\"yoast-schema-graph\">{\"@context\":\"https:\\\/\\\/schema.org\",\"@graph\":[{\"@type\":\"WebPage\",\"@id\":\"https:\\\/\\\/deenswonen.nl\\\/fr\\\/produit\\\/iittala-aalto-kokko-viktor-verres-a-vin-lot-de-2-vert-kopie\\\/\",\"url\":\"https:\\\/\\\/deenswonen.nl\\\/fr\\\/produit\\\/iittala-aalto-kokko-viktor-verres-a-vin-lot-de-2-vert-kopie\\\/\",\"name\":\"Iittala Timo Sarpaneva Verres \u00e0 liqueur Kekkerit (3 pi\u00e8ces)\",\"isPartOf\":{\"@id\":\"https:\\\/\\\/deenswonen.nl\\\/fr\\\/#website\"},\"primaryImageOfPage\":{\"@id\":\"https:\\\/\\\/deenswonen.nl\\\/fr\\\/produit\\\/iittala-aalto-kokko-viktor-verres-a-vin-lot-de-2-vert-kopie\\\/#primaryimage\"},\"image\":{\"@id\":\"https:\\\/\\\/deenswonen.nl\\\/fr\\\/produit\\\/iittala-aalto-kokko-viktor-verres-a-vin-lot-de-2-vert-kopie\\\/#primaryimage\"},\"thumbnailUrl\":\"https:\\\/\\\/i0.wp.com\\\/deenswonen.nl\\\/wp-content\\\/uploads\\\/2021\\\/12\\\/D5B462BB-B76B-4B4E-BB60-7707796ED89D.jpeg?fit=1280%2C960&ssl=1\",\"datePublished\":\"2023-12-12T05:58:55+00:00\",\"dateModified\":\"2023-12-19T22:55:31+00:00\",\"description\":\"Verres \u00e0 shot Iittala Timo Sarpaneva Kekkerit (3 pi\u00e8ces). Voir notre belle collection d'articles vintage d'Iittala & Danish Design ici\",\"breadcrumb\":{\"@id\":\"https:\\\/\\\/deenswonen.nl\\\/fr\\\/produit\\\/iittala-aalto-kokko-viktor-verres-a-vin-lot-de-2-vert-kopie\\\/#breadcrumb\"},\"inLanguage\":\"fr-FR\",\"potentialAction\":[{\"@type\":\"ReadAction\",\"target\":[\"https:\\\/\\\/deenswonen.nl\\\/fr\\\/produit\\\/iittala-aalto-kokko-viktor-verres-a-vin-lot-de-2-vert-kopie\\\/\"]}]},{\"@type\":\"ImageObject\",\"inLanguage\":\"fr-FR\",\"@id\":\"https:\\\/\\\/deenswonen.nl\\\/fr\\\/produit\\\/iittala-aalto-kokko-viktor-verres-a-vin-lot-de-2-vert-kopie\\\/#primaryimage\",\"url\":\"https:\\\/\\\/i0.wp.com\\\/deenswonen.nl\\\/wp-content\\\/uploads\\\/2021\\\/12\\\/D5B462BB-B76B-4B4E-BB60-7707796ED89D.jpeg?fit=1280%2C960&ssl=1\",\"contentUrl\":\"https:\\\/\\\/i0.wp.com\\\/deenswonen.nl\\\/wp-content\\\/uploads\\\/2021\\\/12\\\/D5B462BB-B76B-4B4E-BB60-7707796ED89D.jpeg?fit=1280%2C960&ssl=1\",\"width\":1280,\"height\":960,\"caption\":\"Image du lot de trois verres \u00e0 liqueur Iittala Timo Sarpaneva Kekkerit propos\u00e9s dans cette publicit\u00e9.\"},{\"@type\":\"BreadcrumbList\",\"@id\":\"https:\\\/\\\/deenswonen.nl\\\/fr\\\/produit\\\/iittala-aalto-kokko-viktor-verres-a-vin-lot-de-2-vert-kopie\\\/#breadcrumb\",\"itemListElement\":[{\"@type\":\"ListItem\",\"position\":1,\"name\":\"Home\",\"item\":\"https:\\\/\\\/deenswonen.nl\\\/fr\\\/\"},{\"@type\":\"ListItem\",\"position\":2,\"name\":\"Winkel\",\"item\":\"https:\\\/\\\/deenswonen.nl\\\/winkel\\\/\"},{\"@type\":\"ListItem\",\"position\":3,\"name\":\"Iittala Timo Sarpaneva Verres \u00e0 liqueur Kekkerit (3 pi\u00e8ces)\"}]},{\"@type\":\"WebSite\",\"@id\":\"https:\\\/\\\/deenswonen.nl\\\/fr\\\/#website\",\"url\":\"https:\\\/\\\/deenswonen.nl\\\/fr\\\/\",\"name\":\"Deens wonen\",\"description\":\"Accessoires de maison vintage scandinaves\",\"publisher\":{\"@id\":\"https:\\\/\\\/deenswonen.nl\\\/fr\\\/#organization\"},\"potentialAction\":[{\"@type\":\"SearchAction\",\"target\":{\"@type\":\"EntryPoint\",\"urlTemplate\":\"https:\\\/\\\/deenswonen.nl\\\/fr\\\/?s={search_term_string}\"},\"query-input\":{\"@type\":\"PropertyValueSpecification\",\"valueRequired\":true,\"valueName\":\"search_term_string\"}}],\"inLanguage\":\"fr-FR\"},{\"@type\":\"Organization\",\"@id\":\"https:\\\/\\\/deenswonen.nl\\\/fr\\\/#organization\",\"name\":\"Vie danoise\",\"url\":\"https:\\\/\\\/deenswonen.nl\\\/fr\\\/\",\"logo\":{\"@type\":\"ImageObject\",\"inLanguage\":\"fr-FR\",\"@id\":\"https:\\\/\\\/deenswonen.nl\\\/fr\\\/#\\\/schema\\\/logo\\\/image\\\/\",\"url\":\"https:\\\/\\\/i0.wp.com\\\/deenswonen.nl\\\/wp-content\\\/uploads\\\/2021\\\/11\\\/51ECE736-8380-4D65-ACA6-DE74174F3C35_1_201_a.jpeg?fit=1200%2C675&ssl=1\",\"contentUrl\":\"https:\\\/\\\/i0.wp.com\\\/deenswonen.nl\\\/wp-content\\\/uploads\\\/2021\\\/11\\\/51ECE736-8380-4D65-ACA6-DE74174F3C35_1_201_a.jpeg?fit=1200%2C675&ssl=1\",\"width\":1200,\"height\":675,\"caption\":\"Vie danoise\"},\"image\":{\"@id\":\"https:\\\/\\\/deenswonen.nl\\\/fr\\\/#\\\/schema\\\/logo\\\/image\\\/\"}}]}<\/script>\n<!-- \/ Yoast SEO plugin. -->","yoast_head_json":{"title":"Iittala Timo Sarpaneva Verres \u00e0 liqueur Kekkerit (3 pi\u00e8ces)","description":"Verres \u00e0 shot Iittala Timo Sarpaneva Kekkerit (3 pi\u00e8ces). Voir notre belle collection d'articles vintage d'Iittala & Danish Design ici","robots":{"index":"index","follow":"follow","max-snippet":"max-snippet:-1","max-image-preview":"max-image-preview:large","max-video-preview":"max-video-preview:-1"},"canonical":"https:\/\/deenswonen.nl\/fr\/produit\/iittala-aalto-kokko-viktor-verres-a-vin-lot-de-2-vert-kopie\/","og_locale":"fr_FR","og_type":"article","og_title":"Iittala Timo Sarpaneva Verres \u00e0 liqueur Kekkerit (3 pi\u00e8ces)","og_description":"Verres \u00e0 shot Iittala Timo Sarpaneva Kekkerit (3 pi\u00e8ces). Voir notre belle collection d'articles vintage d'Iittala & Danish Design ici","og_url":"https:\/\/deenswonen.nl\/fr\/produit\/iittala-aalto-kokko-viktor-verres-a-vin-lot-de-2-vert-kopie\/","og_site_name":"Vie danoise","article_modified_time":"2023-12-19T22:55:31+00:00","og_image":[{"width":1280,"height":960,"url":"https:\/\/i0.wp.com\/deenswonen.nl\/wp-content\/uploads\/2021\/12\/D5B462BB-B76B-4B4E-BB60-7707796ED89D.jpeg?fit=1280%2C960&ssl=1","type":"image\/jpeg"}],"twitter_card":"summary_large_image","twitter_misc":{"Dur\u00e9e de lecture estim\u00e9e":"2 minutes"},"schema":{"@context":"https:\/\/schema.org","@graph":[{"@type":"WebPage","@id":"https:\/\/deenswonen.nl\/fr\/produit\/iittala-aalto-kokko-viktor-verres-a-vin-lot-de-2-vert-kopie\/","url":"https:\/\/deenswonen.nl\/fr\/produit\/iittala-aalto-kokko-viktor-verres-a-vin-lot-de-2-vert-kopie\/","name":"Iittala Timo Sarpaneva Verres \u00e0 liqueur Kekkerit (3 pi\u00e8ces)","isPartOf":{"@id":"https:\/\/deenswonen.nl\/fr\/#website"},"primaryImageOfPage":{"@id":"https:\/\/deenswonen.nl\/fr\/produit\/iittala-aalto-kokko-viktor-verres-a-vin-lot-de-2-vert-kopie\/#primaryimage"},"image":{"@id":"https:\/\/deenswonen.nl\/fr\/produit\/iittala-aalto-kokko-viktor-verres-a-vin-lot-de-2-vert-kopie\/#primaryimage"},"thumbnailUrl":"https:\/\/i0.wp.com\/deenswonen.nl\/wp-content\/uploads\/2021\/12\/D5B462BB-B76B-4B4E-BB60-7707796ED89D.jpeg?fit=1280%2C960&ssl=1","datePublished":"2023-12-12T05:58:55+00:00","dateModified":"2023-12-19T22:55:31+00:00","description":"Verres \u00e0 shot Iittala Timo Sarpaneva Kekkerit (3 pi\u00e8ces). Voir notre belle collection d'articles vintage d'Iittala & Danish Design ici","breadcrumb":{"@id":"https:\/\/deenswonen.nl\/fr\/produit\/iittala-aalto-kokko-viktor-verres-a-vin-lot-de-2-vert-kopie\/#breadcrumb"},"inLanguage":"fr-FR","potentialAction":[{"@type":"ReadAction","target":["https:\/\/deenswonen.nl\/fr\/produit\/iittala-aalto-kokko-viktor-verres-a-vin-lot-de-2-vert-kopie\/"]}]},{"@type":"ImageObject","inLanguage":"fr-FR","@id":"https:\/\/deenswonen.nl\/fr\/produit\/iittala-aalto-kokko-viktor-verres-a-vin-lot-de-2-vert-kopie\/#primaryimage","url":"https:\/\/i0.wp.com\/deenswonen.nl\/wp-content\/uploads\/2021\/12\/D5B462BB-B76B-4B4E-BB60-7707796ED89D.jpeg?fit=1280%2C960&ssl=1","contentUrl":"https:\/\/i0.wp.com\/deenswonen.nl\/wp-content\/uploads\/2021\/12\/D5B462BB-B76B-4B4E-BB60-7707796ED89D.jpeg?fit=1280%2C960&ssl=1","width":1280,"height":960,"caption":"Image du lot de trois verres \u00e0 liqueur Iittala Timo Sarpaneva Kekkerit propos\u00e9s dans cette publicit\u00e9."},{"@type":"BreadcrumbList","@id":"https:\/\/deenswonen.nl\/fr\/produit\/iittala-aalto-kokko-viktor-verres-a-vin-lot-de-2-vert-kopie\/#breadcrumb","itemListElement":[{"@type":"ListItem","position":1,"name":"Home","item":"https:\/\/deenswonen.nl\/fr\/"},{"@type":"ListItem","position":2,"name":"Winkel","item":"https:\/\/deenswonen.nl\/winkel\/"},{"@type":"ListItem","position":3,"name":"Iittala Timo Sarpaneva Verres \u00e0 liqueur Kekkerit (3 pi\u00e8ces)"}]},{"@type":"WebSite","@id":"https:\/\/deenswonen.nl\/fr\/#website","url":"https:\/\/deenswonen.nl\/fr\/","name":"Deens wonen","description":"Accessoires de maison vintage scandinaves","publisher":{"@id":"https:\/\/deenswonen.nl\/fr\/#organization"},"potentialAction":[{"@type":"SearchAction","target":{"@type":"EntryPoint","urlTemplate":"https:\/\/deenswonen.nl\/fr\/?s={search_term_string}"},"query-input":{"@type":"PropertyValueSpecification","valueRequired":true,"valueName":"search_term_string"}}],"inLanguage":"fr-FR"},{"@type":"Organization","@id":"https:\/\/deenswonen.nl\/fr\/#organization","name":"Vie danoise","url":"https:\/\/deenswonen.nl\/fr\/","logo":{"@type":"ImageObject","inLanguage":"fr-FR","@id":"https:\/\/deenswonen.nl\/fr\/#\/schema\/logo\/image\/","url":"https:\/\/i0.wp.com\/deenswonen.nl\/wp-content\/uploads\/2021\/11\/51ECE736-8380-4D65-ACA6-DE74174F3C35_1_201_a.jpeg?fit=1200%2C675&ssl=1","contentUrl":"https:\/\/i0.wp.com\/deenswonen.nl\/wp-content\/uploads\/2021\/11\/51ECE736-8380-4D65-ACA6-DE74174F3C35_1_201_a.jpeg?fit=1200%2C675&ssl=1","width":1200,"height":675,"caption":"Vie danoise"},"image":{"@id":"https:\/\/deenswonen.nl\/fr\/#\/schema\/logo\/image\/"}}]}},"jetpack_sharing_enabled":true,"_links":{"self":[{"href":"https:\/\/deenswonen.nl\/fr\/wp-json\/wp\/v2\/product\/13992","targetHints":{"allow":["GET"]}}],"collection":[{"href":"https:\/\/deenswonen.nl\/fr\/wp-json\/wp\/v2\/product"}],"about":[{"href":"https:\/\/deenswonen.nl\/fr\/wp-json\/wp\/v2\/types\/product"}],"wp:featuredmedia":[{"embeddable":true,"href":"https:\/\/deenswonen.nl\/fr\/wp-json\/wp\/v2\/media\/5548"}],"wp:attachment":[{"href":"https:\/\/deenswonen.nl\/fr\/wp-json\/wp\/v2\/media?parent=13992"}],"wp:term":[{"taxonomy":"product_brand","embeddable":true,"href":"https:\/\/deenswonen.nl\/fr\/wp-json\/wp\/v2\/product_brand?post=13992"},{"taxonomy":"product_cat","embeddable":true,"href":"https:\/\/deenswonen.nl\/fr\/wp-json\/wp\/v2\/product_cat?post=13992"},{"taxonomy":"product_tag","embeddable":true,"href":"https:\/\/deenswonen.nl\/fr\/wp-json\/wp\/v2\/product_tag?post=13992"}],"curies":[{"name":"wp","href":"https:\/\/api.w.org\/{rel}","templated":true}]}}