{"id":13721,"date":"2021-11-04T20:12:11","date_gmt":"2021-11-04T19:12:11","guid":{"rendered":"https:\/\/deenswonen.nl\/product\/saladier-stelton-arne-jacobsen-de-la-ligne-cylinda\/"},"modified":"2021-11-04T20:12:11","modified_gmt":"2021-11-04T19:12:11","slug":"stelton-salad-bowl-arne-jacobsen-de-la-ligne-cylinda","status":"publish","type":"product","link":"https:\/\/deenswonen.nl\/fr\/produit\/stelton-salad-bowl-arne-jacobsen-de-la-ligne-cylinda\/","title":{"rendered":"Saladier Stelton Arne Jacobsen de la ligne Cylinda"},"content":{"rendered":"<h2 class=\"product-title\">Saladier Stelton Arne Jacobsen de la ligne Cylinda<\/h2>\n<p>Saladier Stelton Arne Jacobsen de la ligne Cylinda. <span lang=\"nl\">Le saladier cylindrique d&rsquo;Arne Jacobsen est \u00e9pur\u00e9, esth\u00e9tique et sans d\u00e9tails superflus. Le saladier en acier inoxydable poli-satin\u00e9 se pare de sa forme simple et intemporelle. Compl\u00e9tez la portion avec le service \u00e0 salade Arne Jacobsen qui l&rsquo;accompagne.<\/span><\/p>\n<h2 class=\"description-action-box-title\">Saladier Design<\/h2>\n<p class=\"description-action-box-title\">Le saladier Cylinda Line a \u00e9t\u00e9 con\u00e7u en 1967 par Arne Jacobsen et est utilis\u00e9 depuis 1972. Produit par Stelton. Le design simple mais frappant du bol n&rsquo;a rien perdu de son charme. Ce qui rend le saladier Cylinda Line de Stelton si sp\u00e9cial, c&rsquo;est la double paroi en acier inoxydable. Contrairement \u00e0 la paroi ext\u00e9rieure, la paroi int\u00e9rieure n&rsquo;est pas droite, mais arrondie, ce qui facilite le levage de la salade sans laisser de morceaux dans les coins difficiles d&rsquo;acc\u00e8s.<\/p>\n<h2 class=\"description-action-box-title\">Arne Jacobsen<\/h2>\n<div class=\"description-action-box-text\">\n<p id=\"tw-target-text\" class=\"tw-data-text tw-text-large XcVN5d tw-ta\" dir=\"ltr\" data-placeholder=\"Vertaling\"><span lang=\"nl\">Arne Jacobsen (1902-1971) est l&rsquo;un des architectes et designers danois les plus reconnus au monde. Avec une curiosit\u00e9, une originalit\u00e9 et une cr\u00e9ativit\u00e9 \u00e9tonnantes, Arne Jacobsen a jou\u00e9 un r\u00f4le important dans le modernisme et l&rsquo;histoire du design danois. Les designers contemporains sont encore fortement influenc\u00e9s par ses \u0153uvres.<\/span><\/p>\n<h2><strong>Caract\u00e9ristiques <\/strong><\/h2>\n<p>Ce saladier a environ 2 ans et est en bon \u00e9tat avec de l\u00e9gers signes d&rsquo;utilisation ant\u00e9rieure. L&rsquo;autocollant du constructeur est pr\u00e9sent sous la coque. Le saladier n&rsquo;inclut pas les couverts \u00e0 salade.<\/p>\n<p>Les dimensions de ce saladier sont :<\/p>\n<ul>\n<li><span class=\"s1\">Hauteur : 14cm <\/span><\/li>\n<li><span class=\"s1\">Diam\u00e8tre : 25 cm <\/span><\/li>\n<\/ul>\n<\/div>\n<h2>Histoire de Stelton<\/h2>\n<p id=\"tw-target-text\" class=\"tw-data-text tw-text-large XcVN5d tw-ta\" dir=\"ltr\" data-placeholder=\"Vertaling\"><span lang=\"nl\">Stellan et Carton \u00e9taient deux amis qui, en combinant leurs pr\u00e9noms, ont cr\u00e9\u00e9 l&rsquo;une des marques de design les plus c\u00e9l\u00e8bres du Danemark : Stelton. Leur soci\u00e9t\u00e9 commerciale vendait \u00e0 l&rsquo;origine <\/span><span lang=\"nl\">baskets et meubles, mais les magasins ont vraiment commenc\u00e9 quand ils ont entendu parler d&rsquo;une petite usine \u00e0 F\u00e5revejle au Danemark appel\u00e9e \u00ab\u00a0Dansk Rustfrit\u00a0\u00bb.<\/span><\/p>\n<p id=\"tw-target-text\" class=\"tw-data-text tw-text-large XcVN5d tw-ta\" dir=\"ltr\" data-placeholder=\"Vertaling\"><span lang=\"nl\">Dansk Rustfrit a produit des pi\u00e8ces de service populaires en acier inoxydable. Apr\u00e8s avoir conclu un accord avec Dansk Rustfrit, Stelton a commenc\u00e9 \u00e0 commercialiser un bol \u00e0 sauce en acier inoxydable. Ce bol \u00e0 sauce s&rsquo;est vendu comme des petits pains dans les quincailleries danoises, et les bols sont \u00e9galement devenus un grand succ\u00e8s en dehors du Danemark.<\/span><\/p>\n<p>Ce bol a environ 2 ans, nous vous demandons donc de bien regarder les photos. Cela vous donnera une bonne impression de l&rsquo;\u00e9tat du bol. Nous avons \u00e9galement les couverts \u00e0 salade assortis <a href=\"https:\/\/deenswonen.nl\/product-categorie\/merken\/stelton\/\">disponibles<\/a> si n\u00e9cessaire.<\/p>\n<p>Le bol sera soigneusement emball\u00e9 et exp\u00e9di\u00e9 par la Poste. Il est \u00e9galement possible de r\u00e9cup\u00e9rer le bol sur rendez-vous \u00e0 Berkel en Rodenrijs.<\/p>\n","protected":false},"excerpt":{"rendered":"<p>Saladier Stelton Arne Jacobsen de la ligne Cylinda. <span lang=\"nl\">Le saladier cylindrique d&rsquo;Arne Jacobsen est \u00e9pur\u00e9, esth\u00e9tique et sans d\u00e9tails superflus. Le saladier en acier inoxydable poli-satin\u00e9 se pare de sa forme simple et intemporelle. Compl\u00e9tez la portion avec le service \u00e0 salade Arne Jacobsen qui l&rsquo;accompagne. Le bol n&rsquo;inclut pas les couverts \u00e0 salade.<\/span><\/p>\n<p class=\"description-action-box-title\">Ce bol a environ 2 ans, nous vous demandons donc de bien regarder les photos. Cela vous donnera une bonne impression de l&rsquo;\u00e9tat du bol. Nous avons \u00e9galement les couverts \u00e0 salade assortis <a href=\"https:\/\/deenswonen.nl\/product-categorie\/merken\/stelton\/\">disponibles<\/a> si n\u00e9cessaire.<\/p>\n","protected":false},"featured_media":5421,"template":"","meta":[],"product_brand":[],"product_cat":[227,228,216],"product_tag":[],"class_list":{"0":"post-13721","1":"product","2":"type-product","3":"status-publish","4":"has-post-thumbnail","6":"product_cat-stelton-fr","7":"product_cat-ustensiles-de-cuisine","8":"product_cat-vient-darriver-fr","9":"thunk-woo-product-list","10":"opn-qv-enable","11":"top-store-woo-hover-swap","12":"top-store-single-product-tab-horizontal","13":"top-store-shadow-","14":"top-store-shadow-hover-","16":"first","17":"outofstock","18":"taxable","19":"shipping-taxable","20":"purchasable","21":"product-type-simple"},"yoast_head":"<!-- This site is optimized with the Yoast SEO plugin v27.3 - https:\/\/yoast.com\/product\/yoast-seo-wordpress\/ -->\n<title>Saladier Stelton Arne Jacobsen de la ligne Cylinda<\/title>\n<meta name=\"description\" content=\"Saladier Stelton con\u00e7u par Arne Jacobsen de la ligne Cylinda. Le saladier cylindrique a une esth\u00e9tique \u00e9pur\u00e9e sans d\u00e9tails superflus.\" \/>\n<meta name=\"robots\" content=\"index, follow, max-snippet:-1, max-image-preview:large, max-video-preview:-1\" \/>\n<link rel=\"canonical\" href=\"https:\/\/deenswonen.nl\/fr\/produit\/stelton-salad-bowl-arne-jacobsen-de-la-ligne-cylinda\/\" \/>\n<meta property=\"og:locale\" content=\"fr_FR\" \/>\n<meta property=\"og:type\" content=\"article\" \/>\n<meta property=\"og:title\" content=\"Saladier Stelton Arne Jacobsen de la ligne Cylinda\" \/>\n<meta property=\"og:description\" content=\"Saladier Stelton con\u00e7u par Arne Jacobsen de la ligne Cylinda. Le saladier cylindrique a une esth\u00e9tique \u00e9pur\u00e9e sans d\u00e9tails superflus.\" \/>\n<meta property=\"og:url\" content=\"https:\/\/deenswonen.nl\/fr\/produit\/stelton-salad-bowl-arne-jacobsen-de-la-ligne-cylinda\/\" \/>\n<meta property=\"og:site_name\" content=\"Vie danoise\" \/>\n<meta property=\"og:image\" content=\"https:\/\/i0.wp.com\/deenswonen.nl\/wp-content\/uploads\/2021\/11\/7E12FF18-164F-4BF5-8002-2727CC22C302.jpeg?fit=1280%2C960&ssl=1\" \/>\n\t<meta property=\"og:image:width\" content=\"1280\" \/>\n\t<meta property=\"og:image:height\" content=\"960\" \/>\n\t<meta property=\"og:image:type\" content=\"image\/jpeg\" \/>\n<meta name=\"twitter:card\" content=\"summary_large_image\" \/>\n<meta name=\"twitter:label1\" content=\"Dur\u00e9e de lecture estim\u00e9e\" \/>\n\t<meta name=\"twitter:data1\" content=\"2 minutes\" \/>\n<script type=\"application\/ld+json\" class=\"yoast-schema-graph\">{\"@context\":\"https:\\\/\\\/schema.org\",\"@graph\":[{\"@type\":\"WebPage\",\"@id\":\"https:\\\/\\\/deenswonen.nl\\\/fr\\\/produit\\\/stelton-salad-bowl-arne-jacobsen-de-la-ligne-cylinda\\\/\",\"url\":\"https:\\\/\\\/deenswonen.nl\\\/fr\\\/produit\\\/stelton-salad-bowl-arne-jacobsen-de-la-ligne-cylinda\\\/\",\"name\":\"Saladier Stelton Arne Jacobsen de la ligne Cylinda\",\"isPartOf\":{\"@id\":\"https:\\\/\\\/deenswonen.nl\\\/fr\\\/#website\"},\"primaryImageOfPage\":{\"@id\":\"https:\\\/\\\/deenswonen.nl\\\/fr\\\/produit\\\/stelton-salad-bowl-arne-jacobsen-de-la-ligne-cylinda\\\/#primaryimage\"},\"image\":{\"@id\":\"https:\\\/\\\/deenswonen.nl\\\/fr\\\/produit\\\/stelton-salad-bowl-arne-jacobsen-de-la-ligne-cylinda\\\/#primaryimage\"},\"thumbnailUrl\":\"https:\\\/\\\/i0.wp.com\\\/deenswonen.nl\\\/wp-content\\\/uploads\\\/2021\\\/11\\\/7E12FF18-164F-4BF5-8002-2727CC22C302.jpeg?fit=1280%2C960&ssl=1\",\"datePublished\":\"2021-11-04T19:12:11+00:00\",\"description\":\"Saladier Stelton con\u00e7u par Arne Jacobsen de la ligne Cylinda. Le saladier cylindrique a une esth\u00e9tique \u00e9pur\u00e9e sans d\u00e9tails superflus.\",\"breadcrumb\":{\"@id\":\"https:\\\/\\\/deenswonen.nl\\\/fr\\\/produit\\\/stelton-salad-bowl-arne-jacobsen-de-la-ligne-cylinda\\\/#breadcrumb\"},\"inLanguage\":\"fr-FR\",\"potentialAction\":[{\"@type\":\"ReadAction\",\"target\":[\"https:\\\/\\\/deenswonen.nl\\\/fr\\\/produit\\\/stelton-salad-bowl-arne-jacobsen-de-la-ligne-cylinda\\\/\"]}]},{\"@type\":\"ImageObject\",\"inLanguage\":\"fr-FR\",\"@id\":\"https:\\\/\\\/deenswonen.nl\\\/fr\\\/produit\\\/stelton-salad-bowl-arne-jacobsen-de-la-ligne-cylinda\\\/#primaryimage\",\"url\":\"https:\\\/\\\/i0.wp.com\\\/deenswonen.nl\\\/wp-content\\\/uploads\\\/2021\\\/11\\\/7E12FF18-164F-4BF5-8002-2727CC22C302.jpeg?fit=1280%2C960&ssl=1\",\"contentUrl\":\"https:\\\/\\\/i0.wp.com\\\/deenswonen.nl\\\/wp-content\\\/uploads\\\/2021\\\/11\\\/7E12FF18-164F-4BF5-8002-2727CC22C302.jpeg?fit=1280%2C960&ssl=1\",\"width\":1280,\"height\":960,\"caption\":\"Image du saladier Stelton con\u00e7u par Arne Jacobsen offert dans cette publicit\u00e9.\"},{\"@type\":\"BreadcrumbList\",\"@id\":\"https:\\\/\\\/deenswonen.nl\\\/fr\\\/produit\\\/stelton-salad-bowl-arne-jacobsen-de-la-ligne-cylinda\\\/#breadcrumb\",\"itemListElement\":[{\"@type\":\"ListItem\",\"position\":1,\"name\":\"Home\",\"item\":\"https:\\\/\\\/deenswonen.nl\\\/fr\\\/\"},{\"@type\":\"ListItem\",\"position\":2,\"name\":\"Winkel\",\"item\":\"https:\\\/\\\/deenswonen.nl\\\/winkel\\\/\"},{\"@type\":\"ListItem\",\"position\":3,\"name\":\"Saladier Stelton Arne Jacobsen de la ligne Cylinda\"}]},{\"@type\":\"WebSite\",\"@id\":\"https:\\\/\\\/deenswonen.nl\\\/fr\\\/#website\",\"url\":\"https:\\\/\\\/deenswonen.nl\\\/fr\\\/\",\"name\":\"Deens wonen\",\"description\":\"Accessoires de maison vintage scandinaves\",\"publisher\":{\"@id\":\"https:\\\/\\\/deenswonen.nl\\\/fr\\\/#organization\"},\"potentialAction\":[{\"@type\":\"SearchAction\",\"target\":{\"@type\":\"EntryPoint\",\"urlTemplate\":\"https:\\\/\\\/deenswonen.nl\\\/fr\\\/?s={search_term_string}\"},\"query-input\":{\"@type\":\"PropertyValueSpecification\",\"valueRequired\":true,\"valueName\":\"search_term_string\"}}],\"inLanguage\":\"fr-FR\"},{\"@type\":\"Organization\",\"@id\":\"https:\\\/\\\/deenswonen.nl\\\/fr\\\/#organization\",\"name\":\"Vie danoise\",\"url\":\"https:\\\/\\\/deenswonen.nl\\\/fr\\\/\",\"logo\":{\"@type\":\"ImageObject\",\"inLanguage\":\"fr-FR\",\"@id\":\"https:\\\/\\\/deenswonen.nl\\\/fr\\\/#\\\/schema\\\/logo\\\/image\\\/\",\"url\":\"https:\\\/\\\/i0.wp.com\\\/deenswonen.nl\\\/wp-content\\\/uploads\\\/2021\\\/11\\\/51ECE736-8380-4D65-ACA6-DE74174F3C35_1_201_a.jpeg?fit=1200%2C675&ssl=1\",\"contentUrl\":\"https:\\\/\\\/i0.wp.com\\\/deenswonen.nl\\\/wp-content\\\/uploads\\\/2021\\\/11\\\/51ECE736-8380-4D65-ACA6-DE74174F3C35_1_201_a.jpeg?fit=1200%2C675&ssl=1\",\"width\":1200,\"height\":675,\"caption\":\"Vie danoise\"},\"image\":{\"@id\":\"https:\\\/\\\/deenswonen.nl\\\/fr\\\/#\\\/schema\\\/logo\\\/image\\\/\"}}]}<\/script>\n<!-- \/ Yoast SEO plugin. -->","yoast_head_json":{"title":"Saladier Stelton Arne Jacobsen de la ligne Cylinda","description":"Saladier Stelton con\u00e7u par Arne Jacobsen de la ligne Cylinda. Le saladier cylindrique a une esth\u00e9tique \u00e9pur\u00e9e sans d\u00e9tails superflus.","robots":{"index":"index","follow":"follow","max-snippet":"max-snippet:-1","max-image-preview":"max-image-preview:large","max-video-preview":"max-video-preview:-1"},"canonical":"https:\/\/deenswonen.nl\/fr\/produit\/stelton-salad-bowl-arne-jacobsen-de-la-ligne-cylinda\/","og_locale":"fr_FR","og_type":"article","og_title":"Saladier Stelton Arne Jacobsen de la ligne Cylinda","og_description":"Saladier Stelton con\u00e7u par Arne Jacobsen de la ligne Cylinda. Le saladier cylindrique a une esth\u00e9tique \u00e9pur\u00e9e sans d\u00e9tails superflus.","og_url":"https:\/\/deenswonen.nl\/fr\/produit\/stelton-salad-bowl-arne-jacobsen-de-la-ligne-cylinda\/","og_site_name":"Vie danoise","og_image":[{"width":1280,"height":960,"url":"https:\/\/i0.wp.com\/deenswonen.nl\/wp-content\/uploads\/2021\/11\/7E12FF18-164F-4BF5-8002-2727CC22C302.jpeg?fit=1280%2C960&ssl=1","type":"image\/jpeg"}],"twitter_card":"summary_large_image","twitter_misc":{"Dur\u00e9e de lecture estim\u00e9e":"2 minutes"},"schema":{"@context":"https:\/\/schema.org","@graph":[{"@type":"WebPage","@id":"https:\/\/deenswonen.nl\/fr\/produit\/stelton-salad-bowl-arne-jacobsen-de-la-ligne-cylinda\/","url":"https:\/\/deenswonen.nl\/fr\/produit\/stelton-salad-bowl-arne-jacobsen-de-la-ligne-cylinda\/","name":"Saladier Stelton Arne Jacobsen de la ligne Cylinda","isPartOf":{"@id":"https:\/\/deenswonen.nl\/fr\/#website"},"primaryImageOfPage":{"@id":"https:\/\/deenswonen.nl\/fr\/produit\/stelton-salad-bowl-arne-jacobsen-de-la-ligne-cylinda\/#primaryimage"},"image":{"@id":"https:\/\/deenswonen.nl\/fr\/produit\/stelton-salad-bowl-arne-jacobsen-de-la-ligne-cylinda\/#primaryimage"},"thumbnailUrl":"https:\/\/i0.wp.com\/deenswonen.nl\/wp-content\/uploads\/2021\/11\/7E12FF18-164F-4BF5-8002-2727CC22C302.jpeg?fit=1280%2C960&ssl=1","datePublished":"2021-11-04T19:12:11+00:00","description":"Saladier Stelton con\u00e7u par Arne Jacobsen de la ligne Cylinda. Le saladier cylindrique a une esth\u00e9tique \u00e9pur\u00e9e sans d\u00e9tails superflus.","breadcrumb":{"@id":"https:\/\/deenswonen.nl\/fr\/produit\/stelton-salad-bowl-arne-jacobsen-de-la-ligne-cylinda\/#breadcrumb"},"inLanguage":"fr-FR","potentialAction":[{"@type":"ReadAction","target":["https:\/\/deenswonen.nl\/fr\/produit\/stelton-salad-bowl-arne-jacobsen-de-la-ligne-cylinda\/"]}]},{"@type":"ImageObject","inLanguage":"fr-FR","@id":"https:\/\/deenswonen.nl\/fr\/produit\/stelton-salad-bowl-arne-jacobsen-de-la-ligne-cylinda\/#primaryimage","url":"https:\/\/i0.wp.com\/deenswonen.nl\/wp-content\/uploads\/2021\/11\/7E12FF18-164F-4BF5-8002-2727CC22C302.jpeg?fit=1280%2C960&ssl=1","contentUrl":"https:\/\/i0.wp.com\/deenswonen.nl\/wp-content\/uploads\/2021\/11\/7E12FF18-164F-4BF5-8002-2727CC22C302.jpeg?fit=1280%2C960&ssl=1","width":1280,"height":960,"caption":"Image du saladier Stelton con\u00e7u par Arne Jacobsen offert dans cette publicit\u00e9."},{"@type":"BreadcrumbList","@id":"https:\/\/deenswonen.nl\/fr\/produit\/stelton-salad-bowl-arne-jacobsen-de-la-ligne-cylinda\/#breadcrumb","itemListElement":[{"@type":"ListItem","position":1,"name":"Home","item":"https:\/\/deenswonen.nl\/fr\/"},{"@type":"ListItem","position":2,"name":"Winkel","item":"https:\/\/deenswonen.nl\/winkel\/"},{"@type":"ListItem","position":3,"name":"Saladier Stelton Arne Jacobsen de la ligne Cylinda"}]},{"@type":"WebSite","@id":"https:\/\/deenswonen.nl\/fr\/#website","url":"https:\/\/deenswonen.nl\/fr\/","name":"Deens wonen","description":"Accessoires de maison vintage scandinaves","publisher":{"@id":"https:\/\/deenswonen.nl\/fr\/#organization"},"potentialAction":[{"@type":"SearchAction","target":{"@type":"EntryPoint","urlTemplate":"https:\/\/deenswonen.nl\/fr\/?s={search_term_string}"},"query-input":{"@type":"PropertyValueSpecification","valueRequired":true,"valueName":"search_term_string"}}],"inLanguage":"fr-FR"},{"@type":"Organization","@id":"https:\/\/deenswonen.nl\/fr\/#organization","name":"Vie danoise","url":"https:\/\/deenswonen.nl\/fr\/","logo":{"@type":"ImageObject","inLanguage":"fr-FR","@id":"https:\/\/deenswonen.nl\/fr\/#\/schema\/logo\/image\/","url":"https:\/\/i0.wp.com\/deenswonen.nl\/wp-content\/uploads\/2021\/11\/51ECE736-8380-4D65-ACA6-DE74174F3C35_1_201_a.jpeg?fit=1200%2C675&ssl=1","contentUrl":"https:\/\/i0.wp.com\/deenswonen.nl\/wp-content\/uploads\/2021\/11\/51ECE736-8380-4D65-ACA6-DE74174F3C35_1_201_a.jpeg?fit=1200%2C675&ssl=1","width":1200,"height":675,"caption":"Vie danoise"},"image":{"@id":"https:\/\/deenswonen.nl\/fr\/#\/schema\/logo\/image\/"}}]}},"jetpack_sharing_enabled":true,"_links":{"self":[{"href":"https:\/\/deenswonen.nl\/fr\/wp-json\/wp\/v2\/product\/13721","targetHints":{"allow":["GET"]}}],"collection":[{"href":"https:\/\/deenswonen.nl\/fr\/wp-json\/wp\/v2\/product"}],"about":[{"href":"https:\/\/deenswonen.nl\/fr\/wp-json\/wp\/v2\/types\/product"}],"wp:featuredmedia":[{"embeddable":true,"href":"https:\/\/deenswonen.nl\/fr\/wp-json\/wp\/v2\/media\/5421"}],"wp:attachment":[{"href":"https:\/\/deenswonen.nl\/fr\/wp-json\/wp\/v2\/media?parent=13721"}],"wp:term":[{"taxonomy":"product_brand","embeddable":true,"href":"https:\/\/deenswonen.nl\/fr\/wp-json\/wp\/v2\/product_brand?post=13721"},{"taxonomy":"product_cat","embeddable":true,"href":"https:\/\/deenswonen.nl\/fr\/wp-json\/wp\/v2\/product_cat?post=13721"},{"taxonomy":"product_tag","embeddable":true,"href":"https:\/\/deenswonen.nl\/fr\/wp-json\/wp\/v2\/product_tag?post=13721"}],"curies":[{"name":"wp","href":"https:\/\/api.w.org\/{rel}","templated":true}]}}