{"id":13692,"date":"2021-12-14T10:33:56","date_gmt":"2021-12-14T09:33:56","guid":{"rendered":"https:\/\/deenswonen.nl\/product\/menu-verner-panton-tasse-orange-210-ml\/"},"modified":"2023-11-20T11:09:42","modified_gmt":"2023-11-20T10:09:42","slug":"menu-verner-panton-tasse-orange-210-ml","status":"publish","type":"product","link":"https:\/\/deenswonen.nl\/fr\/produit\/menu-verner-panton-tasse-orange-210-ml\/","title":{"rendered":"Menu Verner Panton tasse orange 210 ml"},"content":{"rendered":"<div class=\"slot slot--description slot--seperated js_slot-description\" data-bltgg=\"mdHko4FFlXXAEuPqitFBZw.2_9\">\n<div data-test=\"product-description\" data-bltgi=\"mdHko4FFlXXAEuPqitFBZw.2_9.10\">\n<h2 class=\"product-description\" data-test=\"description\">Design <strong>Menu Verner Panton tasse orange<\/strong><\/h2>\n<\/div>\n<\/div>\n<div class=\"woocommerce-product-details__short-description\">\n<p>Belle tasse orange Verner Panton con\u00e7ue pour Menu. Le design Geometri 1 donne aux bonnets un look intemporel et moderne.<\/p>\n<p>Ces tasses en porcelaine pr\u00e9sentent le c\u00e9l\u00e8bre design graphique \u00ab\u00a0Geometri 1\u00a0\u00bb de 1960 de l&rsquo;architecte\/designer danois Verner Panton. Le design Geometri a \u00e9t\u00e9 le premier \u00e0 \u00eatre utilis\u00e9 sur des textiles et a remport\u00e9 de nombreux prix de design internationaux. Ce d\u00e9cor fait de cette tasse et de tous les autres articles de la s\u00e9rie Panton des \u00ab\u00a0classiques du design\u00a0\u00bb, d&rsquo;une modernit\u00e9 intemporelle.<\/p>\n<h2 dir=\"ltr\" data-placeholder=\"Vertaling\">Geometri 1<\/h2>\n<p id=\"tw-target-text\" class=\"tw-data-text tw-text-large XcVN5d tw-ta\" dir=\"ltr\" data-placeholder=\"Vertaling\"><span class=\"Y2IQFc\" lang=\"nl\">En 1960, Verner Panton a con\u00e7u un oreiller \u00e0 motifs g\u00e9om\u00e9triques et l&rsquo;a nomm\u00e9 \u00e0 juste titre Geometri; Aujourd&rsquo;hui, le design de Panton fait partie d&rsquo;une collection plus large qui comprend \u00e9galement des \u0153uvres de Charles et Ray Eames ou d&rsquo;Alexander Girard. Et une collection qui se compl\u00e8tent et se contrastent parfaitement en raison de leur utilisation g\u00e9n\u00e9rale de deux-points agr\u00e9ables et de motifs int\u00e9ressants. Avec le coussin Geometri, Verner Panton utilise le contraste classique du noir et blanc sous la forme de cercles et de carr\u00e9s, le r\u00e9sultat est un motif d\u00e9coratif qui g\u00e9n\u00e8re un confort tr\u00e8s r\u00e9el dans n&rsquo;importe quel salon.<\/span><\/p>\n<\/div>\n<h2><strong>Sp\u00e9cifications Menu Verner Panton tasse orange<\/strong><\/h2>\n<p>La tasse a environ 10 ans et est en bon \u00e9tat.<\/p>\n<p>Les mesures sont :<\/p>\n<ul>\n<li><span class=\"s1\">Hauteur : 11cm <\/span><\/li>\n<li><span class=\"s1\">Diam\u00e8tre : 8cm<\/span><\/li>\n<\/ul>\n<h2><strong>Verner Panton <\/strong><\/h2>\n<p>Verner Panton s&rsquo;est fait conna\u00eetre dans les ann\u00e9es 1960 pour ses cr\u00e9ations abstraites de meubles. Il a pr\u00e9f\u00e9r\u00e9 l&rsquo;utilisation de mat\u00e9riaux artificiels. Pourtant, il s&rsquo;est souvent inspir\u00e9 de la nature pour ses \u0153uvres. Les parall\u00e8les avec la nature sont \u00e9galement reconnaissables dans la suspension Pantop. Pensez aux fleurs de campanule qui peuplent les pr\u00e9s et les champs \u00e0 de nombreux endroits.<\/p>\n<p>La tasse a environ 10 ans, c&rsquo;est pourquoi nous vous demandons de bien regarder les photos. Cela vous donnera une bonne impression de l&rsquo;\u00e9tat de la tasse.Nous avons plusieurs produits de la s\u00e9rie Verner Panton de Menu <a href=\"https:\/\/deenswonen.nl\/product-categorie\/merken\/menu\/\">disponibles<\/a>.<\/p>\n<p>La tasse sera soigneusement emball\u00e9e et exp\u00e9di\u00e9e avec Post NL. Il est \u00e9galement possible de retirer nos produits sur rendez-vous \u00e0 Berkel en Rodenrijs.<\/p>\n","protected":false},"excerpt":{"rendered":"<p>Cette tasse en porcelaine pr\u00e9sente le c\u00e9l\u00e8bre design graphique \u00ab Geometri 1 \u00bb de 1960 de l&rsquo;architecte\/designer danois Verner Panton. Le design Geometri a \u00e9t\u00e9 le premier \u00e0 \u00eatre utilis\u00e9 sur des textiles et a remport\u00e9 de nombreux prix de design internationaux. Ce d\u00e9cor rend ces tasses et tous les autres articles de la s\u00e9rie Panton des \u00ab\u00a0classiques du design\u00a0\u00bb, d&rsquo;une modernit\u00e9 intemporelle.<\/p>\n<p>La tasse a environ 10 ans, c&rsquo;est pourquoi nous vous demandons de bien regarder les photos. Cela vous donne une bonne impression de l&rsquo;\u00e9tat des tasses<\/p>\n","protected":false},"featured_media":5313,"template":"","meta":[],"product_brand":[],"product_cat":[225,219,224,226,216],"product_tag":[212,239],"class_list":{"0":"post-13692","1":"product","2":"type-product","3":"status-publish","4":"has-post-thumbnail","6":"product_cat-menu-fr","7":"product_cat-populaire-fr","8":"product_cat-vaisselle","9":"product_cat-verner-panton-fr","10":"product_cat-vient-darriver-fr","11":"product_tag-blanche","12":"product_tag-orange-fr","13":"thunk-woo-product-list","14":"opn-qv-enable","15":"top-store-woo-hover-swap","16":"top-store-single-product-tab-horizontal","17":"top-store-shadow-","18":"top-store-shadow-hover-","20":"first","21":"outofstock","22":"taxable","23":"shipping-taxable","24":"purchasable","25":"product-type-simple"},"yoast_head":"<!-- This site is optimized with the Yoast SEO plugin v27.3 - https:\/\/yoast.com\/product\/yoast-seo-wordpress\/ -->\n<title>Menu Verner Panton tasse orange 210 ml - Vie danoise<\/title>\n<meta name=\"description\" content=\"Belle tasse design avec imprim\u00e9 orange - blanc par le c\u00e9l\u00e8bre designer Verner Panton pour Menu. Regardez ici pour plus d&#039;informations.\" \/>\n<meta name=\"robots\" content=\"index, follow, max-snippet:-1, max-image-preview:large, max-video-preview:-1\" \/>\n<link rel=\"canonical\" href=\"https:\/\/deenswonen.nl\/fr\/produit\/menu-verner-panton-tasse-orange-210-ml\/\" \/>\n<meta property=\"og:locale\" content=\"fr_FR\" \/>\n<meta property=\"og:type\" content=\"article\" \/>\n<meta property=\"og:title\" content=\"Menu Verner Panton tasse orange 210 ml - Vie danoise\" \/>\n<meta property=\"og:description\" content=\"Belle tasse design avec imprim\u00e9 orange - blanc par le c\u00e9l\u00e8bre designer Verner Panton pour Menu. Regardez ici pour plus d&#039;informations.\" \/>\n<meta property=\"og:url\" content=\"https:\/\/deenswonen.nl\/fr\/produit\/menu-verner-panton-tasse-orange-210-ml\/\" \/>\n<meta property=\"og:site_name\" content=\"Vie danoise\" \/>\n<meta property=\"article:modified_time\" content=\"2023-11-20T10:09:42+00:00\" \/>\n<meta property=\"og:image\" content=\"https:\/\/i0.wp.com\/deenswonen.nl\/wp-content\/uploads\/2021\/12\/83CB7D19-E4A1-462B-88A8-5658F77B7624.jpeg?fit=960%2C1280&ssl=1\" \/>\n\t<meta property=\"og:image:width\" content=\"960\" \/>\n\t<meta property=\"og:image:height\" content=\"1280\" \/>\n\t<meta property=\"og:image:type\" content=\"image\/jpeg\" \/>\n<meta name=\"twitter:card\" content=\"summary_large_image\" \/>\n<meta name=\"twitter:label1\" content=\"Dur\u00e9e de lecture estim\u00e9e\" \/>\n\t<meta name=\"twitter:data1\" content=\"2 minutes\" \/>\n<script type=\"application\/ld+json\" class=\"yoast-schema-graph\">{\"@context\":\"https:\\\/\\\/schema.org\",\"@graph\":[{\"@type\":\"WebPage\",\"@id\":\"https:\\\/\\\/deenswonen.nl\\\/fr\\\/produit\\\/menu-verner-panton-tasse-orange-210-ml\\\/\",\"url\":\"https:\\\/\\\/deenswonen.nl\\\/fr\\\/produit\\\/menu-verner-panton-tasse-orange-210-ml\\\/\",\"name\":\"Menu Verner Panton tasse orange 210 ml - Vie danoise\",\"isPartOf\":{\"@id\":\"https:\\\/\\\/deenswonen.nl\\\/fr\\\/#website\"},\"primaryImageOfPage\":{\"@id\":\"https:\\\/\\\/deenswonen.nl\\\/fr\\\/produit\\\/menu-verner-panton-tasse-orange-210-ml\\\/#primaryimage\"},\"image\":{\"@id\":\"https:\\\/\\\/deenswonen.nl\\\/fr\\\/produit\\\/menu-verner-panton-tasse-orange-210-ml\\\/#primaryimage\"},\"thumbnailUrl\":\"https:\\\/\\\/i0.wp.com\\\/deenswonen.nl\\\/wp-content\\\/uploads\\\/2021\\\/12\\\/83CB7D19-E4A1-462B-88A8-5658F77B7624.jpeg?fit=960%2C1280&ssl=1\",\"datePublished\":\"2021-12-14T09:33:56+00:00\",\"dateModified\":\"2023-11-20T10:09:42+00:00\",\"description\":\"Belle tasse design avec imprim\u00e9 orange - blanc par le c\u00e9l\u00e8bre designer Verner Panton pour Menu. Regardez ici pour plus d'informations.\",\"breadcrumb\":{\"@id\":\"https:\\\/\\\/deenswonen.nl\\\/fr\\\/produit\\\/menu-verner-panton-tasse-orange-210-ml\\\/#breadcrumb\"},\"inLanguage\":\"fr-FR\",\"potentialAction\":[{\"@type\":\"ReadAction\",\"target\":[\"https:\\\/\\\/deenswonen.nl\\\/fr\\\/produit\\\/menu-verner-panton-tasse-orange-210-ml\\\/\"]}]},{\"@type\":\"ImageObject\",\"inLanguage\":\"fr-FR\",\"@id\":\"https:\\\/\\\/deenswonen.nl\\\/fr\\\/produit\\\/menu-verner-panton-tasse-orange-210-ml\\\/#primaryimage\",\"url\":\"https:\\\/\\\/i0.wp.com\\\/deenswonen.nl\\\/wp-content\\\/uploads\\\/2021\\\/12\\\/83CB7D19-E4A1-462B-88A8-5658F77B7624.jpeg?fit=960%2C1280&ssl=1\",\"contentUrl\":\"https:\\\/\\\/i0.wp.com\\\/deenswonen.nl\\\/wp-content\\\/uploads\\\/2021\\\/12\\\/83CB7D19-E4A1-462B-88A8-5658F77B7624.jpeg?fit=960%2C1280&ssl=1\",\"width\":960,\"height\":1280,\"caption\":\"Photo du gobelet Verner Panton Menu orange blanc 210 ml propos\u00e9 dans cette annonce.\"},{\"@type\":\"BreadcrumbList\",\"@id\":\"https:\\\/\\\/deenswonen.nl\\\/fr\\\/produit\\\/menu-verner-panton-tasse-orange-210-ml\\\/#breadcrumb\",\"itemListElement\":[{\"@type\":\"ListItem\",\"position\":1,\"name\":\"Home\",\"item\":\"https:\\\/\\\/deenswonen.nl\\\/fr\\\/\"},{\"@type\":\"ListItem\",\"position\":2,\"name\":\"Winkel\",\"item\":\"https:\\\/\\\/deenswonen.nl\\\/winkel\\\/\"},{\"@type\":\"ListItem\",\"position\":3,\"name\":\"Menu Verner Panton tasse orange 210 ml\"}]},{\"@type\":\"WebSite\",\"@id\":\"https:\\\/\\\/deenswonen.nl\\\/fr\\\/#website\",\"url\":\"https:\\\/\\\/deenswonen.nl\\\/fr\\\/\",\"name\":\"Deens wonen\",\"description\":\"Accessoires de maison vintage scandinaves\",\"publisher\":{\"@id\":\"https:\\\/\\\/deenswonen.nl\\\/fr\\\/#organization\"},\"potentialAction\":[{\"@type\":\"SearchAction\",\"target\":{\"@type\":\"EntryPoint\",\"urlTemplate\":\"https:\\\/\\\/deenswonen.nl\\\/fr\\\/?s={search_term_string}\"},\"query-input\":{\"@type\":\"PropertyValueSpecification\",\"valueRequired\":true,\"valueName\":\"search_term_string\"}}],\"inLanguage\":\"fr-FR\"},{\"@type\":\"Organization\",\"@id\":\"https:\\\/\\\/deenswonen.nl\\\/fr\\\/#organization\",\"name\":\"Vie danoise\",\"url\":\"https:\\\/\\\/deenswonen.nl\\\/fr\\\/\",\"logo\":{\"@type\":\"ImageObject\",\"inLanguage\":\"fr-FR\",\"@id\":\"https:\\\/\\\/deenswonen.nl\\\/fr\\\/#\\\/schema\\\/logo\\\/image\\\/\",\"url\":\"https:\\\/\\\/i0.wp.com\\\/deenswonen.nl\\\/wp-content\\\/uploads\\\/2021\\\/11\\\/51ECE736-8380-4D65-ACA6-DE74174F3C35_1_201_a.jpeg?fit=1200%2C675&ssl=1\",\"contentUrl\":\"https:\\\/\\\/i0.wp.com\\\/deenswonen.nl\\\/wp-content\\\/uploads\\\/2021\\\/11\\\/51ECE736-8380-4D65-ACA6-DE74174F3C35_1_201_a.jpeg?fit=1200%2C675&ssl=1\",\"width\":1200,\"height\":675,\"caption\":\"Vie danoise\"},\"image\":{\"@id\":\"https:\\\/\\\/deenswonen.nl\\\/fr\\\/#\\\/schema\\\/logo\\\/image\\\/\"}}]}<\/script>\n<!-- \/ Yoast SEO plugin. -->","yoast_head_json":{"title":"Menu Verner Panton tasse orange 210 ml - Vie danoise","description":"Belle tasse design avec imprim\u00e9 orange - blanc par le c\u00e9l\u00e8bre designer Verner Panton pour Menu. Regardez ici pour plus d'informations.","robots":{"index":"index","follow":"follow","max-snippet":"max-snippet:-1","max-image-preview":"max-image-preview:large","max-video-preview":"max-video-preview:-1"},"canonical":"https:\/\/deenswonen.nl\/fr\/produit\/menu-verner-panton-tasse-orange-210-ml\/","og_locale":"fr_FR","og_type":"article","og_title":"Menu Verner Panton tasse orange 210 ml - Vie danoise","og_description":"Belle tasse design avec imprim\u00e9 orange - blanc par le c\u00e9l\u00e8bre designer Verner Panton pour Menu. Regardez ici pour plus d'informations.","og_url":"https:\/\/deenswonen.nl\/fr\/produit\/menu-verner-panton-tasse-orange-210-ml\/","og_site_name":"Vie danoise","article_modified_time":"2023-11-20T10:09:42+00:00","og_image":[{"width":960,"height":1280,"url":"https:\/\/i0.wp.com\/deenswonen.nl\/wp-content\/uploads\/2021\/12\/83CB7D19-E4A1-462B-88A8-5658F77B7624.jpeg?fit=960%2C1280&ssl=1","type":"image\/jpeg"}],"twitter_card":"summary_large_image","twitter_misc":{"Dur\u00e9e de lecture estim\u00e9e":"2 minutes"},"schema":{"@context":"https:\/\/schema.org","@graph":[{"@type":"WebPage","@id":"https:\/\/deenswonen.nl\/fr\/produit\/menu-verner-panton-tasse-orange-210-ml\/","url":"https:\/\/deenswonen.nl\/fr\/produit\/menu-verner-panton-tasse-orange-210-ml\/","name":"Menu Verner Panton tasse orange 210 ml - Vie danoise","isPartOf":{"@id":"https:\/\/deenswonen.nl\/fr\/#website"},"primaryImageOfPage":{"@id":"https:\/\/deenswonen.nl\/fr\/produit\/menu-verner-panton-tasse-orange-210-ml\/#primaryimage"},"image":{"@id":"https:\/\/deenswonen.nl\/fr\/produit\/menu-verner-panton-tasse-orange-210-ml\/#primaryimage"},"thumbnailUrl":"https:\/\/i0.wp.com\/deenswonen.nl\/wp-content\/uploads\/2021\/12\/83CB7D19-E4A1-462B-88A8-5658F77B7624.jpeg?fit=960%2C1280&ssl=1","datePublished":"2021-12-14T09:33:56+00:00","dateModified":"2023-11-20T10:09:42+00:00","description":"Belle tasse design avec imprim\u00e9 orange - blanc par le c\u00e9l\u00e8bre designer Verner Panton pour Menu. Regardez ici pour plus d'informations.","breadcrumb":{"@id":"https:\/\/deenswonen.nl\/fr\/produit\/menu-verner-panton-tasse-orange-210-ml\/#breadcrumb"},"inLanguage":"fr-FR","potentialAction":[{"@type":"ReadAction","target":["https:\/\/deenswonen.nl\/fr\/produit\/menu-verner-panton-tasse-orange-210-ml\/"]}]},{"@type":"ImageObject","inLanguage":"fr-FR","@id":"https:\/\/deenswonen.nl\/fr\/produit\/menu-verner-panton-tasse-orange-210-ml\/#primaryimage","url":"https:\/\/i0.wp.com\/deenswonen.nl\/wp-content\/uploads\/2021\/12\/83CB7D19-E4A1-462B-88A8-5658F77B7624.jpeg?fit=960%2C1280&ssl=1","contentUrl":"https:\/\/i0.wp.com\/deenswonen.nl\/wp-content\/uploads\/2021\/12\/83CB7D19-E4A1-462B-88A8-5658F77B7624.jpeg?fit=960%2C1280&ssl=1","width":960,"height":1280,"caption":"Photo du gobelet Verner Panton Menu orange blanc 210 ml propos\u00e9 dans cette annonce."},{"@type":"BreadcrumbList","@id":"https:\/\/deenswonen.nl\/fr\/produit\/menu-verner-panton-tasse-orange-210-ml\/#breadcrumb","itemListElement":[{"@type":"ListItem","position":1,"name":"Home","item":"https:\/\/deenswonen.nl\/fr\/"},{"@type":"ListItem","position":2,"name":"Winkel","item":"https:\/\/deenswonen.nl\/winkel\/"},{"@type":"ListItem","position":3,"name":"Menu Verner Panton tasse orange 210 ml"}]},{"@type":"WebSite","@id":"https:\/\/deenswonen.nl\/fr\/#website","url":"https:\/\/deenswonen.nl\/fr\/","name":"Deens wonen","description":"Accessoires de maison vintage scandinaves","publisher":{"@id":"https:\/\/deenswonen.nl\/fr\/#organization"},"potentialAction":[{"@type":"SearchAction","target":{"@type":"EntryPoint","urlTemplate":"https:\/\/deenswonen.nl\/fr\/?s={search_term_string}"},"query-input":{"@type":"PropertyValueSpecification","valueRequired":true,"valueName":"search_term_string"}}],"inLanguage":"fr-FR"},{"@type":"Organization","@id":"https:\/\/deenswonen.nl\/fr\/#organization","name":"Vie danoise","url":"https:\/\/deenswonen.nl\/fr\/","logo":{"@type":"ImageObject","inLanguage":"fr-FR","@id":"https:\/\/deenswonen.nl\/fr\/#\/schema\/logo\/image\/","url":"https:\/\/i0.wp.com\/deenswonen.nl\/wp-content\/uploads\/2021\/11\/51ECE736-8380-4D65-ACA6-DE74174F3C35_1_201_a.jpeg?fit=1200%2C675&ssl=1","contentUrl":"https:\/\/i0.wp.com\/deenswonen.nl\/wp-content\/uploads\/2021\/11\/51ECE736-8380-4D65-ACA6-DE74174F3C35_1_201_a.jpeg?fit=1200%2C675&ssl=1","width":1200,"height":675,"caption":"Vie danoise"},"image":{"@id":"https:\/\/deenswonen.nl\/fr\/#\/schema\/logo\/image\/"}}]}},"jetpack_sharing_enabled":true,"_links":{"self":[{"href":"https:\/\/deenswonen.nl\/fr\/wp-json\/wp\/v2\/product\/13692","targetHints":{"allow":["GET"]}}],"collection":[{"href":"https:\/\/deenswonen.nl\/fr\/wp-json\/wp\/v2\/product"}],"about":[{"href":"https:\/\/deenswonen.nl\/fr\/wp-json\/wp\/v2\/types\/product"}],"wp:featuredmedia":[{"embeddable":true,"href":"https:\/\/deenswonen.nl\/fr\/wp-json\/wp\/v2\/media\/5313"}],"wp:attachment":[{"href":"https:\/\/deenswonen.nl\/fr\/wp-json\/wp\/v2\/media?parent=13692"}],"wp:term":[{"taxonomy":"product_brand","embeddable":true,"href":"https:\/\/deenswonen.nl\/fr\/wp-json\/wp\/v2\/product_brand?post=13692"},{"taxonomy":"product_cat","embeddable":true,"href":"https:\/\/deenswonen.nl\/fr\/wp-json\/wp\/v2\/product_cat?post=13692"},{"taxonomy":"product_tag","embeddable":true,"href":"https:\/\/deenswonen.nl\/fr\/wp-json\/wp\/v2\/product_tag?post=13692"}],"curies":[{"name":"wp","href":"https:\/\/api.w.org\/{rel}","templated":true}]}}