{"id":13670,"date":"2023-11-20T09:24:07","date_gmt":"2023-11-20T08:24:07","guid":{"rendered":"https:\/\/deenswonen.nl\/product\/balance-dulton-100-090-yasu-sasamoto\/"},"modified":"2023-11-20T09:24:07","modified_gmt":"2023-11-20T08:24:07","slug":"dulton-balance-100-090-yasu-sasamoto","status":"publish","type":"product","link":"https:\/\/deenswonen.nl\/fr\/produit\/dulton-balance-100-090-yasu-sasamoto\/","title":{"rendered":"Balance Dulton 100-090 Yasu Sasamoto"},"content":{"rendered":"<p>Cette charmante balance vintage Dulton, de type 100-090, a \u00e9t\u00e9 con\u00e7ue par Yasu Sasamoto dans les ann\u00e9es 1960. La balance est fabriqu\u00e9e en m\u00e9tal et est livr\u00e9e avec son plateau d&rsquo;origine. Elle dispose \u00e9galement d&rsquo;une pratique minuterie de cuisine int\u00e9gr\u00e9e. Le souci du d\u00e9tail se trouve dans une vis de r\u00e9glage \u00e0 l&rsquo;arri\u00e8re qui permet de positionner pr\u00e9cis\u00e9ment l&rsquo;aiguille \u00e0 z\u00e9ro pour des mesures pr\u00e9cises.<\/p>\n<p>Yasu Sasamoto, un designer japonais respect\u00e9 pour ses cr\u00e9ations uniques, dont le remarquable tabouret Clipper et d&rsquo;autres pi\u00e8ces inventives, a \u00e9galement mis en valeur son talent dans cette balance. Cette balance Dulton de type 100-090 n&rsquo;est pas seulement un outil de cuisine pratique, mais aussi un morceau d&rsquo;histoire et de design qui apporte le style des ann\u00e9es 1960 dans tout espace o\u00f9 elle est plac\u00e9e.<\/p>\n<h2 dir=\"ltr\" data-placeholder=\"Vertaling\">Sp\u00e9cifications de la balance Dulton de type 100-090 :<\/h2>\n<p dir=\"ltr\" data-placeholder=\"Vertaling\">Cette balance a environ 15 ans et est en bon \u00e9tat, avec seulement de l\u00e9g\u00e8res traces d&rsquo;utilisation pr\u00e9c\u00e9dente.<\/p>\n<p dir=\"ltr\" data-placeholder=\"Vertaling\">Les mesures sont :<\/p>\n<ul>\n<li dir=\"ltr\" data-placeholder=\"Vertaling\">Hauteur 27 cm<\/li>\n<li dir=\"ltr\" data-placeholder=\"Vertaling\">Largeur 17 cm<\/li>\n<li dir=\"ltr\" data-placeholder=\"Vertaling\">Profondeur 13 cm<\/li>\n<\/ul>\n<h2>Notre Stock Disponible :<\/h2>\n<p>Tous les produits propos\u00e9s sont directement disponibles en stock. Cela signifie g\u00e9n\u00e9ralement que nous exp\u00e9dions votre commande le jour m\u00eame ou le jour ouvrable suivant. Cependant, il est important de noter que nous n&rsquo;avons g\u00e9n\u00e9ralement qu&rsquo;une seule unit\u00e9 de chaque article en stock. Comme nous traitons exclusivement des produits vintage, il est incertain que nous puissions proposer \u00e0 nouveau les m\u00eames produits \u00e0 l&rsquo;avenir.<\/p>\n<h2>Les options d&rsquo;exp\u00e9dition<\/h2>\n<p>Vous pouvez passer commande en toute confiance dans le monde entier et b\u00e9n\u00e9ficier de notre service d&rsquo;exp\u00e9dition premium. Nous manipulons votre article avec le plus grand soin, l&#8217;emballant soigneusement dans des bo\u00eetes solides. Nous faisons tout notre possible pour que votre pr\u00e9cieux achat arrive en parfait \u00e9tat.<\/p>\n<p>D\u00e8s que votre commande quitte notre entrep\u00f4t, vous recevrez imm\u00e9diatement un e-mail de Post NL avec des informations de suivi importantes. Cela vous permet de suivre votre colis depuis le moment de l&rsquo;exp\u00e9dition jusqu&rsquo;\u00e0 ce qu&rsquo;il arrive \u00e0 votre porte, vous tenant inform\u00e9 de son statut.<\/p>\n<p>Nous comprenons que vous avez besoin de temps pour d\u00e9cider si l&rsquo;article convient parfaitement \u00e0 votre int\u00e9rieur. C&rsquo;est pourquoi nous vous offrons une p\u00e9riode de r\u00e9flexion de 14 jours apr\u00e8s r\u00e9ception de votre commande. Cela vous permet d&rsquo;\u00e9valuer si le produit r\u00e9pond \u00e0 toutes vos attentes.<\/p>\n","protected":false},"excerpt":{"rendered":"<p>Cette charmante balance vintage Dulton, de type 100-090, a \u00e9t\u00e9 con\u00e7ue par Yasu Sasamoto dans les ann\u00e9es 1960. La balance est fabriqu\u00e9e en m\u00e9tal et est livr\u00e9e avec son plateau d&rsquo;origine. Elle dispose \u00e9galement d&rsquo;une pratique minuterie de cuisine int\u00e9gr\u00e9e. Le souci du d\u00e9tail se trouve dans une vis de r\u00e9glage \u00e0 l&rsquo;arri\u00e8re qui permet de positionner pr\u00e9cis\u00e9ment l&rsquo;aiguille \u00e0 z\u00e9ro pour des mesures pr\u00e9cises.<\/p>\n<ul>\n<li><strong>Conception scandinave<\/strong><\/li>\n<li><strong>Livraison internationale<\/strong><\/li>\n<li><strong>D\u00e9lai de r\u00e9flexion de 14 jours<\/strong><\/li>\n<\/ul>\n","protected":false},"featured_media":13626,"template":"","meta":[],"product_brand":[],"product_cat":[219,228,216],"product_tag":[],"class_list":{"0":"post-13670","1":"product","2":"type-product","3":"status-publish","4":"has-post-thumbnail","6":"product_cat-populaire-fr","7":"product_cat-ustensiles-de-cuisine","8":"product_cat-vient-darriver-fr","9":"thunk-woo-product-list","10":"opn-qv-enable","11":"top-store-woo-hover-swap","12":"top-store-single-product-tab-horizontal","13":"top-store-shadow-","14":"top-store-shadow-hover-","16":"first","17":"outofstock","18":"taxable","19":"shipping-taxable","20":"purchasable","21":"product-type-simple"},"yoast_head":"<!-- This site is optimized with the Yoast SEO plugin v27.3 - https:\/\/yoast.com\/product\/yoast-seo-wordpress\/ -->\n<title>Balance Dulton 100-090 Yasu Sasamoto - Vie danoise<\/title>\n<meta name=\"description\" content=\"Cette charmante balance vintage Dulton, de type 100-090, a \u00e9t\u00e9 con\u00e7ue par Yasu Sasamoto dans les ann\u00e9es 1960. \u221aCommandez en ligne \u221aLivraison rapide\" \/>\n<meta name=\"robots\" content=\"index, follow, max-snippet:-1, max-image-preview:large, max-video-preview:-1\" \/>\n<link rel=\"canonical\" href=\"https:\/\/deenswonen.nl\/fr\/produit\/dulton-balance-100-090-yasu-sasamoto\/\" \/>\n<meta property=\"og:locale\" content=\"fr_FR\" \/>\n<meta property=\"og:type\" content=\"article\" \/>\n<meta property=\"og:title\" content=\"Balance Dulton 100-090 Yasu Sasamoto - Vie danoise\" \/>\n<meta property=\"og:description\" content=\"Cette charmante balance vintage Dulton, de type 100-090, a \u00e9t\u00e9 con\u00e7ue par Yasu Sasamoto dans les ann\u00e9es 1960. \u221aCommandez en ligne \u221aLivraison rapide\" \/>\n<meta property=\"og:url\" content=\"https:\/\/deenswonen.nl\/fr\/produit\/dulton-balance-100-090-yasu-sasamoto\/\" \/>\n<meta property=\"og:site_name\" content=\"Vie danoise\" \/>\n<meta property=\"og:image\" content=\"https:\/\/i0.wp.com\/deenswonen.nl\/wp-content\/uploads\/2023\/11\/800AD741-738F-41A8-8D21-98B590295FE0_1_201_a-kopieren-scaled.jpg?fit=1920%2C2560&ssl=1\" \/>\n\t<meta property=\"og:image:width\" content=\"1920\" \/>\n\t<meta property=\"og:image:height\" content=\"2560\" \/>\n\t<meta property=\"og:image:type\" content=\"image\/jpeg\" \/>\n<meta name=\"twitter:card\" content=\"summary_large_image\" \/>\n<meta name=\"twitter:label1\" content=\"Dur\u00e9e de lecture estim\u00e9e\" \/>\n\t<meta name=\"twitter:data1\" content=\"2 minutes\" \/>\n<script type=\"application\/ld+json\" class=\"yoast-schema-graph\">{\"@context\":\"https:\\\/\\\/schema.org\",\"@graph\":[{\"@type\":\"WebPage\",\"@id\":\"https:\\\/\\\/deenswonen.nl\\\/fr\\\/produit\\\/dulton-balance-100-090-yasu-sasamoto\\\/\",\"url\":\"https:\\\/\\\/deenswonen.nl\\\/fr\\\/produit\\\/dulton-balance-100-090-yasu-sasamoto\\\/\",\"name\":\"Balance Dulton 100-090 Yasu Sasamoto - Vie danoise\",\"isPartOf\":{\"@id\":\"https:\\\/\\\/deenswonen.nl\\\/fr\\\/#website\"},\"primaryImageOfPage\":{\"@id\":\"https:\\\/\\\/deenswonen.nl\\\/fr\\\/produit\\\/dulton-balance-100-090-yasu-sasamoto\\\/#primaryimage\"},\"image\":{\"@id\":\"https:\\\/\\\/deenswonen.nl\\\/fr\\\/produit\\\/dulton-balance-100-090-yasu-sasamoto\\\/#primaryimage\"},\"thumbnailUrl\":\"https:\\\/\\\/i0.wp.com\\\/deenswonen.nl\\\/wp-content\\\/uploads\\\/2023\\\/11\\\/800AD741-738F-41A8-8D21-98B590295FE0_1_201_a-kopieren-scaled.jpg?fit=1920%2C2560&ssl=1\",\"datePublished\":\"2023-11-20T08:24:07+00:00\",\"description\":\"Cette charmante balance vintage Dulton, de type 100-090, a \u00e9t\u00e9 con\u00e7ue par Yasu Sasamoto dans les ann\u00e9es 1960. \u221aCommandez en ligne \u221aLivraison rapide\",\"breadcrumb\":{\"@id\":\"https:\\\/\\\/deenswonen.nl\\\/fr\\\/produit\\\/dulton-balance-100-090-yasu-sasamoto\\\/#breadcrumb\"},\"inLanguage\":\"fr-FR\",\"potentialAction\":[{\"@type\":\"ReadAction\",\"target\":[\"https:\\\/\\\/deenswonen.nl\\\/fr\\\/produit\\\/dulton-balance-100-090-yasu-sasamoto\\\/\"]}]},{\"@type\":\"ImageObject\",\"inLanguage\":\"fr-FR\",\"@id\":\"https:\\\/\\\/deenswonen.nl\\\/fr\\\/produit\\\/dulton-balance-100-090-yasu-sasamoto\\\/#primaryimage\",\"url\":\"https:\\\/\\\/i0.wp.com\\\/deenswonen.nl\\\/wp-content\\\/uploads\\\/2023\\\/11\\\/800AD741-738F-41A8-8D21-98B590295FE0_1_201_a-kopieren-scaled.jpg?fit=1920%2C2560&ssl=1\",\"contentUrl\":\"https:\\\/\\\/i0.wp.com\\\/deenswonen.nl\\\/wp-content\\\/uploads\\\/2023\\\/11\\\/800AD741-738F-41A8-8D21-98B590295FE0_1_201_a-kopieren-scaled.jpg?fit=1920%2C2560&ssl=1\",\"width\":1920,\"height\":2560,\"caption\":\"Dulton weegschaal 100-090 Yasu Sasamoto\"},{\"@type\":\"BreadcrumbList\",\"@id\":\"https:\\\/\\\/deenswonen.nl\\\/fr\\\/produit\\\/dulton-balance-100-090-yasu-sasamoto\\\/#breadcrumb\",\"itemListElement\":[{\"@type\":\"ListItem\",\"position\":1,\"name\":\"Home\",\"item\":\"https:\\\/\\\/deenswonen.nl\\\/fr\\\/\"},{\"@type\":\"ListItem\",\"position\":2,\"name\":\"Winkel\",\"item\":\"https:\\\/\\\/deenswonen.nl\\\/winkel\\\/\"},{\"@type\":\"ListItem\",\"position\":3,\"name\":\"Balance Dulton 100-090 Yasu Sasamoto\"}]},{\"@type\":\"WebSite\",\"@id\":\"https:\\\/\\\/deenswonen.nl\\\/fr\\\/#website\",\"url\":\"https:\\\/\\\/deenswonen.nl\\\/fr\\\/\",\"name\":\"Deens wonen\",\"description\":\"Accessoires de maison vintage scandinaves\",\"publisher\":{\"@id\":\"https:\\\/\\\/deenswonen.nl\\\/fr\\\/#organization\"},\"potentialAction\":[{\"@type\":\"SearchAction\",\"target\":{\"@type\":\"EntryPoint\",\"urlTemplate\":\"https:\\\/\\\/deenswonen.nl\\\/fr\\\/?s={search_term_string}\"},\"query-input\":{\"@type\":\"PropertyValueSpecification\",\"valueRequired\":true,\"valueName\":\"search_term_string\"}}],\"inLanguage\":\"fr-FR\"},{\"@type\":\"Organization\",\"@id\":\"https:\\\/\\\/deenswonen.nl\\\/fr\\\/#organization\",\"name\":\"Vie danoise\",\"url\":\"https:\\\/\\\/deenswonen.nl\\\/fr\\\/\",\"logo\":{\"@type\":\"ImageObject\",\"inLanguage\":\"fr-FR\",\"@id\":\"https:\\\/\\\/deenswonen.nl\\\/fr\\\/#\\\/schema\\\/logo\\\/image\\\/\",\"url\":\"https:\\\/\\\/i0.wp.com\\\/deenswonen.nl\\\/wp-content\\\/uploads\\\/2021\\\/11\\\/51ECE736-8380-4D65-ACA6-DE74174F3C35_1_201_a.jpeg?fit=1200%2C675&ssl=1\",\"contentUrl\":\"https:\\\/\\\/i0.wp.com\\\/deenswonen.nl\\\/wp-content\\\/uploads\\\/2021\\\/11\\\/51ECE736-8380-4D65-ACA6-DE74174F3C35_1_201_a.jpeg?fit=1200%2C675&ssl=1\",\"width\":1200,\"height\":675,\"caption\":\"Vie danoise\"},\"image\":{\"@id\":\"https:\\\/\\\/deenswonen.nl\\\/fr\\\/#\\\/schema\\\/logo\\\/image\\\/\"}}]}<\/script>\n<!-- \/ Yoast SEO plugin. -->","yoast_head_json":{"title":"Balance Dulton 100-090 Yasu Sasamoto - Vie danoise","description":"Cette charmante balance vintage Dulton, de type 100-090, a \u00e9t\u00e9 con\u00e7ue par Yasu Sasamoto dans les ann\u00e9es 1960. \u221aCommandez en ligne \u221aLivraison rapide","robots":{"index":"index","follow":"follow","max-snippet":"max-snippet:-1","max-image-preview":"max-image-preview:large","max-video-preview":"max-video-preview:-1"},"canonical":"https:\/\/deenswonen.nl\/fr\/produit\/dulton-balance-100-090-yasu-sasamoto\/","og_locale":"fr_FR","og_type":"article","og_title":"Balance Dulton 100-090 Yasu Sasamoto - Vie danoise","og_description":"Cette charmante balance vintage Dulton, de type 100-090, a \u00e9t\u00e9 con\u00e7ue par Yasu Sasamoto dans les ann\u00e9es 1960. \u221aCommandez en ligne \u221aLivraison rapide","og_url":"https:\/\/deenswonen.nl\/fr\/produit\/dulton-balance-100-090-yasu-sasamoto\/","og_site_name":"Vie danoise","og_image":[{"width":1920,"height":2560,"url":"https:\/\/i0.wp.com\/deenswonen.nl\/wp-content\/uploads\/2023\/11\/800AD741-738F-41A8-8D21-98B590295FE0_1_201_a-kopieren-scaled.jpg?fit=1920%2C2560&ssl=1","type":"image\/jpeg"}],"twitter_card":"summary_large_image","twitter_misc":{"Dur\u00e9e de lecture estim\u00e9e":"2 minutes"},"schema":{"@context":"https:\/\/schema.org","@graph":[{"@type":"WebPage","@id":"https:\/\/deenswonen.nl\/fr\/produit\/dulton-balance-100-090-yasu-sasamoto\/","url":"https:\/\/deenswonen.nl\/fr\/produit\/dulton-balance-100-090-yasu-sasamoto\/","name":"Balance Dulton 100-090 Yasu Sasamoto - Vie danoise","isPartOf":{"@id":"https:\/\/deenswonen.nl\/fr\/#website"},"primaryImageOfPage":{"@id":"https:\/\/deenswonen.nl\/fr\/produit\/dulton-balance-100-090-yasu-sasamoto\/#primaryimage"},"image":{"@id":"https:\/\/deenswonen.nl\/fr\/produit\/dulton-balance-100-090-yasu-sasamoto\/#primaryimage"},"thumbnailUrl":"https:\/\/i0.wp.com\/deenswonen.nl\/wp-content\/uploads\/2023\/11\/800AD741-738F-41A8-8D21-98B590295FE0_1_201_a-kopieren-scaled.jpg?fit=1920%2C2560&ssl=1","datePublished":"2023-11-20T08:24:07+00:00","description":"Cette charmante balance vintage Dulton, de type 100-090, a \u00e9t\u00e9 con\u00e7ue par Yasu Sasamoto dans les ann\u00e9es 1960. \u221aCommandez en ligne \u221aLivraison rapide","breadcrumb":{"@id":"https:\/\/deenswonen.nl\/fr\/produit\/dulton-balance-100-090-yasu-sasamoto\/#breadcrumb"},"inLanguage":"fr-FR","potentialAction":[{"@type":"ReadAction","target":["https:\/\/deenswonen.nl\/fr\/produit\/dulton-balance-100-090-yasu-sasamoto\/"]}]},{"@type":"ImageObject","inLanguage":"fr-FR","@id":"https:\/\/deenswonen.nl\/fr\/produit\/dulton-balance-100-090-yasu-sasamoto\/#primaryimage","url":"https:\/\/i0.wp.com\/deenswonen.nl\/wp-content\/uploads\/2023\/11\/800AD741-738F-41A8-8D21-98B590295FE0_1_201_a-kopieren-scaled.jpg?fit=1920%2C2560&ssl=1","contentUrl":"https:\/\/i0.wp.com\/deenswonen.nl\/wp-content\/uploads\/2023\/11\/800AD741-738F-41A8-8D21-98B590295FE0_1_201_a-kopieren-scaled.jpg?fit=1920%2C2560&ssl=1","width":1920,"height":2560,"caption":"Dulton weegschaal 100-090 Yasu Sasamoto"},{"@type":"BreadcrumbList","@id":"https:\/\/deenswonen.nl\/fr\/produit\/dulton-balance-100-090-yasu-sasamoto\/#breadcrumb","itemListElement":[{"@type":"ListItem","position":1,"name":"Home","item":"https:\/\/deenswonen.nl\/fr\/"},{"@type":"ListItem","position":2,"name":"Winkel","item":"https:\/\/deenswonen.nl\/winkel\/"},{"@type":"ListItem","position":3,"name":"Balance Dulton 100-090 Yasu Sasamoto"}]},{"@type":"WebSite","@id":"https:\/\/deenswonen.nl\/fr\/#website","url":"https:\/\/deenswonen.nl\/fr\/","name":"Deens wonen","description":"Accessoires de maison vintage scandinaves","publisher":{"@id":"https:\/\/deenswonen.nl\/fr\/#organization"},"potentialAction":[{"@type":"SearchAction","target":{"@type":"EntryPoint","urlTemplate":"https:\/\/deenswonen.nl\/fr\/?s={search_term_string}"},"query-input":{"@type":"PropertyValueSpecification","valueRequired":true,"valueName":"search_term_string"}}],"inLanguage":"fr-FR"},{"@type":"Organization","@id":"https:\/\/deenswonen.nl\/fr\/#organization","name":"Vie danoise","url":"https:\/\/deenswonen.nl\/fr\/","logo":{"@type":"ImageObject","inLanguage":"fr-FR","@id":"https:\/\/deenswonen.nl\/fr\/#\/schema\/logo\/image\/","url":"https:\/\/i0.wp.com\/deenswonen.nl\/wp-content\/uploads\/2021\/11\/51ECE736-8380-4D65-ACA6-DE74174F3C35_1_201_a.jpeg?fit=1200%2C675&ssl=1","contentUrl":"https:\/\/i0.wp.com\/deenswonen.nl\/wp-content\/uploads\/2021\/11\/51ECE736-8380-4D65-ACA6-DE74174F3C35_1_201_a.jpeg?fit=1200%2C675&ssl=1","width":1200,"height":675,"caption":"Vie danoise"},"image":{"@id":"https:\/\/deenswonen.nl\/fr\/#\/schema\/logo\/image\/"}}]}},"jetpack_sharing_enabled":true,"_links":{"self":[{"href":"https:\/\/deenswonen.nl\/fr\/wp-json\/wp\/v2\/product\/13670","targetHints":{"allow":["GET"]}}],"collection":[{"href":"https:\/\/deenswonen.nl\/fr\/wp-json\/wp\/v2\/product"}],"about":[{"href":"https:\/\/deenswonen.nl\/fr\/wp-json\/wp\/v2\/types\/product"}],"wp:featuredmedia":[{"embeddable":true,"href":"https:\/\/deenswonen.nl\/fr\/wp-json\/wp\/v2\/media\/13626"}],"wp:attachment":[{"href":"https:\/\/deenswonen.nl\/fr\/wp-json\/wp\/v2\/media?parent=13670"}],"wp:term":[{"taxonomy":"product_brand","embeddable":true,"href":"https:\/\/deenswonen.nl\/fr\/wp-json\/wp\/v2\/product_brand?post=13670"},{"taxonomy":"product_cat","embeddable":true,"href":"https:\/\/deenswonen.nl\/fr\/wp-json\/wp\/v2\/product_cat?post=13670"},{"taxonomy":"product_tag","embeddable":true,"href":"https:\/\/deenswonen.nl\/fr\/wp-json\/wp\/v2\/product_tag?post=13670"}],"curies":[{"name":"wp","href":"https:\/\/api.w.org\/{rel}","templated":true}]}}