{"id":12849,"date":"2023-10-11T09:09:03","date_gmt":"2023-10-11T07:09:03","guid":{"rendered":"https:\/\/deenswonen.nl\/?post_type=product&#038;p=12849"},"modified":"2023-12-20T06:27:03","modified_gmt":"2023-12-20T05:27:03","slug":"iittala-aalto-echelle-136-mm-transparent-2","status":"publish","type":"product","link":"https:\/\/deenswonen.nl\/fr\/produit\/iittala-aalto-echelle-136-mm-transparent-2\/","title":{"rendered":"bol iittala Aalto 136 mm transparent"},"content":{"rendered":"<h1 class=\"product_title entry-title\">bol iittala Aalto 136 mm transparent<\/h1>\n<p>Magnifique bol iittala Aalto 136 mm transparent. Le design est bas\u00e9 sur le c\u00e9l\u00e8bre vase Aalto. Alvar Aalto a con\u00e7u le vase Aalto en 1936. La forme fluide et organique est toujours souffl\u00e9e \u00e0 la bouche \u00e0 l&rsquo;usine d&rsquo;Iittala. Le vase Aalto est une ic\u00f4ne du design moderne.<\/p>\n<p>Le bol d&rsquo;Aalto est de couleur transparente. La taille est parfaite pour servir des collations telles que des noix et des bonbons. Id\u00e9al aussi comme d\u00e9coration ou comme cadeau. Ce format n&rsquo;est plus en production chez Iittala.<\/p>\n<h2>Concevoir<\/h2>\n<p>Le designer de renomm\u00e9e mondiale Alvar Aalto a combin\u00e9 des designs simples avec un grand savoir-faire. Il a cr\u00e9\u00e9 des pi\u00e8ces de design embl\u00e9matiques \u00e0 la fois fonctionnelles et sculpturales. La forme ondul\u00e9e asym\u00e9trique qu&rsquo;Aalto a con\u00e7ue pour Iittala a fait fureur lors de l&rsquo;Exposition universelle de 1937 \u00e0 Paris. La collection Aalto est unique et inspir\u00e9e des milliers de lacs finlandais.<\/p>\n<p>Le bol est id\u00e9al pour une table joliment dress\u00e9e. De plus, le design apporte une atmosph\u00e8re raffin\u00e9e \u00e0 tout d\u00e9cor d&rsquo;int\u00e9rieur. Placez plusieurs de ces bols ensemble ou combinez-les avec d&rsquo;autres produits de la gamme Aalto.<\/p>\n<h2 id=\"tw-target-text\" class=\"tw-data-text tw-text-large XcVN5d tw-ta\" dir=\"ltr\" data-placeholder=\"Vertaling\"><span lang=\"nl\">Caract\u00e9ristiques F\u00fbt Iittala Aalto 136 mm transparent<\/span><\/h2>\n<p class=\"tw-data-text tw-text-large XcVN5d tw-ta\" dir=\"ltr\" data-placeholder=\"Vertaling\"><span lang=\"nl\">Ce beau bol est en bon \u00e9tat. Il n&rsquo;a aucun dommage ni \u00e9clat et l&rsquo;autocollant Iittala est pr\u00e9sent. Ce bol a \u00e9galement le timbre Iittala sur le fond. <\/span><\/p>\n<p>Les dimensions de ce bol sont :<\/p>\n<ul class=\"list-unstyled\">\n<li><span class=\"t-bold\">Largeur :<\/span> <span data-at=\"specifications-Breedte\">136 mm<\/span><\/li>\n<li><span class=\"t-bold\">Profondeur :<\/span> <span data-at=\"specifications-Diepte\">123 mm<\/span><\/li>\n<li><span class=\"t-bold\">Hauteur : 3<\/span> <span data-at=\"specifications-Hoogte\">6 mm<\/span><\/li>\n<\/ul>\n<p>Ce bol a environ 3 ans, c&rsquo;est pourquoi nous vous demandons de bien regarder les photos. Cela vous donnera une bonne impression de l&rsquo;\u00e9tat du bol. Nous avons \u00e9galement plusieurs mod\u00e8les et couleurs <a href=\"https:\/\/deenswonen.nl\/product-categorie\/merken\/iittala\/\">disponibles<\/a>.<\/p>\n<p>Nous exp\u00e9dions tous nos produits soigneusement emball\u00e9s avec Post NL. Nos produits peuvent \u00e9galement \u00eatre retir\u00e9s sur rendez-vous \u00e0 Berkel en Rodenrijs.<\/p>\n","protected":false},"excerpt":{"rendered":"<p>Magnifique bol iittala Aalto 136 mm transparent. Le bol d&rsquo;Aalto est de couleur translucide. La taille est parfaite pour servir des collations telles que des noix et des bonbons. Id\u00e9al aussi comme d\u00e9coration ou comme cadeau. Ce format n&rsquo;est plus en production chez Iittala.<\/p>\n<p>Ce bol a environ 3 ans, c&rsquo;est pourquoi nous vous demandons de bien regarder les photos. Cela vous donnera une bonne impression de l&rsquo;\u00e9tat. Nous pouvons avoir plusieurs mod\u00e8les <strong><a href=\"https:\/\/deenswonen.nl\/product-categorie\/merken\/iittala\/\">disponibles<\/a><\/strong> .<\/p>\n","protected":false},"featured_media":12853,"template":"","meta":[],"product_brand":[],"product_cat":[211,219,224,216],"product_tag":[],"class_list":{"0":"post-12849","1":"product","2":"type-product","3":"status-publish","4":"has-post-thumbnail","6":"product_cat-iittala-fr","7":"product_cat-populaire-fr","8":"product_cat-vaisselle","9":"product_cat-vient-darriver-fr","10":"thunk-woo-product-list","11":"opn-qv-enable","12":"top-store-woo-hover-swap","13":"top-store-single-product-tab-horizontal","14":"top-store-shadow-","15":"top-store-shadow-hover-","17":"first","18":"outofstock","19":"taxable","20":"shipping-taxable","21":"purchasable","22":"product-type-simple"},"yoast_head":"<!-- This site is optimized with the Yoast SEO plugin v27.3 - https:\/\/yoast.com\/product\/yoast-seo-wordpress\/ -->\n<title>bol iittala Aalto 136 mm transparent - vie danoise<\/title>\n<meta name=\"description\" content=\"Magnifique bol iittala Aalto transparent par Alvar Aalto. Parfait pour servir des collations telles que des noix et des bonbons. Regardez ici pour des informations\" \/>\n<meta name=\"robots\" content=\"index, follow, max-snippet:-1, max-image-preview:large, max-video-preview:-1\" \/>\n<link rel=\"canonical\" href=\"https:\/\/deenswonen.nl\/fr\/produit\/iittala-aalto-echelle-136-mm-transparent-2\/\" \/>\n<meta property=\"og:locale\" content=\"fr_FR\" \/>\n<meta property=\"og:type\" content=\"article\" \/>\n<meta property=\"og:title\" content=\"bol iittala Aalto 136 mm transparent - vie danoise\" \/>\n<meta property=\"og:description\" content=\"Magnifique bol iittala Aalto transparent par Alvar Aalto. Parfait pour servir des collations telles que des noix et des bonbons. Regardez ici pour des informations\" \/>\n<meta property=\"og:url\" content=\"https:\/\/deenswonen.nl\/fr\/produit\/iittala-aalto-echelle-136-mm-transparent-2\/\" \/>\n<meta property=\"og:site_name\" content=\"Vie danoise\" \/>\n<meta property=\"article:modified_time\" content=\"2023-12-20T05:27:03+00:00\" \/>\n<meta property=\"og:image\" content=\"https:\/\/i0.wp.com\/deenswonen.nl\/wp-content\/uploads\/2023\/10\/65943F84-6E3D-4C77-A95A-458D0307C921_1_201_a-kopieren-scaled.jpg?fit=2560%2C1920&ssl=1\" \/>\n\t<meta property=\"og:image:width\" content=\"2560\" \/>\n\t<meta property=\"og:image:height\" content=\"1920\" \/>\n\t<meta property=\"og:image:type\" content=\"image\/jpeg\" \/>\n<meta name=\"twitter:card\" content=\"summary_large_image\" \/>\n<meta name=\"twitter:label1\" content=\"Dur\u00e9e de lecture estim\u00e9e\" \/>\n\t<meta name=\"twitter:data1\" content=\"2 minutes\" \/>\n<script type=\"application\/ld+json\" class=\"yoast-schema-graph\">{\"@context\":\"https:\\\/\\\/schema.org\",\"@graph\":[{\"@type\":\"WebPage\",\"@id\":\"https:\\\/\\\/deenswonen.nl\\\/fr\\\/produit\\\/iittala-aalto-echelle-136-mm-transparent-2\\\/\",\"url\":\"https:\\\/\\\/deenswonen.nl\\\/fr\\\/produit\\\/iittala-aalto-echelle-136-mm-transparent-2\\\/\",\"name\":\"bol iittala Aalto 136 mm transparent - vie danoise\",\"isPartOf\":{\"@id\":\"https:\\\/\\\/deenswonen.nl\\\/fr\\\/#website\"},\"primaryImageOfPage\":{\"@id\":\"https:\\\/\\\/deenswonen.nl\\\/fr\\\/produit\\\/iittala-aalto-echelle-136-mm-transparent-2\\\/#primaryimage\"},\"image\":{\"@id\":\"https:\\\/\\\/deenswonen.nl\\\/fr\\\/produit\\\/iittala-aalto-echelle-136-mm-transparent-2\\\/#primaryimage\"},\"thumbnailUrl\":\"https:\\\/\\\/i0.wp.com\\\/deenswonen.nl\\\/wp-content\\\/uploads\\\/2023\\\/10\\\/65943F84-6E3D-4C77-A95A-458D0307C921_1_201_a-kopieren-scaled.jpg?fit=2560%2C1920&ssl=1\",\"datePublished\":\"2023-10-11T07:09:03+00:00\",\"dateModified\":\"2023-12-20T05:27:03+00:00\",\"description\":\"Magnifique bol iittala Aalto transparent par Alvar Aalto. Parfait pour servir des collations telles que des noix et des bonbons. Regardez ici pour des informations\",\"breadcrumb\":{\"@id\":\"https:\\\/\\\/deenswonen.nl\\\/fr\\\/produit\\\/iittala-aalto-echelle-136-mm-transparent-2\\\/#breadcrumb\"},\"inLanguage\":\"fr-FR\",\"potentialAction\":[{\"@type\":\"ReadAction\",\"target\":[\"https:\\\/\\\/deenswonen.nl\\\/fr\\\/produit\\\/iittala-aalto-echelle-136-mm-transparent-2\\\/\"]}]},{\"@type\":\"ImageObject\",\"inLanguage\":\"fr-FR\",\"@id\":\"https:\\\/\\\/deenswonen.nl\\\/fr\\\/produit\\\/iittala-aalto-echelle-136-mm-transparent-2\\\/#primaryimage\",\"url\":\"https:\\\/\\\/i0.wp.com\\\/deenswonen.nl\\\/wp-content\\\/uploads\\\/2023\\\/10\\\/65943F84-6E3D-4C77-A95A-458D0307C921_1_201_a-kopieren-scaled.jpg?fit=2560%2C1920&ssl=1\",\"contentUrl\":\"https:\\\/\\\/i0.wp.com\\\/deenswonen.nl\\\/wp-content\\\/uploads\\\/2023\\\/10\\\/65943F84-6E3D-4C77-A95A-458D0307C921_1_201_a-kopieren-scaled.jpg?fit=2560%2C1920&ssl=1\",\"width\":2560,\"height\":1920,\"caption\":\"Afbeelding van de Iittala Aalto schaal transparant 136 mm die in deze advertentie wordt aangeboden.\"},{\"@type\":\"BreadcrumbList\",\"@id\":\"https:\\\/\\\/deenswonen.nl\\\/fr\\\/produit\\\/iittala-aalto-echelle-136-mm-transparent-2\\\/#breadcrumb\",\"itemListElement\":[{\"@type\":\"ListItem\",\"position\":1,\"name\":\"Home\",\"item\":\"https:\\\/\\\/deenswonen.nl\\\/fr\\\/\"},{\"@type\":\"ListItem\",\"position\":2,\"name\":\"Winkel\",\"item\":\"https:\\\/\\\/deenswonen.nl\\\/winkel\\\/\"},{\"@type\":\"ListItem\",\"position\":3,\"name\":\"bol iittala Aalto 136 mm transparent\"}]},{\"@type\":\"WebSite\",\"@id\":\"https:\\\/\\\/deenswonen.nl\\\/fr\\\/#website\",\"url\":\"https:\\\/\\\/deenswonen.nl\\\/fr\\\/\",\"name\":\"Deens wonen\",\"description\":\"Accessoires de maison vintage scandinaves\",\"publisher\":{\"@id\":\"https:\\\/\\\/deenswonen.nl\\\/fr\\\/#organization\"},\"potentialAction\":[{\"@type\":\"SearchAction\",\"target\":{\"@type\":\"EntryPoint\",\"urlTemplate\":\"https:\\\/\\\/deenswonen.nl\\\/fr\\\/?s={search_term_string}\"},\"query-input\":{\"@type\":\"PropertyValueSpecification\",\"valueRequired\":true,\"valueName\":\"search_term_string\"}}],\"inLanguage\":\"fr-FR\"},{\"@type\":\"Organization\",\"@id\":\"https:\\\/\\\/deenswonen.nl\\\/fr\\\/#organization\",\"name\":\"Vie danoise\",\"url\":\"https:\\\/\\\/deenswonen.nl\\\/fr\\\/\",\"logo\":{\"@type\":\"ImageObject\",\"inLanguage\":\"fr-FR\",\"@id\":\"https:\\\/\\\/deenswonen.nl\\\/fr\\\/#\\\/schema\\\/logo\\\/image\\\/\",\"url\":\"https:\\\/\\\/i0.wp.com\\\/deenswonen.nl\\\/wp-content\\\/uploads\\\/2021\\\/11\\\/51ECE736-8380-4D65-ACA6-DE74174F3C35_1_201_a.jpeg?fit=1200%2C675&ssl=1\",\"contentUrl\":\"https:\\\/\\\/i0.wp.com\\\/deenswonen.nl\\\/wp-content\\\/uploads\\\/2021\\\/11\\\/51ECE736-8380-4D65-ACA6-DE74174F3C35_1_201_a.jpeg?fit=1200%2C675&ssl=1\",\"width\":1200,\"height\":675,\"caption\":\"Vie danoise\"},\"image\":{\"@id\":\"https:\\\/\\\/deenswonen.nl\\\/fr\\\/#\\\/schema\\\/logo\\\/image\\\/\"}}]}<\/script>\n<!-- \/ Yoast SEO plugin. -->","yoast_head_json":{"title":"bol iittala Aalto 136 mm transparent - vie danoise","description":"Magnifique bol iittala Aalto transparent par Alvar Aalto. Parfait pour servir des collations telles que des noix et des bonbons. Regardez ici pour des informations","robots":{"index":"index","follow":"follow","max-snippet":"max-snippet:-1","max-image-preview":"max-image-preview:large","max-video-preview":"max-video-preview:-1"},"canonical":"https:\/\/deenswonen.nl\/fr\/produit\/iittala-aalto-echelle-136-mm-transparent-2\/","og_locale":"fr_FR","og_type":"article","og_title":"bol iittala Aalto 136 mm transparent - vie danoise","og_description":"Magnifique bol iittala Aalto transparent par Alvar Aalto. Parfait pour servir des collations telles que des noix et des bonbons. Regardez ici pour des informations","og_url":"https:\/\/deenswonen.nl\/fr\/produit\/iittala-aalto-echelle-136-mm-transparent-2\/","og_site_name":"Vie danoise","article_modified_time":"2023-12-20T05:27:03+00:00","og_image":[{"width":2560,"height":1920,"url":"https:\/\/i0.wp.com\/deenswonen.nl\/wp-content\/uploads\/2023\/10\/65943F84-6E3D-4C77-A95A-458D0307C921_1_201_a-kopieren-scaled.jpg?fit=2560%2C1920&ssl=1","type":"image\/jpeg"}],"twitter_card":"summary_large_image","twitter_misc":{"Dur\u00e9e de lecture estim\u00e9e":"2 minutes"},"schema":{"@context":"https:\/\/schema.org","@graph":[{"@type":"WebPage","@id":"https:\/\/deenswonen.nl\/fr\/produit\/iittala-aalto-echelle-136-mm-transparent-2\/","url":"https:\/\/deenswonen.nl\/fr\/produit\/iittala-aalto-echelle-136-mm-transparent-2\/","name":"bol iittala Aalto 136 mm transparent - vie danoise","isPartOf":{"@id":"https:\/\/deenswonen.nl\/fr\/#website"},"primaryImageOfPage":{"@id":"https:\/\/deenswonen.nl\/fr\/produit\/iittala-aalto-echelle-136-mm-transparent-2\/#primaryimage"},"image":{"@id":"https:\/\/deenswonen.nl\/fr\/produit\/iittala-aalto-echelle-136-mm-transparent-2\/#primaryimage"},"thumbnailUrl":"https:\/\/i0.wp.com\/deenswonen.nl\/wp-content\/uploads\/2023\/10\/65943F84-6E3D-4C77-A95A-458D0307C921_1_201_a-kopieren-scaled.jpg?fit=2560%2C1920&ssl=1","datePublished":"2023-10-11T07:09:03+00:00","dateModified":"2023-12-20T05:27:03+00:00","description":"Magnifique bol iittala Aalto transparent par Alvar Aalto. Parfait pour servir des collations telles que des noix et des bonbons. Regardez ici pour des informations","breadcrumb":{"@id":"https:\/\/deenswonen.nl\/fr\/produit\/iittala-aalto-echelle-136-mm-transparent-2\/#breadcrumb"},"inLanguage":"fr-FR","potentialAction":[{"@type":"ReadAction","target":["https:\/\/deenswonen.nl\/fr\/produit\/iittala-aalto-echelle-136-mm-transparent-2\/"]}]},{"@type":"ImageObject","inLanguage":"fr-FR","@id":"https:\/\/deenswonen.nl\/fr\/produit\/iittala-aalto-echelle-136-mm-transparent-2\/#primaryimage","url":"https:\/\/i0.wp.com\/deenswonen.nl\/wp-content\/uploads\/2023\/10\/65943F84-6E3D-4C77-A95A-458D0307C921_1_201_a-kopieren-scaled.jpg?fit=2560%2C1920&ssl=1","contentUrl":"https:\/\/i0.wp.com\/deenswonen.nl\/wp-content\/uploads\/2023\/10\/65943F84-6E3D-4C77-A95A-458D0307C921_1_201_a-kopieren-scaled.jpg?fit=2560%2C1920&ssl=1","width":2560,"height":1920,"caption":"Afbeelding van de Iittala Aalto schaal transparant 136 mm die in deze advertentie wordt aangeboden."},{"@type":"BreadcrumbList","@id":"https:\/\/deenswonen.nl\/fr\/produit\/iittala-aalto-echelle-136-mm-transparent-2\/#breadcrumb","itemListElement":[{"@type":"ListItem","position":1,"name":"Home","item":"https:\/\/deenswonen.nl\/fr\/"},{"@type":"ListItem","position":2,"name":"Winkel","item":"https:\/\/deenswonen.nl\/winkel\/"},{"@type":"ListItem","position":3,"name":"bol iittala Aalto 136 mm transparent"}]},{"@type":"WebSite","@id":"https:\/\/deenswonen.nl\/fr\/#website","url":"https:\/\/deenswonen.nl\/fr\/","name":"Deens wonen","description":"Accessoires de maison vintage scandinaves","publisher":{"@id":"https:\/\/deenswonen.nl\/fr\/#organization"},"potentialAction":[{"@type":"SearchAction","target":{"@type":"EntryPoint","urlTemplate":"https:\/\/deenswonen.nl\/fr\/?s={search_term_string}"},"query-input":{"@type":"PropertyValueSpecification","valueRequired":true,"valueName":"search_term_string"}}],"inLanguage":"fr-FR"},{"@type":"Organization","@id":"https:\/\/deenswonen.nl\/fr\/#organization","name":"Vie danoise","url":"https:\/\/deenswonen.nl\/fr\/","logo":{"@type":"ImageObject","inLanguage":"fr-FR","@id":"https:\/\/deenswonen.nl\/fr\/#\/schema\/logo\/image\/","url":"https:\/\/i0.wp.com\/deenswonen.nl\/wp-content\/uploads\/2021\/11\/51ECE736-8380-4D65-ACA6-DE74174F3C35_1_201_a.jpeg?fit=1200%2C675&ssl=1","contentUrl":"https:\/\/i0.wp.com\/deenswonen.nl\/wp-content\/uploads\/2021\/11\/51ECE736-8380-4D65-ACA6-DE74174F3C35_1_201_a.jpeg?fit=1200%2C675&ssl=1","width":1200,"height":675,"caption":"Vie danoise"},"image":{"@id":"https:\/\/deenswonen.nl\/fr\/#\/schema\/logo\/image\/"}}]}},"jetpack_sharing_enabled":true,"_links":{"self":[{"href":"https:\/\/deenswonen.nl\/fr\/wp-json\/wp\/v2\/product\/12849","targetHints":{"allow":["GET"]}}],"collection":[{"href":"https:\/\/deenswonen.nl\/fr\/wp-json\/wp\/v2\/product"}],"about":[{"href":"https:\/\/deenswonen.nl\/fr\/wp-json\/wp\/v2\/types\/product"}],"wp:featuredmedia":[{"embeddable":true,"href":"https:\/\/deenswonen.nl\/fr\/wp-json\/wp\/v2\/media\/12853"}],"wp:attachment":[{"href":"https:\/\/deenswonen.nl\/fr\/wp-json\/wp\/v2\/media?parent=12849"}],"wp:term":[{"taxonomy":"product_brand","embeddable":true,"href":"https:\/\/deenswonen.nl\/fr\/wp-json\/wp\/v2\/product_brand?post=12849"},{"taxonomy":"product_cat","embeddable":true,"href":"https:\/\/deenswonen.nl\/fr\/wp-json\/wp\/v2\/product_cat?post=12849"},{"taxonomy":"product_tag","embeddable":true,"href":"https:\/\/deenswonen.nl\/fr\/wp-json\/wp\/v2\/product_tag?post=12849"}],"curies":[{"name":"wp","href":"https:\/\/api.w.org\/{rel}","templated":true}]}}