{"id":11001,"date":"2021-11-18T11:57:59","date_gmt":"2021-11-18T10:57:59","guid":{"rendered":"https:\/\/deenswonen.nl\/product\/georg-jensen-chandelier-swing-acier-inoxydable-brillant\/"},"modified":"2023-04-16T19:07:43","modified_gmt":"2023-04-16T17:07:43","slug":"georg-jensen-swing-bougeoir-acier-inoxydable-brillant","status":"publish","type":"product","link":"https:\/\/deenswonen.nl\/fr\/produit\/georg-jensen-swing-bougeoir-acier-inoxydable-brillant\/","title":{"rendered":"Georg Jensen Chandelier Swing acier inoxydable brillant"},"content":{"rendered":"<p>Magnifique chandelier Georg Jensen Swing en acier inoxydable brillant. La s\u00e9rie de chandeliers SWING s&rsquo;inspire d&rsquo;une fleur.<span class=\"Y2IQFc\" lang=\"nl\"> Les tiges d\u00e9licates se courbent gracieusement vers le haut, laissant place \u00e0 un chandelier en forme de tulipe. Le designer Jens Jensen a commenc\u00e9 avec l&rsquo;id\u00e9e d&rsquo;un chandelier classique comme point de d\u00e9part. De l\u00e0, il applique son propre go\u00fbt pour les formes contemporaines \u00e9pur\u00e9es. Le produit fini semble presque flotter ou \u00eatre tir\u00e9 vers le haut par une force invisible. La finesse des tiges rend la lueur des bougies particuli\u00e8rement radieuse lorsqu&rsquo;elles sont dans leurs supports en forme de tulipe. <\/span><\/p>\n<p><span class=\"Y2IQFc\" lang=\"nl\">C&rsquo;est un effet unique qui invite les gens \u00e0 regarder de plus pr\u00e8s. Le design est plein d&rsquo;esprit et m\u00e9morable. Le chandelier \u00e0 deux bras peut \u00eatre combin\u00e9 avec d&rsquo;autres articles SWING pour cr\u00e9er diff\u00e9rents sch\u00e9mas de design. Les variations invitent \u00e0 des arrangements imaginatifs. <\/span>Ce bougeoir design \u00e0 2 bras en acier inoxydable mat convient aux bougies de table standard.<\/p>\n<h3 dir=\"ltr\" data-placeholder=\"Vertaling\">Chandelier Swing de Georg Jensen<\/h3>\n<p dir=\"ltr\" data-placeholder=\"Vertaling\">Ce chandelier a environ 15 ans et est en bon \u00e9tat avec de l\u00e9gers signes d&rsquo;utilisation ant\u00e9rieure. Les dimensions sont : hauteur 22 cm et diam\u00e8tre pied 15 cm.<\/p>\n<h3 dir=\"ltr\" data-placeholder=\"Vertaling\">Histoire Georg Jensen<\/h3>\n<p id=\"tw-target-text\" class=\"tw-data-text tw-text-large XcVN5d tw-ta\" dir=\"ltr\" data-placeholder=\"Vertaling\"><span class=\"Y2IQFc\" lang=\"nl\">Avec une histoire de plus de 100 ans, la marque Georg Jensen est synonyme de savoir-faire de haute qualit\u00e9 et de design esth\u00e9tique intemporel. Georg Jensen fabrique des produits de style de vie allant de la vaisselle aux montres, bijoux et articles m\u00e9nagers. <\/span><\/p>\n<p class=\"tw-data-text tw-text-large XcVN5d tw-ta\" dir=\"ltr\" data-placeholder=\"Vertaling\"><span class=\"Y2IQFc\" lang=\"nl\">La propre philosophie de Georg Jensen \u00e9tait de cr\u00e9er des designs d\u00e9mocratiques qui poss\u00e8dent \u00e0 la fois fonctionnalit\u00e9 et beaut\u00e9. Ses comp\u00e9tences artisanales et son talent artistique ont \u00e9t\u00e9 la base sur laquelle il a construit Georg Jensen \u00e0 Copenhague en 1904. <\/span><span class=\"Y2IQFc\" lang=\"nl\">Le style de Georg Jensen a embrass\u00e9 les lignes de l&rsquo;Art nouveau de l&rsquo;\u00e9poque, mais leur a inject\u00e9 une puissance distinctive qui r\u00e9sonne encore aujourd&rsquo;hui. <\/span><\/p>\n<p>Ce chandelier a environ 15 ans, c&rsquo;est pourquoi nous vous demandons de bien regarder les photos. Cela vous donnera une bonne impression de l&rsquo;\u00e9tat du chandelier. Nous pouvons avoir plusieurs mod\u00e8les <a href=\"https:\/\/deenswonen.nl\/product-categorie\/merken\/georg-jensen\/\">disponibles<\/a> .<\/p>\n<p>Nous exp\u00e9dions tous nos produits soigneusement emball\u00e9s et enregistr\u00e9s. Nos produits peuvent \u00e9galement \u00eatre retir\u00e9s sur rendez-vous \u00e0 Berkel en Rodenrijs.<\/p>\n","protected":false},"excerpt":{"rendered":"<p>Magnifique chandelier Georg Jensen Swing en acier inoxydable brillant. La s\u00e9rie de chandeliers SWING s&rsquo;inspire d&rsquo;une fleur.<span class=\"Y2IQFc\" lang=\"nl\"> <\/span><\/p>\n<p>&nbsp;<\/p>\n<ul>\n<li><strong>Conception scandinave<\/strong><\/li>\n<li><strong>Livraison internationale<\/strong><\/li>\n<li><strong>D\u00e9lai de r\u00e9flexion de 14 jours<\/strong><\/li>\n<\/ul>\n<p>&nbsp;<\/p>\n<p>&nbsp;<\/p>\n","protected":false},"featured_media":5172,"template":"","meta":[],"product_brand":[],"product_cat":[217,230,214],"product_tag":[],"class_list":{"0":"post-11001","1":"product","2":"type-product","3":"status-publish","4":"has-post-thumbnail","6":"product_cat-chandeliers","7":"product_cat-des-produits","8":"product_cat-georg-jensen-fr-2","9":"thunk-woo-product-list","10":"opn-qv-enable","11":"top-store-woo-hover-swap","12":"top-store-single-product-tab-horizontal","13":"top-store-shadow-","14":"top-store-shadow-hover-","16":"first","17":"outofstock","18":"taxable","19":"shipping-taxable","20":"purchasable","21":"product-type-simple"},"yoast_head":"<!-- This site is optimized with the Yoast SEO plugin v27.3 - https:\/\/yoast.com\/product\/yoast-seo-wordpress\/ -->\n<title>Georg Jensen Chandelier Swing acier inoxydable brillant - Vie danoise<\/title>\n<meta name=\"description\" content=\"Magnifique chandelier Georg Jensen Swing en acier inoxydable brillant. La s\u00e9rie de chandeliers SWING s&#039;inspire d&#039;une fleur. Regardez ici pour notre collection\" \/>\n<meta name=\"robots\" content=\"index, follow, max-snippet:-1, max-image-preview:large, max-video-preview:-1\" \/>\n<link rel=\"canonical\" href=\"https:\/\/deenswonen.nl\/fr\/produit\/georg-jensen-swing-bougeoir-acier-inoxydable-brillant\/\" \/>\n<meta property=\"og:locale\" content=\"fr_FR\" \/>\n<meta property=\"og:type\" content=\"article\" \/>\n<meta property=\"og:title\" content=\"Georg Jensen Chandelier Swing acier inoxydable brillant - Vie danoise\" \/>\n<meta property=\"og:description\" content=\"Magnifique chandelier Georg Jensen Swing en acier inoxydable brillant. La s\u00e9rie de chandeliers SWING s&#039;inspire d&#039;une fleur. Regardez ici pour notre collection\" \/>\n<meta property=\"og:url\" content=\"https:\/\/deenswonen.nl\/fr\/produit\/georg-jensen-swing-bougeoir-acier-inoxydable-brillant\/\" \/>\n<meta property=\"og:site_name\" content=\"Vie danoise\" \/>\n<meta property=\"article:modified_time\" content=\"2023-04-16T17:07:43+00:00\" \/>\n<meta property=\"og:image\" content=\"https:\/\/deenswonen.nl\/wp-content\/uploads\/2021\/11\/11963303-A04F-4057-B986-2C536C19FFBF.jpeg\" \/>\n\t<meta property=\"og:image:width\" content=\"960\" \/>\n\t<meta property=\"og:image:height\" content=\"1280\" \/>\n\t<meta property=\"og:image:type\" content=\"image\/jpeg\" \/>\n<meta name=\"twitter:card\" content=\"summary_large_image\" \/>\n<meta name=\"twitter:label1\" content=\"Dur\u00e9e de lecture estim\u00e9e\" \/>\n\t<meta name=\"twitter:data1\" content=\"2 minutes\" \/>\n<script type=\"application\/ld+json\" class=\"yoast-schema-graph\">{\"@context\":\"https:\\\/\\\/schema.org\",\"@graph\":[{\"@type\":\"WebPage\",\"@id\":\"https:\\\/\\\/deenswonen.nl\\\/fr\\\/produit\\\/georg-jensen-swing-bougeoir-acier-inoxydable-brillant\\\/\",\"url\":\"https:\\\/\\\/deenswonen.nl\\\/fr\\\/produit\\\/georg-jensen-swing-bougeoir-acier-inoxydable-brillant\\\/\",\"name\":\"Georg Jensen Chandelier Swing acier inoxydable brillant - Vie danoise\",\"isPartOf\":{\"@id\":\"https:\\\/\\\/deenswonen.nl\\\/fr\\\/#website\"},\"primaryImageOfPage\":{\"@id\":\"https:\\\/\\\/deenswonen.nl\\\/fr\\\/produit\\\/georg-jensen-swing-bougeoir-acier-inoxydable-brillant\\\/#primaryimage\"},\"image\":{\"@id\":\"https:\\\/\\\/deenswonen.nl\\\/fr\\\/produit\\\/georg-jensen-swing-bougeoir-acier-inoxydable-brillant\\\/#primaryimage\"},\"thumbnailUrl\":\"https:\\\/\\\/i0.wp.com\\\/deenswonen.nl\\\/wp-content\\\/uploads\\\/2021\\\/11\\\/11963303-A04F-4057-B986-2C536C19FFBF.jpeg?fit=960%2C1280&ssl=1\",\"datePublished\":\"2021-11-18T10:57:59+00:00\",\"dateModified\":\"2023-04-16T17:07:43+00:00\",\"description\":\"Magnifique chandelier Georg Jensen Swing en acier inoxydable brillant. La s\u00e9rie de chandeliers SWING s'inspire d'une fleur. Regardez ici pour notre collection\",\"breadcrumb\":{\"@id\":\"https:\\\/\\\/deenswonen.nl\\\/fr\\\/produit\\\/georg-jensen-swing-bougeoir-acier-inoxydable-brillant\\\/#breadcrumb\"},\"inLanguage\":\"fr-FR\",\"potentialAction\":[{\"@type\":\"ReadAction\",\"target\":[\"https:\\\/\\\/deenswonen.nl\\\/fr\\\/produit\\\/georg-jensen-swing-bougeoir-acier-inoxydable-brillant\\\/\"]}]},{\"@type\":\"ImageObject\",\"inLanguage\":\"fr-FR\",\"@id\":\"https:\\\/\\\/deenswonen.nl\\\/fr\\\/produit\\\/georg-jensen-swing-bougeoir-acier-inoxydable-brillant\\\/#primaryimage\",\"url\":\"https:\\\/\\\/i0.wp.com\\\/deenswonen.nl\\\/wp-content\\\/uploads\\\/2021\\\/11\\\/11963303-A04F-4057-B986-2C536C19FFBF.jpeg?fit=960%2C1280&ssl=1\",\"contentUrl\":\"https:\\\/\\\/i0.wp.com\\\/deenswonen.nl\\\/wp-content\\\/uploads\\\/2021\\\/11\\\/11963303-A04F-4057-B986-2C536C19FFBF.jpeg?fit=960%2C1280&ssl=1\",\"width\":960,\"height\":1280,\"caption\":\"Image du bougeoir Georg Jensen Swing en acier inoxydable brillant propos\u00e9 dans cette annonce\"},{\"@type\":\"BreadcrumbList\",\"@id\":\"https:\\\/\\\/deenswonen.nl\\\/fr\\\/produit\\\/georg-jensen-swing-bougeoir-acier-inoxydable-brillant\\\/#breadcrumb\",\"itemListElement\":[{\"@type\":\"ListItem\",\"position\":1,\"name\":\"Home\",\"item\":\"https:\\\/\\\/deenswonen.nl\\\/fr\\\/\"},{\"@type\":\"ListItem\",\"position\":2,\"name\":\"Winkel\",\"item\":\"https:\\\/\\\/deenswonen.nl\\\/winkel\\\/\"},{\"@type\":\"ListItem\",\"position\":3,\"name\":\"Georg Jensen Chandelier Swing acier inoxydable brillant\"}]},{\"@type\":\"WebSite\",\"@id\":\"https:\\\/\\\/deenswonen.nl\\\/fr\\\/#website\",\"url\":\"https:\\\/\\\/deenswonen.nl\\\/fr\\\/\",\"name\":\"Deens wonen\",\"description\":\"Accessoires de maison vintage scandinaves\",\"publisher\":{\"@id\":\"https:\\\/\\\/deenswonen.nl\\\/fr\\\/#organization\"},\"potentialAction\":[{\"@type\":\"SearchAction\",\"target\":{\"@type\":\"EntryPoint\",\"urlTemplate\":\"https:\\\/\\\/deenswonen.nl\\\/fr\\\/?s={search_term_string}\"},\"query-input\":{\"@type\":\"PropertyValueSpecification\",\"valueRequired\":true,\"valueName\":\"search_term_string\"}}],\"inLanguage\":\"fr-FR\"},{\"@type\":\"Organization\",\"@id\":\"https:\\\/\\\/deenswonen.nl\\\/fr\\\/#organization\",\"name\":\"Vie danoise\",\"url\":\"https:\\\/\\\/deenswonen.nl\\\/fr\\\/\",\"logo\":{\"@type\":\"ImageObject\",\"inLanguage\":\"fr-FR\",\"@id\":\"https:\\\/\\\/deenswonen.nl\\\/fr\\\/#\\\/schema\\\/logo\\\/image\\\/\",\"url\":\"https:\\\/\\\/i0.wp.com\\\/deenswonen.nl\\\/wp-content\\\/uploads\\\/2021\\\/11\\\/51ECE736-8380-4D65-ACA6-DE74174F3C35_1_201_a.jpeg?fit=1200%2C675&ssl=1\",\"contentUrl\":\"https:\\\/\\\/i0.wp.com\\\/deenswonen.nl\\\/wp-content\\\/uploads\\\/2021\\\/11\\\/51ECE736-8380-4D65-ACA6-DE74174F3C35_1_201_a.jpeg?fit=1200%2C675&ssl=1\",\"width\":1200,\"height\":675,\"caption\":\"Vie danoise\"},\"image\":{\"@id\":\"https:\\\/\\\/deenswonen.nl\\\/fr\\\/#\\\/schema\\\/logo\\\/image\\\/\"}}]}<\/script>\n<!-- \/ Yoast SEO plugin. -->","yoast_head_json":{"title":"Georg Jensen Chandelier Swing acier inoxydable brillant - Vie danoise","description":"Magnifique chandelier Georg Jensen Swing en acier inoxydable brillant. La s\u00e9rie de chandeliers SWING s'inspire d'une fleur. Regardez ici pour notre collection","robots":{"index":"index","follow":"follow","max-snippet":"max-snippet:-1","max-image-preview":"max-image-preview:large","max-video-preview":"max-video-preview:-1"},"canonical":"https:\/\/deenswonen.nl\/fr\/produit\/georg-jensen-swing-bougeoir-acier-inoxydable-brillant\/","og_locale":"fr_FR","og_type":"article","og_title":"Georg Jensen Chandelier Swing acier inoxydable brillant - Vie danoise","og_description":"Magnifique chandelier Georg Jensen Swing en acier inoxydable brillant. La s\u00e9rie de chandeliers SWING s'inspire d'une fleur. Regardez ici pour notre collection","og_url":"https:\/\/deenswonen.nl\/fr\/produit\/georg-jensen-swing-bougeoir-acier-inoxydable-brillant\/","og_site_name":"Vie danoise","article_modified_time":"2023-04-16T17:07:43+00:00","og_image":[{"width":960,"height":1280,"url":"https:\/\/deenswonen.nl\/wp-content\/uploads\/2021\/11\/11963303-A04F-4057-B986-2C536C19FFBF.jpeg","type":"image\/jpeg"}],"twitter_card":"summary_large_image","twitter_misc":{"Dur\u00e9e de lecture estim\u00e9e":"2 minutes"},"schema":{"@context":"https:\/\/schema.org","@graph":[{"@type":"WebPage","@id":"https:\/\/deenswonen.nl\/fr\/produit\/georg-jensen-swing-bougeoir-acier-inoxydable-brillant\/","url":"https:\/\/deenswonen.nl\/fr\/produit\/georg-jensen-swing-bougeoir-acier-inoxydable-brillant\/","name":"Georg Jensen Chandelier Swing acier inoxydable brillant - Vie danoise","isPartOf":{"@id":"https:\/\/deenswonen.nl\/fr\/#website"},"primaryImageOfPage":{"@id":"https:\/\/deenswonen.nl\/fr\/produit\/georg-jensen-swing-bougeoir-acier-inoxydable-brillant\/#primaryimage"},"image":{"@id":"https:\/\/deenswonen.nl\/fr\/produit\/georg-jensen-swing-bougeoir-acier-inoxydable-brillant\/#primaryimage"},"thumbnailUrl":"https:\/\/i0.wp.com\/deenswonen.nl\/wp-content\/uploads\/2021\/11\/11963303-A04F-4057-B986-2C536C19FFBF.jpeg?fit=960%2C1280&ssl=1","datePublished":"2021-11-18T10:57:59+00:00","dateModified":"2023-04-16T17:07:43+00:00","description":"Magnifique chandelier Georg Jensen Swing en acier inoxydable brillant. La s\u00e9rie de chandeliers SWING s'inspire d'une fleur. Regardez ici pour notre collection","breadcrumb":{"@id":"https:\/\/deenswonen.nl\/fr\/produit\/georg-jensen-swing-bougeoir-acier-inoxydable-brillant\/#breadcrumb"},"inLanguage":"fr-FR","potentialAction":[{"@type":"ReadAction","target":["https:\/\/deenswonen.nl\/fr\/produit\/georg-jensen-swing-bougeoir-acier-inoxydable-brillant\/"]}]},{"@type":"ImageObject","inLanguage":"fr-FR","@id":"https:\/\/deenswonen.nl\/fr\/produit\/georg-jensen-swing-bougeoir-acier-inoxydable-brillant\/#primaryimage","url":"https:\/\/i0.wp.com\/deenswonen.nl\/wp-content\/uploads\/2021\/11\/11963303-A04F-4057-B986-2C536C19FFBF.jpeg?fit=960%2C1280&ssl=1","contentUrl":"https:\/\/i0.wp.com\/deenswonen.nl\/wp-content\/uploads\/2021\/11\/11963303-A04F-4057-B986-2C536C19FFBF.jpeg?fit=960%2C1280&ssl=1","width":960,"height":1280,"caption":"Image du bougeoir Georg Jensen Swing en acier inoxydable brillant propos\u00e9 dans cette annonce"},{"@type":"BreadcrumbList","@id":"https:\/\/deenswonen.nl\/fr\/produit\/georg-jensen-swing-bougeoir-acier-inoxydable-brillant\/#breadcrumb","itemListElement":[{"@type":"ListItem","position":1,"name":"Home","item":"https:\/\/deenswonen.nl\/fr\/"},{"@type":"ListItem","position":2,"name":"Winkel","item":"https:\/\/deenswonen.nl\/winkel\/"},{"@type":"ListItem","position":3,"name":"Georg Jensen Chandelier Swing acier inoxydable brillant"}]},{"@type":"WebSite","@id":"https:\/\/deenswonen.nl\/fr\/#website","url":"https:\/\/deenswonen.nl\/fr\/","name":"Deens wonen","description":"Accessoires de maison vintage scandinaves","publisher":{"@id":"https:\/\/deenswonen.nl\/fr\/#organization"},"potentialAction":[{"@type":"SearchAction","target":{"@type":"EntryPoint","urlTemplate":"https:\/\/deenswonen.nl\/fr\/?s={search_term_string}"},"query-input":{"@type":"PropertyValueSpecification","valueRequired":true,"valueName":"search_term_string"}}],"inLanguage":"fr-FR"},{"@type":"Organization","@id":"https:\/\/deenswonen.nl\/fr\/#organization","name":"Vie danoise","url":"https:\/\/deenswonen.nl\/fr\/","logo":{"@type":"ImageObject","inLanguage":"fr-FR","@id":"https:\/\/deenswonen.nl\/fr\/#\/schema\/logo\/image\/","url":"https:\/\/i0.wp.com\/deenswonen.nl\/wp-content\/uploads\/2021\/11\/51ECE736-8380-4D65-ACA6-DE74174F3C35_1_201_a.jpeg?fit=1200%2C675&ssl=1","contentUrl":"https:\/\/i0.wp.com\/deenswonen.nl\/wp-content\/uploads\/2021\/11\/51ECE736-8380-4D65-ACA6-DE74174F3C35_1_201_a.jpeg?fit=1200%2C675&ssl=1","width":1200,"height":675,"caption":"Vie danoise"},"image":{"@id":"https:\/\/deenswonen.nl\/fr\/#\/schema\/logo\/image\/"}}]}},"jetpack_sharing_enabled":true,"_links":{"self":[{"href":"https:\/\/deenswonen.nl\/fr\/wp-json\/wp\/v2\/product\/11001","targetHints":{"allow":["GET"]}}],"collection":[{"href":"https:\/\/deenswonen.nl\/fr\/wp-json\/wp\/v2\/product"}],"about":[{"href":"https:\/\/deenswonen.nl\/fr\/wp-json\/wp\/v2\/types\/product"}],"wp:featuredmedia":[{"embeddable":true,"href":"https:\/\/deenswonen.nl\/fr\/wp-json\/wp\/v2\/media\/5172"}],"wp:attachment":[{"href":"https:\/\/deenswonen.nl\/fr\/wp-json\/wp\/v2\/media?parent=11001"}],"wp:term":[{"taxonomy":"product_brand","embeddable":true,"href":"https:\/\/deenswonen.nl\/fr\/wp-json\/wp\/v2\/product_brand?post=11001"},{"taxonomy":"product_cat","embeddable":true,"href":"https:\/\/deenswonen.nl\/fr\/wp-json\/wp\/v2\/product_cat?post=11001"},{"taxonomy":"product_tag","embeddable":true,"href":"https:\/\/deenswonen.nl\/fr\/wp-json\/wp\/v2\/product_tag?post=11001"}],"curies":[{"name":"wp","href":"https:\/\/api.w.org\/{rel}","templated":true}]}}