{"id":10959,"date":"2022-09-09T08:26:21","date_gmt":"2022-09-09T06:26:21","guid":{"rendered":"https:\/\/deenswonen.nl\/product\/raadvad-trancheuse-a-pain-blanche\/"},"modified":"2024-07-25T20:11:05","modified_gmt":"2024-07-25T18:11:05","slug":"raadvad-coupe-pain-blanc-2","status":"publish","type":"product","link":"https:\/\/deenswonen.nl\/fr\/produit\/raadvad-coupe-pain-blanc-2\/","title":{"rendered":"Raadvad trancheuse \u00e0 pain blanche"},"content":{"rendered":"<p class=\"p1\"><span class=\"s1\">Belle trancheuse \u00e0 pain de couleur blanche de la marque danoise Raadvad. Ces trancheuses \u00e0 pain sont un v\u00e9ritable accroche-regard dans votre cuisine. Gardez-les hors de port\u00e9e des enfants car le couteau est tranchant comme un rasoir !<\/span><\/p>\n<h2><strong>Utiliser Raadvad<\/strong><\/h2>\n<p>  Cette invention danoise est id\u00e9ale pour trancher le pain. Un Raadvad a une lame en acier inoxydable tranchante comme un rasoir et une planche en bois sur laquelle vous pouvez placer le pain. Ensuite, vous d\u00e9terminez l&rsquo;\u00e9paisseur de pain souhait\u00e9e et laissez la guillotine faire son travail. En plus du pain, le Raadvad convient \u00e9galement parfaitement pour couper des l\u00e9gumes, de la viande et du fromage, par exemple. Bien que le Raadvad soit encore utilis\u00e9 quotidiennement au Danemark, le Raadvad est souvent utilis\u00e9 comme d\u00e9coration aux Pays-Bas. Le Raadvad est un accroche-regard cool pour, par exemple, l&rsquo;industrie de la restauration, les magasins sp\u00e9cialis\u00e9s et les boulangers. Le design du Raadvad est un classique danois.  <\/p>\n<h2><strong>Sp\u00e9cifications Raadvad dans la couleur blanche<\/strong><\/h2>\n<p>  Ce coupe-pain est fabriqu\u00e9 en fonte et poss\u00e8de une lame tranchante en acier inoxydable, un manche en bois et des planches. Le Raadvad est \u00e9galement marqu\u00e9 dans la fonte et il a les timbres officiels de la marque dans le bois. Ce Raadvad en blanc a environ 15 ans et est en bon \u00e9tat avec des signes mineurs d&rsquo;utilisation ant\u00e9rieure. Lesmesures sont : <\/p>\n<ul>\n<li><span class=\"s1\">Hauteur : 24cm <\/span><\/li>\n<li><span class=\"s1\">Largeur : 35,5 cm <\/span><\/li>\n<\/ul>\n<h2><strong>Histoire Raadvad<\/strong><\/h2>\n<p>  En 1759, l\u2019usine Raadvaddam a \u00e9t\u00e9 fond\u00e9e dans la ville danoise de Raadvaddam. La manufacture ne se concentrait pas sur les produits de luxe, selon un catalogue de la manufacture de 1805, mais sur les biens utiles aux professionnels. Cette philosophie n&rsquo;a jamais chang\u00e9. Raadvad a commenc\u00e9 \u00e0 se sp\u00e9cialiser dans les produits de couteaux et trancheuses \u00e0 pain de tr\u00e8s bonne qualit\u00e9. Cela comprenait \u00e9galement un changement de nom, le nom de l&rsquo;usine a chang\u00e9 en : Raadvad Knife usines. L&rsquo;usine existe depuis plus de 250 ans et est internationalement connue pour sa haute qualit\u00e9. Ove Larsen a con\u00e7u la trancheuse \u00e0 pain Raadvad en 1939. Le design est maintenant une ic\u00f4ne du design danois ! Ce Raadvad a environ 30 ans, c&rsquo;est pourquoi nous vous demandons de bien regarder les photos. Cela vous donne une bonne impression de l&rsquo;\u00e9tat de la trancheuse \u00e0 pain. Nous avons plusieurs couleurs <strong><a href=\"https:\/\/deenswonen.nl\/product-categorie\/producten\/broodsnijders\/\">disponibles<\/a><\/strong>. Le Raadvad sera soigneusement emball\u00e9 et exp\u00e9di\u00e9 avec PostNL. Il est \u00e9galement possible de r\u00e9cup\u00e9rer le Raadvad \u00e0 Berkel en Rodenrijs sur rendez-vous.<\/p>\n","protected":false},"excerpt":{"rendered":"<p>Vous cherchez un accroche-regard cool dans votre cuisine ? Alors ce magnifique Raadvad est ce que vous recherchez.  <\/p>\n<ul>\n<li>Livraison internationale<\/li>\n<li>D\u00e9lai de r\u00e9flexion de 14 jours<\/li>\n<li>Photos authentiques<\/li>\n<\/ul>\n","protected":false},"featured_media":14907,"template":"","meta":[],"product_brand":[],"product_cat":[219,257,258,216],"product_tag":[212],"class_list":{"0":"post-10959","1":"product","2":"type-product","3":"status-publish","4":"has-post-thumbnail","6":"product_cat-populaire-fr","7":"product_cat-raadvad-fr","8":"product_cat-trancheuses-a-pain","9":"product_cat-vient-darriver-fr","10":"product_tag-blanche","11":"thunk-woo-product-list","12":"opn-qv-enable","13":"top-store-woo-hover-swap","14":"top-store-single-product-tab-horizontal","15":"top-store-shadow-","16":"top-store-shadow-hover-","17":"top-store-swap-item-hover","19":"first","20":"outofstock","21":"taxable","22":"shipping-taxable","23":"purchasable","24":"product-type-simple"},"yoast_head":"<!-- This site is optimized with the Yoast SEO plugin v27.3 - https:\/\/yoast.com\/product\/yoast-seo-wordpress\/ -->\n<title>Raadvad trancheuse \u00e0 pain blanche - Vie danoise<\/title>\n<meta name=\"description\" content=\"Belle trancheuse \u00e0 pain de couleur blanche de la marque danoise Raadvad. Ces trancheuses \u00e0 pain sont un v\u00e9ritable accroche-regard dans votre cuisine. Regardez ici\" \/>\n<meta name=\"robots\" content=\"index, follow, max-snippet:-1, max-image-preview:large, max-video-preview:-1\" \/>\n<link rel=\"canonical\" href=\"https:\/\/deenswonen.nl\/fr\/produit\/raadvad-coupe-pain-blanc-2\/\" \/>\n<meta property=\"og:locale\" content=\"fr_FR\" \/>\n<meta property=\"og:type\" content=\"article\" \/>\n<meta property=\"og:title\" content=\"Raadvad trancheuse \u00e0 pain blanche - Vie danoise\" \/>\n<meta property=\"og:description\" content=\"Belle trancheuse \u00e0 pain de couleur blanche de la marque danoise Raadvad. Ces trancheuses \u00e0 pain sont un v\u00e9ritable accroche-regard dans votre cuisine. Regardez ici\" \/>\n<meta property=\"og:url\" content=\"https:\/\/deenswonen.nl\/fr\/produit\/raadvad-coupe-pain-blanc-2\/\" \/>\n<meta property=\"og:site_name\" content=\"Vie danoise\" \/>\n<meta property=\"article:modified_time\" content=\"2024-07-25T18:11:05+00:00\" \/>\n<meta property=\"og:image\" content=\"https:\/\/deenswonen.nl\/wp-content\/uploads\/2022\/09\/F1D7FD92-31FC-407A-B802-9F2A124D84AE-1.jpeg\" \/>\n\t<meta property=\"og:image:width\" content=\"640\" \/>\n\t<meta property=\"og:image:height\" content=\"480\" \/>\n\t<meta property=\"og:image:type\" content=\"image\/jpeg\" \/>\n<meta name=\"twitter:card\" content=\"summary_large_image\" \/>\n<meta name=\"twitter:label1\" content=\"Dur\u00e9e de lecture estim\u00e9e\" \/>\n\t<meta name=\"twitter:data1\" content=\"2 minutes\" \/>\n<script type=\"application\/ld+json\" class=\"yoast-schema-graph\">{\"@context\":\"https:\\\/\\\/schema.org\",\"@graph\":[{\"@type\":\"WebPage\",\"@id\":\"https:\\\/\\\/deenswonen.nl\\\/fr\\\/produit\\\/raadvad-coupe-pain-blanc-2\\\/\",\"url\":\"https:\\\/\\\/deenswonen.nl\\\/fr\\\/produit\\\/raadvad-coupe-pain-blanc-2\\\/\",\"name\":\"Raadvad trancheuse \u00e0 pain blanche - Vie danoise\",\"isPartOf\":{\"@id\":\"https:\\\/\\\/deenswonen.nl\\\/fr\\\/#website\"},\"primaryImageOfPage\":{\"@id\":\"https:\\\/\\\/deenswonen.nl\\\/fr\\\/produit\\\/raadvad-coupe-pain-blanc-2\\\/#primaryimage\"},\"image\":{\"@id\":\"https:\\\/\\\/deenswonen.nl\\\/fr\\\/produit\\\/raadvad-coupe-pain-blanc-2\\\/#primaryimage\"},\"thumbnailUrl\":\"https:\\\/\\\/i0.wp.com\\\/deenswonen.nl\\\/wp-content\\\/uploads\\\/2022\\\/09\\\/IMG_7517-kopieren-scaled.jpg?fit=2560%2C1920&ssl=1\",\"datePublished\":\"2022-09-09T06:26:21+00:00\",\"dateModified\":\"2024-07-25T18:11:05+00:00\",\"description\":\"Belle trancheuse \u00e0 pain de couleur blanche de la marque danoise Raadvad. Ces trancheuses \u00e0 pain sont un v\u00e9ritable accroche-regard dans votre cuisine. Regardez ici\",\"breadcrumb\":{\"@id\":\"https:\\\/\\\/deenswonen.nl\\\/fr\\\/produit\\\/raadvad-coupe-pain-blanc-2\\\/#breadcrumb\"},\"inLanguage\":\"fr-FR\",\"potentialAction\":[{\"@type\":\"ReadAction\",\"target\":[\"https:\\\/\\\/deenswonen.nl\\\/fr\\\/produit\\\/raadvad-coupe-pain-blanc-2\\\/\"]}]},{\"@type\":\"ImageObject\",\"inLanguage\":\"fr-FR\",\"@id\":\"https:\\\/\\\/deenswonen.nl\\\/fr\\\/produit\\\/raadvad-coupe-pain-blanc-2\\\/#primaryimage\",\"url\":\"https:\\\/\\\/i0.wp.com\\\/deenswonen.nl\\\/wp-content\\\/uploads\\\/2022\\\/09\\\/IMG_7517-kopieren-scaled.jpg?fit=2560%2C1920&ssl=1\",\"contentUrl\":\"https:\\\/\\\/i0.wp.com\\\/deenswonen.nl\\\/wp-content\\\/uploads\\\/2022\\\/09\\\/IMG_7517-kopieren-scaled.jpg?fit=2560%2C1920&ssl=1\",\"width\":2560,\"height\":1920,\"caption\":\"Raadvad broodsnijder wit\"},{\"@type\":\"BreadcrumbList\",\"@id\":\"https:\\\/\\\/deenswonen.nl\\\/fr\\\/produit\\\/raadvad-coupe-pain-blanc-2\\\/#breadcrumb\",\"itemListElement\":[{\"@type\":\"ListItem\",\"position\":1,\"name\":\"Home\",\"item\":\"https:\\\/\\\/deenswonen.nl\\\/fr\\\/\"},{\"@type\":\"ListItem\",\"position\":2,\"name\":\"Winkel\",\"item\":\"https:\\\/\\\/deenswonen.nl\\\/winkel\\\/\"},{\"@type\":\"ListItem\",\"position\":3,\"name\":\"Raadvad trancheuse \u00e0 pain blanche\"}]},{\"@type\":\"WebSite\",\"@id\":\"https:\\\/\\\/deenswonen.nl\\\/fr\\\/#website\",\"url\":\"https:\\\/\\\/deenswonen.nl\\\/fr\\\/\",\"name\":\"Deens wonen\",\"description\":\"Accessoires de maison vintage scandinaves\",\"publisher\":{\"@id\":\"https:\\\/\\\/deenswonen.nl\\\/fr\\\/#organization\"},\"potentialAction\":[{\"@type\":\"SearchAction\",\"target\":{\"@type\":\"EntryPoint\",\"urlTemplate\":\"https:\\\/\\\/deenswonen.nl\\\/fr\\\/?s={search_term_string}\"},\"query-input\":{\"@type\":\"PropertyValueSpecification\",\"valueRequired\":true,\"valueName\":\"search_term_string\"}}],\"inLanguage\":\"fr-FR\"},{\"@type\":\"Organization\",\"@id\":\"https:\\\/\\\/deenswonen.nl\\\/fr\\\/#organization\",\"name\":\"Vie danoise\",\"url\":\"https:\\\/\\\/deenswonen.nl\\\/fr\\\/\",\"logo\":{\"@type\":\"ImageObject\",\"inLanguage\":\"fr-FR\",\"@id\":\"https:\\\/\\\/deenswonen.nl\\\/fr\\\/#\\\/schema\\\/logo\\\/image\\\/\",\"url\":\"https:\\\/\\\/i0.wp.com\\\/deenswonen.nl\\\/wp-content\\\/uploads\\\/2021\\\/11\\\/51ECE736-8380-4D65-ACA6-DE74174F3C35_1_201_a.jpeg?fit=1200%2C675&ssl=1\",\"contentUrl\":\"https:\\\/\\\/i0.wp.com\\\/deenswonen.nl\\\/wp-content\\\/uploads\\\/2021\\\/11\\\/51ECE736-8380-4D65-ACA6-DE74174F3C35_1_201_a.jpeg?fit=1200%2C675&ssl=1\",\"width\":1200,\"height\":675,\"caption\":\"Vie danoise\"},\"image\":{\"@id\":\"https:\\\/\\\/deenswonen.nl\\\/fr\\\/#\\\/schema\\\/logo\\\/image\\\/\"}}]}<\/script>\n<!-- \/ Yoast SEO plugin. -->","yoast_head_json":{"title":"Raadvad trancheuse \u00e0 pain blanche - Vie danoise","description":"Belle trancheuse \u00e0 pain de couleur blanche de la marque danoise Raadvad. Ces trancheuses \u00e0 pain sont un v\u00e9ritable accroche-regard dans votre cuisine. Regardez ici","robots":{"index":"index","follow":"follow","max-snippet":"max-snippet:-1","max-image-preview":"max-image-preview:large","max-video-preview":"max-video-preview:-1"},"canonical":"https:\/\/deenswonen.nl\/fr\/produit\/raadvad-coupe-pain-blanc-2\/","og_locale":"fr_FR","og_type":"article","og_title":"Raadvad trancheuse \u00e0 pain blanche - Vie danoise","og_description":"Belle trancheuse \u00e0 pain de couleur blanche de la marque danoise Raadvad. Ces trancheuses \u00e0 pain sont un v\u00e9ritable accroche-regard dans votre cuisine. Regardez ici","og_url":"https:\/\/deenswonen.nl\/fr\/produit\/raadvad-coupe-pain-blanc-2\/","og_site_name":"Vie danoise","article_modified_time":"2024-07-25T18:11:05+00:00","og_image":[{"width":640,"height":480,"url":"https:\/\/deenswonen.nl\/wp-content\/uploads\/2022\/09\/F1D7FD92-31FC-407A-B802-9F2A124D84AE-1.jpeg","type":"image\/jpeg"}],"twitter_card":"summary_large_image","twitter_misc":{"Dur\u00e9e de lecture estim\u00e9e":"2 minutes"},"schema":{"@context":"https:\/\/schema.org","@graph":[{"@type":"WebPage","@id":"https:\/\/deenswonen.nl\/fr\/produit\/raadvad-coupe-pain-blanc-2\/","url":"https:\/\/deenswonen.nl\/fr\/produit\/raadvad-coupe-pain-blanc-2\/","name":"Raadvad trancheuse \u00e0 pain blanche - Vie danoise","isPartOf":{"@id":"https:\/\/deenswonen.nl\/fr\/#website"},"primaryImageOfPage":{"@id":"https:\/\/deenswonen.nl\/fr\/produit\/raadvad-coupe-pain-blanc-2\/#primaryimage"},"image":{"@id":"https:\/\/deenswonen.nl\/fr\/produit\/raadvad-coupe-pain-blanc-2\/#primaryimage"},"thumbnailUrl":"https:\/\/i0.wp.com\/deenswonen.nl\/wp-content\/uploads\/2022\/09\/IMG_7517-kopieren-scaled.jpg?fit=2560%2C1920&ssl=1","datePublished":"2022-09-09T06:26:21+00:00","dateModified":"2024-07-25T18:11:05+00:00","description":"Belle trancheuse \u00e0 pain de couleur blanche de la marque danoise Raadvad. Ces trancheuses \u00e0 pain sont un v\u00e9ritable accroche-regard dans votre cuisine. Regardez ici","breadcrumb":{"@id":"https:\/\/deenswonen.nl\/fr\/produit\/raadvad-coupe-pain-blanc-2\/#breadcrumb"},"inLanguage":"fr-FR","potentialAction":[{"@type":"ReadAction","target":["https:\/\/deenswonen.nl\/fr\/produit\/raadvad-coupe-pain-blanc-2\/"]}]},{"@type":"ImageObject","inLanguage":"fr-FR","@id":"https:\/\/deenswonen.nl\/fr\/produit\/raadvad-coupe-pain-blanc-2\/#primaryimage","url":"https:\/\/i0.wp.com\/deenswonen.nl\/wp-content\/uploads\/2022\/09\/IMG_7517-kopieren-scaled.jpg?fit=2560%2C1920&ssl=1","contentUrl":"https:\/\/i0.wp.com\/deenswonen.nl\/wp-content\/uploads\/2022\/09\/IMG_7517-kopieren-scaled.jpg?fit=2560%2C1920&ssl=1","width":2560,"height":1920,"caption":"Raadvad broodsnijder wit"},{"@type":"BreadcrumbList","@id":"https:\/\/deenswonen.nl\/fr\/produit\/raadvad-coupe-pain-blanc-2\/#breadcrumb","itemListElement":[{"@type":"ListItem","position":1,"name":"Home","item":"https:\/\/deenswonen.nl\/fr\/"},{"@type":"ListItem","position":2,"name":"Winkel","item":"https:\/\/deenswonen.nl\/winkel\/"},{"@type":"ListItem","position":3,"name":"Raadvad trancheuse \u00e0 pain blanche"}]},{"@type":"WebSite","@id":"https:\/\/deenswonen.nl\/fr\/#website","url":"https:\/\/deenswonen.nl\/fr\/","name":"Deens wonen","description":"Accessoires de maison vintage scandinaves","publisher":{"@id":"https:\/\/deenswonen.nl\/fr\/#organization"},"potentialAction":[{"@type":"SearchAction","target":{"@type":"EntryPoint","urlTemplate":"https:\/\/deenswonen.nl\/fr\/?s={search_term_string}"},"query-input":{"@type":"PropertyValueSpecification","valueRequired":true,"valueName":"search_term_string"}}],"inLanguage":"fr-FR"},{"@type":"Organization","@id":"https:\/\/deenswonen.nl\/fr\/#organization","name":"Vie danoise","url":"https:\/\/deenswonen.nl\/fr\/","logo":{"@type":"ImageObject","inLanguage":"fr-FR","@id":"https:\/\/deenswonen.nl\/fr\/#\/schema\/logo\/image\/","url":"https:\/\/i0.wp.com\/deenswonen.nl\/wp-content\/uploads\/2021\/11\/51ECE736-8380-4D65-ACA6-DE74174F3C35_1_201_a.jpeg?fit=1200%2C675&ssl=1","contentUrl":"https:\/\/i0.wp.com\/deenswonen.nl\/wp-content\/uploads\/2021\/11\/51ECE736-8380-4D65-ACA6-DE74174F3C35_1_201_a.jpeg?fit=1200%2C675&ssl=1","width":1200,"height":675,"caption":"Vie danoise"},"image":{"@id":"https:\/\/deenswonen.nl\/fr\/#\/schema\/logo\/image\/"}}]}},"jetpack_sharing_enabled":true,"_links":{"self":[{"href":"https:\/\/deenswonen.nl\/fr\/wp-json\/wp\/v2\/product\/10959","targetHints":{"allow":["GET"]}}],"collection":[{"href":"https:\/\/deenswonen.nl\/fr\/wp-json\/wp\/v2\/product"}],"about":[{"href":"https:\/\/deenswonen.nl\/fr\/wp-json\/wp\/v2\/types\/product"}],"wp:featuredmedia":[{"embeddable":true,"href":"https:\/\/deenswonen.nl\/fr\/wp-json\/wp\/v2\/media\/14907"}],"wp:attachment":[{"href":"https:\/\/deenswonen.nl\/fr\/wp-json\/wp\/v2\/media?parent=10959"}],"wp:term":[{"taxonomy":"product_brand","embeddable":true,"href":"https:\/\/deenswonen.nl\/fr\/wp-json\/wp\/v2\/product_brand?post=10959"},{"taxonomy":"product_cat","embeddable":true,"href":"https:\/\/deenswonen.nl\/fr\/wp-json\/wp\/v2\/product_cat?post=10959"},{"taxonomy":"product_tag","embeddable":true,"href":"https:\/\/deenswonen.nl\/fr\/wp-json\/wp\/v2\/product_tag?post=10959"}],"curies":[{"name":"wp","href":"https:\/\/api.w.org\/{rel}","templated":true}]}}