{"id":10849,"date":"2023-03-01T14:15:10","date_gmt":"2023-03-01T13:15:10","guid":{"rendered":"https:\/\/deenswonen.nl\/?post_type=product&#038;p=10849"},"modified":"2023-12-20T07:12:40","modified_gmt":"2023-12-20T06:12:40","slug":"iittala-kivi-mood-light-80-mm-bleu-clair","status":"publish","type":"product","link":"https:\/\/deenswonen.nl\/fr\/produit\/iittala-kivi-mood-light-80-mm-bleu-clair\/","title":{"rendered":"Iittala Kivi lumi\u00e8re d&rsquo;ambiance 80 mm bleu clair"},"content":{"rendered":"<h2 class=\"tw-data-text tw-text-large XcVN5d tw-ta\" dir=\"ltr\" data-placeholder=\"Vertaling\">Iittala Kivi lumi\u00e8re d&rsquo;ambiance 80 mm bleu clair<\/h2>\n<p class=\"tw-data-text tw-text-large XcVN5d tw-ta\" dir=\"ltr\" data-placeholder=\"Vertaling\">Belle lumi\u00e8re d&rsquo;ambiance Iittala Kivi 80 mm de couleur bleu clair. Les kivis iittala sont press\u00e9s \u00e0 la main dans la verrerie d&rsquo;Iittala en Finlande. Ils ont \u00e9galement \u00e9t\u00e9 publi\u00e9s dans une large gamme de couleurs. Iittala produit chaque kivi selon sa propre recette de verre d\u00e9velopp\u00e9e pour cette couleur. Cela donne au verre \u00e9pais une douce lueur. Cela ajoute une atmosph\u00e8re chaleureuse \u00e0 n&rsquo;importe quel int\u00e9rieur. De plus, les lumi\u00e8res d&rsquo;ambiance en bas sont marqu\u00e9es Mari Mekko.<\/p>\n<p>Cette lumi\u00e8re d&rsquo;ambiance Kivi en verre bleu clair souligne le design simple et \u00e9l\u00e9gant de ce porte-bougie. Combineer bijvoorbeeld meerdere kivi&rsquo;s van verschillende kleuren met elkaar. Cela vous permet de concevoir votre propre environnement scandinave. La lumi\u00e8re d&rsquo;ambiance Iittala Kivi 80 mm ajoute un \u00e9l\u00e9ment subtil \u00e0 n&rsquo;importe quel int\u00e9rieur. Vous cr\u00e9ez ainsi une ambiance douce. C&rsquo;est donc un cadeau parfait pour les mariages, les anniversaires ou les anniversaires. La lumi\u00e8re d&rsquo;ambiance convient aux bougies chauffe-plat.<\/p>\n<h2>Conception <span lang=\"nl\">Iittala Kivic<\/span><\/h2>\n<p>Le nom Kivi vient du mot finlandais pour pierre. Ces petits bijoux de lumi\u00e8re ont \u00e9t\u00e9 con\u00e7us par Heikki Orvola en 1988. Les kivis enrichissent la lumi\u00e8re de la flamme et rendent la lumi\u00e8re encore plus intense. La particularit\u00e9 des iittala Kivis est qu&rsquo;ils sont faits de verre color\u00e9 de part en part. Ceci est en contraste avec d&rsquo;autres photophores o\u00f9 le verre est peint \u00e0 l&rsquo;ext\u00e9rieur. La technique du verre color\u00e9 de part en part permet d&rsquo;obtenir une couleur particuli\u00e8rement riche.<\/p>\n<h2 class=\"tw-data-text tw-text-large XcVN5d tw-ta\" dir=\"ltr\" data-placeholder=\"Vertaling\"><span lang=\"nl\">Caract\u00e9ristiques <\/span><\/h2>\n<p class=\"tw-data-text tw-text-large XcVN5d tw-ta\" dir=\"ltr\" data-placeholder=\"Vertaling\"><span lang=\"nl\">Cette belle lumi\u00e8re d&rsquo;ambiance est en bon \u00e9tat. La version 80 mm est assez rare et n&rsquo;est plus produite. <\/span><span lang=\"nl\">La lumi\u00e8re d&rsquo;ambiance n&rsquo;a aucun dommage ni \u00e9clat.<\/span><\/p>\n<p>Cette lumi\u00e8re d&rsquo;ambiance a environ 10 ans, c&rsquo;est pourquoi nous vous demandons de bien regarder les photos. Cela vous donnera une bonne impression de l&rsquo;\u00e9tat de la lumi\u00e8re d&rsquo;ambiance. Nous pouvons avoir plusieurs couleurs et tailles de lampes d&rsquo;ambiance Kivi <strong><a href=\"https:\/\/deenswonen.nl\/product-categorie\/merken\/iittala\/\">disponibles<\/a><\/strong> .<\/p>\n<p>Nous exp\u00e9dions tous nos produits soigneusement emball\u00e9s avec Post NL. Nos produits peuvent \u00e9galement \u00eatre retir\u00e9s sur rendez-vous \u00e0 Berkel en Rodenrijs.<\/p>\n","protected":false},"excerpt":{"rendered":"<p>Le nom Kivi vient du mot finlandais pour pierre. Ces petits bijoux de lumi\u00e8re ont \u00e9t\u00e9 con\u00e7us par Heikki Orvola en 1988.<\/p>\n<p>&nbsp;<\/p>\n<ul>\n<li><strong>Conception scandinave<\/strong><\/li>\n<li><strong>Livraison internationale<\/strong><\/li>\n<li><strong>D\u00e9lai de r\u00e9flexion de 14 jours<\/strong><\/li>\n<\/ul>\n","protected":false},"featured_media":10853,"template":"","meta":[],"product_brand":[],"product_cat":[217,211,219,216],"product_tag":[372],"class_list":{"0":"post-10849","1":"product","2":"type-product","3":"status-publish","4":"has-post-thumbnail","6":"product_cat-chandeliers","7":"product_cat-iittala-fr","8":"product_cat-populaire-fr","9":"product_cat-vient-darriver-fr","10":"product_tag-bleu-clair","11":"thunk-woo-product-list","12":"opn-qv-enable","13":"top-store-woo-hover-swap","14":"top-store-single-product-tab-horizontal","15":"top-store-shadow-","16":"top-store-shadow-hover-","17":"top-store-swap-item-hover","19":"first","20":"instock","21":"taxable","22":"shipping-taxable","23":"purchasable","24":"product-type-simple"},"yoast_head":"<!-- This site is optimized with the Yoast SEO plugin v27.6 - https:\/\/yoast.com\/product\/yoast-seo-wordpress\/ -->\n<title>Iittala Kivi lumi\u00e8re d&#039;ambiance 80 mm bleu clair - Vie danoise<\/title>\n<meta name=\"description\" content=\"La lumi\u00e8re d&#039;ambiance Iittala Kivi bleu clair 80 mm accentue le design simple et \u00e9l\u00e9gant de ce photophore. \u221aExp\u00e9dition rapide\" \/>\n<meta name=\"robots\" content=\"index, follow, max-snippet:-1, max-image-preview:large, max-video-preview:-1\" \/>\n<link rel=\"canonical\" href=\"https:\/\/deenswonen.nl\/fr\/produit\/iittala-kivi-mood-light-80-mm-bleu-clair\/\" \/>\n<meta property=\"og:locale\" content=\"fr_FR\" \/>\n<meta property=\"og:type\" content=\"article\" \/>\n<meta property=\"og:title\" content=\"Iittala Kivi lumi\u00e8re d&#039;ambiance 80 mm bleu clair - Vie danoise\" \/>\n<meta property=\"og:description\" content=\"La lumi\u00e8re d&#039;ambiance Iittala Kivi bleu clair 80 mm accentue le design simple et \u00e9l\u00e9gant de ce photophore. \u221aExp\u00e9dition rapide\" \/>\n<meta property=\"og:url\" content=\"https:\/\/deenswonen.nl\/fr\/produit\/iittala-kivi-mood-light-80-mm-bleu-clair\/\" \/>\n<meta property=\"og:site_name\" content=\"Vie danoise\" \/>\n<meta property=\"article:modified_time\" content=\"2023-12-20T06:12:40+00:00\" \/>\n<meta property=\"og:image\" content=\"https:\/\/deenswonen.nl\/wp-content\/uploads\/2023\/03\/Optimized-IMG_2072-2.jpeg\" \/>\n\t<meta property=\"og:image:width\" content=\"675\" \/>\n\t<meta property=\"og:image:height\" content=\"900\" \/>\n\t<meta property=\"og:image:type\" content=\"image\/jpeg\" \/>\n<meta name=\"twitter:card\" content=\"summary_large_image\" \/>\n<meta name=\"twitter:label1\" content=\"Dur\u00e9e de lecture estim\u00e9e\" \/>\n\t<meta name=\"twitter:data1\" content=\"2 minutes\" \/>\n<script type=\"application\/ld+json\" class=\"yoast-schema-graph\">{\"@context\":\"https:\\\/\\\/schema.org\",\"@graph\":[{\"@type\":\"WebPage\",\"@id\":\"https:\\\/\\\/deenswonen.nl\\\/fr\\\/produit\\\/iittala-kivi-mood-light-80-mm-bleu-clair\\\/\",\"url\":\"https:\\\/\\\/deenswonen.nl\\\/fr\\\/produit\\\/iittala-kivi-mood-light-80-mm-bleu-clair\\\/\",\"name\":\"Iittala Kivi lumi\u00e8re d'ambiance 80 mm bleu clair - Vie danoise\",\"isPartOf\":{\"@id\":\"https:\\\/\\\/deenswonen.nl\\\/fr\\\/#website\"},\"primaryImageOfPage\":{\"@id\":\"https:\\\/\\\/deenswonen.nl\\\/fr\\\/produit\\\/iittala-kivi-mood-light-80-mm-bleu-clair\\\/#primaryimage\"},\"image\":{\"@id\":\"https:\\\/\\\/deenswonen.nl\\\/fr\\\/produit\\\/iittala-kivi-mood-light-80-mm-bleu-clair\\\/#primaryimage\"},\"thumbnailUrl\":\"https:\\\/\\\/i0.wp.com\\\/deenswonen.nl\\\/wp-content\\\/uploads\\\/2023\\\/03\\\/Optimized-IMG_2072-2.jpeg?fit=675%2C900&ssl=1\",\"datePublished\":\"2023-03-01T13:15:10+00:00\",\"dateModified\":\"2023-12-20T06:12:40+00:00\",\"description\":\"La lumi\u00e8re d'ambiance Iittala Kivi bleu clair 80 mm accentue le design simple et \u00e9l\u00e9gant de ce photophore. \u221aExp\u00e9dition rapide\",\"breadcrumb\":{\"@id\":\"https:\\\/\\\/deenswonen.nl\\\/fr\\\/produit\\\/iittala-kivi-mood-light-80-mm-bleu-clair\\\/#breadcrumb\"},\"inLanguage\":\"fr-FR\",\"potentialAction\":[{\"@type\":\"ReadAction\",\"target\":[\"https:\\\/\\\/deenswonen.nl\\\/fr\\\/produit\\\/iittala-kivi-mood-light-80-mm-bleu-clair\\\/\"]}]},{\"@type\":\"ImageObject\",\"inLanguage\":\"fr-FR\",\"@id\":\"https:\\\/\\\/deenswonen.nl\\\/fr\\\/produit\\\/iittala-kivi-mood-light-80-mm-bleu-clair\\\/#primaryimage\",\"url\":\"https:\\\/\\\/i0.wp.com\\\/deenswonen.nl\\\/wp-content\\\/uploads\\\/2023\\\/03\\\/Optimized-IMG_2072-2.jpeg?fit=675%2C900&ssl=1\",\"contentUrl\":\"https:\\\/\\\/i0.wp.com\\\/deenswonen.nl\\\/wp-content\\\/uploads\\\/2023\\\/03\\\/Optimized-IMG_2072-2.jpeg?fit=675%2C900&ssl=1\",\"width\":675,\"height\":900,\"caption\":\"Image de la lampe d'ambiance Iittala Kivi 80mm bleu clair propos\u00e9e dans cette publicit\u00e9.\"},{\"@type\":\"BreadcrumbList\",\"@id\":\"https:\\\/\\\/deenswonen.nl\\\/fr\\\/produit\\\/iittala-kivi-mood-light-80-mm-bleu-clair\\\/#breadcrumb\",\"itemListElement\":[{\"@type\":\"ListItem\",\"position\":1,\"name\":\"Home\",\"item\":\"https:\\\/\\\/deenswonen.nl\\\/fr\\\/\"},{\"@type\":\"ListItem\",\"position\":2,\"name\":\"Winkel\",\"item\":\"https:\\\/\\\/deenswonen.nl\\\/winkel\\\/\"},{\"@type\":\"ListItem\",\"position\":3,\"name\":\"Iittala Kivi lumi\u00e8re d&#8217;ambiance 80 mm bleu clair\"}]},{\"@type\":\"WebSite\",\"@id\":\"https:\\\/\\\/deenswonen.nl\\\/fr\\\/#website\",\"url\":\"https:\\\/\\\/deenswonen.nl\\\/fr\\\/\",\"name\":\"Deens wonen\",\"description\":\"Accessoires de maison vintage scandinaves\",\"publisher\":{\"@id\":\"https:\\\/\\\/deenswonen.nl\\\/fr\\\/#organization\"},\"potentialAction\":[{\"@type\":\"SearchAction\",\"target\":{\"@type\":\"EntryPoint\",\"urlTemplate\":\"https:\\\/\\\/deenswonen.nl\\\/fr\\\/?s={search_term_string}\"},\"query-input\":{\"@type\":\"PropertyValueSpecification\",\"valueRequired\":true,\"valueName\":\"search_term_string\"}}],\"inLanguage\":\"fr-FR\"},{\"@type\":\"Organization\",\"@id\":\"https:\\\/\\\/deenswonen.nl\\\/fr\\\/#organization\",\"name\":\"Vie danoise\",\"url\":\"https:\\\/\\\/deenswonen.nl\\\/fr\\\/\",\"logo\":{\"@type\":\"ImageObject\",\"inLanguage\":\"fr-FR\",\"@id\":\"https:\\\/\\\/deenswonen.nl\\\/fr\\\/#\\\/schema\\\/logo\\\/image\\\/\",\"url\":\"https:\\\/\\\/i0.wp.com\\\/deenswonen.nl\\\/wp-content\\\/uploads\\\/2021\\\/11\\\/51ECE736-8380-4D65-ACA6-DE74174F3C35_1_201_a.jpeg?fit=1200%2C675&ssl=1\",\"contentUrl\":\"https:\\\/\\\/i0.wp.com\\\/deenswonen.nl\\\/wp-content\\\/uploads\\\/2021\\\/11\\\/51ECE736-8380-4D65-ACA6-DE74174F3C35_1_201_a.jpeg?fit=1200%2C675&ssl=1\",\"width\":1200,\"height\":675,\"caption\":\"Vie danoise\"},\"image\":{\"@id\":\"https:\\\/\\\/deenswonen.nl\\\/fr\\\/#\\\/schema\\\/logo\\\/image\\\/\"}}]}<\/script>\n<!-- \/ Yoast SEO plugin. -->","yoast_head_json":{"title":"Iittala Kivi lumi\u00e8re d'ambiance 80 mm bleu clair - Vie danoise","description":"La lumi\u00e8re d'ambiance Iittala Kivi bleu clair 80 mm accentue le design simple et \u00e9l\u00e9gant de ce photophore. \u221aExp\u00e9dition rapide","robots":{"index":"index","follow":"follow","max-snippet":"max-snippet:-1","max-image-preview":"max-image-preview:large","max-video-preview":"max-video-preview:-1"},"canonical":"https:\/\/deenswonen.nl\/fr\/produit\/iittala-kivi-mood-light-80-mm-bleu-clair\/","og_locale":"fr_FR","og_type":"article","og_title":"Iittala Kivi lumi\u00e8re d'ambiance 80 mm bleu clair - Vie danoise","og_description":"La lumi\u00e8re d'ambiance Iittala Kivi bleu clair 80 mm accentue le design simple et \u00e9l\u00e9gant de ce photophore. \u221aExp\u00e9dition rapide","og_url":"https:\/\/deenswonen.nl\/fr\/produit\/iittala-kivi-mood-light-80-mm-bleu-clair\/","og_site_name":"Vie danoise","article_modified_time":"2023-12-20T06:12:40+00:00","og_image":[{"width":675,"height":900,"url":"https:\/\/deenswonen.nl\/wp-content\/uploads\/2023\/03\/Optimized-IMG_2072-2.jpeg","type":"image\/jpeg"}],"twitter_card":"summary_large_image","twitter_misc":{"Dur\u00e9e de lecture estim\u00e9e":"2 minutes"},"schema":{"@context":"https:\/\/schema.org","@graph":[{"@type":"WebPage","@id":"https:\/\/deenswonen.nl\/fr\/produit\/iittala-kivi-mood-light-80-mm-bleu-clair\/","url":"https:\/\/deenswonen.nl\/fr\/produit\/iittala-kivi-mood-light-80-mm-bleu-clair\/","name":"Iittala Kivi lumi\u00e8re d'ambiance 80 mm bleu clair - Vie danoise","isPartOf":{"@id":"https:\/\/deenswonen.nl\/fr\/#website"},"primaryImageOfPage":{"@id":"https:\/\/deenswonen.nl\/fr\/produit\/iittala-kivi-mood-light-80-mm-bleu-clair\/#primaryimage"},"image":{"@id":"https:\/\/deenswonen.nl\/fr\/produit\/iittala-kivi-mood-light-80-mm-bleu-clair\/#primaryimage"},"thumbnailUrl":"https:\/\/i0.wp.com\/deenswonen.nl\/wp-content\/uploads\/2023\/03\/Optimized-IMG_2072-2.jpeg?fit=675%2C900&ssl=1","datePublished":"2023-03-01T13:15:10+00:00","dateModified":"2023-12-20T06:12:40+00:00","description":"La lumi\u00e8re d'ambiance Iittala Kivi bleu clair 80 mm accentue le design simple et \u00e9l\u00e9gant de ce photophore. \u221aExp\u00e9dition rapide","breadcrumb":{"@id":"https:\/\/deenswonen.nl\/fr\/produit\/iittala-kivi-mood-light-80-mm-bleu-clair\/#breadcrumb"},"inLanguage":"fr-FR","potentialAction":[{"@type":"ReadAction","target":["https:\/\/deenswonen.nl\/fr\/produit\/iittala-kivi-mood-light-80-mm-bleu-clair\/"]}]},{"@type":"ImageObject","inLanguage":"fr-FR","@id":"https:\/\/deenswonen.nl\/fr\/produit\/iittala-kivi-mood-light-80-mm-bleu-clair\/#primaryimage","url":"https:\/\/i0.wp.com\/deenswonen.nl\/wp-content\/uploads\/2023\/03\/Optimized-IMG_2072-2.jpeg?fit=675%2C900&ssl=1","contentUrl":"https:\/\/i0.wp.com\/deenswonen.nl\/wp-content\/uploads\/2023\/03\/Optimized-IMG_2072-2.jpeg?fit=675%2C900&ssl=1","width":675,"height":900,"caption":"Image de la lampe d'ambiance Iittala Kivi 80mm bleu clair propos\u00e9e dans cette publicit\u00e9."},{"@type":"BreadcrumbList","@id":"https:\/\/deenswonen.nl\/fr\/produit\/iittala-kivi-mood-light-80-mm-bleu-clair\/#breadcrumb","itemListElement":[{"@type":"ListItem","position":1,"name":"Home","item":"https:\/\/deenswonen.nl\/fr\/"},{"@type":"ListItem","position":2,"name":"Winkel","item":"https:\/\/deenswonen.nl\/winkel\/"},{"@type":"ListItem","position":3,"name":"Iittala Kivi lumi\u00e8re d&#8217;ambiance 80 mm bleu clair"}]},{"@type":"WebSite","@id":"https:\/\/deenswonen.nl\/fr\/#website","url":"https:\/\/deenswonen.nl\/fr\/","name":"Deens wonen","description":"Accessoires de maison vintage scandinaves","publisher":{"@id":"https:\/\/deenswonen.nl\/fr\/#organization"},"potentialAction":[{"@type":"SearchAction","target":{"@type":"EntryPoint","urlTemplate":"https:\/\/deenswonen.nl\/fr\/?s={search_term_string}"},"query-input":{"@type":"PropertyValueSpecification","valueRequired":true,"valueName":"search_term_string"}}],"inLanguage":"fr-FR"},{"@type":"Organization","@id":"https:\/\/deenswonen.nl\/fr\/#organization","name":"Vie danoise","url":"https:\/\/deenswonen.nl\/fr\/","logo":{"@type":"ImageObject","inLanguage":"fr-FR","@id":"https:\/\/deenswonen.nl\/fr\/#\/schema\/logo\/image\/","url":"https:\/\/i0.wp.com\/deenswonen.nl\/wp-content\/uploads\/2021\/11\/51ECE736-8380-4D65-ACA6-DE74174F3C35_1_201_a.jpeg?fit=1200%2C675&ssl=1","contentUrl":"https:\/\/i0.wp.com\/deenswonen.nl\/wp-content\/uploads\/2021\/11\/51ECE736-8380-4D65-ACA6-DE74174F3C35_1_201_a.jpeg?fit=1200%2C675&ssl=1","width":1200,"height":675,"caption":"Vie danoise"},"image":{"@id":"https:\/\/deenswonen.nl\/fr\/#\/schema\/logo\/image\/"}}]}},"jetpack_sharing_enabled":true,"_links":{"self":[{"href":"https:\/\/deenswonen.nl\/fr\/wp-json\/wp\/v2\/product\/10849","targetHints":{"allow":["GET"]}}],"collection":[{"href":"https:\/\/deenswonen.nl\/fr\/wp-json\/wp\/v2\/product"}],"about":[{"href":"https:\/\/deenswonen.nl\/fr\/wp-json\/wp\/v2\/types\/product"}],"wp:featuredmedia":[{"embeddable":true,"href":"https:\/\/deenswonen.nl\/fr\/wp-json\/wp\/v2\/media\/10853"}],"wp:attachment":[{"href":"https:\/\/deenswonen.nl\/fr\/wp-json\/wp\/v2\/media?parent=10849"}],"wp:term":[{"taxonomy":"product_brand","embeddable":true,"href":"https:\/\/deenswonen.nl\/fr\/wp-json\/wp\/v2\/product_brand?post=10849"},{"taxonomy":"product_cat","embeddable":true,"href":"https:\/\/deenswonen.nl\/fr\/wp-json\/wp\/v2\/product_cat?post=10849"},{"taxonomy":"product_tag","embeddable":true,"href":"https:\/\/deenswonen.nl\/fr\/wp-json\/wp\/v2\/product_tag?post=10849"}],"curies":[{"name":"wp","href":"https:\/\/api.w.org\/{rel}","templated":true}]}}