{"id":10793,"date":"2023-01-09T16:16:38","date_gmt":"2023-01-09T15:16:38","guid":{"rendered":"https:\/\/deenswonen.nl\/product\/bougeoir-vintage-xavier-lust-turner-pour-driade-kosmo\/"},"modified":"2023-04-16T00:43:27","modified_gmt":"2023-04-15T22:43:27","slug":"chandelier-vintage-xavier-lust-turner-pour-driade-kosmo-2","status":"publish","type":"product","link":"https:\/\/deenswonen.nl\/fr\/produit\/chandelier-vintage-xavier-lust-turner-pour-driade-kosmo-2\/","title":{"rendered":"Bougeoir vintage Xavier Lust Turner pour Driade Kosmo"},"content":{"rendered":"<h1>Bougeoir vintage Xavier Lust Turner pour Driade Kosmo<\/h1>\n<p>Bougeoir vintage Xavier Lust con\u00e7u pour Driade Kosmo, ce design porte le nom de Turner. Le design gracieux donne au chandelier un aspect myst\u00e9rieux. Vous pouvez \u00e9galement jouer avec ce design ludique. Par exemple, placez le chandelier s\u00e9par\u00e9ment ou mettez-les dans un groupe.<\/p>\n<p>Les chandeliers sont en aluminium moul\u00e9 sous pression et sont tous diff\u00e9rents. Au Danemark, c&rsquo;est un bougeoir populaire qui est souvent plac\u00e9 sur la table basse.<\/p>\n<h2>Bougeoir <strong>design<\/strong> Xavier Lust <strong>Turner<\/strong><\/h2>\n<p>Apportez du style \u00e0 votre int\u00e9rieur avec cet \u00e9l\u00e9gant bougeoir en fonte d&rsquo;aluminium. Depuis la nuit des temps, l&rsquo;homme s&rsquo;est rassembl\u00e9 et a \u00e9t\u00e9 fascin\u00e9 par le feu. Ce que ces bougeoirs Xavier Lust ont en commun, c&rsquo;est l&rsquo;expression gracieuse. Ceci et leur design intemporel les rendent extr\u00eamement adapt\u00e9s \u00e0 n&rsquo;importe quelle maison. De plus, les chandeliers Driade Kosmo sont disponibles en diff\u00e9rentes tailles.<\/p>\n<h2><strong>Xavier Lust<\/strong><\/h2>\n<p>Le designer belge Xavier Lust utilise beaucoup de m\u00e9taux dans ses cr\u00e9ations. Il utilise des techniques exp\u00e9rimentales pour plier des t\u00f4les. Cette technique se retrouve \u00e9galement dans ce chandelier.<\/p>\n<h2><strong>Specificaties <\/strong>Xavier Lust Turner kandelaar voor Driade<\/h2>\n<p>Ce chandelier Xavier Lust mod\u00e8le Turner a environ 15 ans et est en bon \u00e9tat avec de l\u00e9gers signes d&rsquo;utilisation ant\u00e9rieure.<\/p>\n<p>Les mesures sont :<\/p>\n<p>Hauteur 34cm<br \/>\nLargeur 10cm<br \/>\nProfondeur 15 cm<\/p>\n<h2><strong>Driade<\/strong> Cosmo<\/h2>\n<p>Avec ses produits, Driade recherche la possibilit\u00e9 d&rsquo;apporter de la beaut\u00e9 dans l&rsquo;espace de vie. La collection est tr\u00e8s vaste et comprend des meubles pour l&rsquo;int\u00e9rieur et l&rsquo;ext\u00e9rieur de la maison. L&rsquo;entreprise tente de fusionner \u0153uvres d&rsquo;art et ustensiles.<\/p>\n<p>Ce chandelier a environ 15 ans, c&rsquo;est pourquoi nous vous demandons de bien regarder les photos. Cela vous donnera une bonne impression de l&rsquo;\u00e9tat des chandeliers. Nous pouvons avoir plusieurs mod\u00e8les <a href=\"https:\/\/deenswonen.nl\/product-categorie\/producten\/kandelaars\/\">disponibles<\/a> .<\/p>\n<p>Nous exp\u00e9dions tous nos produits soigneusement emball\u00e9s avec Post NL. Nos produits peuvent \u00e9galement \u00eatre retir\u00e9s sur rendez-vous \u00e0 Berkel en Rodenrijs.<\/p>\n<p>&nbsp;<\/p>\n","protected":false},"excerpt":{"rendered":"<p>Chandelier vintage Xavier Lust Turner con\u00e7u pour Driade Kosmo. Cette conception s&rsquo;appelle Turner.<\/p>\n<p>&nbsp;<\/p>\n<ul>\n<li><strong>Conception scandinave<\/strong><\/li>\n<li><strong>Livraison internationale<\/strong><\/li>\n<li><strong>D\u00e9lai de r\u00e9flexion de 14 jours<\/strong><\/li>\n<\/ul>\n","protected":false},"featured_media":5954,"template":"","meta":[],"product_brand":[],"product_cat":[217,219,216,267],"product_tag":[],"class_list":{"0":"post-10793","1":"product","2":"type-product","3":"status-publish","4":"has-post-thumbnail","6":"product_cat-chandeliers","7":"product_cat-populaire-fr","8":"product_cat-vient-darriver-fr","9":"product_cat-xavier-lust-fr","10":"thunk-woo-product-list","11":"opn-qv-enable","12":"top-store-woo-hover-swap","13":"top-store-single-product-tab-horizontal","14":"top-store-shadow-","15":"top-store-shadow-hover-","16":"top-store-swap-item-hover","18":"first","19":"outofstock","20":"taxable","21":"shipping-taxable","22":"purchasable","23":"product-type-simple"},"yoast_head":"<!-- This site is optimized with the Yoast SEO plugin v27.3 - https:\/\/yoast.com\/product\/yoast-seo-wordpress\/ -->\n<title>Vie danoise<\/title>\n<meta name=\"description\" content=\"Chandelier vintage Xavier Lust Turner con\u00e7u pour Driade Kosmo. Le design gracieux donne au chandelier un aspect myst\u00e9rieux.\" \/>\n<meta name=\"robots\" content=\"index, follow, max-snippet:-1, max-image-preview:large, max-video-preview:-1\" \/>\n<link rel=\"canonical\" href=\"https:\/\/deenswonen.nl\/fr\/produit\/chandelier-vintage-xavier-lust-turner-pour-driade-kosmo-2\/\" \/>\n<meta property=\"og:locale\" content=\"fr_FR\" \/>\n<meta property=\"og:type\" content=\"article\" \/>\n<meta property=\"og:description\" content=\"Chandelier vintage Xavier Lust Turner con\u00e7u pour Driade Kosmo. Le design gracieux donne au chandelier un aspect myst\u00e9rieux.\" \/>\n<meta property=\"og:url\" content=\"https:\/\/deenswonen.nl\/fr\/produit\/chandelier-vintage-xavier-lust-turner-pour-driade-kosmo-2\/\" \/>\n<meta property=\"og:site_name\" content=\"Vie danoise\" \/>\n<meta property=\"article:modified_time\" content=\"2023-04-15T22:43:27+00:00\" \/>\n<meta property=\"og:image\" content=\"https:\/\/deenswonen.nl\/wp-content\/uploads\/2022\/01\/067FA074-6DAA-4858-B0CA-C5380A4C7CB5.jpeg\" \/>\n\t<meta property=\"og:image:width\" content=\"960\" \/>\n\t<meta property=\"og:image:height\" content=\"1280\" \/>\n\t<meta property=\"og:image:type\" content=\"image\/jpeg\" \/>\n<meta name=\"twitter:card\" content=\"summary_large_image\" \/>\n<meta name=\"twitter:label1\" content=\"Dur\u00e9e de lecture estim\u00e9e\" \/>\n\t<meta name=\"twitter:data1\" content=\"2 minutes\" \/>\n<script type=\"application\/ld+json\" class=\"yoast-schema-graph\">{\"@context\":\"https:\\\/\\\/schema.org\",\"@graph\":[{\"@type\":\"WebPage\",\"@id\":\"https:\\\/\\\/deenswonen.nl\\\/fr\\\/produit\\\/chandelier-vintage-xavier-lust-turner-pour-driade-kosmo-2\\\/\",\"url\":\"https:\\\/\\\/deenswonen.nl\\\/fr\\\/produit\\\/chandelier-vintage-xavier-lust-turner-pour-driade-kosmo-2\\\/\",\"name\":\"\",\"isPartOf\":{\"@id\":\"https:\\\/\\\/deenswonen.nl\\\/fr\\\/#website\"},\"primaryImageOfPage\":{\"@id\":\"https:\\\/\\\/deenswonen.nl\\\/fr\\\/produit\\\/chandelier-vintage-xavier-lust-turner-pour-driade-kosmo-2\\\/#primaryimage\"},\"image\":{\"@id\":\"https:\\\/\\\/deenswonen.nl\\\/fr\\\/produit\\\/chandelier-vintage-xavier-lust-turner-pour-driade-kosmo-2\\\/#primaryimage\"},\"thumbnailUrl\":\"https:\\\/\\\/i0.wp.com\\\/deenswonen.nl\\\/wp-content\\\/uploads\\\/2022\\\/01\\\/067FA074-6DAA-4858-B0CA-C5380A4C7CB5.jpeg?fit=960%2C1280&ssl=1\",\"datePublished\":\"2023-01-09T15:16:38+00:00\",\"dateModified\":\"2023-04-15T22:43:27+00:00\",\"description\":\"Chandelier vintage Xavier Lust Turner con\u00e7u pour Driade Kosmo. Le design gracieux donne au chandelier un aspect myst\u00e9rieux.\",\"breadcrumb\":{\"@id\":\"https:\\\/\\\/deenswonen.nl\\\/fr\\\/produit\\\/chandelier-vintage-xavier-lust-turner-pour-driade-kosmo-2\\\/#breadcrumb\"},\"inLanguage\":\"fr-FR\",\"potentialAction\":[{\"@type\":\"ReadAction\",\"target\":[\"https:\\\/\\\/deenswonen.nl\\\/fr\\\/produit\\\/chandelier-vintage-xavier-lust-turner-pour-driade-kosmo-2\\\/\"]}]},{\"@type\":\"ImageObject\",\"inLanguage\":\"fr-FR\",\"@id\":\"https:\\\/\\\/deenswonen.nl\\\/fr\\\/produit\\\/chandelier-vintage-xavier-lust-turner-pour-driade-kosmo-2\\\/#primaryimage\",\"url\":\"https:\\\/\\\/i0.wp.com\\\/deenswonen.nl\\\/wp-content\\\/uploads\\\/2022\\\/01\\\/067FA074-6DAA-4858-B0CA-C5380A4C7CB5.jpeg?fit=960%2C1280&ssl=1\",\"contentUrl\":\"https:\\\/\\\/i0.wp.com\\\/deenswonen.nl\\\/wp-content\\\/uploads\\\/2022\\\/01\\\/067FA074-6DAA-4858-B0CA-C5380A4C7CB5.jpeg?fit=960%2C1280&ssl=1\",\"width\":960,\"height\":1280,\"caption\":\"Image du bougeoir par Xavier Lust Turner bougeoir pour Driade Kosmo que nous vous proposons dans cette annonce.\"},{\"@type\":\"BreadcrumbList\",\"@id\":\"https:\\\/\\\/deenswonen.nl\\\/fr\\\/produit\\\/chandelier-vintage-xavier-lust-turner-pour-driade-kosmo-2\\\/#breadcrumb\",\"itemListElement\":[{\"@type\":\"ListItem\",\"position\":1,\"name\":\"Home\",\"item\":\"https:\\\/\\\/deenswonen.nl\\\/fr\\\/\"},{\"@type\":\"ListItem\",\"position\":2,\"name\":\"Winkel\",\"item\":\"https:\\\/\\\/deenswonen.nl\\\/winkel\\\/\"},{\"@type\":\"ListItem\",\"position\":3,\"name\":\"Bougeoir vintage Xavier Lust Turner pour Driade Kosmo\"}]},{\"@type\":\"WebSite\",\"@id\":\"https:\\\/\\\/deenswonen.nl\\\/fr\\\/#website\",\"url\":\"https:\\\/\\\/deenswonen.nl\\\/fr\\\/\",\"name\":\"Deens wonen\",\"description\":\"Accessoires de maison vintage scandinaves\",\"publisher\":{\"@id\":\"https:\\\/\\\/deenswonen.nl\\\/fr\\\/#organization\"},\"potentialAction\":[{\"@type\":\"SearchAction\",\"target\":{\"@type\":\"EntryPoint\",\"urlTemplate\":\"https:\\\/\\\/deenswonen.nl\\\/fr\\\/?s={search_term_string}\"},\"query-input\":{\"@type\":\"PropertyValueSpecification\",\"valueRequired\":true,\"valueName\":\"search_term_string\"}}],\"inLanguage\":\"fr-FR\"},{\"@type\":\"Organization\",\"@id\":\"https:\\\/\\\/deenswonen.nl\\\/fr\\\/#organization\",\"name\":\"Vie danoise\",\"url\":\"https:\\\/\\\/deenswonen.nl\\\/fr\\\/\",\"logo\":{\"@type\":\"ImageObject\",\"inLanguage\":\"fr-FR\",\"@id\":\"https:\\\/\\\/deenswonen.nl\\\/fr\\\/#\\\/schema\\\/logo\\\/image\\\/\",\"url\":\"https:\\\/\\\/i0.wp.com\\\/deenswonen.nl\\\/wp-content\\\/uploads\\\/2021\\\/11\\\/51ECE736-8380-4D65-ACA6-DE74174F3C35_1_201_a.jpeg?fit=1200%2C675&ssl=1\",\"contentUrl\":\"https:\\\/\\\/i0.wp.com\\\/deenswonen.nl\\\/wp-content\\\/uploads\\\/2021\\\/11\\\/51ECE736-8380-4D65-ACA6-DE74174F3C35_1_201_a.jpeg?fit=1200%2C675&ssl=1\",\"width\":1200,\"height\":675,\"caption\":\"Vie danoise\"},\"image\":{\"@id\":\"https:\\\/\\\/deenswonen.nl\\\/fr\\\/#\\\/schema\\\/logo\\\/image\\\/\"}}]}<\/script>\n<!-- \/ Yoast SEO plugin. -->","yoast_head_json":{"title":"Vie danoise","description":"Chandelier vintage Xavier Lust Turner con\u00e7u pour Driade Kosmo. Le design gracieux donne au chandelier un aspect myst\u00e9rieux.","robots":{"index":"index","follow":"follow","max-snippet":"max-snippet:-1","max-image-preview":"max-image-preview:large","max-video-preview":"max-video-preview:-1"},"canonical":"https:\/\/deenswonen.nl\/fr\/produit\/chandelier-vintage-xavier-lust-turner-pour-driade-kosmo-2\/","og_locale":"fr_FR","og_type":"article","og_description":"Chandelier vintage Xavier Lust Turner con\u00e7u pour Driade Kosmo. Le design gracieux donne au chandelier un aspect myst\u00e9rieux.","og_url":"https:\/\/deenswonen.nl\/fr\/produit\/chandelier-vintage-xavier-lust-turner-pour-driade-kosmo-2\/","og_site_name":"Vie danoise","article_modified_time":"2023-04-15T22:43:27+00:00","og_image":[{"width":960,"height":1280,"url":"https:\/\/deenswonen.nl\/wp-content\/uploads\/2022\/01\/067FA074-6DAA-4858-B0CA-C5380A4C7CB5.jpeg","type":"image\/jpeg"}],"twitter_card":"summary_large_image","twitter_misc":{"Dur\u00e9e de lecture estim\u00e9e":"2 minutes"},"schema":{"@context":"https:\/\/schema.org","@graph":[{"@type":"WebPage","@id":"https:\/\/deenswonen.nl\/fr\/produit\/chandelier-vintage-xavier-lust-turner-pour-driade-kosmo-2\/","url":"https:\/\/deenswonen.nl\/fr\/produit\/chandelier-vintage-xavier-lust-turner-pour-driade-kosmo-2\/","name":"","isPartOf":{"@id":"https:\/\/deenswonen.nl\/fr\/#website"},"primaryImageOfPage":{"@id":"https:\/\/deenswonen.nl\/fr\/produit\/chandelier-vintage-xavier-lust-turner-pour-driade-kosmo-2\/#primaryimage"},"image":{"@id":"https:\/\/deenswonen.nl\/fr\/produit\/chandelier-vintage-xavier-lust-turner-pour-driade-kosmo-2\/#primaryimage"},"thumbnailUrl":"https:\/\/i0.wp.com\/deenswonen.nl\/wp-content\/uploads\/2022\/01\/067FA074-6DAA-4858-B0CA-C5380A4C7CB5.jpeg?fit=960%2C1280&ssl=1","datePublished":"2023-01-09T15:16:38+00:00","dateModified":"2023-04-15T22:43:27+00:00","description":"Chandelier vintage Xavier Lust Turner con\u00e7u pour Driade Kosmo. Le design gracieux donne au chandelier un aspect myst\u00e9rieux.","breadcrumb":{"@id":"https:\/\/deenswonen.nl\/fr\/produit\/chandelier-vintage-xavier-lust-turner-pour-driade-kosmo-2\/#breadcrumb"},"inLanguage":"fr-FR","potentialAction":[{"@type":"ReadAction","target":["https:\/\/deenswonen.nl\/fr\/produit\/chandelier-vintage-xavier-lust-turner-pour-driade-kosmo-2\/"]}]},{"@type":"ImageObject","inLanguage":"fr-FR","@id":"https:\/\/deenswonen.nl\/fr\/produit\/chandelier-vintage-xavier-lust-turner-pour-driade-kosmo-2\/#primaryimage","url":"https:\/\/i0.wp.com\/deenswonen.nl\/wp-content\/uploads\/2022\/01\/067FA074-6DAA-4858-B0CA-C5380A4C7CB5.jpeg?fit=960%2C1280&ssl=1","contentUrl":"https:\/\/i0.wp.com\/deenswonen.nl\/wp-content\/uploads\/2022\/01\/067FA074-6DAA-4858-B0CA-C5380A4C7CB5.jpeg?fit=960%2C1280&ssl=1","width":960,"height":1280,"caption":"Image du bougeoir par Xavier Lust Turner bougeoir pour Driade Kosmo que nous vous proposons dans cette annonce."},{"@type":"BreadcrumbList","@id":"https:\/\/deenswonen.nl\/fr\/produit\/chandelier-vintage-xavier-lust-turner-pour-driade-kosmo-2\/#breadcrumb","itemListElement":[{"@type":"ListItem","position":1,"name":"Home","item":"https:\/\/deenswonen.nl\/fr\/"},{"@type":"ListItem","position":2,"name":"Winkel","item":"https:\/\/deenswonen.nl\/winkel\/"},{"@type":"ListItem","position":3,"name":"Bougeoir vintage Xavier Lust Turner pour Driade Kosmo"}]},{"@type":"WebSite","@id":"https:\/\/deenswonen.nl\/fr\/#website","url":"https:\/\/deenswonen.nl\/fr\/","name":"Deens wonen","description":"Accessoires de maison vintage scandinaves","publisher":{"@id":"https:\/\/deenswonen.nl\/fr\/#organization"},"potentialAction":[{"@type":"SearchAction","target":{"@type":"EntryPoint","urlTemplate":"https:\/\/deenswonen.nl\/fr\/?s={search_term_string}"},"query-input":{"@type":"PropertyValueSpecification","valueRequired":true,"valueName":"search_term_string"}}],"inLanguage":"fr-FR"},{"@type":"Organization","@id":"https:\/\/deenswonen.nl\/fr\/#organization","name":"Vie danoise","url":"https:\/\/deenswonen.nl\/fr\/","logo":{"@type":"ImageObject","inLanguage":"fr-FR","@id":"https:\/\/deenswonen.nl\/fr\/#\/schema\/logo\/image\/","url":"https:\/\/i0.wp.com\/deenswonen.nl\/wp-content\/uploads\/2021\/11\/51ECE736-8380-4D65-ACA6-DE74174F3C35_1_201_a.jpeg?fit=1200%2C675&ssl=1","contentUrl":"https:\/\/i0.wp.com\/deenswonen.nl\/wp-content\/uploads\/2021\/11\/51ECE736-8380-4D65-ACA6-DE74174F3C35_1_201_a.jpeg?fit=1200%2C675&ssl=1","width":1200,"height":675,"caption":"Vie danoise"},"image":{"@id":"https:\/\/deenswonen.nl\/fr\/#\/schema\/logo\/image\/"}}]}},"jetpack_sharing_enabled":true,"_links":{"self":[{"href":"https:\/\/deenswonen.nl\/fr\/wp-json\/wp\/v2\/product\/10793","targetHints":{"allow":["GET"]}}],"collection":[{"href":"https:\/\/deenswonen.nl\/fr\/wp-json\/wp\/v2\/product"}],"about":[{"href":"https:\/\/deenswonen.nl\/fr\/wp-json\/wp\/v2\/types\/product"}],"wp:featuredmedia":[{"embeddable":true,"href":"https:\/\/deenswonen.nl\/fr\/wp-json\/wp\/v2\/media\/5954"}],"wp:attachment":[{"href":"https:\/\/deenswonen.nl\/fr\/wp-json\/wp\/v2\/media?parent=10793"}],"wp:term":[{"taxonomy":"product_brand","embeddable":true,"href":"https:\/\/deenswonen.nl\/fr\/wp-json\/wp\/v2\/product_brand?post=10793"},{"taxonomy":"product_cat","embeddable":true,"href":"https:\/\/deenswonen.nl\/fr\/wp-json\/wp\/v2\/product_cat?post=10793"},{"taxonomy":"product_tag","embeddable":true,"href":"https:\/\/deenswonen.nl\/fr\/wp-json\/wp\/v2\/product_tag?post=10793"}],"curies":[{"name":"wp","href":"https:\/\/api.w.org\/{rel}","templated":true}]}}