{"id":10310,"date":"2022-11-30T12:09:04","date_gmt":"2022-11-30T11:09:04","guid":{"rendered":"https:\/\/deenswonen.nl\/?post_type=product&#038;p=10310"},"modified":"2023-04-16T00:46:08","modified_gmt":"2023-04-15T22:46:08","slug":"iittala-nappi-photophore-transparent-2","status":"publish","type":"product","link":"https:\/\/deenswonen.nl\/fr\/produit\/iittala-nappi-photophore-transparent-2\/","title":{"rendered":"Iittala Nappi photophore transparent"},"content":{"rendered":"<h2 id=\"tw-target-text\" class=\"tw-data-text tw-text-large XcVN5d tw-ta\" dir=\"ltr\" data-placeholder=\"Vertaling\">Iittala Nappi photophore transparent<\/h2>\n<p>Le porte-bougie Iittala Nappi transparent ajoute un \u00e9l\u00e9ment saisissant \u00e0 n&rsquo;importe quel int\u00e9rieur. De plus, il cr\u00e9e une ambiance douce. Un cadeau parfait pour quelqu&rsquo;un d&rsquo;autre ou pour vous-m\u00eame.<\/p>\n<p>Des longues soir\u00e9es d&rsquo;\u00e9t\u00e9 aux sombres nuits d&rsquo;hiver, les bougies ajoutent une atmosph\u00e8re \u00e0 n&rsquo;importe quel environnement. Notre gamme de bougeoirs donne dimension et ambiance \u00e0 votre espace. Par exemple, l&rsquo;\u00e9l\u00e9gance informelle des bougeoirs en verre Festivo, la sophistication simple de Nappi ou le design organique des vagues d&rsquo;Aalto. Les bougeoirs d&rsquo;Iittala ajoutent des accents \u00e0 n&rsquo;importe quel int\u00e9rieur.<\/p>\n<p>La lumi\u00e8re d&rsquo;ambiance est id\u00e9ale pour une table joliment dress\u00e9e. De plus, le design apporte une atmosph\u00e8re raffin\u00e9e \u00e0 tout d\u00e9cor d&rsquo;int\u00e9rieur. Par exemple, placez plusieurs de ces lumi\u00e8res ensemble ou combinez-les avec d&rsquo;autres couleurs de la ligne Nappi.<\/p>\n<p>&nbsp;<\/p>\n<h2 id=\"tw-target-text\" class=\"tw-data-text tw-text-large tw-ta\" dir=\"ltr\" data-placeholder=\"Vertaling\"><span class=\"Y2IQFc\" lang=\"nl\">Markku Juhani Salo <\/span><\/h2>\n<p class=\"tw-data-text tw-text-large tw-ta\" dir=\"ltr\" data-placeholder=\"Vertaling\"><span class=\"Y2IQFc\" lang=\"nl\">Markku Juhani Saolo est un designer et artiste verrier finlandais. Il est connu pour ses impressionnantes \u0153uvres en verre r\u00e9alis\u00e9es avec diff\u00e9rentes techniques. Markku Salo est dipl\u00f4m\u00e9 en 1974 en tant qu&rsquo;artiste visuel de la Kankaanp\u00e4\u00e4 School of Art. Jusqu&rsquo;en 1983, Salo a d&rsquo;abord travaill\u00e9 chez Salora en tant que concepteur de t\u00e9l\u00e9viseurs et d&rsquo;\u00e9quipements sonores, puis en tant que chef du d\u00e9partement de design. En 1983, il passe au design du verre et devient designer pour Iittala.<\/span><\/p>\n<p class=\"tw-data-text tw-text-large tw-ta\" dir=\"ltr\" data-placeholder=\"Vertaling\"><span class=\"Y2IQFc\" lang=\"nl\">Markku Salo utilise diff\u00e9rentes techniques dans son art du verre. Vous pouvez penser \u00e0 souffler du verre dans un treillis m\u00e9tallique. Il a \u00e9galement utilis\u00e9 la m\u00e9thode de fusion de la p\u00e2te de verre, dans laquelle de fines miettes de verre sont utilis\u00e9es. <\/span><\/p>\n<h2><span lang=\"nl\">Sp\u00e9cifications du porte-bougie Iittala Nappi<\/span><\/h2>\n<p class=\"tw-data-text tw-text-large XcVN5d tw-ta\" dir=\"ltr\" data-placeholder=\"Vertaling\"><span lang=\"nl\">Ce magnifique photophore a environ 5 ans en bon \u00e9tat. Il est livr\u00e9 complet avec son emballage d&rsquo;origine et semble n&rsquo;avoir jamais \u00e9t\u00e9 utilis\u00e9. Il n&rsquo;a aucun dommage ni \u00e9clat. <\/span><\/p>\n<p>Les mesures sont :<\/p>\n<ul class=\"list-unstyled\">\n<li><span class=\"t-bold\">Diam\u00e8tre :<\/span> <span data-at=\"specifications-Diepte\">12cm<\/span><\/li>\n<li><span class=\"t-bold\">Hauteur :<\/span> <span data-at=\"specifications-Hoogte\">2,5cm<\/span><\/li>\n<\/ul>\n<p>Le <span lang=\"nl\">photophore<\/span> a environ 5 ans, c&rsquo;est pourquoi nous vous demandons de bien regarder les photos. Cela vous donnera une bonne impression de l&rsquo;\u00e9tat de la lumi\u00e8re d&rsquo;ambiance. Nous avons plusieurs couleurs <strong><a href=\"https:\/\/deenswonen.nl\/product-categorie\/merken\/iittala\/\">disponibles<\/a><\/strong> si besoin.<\/p>\n<p>Nous exp\u00e9dions tous nos produits soigneusement emball\u00e9s. Nos produits peuvent \u00e9galement \u00eatre retir\u00e9s sur rendez-vous \u00e0 Berkel en Rodenrijs.<\/p>\n","protected":false},"excerpt":{"rendered":"<p>Le porte-bougie Iittala Nappi transparent ajoute un \u00e9l\u00e9ment saisissant \u00e0 n&rsquo;importe quel int\u00e9rieur. De plus, il cr\u00e9e une ambiance douce. Un cadeau parfait pour quelqu&rsquo;un d&rsquo;autre ou pour vous-m\u00eame.<\/p>\n<p>&nbsp;<\/p>\n<ul>\n<li><strong>Conception scandinave<\/strong><\/li>\n<li><strong>Livraison internationale<\/strong><\/li>\n<li><strong>D\u00e9lai de r\u00e9flexion de 14 jours<\/strong><\/li>\n<\/ul>\n","protected":false},"featured_media":10313,"template":"","meta":[],"product_brand":[],"product_cat":[217,211,219,216],"product_tag":[],"class_list":{"0":"post-10310","1":"product","2":"type-product","3":"status-publish","4":"has-post-thumbnail","6":"product_cat-chandeliers","7":"product_cat-iittala-fr","8":"product_cat-populaire-fr","9":"product_cat-vient-darriver-fr","10":"thunk-woo-product-list","11":"opn-qv-enable","12":"top-store-woo-hover-swap","13":"top-store-single-product-tab-horizontal","14":"top-store-shadow-","15":"top-store-shadow-hover-","16":"top-store-swap-item-hover","18":"first","19":"outofstock","20":"taxable","21":"shipping-taxable","22":"purchasable","23":"product-type-simple"},"yoast_head":"<!-- This site is optimized with the Yoast SEO plugin v27.3 - https:\/\/yoast.com\/product\/yoast-seo-wordpress\/ -->\n<title>Iittala Nappi photophore transparent - vie danoise<\/title>\n<meta name=\"description\" content=\"L&#039;\u00e9l\u00e9gant porte-bougie Iittala Nappi transparent ajoute un \u00e9l\u00e9ment saisissant \u00e0 n&#039;importe quel int\u00e9rieur et cr\u00e9e une ambiance douce.\" \/>\n<meta name=\"robots\" content=\"index, follow, max-snippet:-1, max-image-preview:large, max-video-preview:-1\" \/>\n<link rel=\"canonical\" href=\"https:\/\/deenswonen.nl\/fr\/produit\/iittala-nappi-photophore-transparent-2\/\" \/>\n<meta property=\"og:locale\" content=\"fr_FR\" \/>\n<meta property=\"og:type\" content=\"article\" \/>\n<meta property=\"og:title\" content=\"Iittala Nappi photophore transparent - vie danoise\" \/>\n<meta property=\"og:description\" content=\"L&#039;\u00e9l\u00e9gant porte-bougie Iittala Nappi transparent ajoute un \u00e9l\u00e9ment saisissant \u00e0 n&#039;importe quel int\u00e9rieur et cr\u00e9e une ambiance douce.\" \/>\n<meta property=\"og:url\" content=\"https:\/\/deenswonen.nl\/fr\/produit\/iittala-nappi-photophore-transparent-2\/\" \/>\n<meta property=\"og:site_name\" content=\"Vie danoise\" \/>\n<meta property=\"article:modified_time\" content=\"2023-04-15T22:46:08+00:00\" \/>\n<meta property=\"og:image\" content=\"https:\/\/deenswonen.nl\/wp-content\/uploads\/2022\/11\/FA4CA921-56BF-43E2-ACE5-0A2FF9BC549B.jpeg\" \/>\n\t<meta property=\"og:image:width\" content=\"640\" \/>\n\t<meta property=\"og:image:height\" content=\"480\" \/>\n\t<meta property=\"og:image:type\" content=\"image\/jpeg\" \/>\n<meta name=\"twitter:card\" content=\"summary_large_image\" \/>\n<meta name=\"twitter:label1\" content=\"Dur\u00e9e de lecture estim\u00e9e\" \/>\n\t<meta name=\"twitter:data1\" content=\"2 minutes\" \/>\n<script type=\"application\/ld+json\" class=\"yoast-schema-graph\">{\"@context\":\"https:\\\/\\\/schema.org\",\"@graph\":[{\"@type\":\"WebPage\",\"@id\":\"https:\\\/\\\/deenswonen.nl\\\/fr\\\/produit\\\/iittala-nappi-photophore-transparent-2\\\/\",\"url\":\"https:\\\/\\\/deenswonen.nl\\\/fr\\\/produit\\\/iittala-nappi-photophore-transparent-2\\\/\",\"name\":\"Iittala Nappi photophore transparent - vie danoise\",\"isPartOf\":{\"@id\":\"https:\\\/\\\/deenswonen.nl\\\/fr\\\/#website\"},\"primaryImageOfPage\":{\"@id\":\"https:\\\/\\\/deenswonen.nl\\\/fr\\\/produit\\\/iittala-nappi-photophore-transparent-2\\\/#primaryimage\"},\"image\":{\"@id\":\"https:\\\/\\\/deenswonen.nl\\\/fr\\\/produit\\\/iittala-nappi-photophore-transparent-2\\\/#primaryimage\"},\"thumbnailUrl\":\"https:\\\/\\\/i0.wp.com\\\/deenswonen.nl\\\/wp-content\\\/uploads\\\/2022\\\/11\\\/FA4CA921-56BF-43E2-ACE5-0A2FF9BC549B.jpeg?fit=640%2C480&ssl=1\",\"datePublished\":\"2022-11-30T11:09:04+00:00\",\"dateModified\":\"2023-04-15T22:46:08+00:00\",\"description\":\"L'\u00e9l\u00e9gant porte-bougie Iittala Nappi transparent ajoute un \u00e9l\u00e9ment saisissant \u00e0 n'importe quel int\u00e9rieur et cr\u00e9e une ambiance douce.\",\"breadcrumb\":{\"@id\":\"https:\\\/\\\/deenswonen.nl\\\/fr\\\/produit\\\/iittala-nappi-photophore-transparent-2\\\/#breadcrumb\"},\"inLanguage\":\"fr-FR\",\"potentialAction\":[{\"@type\":\"ReadAction\",\"target\":[\"https:\\\/\\\/deenswonen.nl\\\/fr\\\/produit\\\/iittala-nappi-photophore-transparent-2\\\/\"]}]},{\"@type\":\"ImageObject\",\"inLanguage\":\"fr-FR\",\"@id\":\"https:\\\/\\\/deenswonen.nl\\\/fr\\\/produit\\\/iittala-nappi-photophore-transparent-2\\\/#primaryimage\",\"url\":\"https:\\\/\\\/i0.wp.com\\\/deenswonen.nl\\\/wp-content\\\/uploads\\\/2022\\\/11\\\/FA4CA921-56BF-43E2-ACE5-0A2FF9BC549B.jpeg?fit=640%2C480&ssl=1\",\"contentUrl\":\"https:\\\/\\\/i0.wp.com\\\/deenswonen.nl\\\/wp-content\\\/uploads\\\/2022\\\/11\\\/FA4CA921-56BF-43E2-ACE5-0A2FF9BC549B.jpeg?fit=640%2C480&ssl=1\",\"width\":640,\"height\":480,\"caption\":\"Image du photophore Iittala Nappi transparent propos\u00e9 dans cette publicit\u00e9.\"},{\"@type\":\"BreadcrumbList\",\"@id\":\"https:\\\/\\\/deenswonen.nl\\\/fr\\\/produit\\\/iittala-nappi-photophore-transparent-2\\\/#breadcrumb\",\"itemListElement\":[{\"@type\":\"ListItem\",\"position\":1,\"name\":\"Home\",\"item\":\"https:\\\/\\\/deenswonen.nl\\\/fr\\\/\"},{\"@type\":\"ListItem\",\"position\":2,\"name\":\"Winkel\",\"item\":\"https:\\\/\\\/deenswonen.nl\\\/winkel\\\/\"},{\"@type\":\"ListItem\",\"position\":3,\"name\":\"Iittala Nappi photophore transparent\"}]},{\"@type\":\"WebSite\",\"@id\":\"https:\\\/\\\/deenswonen.nl\\\/fr\\\/#website\",\"url\":\"https:\\\/\\\/deenswonen.nl\\\/fr\\\/\",\"name\":\"Deens wonen\",\"description\":\"Accessoires de maison vintage scandinaves\",\"publisher\":{\"@id\":\"https:\\\/\\\/deenswonen.nl\\\/fr\\\/#organization\"},\"potentialAction\":[{\"@type\":\"SearchAction\",\"target\":{\"@type\":\"EntryPoint\",\"urlTemplate\":\"https:\\\/\\\/deenswonen.nl\\\/fr\\\/?s={search_term_string}\"},\"query-input\":{\"@type\":\"PropertyValueSpecification\",\"valueRequired\":true,\"valueName\":\"search_term_string\"}}],\"inLanguage\":\"fr-FR\"},{\"@type\":\"Organization\",\"@id\":\"https:\\\/\\\/deenswonen.nl\\\/fr\\\/#organization\",\"name\":\"Vie danoise\",\"url\":\"https:\\\/\\\/deenswonen.nl\\\/fr\\\/\",\"logo\":{\"@type\":\"ImageObject\",\"inLanguage\":\"fr-FR\",\"@id\":\"https:\\\/\\\/deenswonen.nl\\\/fr\\\/#\\\/schema\\\/logo\\\/image\\\/\",\"url\":\"https:\\\/\\\/i0.wp.com\\\/deenswonen.nl\\\/wp-content\\\/uploads\\\/2021\\\/11\\\/51ECE736-8380-4D65-ACA6-DE74174F3C35_1_201_a.jpeg?fit=1200%2C675&ssl=1\",\"contentUrl\":\"https:\\\/\\\/i0.wp.com\\\/deenswonen.nl\\\/wp-content\\\/uploads\\\/2021\\\/11\\\/51ECE736-8380-4D65-ACA6-DE74174F3C35_1_201_a.jpeg?fit=1200%2C675&ssl=1\",\"width\":1200,\"height\":675,\"caption\":\"Vie danoise\"},\"image\":{\"@id\":\"https:\\\/\\\/deenswonen.nl\\\/fr\\\/#\\\/schema\\\/logo\\\/image\\\/\"}}]}<\/script>\n<!-- \/ Yoast SEO plugin. -->","yoast_head_json":{"title":"Iittala Nappi photophore transparent - vie danoise","description":"L'\u00e9l\u00e9gant porte-bougie Iittala Nappi transparent ajoute un \u00e9l\u00e9ment saisissant \u00e0 n'importe quel int\u00e9rieur et cr\u00e9e une ambiance douce.","robots":{"index":"index","follow":"follow","max-snippet":"max-snippet:-1","max-image-preview":"max-image-preview:large","max-video-preview":"max-video-preview:-1"},"canonical":"https:\/\/deenswonen.nl\/fr\/produit\/iittala-nappi-photophore-transparent-2\/","og_locale":"fr_FR","og_type":"article","og_title":"Iittala Nappi photophore transparent - vie danoise","og_description":"L'\u00e9l\u00e9gant porte-bougie Iittala Nappi transparent ajoute un \u00e9l\u00e9ment saisissant \u00e0 n'importe quel int\u00e9rieur et cr\u00e9e une ambiance douce.","og_url":"https:\/\/deenswonen.nl\/fr\/produit\/iittala-nappi-photophore-transparent-2\/","og_site_name":"Vie danoise","article_modified_time":"2023-04-15T22:46:08+00:00","og_image":[{"width":640,"height":480,"url":"https:\/\/deenswonen.nl\/wp-content\/uploads\/2022\/11\/FA4CA921-56BF-43E2-ACE5-0A2FF9BC549B.jpeg","type":"image\/jpeg"}],"twitter_card":"summary_large_image","twitter_misc":{"Dur\u00e9e de lecture estim\u00e9e":"2 minutes"},"schema":{"@context":"https:\/\/schema.org","@graph":[{"@type":"WebPage","@id":"https:\/\/deenswonen.nl\/fr\/produit\/iittala-nappi-photophore-transparent-2\/","url":"https:\/\/deenswonen.nl\/fr\/produit\/iittala-nappi-photophore-transparent-2\/","name":"Iittala Nappi photophore transparent - vie danoise","isPartOf":{"@id":"https:\/\/deenswonen.nl\/fr\/#website"},"primaryImageOfPage":{"@id":"https:\/\/deenswonen.nl\/fr\/produit\/iittala-nappi-photophore-transparent-2\/#primaryimage"},"image":{"@id":"https:\/\/deenswonen.nl\/fr\/produit\/iittala-nappi-photophore-transparent-2\/#primaryimage"},"thumbnailUrl":"https:\/\/i0.wp.com\/deenswonen.nl\/wp-content\/uploads\/2022\/11\/FA4CA921-56BF-43E2-ACE5-0A2FF9BC549B.jpeg?fit=640%2C480&ssl=1","datePublished":"2022-11-30T11:09:04+00:00","dateModified":"2023-04-15T22:46:08+00:00","description":"L'\u00e9l\u00e9gant porte-bougie Iittala Nappi transparent ajoute un \u00e9l\u00e9ment saisissant \u00e0 n'importe quel int\u00e9rieur et cr\u00e9e une ambiance douce.","breadcrumb":{"@id":"https:\/\/deenswonen.nl\/fr\/produit\/iittala-nappi-photophore-transparent-2\/#breadcrumb"},"inLanguage":"fr-FR","potentialAction":[{"@type":"ReadAction","target":["https:\/\/deenswonen.nl\/fr\/produit\/iittala-nappi-photophore-transparent-2\/"]}]},{"@type":"ImageObject","inLanguage":"fr-FR","@id":"https:\/\/deenswonen.nl\/fr\/produit\/iittala-nappi-photophore-transparent-2\/#primaryimage","url":"https:\/\/i0.wp.com\/deenswonen.nl\/wp-content\/uploads\/2022\/11\/FA4CA921-56BF-43E2-ACE5-0A2FF9BC549B.jpeg?fit=640%2C480&ssl=1","contentUrl":"https:\/\/i0.wp.com\/deenswonen.nl\/wp-content\/uploads\/2022\/11\/FA4CA921-56BF-43E2-ACE5-0A2FF9BC549B.jpeg?fit=640%2C480&ssl=1","width":640,"height":480,"caption":"Image du photophore Iittala Nappi transparent propos\u00e9 dans cette publicit\u00e9."},{"@type":"BreadcrumbList","@id":"https:\/\/deenswonen.nl\/fr\/produit\/iittala-nappi-photophore-transparent-2\/#breadcrumb","itemListElement":[{"@type":"ListItem","position":1,"name":"Home","item":"https:\/\/deenswonen.nl\/fr\/"},{"@type":"ListItem","position":2,"name":"Winkel","item":"https:\/\/deenswonen.nl\/winkel\/"},{"@type":"ListItem","position":3,"name":"Iittala Nappi photophore transparent"}]},{"@type":"WebSite","@id":"https:\/\/deenswonen.nl\/fr\/#website","url":"https:\/\/deenswonen.nl\/fr\/","name":"Deens wonen","description":"Accessoires de maison vintage scandinaves","publisher":{"@id":"https:\/\/deenswonen.nl\/fr\/#organization"},"potentialAction":[{"@type":"SearchAction","target":{"@type":"EntryPoint","urlTemplate":"https:\/\/deenswonen.nl\/fr\/?s={search_term_string}"},"query-input":{"@type":"PropertyValueSpecification","valueRequired":true,"valueName":"search_term_string"}}],"inLanguage":"fr-FR"},{"@type":"Organization","@id":"https:\/\/deenswonen.nl\/fr\/#organization","name":"Vie danoise","url":"https:\/\/deenswonen.nl\/fr\/","logo":{"@type":"ImageObject","inLanguage":"fr-FR","@id":"https:\/\/deenswonen.nl\/fr\/#\/schema\/logo\/image\/","url":"https:\/\/i0.wp.com\/deenswonen.nl\/wp-content\/uploads\/2021\/11\/51ECE736-8380-4D65-ACA6-DE74174F3C35_1_201_a.jpeg?fit=1200%2C675&ssl=1","contentUrl":"https:\/\/i0.wp.com\/deenswonen.nl\/wp-content\/uploads\/2021\/11\/51ECE736-8380-4D65-ACA6-DE74174F3C35_1_201_a.jpeg?fit=1200%2C675&ssl=1","width":1200,"height":675,"caption":"Vie danoise"},"image":{"@id":"https:\/\/deenswonen.nl\/fr\/#\/schema\/logo\/image\/"}}]}},"jetpack_sharing_enabled":true,"_links":{"self":[{"href":"https:\/\/deenswonen.nl\/fr\/wp-json\/wp\/v2\/product\/10310","targetHints":{"allow":["GET"]}}],"collection":[{"href":"https:\/\/deenswonen.nl\/fr\/wp-json\/wp\/v2\/product"}],"about":[{"href":"https:\/\/deenswonen.nl\/fr\/wp-json\/wp\/v2\/types\/product"}],"wp:featuredmedia":[{"embeddable":true,"href":"https:\/\/deenswonen.nl\/fr\/wp-json\/wp\/v2\/media\/10313"}],"wp:attachment":[{"href":"https:\/\/deenswonen.nl\/fr\/wp-json\/wp\/v2\/media?parent=10310"}],"wp:term":[{"taxonomy":"product_brand","embeddable":true,"href":"https:\/\/deenswonen.nl\/fr\/wp-json\/wp\/v2\/product_brand?post=10310"},{"taxonomy":"product_cat","embeddable":true,"href":"https:\/\/deenswonen.nl\/fr\/wp-json\/wp\/v2\/product_cat?post=10310"},{"taxonomy":"product_tag","embeddable":true,"href":"https:\/\/deenswonen.nl\/fr\/wp-json\/wp\/v2\/product_tag?post=10310"}],"curies":[{"name":"wp","href":"https:\/\/api.w.org\/{rel}","templated":true}]}}