{"id":8019,"date":"2022-11-08T20:09:15","date_gmt":"2022-11-08T19:09:15","guid":{"rendered":"https:\/\/deenswonen.nl\/product\/ultima-15-aschenbecher-entworfen-von-jungberg-backstrom\/"},"modified":"2022-11-08T20:09:15","modified_gmt":"2022-11-08T19:09:15","slug":"ultima-15-aschenbecher-entworfen-von-jungberg-backstrom","status":"publish","type":"product","link":"https:\/\/deenswonen.nl\/de\/produkt\/ultima-15-aschenbecher-entworfen-von-jungberg-backstrom\/","title":{"rendered":"Ultima 15 Aschenbecher entworfen von Jungberg &amp; Backstrom"},"content":{"rendered":"<h1>Ultima 15 Aschenbecher entworfen von Ljungberg &amp; Backstrom<\/h1>\n<p>Sch\u00f6ner Ultima 15 Aschenbecher, entworfen f\u00fcr Akvamatik AB von Holger B\u00e4ckstr\u00f6m und Bo Ljungberg. Dieser Designklassiker stammt aus den 1970er Jahren und wird in Schweden hergestellt. Genie\u00dfen Sie Ihre Zigarre noch mehr mit diesem luxuri\u00f6sen Ultima 15 Aschenbecher. Das rustikale Design dieses Aschenbechers aus Aluminium ist eine sch\u00f6ne Erg\u00e4nzung f\u00fcr Ihr Interieur.<\/p>\n<h2>Holgen B\u00e4ckstr\u00f6m und Bo Ljungberg<\/h2>\n<p>Seit 1965 arbeiten die Jugendfreunde Holger B\u00e4ckstr\u00f6m und Bo Ljungberg unter dem Namen Beck &amp; Jung zusammen. Das Besondere ist, dass dieses Duo schon damals einen Computer zur Umsetzung seiner Entw\u00fcrfe nutzte. Die Designer erlangten schnell internationalen Ruhm und haben mehrere Denkm\u00e4ler in Schweden und Europa entworfen. Der Aschenbecher Ultima 15 ist eines der bekanntesten Designs dieses Duos.<\/p>\n<h2 id=\"tw-target-text\" class=\"tw-data-text tw-text-large tw-ta\" dir=\"ltr\" data-placeholder=\"Vertaling\">Technische Daten Ultima 15 Aschenbecher<\/h2>\n<p dir=\"ltr\" data-placeholder=\"Vertaling\">Dieser Aluminiumaschenbecher f\u00fcr Zigarren ist in sehr gutem Zustand und hat einen abnehmbaren Deckel. Auf dem Boden des Aschenbechers ist das Logo des Herstellers eingraviert.<\/p>\n<p>Die Messungen sind:<\/p>\n<p>L\u00e4nge: 15 cm<br \/>\nBreite: 15 cm<br \/>\nH\u00f6he: 5 cm<\/p>\n<h2><strong>Geschichte von<\/strong> Glimakra Akvamatik<\/h2>\n<p>Akvamatik wurde 1948 in Schweden gegr\u00fcndet. Das Unternehmen spezialisierte sich urspr\u00fcnglich auf die Holzbearbeitung. Das Handwerk wurde von Generation zu Generation weitergegeben. Mitte der 1980er Jahre konzentrierte sich das Unternehmen zunehmend auf die Gestaltung von Interieurprodukten. Daf\u00fcr engagierte das Unternehmen verschiedene Designer. 2016 fusionierte das Unternehmen mit dem schwedischen Unternehmen Glimakra.<\/p>\n<p class=\"section\">Dieser Aschenbecher ist ca. 40 Jahre alt, deshalb bitten wir Sie, sich die Fotos genau anzusehen. So erhalten Sie einen guten Eindruck \u00fcber den Zustand des Aschenbechers. Wir haben auch andere Wohnaccessoires im <strong><a href=\"https:\/\/deenswonen.nl\/product-categorie\/producten\/\">Angebot<\/a><\/strong>. Suchen Sie ein bestimmtes Produkt? Bitte kontaktieren Sie uns. M\u00f6glicherweise haben wir das Produkt f\u00fcr Sie auf Lager oder k\u00f6nnen es f\u00fcr Sie suchen.<\/p>\n<p>Wir versenden alle unsere Produkte einfach verpackt mit Post NL. Unsere Produkte k\u00f6nnen auch nach Vereinbarung in Berkel en Rodenrijs abgeholt werden.<\/p>\n","protected":false},"excerpt":{"rendered":"<p>Sch\u00f6ner Ultima 15 Aschenbecher, entworfen f\u00fcr Akvamatik AB von Holger B\u00e4ckstr\u00f6m und Bo Ljungberg. Dieser Designklassiker stammt aus den 1970er Jahren und wird in Schweden hergestellt. Genie\u00dfen Sie Ihre Zigarre noch mehr mit diesem luxuri\u00f6sen Ultima 15 Aschenbecher. Das rustikale Design dieses Aschenbechers aus Aluminium ist eine sch\u00f6ne Erg\u00e4nzung f\u00fcr Ihr Interieur.<\/p>\n<p class=\"section\">Dieser Aschenbecher ist ca. 40 Jahre alt, deshalb bitten wir Sie, sich die Fotos genau anzusehen. So erhalten Sie einen guten Eindruck \u00fcber den Zustand des Aschenbechers. Wir haben auch andere Wohnaccessoires im <strong><a href=\"https:\/\/deenswonen.nl\/product-categorie\/producten\/\">Angebot<\/a><\/strong>. Suchen Sie ein bestimmtes Produkt? Bitte kontaktieren Sie uns. M\u00f6glicherweise haben wir das Produkt f\u00fcr Sie auf Lager oder k\u00f6nnen es f\u00fcr Sie suchen.<\/p>\n<p>Wir versenden alle unsere Produkte einfach verpackt mit Post NL. Unsere Produkte k\u00f6nnen auch nach Vereinbarung in Berkel en Rodenrijs abgeholt werden.<\/p>\n<p>&nbsp;<\/p>\n","protected":false},"featured_media":8004,"template":"","meta":[],"product_brand":[],"product_cat":[304,164,156],"product_tag":[],"class_list":{"0":"post-8019","1":"product","2":"type-product","3":"status-publish","4":"has-post-thumbnail","6":"product_cat-aschenbecher","7":"product_cat-bestseller","8":"product_cat-neu-eingetroffen","9":"thunk-woo-product-list","10":"opn-qv-enable","11":"top-store-woo-hover-swap","12":"top-store-single-product-tab-horizontal","13":"top-store-shadow-","14":"top-store-shadow-hover-","15":"top-store-swap-item-hover","17":"first","18":"outofstock","19":"taxable","20":"shipping-taxable","21":"purchasable","22":"product-type-simple"},"yoast_head":"<!-- This site is optimized with the Yoast SEO plugin v27.3 - https:\/\/yoast.com\/product\/yoast-seo-wordpress\/ -->\n<title>Ultima 15 Aschenbecher entworfen von Jungberg &amp; Backstrom<\/title>\n<meta name=\"description\" content=\"Ultima 15 Aschenbecher entworfen f\u00fcr Akvamatik AB von Holger B\u00e4ckstr\u00f6m und Bo Ljungberg. Dieser schwedische Designklassiker stammt aus den 1970er Jahren\" \/>\n<meta name=\"robots\" content=\"index, follow, max-snippet:-1, max-image-preview:large, max-video-preview:-1\" \/>\n<link rel=\"canonical\" href=\"https:\/\/deenswonen.nl\/de\/produkt\/ultima-15-aschenbecher-entworfen-von-jungberg-backstrom\/\" \/>\n<meta property=\"og:locale\" content=\"de_DE\" \/>\n<meta property=\"og:type\" content=\"article\" \/>\n<meta property=\"og:title\" content=\"Ultima 15 Aschenbecher entworfen von Jungberg &amp; Backstrom\" \/>\n<meta property=\"og:description\" content=\"Ultima 15 Aschenbecher entworfen f\u00fcr Akvamatik AB von Holger B\u00e4ckstr\u00f6m und Bo Ljungberg. Dieser schwedische Designklassiker stammt aus den 1970er Jahren\" \/>\n<meta property=\"og:url\" content=\"https:\/\/deenswonen.nl\/de\/produkt\/ultima-15-aschenbecher-entworfen-von-jungberg-backstrom\/\" \/>\n<meta property=\"og:site_name\" content=\"D\u00e4nisch leben\" \/>\n<meta property=\"og:image\" content=\"https:\/\/deenswonen.nl\/wp-content\/uploads\/2022\/11\/F8B95389-2E3E-452C-B2F0-B3C25ECB36FB.jpeg\" \/>\n\t<meta property=\"og:image:width\" content=\"640\" \/>\n\t<meta property=\"og:image:height\" content=\"480\" \/>\n\t<meta property=\"og:image:type\" content=\"image\/jpeg\" \/>\n<meta name=\"twitter:card\" content=\"summary_large_image\" \/>\n<meta name=\"twitter:label1\" content=\"Gesch\u00e4tzte Lesezeit\" \/>\n\t<meta name=\"twitter:data1\" content=\"2\u00a0Minuten\" \/>\n<script type=\"application\/ld+json\" class=\"yoast-schema-graph\">{\"@context\":\"https:\\\/\\\/schema.org\",\"@graph\":[{\"@type\":\"WebPage\",\"@id\":\"https:\\\/\\\/deenswonen.nl\\\/de\\\/produkt\\\/ultima-15-aschenbecher-entworfen-von-jungberg-backstrom\\\/\",\"url\":\"https:\\\/\\\/deenswonen.nl\\\/de\\\/produkt\\\/ultima-15-aschenbecher-entworfen-von-jungberg-backstrom\\\/\",\"name\":\"Ultima 15 Aschenbecher entworfen von Jungberg &amp; Backstrom\",\"isPartOf\":{\"@id\":\"https:\\\/\\\/deenswonen.nl\\\/de\\\/#website\"},\"primaryImageOfPage\":{\"@id\":\"https:\\\/\\\/deenswonen.nl\\\/de\\\/produkt\\\/ultima-15-aschenbecher-entworfen-von-jungberg-backstrom\\\/#primaryimage\"},\"image\":{\"@id\":\"https:\\\/\\\/deenswonen.nl\\\/de\\\/produkt\\\/ultima-15-aschenbecher-entworfen-von-jungberg-backstrom\\\/#primaryimage\"},\"thumbnailUrl\":\"https:\\\/\\\/i0.wp.com\\\/deenswonen.nl\\\/wp-content\\\/uploads\\\/2022\\\/11\\\/F8B95389-2E3E-452C-B2F0-B3C25ECB36FB.jpeg?fit=640%2C480&ssl=1\",\"datePublished\":\"2022-11-08T19:09:15+00:00\",\"description\":\"Ultima 15 Aschenbecher entworfen f\u00fcr Akvamatik AB von Holger B\u00e4ckstr\u00f6m und Bo Ljungberg. Dieser schwedische Designklassiker stammt aus den 1970er Jahren\",\"breadcrumb\":{\"@id\":\"https:\\\/\\\/deenswonen.nl\\\/de\\\/produkt\\\/ultima-15-aschenbecher-entworfen-von-jungberg-backstrom\\\/#breadcrumb\"},\"inLanguage\":\"de\",\"potentialAction\":[{\"@type\":\"ReadAction\",\"target\":[\"https:\\\/\\\/deenswonen.nl\\\/de\\\/produkt\\\/ultima-15-aschenbecher-entworfen-von-jungberg-backstrom\\\/\"]}]},{\"@type\":\"ImageObject\",\"inLanguage\":\"de\",\"@id\":\"https:\\\/\\\/deenswonen.nl\\\/de\\\/produkt\\\/ultima-15-aschenbecher-entworfen-von-jungberg-backstrom\\\/#primaryimage\",\"url\":\"https:\\\/\\\/i0.wp.com\\\/deenswonen.nl\\\/wp-content\\\/uploads\\\/2022\\\/11\\\/F8B95389-2E3E-452C-B2F0-B3C25ECB36FB.jpeg?fit=640%2C480&ssl=1\",\"contentUrl\":\"https:\\\/\\\/i0.wp.com\\\/deenswonen.nl\\\/wp-content\\\/uploads\\\/2022\\\/11\\\/F8B95389-2E3E-452C-B2F0-B3C25ECB36FB.jpeg?fit=640%2C480&ssl=1\",\"width\":640,\"height\":480,\"caption\":\"Bild des sch\u00f6nen Aschenbechers Ultima 15, der von Holger B\u00e4ckstr\u00f6m und Bo Ljungberg in Schweden f\u00fcr Akvamatik AB entworfen wurde und in dieser Anzeige angeboten wird.\"},{\"@type\":\"BreadcrumbList\",\"@id\":\"https:\\\/\\\/deenswonen.nl\\\/de\\\/produkt\\\/ultima-15-aschenbecher-entworfen-von-jungberg-backstrom\\\/#breadcrumb\",\"itemListElement\":[{\"@type\":\"ListItem\",\"position\":1,\"name\":\"Home\",\"item\":\"https:\\\/\\\/deenswonen.nl\\\/de\\\/daenisch-leben\\\/\"},{\"@type\":\"ListItem\",\"position\":2,\"name\":\"Winkel\",\"item\":\"https:\\\/\\\/deenswonen.nl\\\/winkel\\\/\"},{\"@type\":\"ListItem\",\"position\":3,\"name\":\"Ultima 15 Aschenbecher entworfen von Jungberg &amp; Backstrom\"}]},{\"@type\":\"WebSite\",\"@id\":\"https:\\\/\\\/deenswonen.nl\\\/de\\\/#website\",\"url\":\"https:\\\/\\\/deenswonen.nl\\\/de\\\/\",\"name\":\"Deens wonen\",\"description\":\"Vintage skandinavische Wohnaccessoires\",\"publisher\":{\"@id\":\"https:\\\/\\\/deenswonen.nl\\\/de\\\/#organization\"},\"potentialAction\":[{\"@type\":\"SearchAction\",\"target\":{\"@type\":\"EntryPoint\",\"urlTemplate\":\"https:\\\/\\\/deenswonen.nl\\\/de\\\/?s={search_term_string}\"},\"query-input\":{\"@type\":\"PropertyValueSpecification\",\"valueRequired\":true,\"valueName\":\"search_term_string\"}}],\"inLanguage\":\"de\"},{\"@type\":\"Organization\",\"@id\":\"https:\\\/\\\/deenswonen.nl\\\/de\\\/#organization\",\"name\":\"D\u00e4nisch leben\",\"url\":\"https:\\\/\\\/deenswonen.nl\\\/de\\\/\",\"logo\":{\"@type\":\"ImageObject\",\"inLanguage\":\"de\",\"@id\":\"https:\\\/\\\/deenswonen.nl\\\/de\\\/#\\\/schema\\\/logo\\\/image\\\/\",\"url\":\"https:\\\/\\\/i0.wp.com\\\/deenswonen.nl\\\/wp-content\\\/uploads\\\/2021\\\/11\\\/51ECE736-8380-4D65-ACA6-DE74174F3C35_1_201_a.jpeg?fit=1200%2C675&ssl=1\",\"contentUrl\":\"https:\\\/\\\/i0.wp.com\\\/deenswonen.nl\\\/wp-content\\\/uploads\\\/2021\\\/11\\\/51ECE736-8380-4D65-ACA6-DE74174F3C35_1_201_a.jpeg?fit=1200%2C675&ssl=1\",\"width\":1200,\"height\":675,\"caption\":\"D\u00e4nisch leben\"},\"image\":{\"@id\":\"https:\\\/\\\/deenswonen.nl\\\/de\\\/#\\\/schema\\\/logo\\\/image\\\/\"}}]}<\/script>\n<!-- \/ Yoast SEO plugin. -->","yoast_head_json":{"title":"Ultima 15 Aschenbecher entworfen von Jungberg &amp; Backstrom","description":"Ultima 15 Aschenbecher entworfen f\u00fcr Akvamatik AB von Holger B\u00e4ckstr\u00f6m und Bo Ljungberg. Dieser schwedische Designklassiker stammt aus den 1970er Jahren","robots":{"index":"index","follow":"follow","max-snippet":"max-snippet:-1","max-image-preview":"max-image-preview:large","max-video-preview":"max-video-preview:-1"},"canonical":"https:\/\/deenswonen.nl\/de\/produkt\/ultima-15-aschenbecher-entworfen-von-jungberg-backstrom\/","og_locale":"de_DE","og_type":"article","og_title":"Ultima 15 Aschenbecher entworfen von Jungberg &amp; Backstrom","og_description":"Ultima 15 Aschenbecher entworfen f\u00fcr Akvamatik AB von Holger B\u00e4ckstr\u00f6m und Bo Ljungberg. Dieser schwedische Designklassiker stammt aus den 1970er Jahren","og_url":"https:\/\/deenswonen.nl\/de\/produkt\/ultima-15-aschenbecher-entworfen-von-jungberg-backstrom\/","og_site_name":"D\u00e4nisch leben","og_image":[{"width":640,"height":480,"url":"https:\/\/deenswonen.nl\/wp-content\/uploads\/2022\/11\/F8B95389-2E3E-452C-B2F0-B3C25ECB36FB.jpeg","type":"image\/jpeg"}],"twitter_card":"summary_large_image","twitter_misc":{"Gesch\u00e4tzte Lesezeit":"2\u00a0Minuten"},"schema":{"@context":"https:\/\/schema.org","@graph":[{"@type":"WebPage","@id":"https:\/\/deenswonen.nl\/de\/produkt\/ultima-15-aschenbecher-entworfen-von-jungberg-backstrom\/","url":"https:\/\/deenswonen.nl\/de\/produkt\/ultima-15-aschenbecher-entworfen-von-jungberg-backstrom\/","name":"Ultima 15 Aschenbecher entworfen von Jungberg &amp; Backstrom","isPartOf":{"@id":"https:\/\/deenswonen.nl\/de\/#website"},"primaryImageOfPage":{"@id":"https:\/\/deenswonen.nl\/de\/produkt\/ultima-15-aschenbecher-entworfen-von-jungberg-backstrom\/#primaryimage"},"image":{"@id":"https:\/\/deenswonen.nl\/de\/produkt\/ultima-15-aschenbecher-entworfen-von-jungberg-backstrom\/#primaryimage"},"thumbnailUrl":"https:\/\/i0.wp.com\/deenswonen.nl\/wp-content\/uploads\/2022\/11\/F8B95389-2E3E-452C-B2F0-B3C25ECB36FB.jpeg?fit=640%2C480&ssl=1","datePublished":"2022-11-08T19:09:15+00:00","description":"Ultima 15 Aschenbecher entworfen f\u00fcr Akvamatik AB von Holger B\u00e4ckstr\u00f6m und Bo Ljungberg. Dieser schwedische Designklassiker stammt aus den 1970er Jahren","breadcrumb":{"@id":"https:\/\/deenswonen.nl\/de\/produkt\/ultima-15-aschenbecher-entworfen-von-jungberg-backstrom\/#breadcrumb"},"inLanguage":"de","potentialAction":[{"@type":"ReadAction","target":["https:\/\/deenswonen.nl\/de\/produkt\/ultima-15-aschenbecher-entworfen-von-jungberg-backstrom\/"]}]},{"@type":"ImageObject","inLanguage":"de","@id":"https:\/\/deenswonen.nl\/de\/produkt\/ultima-15-aschenbecher-entworfen-von-jungberg-backstrom\/#primaryimage","url":"https:\/\/i0.wp.com\/deenswonen.nl\/wp-content\/uploads\/2022\/11\/F8B95389-2E3E-452C-B2F0-B3C25ECB36FB.jpeg?fit=640%2C480&ssl=1","contentUrl":"https:\/\/i0.wp.com\/deenswonen.nl\/wp-content\/uploads\/2022\/11\/F8B95389-2E3E-452C-B2F0-B3C25ECB36FB.jpeg?fit=640%2C480&ssl=1","width":640,"height":480,"caption":"Bild des sch\u00f6nen Aschenbechers Ultima 15, der von Holger B\u00e4ckstr\u00f6m und Bo Ljungberg in Schweden f\u00fcr Akvamatik AB entworfen wurde und in dieser Anzeige angeboten wird."},{"@type":"BreadcrumbList","@id":"https:\/\/deenswonen.nl\/de\/produkt\/ultima-15-aschenbecher-entworfen-von-jungberg-backstrom\/#breadcrumb","itemListElement":[{"@type":"ListItem","position":1,"name":"Home","item":"https:\/\/deenswonen.nl\/de\/daenisch-leben\/"},{"@type":"ListItem","position":2,"name":"Winkel","item":"https:\/\/deenswonen.nl\/winkel\/"},{"@type":"ListItem","position":3,"name":"Ultima 15 Aschenbecher entworfen von Jungberg &amp; Backstrom"}]},{"@type":"WebSite","@id":"https:\/\/deenswonen.nl\/de\/#website","url":"https:\/\/deenswonen.nl\/de\/","name":"Deens wonen","description":"Vintage skandinavische Wohnaccessoires","publisher":{"@id":"https:\/\/deenswonen.nl\/de\/#organization"},"potentialAction":[{"@type":"SearchAction","target":{"@type":"EntryPoint","urlTemplate":"https:\/\/deenswonen.nl\/de\/?s={search_term_string}"},"query-input":{"@type":"PropertyValueSpecification","valueRequired":true,"valueName":"search_term_string"}}],"inLanguage":"de"},{"@type":"Organization","@id":"https:\/\/deenswonen.nl\/de\/#organization","name":"D\u00e4nisch leben","url":"https:\/\/deenswonen.nl\/de\/","logo":{"@type":"ImageObject","inLanguage":"de","@id":"https:\/\/deenswonen.nl\/de\/#\/schema\/logo\/image\/","url":"https:\/\/i0.wp.com\/deenswonen.nl\/wp-content\/uploads\/2021\/11\/51ECE736-8380-4D65-ACA6-DE74174F3C35_1_201_a.jpeg?fit=1200%2C675&ssl=1","contentUrl":"https:\/\/i0.wp.com\/deenswonen.nl\/wp-content\/uploads\/2021\/11\/51ECE736-8380-4D65-ACA6-DE74174F3C35_1_201_a.jpeg?fit=1200%2C675&ssl=1","width":1200,"height":675,"caption":"D\u00e4nisch leben"},"image":{"@id":"https:\/\/deenswonen.nl\/de\/#\/schema\/logo\/image\/"}}]}},"jetpack_sharing_enabled":true,"_links":{"self":[{"href":"https:\/\/deenswonen.nl\/de\/wp-json\/wp\/v2\/product\/8019","targetHints":{"allow":["GET"]}}],"collection":[{"href":"https:\/\/deenswonen.nl\/de\/wp-json\/wp\/v2\/product"}],"about":[{"href":"https:\/\/deenswonen.nl\/de\/wp-json\/wp\/v2\/types\/product"}],"wp:featuredmedia":[{"embeddable":true,"href":"https:\/\/deenswonen.nl\/de\/wp-json\/wp\/v2\/media\/8004"}],"wp:attachment":[{"href":"https:\/\/deenswonen.nl\/de\/wp-json\/wp\/v2\/media?parent=8019"}],"wp:term":[{"taxonomy":"product_brand","embeddable":true,"href":"https:\/\/deenswonen.nl\/de\/wp-json\/wp\/v2\/product_brand?post=8019"},{"taxonomy":"product_cat","embeddable":true,"href":"https:\/\/deenswonen.nl\/de\/wp-json\/wp\/v2\/product_cat?post=8019"},{"taxonomy":"product_tag","embeddable":true,"href":"https:\/\/deenswonen.nl\/de\/wp-json\/wp\/v2\/product_tag?post=8019"}],"curies":[{"name":"wp","href":"https:\/\/api.w.org\/{rel}","templated":true}]}}