{"id":7032,"date":"2022-06-19T11:35:33","date_gmt":"2022-06-19T09:35:33","guid":{"rendered":"https:\/\/deenswonen.nl\/?post_type=product&#038;p=7032"},"modified":"2023-10-12T20:49:40","modified_gmt":"2023-10-12T18:49:40","slug":"iittala-arkipelago-leuchter-quadrat-2","status":"publish","type":"product","link":"https:\/\/deenswonen.nl\/de\/produkt\/iittala-arkipelago-leuchter-quadrat-2\/","title":{"rendered":"Iittala Arkipelago Kerzenst\u00e4nder quadratisch"},"content":{"rendered":"<p>Der quadratische Kerzenhalter Iittala Arkipelago des K\u00fcnstlers Timo Sarpaneva wurde in den 80er Jahren eingef\u00fchrt. In den folgenden Jahrzehnten wurde der Kerzenhalter zu einem festen Bestandteil des modernen finnischen Designs. Das Glasobjekt mit seiner ovalen Form, die wie Eis aussieht, f\u00fcgt jedem Interieur ein einzigartiges und elegantes Element hinzu. Die Karzenhalter gibt es in verschiedenen Gr\u00f6\u00dfen und sie sind einzeln oder in der Gruppe eine Augenweide.<\/p>\n<p>Der elegante Iittala Arkipelago Kerzenhalter quadratisch f\u00fcgt jedem Interieur ein markantes Element hinzu. Erzeugt ein weiches Ambiente. Ein perfektes Geschenk f\u00fcr Hochzeiten, Jubil\u00e4en oder Geburtstage. Der Kerzenhalter ist nur f\u00fcr Spitzkerzen geeignet.<\/p>\n<h2>Design <span lang=\"nl\">Iittala Arkipelago Kerzenst\u00e4nder quadratisch<\/span><\/h2>\n<p>Einige Jahre zuvor entwarf Timo Sarpaneva den Kerzenhalter Festivo. Urspr\u00fcnglich als Weinglas f\u00fcr sich. Der Inhalt einer ganzen Flasche Wein musste in ein einziges Glas passen. Das Ergebnis war ein eisiges Glas mit grober Struktur, dessen Kelch und Fu\u00df getrennt voneinander geblasen wurden. Als in der Manufaktur die F\u00fc\u00dfe der Gl\u00e4ser von den Kelchen getrennt wurden, entstand die Idee, sie als Kerzenst\u00e4nder zu verwenden \u2013 somit war der Prototyp eines neuen Klassikers geboren. Die <span lang=\"nl\">Festivo<\/span>-Serie wird seit 1967 hergestellt und ist zu Recht eine Ikone im finnischen Interieur.<\/p>\n<p>F\u00fcr diesen Arkipelago-Kerzenhalter lie\u00df er sich erneut vom Design des Festivo-Kerzenhalters inspirieren. Dieses Mal mit einer glatten Au\u00dfenseite, aber mit dem gleichen rauen Aussehen auf der Innenseite des Kerzenhalters.<\/p>\n<h2 class=\"tw-data-text tw-text-large XcVN5d tw-ta\" dir=\"ltr\" data-placeholder=\"Vertaling\"><span lang=\"nl\">Spezifikationen <\/span><\/h2>\n<p class=\"tw-data-text tw-text-large XcVN5d tw-ta\" dir=\"ltr\" data-placeholder=\"Vertaling\"><span lang=\"nl\">Dieser sch\u00f6ne Kerzenhalter ist in gutem Zustand. Die H\u00f6he<\/span> <span lang=\"nl\">ist<\/span> <span lang=\"nl\">135mm.<\/span><\/p>\n<p>Dieser Leuchter ist etwa 25 Jahre alt, deshalb bitten wir Sie, sich die Fotos genau anzusehen. So erhalten Sie einen guten Eindruck vom Zustand des Leuchters. M\u00f6glicherweise haben wir mehrere Modelle mit unterschiedlichen Abmessungen dieses Kerzenhalters zur <strong><a href=\"https:\/\/deenswonen.nl\/product-categorie\/merken\/iittala\/\">Verf\u00fcgung<\/a><\/strong>.<\/p>\n<p>Wir versenden alle unsere Produkte sorgf\u00e4ltig verpackt. Unsere Produkte k\u00f6nnen auch nach Vereinbarung in Berkel en Rodenrijs abgeholt werden.<\/p>\n","protected":false},"excerpt":{"rendered":"<p>Der quadratische Kerzenhalter Iittala Arkipelago des K\u00fcnstlers Timo Sarpaneva wurde in den 80er Jahren eingef\u00fchrt. In den folgenden Jahrzehnten wurde der Kerzenhalter zu einem festen Bestandteil des modernen finnischen Designs. Das Glasobjekt mit seiner dreieckigen Form, die wie Eis aussieht, f\u00fcgt jedem Interieur ein einzigartiges und elegantes Element hinzu. Die Karzenhalter gibt es in verschiedenen Gr\u00f6\u00dfen und sie sind einzeln oder in der Gruppe eine Augenweide.<\/p>\n<p>Der elegante Iittala Arkipelago Kerzenhalter quadratisch f\u00fcgt jedem Interieur ein markantes Element hinzu. Erzeugt ein weiches Ambiente. Ein perfektes Geschenk f\u00fcr Hochzeiten, Jubil\u00e4en oder Geburtstage. Der Kerzenhalter ist nur f\u00fcr Spitzkerzen geeignet.<\/p>\n<p class=\"tw-data-text tw-text-large XcVN5d tw-ta\" dir=\"ltr\" data-placeholder=\"Vertaling\"><span lang=\"nl\">Dieser sch\u00f6ne Kerzenhalter ist in gutem Zustand. Der Kerzenhalter hat keine Besch\u00e4digungen oder Chips. Die H\u00f6he<\/span> <span lang=\"nl\">ist<\/span> <span lang=\"nl\">135mm.<\/span><\/p>\n<p>Dieser Leuchter ist etwa 25 Jahre alt, deshalb bitten wir Sie, sich die Fotos genau anzusehen. So erhalten Sie einen guten Eindruck vom Zustand des Leuchters. M\u00f6glicherweise haben wir mehrere Modelle <strong><a href=\"https:\/\/deenswonen.nl\/product-categorie\/merken\/iittala\/\">verf\u00fcgbar.<\/a><\/strong><\/p>\n<p>&nbsp;<\/p>\n","protected":false},"featured_media":7038,"template":"","meta":[],"product_brand":[],"product_cat":[164,100,168,156],"product_tag":[],"class_list":{"0":"post-7032","1":"product","2":"type-product","3":"status-publish","4":"has-post-thumbnail","6":"product_cat-bestseller","7":"product_cat-iittala-de","8":"product_cat-kerzenleuchter","9":"product_cat-neu-eingetroffen","10":"thunk-woo-product-list","11":"opn-qv-enable","12":"top-store-woo-hover-swap","13":"top-store-single-product-tab-horizontal","14":"top-store-shadow-","15":"top-store-shadow-hover-","16":"top-store-swap-item-hover","18":"first","19":"outofstock","20":"taxable","21":"shipping-taxable","22":"purchasable","23":"product-type-simple"},"yoast_head":"<!-- This site is optimized with the Yoast SEO plugin v27.3 - https:\/\/yoast.com\/product\/yoast-seo-wordpress\/ -->\n<title>Iittala Arkipelago Kerzenst\u00e4nder quadratisch - Vintage<\/title>\n<meta name=\"description\" content=\"Kerzenst\u00e4nder Iittala Arkipelago Quadratisch f\u00fcgt jedem Interieur ein markantes Element hinzu. Sehen Sie sich hier unsere Kollektion an.\" \/>\n<meta name=\"robots\" content=\"index, follow, max-snippet:-1, max-image-preview:large, max-video-preview:-1\" \/>\n<link rel=\"canonical\" href=\"https:\/\/deenswonen.nl\/de\/produkt\/iittala-arkipelago-leuchter-quadrat-2\/\" \/>\n<meta property=\"og:locale\" content=\"de_DE\" \/>\n<meta property=\"og:type\" content=\"article\" \/>\n<meta property=\"og:title\" content=\"Iittala Arkipelago Kerzenst\u00e4nder quadratisch - Vintage\" \/>\n<meta property=\"og:description\" content=\"Kerzenst\u00e4nder Iittala Arkipelago Quadratisch f\u00fcgt jedem Interieur ein markantes Element hinzu. Sehen Sie sich hier unsere Kollektion an.\" \/>\n<meta property=\"og:url\" content=\"https:\/\/deenswonen.nl\/de\/produkt\/iittala-arkipelago-leuchter-quadrat-2\/\" \/>\n<meta property=\"og:site_name\" content=\"D\u00e4nisch leben\" \/>\n<meta property=\"article:modified_time\" content=\"2023-10-12T18:49:40+00:00\" \/>\n<meta property=\"og:image\" content=\"https:\/\/deenswonen.nl\/wp-content\/uploads\/2022\/06\/615E38CF-A996-46FA-99B6-50E7A04059EC.jpeg\" \/>\n\t<meta property=\"og:image:width\" content=\"480\" \/>\n\t<meta property=\"og:image:height\" content=\"640\" \/>\n\t<meta property=\"og:image:type\" content=\"image\/jpeg\" \/>\n<meta name=\"twitter:card\" content=\"summary_large_image\" \/>\n<meta name=\"twitter:label1\" content=\"Gesch\u00e4tzte Lesezeit\" \/>\n\t<meta name=\"twitter:data1\" content=\"2\u00a0Minuten\" \/>\n<script type=\"application\/ld+json\" class=\"yoast-schema-graph\">{\"@context\":\"https:\\\/\\\/schema.org\",\"@graph\":[{\"@type\":\"WebPage\",\"@id\":\"https:\\\/\\\/deenswonen.nl\\\/de\\\/produkt\\\/iittala-arkipelago-leuchter-quadrat-2\\\/\",\"url\":\"https:\\\/\\\/deenswonen.nl\\\/de\\\/produkt\\\/iittala-arkipelago-leuchter-quadrat-2\\\/\",\"name\":\"Iittala Arkipelago Kerzenst\u00e4nder quadratisch - Vintage\",\"isPartOf\":{\"@id\":\"https:\\\/\\\/deenswonen.nl\\\/de\\\/#website\"},\"primaryImageOfPage\":{\"@id\":\"https:\\\/\\\/deenswonen.nl\\\/de\\\/produkt\\\/iittala-arkipelago-leuchter-quadrat-2\\\/#primaryimage\"},\"image\":{\"@id\":\"https:\\\/\\\/deenswonen.nl\\\/de\\\/produkt\\\/iittala-arkipelago-leuchter-quadrat-2\\\/#primaryimage\"},\"thumbnailUrl\":\"https:\\\/\\\/i0.wp.com\\\/deenswonen.nl\\\/wp-content\\\/uploads\\\/2022\\\/06\\\/615E38CF-A996-46FA-99B6-50E7A04059EC.jpeg?fit=480%2C640&ssl=1\",\"datePublished\":\"2022-06-19T09:35:33+00:00\",\"dateModified\":\"2023-10-12T18:49:40+00:00\",\"description\":\"Kerzenst\u00e4nder Iittala Arkipelago Quadratisch f\u00fcgt jedem Interieur ein markantes Element hinzu. Sehen Sie sich hier unsere Kollektion an.\",\"breadcrumb\":{\"@id\":\"https:\\\/\\\/deenswonen.nl\\\/de\\\/produkt\\\/iittala-arkipelago-leuchter-quadrat-2\\\/#breadcrumb\"},\"inLanguage\":\"de\",\"potentialAction\":[{\"@type\":\"ReadAction\",\"target\":[\"https:\\\/\\\/deenswonen.nl\\\/de\\\/produkt\\\/iittala-arkipelago-leuchter-quadrat-2\\\/\"]}]},{\"@type\":\"ImageObject\",\"inLanguage\":\"de\",\"@id\":\"https:\\\/\\\/deenswonen.nl\\\/de\\\/produkt\\\/iittala-arkipelago-leuchter-quadrat-2\\\/#primaryimage\",\"url\":\"https:\\\/\\\/i0.wp.com\\\/deenswonen.nl\\\/wp-content\\\/uploads\\\/2022\\\/06\\\/615E38CF-A996-46FA-99B6-50E7A04059EC.jpeg?fit=480%2C640&ssl=1\",\"contentUrl\":\"https:\\\/\\\/i0.wp.com\\\/deenswonen.nl\\\/wp-content\\\/uploads\\\/2022\\\/06\\\/615E38CF-A996-46FA-99B6-50E7A04059EC.jpeg?fit=480%2C640&ssl=1\",\"width\":480,\"height\":640,\"caption\":\"Afbeelding van de Iittala Arkipelago Kandelaar vierkant die in deze advertentie wordt aangeboden\"},{\"@type\":\"BreadcrumbList\",\"@id\":\"https:\\\/\\\/deenswonen.nl\\\/de\\\/produkt\\\/iittala-arkipelago-leuchter-quadrat-2\\\/#breadcrumb\",\"itemListElement\":[{\"@type\":\"ListItem\",\"position\":1,\"name\":\"Home\",\"item\":\"https:\\\/\\\/deenswonen.nl\\\/de\\\/daenisch-leben\\\/\"},{\"@type\":\"ListItem\",\"position\":2,\"name\":\"Winkel\",\"item\":\"https:\\\/\\\/deenswonen.nl\\\/winkel\\\/\"},{\"@type\":\"ListItem\",\"position\":3,\"name\":\"Iittala Arkipelago Kerzenst\u00e4nder quadratisch\"}]},{\"@type\":\"WebSite\",\"@id\":\"https:\\\/\\\/deenswonen.nl\\\/de\\\/#website\",\"url\":\"https:\\\/\\\/deenswonen.nl\\\/de\\\/\",\"name\":\"Deens wonen\",\"description\":\"Vintage skandinavische Wohnaccessoires\",\"publisher\":{\"@id\":\"https:\\\/\\\/deenswonen.nl\\\/de\\\/#organization\"},\"potentialAction\":[{\"@type\":\"SearchAction\",\"target\":{\"@type\":\"EntryPoint\",\"urlTemplate\":\"https:\\\/\\\/deenswonen.nl\\\/de\\\/?s={search_term_string}\"},\"query-input\":{\"@type\":\"PropertyValueSpecification\",\"valueRequired\":true,\"valueName\":\"search_term_string\"}}],\"inLanguage\":\"de\"},{\"@type\":\"Organization\",\"@id\":\"https:\\\/\\\/deenswonen.nl\\\/de\\\/#organization\",\"name\":\"D\u00e4nisch leben\",\"url\":\"https:\\\/\\\/deenswonen.nl\\\/de\\\/\",\"logo\":{\"@type\":\"ImageObject\",\"inLanguage\":\"de\",\"@id\":\"https:\\\/\\\/deenswonen.nl\\\/de\\\/#\\\/schema\\\/logo\\\/image\\\/\",\"url\":\"https:\\\/\\\/i0.wp.com\\\/deenswonen.nl\\\/wp-content\\\/uploads\\\/2021\\\/11\\\/51ECE736-8380-4D65-ACA6-DE74174F3C35_1_201_a.jpeg?fit=1200%2C675&ssl=1\",\"contentUrl\":\"https:\\\/\\\/i0.wp.com\\\/deenswonen.nl\\\/wp-content\\\/uploads\\\/2021\\\/11\\\/51ECE736-8380-4D65-ACA6-DE74174F3C35_1_201_a.jpeg?fit=1200%2C675&ssl=1\",\"width\":1200,\"height\":675,\"caption\":\"D\u00e4nisch leben\"},\"image\":{\"@id\":\"https:\\\/\\\/deenswonen.nl\\\/de\\\/#\\\/schema\\\/logo\\\/image\\\/\"}}]}<\/script>\n<!-- \/ Yoast SEO plugin. -->","yoast_head_json":{"title":"Iittala Arkipelago Kerzenst\u00e4nder quadratisch - Vintage","description":"Kerzenst\u00e4nder Iittala Arkipelago Quadratisch f\u00fcgt jedem Interieur ein markantes Element hinzu. Sehen Sie sich hier unsere Kollektion an.","robots":{"index":"index","follow":"follow","max-snippet":"max-snippet:-1","max-image-preview":"max-image-preview:large","max-video-preview":"max-video-preview:-1"},"canonical":"https:\/\/deenswonen.nl\/de\/produkt\/iittala-arkipelago-leuchter-quadrat-2\/","og_locale":"de_DE","og_type":"article","og_title":"Iittala Arkipelago Kerzenst\u00e4nder quadratisch - Vintage","og_description":"Kerzenst\u00e4nder Iittala Arkipelago Quadratisch f\u00fcgt jedem Interieur ein markantes Element hinzu. Sehen Sie sich hier unsere Kollektion an.","og_url":"https:\/\/deenswonen.nl\/de\/produkt\/iittala-arkipelago-leuchter-quadrat-2\/","og_site_name":"D\u00e4nisch leben","article_modified_time":"2023-10-12T18:49:40+00:00","og_image":[{"width":480,"height":640,"url":"https:\/\/deenswonen.nl\/wp-content\/uploads\/2022\/06\/615E38CF-A996-46FA-99B6-50E7A04059EC.jpeg","type":"image\/jpeg"}],"twitter_card":"summary_large_image","twitter_misc":{"Gesch\u00e4tzte Lesezeit":"2\u00a0Minuten"},"schema":{"@context":"https:\/\/schema.org","@graph":[{"@type":"WebPage","@id":"https:\/\/deenswonen.nl\/de\/produkt\/iittala-arkipelago-leuchter-quadrat-2\/","url":"https:\/\/deenswonen.nl\/de\/produkt\/iittala-arkipelago-leuchter-quadrat-2\/","name":"Iittala Arkipelago Kerzenst\u00e4nder quadratisch - Vintage","isPartOf":{"@id":"https:\/\/deenswonen.nl\/de\/#website"},"primaryImageOfPage":{"@id":"https:\/\/deenswonen.nl\/de\/produkt\/iittala-arkipelago-leuchter-quadrat-2\/#primaryimage"},"image":{"@id":"https:\/\/deenswonen.nl\/de\/produkt\/iittala-arkipelago-leuchter-quadrat-2\/#primaryimage"},"thumbnailUrl":"https:\/\/i0.wp.com\/deenswonen.nl\/wp-content\/uploads\/2022\/06\/615E38CF-A996-46FA-99B6-50E7A04059EC.jpeg?fit=480%2C640&ssl=1","datePublished":"2022-06-19T09:35:33+00:00","dateModified":"2023-10-12T18:49:40+00:00","description":"Kerzenst\u00e4nder Iittala Arkipelago Quadratisch f\u00fcgt jedem Interieur ein markantes Element hinzu. Sehen Sie sich hier unsere Kollektion an.","breadcrumb":{"@id":"https:\/\/deenswonen.nl\/de\/produkt\/iittala-arkipelago-leuchter-quadrat-2\/#breadcrumb"},"inLanguage":"de","potentialAction":[{"@type":"ReadAction","target":["https:\/\/deenswonen.nl\/de\/produkt\/iittala-arkipelago-leuchter-quadrat-2\/"]}]},{"@type":"ImageObject","inLanguage":"de","@id":"https:\/\/deenswonen.nl\/de\/produkt\/iittala-arkipelago-leuchter-quadrat-2\/#primaryimage","url":"https:\/\/i0.wp.com\/deenswonen.nl\/wp-content\/uploads\/2022\/06\/615E38CF-A996-46FA-99B6-50E7A04059EC.jpeg?fit=480%2C640&ssl=1","contentUrl":"https:\/\/i0.wp.com\/deenswonen.nl\/wp-content\/uploads\/2022\/06\/615E38CF-A996-46FA-99B6-50E7A04059EC.jpeg?fit=480%2C640&ssl=1","width":480,"height":640,"caption":"Afbeelding van de Iittala Arkipelago Kandelaar vierkant die in deze advertentie wordt aangeboden"},{"@type":"BreadcrumbList","@id":"https:\/\/deenswonen.nl\/de\/produkt\/iittala-arkipelago-leuchter-quadrat-2\/#breadcrumb","itemListElement":[{"@type":"ListItem","position":1,"name":"Home","item":"https:\/\/deenswonen.nl\/de\/daenisch-leben\/"},{"@type":"ListItem","position":2,"name":"Winkel","item":"https:\/\/deenswonen.nl\/winkel\/"},{"@type":"ListItem","position":3,"name":"Iittala Arkipelago Kerzenst\u00e4nder quadratisch"}]},{"@type":"WebSite","@id":"https:\/\/deenswonen.nl\/de\/#website","url":"https:\/\/deenswonen.nl\/de\/","name":"Deens wonen","description":"Vintage skandinavische Wohnaccessoires","publisher":{"@id":"https:\/\/deenswonen.nl\/de\/#organization"},"potentialAction":[{"@type":"SearchAction","target":{"@type":"EntryPoint","urlTemplate":"https:\/\/deenswonen.nl\/de\/?s={search_term_string}"},"query-input":{"@type":"PropertyValueSpecification","valueRequired":true,"valueName":"search_term_string"}}],"inLanguage":"de"},{"@type":"Organization","@id":"https:\/\/deenswonen.nl\/de\/#organization","name":"D\u00e4nisch leben","url":"https:\/\/deenswonen.nl\/de\/","logo":{"@type":"ImageObject","inLanguage":"de","@id":"https:\/\/deenswonen.nl\/de\/#\/schema\/logo\/image\/","url":"https:\/\/i0.wp.com\/deenswonen.nl\/wp-content\/uploads\/2021\/11\/51ECE736-8380-4D65-ACA6-DE74174F3C35_1_201_a.jpeg?fit=1200%2C675&ssl=1","contentUrl":"https:\/\/i0.wp.com\/deenswonen.nl\/wp-content\/uploads\/2021\/11\/51ECE736-8380-4D65-ACA6-DE74174F3C35_1_201_a.jpeg?fit=1200%2C675&ssl=1","width":1200,"height":675,"caption":"D\u00e4nisch leben"},"image":{"@id":"https:\/\/deenswonen.nl\/de\/#\/schema\/logo\/image\/"}}]}},"jetpack_sharing_enabled":true,"_links":{"self":[{"href":"https:\/\/deenswonen.nl\/de\/wp-json\/wp\/v2\/product\/7032","targetHints":{"allow":["GET"]}}],"collection":[{"href":"https:\/\/deenswonen.nl\/de\/wp-json\/wp\/v2\/product"}],"about":[{"href":"https:\/\/deenswonen.nl\/de\/wp-json\/wp\/v2\/types\/product"}],"wp:featuredmedia":[{"embeddable":true,"href":"https:\/\/deenswonen.nl\/de\/wp-json\/wp\/v2\/media\/7038"}],"wp:attachment":[{"href":"https:\/\/deenswonen.nl\/de\/wp-json\/wp\/v2\/media?parent=7032"}],"wp:term":[{"taxonomy":"product_brand","embeddable":true,"href":"https:\/\/deenswonen.nl\/de\/wp-json\/wp\/v2\/product_brand?post=7032"},{"taxonomy":"product_cat","embeddable":true,"href":"https:\/\/deenswonen.nl\/de\/wp-json\/wp\/v2\/product_cat?post=7032"},{"taxonomy":"product_tag","embeddable":true,"href":"https:\/\/deenswonen.nl\/de\/wp-json\/wp\/v2\/product_tag?post=7032"}],"curies":[{"name":"wp","href":"https:\/\/api.w.org\/{rel}","templated":true}]}}