{"id":4457,"date":"2022-03-10T15:49:09","date_gmt":"2022-03-10T14:49:09","guid":{"rendered":"https:\/\/deenswonen.nl\/?post_type=product&#038;p=4457"},"modified":"2024-07-25T20:14:28","modified_gmt":"2024-07-25T18:14:28","slug":"iittala-kivi-atmosphere-light-60-mm-kobaltblau","status":"publish","type":"product","link":"https:\/\/deenswonen.nl\/de\/produkt\/iittala-kivi-atmosphere-light-60-mm-kobaltblau\/","title":{"rendered":"Iittala Kivi Stimmungslicht 60 mm kobaltblau"},"content":{"rendered":"<h2 id=\"tw-target-text\" class=\"tw-data-text tw-text-large XcVN5d tw-ta\" dir=\"ltr\" data-placeholder=\"Vertaling\">Iittala Kivi Stimmungslicht 60 mm kobaltblau<\/h2>\n<p id=\"tw-target-text\" class=\"tw-data-text tw-text-large XcVN5d tw-ta\" dir=\"ltr\" data-placeholder=\"Vertaling\">Wundersch\u00f6nes Iittala Kivi Stimmungslicht 60 mm in der Farbe Kobaltblau. Die iittala Kivis werden in der Glasmanufaktur von Iittala in Finnland von Hand gepresst. Sie wurden auch in einer breiten Palette von Farben ver\u00f6ffentlicht. Iittala produziert jeden Kivi nach einem eigenen Glasrezept, das f\u00fcr diese Farbe entwickelt wurde. Dadurch erh\u00e4lt das dicke Glas einen sanften Glanz. Dies verleiht jedem Interieur eine warme Atmosph\u00e4re. Au\u00dferdem sind die Windlichter auf der Unterseite mit Mari Mekko gekennzeichnet.<\/p>\n<p>  Dieses Kivi Stimmungslicht in der Farbe kobaltblaues Glas unterstreicht das schlichte und elegante Design dieses Teelichthalters. Kombinieren Sie zum Beispiel mehrere Kivis in verschiedenen Farben miteinander. So k\u00f6nnen Sie Ihre eigene skandinavische Umgebung gestalten. Das Iittala Kivi Stimmungslicht 60 mm f\u00fcgt jedem Interieur ein dezentes Element hinzu. Dadurch schaffen Sie ein weiches Ambiente. Daher ist es ein perfektes Geschenk f\u00fcr Hochzeiten, Jubil\u00e4en oder Geburtstage. Das Stimmungslicht ist f\u00fcr Teelichter geeignet.  <\/p>\n<h2>Entwurf <span lang=\"nl\">Iittala Kivi<\/span> <\/h2>\n<p>  Der Name Kivi leitet sich vom finnischen Wort f\u00fcr Stein ab. Diese kleinen Lichtjuwelen wurden 1988 von Heikki Orvola entworfen. Die Kivis bereichern das Licht der Flamme und machen das Licht noch intensiver. Das Besondere an den iittala Kivis ist, dass sie durch und durch aus farbigem Glas sind. Dies steht im Gegensatz zu anderen Teelichthaltern, bei denen das Glas auf der Au\u00dfenseite lackiert ist. Durch die Technik des durchgef\u00e4rbten Glases entsteht eine besonders satte Farbe.  <\/p>\n<h2 id=\"tw-target-text\" class=\"tw-data-text tw-text-large XcVN5d tw-ta\" dir=\"ltr\" data-placeholder=\"Vertaling\"><span lang=\"nl\">Technische Daten Iittala Kivi Stimmungslicht 60 mm Kobaltblau<\/span><\/h2>\n<p class=\"tw-data-text tw-text-large XcVN5d tw-ta\" dir=\"ltr\" data-placeholder=\"Vertaling\"><span lang=\"nl\">Dieses sch\u00f6ne Windlicht ist in gutem Zustand. Das Windlicht hat keine Besch\u00e4digungen oder Chips. Die H\u00f6he<\/span> <span lang=\"nl\">ist<\/span> 60 mm und der Durchmesser betr\u00e4gt 65 mm.<span lang=\"nl\"><\/span><\/p>\n<p>  Dieses Stimmungslicht ist ca. 10 Jahre alt, daher bitten wir Sie, sich die Fotos genau anzusehen. So erhalten Sie einen guten Eindruck vom Zustand des Stimmungslichts. Wir haben auch mehrere Farben und Gr\u00f6\u00dfen der Kivi Stimmungslichter <strong><a href=\"https:\/\/deenswonen.nl\/product-categorie\/merken\/iittala\/\">zur Verf\u00fcgung<\/a><\/strong>. Wir versenden alle unsere Produkte einfach verpackt mit Post NL. Unsere Produkte k\u00f6nnen auch nach Vereinbarung in Berkel en Rodenrijs abgeholt werden.<\/p>\n","protected":false},"excerpt":{"rendered":"<p>Der Name Kivi kommt vom finnischen Wort f\u00fcr Stein. Diese kleinen Lichtjuwelen wurden 1988 von Heikki Orvola entworfen.  &nbsp;<\/p>\n<ul>\n<li><strong>Skandinavisches Design<\/strong><\/li>\n<li><strong>Weltweiter Versand<\/strong><\/li>\n<li><strong>14 Tage Bedenkzeit<\/strong><\/li>\n<\/ul>\n","protected":false},"featured_media":11130,"template":"","meta":[],"product_brand":[],"product_cat":[164,100,168,156],"product_tag":[116],"class_list":{"0":"post-4457","1":"product","2":"type-product","3":"status-publish","4":"has-post-thumbnail","6":"product_cat-bestseller","7":"product_cat-iittala-de","8":"product_cat-kerzenleuchter","9":"product_cat-neu-eingetroffen","10":"product_tag-blau","11":"thunk-woo-product-list","12":"opn-qv-enable","13":"top-store-woo-hover-swap","14":"top-store-single-product-tab-horizontal","15":"top-store-shadow-","16":"top-store-shadow-hover-","17":"top-store-swap-item-hover","19":"first","20":"outofstock","21":"taxable","22":"shipping-taxable","23":"purchasable","24":"product-type-simple"},"yoast_head":"<!-- This site is optimized with the Yoast SEO plugin v27.3 - https:\/\/yoast.com\/product\/yoast-seo-wordpress\/ -->\n<title>Iittala Kivi Stimmungslicht 60 mm kobaltblau - D\u00e4nisch leben<\/title>\n<meta name=\"description\" content=\"Iittala Kivi Stimmungslicht Kobaltblau 60 mm betont das schlichte und elegante Design dieses Teelichthalters. Sehen Sie sich unsere Sammlung an\" \/>\n<meta name=\"robots\" content=\"index, follow, max-snippet:-1, max-image-preview:large, max-video-preview:-1\" \/>\n<link rel=\"canonical\" href=\"https:\/\/deenswonen.nl\/de\/produkt\/iittala-kivi-atmosphere-light-60-mm-kobaltblau\/\" \/>\n<meta property=\"og:locale\" content=\"de_DE\" \/>\n<meta property=\"og:type\" content=\"article\" \/>\n<meta property=\"og:title\" content=\"Iittala Kivi Stimmungslicht 60 mm kobaltblau - D\u00e4nisch leben\" \/>\n<meta property=\"og:description\" content=\"Iittala Kivi Stimmungslicht Kobaltblau 60 mm betont das schlichte und elegante Design dieses Teelichthalters. Sehen Sie sich unsere Sammlung an\" \/>\n<meta property=\"og:url\" content=\"https:\/\/deenswonen.nl\/de\/produkt\/iittala-kivi-atmosphere-light-60-mm-kobaltblau\/\" \/>\n<meta property=\"og:site_name\" content=\"D\u00e4nisch leben\" \/>\n<meta property=\"article:modified_time\" content=\"2024-07-25T18:14:28+00:00\" \/>\n<meta property=\"og:image\" content=\"https:\/\/deenswonen.nl\/wp-content\/uploads\/2022\/03\/3BD0CC6C-057A-48DF-8F71-1EFF4FDDA5A6.jpeg\" \/>\n\t<meta property=\"og:image:width\" content=\"480\" \/>\n\t<meta property=\"og:image:height\" content=\"640\" \/>\n\t<meta property=\"og:image:type\" content=\"image\/jpeg\" \/>\n<meta name=\"twitter:card\" content=\"summary_large_image\" \/>\n<meta name=\"twitter:label1\" content=\"Gesch\u00e4tzte Lesezeit\" \/>\n\t<meta name=\"twitter:data1\" content=\"2\u00a0Minuten\" \/>\n<script type=\"application\/ld+json\" class=\"yoast-schema-graph\">{\"@context\":\"https:\\\/\\\/schema.org\",\"@graph\":[{\"@type\":\"WebPage\",\"@id\":\"https:\\\/\\\/deenswonen.nl\\\/de\\\/produkt\\\/iittala-kivi-atmosphere-light-60-mm-kobaltblau\\\/\",\"url\":\"https:\\\/\\\/deenswonen.nl\\\/de\\\/produkt\\\/iittala-kivi-atmosphere-light-60-mm-kobaltblau\\\/\",\"name\":\"Iittala Kivi Stimmungslicht 60 mm kobaltblau - D\u00e4nisch leben\",\"isPartOf\":{\"@id\":\"https:\\\/\\\/deenswonen.nl\\\/de\\\/#website\"},\"primaryImageOfPage\":{\"@id\":\"https:\\\/\\\/deenswonen.nl\\\/de\\\/produkt\\\/iittala-kivi-atmosphere-light-60-mm-kobaltblau\\\/#primaryimage\"},\"image\":{\"@id\":\"https:\\\/\\\/deenswonen.nl\\\/de\\\/produkt\\\/iittala-kivi-atmosphere-light-60-mm-kobaltblau\\\/#primaryimage\"},\"thumbnailUrl\":\"https:\\\/\\\/i0.wp.com\\\/deenswonen.nl\\\/wp-content\\\/uploads\\\/2022\\\/03\\\/ittala2-scaled.jpg?fit=1920%2C2560&ssl=1\",\"datePublished\":\"2022-03-10T14:49:09+00:00\",\"dateModified\":\"2024-07-25T18:14:28+00:00\",\"description\":\"Iittala Kivi Stimmungslicht Kobaltblau 60 mm betont das schlichte und elegante Design dieses Teelichthalters. Sehen Sie sich unsere Sammlung an\",\"breadcrumb\":{\"@id\":\"https:\\\/\\\/deenswonen.nl\\\/de\\\/produkt\\\/iittala-kivi-atmosphere-light-60-mm-kobaltblau\\\/#breadcrumb\"},\"inLanguage\":\"de\",\"potentialAction\":[{\"@type\":\"ReadAction\",\"target\":[\"https:\\\/\\\/deenswonen.nl\\\/de\\\/produkt\\\/iittala-kivi-atmosphere-light-60-mm-kobaltblau\\\/\"]}]},{\"@type\":\"ImageObject\",\"inLanguage\":\"de\",\"@id\":\"https:\\\/\\\/deenswonen.nl\\\/de\\\/produkt\\\/iittala-kivi-atmosphere-light-60-mm-kobaltblau\\\/#primaryimage\",\"url\":\"https:\\\/\\\/i0.wp.com\\\/deenswonen.nl\\\/wp-content\\\/uploads\\\/2022\\\/03\\\/ittala2-scaled.jpg?fit=1920%2C2560&ssl=1\",\"contentUrl\":\"https:\\\/\\\/i0.wp.com\\\/deenswonen.nl\\\/wp-content\\\/uploads\\\/2022\\\/03\\\/ittala2-scaled.jpg?fit=1920%2C2560&ssl=1\",\"width\":1920,\"height\":2560,\"caption\":\"Afbeelding van de Iittala Kivi sfeerlicht 60 mm kobalt blauw die in deze advertentie wordt aangeboden.\"},{\"@type\":\"BreadcrumbList\",\"@id\":\"https:\\\/\\\/deenswonen.nl\\\/de\\\/produkt\\\/iittala-kivi-atmosphere-light-60-mm-kobaltblau\\\/#breadcrumb\",\"itemListElement\":[{\"@type\":\"ListItem\",\"position\":1,\"name\":\"Home\",\"item\":\"https:\\\/\\\/deenswonen.nl\\\/de\\\/daenisch-leben\\\/\"},{\"@type\":\"ListItem\",\"position\":2,\"name\":\"Winkel\",\"item\":\"https:\\\/\\\/deenswonen.nl\\\/winkel\\\/\"},{\"@type\":\"ListItem\",\"position\":3,\"name\":\"Iittala Kivi Stimmungslicht 60 mm kobaltblau\"}]},{\"@type\":\"WebSite\",\"@id\":\"https:\\\/\\\/deenswonen.nl\\\/de\\\/#website\",\"url\":\"https:\\\/\\\/deenswonen.nl\\\/de\\\/\",\"name\":\"Deens wonen\",\"description\":\"Vintage skandinavische Wohnaccessoires\",\"publisher\":{\"@id\":\"https:\\\/\\\/deenswonen.nl\\\/de\\\/#organization\"},\"potentialAction\":[{\"@type\":\"SearchAction\",\"target\":{\"@type\":\"EntryPoint\",\"urlTemplate\":\"https:\\\/\\\/deenswonen.nl\\\/de\\\/?s={search_term_string}\"},\"query-input\":{\"@type\":\"PropertyValueSpecification\",\"valueRequired\":true,\"valueName\":\"search_term_string\"}}],\"inLanguage\":\"de\"},{\"@type\":\"Organization\",\"@id\":\"https:\\\/\\\/deenswonen.nl\\\/de\\\/#organization\",\"name\":\"D\u00e4nisch leben\",\"url\":\"https:\\\/\\\/deenswonen.nl\\\/de\\\/\",\"logo\":{\"@type\":\"ImageObject\",\"inLanguage\":\"de\",\"@id\":\"https:\\\/\\\/deenswonen.nl\\\/de\\\/#\\\/schema\\\/logo\\\/image\\\/\",\"url\":\"https:\\\/\\\/i0.wp.com\\\/deenswonen.nl\\\/wp-content\\\/uploads\\\/2021\\\/11\\\/51ECE736-8380-4D65-ACA6-DE74174F3C35_1_201_a.jpeg?fit=1200%2C675&ssl=1\",\"contentUrl\":\"https:\\\/\\\/i0.wp.com\\\/deenswonen.nl\\\/wp-content\\\/uploads\\\/2021\\\/11\\\/51ECE736-8380-4D65-ACA6-DE74174F3C35_1_201_a.jpeg?fit=1200%2C675&ssl=1\",\"width\":1200,\"height\":675,\"caption\":\"D\u00e4nisch leben\"},\"image\":{\"@id\":\"https:\\\/\\\/deenswonen.nl\\\/de\\\/#\\\/schema\\\/logo\\\/image\\\/\"}}]}<\/script>\n<!-- \/ Yoast SEO plugin. -->","yoast_head_json":{"title":"Iittala Kivi Stimmungslicht 60 mm kobaltblau - D\u00e4nisch leben","description":"Iittala Kivi Stimmungslicht Kobaltblau 60 mm betont das schlichte und elegante Design dieses Teelichthalters. Sehen Sie sich unsere Sammlung an","robots":{"index":"index","follow":"follow","max-snippet":"max-snippet:-1","max-image-preview":"max-image-preview:large","max-video-preview":"max-video-preview:-1"},"canonical":"https:\/\/deenswonen.nl\/de\/produkt\/iittala-kivi-atmosphere-light-60-mm-kobaltblau\/","og_locale":"de_DE","og_type":"article","og_title":"Iittala Kivi Stimmungslicht 60 mm kobaltblau - D\u00e4nisch leben","og_description":"Iittala Kivi Stimmungslicht Kobaltblau 60 mm betont das schlichte und elegante Design dieses Teelichthalters. Sehen Sie sich unsere Sammlung an","og_url":"https:\/\/deenswonen.nl\/de\/produkt\/iittala-kivi-atmosphere-light-60-mm-kobaltblau\/","og_site_name":"D\u00e4nisch leben","article_modified_time":"2024-07-25T18:14:28+00:00","og_image":[{"width":480,"height":640,"url":"https:\/\/deenswonen.nl\/wp-content\/uploads\/2022\/03\/3BD0CC6C-057A-48DF-8F71-1EFF4FDDA5A6.jpeg","type":"image\/jpeg"}],"twitter_card":"summary_large_image","twitter_misc":{"Gesch\u00e4tzte Lesezeit":"2\u00a0Minuten"},"schema":{"@context":"https:\/\/schema.org","@graph":[{"@type":"WebPage","@id":"https:\/\/deenswonen.nl\/de\/produkt\/iittala-kivi-atmosphere-light-60-mm-kobaltblau\/","url":"https:\/\/deenswonen.nl\/de\/produkt\/iittala-kivi-atmosphere-light-60-mm-kobaltblau\/","name":"Iittala Kivi Stimmungslicht 60 mm kobaltblau - D\u00e4nisch leben","isPartOf":{"@id":"https:\/\/deenswonen.nl\/de\/#website"},"primaryImageOfPage":{"@id":"https:\/\/deenswonen.nl\/de\/produkt\/iittala-kivi-atmosphere-light-60-mm-kobaltblau\/#primaryimage"},"image":{"@id":"https:\/\/deenswonen.nl\/de\/produkt\/iittala-kivi-atmosphere-light-60-mm-kobaltblau\/#primaryimage"},"thumbnailUrl":"https:\/\/i0.wp.com\/deenswonen.nl\/wp-content\/uploads\/2022\/03\/ittala2-scaled.jpg?fit=1920%2C2560&ssl=1","datePublished":"2022-03-10T14:49:09+00:00","dateModified":"2024-07-25T18:14:28+00:00","description":"Iittala Kivi Stimmungslicht Kobaltblau 60 mm betont das schlichte und elegante Design dieses Teelichthalters. Sehen Sie sich unsere Sammlung an","breadcrumb":{"@id":"https:\/\/deenswonen.nl\/de\/produkt\/iittala-kivi-atmosphere-light-60-mm-kobaltblau\/#breadcrumb"},"inLanguage":"de","potentialAction":[{"@type":"ReadAction","target":["https:\/\/deenswonen.nl\/de\/produkt\/iittala-kivi-atmosphere-light-60-mm-kobaltblau\/"]}]},{"@type":"ImageObject","inLanguage":"de","@id":"https:\/\/deenswonen.nl\/de\/produkt\/iittala-kivi-atmosphere-light-60-mm-kobaltblau\/#primaryimage","url":"https:\/\/i0.wp.com\/deenswonen.nl\/wp-content\/uploads\/2022\/03\/ittala2-scaled.jpg?fit=1920%2C2560&ssl=1","contentUrl":"https:\/\/i0.wp.com\/deenswonen.nl\/wp-content\/uploads\/2022\/03\/ittala2-scaled.jpg?fit=1920%2C2560&ssl=1","width":1920,"height":2560,"caption":"Afbeelding van de Iittala Kivi sfeerlicht 60 mm kobalt blauw die in deze advertentie wordt aangeboden."},{"@type":"BreadcrumbList","@id":"https:\/\/deenswonen.nl\/de\/produkt\/iittala-kivi-atmosphere-light-60-mm-kobaltblau\/#breadcrumb","itemListElement":[{"@type":"ListItem","position":1,"name":"Home","item":"https:\/\/deenswonen.nl\/de\/daenisch-leben\/"},{"@type":"ListItem","position":2,"name":"Winkel","item":"https:\/\/deenswonen.nl\/winkel\/"},{"@type":"ListItem","position":3,"name":"Iittala Kivi Stimmungslicht 60 mm kobaltblau"}]},{"@type":"WebSite","@id":"https:\/\/deenswonen.nl\/de\/#website","url":"https:\/\/deenswonen.nl\/de\/","name":"Deens wonen","description":"Vintage skandinavische Wohnaccessoires","publisher":{"@id":"https:\/\/deenswonen.nl\/de\/#organization"},"potentialAction":[{"@type":"SearchAction","target":{"@type":"EntryPoint","urlTemplate":"https:\/\/deenswonen.nl\/de\/?s={search_term_string}"},"query-input":{"@type":"PropertyValueSpecification","valueRequired":true,"valueName":"search_term_string"}}],"inLanguage":"de"},{"@type":"Organization","@id":"https:\/\/deenswonen.nl\/de\/#organization","name":"D\u00e4nisch leben","url":"https:\/\/deenswonen.nl\/de\/","logo":{"@type":"ImageObject","inLanguage":"de","@id":"https:\/\/deenswonen.nl\/de\/#\/schema\/logo\/image\/","url":"https:\/\/i0.wp.com\/deenswonen.nl\/wp-content\/uploads\/2021\/11\/51ECE736-8380-4D65-ACA6-DE74174F3C35_1_201_a.jpeg?fit=1200%2C675&ssl=1","contentUrl":"https:\/\/i0.wp.com\/deenswonen.nl\/wp-content\/uploads\/2021\/11\/51ECE736-8380-4D65-ACA6-DE74174F3C35_1_201_a.jpeg?fit=1200%2C675&ssl=1","width":1200,"height":675,"caption":"D\u00e4nisch leben"},"image":{"@id":"https:\/\/deenswonen.nl\/de\/#\/schema\/logo\/image\/"}}]}},"jetpack_sharing_enabled":true,"_links":{"self":[{"href":"https:\/\/deenswonen.nl\/de\/wp-json\/wp\/v2\/product\/4457","targetHints":{"allow":["GET"]}}],"collection":[{"href":"https:\/\/deenswonen.nl\/de\/wp-json\/wp\/v2\/product"}],"about":[{"href":"https:\/\/deenswonen.nl\/de\/wp-json\/wp\/v2\/types\/product"}],"wp:featuredmedia":[{"embeddable":true,"href":"https:\/\/deenswonen.nl\/de\/wp-json\/wp\/v2\/media\/11130"}],"wp:attachment":[{"href":"https:\/\/deenswonen.nl\/de\/wp-json\/wp\/v2\/media?parent=4457"}],"wp:term":[{"taxonomy":"product_brand","embeddable":true,"href":"https:\/\/deenswonen.nl\/de\/wp-json\/wp\/v2\/product_brand?post=4457"},{"taxonomy":"product_cat","embeddable":true,"href":"https:\/\/deenswonen.nl\/de\/wp-json\/wp\/v2\/product_cat?post=4457"},{"taxonomy":"product_tag","embeddable":true,"href":"https:\/\/deenswonen.nl\/de\/wp-json\/wp\/v2\/product_tag?post=4457"}],"curies":[{"name":"wp","href":"https:\/\/api.w.org\/{rel}","templated":true}]}}