{"id":4397,"date":"2022-03-10T14:40:12","date_gmt":"2022-03-10T13:40:12","guid":{"rendered":"https:\/\/deenswonen.nl\/?post_type=product&#038;p=4397"},"modified":"2023-12-20T05:40:17","modified_gmt":"2023-12-20T04:40:17","slug":"iittala-oiva-toikka-primo-kerzenhalter","status":"publish","type":"product","link":"https:\/\/deenswonen.nl\/de\/produkt\/iittala-oiva-toikka-primo-kerzenhalter\/","title":{"rendered":"Iittala Oiva Toikka Primo Kerzenhalter"},"content":{"rendered":"<p>Der Iittala Primo Kerzenhalter 210 mm des K\u00fcnstlers Oiva Toikka ist ein seltener Kerzenhalter, der in einer Reihe von Farbvariationen herausgegeben wird. Das Glasobjekt mit seiner glatten Oberfl\u00e4che, die wie Eis aussieht, f\u00fcgt jedem Interieur ein einzigartiges und elegantes Element hinzu. Kerzenhalter war von 1988 bis 1992 Teil des Iittala-Sortiments. Der wei\u00dfe Wirbel in der Basis des Kerzenhalters verleiht ihm ein zus\u00e4tzliches Aussehen.<\/p>\n<p>Der hohe und elegante 210 mm Iittala Primo Kerzenhalter f\u00fcgt jedem Interieur ein markantes Element hinzu. Erzeugt ein weiches Ambiente. Ein perfektes Geschenk f\u00fcr Hochzeiten, Jubil\u00e4en oder Geburtstage. Der Kerzenhalter ist nur f\u00fcr Spitzkerzen geeignet.<\/p>\n<h2>Design <span lang=\"nl\">Iittala Oiva Toikka Primo Kerzenhalter<\/span><\/h2>\n<p>Der Kerzenhalter Primo wurde 1988 von Iittala herausgebracht und ist seit 4 Jahren in der Kollektion. Diese mattwei\u00dfe Version ist eine der seltensten Farben, die fast unm\u00f6glich zu finden ist. In der Basis des Kerzenhalters befindet sich ein klarer wei\u00dfer Wirbel. Der Kerzenhalter ist f\u00fcr handels\u00fcbliche Tafelkerzen geeignet.<\/p>\n<h2>Designer Oiva Toikka<\/h2>\n<p>Designs Oiva Toikka hat einen wichtigen Beitrag zur finnischen Glaskunst geleistet. Mit seinen fantasievollen Entw\u00fcrfen brachte er einen ganz neuen Stil in die Glaskunst. Heute gilt er als einer der gr\u00f6\u00dften Namen der finnischen Glaskunst. Neben diesem Kerzenhalter hat Toikka auch viele V\u00f6gel f\u00fcr Iittala entworfen.<\/p>\n<h2 id=\"tw-target-text\" class=\"tw-data-text tw-text-large XcVN5d tw-ta\" dir=\"ltr\" data-placeholder=\"Vertaling\"><span lang=\"nl\">Technische Daten Iittala Primo Kerzenhalter<\/span><\/h2>\n<p class=\"tw-data-text tw-text-large XcVN5d tw-ta\" dir=\"ltr\" data-placeholder=\"Vertaling\"><span lang=\"nl\">Dieser sch\u00f6ne Kerzenhalter ist in sehr gutem Zustand. Der Kerzenhalter hat keine Besch\u00e4digungen oder Chips. Die H\u00f6he<\/span><span lang=\"nl\"> ist<\/span><span lang=\"nl\"> 210 mm. In unseren anderen Anzeigen finden Sie einen weiteren Primo-Kerzenhalter.<\/span><\/p>\n<p>Der Leuchter ist auf der Unterseite mit dem Namen des Herstellers signiert.<\/p>\n<p>Dieser Leuchter ist ca. 32 Jahre alt, deshalb bitten wir Sie, sich die Fotos genau anzusehen. So erhalten Sie einen guten Eindruck vom Zustand des Leuchters. M\u00f6glicherweise haben wir mehrere Modelle dieser Kerzenst\u00e4nder <strong><a href=\"https:\/\/deenswonen.nl\/product-categorie\/merken\/iittala\/\">auf Lager<\/a><\/strong> .<\/p>\n<p>Wir versenden alle unsere Produkte sorgf\u00e4ltig verpackt. Unsere Produkte k\u00f6nnen auch nach Vereinbarung in Berkel en Rodenrijs abgeholt werden.<\/p>\n","protected":false},"excerpt":{"rendered":"<p>Der Iittala Primo Kerzenhalter 210 mm des K\u00fcnstlers Oiva Toikka ist ein seltener Kerzenhalter, der in einer Reihe von Farbvariationen herausgegeben wird.<\/p>\n<p>&nbsp;<\/p>\n<ul>\n<li><strong>Skandinavisches Design<\/strong><\/li>\n<li><strong>Weltweiter Versand<\/strong><\/li>\n<li><strong>14 Tage Bedenkzeit<\/strong><\/li>\n<\/ul>\n","protected":false},"featured_media":4407,"template":"","meta":[],"product_brand":[],"product_cat":[164,100,168,156],"product_tag":[115],"class_list":{"0":"post-4397","1":"product","2":"type-product","3":"status-publish","4":"has-post-thumbnail","6":"product_cat-bestseller","7":"product_cat-iittala-de","8":"product_cat-kerzenleuchter","9":"product_cat-neu-eingetroffen","10":"product_tag-weis","11":"thunk-woo-product-list","12":"opn-qv-enable","13":"top-store-woo-hover-swap","14":"top-store-single-product-tab-horizontal","15":"top-store-shadow-","16":"top-store-shadow-hover-","17":"top-store-swap-item-hover","19":"first","20":"outofstock","21":"taxable","22":"shipping-taxable","23":"purchasable","24":"product-type-simple"},"yoast_head":"<!-- This site is optimized with the Yoast SEO plugin v27.3 - https:\/\/yoast.com\/product\/yoast-seo-wordpress\/ -->\n<title>Iittala Oiva Toikka Primo Kerzenhalter - D\u00e4nisch leben<\/title>\n<meta name=\"description\" content=\"Der Vintage Iittala Oiva Toikka Primo Kerzenhalter ist eine Augenweide. Schaffen Sie ein weiches Ambiente, sehen Sie sich unsere Vintage Iittala-Kollektion an.\" \/>\n<meta name=\"robots\" content=\"index, follow, max-snippet:-1, max-image-preview:large, max-video-preview:-1\" \/>\n<link rel=\"canonical\" href=\"https:\/\/deenswonen.nl\/de\/produkt\/iittala-oiva-toikka-primo-kerzenhalter\/\" \/>\n<meta property=\"og:locale\" content=\"de_DE\" \/>\n<meta property=\"og:type\" content=\"article\" \/>\n<meta property=\"og:title\" content=\"Iittala Oiva Toikka Primo Kerzenhalter - D\u00e4nisch leben\" \/>\n<meta property=\"og:description\" content=\"Der Vintage Iittala Oiva Toikka Primo Kerzenhalter ist eine Augenweide. Schaffen Sie ein weiches Ambiente, sehen Sie sich unsere Vintage Iittala-Kollektion an.\" \/>\n<meta property=\"og:url\" content=\"https:\/\/deenswonen.nl\/de\/produkt\/iittala-oiva-toikka-primo-kerzenhalter\/\" \/>\n<meta property=\"og:site_name\" content=\"D\u00e4nisch leben\" \/>\n<meta property=\"article:modified_time\" content=\"2023-12-20T04:40:17+00:00\" \/>\n<meta property=\"og:image\" content=\"https:\/\/deenswonen.nl\/wp-content\/uploads\/2022\/03\/5DD9664A-B205-4E0D-BC6D-68A7B5B7AA35.jpeg\" \/>\n\t<meta property=\"og:image:width\" content=\"480\" \/>\n\t<meta property=\"og:image:height\" content=\"640\" \/>\n\t<meta property=\"og:image:type\" content=\"image\/jpeg\" \/>\n<meta name=\"twitter:card\" content=\"summary_large_image\" \/>\n<meta name=\"twitter:label1\" content=\"Gesch\u00e4tzte Lesezeit\" \/>\n\t<meta name=\"twitter:data1\" content=\"2\u00a0Minuten\" \/>\n<script type=\"application\/ld+json\" class=\"yoast-schema-graph\">{\"@context\":\"https:\\\/\\\/schema.org\",\"@graph\":[{\"@type\":\"WebPage\",\"@id\":\"https:\\\/\\\/deenswonen.nl\\\/de\\\/produkt\\\/iittala-oiva-toikka-primo-kerzenhalter\\\/\",\"url\":\"https:\\\/\\\/deenswonen.nl\\\/de\\\/produkt\\\/iittala-oiva-toikka-primo-kerzenhalter\\\/\",\"name\":\"Iittala Oiva Toikka Primo Kerzenhalter - D\u00e4nisch leben\",\"isPartOf\":{\"@id\":\"https:\\\/\\\/deenswonen.nl\\\/de\\\/#website\"},\"primaryImageOfPage\":{\"@id\":\"https:\\\/\\\/deenswonen.nl\\\/de\\\/produkt\\\/iittala-oiva-toikka-primo-kerzenhalter\\\/#primaryimage\"},\"image\":{\"@id\":\"https:\\\/\\\/deenswonen.nl\\\/de\\\/produkt\\\/iittala-oiva-toikka-primo-kerzenhalter\\\/#primaryimage\"},\"thumbnailUrl\":\"https:\\\/\\\/i0.wp.com\\\/deenswonen.nl\\\/wp-content\\\/uploads\\\/2022\\\/03\\\/5DD9664A-B205-4E0D-BC6D-68A7B5B7AA35.jpeg?fit=480%2C640&ssl=1\",\"datePublished\":\"2022-03-10T13:40:12+00:00\",\"dateModified\":\"2023-12-20T04:40:17+00:00\",\"description\":\"Der Vintage Iittala Oiva Toikka Primo Kerzenhalter ist eine Augenweide. Schaffen Sie ein weiches Ambiente, sehen Sie sich unsere Vintage Iittala-Kollektion an.\",\"breadcrumb\":{\"@id\":\"https:\\\/\\\/deenswonen.nl\\\/de\\\/produkt\\\/iittala-oiva-toikka-primo-kerzenhalter\\\/#breadcrumb\"},\"inLanguage\":\"de\",\"potentialAction\":[{\"@type\":\"ReadAction\",\"target\":[\"https:\\\/\\\/deenswonen.nl\\\/de\\\/produkt\\\/iittala-oiva-toikka-primo-kerzenhalter\\\/\"]}]},{\"@type\":\"ImageObject\",\"inLanguage\":\"de\",\"@id\":\"https:\\\/\\\/deenswonen.nl\\\/de\\\/produkt\\\/iittala-oiva-toikka-primo-kerzenhalter\\\/#primaryimage\",\"url\":\"https:\\\/\\\/i0.wp.com\\\/deenswonen.nl\\\/wp-content\\\/uploads\\\/2022\\\/03\\\/5DD9664A-B205-4E0D-BC6D-68A7B5B7AA35.jpeg?fit=480%2C640&ssl=1\",\"contentUrl\":\"https:\\\/\\\/i0.wp.com\\\/deenswonen.nl\\\/wp-content\\\/uploads\\\/2022\\\/03\\\/5DD9664A-B205-4E0D-BC6D-68A7B5B7AA35.jpeg?fit=480%2C640&ssl=1\",\"width\":480,\"height\":640,\"caption\":\"Abbildung des in dieser Anzeige angebotenen Iittala Oiva Tiokka Primo Kerzenhalters.\"},{\"@type\":\"BreadcrumbList\",\"@id\":\"https:\\\/\\\/deenswonen.nl\\\/de\\\/produkt\\\/iittala-oiva-toikka-primo-kerzenhalter\\\/#breadcrumb\",\"itemListElement\":[{\"@type\":\"ListItem\",\"position\":1,\"name\":\"Home\",\"item\":\"https:\\\/\\\/deenswonen.nl\\\/de\\\/daenisch-leben\\\/\"},{\"@type\":\"ListItem\",\"position\":2,\"name\":\"Winkel\",\"item\":\"https:\\\/\\\/deenswonen.nl\\\/winkel\\\/\"},{\"@type\":\"ListItem\",\"position\":3,\"name\":\"Iittala Oiva Toikka Primo Kerzenhalter\"}]},{\"@type\":\"WebSite\",\"@id\":\"https:\\\/\\\/deenswonen.nl\\\/de\\\/#website\",\"url\":\"https:\\\/\\\/deenswonen.nl\\\/de\\\/\",\"name\":\"Deens wonen\",\"description\":\"Vintage skandinavische Wohnaccessoires\",\"publisher\":{\"@id\":\"https:\\\/\\\/deenswonen.nl\\\/de\\\/#organization\"},\"potentialAction\":[{\"@type\":\"SearchAction\",\"target\":{\"@type\":\"EntryPoint\",\"urlTemplate\":\"https:\\\/\\\/deenswonen.nl\\\/de\\\/?s={search_term_string}\"},\"query-input\":{\"@type\":\"PropertyValueSpecification\",\"valueRequired\":true,\"valueName\":\"search_term_string\"}}],\"inLanguage\":\"de\"},{\"@type\":\"Organization\",\"@id\":\"https:\\\/\\\/deenswonen.nl\\\/de\\\/#organization\",\"name\":\"D\u00e4nisch leben\",\"url\":\"https:\\\/\\\/deenswonen.nl\\\/de\\\/\",\"logo\":{\"@type\":\"ImageObject\",\"inLanguage\":\"de\",\"@id\":\"https:\\\/\\\/deenswonen.nl\\\/de\\\/#\\\/schema\\\/logo\\\/image\\\/\",\"url\":\"https:\\\/\\\/i0.wp.com\\\/deenswonen.nl\\\/wp-content\\\/uploads\\\/2021\\\/11\\\/51ECE736-8380-4D65-ACA6-DE74174F3C35_1_201_a.jpeg?fit=1200%2C675&ssl=1\",\"contentUrl\":\"https:\\\/\\\/i0.wp.com\\\/deenswonen.nl\\\/wp-content\\\/uploads\\\/2021\\\/11\\\/51ECE736-8380-4D65-ACA6-DE74174F3C35_1_201_a.jpeg?fit=1200%2C675&ssl=1\",\"width\":1200,\"height\":675,\"caption\":\"D\u00e4nisch leben\"},\"image\":{\"@id\":\"https:\\\/\\\/deenswonen.nl\\\/de\\\/#\\\/schema\\\/logo\\\/image\\\/\"}}]}<\/script>\n<!-- \/ Yoast SEO plugin. -->","yoast_head_json":{"title":"Iittala Oiva Toikka Primo Kerzenhalter - D\u00e4nisch leben","description":"Der Vintage Iittala Oiva Toikka Primo Kerzenhalter ist eine Augenweide. Schaffen Sie ein weiches Ambiente, sehen Sie sich unsere Vintage Iittala-Kollektion an.","robots":{"index":"index","follow":"follow","max-snippet":"max-snippet:-1","max-image-preview":"max-image-preview:large","max-video-preview":"max-video-preview:-1"},"canonical":"https:\/\/deenswonen.nl\/de\/produkt\/iittala-oiva-toikka-primo-kerzenhalter\/","og_locale":"de_DE","og_type":"article","og_title":"Iittala Oiva Toikka Primo Kerzenhalter - D\u00e4nisch leben","og_description":"Der Vintage Iittala Oiva Toikka Primo Kerzenhalter ist eine Augenweide. Schaffen Sie ein weiches Ambiente, sehen Sie sich unsere Vintage Iittala-Kollektion an.","og_url":"https:\/\/deenswonen.nl\/de\/produkt\/iittala-oiva-toikka-primo-kerzenhalter\/","og_site_name":"D\u00e4nisch leben","article_modified_time":"2023-12-20T04:40:17+00:00","og_image":[{"width":480,"height":640,"url":"https:\/\/deenswonen.nl\/wp-content\/uploads\/2022\/03\/5DD9664A-B205-4E0D-BC6D-68A7B5B7AA35.jpeg","type":"image\/jpeg"}],"twitter_card":"summary_large_image","twitter_misc":{"Gesch\u00e4tzte Lesezeit":"2\u00a0Minuten"},"schema":{"@context":"https:\/\/schema.org","@graph":[{"@type":"WebPage","@id":"https:\/\/deenswonen.nl\/de\/produkt\/iittala-oiva-toikka-primo-kerzenhalter\/","url":"https:\/\/deenswonen.nl\/de\/produkt\/iittala-oiva-toikka-primo-kerzenhalter\/","name":"Iittala Oiva Toikka Primo Kerzenhalter - D\u00e4nisch leben","isPartOf":{"@id":"https:\/\/deenswonen.nl\/de\/#website"},"primaryImageOfPage":{"@id":"https:\/\/deenswonen.nl\/de\/produkt\/iittala-oiva-toikka-primo-kerzenhalter\/#primaryimage"},"image":{"@id":"https:\/\/deenswonen.nl\/de\/produkt\/iittala-oiva-toikka-primo-kerzenhalter\/#primaryimage"},"thumbnailUrl":"https:\/\/i0.wp.com\/deenswonen.nl\/wp-content\/uploads\/2022\/03\/5DD9664A-B205-4E0D-BC6D-68A7B5B7AA35.jpeg?fit=480%2C640&ssl=1","datePublished":"2022-03-10T13:40:12+00:00","dateModified":"2023-12-20T04:40:17+00:00","description":"Der Vintage Iittala Oiva Toikka Primo Kerzenhalter ist eine Augenweide. Schaffen Sie ein weiches Ambiente, sehen Sie sich unsere Vintage Iittala-Kollektion an.","breadcrumb":{"@id":"https:\/\/deenswonen.nl\/de\/produkt\/iittala-oiva-toikka-primo-kerzenhalter\/#breadcrumb"},"inLanguage":"de","potentialAction":[{"@type":"ReadAction","target":["https:\/\/deenswonen.nl\/de\/produkt\/iittala-oiva-toikka-primo-kerzenhalter\/"]}]},{"@type":"ImageObject","inLanguage":"de","@id":"https:\/\/deenswonen.nl\/de\/produkt\/iittala-oiva-toikka-primo-kerzenhalter\/#primaryimage","url":"https:\/\/i0.wp.com\/deenswonen.nl\/wp-content\/uploads\/2022\/03\/5DD9664A-B205-4E0D-BC6D-68A7B5B7AA35.jpeg?fit=480%2C640&ssl=1","contentUrl":"https:\/\/i0.wp.com\/deenswonen.nl\/wp-content\/uploads\/2022\/03\/5DD9664A-B205-4E0D-BC6D-68A7B5B7AA35.jpeg?fit=480%2C640&ssl=1","width":480,"height":640,"caption":"Abbildung des in dieser Anzeige angebotenen Iittala Oiva Tiokka Primo Kerzenhalters."},{"@type":"BreadcrumbList","@id":"https:\/\/deenswonen.nl\/de\/produkt\/iittala-oiva-toikka-primo-kerzenhalter\/#breadcrumb","itemListElement":[{"@type":"ListItem","position":1,"name":"Home","item":"https:\/\/deenswonen.nl\/de\/daenisch-leben\/"},{"@type":"ListItem","position":2,"name":"Winkel","item":"https:\/\/deenswonen.nl\/winkel\/"},{"@type":"ListItem","position":3,"name":"Iittala Oiva Toikka Primo Kerzenhalter"}]},{"@type":"WebSite","@id":"https:\/\/deenswonen.nl\/de\/#website","url":"https:\/\/deenswonen.nl\/de\/","name":"Deens wonen","description":"Vintage skandinavische Wohnaccessoires","publisher":{"@id":"https:\/\/deenswonen.nl\/de\/#organization"},"potentialAction":[{"@type":"SearchAction","target":{"@type":"EntryPoint","urlTemplate":"https:\/\/deenswonen.nl\/de\/?s={search_term_string}"},"query-input":{"@type":"PropertyValueSpecification","valueRequired":true,"valueName":"search_term_string"}}],"inLanguage":"de"},{"@type":"Organization","@id":"https:\/\/deenswonen.nl\/de\/#organization","name":"D\u00e4nisch leben","url":"https:\/\/deenswonen.nl\/de\/","logo":{"@type":"ImageObject","inLanguage":"de","@id":"https:\/\/deenswonen.nl\/de\/#\/schema\/logo\/image\/","url":"https:\/\/i0.wp.com\/deenswonen.nl\/wp-content\/uploads\/2021\/11\/51ECE736-8380-4D65-ACA6-DE74174F3C35_1_201_a.jpeg?fit=1200%2C675&ssl=1","contentUrl":"https:\/\/i0.wp.com\/deenswonen.nl\/wp-content\/uploads\/2021\/11\/51ECE736-8380-4D65-ACA6-DE74174F3C35_1_201_a.jpeg?fit=1200%2C675&ssl=1","width":1200,"height":675,"caption":"D\u00e4nisch leben"},"image":{"@id":"https:\/\/deenswonen.nl\/de\/#\/schema\/logo\/image\/"}}]}},"jetpack_sharing_enabled":true,"_links":{"self":[{"href":"https:\/\/deenswonen.nl\/de\/wp-json\/wp\/v2\/product\/4397","targetHints":{"allow":["GET"]}}],"collection":[{"href":"https:\/\/deenswonen.nl\/de\/wp-json\/wp\/v2\/product"}],"about":[{"href":"https:\/\/deenswonen.nl\/de\/wp-json\/wp\/v2\/types\/product"}],"wp:featuredmedia":[{"embeddable":true,"href":"https:\/\/deenswonen.nl\/de\/wp-json\/wp\/v2\/media\/4407"}],"wp:attachment":[{"href":"https:\/\/deenswonen.nl\/de\/wp-json\/wp\/v2\/media?parent=4397"}],"wp:term":[{"taxonomy":"product_brand","embeddable":true,"href":"https:\/\/deenswonen.nl\/de\/wp-json\/wp\/v2\/product_brand?post=4397"},{"taxonomy":"product_cat","embeddable":true,"href":"https:\/\/deenswonen.nl\/de\/wp-json\/wp\/v2\/product_cat?post=4397"},{"taxonomy":"product_tag","embeddable":true,"href":"https:\/\/deenswonen.nl\/de\/wp-json\/wp\/v2\/product_tag?post=4397"}],"curies":[{"name":"wp","href":"https:\/\/api.w.org\/{rel}","templated":true}]}}