{"id":4042,"date":"2022-02-13T19:49:00","date_gmt":"2022-02-13T18:49:00","guid":{"rendered":"https:\/\/deenswonen.nl\/product\/iittala-arkipelago-kerzenhalter-90-mm\/"},"modified":"2024-07-25T20:23:06","modified_gmt":"2024-07-25T18:23:06","slug":"iittala-archipelago-kerzenhalter-90-mm","status":"publish","type":"product","link":"https:\/\/deenswonen.nl\/de\/produkt\/iittala-archipelago-kerzenhalter-90-mm\/","title":{"rendered":"Iittala Arkipelago Kerzenhalter 90 mm"},"content":{"rendered":"<p>Der Iittala Arkipelago Kerzenhalter 90 mm des K\u00fcnstlers Timo Sarpaneva wurde in den 80er Jahren eingef\u00fchrt. In den folgenden Jahrzehnten wurde der Kerzenhalter zu einem festen Bestandteil des modernen finnischen Designs. Das Glasobjekt mit seiner dreieckigen Form, die wie Eis aussieht, f\u00fcgt jedem Interieur ein einzigartiges und elegantes Element hinzu. Die Karzenhalter gibt es in verschiedenen Gr\u00f6\u00dfen und sie sind einzeln oder in der Gruppe eine Augenweide. Der elegante 90-mm-Kerzenhalter Iittala Arkipelago f\u00fcgt jedem Interieur ein markantes Element hinzu. Erzeugt ein weiches Ambiente. Ein perfektes Geschenk f\u00fcr Hochzeiten, Jubil\u00e4en oder Geburtstage. Der Kerzenhalter ist nur f\u00fcr Spitzkerzen geeignet. <\/p>\n<h2>Design-<span lang=\"nl\">Kerzenleuchter Iittala Arkipelago<\/span> <\/h2>\n<p> Einige Jahre zuvor entwarf Timo Sarpaneva den Kerzenhalter Festivo. Urspr\u00fcnglich als Weinglas f\u00fcr sich. Der Inhalt einer ganzen Flasche Wein musste in ein einziges Glas passen. Das Ergebnis war ein eisiges Glas mit grober Struktur, dessen Kelch und Fu\u00df getrennt voneinander geblasen wurden. Als in der Manufaktur die F\u00fc\u00dfe der Gl\u00e4ser von den Kelchen getrennt wurden, entstand die Idee, sie als Kerzenst\u00e4nder zu verwenden \u2013 somit war der Prototyp eines neuen Klassikers geboren. Die Festivo-Serie wird seit 1967 hergestellt und ist zu Recht eine Ikone im finnischen Interieur. F\u00fcr diesen Arkipelago-Kerzenhalter lie\u00df er sich erneut vom Design des Festivo-Kerzenhalters inspirieren. Dieses Mal mit einer glatten Au\u00dfenseite, aber mit dem gleichen rauen Aussehen auf der Innenseite des Kerzenhalters. <\/p>\n<h2 id=\"tw-target-text\" class=\"tw-data-text tw-text-large XcVN5d tw-ta\" dir=\"ltr\" data-placeholder=\"Vertaling\"><span lang=\"nl\">Technische Daten Iittala Arkipelago<\/span><\/h2>\n<p class=\"tw-data-text tw-text-large XcVN5d tw-ta\" dir=\"ltr\" data-placeholder=\"Vertaling\"><span lang=\"nl\">Dieser sch\u00f6ne Kerzenhalter ist in gutem Zustand. Der Kerzenhalter hat keine Besch\u00e4digungen oder Chips. Die H\u00f6he<\/span> <span lang=\"nl\">ist<\/span> <span lang=\"nl\">90mm.<\/span><\/p>\n<p> Dieser Leuchter ist etwa 25 Jahre alt, deshalb bitten wir Sie, sich die Fotos genau anzusehen. So erhalten Sie einen guten Eindruck vom Zustand des Leuchters. M\u00f6glicherweise haben wir mehrere Modelle mit unterschiedlichen Abmessungen dieses Kerzenhalters<a href=\"https:\/\/deenswonen.nl\/product-categorie\/merken\/iittala\/\">zur Verf\u00fcgung.<\/a> Wir versenden alle unsere Produkte sorgf\u00e4ltig verpackt. Unsere Produkte k\u00f6nnen auch nach Vereinbarung in Berkel en Rodenrijs abgeholt werden.<\/p>\n","protected":false},"excerpt":{"rendered":"<p>Der Iittala Arkipelago Kerzenhalter 90 mm des K\u00fcnstlers Timo Sarpaneva wurde in den 80er Jahren eingef\u00fchrt. In den folgenden Jahrzehnten wurde der Kerzenhalter zu einem festen Bestandteil des modernen finnischen Designs. &nbsp;<\/p>\n<ul>\n<li><strong>Skandinavisches Design<\/strong><\/li>\n<li><strong>Weltweiter Versand<\/strong><\/li>\n<li><strong>14 Tage Bedenkzeit<\/strong><\/li>\n<\/ul>\n","protected":false},"featured_media":6739,"template":"","meta":[],"product_brand":[],"product_cat":[164,100,168,156],"product_tag":[],"class_list":{"0":"post-4042","1":"product","2":"type-product","3":"status-publish","4":"has-post-thumbnail","6":"product_cat-bestseller","7":"product_cat-iittala-de","8":"product_cat-kerzenleuchter","9":"product_cat-neu-eingetroffen","10":"thunk-woo-product-list","11":"opn-qv-enable","12":"top-store-woo-hover-swap","13":"top-store-single-product-tab-horizontal","14":"top-store-shadow-","15":"top-store-shadow-hover-","17":"first","18":"instock","19":"taxable","20":"shipping-taxable","21":"purchasable","22":"product-type-simple"},"yoast_head":"<!-- This site is optimized with the Yoast SEO plugin v27.3 - https:\/\/yoast.com\/product\/yoast-seo-wordpress\/ -->\n<title>Iittala Arkipelago Kerzenhalter 90 mm - Vintage<\/title>\n<meta name=\"description\" content=\"Der 90 mm Iittala Arkipelago Kerzenhalter f\u00fcgt jedem Interieur ein markantes Element hinzu. Sehen Sie sich hier unsere Vintage-Kollektion von Iittala an.\" \/>\n<meta name=\"robots\" content=\"index, follow, max-snippet:-1, max-image-preview:large, max-video-preview:-1\" \/>\n<link rel=\"canonical\" href=\"https:\/\/deenswonen.nl\/de\/produkt\/iittala-archipelago-kerzenhalter-90-mm\/\" \/>\n<meta property=\"og:locale\" content=\"de_DE\" \/>\n<meta property=\"og:type\" content=\"article\" \/>\n<meta property=\"og:title\" content=\"Iittala Arkipelago Kerzenhalter 90 mm - Vintage\" \/>\n<meta property=\"og:description\" content=\"Der 90 mm Iittala Arkipelago Kerzenhalter f\u00fcgt jedem Interieur ein markantes Element hinzu. Sehen Sie sich hier unsere Vintage-Kollektion von Iittala an.\" \/>\n<meta property=\"og:url\" content=\"https:\/\/deenswonen.nl\/de\/produkt\/iittala-archipelago-kerzenhalter-90-mm\/\" \/>\n<meta property=\"og:site_name\" content=\"D\u00e4nisch leben\" \/>\n<meta property=\"article:modified_time\" content=\"2024-07-25T18:23:06+00:00\" \/>\n<meta property=\"og:image\" content=\"https:\/\/deenswonen.nl\/wp-content\/uploads\/2022\/02\/D985689E-5F07-469F-8E76-F1723B6FC661.jpeg\" \/>\n\t<meta property=\"og:image:width\" content=\"480\" \/>\n\t<meta property=\"og:image:height\" content=\"640\" \/>\n\t<meta property=\"og:image:type\" content=\"image\/jpeg\" \/>\n<meta name=\"twitter:card\" content=\"summary_large_image\" \/>\n<meta name=\"twitter:label1\" content=\"Gesch\u00e4tzte Lesezeit\" \/>\n\t<meta name=\"twitter:data1\" content=\"2\u00a0Minuten\" \/>\n<script type=\"application\/ld+json\" class=\"yoast-schema-graph\">{\"@context\":\"https:\\\/\\\/schema.org\",\"@graph\":[{\"@type\":\"WebPage\",\"@id\":\"https:\\\/\\\/deenswonen.nl\\\/de\\\/produkt\\\/iittala-archipelago-kerzenhalter-90-mm\\\/\",\"url\":\"https:\\\/\\\/deenswonen.nl\\\/de\\\/produkt\\\/iittala-archipelago-kerzenhalter-90-mm\\\/\",\"name\":\"Iittala Arkipelago Kerzenhalter 90 mm - Vintage\",\"isPartOf\":{\"@id\":\"https:\\\/\\\/deenswonen.nl\\\/de\\\/#website\"},\"primaryImageOfPage\":{\"@id\":\"https:\\\/\\\/deenswonen.nl\\\/de\\\/produkt\\\/iittala-archipelago-kerzenhalter-90-mm\\\/#primaryimage\"},\"image\":{\"@id\":\"https:\\\/\\\/deenswonen.nl\\\/de\\\/produkt\\\/iittala-archipelago-kerzenhalter-90-mm\\\/#primaryimage\"},\"thumbnailUrl\":\"https:\\\/\\\/i0.wp.com\\\/deenswonen.nl\\\/wp-content\\\/uploads\\\/2022\\\/02\\\/D985689E-5F07-469F-8E76-F1723B6FC661.jpeg?fit=480%2C640&ssl=1\",\"datePublished\":\"2022-02-13T18:49:00+00:00\",\"dateModified\":\"2024-07-25T18:23:06+00:00\",\"description\":\"Der 90 mm Iittala Arkipelago Kerzenhalter f\u00fcgt jedem Interieur ein markantes Element hinzu. Sehen Sie sich hier unsere Vintage-Kollektion von Iittala an.\",\"breadcrumb\":{\"@id\":\"https:\\\/\\\/deenswonen.nl\\\/de\\\/produkt\\\/iittala-archipelago-kerzenhalter-90-mm\\\/#breadcrumb\"},\"inLanguage\":\"de\",\"potentialAction\":[{\"@type\":\"ReadAction\",\"target\":[\"https:\\\/\\\/deenswonen.nl\\\/de\\\/produkt\\\/iittala-archipelago-kerzenhalter-90-mm\\\/\"]}]},{\"@type\":\"ImageObject\",\"inLanguage\":\"de\",\"@id\":\"https:\\\/\\\/deenswonen.nl\\\/de\\\/produkt\\\/iittala-archipelago-kerzenhalter-90-mm\\\/#primaryimage\",\"url\":\"https:\\\/\\\/i0.wp.com\\\/deenswonen.nl\\\/wp-content\\\/uploads\\\/2022\\\/02\\\/D985689E-5F07-469F-8E76-F1723B6FC661.jpeg?fit=480%2C640&ssl=1\",\"contentUrl\":\"https:\\\/\\\/i0.wp.com\\\/deenswonen.nl\\\/wp-content\\\/uploads\\\/2022\\\/02\\\/D985689E-5F07-469F-8E76-F1723B6FC661.jpeg?fit=480%2C640&ssl=1\",\"width\":480,\"height\":640,\"caption\":\"Afbeelding van de zijkant Iittala Arkipelago Kandelaar 90 mm die in deze advertentie wordt aangeboden\"},{\"@type\":\"BreadcrumbList\",\"@id\":\"https:\\\/\\\/deenswonen.nl\\\/de\\\/produkt\\\/iittala-archipelago-kerzenhalter-90-mm\\\/#breadcrumb\",\"itemListElement\":[{\"@type\":\"ListItem\",\"position\":1,\"name\":\"Home\",\"item\":\"https:\\\/\\\/deenswonen.nl\\\/de\\\/daenisch-leben\\\/\"},{\"@type\":\"ListItem\",\"position\":2,\"name\":\"Winkel\",\"item\":\"https:\\\/\\\/deenswonen.nl\\\/winkel\\\/\"},{\"@type\":\"ListItem\",\"position\":3,\"name\":\"Iittala Arkipelago Kerzenhalter 90 mm\"}]},{\"@type\":\"WebSite\",\"@id\":\"https:\\\/\\\/deenswonen.nl\\\/de\\\/#website\",\"url\":\"https:\\\/\\\/deenswonen.nl\\\/de\\\/\",\"name\":\"Deens wonen\",\"description\":\"Vintage skandinavische Wohnaccessoires\",\"publisher\":{\"@id\":\"https:\\\/\\\/deenswonen.nl\\\/de\\\/#organization\"},\"potentialAction\":[{\"@type\":\"SearchAction\",\"target\":{\"@type\":\"EntryPoint\",\"urlTemplate\":\"https:\\\/\\\/deenswonen.nl\\\/de\\\/?s={search_term_string}\"},\"query-input\":{\"@type\":\"PropertyValueSpecification\",\"valueRequired\":true,\"valueName\":\"search_term_string\"}}],\"inLanguage\":\"de\"},{\"@type\":\"Organization\",\"@id\":\"https:\\\/\\\/deenswonen.nl\\\/de\\\/#organization\",\"name\":\"D\u00e4nisch leben\",\"url\":\"https:\\\/\\\/deenswonen.nl\\\/de\\\/\",\"logo\":{\"@type\":\"ImageObject\",\"inLanguage\":\"de\",\"@id\":\"https:\\\/\\\/deenswonen.nl\\\/de\\\/#\\\/schema\\\/logo\\\/image\\\/\",\"url\":\"https:\\\/\\\/i0.wp.com\\\/deenswonen.nl\\\/wp-content\\\/uploads\\\/2021\\\/11\\\/51ECE736-8380-4D65-ACA6-DE74174F3C35_1_201_a.jpeg?fit=1200%2C675&ssl=1\",\"contentUrl\":\"https:\\\/\\\/i0.wp.com\\\/deenswonen.nl\\\/wp-content\\\/uploads\\\/2021\\\/11\\\/51ECE736-8380-4D65-ACA6-DE74174F3C35_1_201_a.jpeg?fit=1200%2C675&ssl=1\",\"width\":1200,\"height\":675,\"caption\":\"D\u00e4nisch leben\"},\"image\":{\"@id\":\"https:\\\/\\\/deenswonen.nl\\\/de\\\/#\\\/schema\\\/logo\\\/image\\\/\"}}]}<\/script>\n<!-- \/ Yoast SEO plugin. -->","yoast_head_json":{"title":"Iittala Arkipelago Kerzenhalter 90 mm - Vintage","description":"Der 90 mm Iittala Arkipelago Kerzenhalter f\u00fcgt jedem Interieur ein markantes Element hinzu. Sehen Sie sich hier unsere Vintage-Kollektion von Iittala an.","robots":{"index":"index","follow":"follow","max-snippet":"max-snippet:-1","max-image-preview":"max-image-preview:large","max-video-preview":"max-video-preview:-1"},"canonical":"https:\/\/deenswonen.nl\/de\/produkt\/iittala-archipelago-kerzenhalter-90-mm\/","og_locale":"de_DE","og_type":"article","og_title":"Iittala Arkipelago Kerzenhalter 90 mm - Vintage","og_description":"Der 90 mm Iittala Arkipelago Kerzenhalter f\u00fcgt jedem Interieur ein markantes Element hinzu. Sehen Sie sich hier unsere Vintage-Kollektion von Iittala an.","og_url":"https:\/\/deenswonen.nl\/de\/produkt\/iittala-archipelago-kerzenhalter-90-mm\/","og_site_name":"D\u00e4nisch leben","article_modified_time":"2024-07-25T18:23:06+00:00","og_image":[{"width":480,"height":640,"url":"https:\/\/deenswonen.nl\/wp-content\/uploads\/2022\/02\/D985689E-5F07-469F-8E76-F1723B6FC661.jpeg","type":"image\/jpeg"}],"twitter_card":"summary_large_image","twitter_misc":{"Gesch\u00e4tzte Lesezeit":"2\u00a0Minuten"},"schema":{"@context":"https:\/\/schema.org","@graph":[{"@type":"WebPage","@id":"https:\/\/deenswonen.nl\/de\/produkt\/iittala-archipelago-kerzenhalter-90-mm\/","url":"https:\/\/deenswonen.nl\/de\/produkt\/iittala-archipelago-kerzenhalter-90-mm\/","name":"Iittala Arkipelago Kerzenhalter 90 mm - Vintage","isPartOf":{"@id":"https:\/\/deenswonen.nl\/de\/#website"},"primaryImageOfPage":{"@id":"https:\/\/deenswonen.nl\/de\/produkt\/iittala-archipelago-kerzenhalter-90-mm\/#primaryimage"},"image":{"@id":"https:\/\/deenswonen.nl\/de\/produkt\/iittala-archipelago-kerzenhalter-90-mm\/#primaryimage"},"thumbnailUrl":"https:\/\/i0.wp.com\/deenswonen.nl\/wp-content\/uploads\/2022\/02\/D985689E-5F07-469F-8E76-F1723B6FC661.jpeg?fit=480%2C640&ssl=1","datePublished":"2022-02-13T18:49:00+00:00","dateModified":"2024-07-25T18:23:06+00:00","description":"Der 90 mm Iittala Arkipelago Kerzenhalter f\u00fcgt jedem Interieur ein markantes Element hinzu. Sehen Sie sich hier unsere Vintage-Kollektion von Iittala an.","breadcrumb":{"@id":"https:\/\/deenswonen.nl\/de\/produkt\/iittala-archipelago-kerzenhalter-90-mm\/#breadcrumb"},"inLanguage":"de","potentialAction":[{"@type":"ReadAction","target":["https:\/\/deenswonen.nl\/de\/produkt\/iittala-archipelago-kerzenhalter-90-mm\/"]}]},{"@type":"ImageObject","inLanguage":"de","@id":"https:\/\/deenswonen.nl\/de\/produkt\/iittala-archipelago-kerzenhalter-90-mm\/#primaryimage","url":"https:\/\/i0.wp.com\/deenswonen.nl\/wp-content\/uploads\/2022\/02\/D985689E-5F07-469F-8E76-F1723B6FC661.jpeg?fit=480%2C640&ssl=1","contentUrl":"https:\/\/i0.wp.com\/deenswonen.nl\/wp-content\/uploads\/2022\/02\/D985689E-5F07-469F-8E76-F1723B6FC661.jpeg?fit=480%2C640&ssl=1","width":480,"height":640,"caption":"Afbeelding van de zijkant Iittala Arkipelago Kandelaar 90 mm die in deze advertentie wordt aangeboden"},{"@type":"BreadcrumbList","@id":"https:\/\/deenswonen.nl\/de\/produkt\/iittala-archipelago-kerzenhalter-90-mm\/#breadcrumb","itemListElement":[{"@type":"ListItem","position":1,"name":"Home","item":"https:\/\/deenswonen.nl\/de\/daenisch-leben\/"},{"@type":"ListItem","position":2,"name":"Winkel","item":"https:\/\/deenswonen.nl\/winkel\/"},{"@type":"ListItem","position":3,"name":"Iittala Arkipelago Kerzenhalter 90 mm"}]},{"@type":"WebSite","@id":"https:\/\/deenswonen.nl\/de\/#website","url":"https:\/\/deenswonen.nl\/de\/","name":"Deens wonen","description":"Vintage skandinavische Wohnaccessoires","publisher":{"@id":"https:\/\/deenswonen.nl\/de\/#organization"},"potentialAction":[{"@type":"SearchAction","target":{"@type":"EntryPoint","urlTemplate":"https:\/\/deenswonen.nl\/de\/?s={search_term_string}"},"query-input":{"@type":"PropertyValueSpecification","valueRequired":true,"valueName":"search_term_string"}}],"inLanguage":"de"},{"@type":"Organization","@id":"https:\/\/deenswonen.nl\/de\/#organization","name":"D\u00e4nisch leben","url":"https:\/\/deenswonen.nl\/de\/","logo":{"@type":"ImageObject","inLanguage":"de","@id":"https:\/\/deenswonen.nl\/de\/#\/schema\/logo\/image\/","url":"https:\/\/i0.wp.com\/deenswonen.nl\/wp-content\/uploads\/2021\/11\/51ECE736-8380-4D65-ACA6-DE74174F3C35_1_201_a.jpeg?fit=1200%2C675&ssl=1","contentUrl":"https:\/\/i0.wp.com\/deenswonen.nl\/wp-content\/uploads\/2021\/11\/51ECE736-8380-4D65-ACA6-DE74174F3C35_1_201_a.jpeg?fit=1200%2C675&ssl=1","width":1200,"height":675,"caption":"D\u00e4nisch leben"},"image":{"@id":"https:\/\/deenswonen.nl\/de\/#\/schema\/logo\/image\/"}}]}},"jetpack_sharing_enabled":true,"_links":{"self":[{"href":"https:\/\/deenswonen.nl\/de\/wp-json\/wp\/v2\/product\/4042","targetHints":{"allow":["GET"]}}],"collection":[{"href":"https:\/\/deenswonen.nl\/de\/wp-json\/wp\/v2\/product"}],"about":[{"href":"https:\/\/deenswonen.nl\/de\/wp-json\/wp\/v2\/types\/product"}],"wp:featuredmedia":[{"embeddable":true,"href":"https:\/\/deenswonen.nl\/de\/wp-json\/wp\/v2\/media\/6739"}],"wp:attachment":[{"href":"https:\/\/deenswonen.nl\/de\/wp-json\/wp\/v2\/media?parent=4042"}],"wp:term":[{"taxonomy":"product_brand","embeddable":true,"href":"https:\/\/deenswonen.nl\/de\/wp-json\/wp\/v2\/product_brand?post=4042"},{"taxonomy":"product_cat","embeddable":true,"href":"https:\/\/deenswonen.nl\/de\/wp-json\/wp\/v2\/product_cat?post=4042"},{"taxonomy":"product_tag","embeddable":true,"href":"https:\/\/deenswonen.nl\/de\/wp-json\/wp\/v2\/product_tag?post=4042"}],"curies":[{"name":"wp","href":"https:\/\/api.w.org\/{rel}","templated":true}]}}