{"id":4028,"date":"2021-12-18T13:37:50","date_gmt":"2021-12-18T12:37:50","guid":{"rendered":"https:\/\/deenswonen.nl\/product\/iittala-nappi-teelichthalter-transparent\/"},"modified":"2023-04-16T09:45:53","modified_gmt":"2023-04-16T07:45:53","slug":"iittala-nappi-teelichthalter-transparent","status":"publish","type":"product","link":"https:\/\/deenswonen.nl\/de\/produkt\/iittala-nappi-teelichthalter-transparent\/","title":{"rendered":"Iittala Nappi Teelichthalter transparent"},"content":{"rendered":"<h2 id=\"tw-target-text\" class=\"tw-data-text tw-text-large XcVN5d tw-ta\" dir=\"ltr\" data-placeholder=\"Vertaling\">Iittala Nappi Teelichthalter transparent<\/h2>\n<p>Der transparente Iittala Nappi Teelichthalter f\u00fcgt jedem Interieur ein markantes Element hinzu. Au\u00dferdem schafft er eine sanfte Atmosph\u00e4re. Ein perfektes Geschenk f\u00fcr jemand anderen oder f\u00fcr sich selbst.<\/p>\n<p>Von langen Sommerabenden bis zu dunklen Wintern\u00e4chten verleihen Kerzen jeder Umgebung Atmosph\u00e4re. Unser Sortiment an Kerzenhaltern verleiht Ihrem Raum Dimension und Atmosph\u00e4re. Zum Beispiel die informelle Eleganz von Festivo Kerzenhaltern aus Glas, die schlichte Raffinesse von Nappi oder das organische Wellendesign von Aalto. Die Kerzenhalter von Iittala setzen Akzente in jedem Interieur<\/p>\n<p>Das Stimmungslicht ist ideal f\u00fcr einen sch\u00f6n gedeckten Tisch. Dar\u00fcber hinaus verleiht das Design jeder Wohnkultur eine raffinierte Atmosph\u00e4re. Stellen Sie zum Beispiel mehrere dieser Leuchten zusammen oder kombinieren Sie sie mit anderen Farben aus der Nappi-Linie.<\/p>\n<p>&nbsp;<\/p>\n<h2 id=\"tw-target-text\" class=\"tw-data-text tw-text-large tw-ta\" dir=\"ltr\" data-placeholder=\"Vertaling\"><span class=\"Y2IQFc\" lang=\"nl\">Markku Juhani Salo <\/span><\/h2>\n<p class=\"tw-data-text tw-text-large tw-ta\" dir=\"ltr\" data-placeholder=\"Vertaling\"><span class=\"Y2IQFc\" lang=\"nl\">Markku Juhani Saolo ist ein finnischer Designer und Glask\u00fcnstler. Er ist bekannt f\u00fcr seine beeindruckenden Glasarbeiten, die mit verschiedenen Techniken hergestellt wurden. Markku Salo schloss 1974 sein Studium als bildender K\u00fcnstler an der Kankaanp\u00e4\u00e4 School of Art ab. Bis 1983 arbeitete Salo bei Salora zun\u00e4chst als Designer von Fernsehern und Tontechnik und dann als Leiter der Designabteilung. 1983 wechselte er zum Glasdesign und wurde Designer bei Iittala.<\/span><\/p>\n<p class=\"tw-data-text tw-text-large tw-ta\" dir=\"ltr\" data-placeholder=\"Vertaling\"><span class=\"Y2IQFc\" lang=\"nl\">Markku Salo verwendet in seiner Glaskunst verschiedene Techniken. Sie k\u00f6nnen sich vorstellen, Glas in einem Metallgitter zu blasen. Er bediente sich auch des P\u00e2te de Verre-Schmelzverfahrens, bei dem feine Glaskr\u00fcmel verwendet werden. <\/span><\/p>\n<h2><span lang=\"nl\">Technische Daten Iittala Nappi Teelichthalter<\/span><\/h2>\n<p class=\"tw-data-text tw-text-large XcVN5d tw-ta\" dir=\"ltr\" data-placeholder=\"Vertaling\"><span lang=\"nl\">Dieser sch\u00f6ne Teelichthalter ist ca. 5 Jahre alt und in gutem Zustand. Es hat keine Besch\u00e4digungen oder Chips. <\/span><\/p>\n<p>Die Messungen sind:<\/p>\n<ul class=\"list-unstyled\">\n<li><span class=\"t-bold\">Durchmesser<\/span>: <span data-at=\"specifications-Diepte\">12cm<\/span><\/li>\n<li><span class=\"t-bold\">H\u00f6he: 2<\/span><span data-at=\"specifications-Hoogte\">,5 cm<\/span><\/li>\n<\/ul>\n<p>Der <span lang=\"nl\">Teelichthalter<\/span> ist ca. 5 Jahre alt, deshalb bitten wir Sie, sich die Fotos genau anzusehen. So erhalten Sie einen guten Eindruck vom Zustand des Stimmungslichts. Bei Bedarf haben wir mehrere Farben zur <a href=\"https:\/\/deenswonen.nl\/product-categorie\/merken\/iittala\/\">Verf\u00fcgung<\/a>.<\/p>\n<p>Wir versenden alle unsere Produkte sorgf\u00e4ltig verpackt. Unsere Produkte k\u00f6nnen auch nach Vereinbarung in Berkel en Rodenrijs abgeholt werden.<\/p>\n","protected":false},"excerpt":{"rendered":"<p>Sch\u00f6ner Iittala Aalto Teelichthalter transparent. Der Teelichthalter ist der weltber\u00fchmten Aalto-Vase nachempfunden. Der elegante Iittala Aalto Teelichthalter f\u00fcgt jedem Interieur ein markantes Element hinzu und schafft ein sanftes Ambiente. Ein perfektes Geschenk f\u00fcr jemand anderen oder f\u00fcr sich selbst.<\/p>\n<p>Dieser Teelichthalter ist ca. 5 Jahre alt, deshalb bitten wir Sie, sich die Fotos genau anzusehen. So erhalten Sie einen guten Eindruck vom Zustand. Bei Bedarf haben wir mehrere Modelle zur <a href=\"https:\/\/deenswonen.nl\/product-categorie\/merken\/iittala\/\">Verf\u00fcgung<\/a>.<\/p>\n","protected":false},"featured_media":2816,"template":"","meta":[],"product_brand":[],"product_cat":[164,100,168,156],"product_tag":[],"class_list":{"0":"post-4028","1":"product","2":"type-product","3":"status-publish","4":"has-post-thumbnail","6":"product_cat-bestseller","7":"product_cat-iittala-de","8":"product_cat-kerzenleuchter","9":"product_cat-neu-eingetroffen","10":"thunk-woo-product-list","11":"opn-qv-enable","12":"top-store-woo-hover-swap","13":"top-store-single-product-tab-horizontal","14":"top-store-shadow-","15":"top-store-shadow-hover-","17":"first","18":"outofstock","19":"taxable","20":"shipping-taxable","21":"purchasable","22":"product-type-simple"},"yoast_head":"<!-- This site is optimized with the Yoast SEO plugin v27.3 - https:\/\/yoast.com\/product\/yoast-seo-wordpress\/ -->\n<title>Iittala Nappi Teelichthalter transparent - D\u00e4nisch lebend<\/title>\n<meta name=\"description\" content=\"Der elegante Iittala Nappi Teelichthalter transparent f\u00fcgt jedem Interieur ein markantes Element hinzu und schafft ein sanftes Ambiente.\" \/>\n<meta name=\"robots\" content=\"index, follow, max-snippet:-1, max-image-preview:large, max-video-preview:-1\" \/>\n<link rel=\"canonical\" href=\"https:\/\/deenswonen.nl\/de\/produkt\/iittala-nappi-teelichthalter-transparent\/\" \/>\n<meta property=\"og:locale\" content=\"de_DE\" \/>\n<meta property=\"og:type\" content=\"article\" \/>\n<meta property=\"og:title\" content=\"Iittala Nappi Teelichthalter transparent - D\u00e4nisch lebend\" \/>\n<meta property=\"og:description\" content=\"Der elegante Iittala Nappi Teelichthalter transparent f\u00fcgt jedem Interieur ein markantes Element hinzu und schafft ein sanftes Ambiente.\" \/>\n<meta property=\"og:url\" content=\"https:\/\/deenswonen.nl\/de\/produkt\/iittala-nappi-teelichthalter-transparent\/\" \/>\n<meta property=\"og:site_name\" content=\"D\u00e4nisch leben\" \/>\n<meta property=\"article:modified_time\" content=\"2023-04-16T07:45:53+00:00\" \/>\n<meta property=\"og:image\" content=\"https:\/\/deenswonen.nl\/wp-content\/uploads\/2021\/12\/58D5E872-197E-4E51-93CE-9DA95D4B2681.jpeg\" \/>\n\t<meta property=\"og:image:width\" content=\"1280\" \/>\n\t<meta property=\"og:image:height\" content=\"960\" \/>\n\t<meta property=\"og:image:type\" content=\"image\/jpeg\" \/>\n<meta name=\"twitter:card\" content=\"summary_large_image\" \/>\n<meta name=\"twitter:label1\" content=\"Gesch\u00e4tzte Lesezeit\" \/>\n\t<meta name=\"twitter:data1\" content=\"2\u00a0Minuten\" \/>\n<script type=\"application\/ld+json\" class=\"yoast-schema-graph\">{\"@context\":\"https:\\\/\\\/schema.org\",\"@graph\":[{\"@type\":\"WebPage\",\"@id\":\"https:\\\/\\\/deenswonen.nl\\\/de\\\/produkt\\\/iittala-nappi-teelichthalter-transparent\\\/\",\"url\":\"https:\\\/\\\/deenswonen.nl\\\/de\\\/produkt\\\/iittala-nappi-teelichthalter-transparent\\\/\",\"name\":\"Iittala Nappi Teelichthalter transparent - D\u00e4nisch lebend\",\"isPartOf\":{\"@id\":\"https:\\\/\\\/deenswonen.nl\\\/de\\\/#website\"},\"primaryImageOfPage\":{\"@id\":\"https:\\\/\\\/deenswonen.nl\\\/de\\\/produkt\\\/iittala-nappi-teelichthalter-transparent\\\/#primaryimage\"},\"image\":{\"@id\":\"https:\\\/\\\/deenswonen.nl\\\/de\\\/produkt\\\/iittala-nappi-teelichthalter-transparent\\\/#primaryimage\"},\"thumbnailUrl\":\"https:\\\/\\\/i0.wp.com\\\/deenswonen.nl\\\/wp-content\\\/uploads\\\/2021\\\/12\\\/58D5E872-197E-4E51-93CE-9DA95D4B2681.jpeg?fit=1280%2C960&ssl=1\",\"datePublished\":\"2021-12-18T12:37:50+00:00\",\"dateModified\":\"2023-04-16T07:45:53+00:00\",\"description\":\"Der elegante Iittala Nappi Teelichthalter transparent f\u00fcgt jedem Interieur ein markantes Element hinzu und schafft ein sanftes Ambiente.\",\"breadcrumb\":{\"@id\":\"https:\\\/\\\/deenswonen.nl\\\/de\\\/produkt\\\/iittala-nappi-teelichthalter-transparent\\\/#breadcrumb\"},\"inLanguage\":\"de\",\"potentialAction\":[{\"@type\":\"ReadAction\",\"target\":[\"https:\\\/\\\/deenswonen.nl\\\/de\\\/produkt\\\/iittala-nappi-teelichthalter-transparent\\\/\"]}]},{\"@type\":\"ImageObject\",\"inLanguage\":\"de\",\"@id\":\"https:\\\/\\\/deenswonen.nl\\\/de\\\/produkt\\\/iittala-nappi-teelichthalter-transparent\\\/#primaryimage\",\"url\":\"https:\\\/\\\/i0.wp.com\\\/deenswonen.nl\\\/wp-content\\\/uploads\\\/2021\\\/12\\\/58D5E872-197E-4E51-93CE-9DA95D4B2681.jpeg?fit=1280%2C960&ssl=1\",\"contentUrl\":\"https:\\\/\\\/i0.wp.com\\\/deenswonen.nl\\\/wp-content\\\/uploads\\\/2021\\\/12\\\/58D5E872-197E-4E51-93CE-9DA95D4B2681.jpeg?fit=1280%2C960&ssl=1\",\"width\":1280,\"height\":960,\"caption\":\"Abbildung des in dieser Anzeige angebotenen Iittala Nappi Teelichthalters transparent.\"},{\"@type\":\"BreadcrumbList\",\"@id\":\"https:\\\/\\\/deenswonen.nl\\\/de\\\/produkt\\\/iittala-nappi-teelichthalter-transparent\\\/#breadcrumb\",\"itemListElement\":[{\"@type\":\"ListItem\",\"position\":1,\"name\":\"Home\",\"item\":\"https:\\\/\\\/deenswonen.nl\\\/de\\\/daenisch-leben\\\/\"},{\"@type\":\"ListItem\",\"position\":2,\"name\":\"Winkel\",\"item\":\"https:\\\/\\\/deenswonen.nl\\\/winkel\\\/\"},{\"@type\":\"ListItem\",\"position\":3,\"name\":\"Iittala Nappi Teelichthalter transparent\"}]},{\"@type\":\"WebSite\",\"@id\":\"https:\\\/\\\/deenswonen.nl\\\/de\\\/#website\",\"url\":\"https:\\\/\\\/deenswonen.nl\\\/de\\\/\",\"name\":\"Deens wonen\",\"description\":\"Vintage skandinavische Wohnaccessoires\",\"publisher\":{\"@id\":\"https:\\\/\\\/deenswonen.nl\\\/de\\\/#organization\"},\"potentialAction\":[{\"@type\":\"SearchAction\",\"target\":{\"@type\":\"EntryPoint\",\"urlTemplate\":\"https:\\\/\\\/deenswonen.nl\\\/de\\\/?s={search_term_string}\"},\"query-input\":{\"@type\":\"PropertyValueSpecification\",\"valueRequired\":true,\"valueName\":\"search_term_string\"}}],\"inLanguage\":\"de\"},{\"@type\":\"Organization\",\"@id\":\"https:\\\/\\\/deenswonen.nl\\\/de\\\/#organization\",\"name\":\"D\u00e4nisch leben\",\"url\":\"https:\\\/\\\/deenswonen.nl\\\/de\\\/\",\"logo\":{\"@type\":\"ImageObject\",\"inLanguage\":\"de\",\"@id\":\"https:\\\/\\\/deenswonen.nl\\\/de\\\/#\\\/schema\\\/logo\\\/image\\\/\",\"url\":\"https:\\\/\\\/i0.wp.com\\\/deenswonen.nl\\\/wp-content\\\/uploads\\\/2021\\\/11\\\/51ECE736-8380-4D65-ACA6-DE74174F3C35_1_201_a.jpeg?fit=1200%2C675&ssl=1\",\"contentUrl\":\"https:\\\/\\\/i0.wp.com\\\/deenswonen.nl\\\/wp-content\\\/uploads\\\/2021\\\/11\\\/51ECE736-8380-4D65-ACA6-DE74174F3C35_1_201_a.jpeg?fit=1200%2C675&ssl=1\",\"width\":1200,\"height\":675,\"caption\":\"D\u00e4nisch leben\"},\"image\":{\"@id\":\"https:\\\/\\\/deenswonen.nl\\\/de\\\/#\\\/schema\\\/logo\\\/image\\\/\"}}]}<\/script>\n<!-- \/ Yoast SEO plugin. -->","yoast_head_json":{"title":"Iittala Nappi Teelichthalter transparent - D\u00e4nisch lebend","description":"Der elegante Iittala Nappi Teelichthalter transparent f\u00fcgt jedem Interieur ein markantes Element hinzu und schafft ein sanftes Ambiente.","robots":{"index":"index","follow":"follow","max-snippet":"max-snippet:-1","max-image-preview":"max-image-preview:large","max-video-preview":"max-video-preview:-1"},"canonical":"https:\/\/deenswonen.nl\/de\/produkt\/iittala-nappi-teelichthalter-transparent\/","og_locale":"de_DE","og_type":"article","og_title":"Iittala Nappi Teelichthalter transparent - D\u00e4nisch lebend","og_description":"Der elegante Iittala Nappi Teelichthalter transparent f\u00fcgt jedem Interieur ein markantes Element hinzu und schafft ein sanftes Ambiente.","og_url":"https:\/\/deenswonen.nl\/de\/produkt\/iittala-nappi-teelichthalter-transparent\/","og_site_name":"D\u00e4nisch leben","article_modified_time":"2023-04-16T07:45:53+00:00","og_image":[{"width":1280,"height":960,"url":"https:\/\/deenswonen.nl\/wp-content\/uploads\/2021\/12\/58D5E872-197E-4E51-93CE-9DA95D4B2681.jpeg","type":"image\/jpeg"}],"twitter_card":"summary_large_image","twitter_misc":{"Gesch\u00e4tzte Lesezeit":"2\u00a0Minuten"},"schema":{"@context":"https:\/\/schema.org","@graph":[{"@type":"WebPage","@id":"https:\/\/deenswonen.nl\/de\/produkt\/iittala-nappi-teelichthalter-transparent\/","url":"https:\/\/deenswonen.nl\/de\/produkt\/iittala-nappi-teelichthalter-transparent\/","name":"Iittala Nappi Teelichthalter transparent - D\u00e4nisch lebend","isPartOf":{"@id":"https:\/\/deenswonen.nl\/de\/#website"},"primaryImageOfPage":{"@id":"https:\/\/deenswonen.nl\/de\/produkt\/iittala-nappi-teelichthalter-transparent\/#primaryimage"},"image":{"@id":"https:\/\/deenswonen.nl\/de\/produkt\/iittala-nappi-teelichthalter-transparent\/#primaryimage"},"thumbnailUrl":"https:\/\/i0.wp.com\/deenswonen.nl\/wp-content\/uploads\/2021\/12\/58D5E872-197E-4E51-93CE-9DA95D4B2681.jpeg?fit=1280%2C960&ssl=1","datePublished":"2021-12-18T12:37:50+00:00","dateModified":"2023-04-16T07:45:53+00:00","description":"Der elegante Iittala Nappi Teelichthalter transparent f\u00fcgt jedem Interieur ein markantes Element hinzu und schafft ein sanftes Ambiente.","breadcrumb":{"@id":"https:\/\/deenswonen.nl\/de\/produkt\/iittala-nappi-teelichthalter-transparent\/#breadcrumb"},"inLanguage":"de","potentialAction":[{"@type":"ReadAction","target":["https:\/\/deenswonen.nl\/de\/produkt\/iittala-nappi-teelichthalter-transparent\/"]}]},{"@type":"ImageObject","inLanguage":"de","@id":"https:\/\/deenswonen.nl\/de\/produkt\/iittala-nappi-teelichthalter-transparent\/#primaryimage","url":"https:\/\/i0.wp.com\/deenswonen.nl\/wp-content\/uploads\/2021\/12\/58D5E872-197E-4E51-93CE-9DA95D4B2681.jpeg?fit=1280%2C960&ssl=1","contentUrl":"https:\/\/i0.wp.com\/deenswonen.nl\/wp-content\/uploads\/2021\/12\/58D5E872-197E-4E51-93CE-9DA95D4B2681.jpeg?fit=1280%2C960&ssl=1","width":1280,"height":960,"caption":"Abbildung des in dieser Anzeige angebotenen Iittala Nappi Teelichthalters transparent."},{"@type":"BreadcrumbList","@id":"https:\/\/deenswonen.nl\/de\/produkt\/iittala-nappi-teelichthalter-transparent\/#breadcrumb","itemListElement":[{"@type":"ListItem","position":1,"name":"Home","item":"https:\/\/deenswonen.nl\/de\/daenisch-leben\/"},{"@type":"ListItem","position":2,"name":"Winkel","item":"https:\/\/deenswonen.nl\/winkel\/"},{"@type":"ListItem","position":3,"name":"Iittala Nappi Teelichthalter transparent"}]},{"@type":"WebSite","@id":"https:\/\/deenswonen.nl\/de\/#website","url":"https:\/\/deenswonen.nl\/de\/","name":"Deens wonen","description":"Vintage skandinavische Wohnaccessoires","publisher":{"@id":"https:\/\/deenswonen.nl\/de\/#organization"},"potentialAction":[{"@type":"SearchAction","target":{"@type":"EntryPoint","urlTemplate":"https:\/\/deenswonen.nl\/de\/?s={search_term_string}"},"query-input":{"@type":"PropertyValueSpecification","valueRequired":true,"valueName":"search_term_string"}}],"inLanguage":"de"},{"@type":"Organization","@id":"https:\/\/deenswonen.nl\/de\/#organization","name":"D\u00e4nisch leben","url":"https:\/\/deenswonen.nl\/de\/","logo":{"@type":"ImageObject","inLanguage":"de","@id":"https:\/\/deenswonen.nl\/de\/#\/schema\/logo\/image\/","url":"https:\/\/i0.wp.com\/deenswonen.nl\/wp-content\/uploads\/2021\/11\/51ECE736-8380-4D65-ACA6-DE74174F3C35_1_201_a.jpeg?fit=1200%2C675&ssl=1","contentUrl":"https:\/\/i0.wp.com\/deenswonen.nl\/wp-content\/uploads\/2021\/11\/51ECE736-8380-4D65-ACA6-DE74174F3C35_1_201_a.jpeg?fit=1200%2C675&ssl=1","width":1200,"height":675,"caption":"D\u00e4nisch leben"},"image":{"@id":"https:\/\/deenswonen.nl\/de\/#\/schema\/logo\/image\/"}}]}},"jetpack_sharing_enabled":true,"_links":{"self":[{"href":"https:\/\/deenswonen.nl\/de\/wp-json\/wp\/v2\/product\/4028","targetHints":{"allow":["GET"]}}],"collection":[{"href":"https:\/\/deenswonen.nl\/de\/wp-json\/wp\/v2\/product"}],"about":[{"href":"https:\/\/deenswonen.nl\/de\/wp-json\/wp\/v2\/types\/product"}],"wp:featuredmedia":[{"embeddable":true,"href":"https:\/\/deenswonen.nl\/de\/wp-json\/wp\/v2\/media\/2816"}],"wp:attachment":[{"href":"https:\/\/deenswonen.nl\/de\/wp-json\/wp\/v2\/media?parent=4028"}],"wp:term":[{"taxonomy":"product_brand","embeddable":true,"href":"https:\/\/deenswonen.nl\/de\/wp-json\/wp\/v2\/product_brand?post=4028"},{"taxonomy":"product_cat","embeddable":true,"href":"https:\/\/deenswonen.nl\/de\/wp-json\/wp\/v2\/product_cat?post=4028"},{"taxonomy":"product_tag","embeddable":true,"href":"https:\/\/deenswonen.nl\/de\/wp-json\/wp\/v2\/product_tag?post=4028"}],"curies":[{"name":"wp","href":"https:\/\/api.w.org\/{rel}","templated":true}]}}