{"id":4015,"date":"2021-11-09T11:13:35","date_gmt":"2021-11-09T10:13:35","guid":{"rendered":"https:\/\/deenswonen.nl\/product\/meldgaard-katedral-kerzenhalter\/"},"modified":"2023-04-16T11:05:39","modified_gmt":"2023-04-16T09:05:39","slug":"meldgaard-katedral-kerzenhalter","status":"publish","type":"product","link":"https:\/\/deenswonen.nl\/de\/produkt\/meldgaard-katedral-kerzenhalter\/","title":{"rendered":"Meldgaard Katedral Kerzenhalter"},"content":{"rendered":"<h3>Meldgaard Katedral Kerzenhalter<\/h3>\n<p>Wundersch\u00f6ner Kerzenhalter von Meldgaard im klassischen Design Typ Katedral. Das Design umfasst klassische und dramatische Formen. Die Punkte verleihen dem Kerzenhalter ein spektakul\u00e4res Aussehen. Das ist kein unscheinbarer Kerzenst\u00e4nder, sondern ein echter Gespr\u00e4chsstoff.<\/p>\n<h3>Design Katedral Kerzenst\u00e4nder<\/h3>\n<p>Der Meldgaard Katedral Kerzenhalter besteht aus sechs Chromteilen, die durch den messingfarbenen Innenring verbunden sind. Die spitze Form des Kerzenhalters erzeugt einen dramatischen Look.<\/p>\n<h3>Spezifikationen Meldgaard Katedral Kerzenhalter<\/h3>\n<p>Der Leuchter ist ca. 30 Jahre alt und in sehr gutem Zustand. Der Kerzenhalter wird komplett mit der Originalverpackung geliefert und scheint fast nie benutzt worden zu sein.<\/p>\n<p>Die Messungen sind:<\/p>\n<p>H\u00f6he: 23,5 cm<br \/>\nDurchmesser: 13,5 cm<\/p>\n<h3>\u00dcber Meldgaard<\/h3>\n<p class=\"section\">Meldgaard Classic Design wurde 1967 von J\u00f8rgen Meldg\u00e5rd in Hadsund gegr\u00fcndet. Das Unternehmen konzentrierte sich auf Industriedesign und Produktdesign. Designer J\u00f8rgen Meldg\u00e5rd hat unter anderem f\u00fcr die skandinavische Marke Menu entworfen. Auch in diesen Designs sind straffe und spitze Formen zu erkennen. Das Unternehmen wurde Ende 2008 eingestellt. Obwohl das Unternehmen seit \u00fcber 40 Jahren aktiv ist, sind keine Produkte zu finden. Wir haben nur ein Exemplar dieses Kerzenhalters zur Verf\u00fcgung, es ist unwahrscheinlich, dass ein zweites gefunden wird.<\/p>\n<p class=\"section\">Dieser Leuchter ist ca. 30 Jahre alt, deshalb bitten wir Sie, sich die Fotos genau anzusehen. So erhalten Sie einen guten Eindruck vom Zustand des Kerzenhalter. Bei Bedarf haben wir auch andere Leuchter zur <a href=\"https:\/\/deenswonen.nl\/product-categorie\/producten\/kandelaars\/\">Verf\u00fcgung.<\/a> Suchen Sie ein bestimmtes Produkt? Bitte kontaktieren Sie uns. M\u00f6glicherweise haben wir das Produkt f\u00fcr Sie auf Lager oder k\u00f6nnen es f\u00fcr Sie suchen.<\/p>\n<p>Wir versenden alle unsere Produkte einfach verpackt mit Post NL. Unsere Produkte k\u00f6nnen auch nach Vereinbarung in Berkel en Rodenrijs abgeholt werden.<\/p>\n","protected":false},"excerpt":{"rendered":"<p>Wundersch\u00f6ner Kerzenhalter von Meldgaard im klassischen Design Typ Katedral. Das Design umfasst klassische und dramatische Formen.<\/p>\n<p>&nbsp;<\/p>\n<ul>\n<li><strong>Skandinavisches Design<\/strong><\/li>\n<li><strong>Weltweiter Versand<\/strong><\/li>\n<li><strong>14 Tage Bedenkzeit<\/strong><\/li>\n<\/ul>\n<p>&nbsp;<\/p>\n","protected":false},"featured_media":2092,"template":"","meta":[],"product_brand":[],"product_cat":[164,168,156],"product_tag":[],"class_list":{"0":"post-4015","1":"product","2":"type-product","3":"status-publish","4":"has-post-thumbnail","6":"product_cat-bestseller","7":"product_cat-kerzenleuchter","8":"product_cat-neu-eingetroffen","9":"thunk-woo-product-list","10":"opn-qv-enable","11":"top-store-woo-hover-swap","12":"top-store-single-product-tab-horizontal","13":"top-store-shadow-","14":"top-store-shadow-hover-","16":"first","17":"outofstock","18":"taxable","19":"shipping-taxable","20":"purchasable","21":"product-type-simple"},"yoast_head":"<!-- This site is optimized with the Yoast SEO plugin v27.3 - https:\/\/yoast.com\/product\/yoast-seo-wordpress\/ -->\n<title>Meldgaard Katedral Kerzenhalter - D\u00e4nisch leben<\/title>\n<meta name=\"description\" content=\"Wundersch\u00f6ner Kerzenst\u00e4nder von Meldgaard im klassischen Design Typ Katedral. Das Design umfasst klassische und dramatische Formen. Suchen Sie hier nach Informationen\" \/>\n<meta name=\"robots\" content=\"index, follow, max-snippet:-1, max-image-preview:large, max-video-preview:-1\" \/>\n<link rel=\"canonical\" href=\"https:\/\/deenswonen.nl\/de\/produkt\/meldgaard-katedral-kerzenhalter\/\" \/>\n<meta property=\"og:locale\" content=\"de_DE\" \/>\n<meta property=\"og:type\" content=\"article\" \/>\n<meta property=\"og:title\" content=\"Meldgaard Katedral Kerzenhalter - D\u00e4nisch leben\" \/>\n<meta property=\"og:description\" content=\"Wundersch\u00f6ner Kerzenst\u00e4nder von Meldgaard im klassischen Design Typ Katedral. Das Design umfasst klassische und dramatische Formen. Suchen Sie hier nach Informationen\" \/>\n<meta property=\"og:url\" content=\"https:\/\/deenswonen.nl\/de\/produkt\/meldgaard-katedral-kerzenhalter\/\" \/>\n<meta property=\"og:site_name\" content=\"D\u00e4nisch leben\" \/>\n<meta property=\"article:modified_time\" content=\"2023-04-16T09:05:39+00:00\" \/>\n<meta property=\"og:image\" content=\"https:\/\/deenswonen.nl\/wp-content\/uploads\/2021\/11\/D3F083AA-DC21-4840-BE51-8D2E00DC1F16_1_201_a-scaled.jpeg\" \/>\n\t<meta property=\"og:image:width\" content=\"1920\" \/>\n\t<meta property=\"og:image:height\" content=\"2560\" \/>\n\t<meta property=\"og:image:type\" content=\"image\/jpeg\" \/>\n<meta name=\"twitter:card\" content=\"summary_large_image\" \/>\n<meta name=\"twitter:label1\" content=\"Gesch\u00e4tzte Lesezeit\" \/>\n\t<meta name=\"twitter:data1\" content=\"1\u00a0Minute\" \/>\n<script type=\"application\/ld+json\" class=\"yoast-schema-graph\">{\"@context\":\"https:\\\/\\\/schema.org\",\"@graph\":[{\"@type\":\"WebPage\",\"@id\":\"https:\\\/\\\/deenswonen.nl\\\/de\\\/produkt\\\/meldgaard-katedral-kerzenhalter\\\/\",\"url\":\"https:\\\/\\\/deenswonen.nl\\\/de\\\/produkt\\\/meldgaard-katedral-kerzenhalter\\\/\",\"name\":\"Meldgaard Katedral Kerzenhalter - D\u00e4nisch leben\",\"isPartOf\":{\"@id\":\"https:\\\/\\\/deenswonen.nl\\\/de\\\/#website\"},\"primaryImageOfPage\":{\"@id\":\"https:\\\/\\\/deenswonen.nl\\\/de\\\/produkt\\\/meldgaard-katedral-kerzenhalter\\\/#primaryimage\"},\"image\":{\"@id\":\"https:\\\/\\\/deenswonen.nl\\\/de\\\/produkt\\\/meldgaard-katedral-kerzenhalter\\\/#primaryimage\"},\"thumbnailUrl\":\"https:\\\/\\\/i0.wp.com\\\/deenswonen.nl\\\/wp-content\\\/uploads\\\/2021\\\/11\\\/D3F083AA-DC21-4840-BE51-8D2E00DC1F16_1_201_a-scaled.jpeg?fit=1920%2C2560&ssl=1\",\"datePublished\":\"2021-11-09T10:13:35+00:00\",\"dateModified\":\"2023-04-16T09:05:39+00:00\",\"description\":\"Wundersch\u00f6ner Kerzenst\u00e4nder von Meldgaard im klassischen Design Typ Katedral. Das Design umfasst klassische und dramatische Formen. Suchen Sie hier nach Informationen\",\"breadcrumb\":{\"@id\":\"https:\\\/\\\/deenswonen.nl\\\/de\\\/produkt\\\/meldgaard-katedral-kerzenhalter\\\/#breadcrumb\"},\"inLanguage\":\"de\",\"potentialAction\":[{\"@type\":\"ReadAction\",\"target\":[\"https:\\\/\\\/deenswonen.nl\\\/de\\\/produkt\\\/meldgaard-katedral-kerzenhalter\\\/\"]}]},{\"@type\":\"ImageObject\",\"inLanguage\":\"de\",\"@id\":\"https:\\\/\\\/deenswonen.nl\\\/de\\\/produkt\\\/meldgaard-katedral-kerzenhalter\\\/#primaryimage\",\"url\":\"https:\\\/\\\/i0.wp.com\\\/deenswonen.nl\\\/wp-content\\\/uploads\\\/2021\\\/11\\\/D3F083AA-DC21-4840-BE51-8D2E00DC1F16_1_201_a-scaled.jpeg?fit=1920%2C2560&ssl=1\",\"contentUrl\":\"https:\\\/\\\/i0.wp.com\\\/deenswonen.nl\\\/wp-content\\\/uploads\\\/2021\\\/11\\\/D3F083AA-DC21-4840-BE51-8D2E00DC1F16_1_201_a-scaled.jpeg?fit=1920%2C2560&ssl=1\",\"width\":1920,\"height\":2560,\"caption\":\"Bild des Meldgaard Katedral Kerzenhalters, der in dieser Anzeige angeboten wird.\"},{\"@type\":\"BreadcrumbList\",\"@id\":\"https:\\\/\\\/deenswonen.nl\\\/de\\\/produkt\\\/meldgaard-katedral-kerzenhalter\\\/#breadcrumb\",\"itemListElement\":[{\"@type\":\"ListItem\",\"position\":1,\"name\":\"Home\",\"item\":\"https:\\\/\\\/deenswonen.nl\\\/de\\\/daenisch-leben\\\/\"},{\"@type\":\"ListItem\",\"position\":2,\"name\":\"Winkel\",\"item\":\"https:\\\/\\\/deenswonen.nl\\\/winkel\\\/\"},{\"@type\":\"ListItem\",\"position\":3,\"name\":\"Meldgaard Katedral Kerzenhalter\"}]},{\"@type\":\"WebSite\",\"@id\":\"https:\\\/\\\/deenswonen.nl\\\/de\\\/#website\",\"url\":\"https:\\\/\\\/deenswonen.nl\\\/de\\\/\",\"name\":\"Deens wonen\",\"description\":\"Vintage skandinavische Wohnaccessoires\",\"publisher\":{\"@id\":\"https:\\\/\\\/deenswonen.nl\\\/de\\\/#organization\"},\"potentialAction\":[{\"@type\":\"SearchAction\",\"target\":{\"@type\":\"EntryPoint\",\"urlTemplate\":\"https:\\\/\\\/deenswonen.nl\\\/de\\\/?s={search_term_string}\"},\"query-input\":{\"@type\":\"PropertyValueSpecification\",\"valueRequired\":true,\"valueName\":\"search_term_string\"}}],\"inLanguage\":\"de\"},{\"@type\":\"Organization\",\"@id\":\"https:\\\/\\\/deenswonen.nl\\\/de\\\/#organization\",\"name\":\"D\u00e4nisch leben\",\"url\":\"https:\\\/\\\/deenswonen.nl\\\/de\\\/\",\"logo\":{\"@type\":\"ImageObject\",\"inLanguage\":\"de\",\"@id\":\"https:\\\/\\\/deenswonen.nl\\\/de\\\/#\\\/schema\\\/logo\\\/image\\\/\",\"url\":\"https:\\\/\\\/i0.wp.com\\\/deenswonen.nl\\\/wp-content\\\/uploads\\\/2021\\\/11\\\/51ECE736-8380-4D65-ACA6-DE74174F3C35_1_201_a.jpeg?fit=1200%2C675&ssl=1\",\"contentUrl\":\"https:\\\/\\\/i0.wp.com\\\/deenswonen.nl\\\/wp-content\\\/uploads\\\/2021\\\/11\\\/51ECE736-8380-4D65-ACA6-DE74174F3C35_1_201_a.jpeg?fit=1200%2C675&ssl=1\",\"width\":1200,\"height\":675,\"caption\":\"D\u00e4nisch leben\"},\"image\":{\"@id\":\"https:\\\/\\\/deenswonen.nl\\\/de\\\/#\\\/schema\\\/logo\\\/image\\\/\"}}]}<\/script>\n<!-- \/ Yoast SEO plugin. -->","yoast_head_json":{"title":"Meldgaard Katedral Kerzenhalter - D\u00e4nisch leben","description":"Wundersch\u00f6ner Kerzenst\u00e4nder von Meldgaard im klassischen Design Typ Katedral. Das Design umfasst klassische und dramatische Formen. Suchen Sie hier nach Informationen","robots":{"index":"index","follow":"follow","max-snippet":"max-snippet:-1","max-image-preview":"max-image-preview:large","max-video-preview":"max-video-preview:-1"},"canonical":"https:\/\/deenswonen.nl\/de\/produkt\/meldgaard-katedral-kerzenhalter\/","og_locale":"de_DE","og_type":"article","og_title":"Meldgaard Katedral Kerzenhalter - D\u00e4nisch leben","og_description":"Wundersch\u00f6ner Kerzenst\u00e4nder von Meldgaard im klassischen Design Typ Katedral. Das Design umfasst klassische und dramatische Formen. Suchen Sie hier nach Informationen","og_url":"https:\/\/deenswonen.nl\/de\/produkt\/meldgaard-katedral-kerzenhalter\/","og_site_name":"D\u00e4nisch leben","article_modified_time":"2023-04-16T09:05:39+00:00","og_image":[{"width":1920,"height":2560,"url":"https:\/\/deenswonen.nl\/wp-content\/uploads\/2021\/11\/D3F083AA-DC21-4840-BE51-8D2E00DC1F16_1_201_a-scaled.jpeg","type":"image\/jpeg"}],"twitter_card":"summary_large_image","twitter_misc":{"Gesch\u00e4tzte Lesezeit":"1\u00a0Minute"},"schema":{"@context":"https:\/\/schema.org","@graph":[{"@type":"WebPage","@id":"https:\/\/deenswonen.nl\/de\/produkt\/meldgaard-katedral-kerzenhalter\/","url":"https:\/\/deenswonen.nl\/de\/produkt\/meldgaard-katedral-kerzenhalter\/","name":"Meldgaard Katedral Kerzenhalter - D\u00e4nisch leben","isPartOf":{"@id":"https:\/\/deenswonen.nl\/de\/#website"},"primaryImageOfPage":{"@id":"https:\/\/deenswonen.nl\/de\/produkt\/meldgaard-katedral-kerzenhalter\/#primaryimage"},"image":{"@id":"https:\/\/deenswonen.nl\/de\/produkt\/meldgaard-katedral-kerzenhalter\/#primaryimage"},"thumbnailUrl":"https:\/\/i0.wp.com\/deenswonen.nl\/wp-content\/uploads\/2021\/11\/D3F083AA-DC21-4840-BE51-8D2E00DC1F16_1_201_a-scaled.jpeg?fit=1920%2C2560&ssl=1","datePublished":"2021-11-09T10:13:35+00:00","dateModified":"2023-04-16T09:05:39+00:00","description":"Wundersch\u00f6ner Kerzenst\u00e4nder von Meldgaard im klassischen Design Typ Katedral. Das Design umfasst klassische und dramatische Formen. Suchen Sie hier nach Informationen","breadcrumb":{"@id":"https:\/\/deenswonen.nl\/de\/produkt\/meldgaard-katedral-kerzenhalter\/#breadcrumb"},"inLanguage":"de","potentialAction":[{"@type":"ReadAction","target":["https:\/\/deenswonen.nl\/de\/produkt\/meldgaard-katedral-kerzenhalter\/"]}]},{"@type":"ImageObject","inLanguage":"de","@id":"https:\/\/deenswonen.nl\/de\/produkt\/meldgaard-katedral-kerzenhalter\/#primaryimage","url":"https:\/\/i0.wp.com\/deenswonen.nl\/wp-content\/uploads\/2021\/11\/D3F083AA-DC21-4840-BE51-8D2E00DC1F16_1_201_a-scaled.jpeg?fit=1920%2C2560&ssl=1","contentUrl":"https:\/\/i0.wp.com\/deenswonen.nl\/wp-content\/uploads\/2021\/11\/D3F083AA-DC21-4840-BE51-8D2E00DC1F16_1_201_a-scaled.jpeg?fit=1920%2C2560&ssl=1","width":1920,"height":2560,"caption":"Bild des Meldgaard Katedral Kerzenhalters, der in dieser Anzeige angeboten wird."},{"@type":"BreadcrumbList","@id":"https:\/\/deenswonen.nl\/de\/produkt\/meldgaard-katedral-kerzenhalter\/#breadcrumb","itemListElement":[{"@type":"ListItem","position":1,"name":"Home","item":"https:\/\/deenswonen.nl\/de\/daenisch-leben\/"},{"@type":"ListItem","position":2,"name":"Winkel","item":"https:\/\/deenswonen.nl\/winkel\/"},{"@type":"ListItem","position":3,"name":"Meldgaard Katedral Kerzenhalter"}]},{"@type":"WebSite","@id":"https:\/\/deenswonen.nl\/de\/#website","url":"https:\/\/deenswonen.nl\/de\/","name":"Deens wonen","description":"Vintage skandinavische Wohnaccessoires","publisher":{"@id":"https:\/\/deenswonen.nl\/de\/#organization"},"potentialAction":[{"@type":"SearchAction","target":{"@type":"EntryPoint","urlTemplate":"https:\/\/deenswonen.nl\/de\/?s={search_term_string}"},"query-input":{"@type":"PropertyValueSpecification","valueRequired":true,"valueName":"search_term_string"}}],"inLanguage":"de"},{"@type":"Organization","@id":"https:\/\/deenswonen.nl\/de\/#organization","name":"D\u00e4nisch leben","url":"https:\/\/deenswonen.nl\/de\/","logo":{"@type":"ImageObject","inLanguage":"de","@id":"https:\/\/deenswonen.nl\/de\/#\/schema\/logo\/image\/","url":"https:\/\/i0.wp.com\/deenswonen.nl\/wp-content\/uploads\/2021\/11\/51ECE736-8380-4D65-ACA6-DE74174F3C35_1_201_a.jpeg?fit=1200%2C675&ssl=1","contentUrl":"https:\/\/i0.wp.com\/deenswonen.nl\/wp-content\/uploads\/2021\/11\/51ECE736-8380-4D65-ACA6-DE74174F3C35_1_201_a.jpeg?fit=1200%2C675&ssl=1","width":1200,"height":675,"caption":"D\u00e4nisch leben"},"image":{"@id":"https:\/\/deenswonen.nl\/de\/#\/schema\/logo\/image\/"}}]}},"jetpack_sharing_enabled":true,"_links":{"self":[{"href":"https:\/\/deenswonen.nl\/de\/wp-json\/wp\/v2\/product\/4015","targetHints":{"allow":["GET"]}}],"collection":[{"href":"https:\/\/deenswonen.nl\/de\/wp-json\/wp\/v2\/product"}],"about":[{"href":"https:\/\/deenswonen.nl\/de\/wp-json\/wp\/v2\/types\/product"}],"wp:featuredmedia":[{"embeddable":true,"href":"https:\/\/deenswonen.nl\/de\/wp-json\/wp\/v2\/media\/2092"}],"wp:attachment":[{"href":"https:\/\/deenswonen.nl\/de\/wp-json\/wp\/v2\/media?parent=4015"}],"wp:term":[{"taxonomy":"product_brand","embeddable":true,"href":"https:\/\/deenswonen.nl\/de\/wp-json\/wp\/v2\/product_brand?post=4015"},{"taxonomy":"product_cat","embeddable":true,"href":"https:\/\/deenswonen.nl\/de\/wp-json\/wp\/v2\/product_cat?post=4015"},{"taxonomy":"product_tag","embeddable":true,"href":"https:\/\/deenswonen.nl\/de\/wp-json\/wp\/v2\/product_tag?post=4015"}],"curies":[{"name":"wp","href":"https:\/\/api.w.org\/{rel}","templated":true}]}}