{"id":3995,"date":"2021-11-13T21:52:48","date_gmt":"2021-11-13T20:52:48","guid":{"rendered":"https:\/\/deenswonen.nl\/product\/stelton-classic-kerzenstaender-gross\/"},"modified":"2023-04-16T10:13:31","modified_gmt":"2023-04-16T08:13:31","slug":"stelton-classic-kerzenhalter-gros","status":"publish","type":"product","link":"https:\/\/deenswonen.nl\/de\/produkt\/stelton-classic-kerzenhalter-gros\/","title":{"rendered":"Stelton classic Kerzenst\u00e4nder gro\u00df"},"content":{"rendered":"<div class=\"description-action-box-text\">\n<h2 dir=\"ltr\" data-placeholder=\"Vertaling\">Stelton Classic Kerzenholter gro\u00df gl\u00e4nzender Edelstahl<\/h2>\n<p id=\"tw-target-text\" class=\"tw-data-text tw-text-large XcVN5d tw-ta\" dir=\"ltr\" data-placeholder=\"Vertaling\">Schaffen Sie Atmosph\u00e4re in Ihrem Zuhause mit dem Classic Kerzenst\u00e4nder gro\u00df von Stelton. Diese neuen, schlanken und stilvollen Kerzenst\u00e4nder vervollst\u00e4ndigen Ihren gedeckten Tisch. Das d\u00e4nische Architektenduo Jehs &amp; Laub hat diesen Kerzenhalter f\u00fcr Stelton entworfen. Dieser Kerzenst\u00e4nder ist aus hochglanzpoliertem Edelstahl gefertigt, zus\u00e4tzlich sind die Kerzenst\u00e4nder in drei verschiedenen H\u00f6hen erh\u00e4ltlich. Die polierte Oberfl\u00e4che sorgt f\u00fcr eine sch\u00f6ne Reflexion des Lichts. Platzieren Sie zum Beispiel eine lange Reihe Kerzenhalter in der Mitte des Esstisches f\u00fcr eine kleine Lichtshow. Dieses Design wird auch als d\u00e4nische Moderne 2.0 bezeichnet.<\/p>\n<\/div>\n<h2 dir=\"ltr\" data-placeholder=\"Vertaling\">Classic Kerzenholter<\/h2>\n<p class=\"tw-data-text tw-text-large XcVN5d tw-ta\" dir=\"ltr\" data-placeholder=\"Vertaling\"><span lang=\"nl\">Die Classic Kerzenholter von Stelton bringen im Handumdrehen festliche Stimmung in die eigenen vier W\u00e4nde. <\/span>Das Designerduo Halskov &amp; Dalsgaard hat einen schlichten, organischen und fast feminin wirkenden Kerzenhalter geschaffen. Zudem reflektiert die polierte Oberfl\u00e4che der Kerzenhalter das Licht und erzeugt ein bezauberndes Funkeln.<\/p>\n<div class=\"description-action-box-text\">\n<h2>Beschreibung Stelton Classic Kerzenhalter gro\u00df<\/h2>\n<p class=\"tw-data-text tw-text-large XcVN5d tw-ta\" dir=\"ltr\" data-placeholder=\"Vertaling\"><span lang=\"nl\">Dieser sch\u00f6ne Kerzenhalter ist in neuwertigem Zustand. Der Kerzenhalter wird komplett mit der Originalverpackung geliefert und scheint nie benutzt worden zu sein. Der Kerzenhalter hat den Stelton-Stempel auf der Unterseite. <\/span><\/p>\n<p>Die Ma\u00dfe dieses Leuchters sind:<\/p>\n<ul>\n<li>H\u00f6he 17 cm.<\/li>\n<li>Breite 10cm<\/li>\n<\/ul>\n<\/div>\n<h2>Geschichte Stelton<\/h2>\n<p id=\"tw-target-text\" class=\"tw-data-text tw-text-large XcVN5d tw-ta\" dir=\"ltr\" data-placeholder=\"Vertaling\"><span lang=\"nl\">Stellan und Carton haben eine der bekanntesten Designmarken D\u00e4nemarks geschaffen: Stelton. Der Name entstand durch die Verschmelzung ihrer Vornamen. <\/span><span lang=\"nl\">Das Handelsunternehmen verkaufte urspr\u00fcnglich<\/span><span lang=\"nl\">Sportschuhe und M\u00f6bel, aber die L\u00e4den kamen richtig in Fahrt, als sie von einer kleinen Fabrik namens \u201eDansk Rustfrit\u201c in F\u00e5revejle in D\u00e4nemark h\u00f6rten.<\/span><\/p>\n<p id=\"tw-target-text\" class=\"tw-data-text tw-text-large XcVN5d tw-ta\" dir=\"ltr\" data-placeholder=\"Vertaling\"><span lang=\"nl\">Dansk Rustfrit produziert beliebte Servierteile aus Edelstahl. Nach Abschluss einer Vereinbarung mit Dansk Rustfrit begann Stelton mit der Vermarktung einer Saucensch\u00fcssel aus Edelstahl. Diese So\u00dfenschale ging in den d\u00e4nischen Baum\u00e4rkten wie warme Semmeln weg und die Schalen wurden auch au\u00dferhalb D\u00e4nemarks ein gro\u00dfer Erfolg. Seitdem hat sich Stelton zu einer der bekanntesten Designmarken D\u00e4nemarks entwickelt.<\/span><\/p>\n<p>M\u00f6glicherweise haben wir auch andere Stelton-Produkte<a href=\"https:\/\/deenswonen.nl\/product-categorie\/merken\/stelton\/\">auf Lager.<\/a><\/p>\n<p>Der Kerzenhalter wird sorgf\u00e4ltig verpackt und mit Post NL versendet. Es ist auch m\u00f6glich, nach Vereinbarung in Berkel en Rodenrijs abzuholen.<\/p>\n","protected":false},"excerpt":{"rendered":"<p>Schaffen Sie Atmosph\u00e4re in Ihrem Zuhause mit dem Classic Kerzenst\u00e4nder gro\u00df von Stelton. Diese neuen, schlanken und stilvollen Kerzenst\u00e4nder vervollst\u00e4ndigen Ihren gedeckten Tisch.<\/p>\n<p>&nbsp;<\/p>\n<ul>\n<li><strong>Skandinavisches Design<\/strong><\/li>\n<li><strong>Weltweiter Versand<\/strong><\/li>\n<li><strong>14 Tage Bedenkzeit<\/strong><\/li>\n<\/ul>\n","protected":false},"featured_media":2556,"template":"","meta":[],"product_brand":[],"product_cat":[164,168,156,148],"product_tag":[],"class_list":{"0":"post-3995","1":"product","2":"type-product","3":"status-publish","4":"has-post-thumbnail","6":"product_cat-bestseller","7":"product_cat-kerzenleuchter","8":"product_cat-neu-eingetroffen","9":"product_cat-stelton-de","10":"thunk-woo-product-list","11":"opn-qv-enable","12":"top-store-woo-hover-swap","13":"top-store-single-product-tab-horizontal","14":"top-store-shadow-","15":"top-store-shadow-hover-","17":"first","18":"outofstock","19":"taxable","20":"shipping-taxable","21":"purchasable","22":"product-type-simple"},"yoast_head":"<!-- This site is optimized with the Yoast SEO plugin v27.3 - https:\/\/yoast.com\/product\/yoast-seo-wordpress\/ -->\n<title>Stelton classic Kerzenst\u00e4nder gro\u00df - D\u00e4nisch lebend<\/title>\n<meta name=\"description\" content=\"Der classic Tischkerzenhalter gro\u00df wurde von dem d\u00e4nischen Architektenduo Halskov &amp; Dalsgaard f\u00fcr Stelton entworfen. Sehen Sie sich unsere Kollektion hier an.\" \/>\n<meta name=\"robots\" content=\"index, follow, max-snippet:-1, max-image-preview:large, max-video-preview:-1\" \/>\n<link rel=\"canonical\" href=\"https:\/\/deenswonen.nl\/de\/produkt\/stelton-classic-kerzenhalter-gros\/\" \/>\n<meta property=\"og:locale\" content=\"de_DE\" \/>\n<meta property=\"og:type\" content=\"article\" \/>\n<meta property=\"og:title\" content=\"Stelton classic Kerzenst\u00e4nder gro\u00df - D\u00e4nisch lebend\" \/>\n<meta property=\"og:description\" content=\"Der classic Tischkerzenhalter gro\u00df wurde von dem d\u00e4nischen Architektenduo Halskov &amp; Dalsgaard f\u00fcr Stelton entworfen. Sehen Sie sich unsere Kollektion hier an.\" \/>\n<meta property=\"og:url\" content=\"https:\/\/deenswonen.nl\/de\/produkt\/stelton-classic-kerzenhalter-gros\/\" \/>\n<meta property=\"og:site_name\" content=\"D\u00e4nisch leben\" \/>\n<meta property=\"article:modified_time\" content=\"2023-04-16T08:13:31+00:00\" \/>\n<meta property=\"og:image\" content=\"https:\/\/deenswonen.nl\/wp-content\/uploads\/2021\/11\/93B15A27-7F64-4D52-AF03-8E0536B1163B.jpeg\" \/>\n\t<meta property=\"og:image:width\" content=\"960\" \/>\n\t<meta property=\"og:image:height\" content=\"1280\" \/>\n\t<meta property=\"og:image:type\" content=\"image\/jpeg\" \/>\n<meta name=\"twitter:card\" content=\"summary_large_image\" \/>\n<meta name=\"twitter:label1\" content=\"Gesch\u00e4tzte Lesezeit\" \/>\n\t<meta name=\"twitter:data1\" content=\"2\u00a0Minuten\" \/>\n<script type=\"application\/ld+json\" class=\"yoast-schema-graph\">{\"@context\":\"https:\\\/\\\/schema.org\",\"@graph\":[{\"@type\":\"WebPage\",\"@id\":\"https:\\\/\\\/deenswonen.nl\\\/de\\\/produkt\\\/stelton-classic-kerzenhalter-gros\\\/\",\"url\":\"https:\\\/\\\/deenswonen.nl\\\/de\\\/produkt\\\/stelton-classic-kerzenhalter-gros\\\/\",\"name\":\"Stelton classic Kerzenst\u00e4nder gro\u00df - D\u00e4nisch lebend\",\"isPartOf\":{\"@id\":\"https:\\\/\\\/deenswonen.nl\\\/de\\\/#website\"},\"primaryImageOfPage\":{\"@id\":\"https:\\\/\\\/deenswonen.nl\\\/de\\\/produkt\\\/stelton-classic-kerzenhalter-gros\\\/#primaryimage\"},\"image\":{\"@id\":\"https:\\\/\\\/deenswonen.nl\\\/de\\\/produkt\\\/stelton-classic-kerzenhalter-gros\\\/#primaryimage\"},\"thumbnailUrl\":\"https:\\\/\\\/i0.wp.com\\\/deenswonen.nl\\\/wp-content\\\/uploads\\\/2021\\\/11\\\/93B15A27-7F64-4D52-AF03-8E0536B1163B.jpeg?fit=960%2C1280&ssl=1\",\"datePublished\":\"2021-11-13T20:52:48+00:00\",\"dateModified\":\"2023-04-16T08:13:31+00:00\",\"description\":\"Der classic Tischkerzenhalter gro\u00df wurde von dem d\u00e4nischen Architektenduo Halskov & Dalsgaard f\u00fcr Stelton entworfen. Sehen Sie sich unsere Kollektion hier an.\",\"breadcrumb\":{\"@id\":\"https:\\\/\\\/deenswonen.nl\\\/de\\\/produkt\\\/stelton-classic-kerzenhalter-gros\\\/#breadcrumb\"},\"inLanguage\":\"de\",\"potentialAction\":[{\"@type\":\"ReadAction\",\"target\":[\"https:\\\/\\\/deenswonen.nl\\\/de\\\/produkt\\\/stelton-classic-kerzenhalter-gros\\\/\"]}]},{\"@type\":\"ImageObject\",\"inLanguage\":\"de\",\"@id\":\"https:\\\/\\\/deenswonen.nl\\\/de\\\/produkt\\\/stelton-classic-kerzenhalter-gros\\\/#primaryimage\",\"url\":\"https:\\\/\\\/i0.wp.com\\\/deenswonen.nl\\\/wp-content\\\/uploads\\\/2021\\\/11\\\/93B15A27-7F64-4D52-AF03-8E0536B1163B.jpeg?fit=960%2C1280&ssl=1\",\"contentUrl\":\"https:\\\/\\\/i0.wp.com\\\/deenswonen.nl\\\/wp-content\\\/uploads\\\/2021\\\/11\\\/93B15A27-7F64-4D52-AF03-8E0536B1163B.jpeg?fit=960%2C1280&ssl=1\",\"width\":960,\"height\":1280,\"caption\":\"Abbildung des in dieser Anzeige angebotenen Stelton Classic Kerzenhalter Large.\"},{\"@type\":\"BreadcrumbList\",\"@id\":\"https:\\\/\\\/deenswonen.nl\\\/de\\\/produkt\\\/stelton-classic-kerzenhalter-gros\\\/#breadcrumb\",\"itemListElement\":[{\"@type\":\"ListItem\",\"position\":1,\"name\":\"Home\",\"item\":\"https:\\\/\\\/deenswonen.nl\\\/de\\\/daenisch-leben\\\/\"},{\"@type\":\"ListItem\",\"position\":2,\"name\":\"Winkel\",\"item\":\"https:\\\/\\\/deenswonen.nl\\\/winkel\\\/\"},{\"@type\":\"ListItem\",\"position\":3,\"name\":\"Stelton classic Kerzenst\u00e4nder gro\u00df\"}]},{\"@type\":\"WebSite\",\"@id\":\"https:\\\/\\\/deenswonen.nl\\\/de\\\/#website\",\"url\":\"https:\\\/\\\/deenswonen.nl\\\/de\\\/\",\"name\":\"Deens wonen\",\"description\":\"Vintage skandinavische Wohnaccessoires\",\"publisher\":{\"@id\":\"https:\\\/\\\/deenswonen.nl\\\/de\\\/#organization\"},\"potentialAction\":[{\"@type\":\"SearchAction\",\"target\":{\"@type\":\"EntryPoint\",\"urlTemplate\":\"https:\\\/\\\/deenswonen.nl\\\/de\\\/?s={search_term_string}\"},\"query-input\":{\"@type\":\"PropertyValueSpecification\",\"valueRequired\":true,\"valueName\":\"search_term_string\"}}],\"inLanguage\":\"de\"},{\"@type\":\"Organization\",\"@id\":\"https:\\\/\\\/deenswonen.nl\\\/de\\\/#organization\",\"name\":\"D\u00e4nisch leben\",\"url\":\"https:\\\/\\\/deenswonen.nl\\\/de\\\/\",\"logo\":{\"@type\":\"ImageObject\",\"inLanguage\":\"de\",\"@id\":\"https:\\\/\\\/deenswonen.nl\\\/de\\\/#\\\/schema\\\/logo\\\/image\\\/\",\"url\":\"https:\\\/\\\/i0.wp.com\\\/deenswonen.nl\\\/wp-content\\\/uploads\\\/2021\\\/11\\\/51ECE736-8380-4D65-ACA6-DE74174F3C35_1_201_a.jpeg?fit=1200%2C675&ssl=1\",\"contentUrl\":\"https:\\\/\\\/i0.wp.com\\\/deenswonen.nl\\\/wp-content\\\/uploads\\\/2021\\\/11\\\/51ECE736-8380-4D65-ACA6-DE74174F3C35_1_201_a.jpeg?fit=1200%2C675&ssl=1\",\"width\":1200,\"height\":675,\"caption\":\"D\u00e4nisch leben\"},\"image\":{\"@id\":\"https:\\\/\\\/deenswonen.nl\\\/de\\\/#\\\/schema\\\/logo\\\/image\\\/\"}}]}<\/script>\n<!-- \/ Yoast SEO plugin. -->","yoast_head_json":{"title":"Stelton classic Kerzenst\u00e4nder gro\u00df - D\u00e4nisch lebend","description":"Der classic Tischkerzenhalter gro\u00df wurde von dem d\u00e4nischen Architektenduo Halskov & Dalsgaard f\u00fcr Stelton entworfen. Sehen Sie sich unsere Kollektion hier an.","robots":{"index":"index","follow":"follow","max-snippet":"max-snippet:-1","max-image-preview":"max-image-preview:large","max-video-preview":"max-video-preview:-1"},"canonical":"https:\/\/deenswonen.nl\/de\/produkt\/stelton-classic-kerzenhalter-gros\/","og_locale":"de_DE","og_type":"article","og_title":"Stelton classic Kerzenst\u00e4nder gro\u00df - D\u00e4nisch lebend","og_description":"Der classic Tischkerzenhalter gro\u00df wurde von dem d\u00e4nischen Architektenduo Halskov & Dalsgaard f\u00fcr Stelton entworfen. Sehen Sie sich unsere Kollektion hier an.","og_url":"https:\/\/deenswonen.nl\/de\/produkt\/stelton-classic-kerzenhalter-gros\/","og_site_name":"D\u00e4nisch leben","article_modified_time":"2023-04-16T08:13:31+00:00","og_image":[{"width":960,"height":1280,"url":"https:\/\/deenswonen.nl\/wp-content\/uploads\/2021\/11\/93B15A27-7F64-4D52-AF03-8E0536B1163B.jpeg","type":"image\/jpeg"}],"twitter_card":"summary_large_image","twitter_misc":{"Gesch\u00e4tzte Lesezeit":"2\u00a0Minuten"},"schema":{"@context":"https:\/\/schema.org","@graph":[{"@type":"WebPage","@id":"https:\/\/deenswonen.nl\/de\/produkt\/stelton-classic-kerzenhalter-gros\/","url":"https:\/\/deenswonen.nl\/de\/produkt\/stelton-classic-kerzenhalter-gros\/","name":"Stelton classic Kerzenst\u00e4nder gro\u00df - D\u00e4nisch lebend","isPartOf":{"@id":"https:\/\/deenswonen.nl\/de\/#website"},"primaryImageOfPage":{"@id":"https:\/\/deenswonen.nl\/de\/produkt\/stelton-classic-kerzenhalter-gros\/#primaryimage"},"image":{"@id":"https:\/\/deenswonen.nl\/de\/produkt\/stelton-classic-kerzenhalter-gros\/#primaryimage"},"thumbnailUrl":"https:\/\/i0.wp.com\/deenswonen.nl\/wp-content\/uploads\/2021\/11\/93B15A27-7F64-4D52-AF03-8E0536B1163B.jpeg?fit=960%2C1280&ssl=1","datePublished":"2021-11-13T20:52:48+00:00","dateModified":"2023-04-16T08:13:31+00:00","description":"Der classic Tischkerzenhalter gro\u00df wurde von dem d\u00e4nischen Architektenduo Halskov & Dalsgaard f\u00fcr Stelton entworfen. Sehen Sie sich unsere Kollektion hier an.","breadcrumb":{"@id":"https:\/\/deenswonen.nl\/de\/produkt\/stelton-classic-kerzenhalter-gros\/#breadcrumb"},"inLanguage":"de","potentialAction":[{"@type":"ReadAction","target":["https:\/\/deenswonen.nl\/de\/produkt\/stelton-classic-kerzenhalter-gros\/"]}]},{"@type":"ImageObject","inLanguage":"de","@id":"https:\/\/deenswonen.nl\/de\/produkt\/stelton-classic-kerzenhalter-gros\/#primaryimage","url":"https:\/\/i0.wp.com\/deenswonen.nl\/wp-content\/uploads\/2021\/11\/93B15A27-7F64-4D52-AF03-8E0536B1163B.jpeg?fit=960%2C1280&ssl=1","contentUrl":"https:\/\/i0.wp.com\/deenswonen.nl\/wp-content\/uploads\/2021\/11\/93B15A27-7F64-4D52-AF03-8E0536B1163B.jpeg?fit=960%2C1280&ssl=1","width":960,"height":1280,"caption":"Abbildung des in dieser Anzeige angebotenen Stelton Classic Kerzenhalter Large."},{"@type":"BreadcrumbList","@id":"https:\/\/deenswonen.nl\/de\/produkt\/stelton-classic-kerzenhalter-gros\/#breadcrumb","itemListElement":[{"@type":"ListItem","position":1,"name":"Home","item":"https:\/\/deenswonen.nl\/de\/daenisch-leben\/"},{"@type":"ListItem","position":2,"name":"Winkel","item":"https:\/\/deenswonen.nl\/winkel\/"},{"@type":"ListItem","position":3,"name":"Stelton classic Kerzenst\u00e4nder gro\u00df"}]},{"@type":"WebSite","@id":"https:\/\/deenswonen.nl\/de\/#website","url":"https:\/\/deenswonen.nl\/de\/","name":"Deens wonen","description":"Vintage skandinavische Wohnaccessoires","publisher":{"@id":"https:\/\/deenswonen.nl\/de\/#organization"},"potentialAction":[{"@type":"SearchAction","target":{"@type":"EntryPoint","urlTemplate":"https:\/\/deenswonen.nl\/de\/?s={search_term_string}"},"query-input":{"@type":"PropertyValueSpecification","valueRequired":true,"valueName":"search_term_string"}}],"inLanguage":"de"},{"@type":"Organization","@id":"https:\/\/deenswonen.nl\/de\/#organization","name":"D\u00e4nisch leben","url":"https:\/\/deenswonen.nl\/de\/","logo":{"@type":"ImageObject","inLanguage":"de","@id":"https:\/\/deenswonen.nl\/de\/#\/schema\/logo\/image\/","url":"https:\/\/i0.wp.com\/deenswonen.nl\/wp-content\/uploads\/2021\/11\/51ECE736-8380-4D65-ACA6-DE74174F3C35_1_201_a.jpeg?fit=1200%2C675&ssl=1","contentUrl":"https:\/\/i0.wp.com\/deenswonen.nl\/wp-content\/uploads\/2021\/11\/51ECE736-8380-4D65-ACA6-DE74174F3C35_1_201_a.jpeg?fit=1200%2C675&ssl=1","width":1200,"height":675,"caption":"D\u00e4nisch leben"},"image":{"@id":"https:\/\/deenswonen.nl\/de\/#\/schema\/logo\/image\/"}}]}},"jetpack_sharing_enabled":true,"_links":{"self":[{"href":"https:\/\/deenswonen.nl\/de\/wp-json\/wp\/v2\/product\/3995","targetHints":{"allow":["GET"]}}],"collection":[{"href":"https:\/\/deenswonen.nl\/de\/wp-json\/wp\/v2\/product"}],"about":[{"href":"https:\/\/deenswonen.nl\/de\/wp-json\/wp\/v2\/types\/product"}],"wp:featuredmedia":[{"embeddable":true,"href":"https:\/\/deenswonen.nl\/de\/wp-json\/wp\/v2\/media\/2556"}],"wp:attachment":[{"href":"https:\/\/deenswonen.nl\/de\/wp-json\/wp\/v2\/media?parent=3995"}],"wp:term":[{"taxonomy":"product_brand","embeddable":true,"href":"https:\/\/deenswonen.nl\/de\/wp-json\/wp\/v2\/product_brand?post=3995"},{"taxonomy":"product_cat","embeddable":true,"href":"https:\/\/deenswonen.nl\/de\/wp-json\/wp\/v2\/product_cat?post=3995"},{"taxonomy":"product_tag","embeddable":true,"href":"https:\/\/deenswonen.nl\/de\/wp-json\/wp\/v2\/product_tag?post=3995"}],"curies":[{"name":"wp","href":"https:\/\/api.w.org\/{rel}","templated":true}]}}