{"id":3987,"date":"2022-02-13T20:46:19","date_gmt":"2022-02-13T19:46:19","guid":{"rendered":"https:\/\/deenswonen.nl\/product\/georg-jensen-bloom-teelichthalter-2er-set\/"},"modified":"2024-07-25T20:19:46","modified_gmt":"2024-07-25T18:19:46","slug":"georg-jensen-bloom-teelichthalter-2er-set","status":"publish","type":"product","link":"https:\/\/deenswonen.nl\/de\/produkt\/georg-jensen-bloom-teelichthalter-2er-set\/","title":{"rendered":"Georg Jensen Kerzenst\u00e4nder Bloom 2er Set"},"content":{"rendered":"<h2 dir=\"ltr\" data-placeholder=\"Vertaling\">Georg Jensen Kerzenst\u00e4nder Bloom 2er Set<\/h2>\n<p>  Diese Kerzenst\u00e4nder von Georg Jensen geh\u00f6ren zur Bloom-Serie, die von japanischen Kirschen in voller Bl\u00fcte inspiriert ist. Die weichen Konturen spiegeln sich in Blooms sanft geschwungenen und modernen Linien wider. Dar\u00fcber hinaus bestehen die Kerzenst\u00e4nder aus Edelstahl und sind eine sch\u00f6ne Dekoration auf einem sch\u00f6n gedeckten Tisch oder auf einem kleinen Beistelltisch. Der Bloom-Kerzenhalter ist aufgrund seiner Form und flachen Oberfl\u00e4che praktisch in der Anwendung und leicht zu reinigen. Der Durchmesser des Bloom Kerzenst\u00e4nders betr\u00e4gt 7 cm und besteht aus Edelstahl.   <\/p>\n<h2 dir=\"ltr\" data-placeholder=\"Vertaling\">Spezifikation Georg Jensen Kerzenst\u00e4nder Bloom<\/h2>\n<p dir=\"ltr\" data-placeholder=\"Vertaling\">Diese Kerzenhalter sind ca. 2 Jahre alt und in gutem Zustand mit leichten Gebrauchsspuren.<\/p>\n<p dir=\"ltr\" data-placeholder=\"Vertaling\">Die Messungen sind:<\/p>\n<ul>\n<li dir=\"ltr\" data-placeholder=\"Vertaling\">H\u00f6he 8 cm<\/li>\n<li dir=\"ltr\" data-placeholder=\"Vertaling\">Durchmesser 7 cm<\/li>\n<\/ul>\n<h2 dir=\"ltr\" data-placeholder=\"Vertaling\">Geschichte Georg Jensen<\/h2>\n<p id=\"tw-target-text\" class=\"tw-data-text tw-text-large XcVN5d tw-ta\" dir=\"ltr\" data-placeholder=\"Vertaling\"><span class=\"Y2IQFc\" lang=\"nl\">Mit einer \u00fcber 100-j\u00e4hrigen Geschichte steht die Marke Georg Jensen f\u00fcr hochwertige Handwerkskunst und zeitloses \u00e4sthetisches Design. Georg Jensen stellt Design-Lifestyle-Produkte her, die von Geschirr \u00fcber Uhren bis hin zu Schmuck und Haushaltsartikeln reichen. <\/span><\/p>\n<p class=\"tw-data-text tw-text-large XcVN5d tw-ta\" dir=\"ltr\" data-placeholder=\"Vertaling\"><span class=\"Y2IQFc\" lang=\"nl\">Georg Jensens eigene Philosophie war es, demokratische Designs zu schaffen, die sowohl Funktionalit\u00e4t als auch Sch\u00f6nheit besitzen. <\/span><span class=\"Y2IQFc\" lang=\"nl\">Zus\u00e4tzlich zu seinem eigenen handwerklichen Geschick und seiner Kunstfertigkeit hatte Georg Jensen die F\u00e4higkeit, andere Designtalente zu erkennen und zu unterst\u00fctzen. Diese Institution war die Grundlage, auf der er 1904 Georg Jensen in Kopenhagen aufbaute. <\/span><\/p>\n<p class=\"tw-data-text tw-text-large XcVN5d tw-ta\" dir=\"ltr\" data-placeholder=\"Vertaling\"><span class=\"Y2IQFc\" lang=\"nl\">Georg Jensens Stil griff die Linien des Jugendstils der damaligen Zeit auf, verlieh ihnen jedoch eine unverwechselbare Kraft, die noch heute nachhallt. <\/span><\/p>\n<p> Diese Leuchter sind ca. 2 Jahre alt, deshalb bitten wir Sie, sich die Fotos genau anzusehen. So erhalten Sie einen guten Eindruck vom Zustand des Leuchters. M\u00f6glicherweise haben wir auch mehrere Produkte von Georg Jensen <a href=\"https:\/\/deenswonen.nl\/product-categorie\/merken\/georg-jensen\/\">auf Lager.<\/a> Wir versenden alle unsere Produkte einfach verpackt mit Post NL. Unsere Produkte k\u00f6nnen auch nach Vereinbarung in Berkel en Rodenrijs abgeholt werden.<\/p>\n","protected":false},"excerpt":{"rendered":"<p>Diese Kerzenst\u00e4nder von Georg Jensen geh\u00f6ren zur Bloom-Serie, die von japanischen Kirschen in voller Bl\u00fcte inspiriert ist.  &nbsp;<\/p>\n<ul>\n<li><strong>Skandinavisches Design<\/strong><\/li>\n<li><strong>Weltweiter Versand<\/strong><\/li>\n<li><strong>14 Tage Bedenkzeit<\/strong><\/li>\n<\/ul>\n<p>&nbsp;<\/p>\n<p>&nbsp;<\/p>\n","protected":false},"featured_media":3414,"template":"","meta":[],"product_brand":[],"product_cat":[164,98,168,156],"product_tag":[],"class_list":{"0":"post-3987","1":"product","2":"type-product","3":"status-publish","4":"has-post-thumbnail","6":"product_cat-bestseller","7":"product_cat-georg-jensen-de","8":"product_cat-kerzenleuchter","9":"product_cat-neu-eingetroffen","10":"thunk-woo-product-list","11":"opn-qv-enable","12":"top-store-woo-hover-swap","13":"top-store-single-product-tab-horizontal","14":"top-store-shadow-","15":"top-store-shadow-hover-","17":"first","18":"instock","19":"taxable","20":"shipping-taxable","21":"purchasable","22":"product-type-simple"},"yoast_head":"<!-- This site is optimized with the Yoast SEO plugin v27.3 - https:\/\/yoast.com\/product\/yoast-seo-wordpress\/ -->\n<title>Georg Jensen Kerzenst\u00e4nder Bloom 2er Set - D\u00e4nisches Leben<\/title>\n<meta name=\"description\" content=\"Wundersch\u00f6ner Georg Jensen Bloom Teelichthalter 2er Set. Die Bloom-Serie ist von japanischen Kirschen inspiriert. Suchen Sie hier nach unserer Kollektion\" \/>\n<meta name=\"robots\" content=\"index, follow, max-snippet:-1, max-image-preview:large, max-video-preview:-1\" \/>\n<link rel=\"canonical\" href=\"https:\/\/deenswonen.nl\/de\/produkt\/georg-jensen-bloom-teelichthalter-2er-set\/\" \/>\n<meta property=\"og:locale\" content=\"de_DE\" \/>\n<meta property=\"og:type\" content=\"article\" \/>\n<meta property=\"og:title\" content=\"Georg Jensen Kerzenst\u00e4nder Bloom 2er Set - D\u00e4nisches Leben\" \/>\n<meta property=\"og:description\" content=\"Wundersch\u00f6ner Georg Jensen Bloom Teelichthalter 2er Set. Die Bloom-Serie ist von japanischen Kirschen inspiriert. Suchen Sie hier nach unserer Kollektion\" \/>\n<meta property=\"og:url\" content=\"https:\/\/deenswonen.nl\/de\/produkt\/georg-jensen-bloom-teelichthalter-2er-set\/\" \/>\n<meta property=\"og:site_name\" content=\"D\u00e4nisch leben\" \/>\n<meta property=\"article:modified_time\" content=\"2024-07-25T18:19:46+00:00\" \/>\n<meta property=\"og:image\" content=\"https:\/\/deenswonen.nl\/wp-content\/uploads\/2022\/02\/73E5025F-950A-4D55-B511-B28D601DE375.jpeg\" \/>\n\t<meta property=\"og:image:width\" content=\"1280\" \/>\n\t<meta property=\"og:image:height\" content=\"960\" \/>\n\t<meta property=\"og:image:type\" content=\"image\/jpeg\" \/>\n<meta name=\"twitter:card\" content=\"summary_large_image\" \/>\n<meta name=\"twitter:label1\" content=\"Gesch\u00e4tzte Lesezeit\" \/>\n\t<meta name=\"twitter:data1\" content=\"2\u00a0Minuten\" \/>\n<script type=\"application\/ld+json\" class=\"yoast-schema-graph\">{\"@context\":\"https:\\\/\\\/schema.org\",\"@graph\":[{\"@type\":\"WebPage\",\"@id\":\"https:\\\/\\\/deenswonen.nl\\\/de\\\/produkt\\\/georg-jensen-bloom-teelichthalter-2er-set\\\/\",\"url\":\"https:\\\/\\\/deenswonen.nl\\\/de\\\/produkt\\\/georg-jensen-bloom-teelichthalter-2er-set\\\/\",\"name\":\"Georg Jensen Kerzenst\u00e4nder Bloom 2er Set - D\u00e4nisches Leben\",\"isPartOf\":{\"@id\":\"https:\\\/\\\/deenswonen.nl\\\/de\\\/#website\"},\"primaryImageOfPage\":{\"@id\":\"https:\\\/\\\/deenswonen.nl\\\/de\\\/produkt\\\/georg-jensen-bloom-teelichthalter-2er-set\\\/#primaryimage\"},\"image\":{\"@id\":\"https:\\\/\\\/deenswonen.nl\\\/de\\\/produkt\\\/georg-jensen-bloom-teelichthalter-2er-set\\\/#primaryimage\"},\"thumbnailUrl\":\"https:\\\/\\\/i0.wp.com\\\/deenswonen.nl\\\/wp-content\\\/uploads\\\/2022\\\/02\\\/73E5025F-950A-4D55-B511-B28D601DE375.jpeg?fit=1280%2C960&ssl=1\",\"datePublished\":\"2022-02-13T19:46:19+00:00\",\"dateModified\":\"2024-07-25T18:19:46+00:00\",\"description\":\"Wundersch\u00f6ner Georg Jensen Bloom Teelichthalter 2er Set. Die Bloom-Serie ist von japanischen Kirschen inspiriert. Suchen Sie hier nach unserer Kollektion\",\"breadcrumb\":{\"@id\":\"https:\\\/\\\/deenswonen.nl\\\/de\\\/produkt\\\/georg-jensen-bloom-teelichthalter-2er-set\\\/#breadcrumb\"},\"inLanguage\":\"de\",\"potentialAction\":[{\"@type\":\"ReadAction\",\"target\":[\"https:\\\/\\\/deenswonen.nl\\\/de\\\/produkt\\\/georg-jensen-bloom-teelichthalter-2er-set\\\/\"]}]},{\"@type\":\"ImageObject\",\"inLanguage\":\"de\",\"@id\":\"https:\\\/\\\/deenswonen.nl\\\/de\\\/produkt\\\/georg-jensen-bloom-teelichthalter-2er-set\\\/#primaryimage\",\"url\":\"https:\\\/\\\/i0.wp.com\\\/deenswonen.nl\\\/wp-content\\\/uploads\\\/2022\\\/02\\\/73E5025F-950A-4D55-B511-B28D601DE375.jpeg?fit=1280%2C960&ssl=1\",\"contentUrl\":\"https:\\\/\\\/i0.wp.com\\\/deenswonen.nl\\\/wp-content\\\/uploads\\\/2022\\\/02\\\/73E5025F-950A-4D55-B511-B28D601DE375.jpeg?fit=1280%2C960&ssl=1\",\"width\":1280,\"height\":960,\"caption\":\"Bild von Georg Jensen Bloom Kerzenhaltern, die in dieser Anzeige angeboten werden.\"},{\"@type\":\"BreadcrumbList\",\"@id\":\"https:\\\/\\\/deenswonen.nl\\\/de\\\/produkt\\\/georg-jensen-bloom-teelichthalter-2er-set\\\/#breadcrumb\",\"itemListElement\":[{\"@type\":\"ListItem\",\"position\":1,\"name\":\"Home\",\"item\":\"https:\\\/\\\/deenswonen.nl\\\/de\\\/daenisch-leben\\\/\"},{\"@type\":\"ListItem\",\"position\":2,\"name\":\"Winkel\",\"item\":\"https:\\\/\\\/deenswonen.nl\\\/winkel\\\/\"},{\"@type\":\"ListItem\",\"position\":3,\"name\":\"Georg Jensen Bloom Teelichthalter 2er Set\"}]},{\"@type\":\"WebSite\",\"@id\":\"https:\\\/\\\/deenswonen.nl\\\/de\\\/#website\",\"url\":\"https:\\\/\\\/deenswonen.nl\\\/de\\\/\",\"name\":\"Deens wonen\",\"description\":\"Vintage skandinavische Wohnaccessoires\",\"publisher\":{\"@id\":\"https:\\\/\\\/deenswonen.nl\\\/de\\\/#organization\"},\"potentialAction\":[{\"@type\":\"SearchAction\",\"target\":{\"@type\":\"EntryPoint\",\"urlTemplate\":\"https:\\\/\\\/deenswonen.nl\\\/de\\\/?s={search_term_string}\"},\"query-input\":{\"@type\":\"PropertyValueSpecification\",\"valueRequired\":true,\"valueName\":\"search_term_string\"}}],\"inLanguage\":\"de\"},{\"@type\":\"Organization\",\"@id\":\"https:\\\/\\\/deenswonen.nl\\\/de\\\/#organization\",\"name\":\"D\u00e4nisch leben\",\"url\":\"https:\\\/\\\/deenswonen.nl\\\/de\\\/\",\"logo\":{\"@type\":\"ImageObject\",\"inLanguage\":\"de\",\"@id\":\"https:\\\/\\\/deenswonen.nl\\\/de\\\/#\\\/schema\\\/logo\\\/image\\\/\",\"url\":\"https:\\\/\\\/i0.wp.com\\\/deenswonen.nl\\\/wp-content\\\/uploads\\\/2021\\\/11\\\/51ECE736-8380-4D65-ACA6-DE74174F3C35_1_201_a.jpeg?fit=1200%2C675&ssl=1\",\"contentUrl\":\"https:\\\/\\\/i0.wp.com\\\/deenswonen.nl\\\/wp-content\\\/uploads\\\/2021\\\/11\\\/51ECE736-8380-4D65-ACA6-DE74174F3C35_1_201_a.jpeg?fit=1200%2C675&ssl=1\",\"width\":1200,\"height\":675,\"caption\":\"D\u00e4nisch leben\"},\"image\":{\"@id\":\"https:\\\/\\\/deenswonen.nl\\\/de\\\/#\\\/schema\\\/logo\\\/image\\\/\"}}]}<\/script>\n<!-- \/ Yoast SEO plugin. -->","yoast_head_json":{"title":"Georg Jensen Kerzenst\u00e4nder Bloom 2er Set - D\u00e4nisches Leben","description":"Wundersch\u00f6ner Georg Jensen Bloom Teelichthalter 2er Set. Die Bloom-Serie ist von japanischen Kirschen inspiriert. Suchen Sie hier nach unserer Kollektion","robots":{"index":"index","follow":"follow","max-snippet":"max-snippet:-1","max-image-preview":"max-image-preview:large","max-video-preview":"max-video-preview:-1"},"canonical":"https:\/\/deenswonen.nl\/de\/produkt\/georg-jensen-bloom-teelichthalter-2er-set\/","og_locale":"de_DE","og_type":"article","og_title":"Georg Jensen Kerzenst\u00e4nder Bloom 2er Set - D\u00e4nisches Leben","og_description":"Wundersch\u00f6ner Georg Jensen Bloom Teelichthalter 2er Set. Die Bloom-Serie ist von japanischen Kirschen inspiriert. Suchen Sie hier nach unserer Kollektion","og_url":"https:\/\/deenswonen.nl\/de\/produkt\/georg-jensen-bloom-teelichthalter-2er-set\/","og_site_name":"D\u00e4nisch leben","article_modified_time":"2024-07-25T18:19:46+00:00","og_image":[{"width":1280,"height":960,"url":"https:\/\/deenswonen.nl\/wp-content\/uploads\/2022\/02\/73E5025F-950A-4D55-B511-B28D601DE375.jpeg","type":"image\/jpeg"}],"twitter_card":"summary_large_image","twitter_misc":{"Gesch\u00e4tzte Lesezeit":"2\u00a0Minuten"},"schema":{"@context":"https:\/\/schema.org","@graph":[{"@type":"WebPage","@id":"https:\/\/deenswonen.nl\/de\/produkt\/georg-jensen-bloom-teelichthalter-2er-set\/","url":"https:\/\/deenswonen.nl\/de\/produkt\/georg-jensen-bloom-teelichthalter-2er-set\/","name":"Georg Jensen Kerzenst\u00e4nder Bloom 2er Set - D\u00e4nisches Leben","isPartOf":{"@id":"https:\/\/deenswonen.nl\/de\/#website"},"primaryImageOfPage":{"@id":"https:\/\/deenswonen.nl\/de\/produkt\/georg-jensen-bloom-teelichthalter-2er-set\/#primaryimage"},"image":{"@id":"https:\/\/deenswonen.nl\/de\/produkt\/georg-jensen-bloom-teelichthalter-2er-set\/#primaryimage"},"thumbnailUrl":"https:\/\/i0.wp.com\/deenswonen.nl\/wp-content\/uploads\/2022\/02\/73E5025F-950A-4D55-B511-B28D601DE375.jpeg?fit=1280%2C960&ssl=1","datePublished":"2022-02-13T19:46:19+00:00","dateModified":"2024-07-25T18:19:46+00:00","description":"Wundersch\u00f6ner Georg Jensen Bloom Teelichthalter 2er Set. Die Bloom-Serie ist von japanischen Kirschen inspiriert. Suchen Sie hier nach unserer Kollektion","breadcrumb":{"@id":"https:\/\/deenswonen.nl\/de\/produkt\/georg-jensen-bloom-teelichthalter-2er-set\/#breadcrumb"},"inLanguage":"de","potentialAction":[{"@type":"ReadAction","target":["https:\/\/deenswonen.nl\/de\/produkt\/georg-jensen-bloom-teelichthalter-2er-set\/"]}]},{"@type":"ImageObject","inLanguage":"de","@id":"https:\/\/deenswonen.nl\/de\/produkt\/georg-jensen-bloom-teelichthalter-2er-set\/#primaryimage","url":"https:\/\/i0.wp.com\/deenswonen.nl\/wp-content\/uploads\/2022\/02\/73E5025F-950A-4D55-B511-B28D601DE375.jpeg?fit=1280%2C960&ssl=1","contentUrl":"https:\/\/i0.wp.com\/deenswonen.nl\/wp-content\/uploads\/2022\/02\/73E5025F-950A-4D55-B511-B28D601DE375.jpeg?fit=1280%2C960&ssl=1","width":1280,"height":960,"caption":"Bild von Georg Jensen Bloom Kerzenhaltern, die in dieser Anzeige angeboten werden."},{"@type":"BreadcrumbList","@id":"https:\/\/deenswonen.nl\/de\/produkt\/georg-jensen-bloom-teelichthalter-2er-set\/#breadcrumb","itemListElement":[{"@type":"ListItem","position":1,"name":"Home","item":"https:\/\/deenswonen.nl\/de\/daenisch-leben\/"},{"@type":"ListItem","position":2,"name":"Winkel","item":"https:\/\/deenswonen.nl\/winkel\/"},{"@type":"ListItem","position":3,"name":"Georg Jensen Bloom Teelichthalter 2er Set"}]},{"@type":"WebSite","@id":"https:\/\/deenswonen.nl\/de\/#website","url":"https:\/\/deenswonen.nl\/de\/","name":"Deens wonen","description":"Vintage skandinavische Wohnaccessoires","publisher":{"@id":"https:\/\/deenswonen.nl\/de\/#organization"},"potentialAction":[{"@type":"SearchAction","target":{"@type":"EntryPoint","urlTemplate":"https:\/\/deenswonen.nl\/de\/?s={search_term_string}"},"query-input":{"@type":"PropertyValueSpecification","valueRequired":true,"valueName":"search_term_string"}}],"inLanguage":"de"},{"@type":"Organization","@id":"https:\/\/deenswonen.nl\/de\/#organization","name":"D\u00e4nisch leben","url":"https:\/\/deenswonen.nl\/de\/","logo":{"@type":"ImageObject","inLanguage":"de","@id":"https:\/\/deenswonen.nl\/de\/#\/schema\/logo\/image\/","url":"https:\/\/i0.wp.com\/deenswonen.nl\/wp-content\/uploads\/2021\/11\/51ECE736-8380-4D65-ACA6-DE74174F3C35_1_201_a.jpeg?fit=1200%2C675&ssl=1","contentUrl":"https:\/\/i0.wp.com\/deenswonen.nl\/wp-content\/uploads\/2021\/11\/51ECE736-8380-4D65-ACA6-DE74174F3C35_1_201_a.jpeg?fit=1200%2C675&ssl=1","width":1200,"height":675,"caption":"D\u00e4nisch leben"},"image":{"@id":"https:\/\/deenswonen.nl\/de\/#\/schema\/logo\/image\/"}}]}},"jetpack_sharing_enabled":true,"_links":{"self":[{"href":"https:\/\/deenswonen.nl\/de\/wp-json\/wp\/v2\/product\/3987","targetHints":{"allow":["GET"]}}],"collection":[{"href":"https:\/\/deenswonen.nl\/de\/wp-json\/wp\/v2\/product"}],"about":[{"href":"https:\/\/deenswonen.nl\/de\/wp-json\/wp\/v2\/types\/product"}],"wp:featuredmedia":[{"embeddable":true,"href":"https:\/\/deenswonen.nl\/de\/wp-json\/wp\/v2\/media\/3414"}],"wp:attachment":[{"href":"https:\/\/deenswonen.nl\/de\/wp-json\/wp\/v2\/media?parent=3987"}],"wp:term":[{"taxonomy":"product_brand","embeddable":true,"href":"https:\/\/deenswonen.nl\/de\/wp-json\/wp\/v2\/product_brand?post=3987"},{"taxonomy":"product_cat","embeddable":true,"href":"https:\/\/deenswonen.nl\/de\/wp-json\/wp\/v2\/product_cat?post=3987"},{"taxonomy":"product_tag","embeddable":true,"href":"https:\/\/deenswonen.nl\/de\/wp-json\/wp\/v2\/product_tag?post=3987"}],"curies":[{"name":"wp","href":"https:\/\/api.w.org\/{rel}","templated":true}]}}