{"id":3984,"date":"2021-12-21T16:29:54","date_gmt":"2021-12-21T15:29:54","guid":{"rendered":"https:\/\/deenswonen.nl\/product\/georg-jensen-taverna-sauteuse-aus-kupfer-entworfen-von-henning-koppel\/"},"modified":"2023-04-16T09:22:07","modified_gmt":"2023-04-16T07:22:07","slug":"georg-jensen-taverna-kupfer-bratpfanne-entworfen-von-henning-koppel","status":"publish","type":"product","link":"https:\/\/deenswonen.nl\/de\/produkt\/georg-jensen-taverna-kupfer-bratpfanne-entworfen-von-henning-koppel\/","title":{"rendered":"Georg Jensen Taverna Sauteuse aus Kupfer, entworfen von Henning Koppel"},"content":{"rendered":"<h2>Georg Jensen Taverna Sauteuse aus Kupfer, entworfen von Henning Koppel<\/h2>\n<p>Wundersch\u00f6ne Sautierpfanne aus Kupfer von Georg Jensen, Modell Taverna, entworfen von Henning Koppel. Die Pfanne hat einen Innenraum und einen Griff aus Edelstahl.<\/p>\n<p>Kupfer ist einer der besten W\u00e4rmeleiter. Dies stellt sicher, dass Sie mit Kupfer Saucenpfanne sehr genau kochen k\u00f6nnen. Mit einer Kupferpfanne k\u00f6nnen Sie die Temperatur genau steuern. Es ist auch besser, die Pfanne auf der gleichen Temperatur zu halten. Bei Gebrauch verf\u00e4rbt sich die kupferfarbene Au\u00dfenseite und verleiht der Pfanne ein rustikales Aussehen. Wenn Sie die urspr\u00fcngliche Farbe und den urspr\u00fcnglichen Glanz wiederherstellen m\u00f6chten, k\u00f6nnen Sie Kupferpolitur verwenden, um das Kupfer zu polieren.<\/p>\n<h2 class=\"tw-data-text tw-text-large tw-ta\" dir=\"ltr\" data-placeholder=\"Vertaling\">Technische Daten Georg Jensen Taverna Sauteuse aus Kupfer<\/h2>\n<p dir=\"ltr\" data-placeholder=\"Vertaling\">Diese Sauteuse ist ca. 40 Jahre alt und in gutem Zustand mit leichten Gebrauchsspuren. Auf dem Pfannenboden ist das Georg Jensen-Logo eingraviert. Auch in dieser Pfanne befindet sich das Shell-Logo. Es k\u00f6nnte ein Firmengeschenk gewesen sein.<\/p>\n<p dir=\"ltr\" data-placeholder=\"Vertaling\">Die Messungen sind:<\/p>\n<p dir=\"ltr\" data-placeholder=\"Vertaling\">H\u00f6he: 7,5 cm<br \/>\nBreite: 47 cm<br \/>\nDurchmesser: 25 cm<\/p>\n<h3 dir=\"ltr\" data-placeholder=\"Vertaling\">Geschichte Georg Jensen<\/h3>\n<p id=\"tw-target-text\" class=\"tw-data-text tw-text-large XcVN5d tw-ta\" dir=\"ltr\" data-placeholder=\"Vertaling\"><span class=\"Y2IQFc\" lang=\"nl\">Mit einer \u00fcber 100-j\u00e4hrigen Geschichte steht die Marke Georg Jensen f\u00fcr hochwertige Handwerkskunst und zeitloses \u00e4sthetisches Design und produziert Lifestyle-Produkte, die von Tischgeschirr \u00fcber Uhren bis hin zu Schmuck und Haushaltsartikeln reichen. <\/span><\/p>\n<p class=\"tw-data-text tw-text-large XcVN5d tw-ta\" dir=\"ltr\" data-placeholder=\"Vertaling\"><span class=\"Y2IQFc\" lang=\"nl\">Georg Jensens eigene Philosophie war es, demokratische Designs zu schaffen, die sowohl Funktionalit\u00e4t als auch Sch\u00f6nheit besitzen. Seine handwerklichen F\u00e4higkeiten und sein k\u00fcnstlerisches Talent, kombiniert mit seiner fortw\u00e4hrenden F\u00e4higkeit, Designtalente zu erkennen und zu unterst\u00fctzen, bildeten die Grundlage, auf der er 1904 Georg Jensen in Kopenhagen aufbaute. Georg Jensens Stil griff die Linien des Jugendstils der damaligen Zeit auf, verlieh ihnen jedoch eine unverwechselbare Kraft, die noch heute nachhallt. <\/span><\/p>\n<p>Diese Sautierpfanne ist ca. 40 Jahre alt, deshalb bitten wir Sie, sich die Fotos genau anzusehen. So erhalten Sie einen guten Eindruck vom Zustand der Pfanne. M\u00f6glicherweise haben wir mehrere Modelle <strong><a href=\"https:\/\/deenswonen.nl\/product-categorie\/merken\/georg-jensen\/\">verf\u00fcgbar.<\/a><\/strong><\/p>\n<p>Wir versenden alle unsere Produkte einfach verpackt mit Post NL. Unsere Produkte k\u00f6nnen auch nach Vereinbarung in Berkel en Rodenrijs abgeholt werden.<\/p>\n","protected":false},"excerpt":{"rendered":"<p>Wundersch\u00f6ne Sautierpfanne aus Kupfer von Georg Jensen, Modell Taverna, entworfen von Henning Koppel. Die Pfanne hat einen Innenraum und einen Griff aus Edelstahl.<\/p>\n<p>&nbsp;<\/p>\n<ul>\n<li><strong>Skandinavisches Design<\/strong><\/li>\n<li><strong>Weltweiter Versand<\/strong><\/li>\n<li><strong>14 Tage Bedenkzeit<\/strong><\/li>\n<\/ul>\n<p>&nbsp;<\/p>\n","protected":false},"featured_media":3212,"template":"","meta":[],"product_brand":[],"product_cat":[164,98,170,156],"product_tag":[122],"class_list":{"0":"post-3984","1":"product","2":"type-product","3":"status-publish","4":"has-post-thumbnail","6":"product_cat-bestseller","7":"product_cat-georg-jensen-de","8":"product_cat-kochzubehor","9":"product_cat-neu-eingetroffen","10":"product_tag-kupfer","11":"thunk-woo-product-list","12":"opn-qv-enable","13":"top-store-woo-hover-swap","14":"top-store-single-product-tab-horizontal","15":"top-store-shadow-","16":"top-store-shadow-hover-","18":"first","19":"outofstock","20":"taxable","21":"shipping-taxable","22":"purchasable","23":"product-type-simple"},"yoast_head":"<!-- This site is optimized with the Yoast SEO plugin v27.3 - https:\/\/yoast.com\/product\/yoast-seo-wordpress\/ -->\n<title>Georg Jensen Taverna Kupferpfanne von Henning Koppel<\/title>\n<meta name=\"description\" content=\"Wundersch\u00f6ne Kupferpfanne von Georg Jensen Taverna, entworfen von Henning Koppel. Schauen Sie hier nach unserer Vintage-Kollektion von Georg Jensen Pfannen\" \/>\n<meta name=\"robots\" content=\"index, follow, max-snippet:-1, max-image-preview:large, max-video-preview:-1\" \/>\n<link rel=\"canonical\" href=\"https:\/\/deenswonen.nl\/de\/produkt\/georg-jensen-taverna-kupfer-bratpfanne-entworfen-von-henning-koppel\/\" \/>\n<meta property=\"og:locale\" content=\"de_DE\" \/>\n<meta property=\"og:type\" content=\"article\" \/>\n<meta property=\"og:title\" content=\"Georg Jensen Taverna Kupferpfanne von Henning Koppel\" \/>\n<meta property=\"og:description\" content=\"Wundersch\u00f6ne Kupferpfanne von Georg Jensen Taverna, entworfen von Henning Koppel. Schauen Sie hier nach unserer Vintage-Kollektion von Georg Jensen Pfannen\" \/>\n<meta property=\"og:url\" content=\"https:\/\/deenswonen.nl\/de\/produkt\/georg-jensen-taverna-kupfer-bratpfanne-entworfen-von-henning-koppel\/\" \/>\n<meta property=\"og:site_name\" content=\"D\u00e4nisch leben\" \/>\n<meta property=\"article:modified_time\" content=\"2023-04-16T07:22:07+00:00\" \/>\n<meta property=\"og:image\" content=\"https:\/\/deenswonen.nl\/wp-content\/uploads\/2021\/12\/DC6B47A0-0064-4EBC-872C-BB98BA79B9EC.jpeg\" \/>\n\t<meta property=\"og:image:width\" content=\"1280\" \/>\n\t<meta property=\"og:image:height\" content=\"960\" \/>\n\t<meta property=\"og:image:type\" content=\"image\/jpeg\" \/>\n<meta name=\"twitter:card\" content=\"summary_large_image\" \/>\n<meta name=\"twitter:label1\" content=\"Gesch\u00e4tzte Lesezeit\" \/>\n\t<meta name=\"twitter:data1\" content=\"2\u00a0Minuten\" \/>\n<script type=\"application\/ld+json\" class=\"yoast-schema-graph\">{\"@context\":\"https:\\\/\\\/schema.org\",\"@graph\":[{\"@type\":\"WebPage\",\"@id\":\"https:\\\/\\\/deenswonen.nl\\\/de\\\/produkt\\\/georg-jensen-taverna-kupfer-bratpfanne-entworfen-von-henning-koppel\\\/\",\"url\":\"https:\\\/\\\/deenswonen.nl\\\/de\\\/produkt\\\/georg-jensen-taverna-kupfer-bratpfanne-entworfen-von-henning-koppel\\\/\",\"name\":\"Georg Jensen Taverna Kupferpfanne von Henning Koppel\",\"isPartOf\":{\"@id\":\"https:\\\/\\\/deenswonen.nl\\\/de\\\/#website\"},\"primaryImageOfPage\":{\"@id\":\"https:\\\/\\\/deenswonen.nl\\\/de\\\/produkt\\\/georg-jensen-taverna-kupfer-bratpfanne-entworfen-von-henning-koppel\\\/#primaryimage\"},\"image\":{\"@id\":\"https:\\\/\\\/deenswonen.nl\\\/de\\\/produkt\\\/georg-jensen-taverna-kupfer-bratpfanne-entworfen-von-henning-koppel\\\/#primaryimage\"},\"thumbnailUrl\":\"https:\\\/\\\/i0.wp.com\\\/deenswonen.nl\\\/wp-content\\\/uploads\\\/2021\\\/12\\\/DC6B47A0-0064-4EBC-872C-BB98BA79B9EC.jpeg?fit=1280%2C960&ssl=1\",\"datePublished\":\"2021-12-21T15:29:54+00:00\",\"dateModified\":\"2023-04-16T07:22:07+00:00\",\"description\":\"Wundersch\u00f6ne Kupferpfanne von Georg Jensen Taverna, entworfen von Henning Koppel. Schauen Sie hier nach unserer Vintage-Kollektion von Georg Jensen Pfannen\",\"breadcrumb\":{\"@id\":\"https:\\\/\\\/deenswonen.nl\\\/de\\\/produkt\\\/georg-jensen-taverna-kupfer-bratpfanne-entworfen-von-henning-koppel\\\/#breadcrumb\"},\"inLanguage\":\"de\",\"potentialAction\":[{\"@type\":\"ReadAction\",\"target\":[\"https:\\\/\\\/deenswonen.nl\\\/de\\\/produkt\\\/georg-jensen-taverna-kupfer-bratpfanne-entworfen-von-henning-koppel\\\/\"]}]},{\"@type\":\"ImageObject\",\"inLanguage\":\"de\",\"@id\":\"https:\\\/\\\/deenswonen.nl\\\/de\\\/produkt\\\/georg-jensen-taverna-kupfer-bratpfanne-entworfen-von-henning-koppel\\\/#primaryimage\",\"url\":\"https:\\\/\\\/i0.wp.com\\\/deenswonen.nl\\\/wp-content\\\/uploads\\\/2021\\\/12\\\/DC6B47A0-0064-4EBC-872C-BB98BA79B9EC.jpeg?fit=1280%2C960&ssl=1\",\"contentUrl\":\"https:\\\/\\\/i0.wp.com\\\/deenswonen.nl\\\/wp-content\\\/uploads\\\/2021\\\/12\\\/DC6B47A0-0064-4EBC-872C-BB98BA79B9EC.jpeg?fit=1280%2C960&ssl=1\",\"width\":1280,\"height\":960,\"caption\":\"Afbeelding van een koperen sauteerpan van Georg Jensen ontworpen door Henning Koppel die in deze advertentie wordt aangeboden.\"},{\"@type\":\"BreadcrumbList\",\"@id\":\"https:\\\/\\\/deenswonen.nl\\\/de\\\/produkt\\\/georg-jensen-taverna-kupfer-bratpfanne-entworfen-von-henning-koppel\\\/#breadcrumb\",\"itemListElement\":[{\"@type\":\"ListItem\",\"position\":1,\"name\":\"Home\",\"item\":\"https:\\\/\\\/deenswonen.nl\\\/de\\\/daenisch-leben\\\/\"},{\"@type\":\"ListItem\",\"position\":2,\"name\":\"Winkel\",\"item\":\"https:\\\/\\\/deenswonen.nl\\\/winkel\\\/\"},{\"@type\":\"ListItem\",\"position\":3,\"name\":\"Georg Jensen Taverna Sauteuse aus Kupfer, entworfen von Henning Koppel\"}]},{\"@type\":\"WebSite\",\"@id\":\"https:\\\/\\\/deenswonen.nl\\\/de\\\/#website\",\"url\":\"https:\\\/\\\/deenswonen.nl\\\/de\\\/\",\"name\":\"Deens wonen\",\"description\":\"Vintage skandinavische Wohnaccessoires\",\"publisher\":{\"@id\":\"https:\\\/\\\/deenswonen.nl\\\/de\\\/#organization\"},\"potentialAction\":[{\"@type\":\"SearchAction\",\"target\":{\"@type\":\"EntryPoint\",\"urlTemplate\":\"https:\\\/\\\/deenswonen.nl\\\/de\\\/?s={search_term_string}\"},\"query-input\":{\"@type\":\"PropertyValueSpecification\",\"valueRequired\":true,\"valueName\":\"search_term_string\"}}],\"inLanguage\":\"de\"},{\"@type\":\"Organization\",\"@id\":\"https:\\\/\\\/deenswonen.nl\\\/de\\\/#organization\",\"name\":\"D\u00e4nisch leben\",\"url\":\"https:\\\/\\\/deenswonen.nl\\\/de\\\/\",\"logo\":{\"@type\":\"ImageObject\",\"inLanguage\":\"de\",\"@id\":\"https:\\\/\\\/deenswonen.nl\\\/de\\\/#\\\/schema\\\/logo\\\/image\\\/\",\"url\":\"https:\\\/\\\/i0.wp.com\\\/deenswonen.nl\\\/wp-content\\\/uploads\\\/2021\\\/11\\\/51ECE736-8380-4D65-ACA6-DE74174F3C35_1_201_a.jpeg?fit=1200%2C675&ssl=1\",\"contentUrl\":\"https:\\\/\\\/i0.wp.com\\\/deenswonen.nl\\\/wp-content\\\/uploads\\\/2021\\\/11\\\/51ECE736-8380-4D65-ACA6-DE74174F3C35_1_201_a.jpeg?fit=1200%2C675&ssl=1\",\"width\":1200,\"height\":675,\"caption\":\"D\u00e4nisch leben\"},\"image\":{\"@id\":\"https:\\\/\\\/deenswonen.nl\\\/de\\\/#\\\/schema\\\/logo\\\/image\\\/\"}}]}<\/script>\n<!-- \/ Yoast SEO plugin. -->","yoast_head_json":{"title":"Georg Jensen Taverna Kupferpfanne von Henning Koppel","description":"Wundersch\u00f6ne Kupferpfanne von Georg Jensen Taverna, entworfen von Henning Koppel. Schauen Sie hier nach unserer Vintage-Kollektion von Georg Jensen Pfannen","robots":{"index":"index","follow":"follow","max-snippet":"max-snippet:-1","max-image-preview":"max-image-preview:large","max-video-preview":"max-video-preview:-1"},"canonical":"https:\/\/deenswonen.nl\/de\/produkt\/georg-jensen-taverna-kupfer-bratpfanne-entworfen-von-henning-koppel\/","og_locale":"de_DE","og_type":"article","og_title":"Georg Jensen Taverna Kupferpfanne von Henning Koppel","og_description":"Wundersch\u00f6ne Kupferpfanne von Georg Jensen Taverna, entworfen von Henning Koppel. Schauen Sie hier nach unserer Vintage-Kollektion von Georg Jensen Pfannen","og_url":"https:\/\/deenswonen.nl\/de\/produkt\/georg-jensen-taverna-kupfer-bratpfanne-entworfen-von-henning-koppel\/","og_site_name":"D\u00e4nisch leben","article_modified_time":"2023-04-16T07:22:07+00:00","og_image":[{"width":1280,"height":960,"url":"https:\/\/deenswonen.nl\/wp-content\/uploads\/2021\/12\/DC6B47A0-0064-4EBC-872C-BB98BA79B9EC.jpeg","type":"image\/jpeg"}],"twitter_card":"summary_large_image","twitter_misc":{"Gesch\u00e4tzte Lesezeit":"2\u00a0Minuten"},"schema":{"@context":"https:\/\/schema.org","@graph":[{"@type":"WebPage","@id":"https:\/\/deenswonen.nl\/de\/produkt\/georg-jensen-taverna-kupfer-bratpfanne-entworfen-von-henning-koppel\/","url":"https:\/\/deenswonen.nl\/de\/produkt\/georg-jensen-taverna-kupfer-bratpfanne-entworfen-von-henning-koppel\/","name":"Georg Jensen Taverna Kupferpfanne von Henning Koppel","isPartOf":{"@id":"https:\/\/deenswonen.nl\/de\/#website"},"primaryImageOfPage":{"@id":"https:\/\/deenswonen.nl\/de\/produkt\/georg-jensen-taverna-kupfer-bratpfanne-entworfen-von-henning-koppel\/#primaryimage"},"image":{"@id":"https:\/\/deenswonen.nl\/de\/produkt\/georg-jensen-taverna-kupfer-bratpfanne-entworfen-von-henning-koppel\/#primaryimage"},"thumbnailUrl":"https:\/\/i0.wp.com\/deenswonen.nl\/wp-content\/uploads\/2021\/12\/DC6B47A0-0064-4EBC-872C-BB98BA79B9EC.jpeg?fit=1280%2C960&ssl=1","datePublished":"2021-12-21T15:29:54+00:00","dateModified":"2023-04-16T07:22:07+00:00","description":"Wundersch\u00f6ne Kupferpfanne von Georg Jensen Taverna, entworfen von Henning Koppel. Schauen Sie hier nach unserer Vintage-Kollektion von Georg Jensen Pfannen","breadcrumb":{"@id":"https:\/\/deenswonen.nl\/de\/produkt\/georg-jensen-taverna-kupfer-bratpfanne-entworfen-von-henning-koppel\/#breadcrumb"},"inLanguage":"de","potentialAction":[{"@type":"ReadAction","target":["https:\/\/deenswonen.nl\/de\/produkt\/georg-jensen-taverna-kupfer-bratpfanne-entworfen-von-henning-koppel\/"]}]},{"@type":"ImageObject","inLanguage":"de","@id":"https:\/\/deenswonen.nl\/de\/produkt\/georg-jensen-taverna-kupfer-bratpfanne-entworfen-von-henning-koppel\/#primaryimage","url":"https:\/\/i0.wp.com\/deenswonen.nl\/wp-content\/uploads\/2021\/12\/DC6B47A0-0064-4EBC-872C-BB98BA79B9EC.jpeg?fit=1280%2C960&ssl=1","contentUrl":"https:\/\/i0.wp.com\/deenswonen.nl\/wp-content\/uploads\/2021\/12\/DC6B47A0-0064-4EBC-872C-BB98BA79B9EC.jpeg?fit=1280%2C960&ssl=1","width":1280,"height":960,"caption":"Afbeelding van een koperen sauteerpan van Georg Jensen ontworpen door Henning Koppel die in deze advertentie wordt aangeboden."},{"@type":"BreadcrumbList","@id":"https:\/\/deenswonen.nl\/de\/produkt\/georg-jensen-taverna-kupfer-bratpfanne-entworfen-von-henning-koppel\/#breadcrumb","itemListElement":[{"@type":"ListItem","position":1,"name":"Home","item":"https:\/\/deenswonen.nl\/de\/daenisch-leben\/"},{"@type":"ListItem","position":2,"name":"Winkel","item":"https:\/\/deenswonen.nl\/winkel\/"},{"@type":"ListItem","position":3,"name":"Georg Jensen Taverna Sauteuse aus Kupfer, entworfen von Henning Koppel"}]},{"@type":"WebSite","@id":"https:\/\/deenswonen.nl\/de\/#website","url":"https:\/\/deenswonen.nl\/de\/","name":"Deens wonen","description":"Vintage skandinavische Wohnaccessoires","publisher":{"@id":"https:\/\/deenswonen.nl\/de\/#organization"},"potentialAction":[{"@type":"SearchAction","target":{"@type":"EntryPoint","urlTemplate":"https:\/\/deenswonen.nl\/de\/?s={search_term_string}"},"query-input":{"@type":"PropertyValueSpecification","valueRequired":true,"valueName":"search_term_string"}}],"inLanguage":"de"},{"@type":"Organization","@id":"https:\/\/deenswonen.nl\/de\/#organization","name":"D\u00e4nisch leben","url":"https:\/\/deenswonen.nl\/de\/","logo":{"@type":"ImageObject","inLanguage":"de","@id":"https:\/\/deenswonen.nl\/de\/#\/schema\/logo\/image\/","url":"https:\/\/i0.wp.com\/deenswonen.nl\/wp-content\/uploads\/2021\/11\/51ECE736-8380-4D65-ACA6-DE74174F3C35_1_201_a.jpeg?fit=1200%2C675&ssl=1","contentUrl":"https:\/\/i0.wp.com\/deenswonen.nl\/wp-content\/uploads\/2021\/11\/51ECE736-8380-4D65-ACA6-DE74174F3C35_1_201_a.jpeg?fit=1200%2C675&ssl=1","width":1200,"height":675,"caption":"D\u00e4nisch leben"},"image":{"@id":"https:\/\/deenswonen.nl\/de\/#\/schema\/logo\/image\/"}}]}},"jetpack_sharing_enabled":true,"_links":{"self":[{"href":"https:\/\/deenswonen.nl\/de\/wp-json\/wp\/v2\/product\/3984","targetHints":{"allow":["GET"]}}],"collection":[{"href":"https:\/\/deenswonen.nl\/de\/wp-json\/wp\/v2\/product"}],"about":[{"href":"https:\/\/deenswonen.nl\/de\/wp-json\/wp\/v2\/types\/product"}],"wp:featuredmedia":[{"embeddable":true,"href":"https:\/\/deenswonen.nl\/de\/wp-json\/wp\/v2\/media\/3212"}],"wp:attachment":[{"href":"https:\/\/deenswonen.nl\/de\/wp-json\/wp\/v2\/media?parent=3984"}],"wp:term":[{"taxonomy":"product_brand","embeddable":true,"href":"https:\/\/deenswonen.nl\/de\/wp-json\/wp\/v2\/product_brand?post=3984"},{"taxonomy":"product_cat","embeddable":true,"href":"https:\/\/deenswonen.nl\/de\/wp-json\/wp\/v2\/product_cat?post=3984"},{"taxonomy":"product_tag","embeddable":true,"href":"https:\/\/deenswonen.nl\/de\/wp-json\/wp\/v2\/product_tag?post=3984"}],"curies":[{"name":"wp","href":"https:\/\/api.w.org\/{rel}","templated":true}]}}