{"id":3976,"date":"2021-12-11T14:52:13","date_gmt":"2021-12-11T13:52:13","guid":{"rendered":"https:\/\/deenswonen.nl\/product\/georg-jensen-spin-box-schmuckschatulle\/"},"modified":"2023-04-16T10:06:08","modified_gmt":"2023-04-16T08:06:08","slug":"georg-jensen-spin-box-jewel-box-2","status":"publish","type":"product","link":"https:\/\/deenswonen.nl\/de\/produkt\/georg-jensen-spin-box-jewel-box-2\/","title":{"rendered":"Georg Jensen Spin box Schmuckschatulle"},"content":{"rendered":"<p>Sch\u00f6ne Georg Jensen Spin Box Schmuckschatulle. <span class=\"Y2IQFc\" lang=\"nl\">Die Spin-Box zeigt das reine und organische Design von Georg Jensen Denmark. Kein Geringerer als Stardesigner Karim Rashid entwarf die stylische Aufbewahrungsbox mit kryptischer Symbolik. Aus Edelstahl mit Silikoneinsatz.<\/span><\/p>\n<h3>Spin box<\/h3>\n<p>Die &#8218;Spin Box&#8216; ist eine limitierte Edition aus dem Jahr 2006 in Zusammenarbeit mit der amerikanischen Designlegende Karim Rashid. Es ist ein wundersch\u00f6nes Objekt mit einer einzigartigen Form und unvergesslichen flie\u00dfenden Kurven. Dadurch eignet sich dieses elegante St\u00fcck perfekt zum Aufbewahren von Schmuck, Manschettenkn\u00f6pfen, Schl\u00fcsseln, Kleingeld oder sogar zum Servieren von Snacks und Pralinen.<\/p>\n<div class=\"slot slot--description slot--seperated js_slot-description\" data-bltgg=\"ll0x7OjOv4La8KxJKKBMcQ.2_5\">\n<div data-test=\"product-description\" data-bltgi=\"ll0x7OjOv4La8KxJKKBMcQ.2_5.6\">\n<h3 class=\"product-description\" data-test=\"description\">Spezifikationen Georg Jensen Spin box<\/h3>\n<\/div>\n<\/div>\n<p><span lang=\"nl\">Diese sch\u00f6ne Spinbox von Georg Jensen ist ca. 15 Jahre alt und in gutem Zustand. Die<\/span><span lang=\"nl\"> Ma\u00dfe: 21 x 9 x 9 cm (L x B x H).<span class=\"Y2IQFc\" lang=\"nl\"> Das Design verf\u00fcgt \u00fcber ein verspiegeltes Edelstahlgeh\u00e4use mit einer inneren Silikonauskleidung. <\/span><\/span><\/p>\n<h3 dir=\"ltr\" data-placeholder=\"Vertaling\">Geschichte Georg Jensen<\/h3>\n<p id=\"tw-target-text\" class=\"tw-data-text tw-text-large XcVN5d tw-ta\" dir=\"ltr\" data-placeholder=\"Vertaling\"><span class=\"Y2IQFc\" lang=\"nl\">Mit einer \u00fcber 100-j\u00e4hrigen Geschichte steht die Marke Georg Jensen f\u00fcr hochwertige Handwerkskunst und zeitloses \u00e4sthetisches Design und produziert Lifestyle-Produkte, die von Tischgeschirr \u00fcber Uhren bis hin zu Schmuck und Haushaltsartikeln reichen. <\/span><\/p>\n<p class=\"tw-data-text tw-text-large XcVN5d tw-ta\" dir=\"ltr\" data-placeholder=\"Vertaling\"><span class=\"Y2IQFc\" lang=\"nl\">Georg Jensens eigene Philosophie war es, demokratische Designs zu schaffen, die sowohl Funktionalit\u00e4t als auch Sch\u00f6nheit besitzen. Seine handwerklichen F\u00e4higkeiten und sein k\u00fcnstlerisches Talent, kombiniert mit seiner fortw\u00e4hrenden F\u00e4higkeit, Designtalente zu erkennen und zu unterst\u00fctzen, bildeten die Grundlage, auf der er 1904 Georg Jensen in Kopenhagen aufbaute. Georg Jensens Stil griff die Linien des Jugendstils der damaligen Zeit auf, verlieh ihnen jedoch eine unverwechselbare Kraft, die noch heute nachhallt. <\/span><\/p>\n<p>Dieses Schmuckk\u00e4stchen ist ca. 15 Jahre alt, deshalb bitten wir Sie, sich die Fotos genau anzusehen. So erhalten Sie einen guten Eindruck vom Zustand der Box. Bei Bedarf haben wir mehrere Modelle zur <a href=\"https:\/\/deenswonen.nl\/product-categorie\/merken\/georg-jensen\/\">Verf\u00fcgung<\/a>.<\/p>\n<p>Wir versenden alle unsere Produkte sorgf\u00e4ltig verpackt und per Einschreiben. Unsere Produkte k\u00f6nnen auch nach Vereinbarung in Berkel en Rodenrijs abgeholt werden.<\/p>\n","protected":false},"excerpt":{"rendered":"<p><span class=\"Y2IQFc\" lang=\"nl\">Die Spin-Box zeigt das reine und organische Design von Georg Jensen Denmark.<\/span><\/p>\n<p>&nbsp;<\/p>\n<ul>\n<li><strong>Skandinavisches Design<\/strong><\/li>\n<li><strong>Weltweiter Versand<\/strong><\/li>\n<li><strong>14 Tage Bedenkzeit<\/strong><\/li>\n<\/ul>\n","protected":false},"featured_media":2338,"template":"","meta":[],"product_brand":[],"product_cat":[172,164,98,156],"product_tag":[],"class_list":{"0":"post-3976","1":"product","2":"type-product","3":"status-publish","4":"has-post-thumbnail","6":"product_cat-aufbewahrung","7":"product_cat-bestseller","8":"product_cat-georg-jensen-de","9":"product_cat-neu-eingetroffen","10":"thunk-woo-product-list","11":"opn-qv-enable","12":"top-store-woo-hover-swap","13":"top-store-single-product-tab-horizontal","14":"top-store-shadow-","15":"top-store-shadow-hover-","17":"first","18":"outofstock","19":"taxable","20":"shipping-taxable","21":"purchasable","22":"product-type-simple"},"yoast_head":"<!-- This site is optimized with the Yoast SEO plugin v27.3 - https:\/\/yoast.com\/product\/yoast-seo-wordpress\/ -->\n<title>Georg Jensen Spin box Schmuckschatulle - D\u00e4nisch leben<\/title>\n<meta name=\"description\" content=\"Sch\u00f6ne Georg Jensen Spin Box Schmuckschatulle. Die Spin-Box zeigt das reine und organische Design von Georg Jensen Denmark. Suchen Sie hier nach\" \/>\n<meta name=\"robots\" content=\"index, follow, max-snippet:-1, max-image-preview:large, max-video-preview:-1\" \/>\n<link rel=\"canonical\" href=\"https:\/\/deenswonen.nl\/de\/produkt\/georg-jensen-spin-box-jewel-box-2\/\" \/>\n<meta property=\"og:locale\" content=\"de_DE\" \/>\n<meta property=\"og:type\" content=\"article\" \/>\n<meta property=\"og:title\" content=\"Georg Jensen Spin box Schmuckschatulle - D\u00e4nisch leben\" \/>\n<meta property=\"og:description\" content=\"Sch\u00f6ne Georg Jensen Spin Box Schmuckschatulle. Die Spin-Box zeigt das reine und organische Design von Georg Jensen Denmark. Suchen Sie hier nach\" \/>\n<meta property=\"og:url\" content=\"https:\/\/deenswonen.nl\/de\/produkt\/georg-jensen-spin-box-jewel-box-2\/\" \/>\n<meta property=\"og:site_name\" content=\"D\u00e4nisch leben\" \/>\n<meta property=\"article:modified_time\" content=\"2023-04-16T08:06:08+00:00\" \/>\n<meta property=\"og:image\" content=\"https:\/\/deenswonen.nl\/wp-content\/uploads\/2021\/12\/D249FE38-C90D-4EE7-B884-7AEA47B425A9.jpeg\" \/>\n\t<meta property=\"og:image:width\" content=\"1280\" \/>\n\t<meta property=\"og:image:height\" content=\"960\" \/>\n\t<meta property=\"og:image:type\" content=\"image\/jpeg\" \/>\n<meta name=\"twitter:card\" content=\"summary_large_image\" \/>\n<meta name=\"twitter:label1\" content=\"Gesch\u00e4tzte Lesezeit\" \/>\n\t<meta name=\"twitter:data1\" content=\"2\u00a0Minuten\" \/>\n<script type=\"application\/ld+json\" class=\"yoast-schema-graph\">{\"@context\":\"https:\\\/\\\/schema.org\",\"@graph\":[{\"@type\":\"WebPage\",\"@id\":\"https:\\\/\\\/deenswonen.nl\\\/de\\\/produkt\\\/georg-jensen-spin-box-jewel-box-2\\\/\",\"url\":\"https:\\\/\\\/deenswonen.nl\\\/de\\\/produkt\\\/georg-jensen-spin-box-jewel-box-2\\\/\",\"name\":\"Georg Jensen Spin box Schmuckschatulle - D\u00e4nisch leben\",\"isPartOf\":{\"@id\":\"https:\\\/\\\/deenswonen.nl\\\/de\\\/#website\"},\"primaryImageOfPage\":{\"@id\":\"https:\\\/\\\/deenswonen.nl\\\/de\\\/produkt\\\/georg-jensen-spin-box-jewel-box-2\\\/#primaryimage\"},\"image\":{\"@id\":\"https:\\\/\\\/deenswonen.nl\\\/de\\\/produkt\\\/georg-jensen-spin-box-jewel-box-2\\\/#primaryimage\"},\"thumbnailUrl\":\"https:\\\/\\\/i0.wp.com\\\/deenswonen.nl\\\/wp-content\\\/uploads\\\/2021\\\/12\\\/D249FE38-C90D-4EE7-B884-7AEA47B425A9.jpeg?fit=1280%2C960&ssl=1\",\"datePublished\":\"2021-12-11T13:52:13+00:00\",\"dateModified\":\"2023-04-16T08:06:08+00:00\",\"description\":\"Sch\u00f6ne Georg Jensen Spin Box Schmuckschatulle. Die Spin-Box zeigt das reine und organische Design von Georg Jensen Denmark. Suchen Sie hier nach\",\"breadcrumb\":{\"@id\":\"https:\\\/\\\/deenswonen.nl\\\/de\\\/produkt\\\/georg-jensen-spin-box-jewel-box-2\\\/#breadcrumb\"},\"inLanguage\":\"de\",\"potentialAction\":[{\"@type\":\"ReadAction\",\"target\":[\"https:\\\/\\\/deenswonen.nl\\\/de\\\/produkt\\\/georg-jensen-spin-box-jewel-box-2\\\/\"]}]},{\"@type\":\"ImageObject\",\"inLanguage\":\"de\",\"@id\":\"https:\\\/\\\/deenswonen.nl\\\/de\\\/produkt\\\/georg-jensen-spin-box-jewel-box-2\\\/#primaryimage\",\"url\":\"https:\\\/\\\/i0.wp.com\\\/deenswonen.nl\\\/wp-content\\\/uploads\\\/2021\\\/12\\\/D249FE38-C90D-4EE7-B884-7AEA47B425A9.jpeg?fit=1280%2C960&ssl=1\",\"contentUrl\":\"https:\\\/\\\/i0.wp.com\\\/deenswonen.nl\\\/wp-content\\\/uploads\\\/2021\\\/12\\\/D249FE38-C90D-4EE7-B884-7AEA47B425A9.jpeg?fit=1280%2C960&ssl=1\",\"width\":1280,\"height\":960,\"caption\":\"Abbildung der in dieser Anzeige angebotenen Georg Jensen Spinbox mit pinker Einlage.\"},{\"@type\":\"BreadcrumbList\",\"@id\":\"https:\\\/\\\/deenswonen.nl\\\/de\\\/produkt\\\/georg-jensen-spin-box-jewel-box-2\\\/#breadcrumb\",\"itemListElement\":[{\"@type\":\"ListItem\",\"position\":1,\"name\":\"Home\",\"item\":\"https:\\\/\\\/deenswonen.nl\\\/de\\\/daenisch-leben\\\/\"},{\"@type\":\"ListItem\",\"position\":2,\"name\":\"Winkel\",\"item\":\"https:\\\/\\\/deenswonen.nl\\\/winkel\\\/\"},{\"@type\":\"ListItem\",\"position\":3,\"name\":\"Georg Jensen Spin box Schmuckschatulle\"}]},{\"@type\":\"WebSite\",\"@id\":\"https:\\\/\\\/deenswonen.nl\\\/de\\\/#website\",\"url\":\"https:\\\/\\\/deenswonen.nl\\\/de\\\/\",\"name\":\"Deens wonen\",\"description\":\"Vintage skandinavische Wohnaccessoires\",\"publisher\":{\"@id\":\"https:\\\/\\\/deenswonen.nl\\\/de\\\/#organization\"},\"potentialAction\":[{\"@type\":\"SearchAction\",\"target\":{\"@type\":\"EntryPoint\",\"urlTemplate\":\"https:\\\/\\\/deenswonen.nl\\\/de\\\/?s={search_term_string}\"},\"query-input\":{\"@type\":\"PropertyValueSpecification\",\"valueRequired\":true,\"valueName\":\"search_term_string\"}}],\"inLanguage\":\"de\"},{\"@type\":\"Organization\",\"@id\":\"https:\\\/\\\/deenswonen.nl\\\/de\\\/#organization\",\"name\":\"D\u00e4nisch leben\",\"url\":\"https:\\\/\\\/deenswonen.nl\\\/de\\\/\",\"logo\":{\"@type\":\"ImageObject\",\"inLanguage\":\"de\",\"@id\":\"https:\\\/\\\/deenswonen.nl\\\/de\\\/#\\\/schema\\\/logo\\\/image\\\/\",\"url\":\"https:\\\/\\\/i0.wp.com\\\/deenswonen.nl\\\/wp-content\\\/uploads\\\/2021\\\/11\\\/51ECE736-8380-4D65-ACA6-DE74174F3C35_1_201_a.jpeg?fit=1200%2C675&ssl=1\",\"contentUrl\":\"https:\\\/\\\/i0.wp.com\\\/deenswonen.nl\\\/wp-content\\\/uploads\\\/2021\\\/11\\\/51ECE736-8380-4D65-ACA6-DE74174F3C35_1_201_a.jpeg?fit=1200%2C675&ssl=1\",\"width\":1200,\"height\":675,\"caption\":\"D\u00e4nisch leben\"},\"image\":{\"@id\":\"https:\\\/\\\/deenswonen.nl\\\/de\\\/#\\\/schema\\\/logo\\\/image\\\/\"}}]}<\/script>\n<!-- \/ Yoast SEO plugin. -->","yoast_head_json":{"title":"Georg Jensen Spin box Schmuckschatulle - D\u00e4nisch leben","description":"Sch\u00f6ne Georg Jensen Spin Box Schmuckschatulle. Die Spin-Box zeigt das reine und organische Design von Georg Jensen Denmark. Suchen Sie hier nach","robots":{"index":"index","follow":"follow","max-snippet":"max-snippet:-1","max-image-preview":"max-image-preview:large","max-video-preview":"max-video-preview:-1"},"canonical":"https:\/\/deenswonen.nl\/de\/produkt\/georg-jensen-spin-box-jewel-box-2\/","og_locale":"de_DE","og_type":"article","og_title":"Georg Jensen Spin box Schmuckschatulle - D\u00e4nisch leben","og_description":"Sch\u00f6ne Georg Jensen Spin Box Schmuckschatulle. Die Spin-Box zeigt das reine und organische Design von Georg Jensen Denmark. Suchen Sie hier nach","og_url":"https:\/\/deenswonen.nl\/de\/produkt\/georg-jensen-spin-box-jewel-box-2\/","og_site_name":"D\u00e4nisch leben","article_modified_time":"2023-04-16T08:06:08+00:00","og_image":[{"width":1280,"height":960,"url":"https:\/\/deenswonen.nl\/wp-content\/uploads\/2021\/12\/D249FE38-C90D-4EE7-B884-7AEA47B425A9.jpeg","type":"image\/jpeg"}],"twitter_card":"summary_large_image","twitter_misc":{"Gesch\u00e4tzte Lesezeit":"2\u00a0Minuten"},"schema":{"@context":"https:\/\/schema.org","@graph":[{"@type":"WebPage","@id":"https:\/\/deenswonen.nl\/de\/produkt\/georg-jensen-spin-box-jewel-box-2\/","url":"https:\/\/deenswonen.nl\/de\/produkt\/georg-jensen-spin-box-jewel-box-2\/","name":"Georg Jensen Spin box Schmuckschatulle - D\u00e4nisch leben","isPartOf":{"@id":"https:\/\/deenswonen.nl\/de\/#website"},"primaryImageOfPage":{"@id":"https:\/\/deenswonen.nl\/de\/produkt\/georg-jensen-spin-box-jewel-box-2\/#primaryimage"},"image":{"@id":"https:\/\/deenswonen.nl\/de\/produkt\/georg-jensen-spin-box-jewel-box-2\/#primaryimage"},"thumbnailUrl":"https:\/\/i0.wp.com\/deenswonen.nl\/wp-content\/uploads\/2021\/12\/D249FE38-C90D-4EE7-B884-7AEA47B425A9.jpeg?fit=1280%2C960&ssl=1","datePublished":"2021-12-11T13:52:13+00:00","dateModified":"2023-04-16T08:06:08+00:00","description":"Sch\u00f6ne Georg Jensen Spin Box Schmuckschatulle. Die Spin-Box zeigt das reine und organische Design von Georg Jensen Denmark. Suchen Sie hier nach","breadcrumb":{"@id":"https:\/\/deenswonen.nl\/de\/produkt\/georg-jensen-spin-box-jewel-box-2\/#breadcrumb"},"inLanguage":"de","potentialAction":[{"@type":"ReadAction","target":["https:\/\/deenswonen.nl\/de\/produkt\/georg-jensen-spin-box-jewel-box-2\/"]}]},{"@type":"ImageObject","inLanguage":"de","@id":"https:\/\/deenswonen.nl\/de\/produkt\/georg-jensen-spin-box-jewel-box-2\/#primaryimage","url":"https:\/\/i0.wp.com\/deenswonen.nl\/wp-content\/uploads\/2021\/12\/D249FE38-C90D-4EE7-B884-7AEA47B425A9.jpeg?fit=1280%2C960&ssl=1","contentUrl":"https:\/\/i0.wp.com\/deenswonen.nl\/wp-content\/uploads\/2021\/12\/D249FE38-C90D-4EE7-B884-7AEA47B425A9.jpeg?fit=1280%2C960&ssl=1","width":1280,"height":960,"caption":"Abbildung der in dieser Anzeige angebotenen Georg Jensen Spinbox mit pinker Einlage."},{"@type":"BreadcrumbList","@id":"https:\/\/deenswonen.nl\/de\/produkt\/georg-jensen-spin-box-jewel-box-2\/#breadcrumb","itemListElement":[{"@type":"ListItem","position":1,"name":"Home","item":"https:\/\/deenswonen.nl\/de\/daenisch-leben\/"},{"@type":"ListItem","position":2,"name":"Winkel","item":"https:\/\/deenswonen.nl\/winkel\/"},{"@type":"ListItem","position":3,"name":"Georg Jensen Spin box Schmuckschatulle"}]},{"@type":"WebSite","@id":"https:\/\/deenswonen.nl\/de\/#website","url":"https:\/\/deenswonen.nl\/de\/","name":"Deens wonen","description":"Vintage skandinavische Wohnaccessoires","publisher":{"@id":"https:\/\/deenswonen.nl\/de\/#organization"},"potentialAction":[{"@type":"SearchAction","target":{"@type":"EntryPoint","urlTemplate":"https:\/\/deenswonen.nl\/de\/?s={search_term_string}"},"query-input":{"@type":"PropertyValueSpecification","valueRequired":true,"valueName":"search_term_string"}}],"inLanguage":"de"},{"@type":"Organization","@id":"https:\/\/deenswonen.nl\/de\/#organization","name":"D\u00e4nisch leben","url":"https:\/\/deenswonen.nl\/de\/","logo":{"@type":"ImageObject","inLanguage":"de","@id":"https:\/\/deenswonen.nl\/de\/#\/schema\/logo\/image\/","url":"https:\/\/i0.wp.com\/deenswonen.nl\/wp-content\/uploads\/2021\/11\/51ECE736-8380-4D65-ACA6-DE74174F3C35_1_201_a.jpeg?fit=1200%2C675&ssl=1","contentUrl":"https:\/\/i0.wp.com\/deenswonen.nl\/wp-content\/uploads\/2021\/11\/51ECE736-8380-4D65-ACA6-DE74174F3C35_1_201_a.jpeg?fit=1200%2C675&ssl=1","width":1200,"height":675,"caption":"D\u00e4nisch leben"},"image":{"@id":"https:\/\/deenswonen.nl\/de\/#\/schema\/logo\/image\/"}}]}},"jetpack_sharing_enabled":true,"_links":{"self":[{"href":"https:\/\/deenswonen.nl\/de\/wp-json\/wp\/v2\/product\/3976","targetHints":{"allow":["GET"]}}],"collection":[{"href":"https:\/\/deenswonen.nl\/de\/wp-json\/wp\/v2\/product"}],"about":[{"href":"https:\/\/deenswonen.nl\/de\/wp-json\/wp\/v2\/types\/product"}],"wp:featuredmedia":[{"embeddable":true,"href":"https:\/\/deenswonen.nl\/de\/wp-json\/wp\/v2\/media\/2338"}],"wp:attachment":[{"href":"https:\/\/deenswonen.nl\/de\/wp-json\/wp\/v2\/media?parent=3976"}],"wp:term":[{"taxonomy":"product_brand","embeddable":true,"href":"https:\/\/deenswonen.nl\/de\/wp-json\/wp\/v2\/product_brand?post=3976"},{"taxonomy":"product_cat","embeddable":true,"href":"https:\/\/deenswonen.nl\/de\/wp-json\/wp\/v2\/product_cat?post=3976"},{"taxonomy":"product_tag","embeddable":true,"href":"https:\/\/deenswonen.nl\/de\/wp-json\/wp\/v2\/product_tag?post=3976"}],"curies":[{"name":"wp","href":"https:\/\/api.w.org\/{rel}","templated":true}]}}