{"id":3948,"date":"2021-12-19T15:55:26","date_gmt":"2021-12-19T14:55:26","guid":{"rendered":"https:\/\/deenswonen.nl\/product\/piet-hein-fettwaechter-fuer-die-edelstahl-kerzenhalter\/"},"modified":"2023-04-16T09:39:58","modified_gmt":"2023-04-16T07:39:58","slug":"piet-hein-fettschutz-fur-die-edelstahl-kerzenhalter","status":"publish","type":"product","link":"https:\/\/deenswonen.nl\/de\/produkt\/piet-hein-fettschutz-fur-die-edelstahl-kerzenhalter\/","title":{"rendered":"Piet Hein Fettw\u00e4chter f\u00fcr die Edelstahl Kerzenhalter"},"content":{"rendered":"<h2 dir=\"ltr\" data-placeholder=\"Vertaling\">Piet Hein Fettw\u00e4chter f\u00fcr die Edelstahl Kerzenhalter<\/h2>\n<p dir=\"ltr\" data-placeholder=\"Vertaling\">Piet Hein Fettw\u00e4chter in der Edelstahlausf\u00fchrung. Kombinieren Sie diesen Ring mit Ihren Piet Hein Leuchtern, um heruntertropfendes Kerzenwachs aufzufangen. Setzen Sie den Ring auf die Spitze des Kerzenhalters. Stellen Sie dann die Kerze auf. Der Ring f\u00e4ngt heruntertropfendes Kerzenwachs auf und verhindert, dass Ihr Kerzenst\u00e4nder schmutzig wird.<\/p>\n<h2 id=\"tw-target-text\" class=\"tw-data-text tw-text-large XcVN5d tw-ta\" dir=\"ltr\" data-placeholder=\"Vertaling\"><span lang=\"nl\">Designer Kerzenleuchter von Piet Hein<\/span><\/h2>\n<p class=\"tw-data-text tw-text-large XcVN5d tw-ta\" dir=\"ltr\" data-placeholder=\"Vertaling\"><span lang=\"nl\">Bringen Sie mit diesem eleganten Piet Hein Kerzenhalter aus Edelstahl Stil in Ihr Zuhause. Seit Anbeginn der Zeit hat sich der Mensch mit Feuer verbunden und fasziniert. Was diese Piet Hein Kerzenhalter gemeinsam haben, ist der einfache Ausdruck, der sie mit ihrem zeitlosen Design f\u00fcr jedes Zuhause hervorragend geeignet macht. Piet Hein Kerzenst\u00e4nder sind in vielen verschiedenen Designs und Gr\u00f6\u00dfen erh\u00e4ltlich. Egal, ob Sie die kleineren Kerzenhalter der Mini-Serie oder den grandioseren Look der MAXI-Serie m\u00f6gen, es sollte f\u00fcr jedes Zuhause etwas dabei sein.<\/span><\/p>\n<h2 id=\"tw-target-text\" class=\"tw-data-text tw-text-large XcVN5d tw-ta\" dir=\"ltr\" data-placeholder=\"Vertaling\"><span lang=\"nl\">Spezifikationen Piet Hein Fettschutz<\/span><\/h2>\n<p class=\"tw-data-text tw-text-large XcVN5d tw-ta\" dir=\"ltr\" data-placeholder=\"Vertaling\"><span lang=\"nl\">Dieser Edelstahlring ist ca. 2 Jahre alt und in gutem Zustand. Die<\/span><span lang=\"nl\"> Abmessungen sind: \u00d8 4,5 cm.<\/span><\/p>\n<h2>Geschichte Piet Hein<\/h2>\n<p id=\"tw-target-text\" class=\"tw-data-text tw-text-large XcVN5d tw-ta\" dir=\"ltr\" data-placeholder=\"Vertaling\"><span lang=\"nl\">Sein ganzes Leben lang wuchs er und dr\u00fcckte sich sowohl als K\u00fcnstler als auch als Wissenschaftler aus. Er wird Universalist genannt. Das Besondere an Piet Hein ist die \u00dcberlegenheit der Form gegen\u00fcber der Zielsetzung, dem Medium und \u2013 \u00fcbrigens \u2013 dem Inhalt. Die Welt von Piet Hein ist fast der Inbegriff von Design. Sein erkennbarer Sprach- und Materialstil macht Design zur Kunst. 1944 erkl\u00e4rte Piet Hein seine Methode wie folgt: <\/span><\/p>\n<blockquote>\n<p class=\"tw-data-text tw-text-large XcVN5d tw-ta\" dir=\"ltr\" data-placeholder=\"Vertaling\"><span lang=\"nl\">\u201eKunst ist die L\u00f6sung von Problemen, die erst klar formuliert werden k\u00f6nnen, wenn sie gel\u00f6st sind.\u201c <\/span><\/p>\n<\/blockquote>\n<p>Dieser Ring ist ca. 2 Jahre alt, deshalb bitten wir Sie, sich die Fotos genau anzusehen. So erhalten Sie einen guten Eindruck vom Zustand des Rings. Bei Bedarf haben wir auch die passenden Kerzenst\u00e4nder von Piet Hein im <a href=\"https:\/\/scandinavischelampen.nl\/product-categorie\/merken\/piet-hein\/\">Angebot<\/a>.<\/p>\n<p>Wir versenden alle unsere Produkte einfach verpackt mit Post NL. Unsere Produkte k\u00f6nnen auch nach Vereinbarung in Berkel en Rodenrijs abgeholt werden.<\/p>\n","protected":false},"excerpt":{"rendered":"<p>Piet Hein Fettw\u00e4chter in der Edelstahlausf\u00fchrung. Kombinieren Sie diesen Ring mit Ihren Piet Hein Leuchtern, um heruntertropfendes Kerzenwachs aufzufangen.<\/p>\n<p>&nbsp;<\/p>\n<ul>\n<li><strong>Skandinavisches Design<\/strong><\/li>\n<li><strong>Weltweiter Versand<\/strong><\/li>\n<li><strong>14 Tage Bedenkzeit<\/strong><\/li>\n<\/ul>\n","protected":false},"featured_media":2880,"template":"","meta":[],"product_brand":[],"product_cat":[164,168,156,145],"product_tag":[],"class_list":{"0":"post-3948","1":"product","2":"type-product","3":"status-publish","4":"has-post-thumbnail","6":"product_cat-bestseller","7":"product_cat-kerzenleuchter","8":"product_cat-neu-eingetroffen","9":"product_cat-piet-hein-de","10":"thunk-woo-product-list","11":"opn-qv-enable","12":"top-store-woo-hover-swap","13":"top-store-single-product-tab-horizontal","14":"top-store-shadow-","15":"top-store-shadow-hover-","17":"first","18":"instock","19":"taxable","20":"shipping-taxable","21":"purchasable","22":"product-type-simple"},"yoast_head":"<!-- This site is optimized with the Yoast SEO plugin v27.3 - https:\/\/yoast.com\/product\/yoast-seo-wordpress\/ -->\n<title>Piet Hein Fettw\u00e4chter f\u00fcr die Edelstahl Kerzenhalter - D\u00e4nisch leben<\/title>\n<meta name=\"description\" content=\"Bringen Sie mit dem eleganten Piet Hein Kerzenst\u00e4nder und Fettschutz aus Edelstahl Stil in Ihr Zuhause.Bei Danish Living finden Sie skandinavische Vintage-Wohnaccessoires\" \/>\n<meta name=\"robots\" content=\"index, follow, max-snippet:-1, max-image-preview:large, max-video-preview:-1\" \/>\n<link rel=\"canonical\" href=\"https:\/\/deenswonen.nl\/de\/produkt\/piet-hein-fettschutz-fur-die-edelstahl-kerzenhalter\/\" \/>\n<meta property=\"og:locale\" content=\"de_DE\" \/>\n<meta property=\"og:type\" content=\"article\" \/>\n<meta property=\"og:title\" content=\"Piet Hein Fettw\u00e4chter f\u00fcr die Edelstahl Kerzenhalter - D\u00e4nisch leben\" \/>\n<meta property=\"og:description\" content=\"Bringen Sie mit dem eleganten Piet Hein Kerzenst\u00e4nder und Fettschutz aus Edelstahl Stil in Ihr Zuhause.Bei Danish Living finden Sie skandinavische Vintage-Wohnaccessoires\" \/>\n<meta property=\"og:url\" content=\"https:\/\/deenswonen.nl\/de\/produkt\/piet-hein-fettschutz-fur-die-edelstahl-kerzenhalter\/\" \/>\n<meta property=\"og:site_name\" content=\"D\u00e4nisch leben\" \/>\n<meta property=\"article:modified_time\" content=\"2023-04-16T07:39:58+00:00\" \/>\n<meta property=\"og:image\" content=\"https:\/\/deenswonen.nl\/wp-content\/uploads\/2021\/12\/8BDD097B-3958-4859-B99A-AA54EC9A458E.jpeg\" \/>\n\t<meta property=\"og:image:width\" content=\"960\" \/>\n\t<meta property=\"og:image:height\" content=\"1280\" \/>\n\t<meta property=\"og:image:type\" content=\"image\/jpeg\" \/>\n<meta name=\"twitter:card\" content=\"summary_large_image\" \/>\n<meta name=\"twitter:label1\" content=\"Gesch\u00e4tzte Lesezeit\" \/>\n\t<meta name=\"twitter:data1\" content=\"2\u00a0Minuten\" \/>\n<script type=\"application\/ld+json\" class=\"yoast-schema-graph\">{\"@context\":\"https:\\\/\\\/schema.org\",\"@graph\":[{\"@type\":\"WebPage\",\"@id\":\"https:\\\/\\\/deenswonen.nl\\\/de\\\/produkt\\\/piet-hein-fettschutz-fur-die-edelstahl-kerzenhalter\\\/\",\"url\":\"https:\\\/\\\/deenswonen.nl\\\/de\\\/produkt\\\/piet-hein-fettschutz-fur-die-edelstahl-kerzenhalter\\\/\",\"name\":\"Piet Hein Fettw\u00e4chter f\u00fcr die Edelstahl Kerzenhalter - D\u00e4nisch leben\",\"isPartOf\":{\"@id\":\"https:\\\/\\\/deenswonen.nl\\\/de\\\/#website\"},\"primaryImageOfPage\":{\"@id\":\"https:\\\/\\\/deenswonen.nl\\\/de\\\/produkt\\\/piet-hein-fettschutz-fur-die-edelstahl-kerzenhalter\\\/#primaryimage\"},\"image\":{\"@id\":\"https:\\\/\\\/deenswonen.nl\\\/de\\\/produkt\\\/piet-hein-fettschutz-fur-die-edelstahl-kerzenhalter\\\/#primaryimage\"},\"thumbnailUrl\":\"https:\\\/\\\/i0.wp.com\\\/deenswonen.nl\\\/wp-content\\\/uploads\\\/2021\\\/12\\\/8BDD097B-3958-4859-B99A-AA54EC9A458E.jpeg?fit=960%2C1280&ssl=1\",\"datePublished\":\"2021-12-19T14:55:26+00:00\",\"dateModified\":\"2023-04-16T07:39:58+00:00\",\"description\":\"Bringen Sie mit dem eleganten Piet Hein Kerzenst\u00e4nder und Fettschutz aus Edelstahl Stil in Ihr Zuhause.Bei Danish Living finden Sie skandinavische Vintage-Wohnaccessoires\",\"breadcrumb\":{\"@id\":\"https:\\\/\\\/deenswonen.nl\\\/de\\\/produkt\\\/piet-hein-fettschutz-fur-die-edelstahl-kerzenhalter\\\/#breadcrumb\"},\"inLanguage\":\"de\",\"potentialAction\":[{\"@type\":\"ReadAction\",\"target\":[\"https:\\\/\\\/deenswonen.nl\\\/de\\\/produkt\\\/piet-hein-fettschutz-fur-die-edelstahl-kerzenhalter\\\/\"]}]},{\"@type\":\"ImageObject\",\"inLanguage\":\"de\",\"@id\":\"https:\\\/\\\/deenswonen.nl\\\/de\\\/produkt\\\/piet-hein-fettschutz-fur-die-edelstahl-kerzenhalter\\\/#primaryimage\",\"url\":\"https:\\\/\\\/i0.wp.com\\\/deenswonen.nl\\\/wp-content\\\/uploads\\\/2021\\\/12\\\/8BDD097B-3958-4859-B99A-AA54EC9A458E.jpeg?fit=960%2C1280&ssl=1\",\"contentUrl\":\"https:\\\/\\\/i0.wp.com\\\/deenswonen.nl\\\/wp-content\\\/uploads\\\/2021\\\/12\\\/8BDD097B-3958-4859-B99A-AA54EC9A458E.jpeg?fit=960%2C1280&ssl=1\",\"width\":960,\"height\":1280,\"caption\":\"Abbildung des in dieser Anzeige angebotenen Piet Hein-Fettschutzes.\"},{\"@type\":\"BreadcrumbList\",\"@id\":\"https:\\\/\\\/deenswonen.nl\\\/de\\\/produkt\\\/piet-hein-fettschutz-fur-die-edelstahl-kerzenhalter\\\/#breadcrumb\",\"itemListElement\":[{\"@type\":\"ListItem\",\"position\":1,\"name\":\"Home\",\"item\":\"https:\\\/\\\/deenswonen.nl\\\/de\\\/daenisch-leben\\\/\"},{\"@type\":\"ListItem\",\"position\":2,\"name\":\"Winkel\",\"item\":\"https:\\\/\\\/deenswonen.nl\\\/winkel\\\/\"},{\"@type\":\"ListItem\",\"position\":3,\"name\":\"Piet Hein Fettw\u00e4chter f\u00fcr die Edelstahl Kerzenhalter\"}]},{\"@type\":\"WebSite\",\"@id\":\"https:\\\/\\\/deenswonen.nl\\\/de\\\/#website\",\"url\":\"https:\\\/\\\/deenswonen.nl\\\/de\\\/\",\"name\":\"Deens wonen\",\"description\":\"Vintage skandinavische Wohnaccessoires\",\"publisher\":{\"@id\":\"https:\\\/\\\/deenswonen.nl\\\/de\\\/#organization\"},\"potentialAction\":[{\"@type\":\"SearchAction\",\"target\":{\"@type\":\"EntryPoint\",\"urlTemplate\":\"https:\\\/\\\/deenswonen.nl\\\/de\\\/?s={search_term_string}\"},\"query-input\":{\"@type\":\"PropertyValueSpecification\",\"valueRequired\":true,\"valueName\":\"search_term_string\"}}],\"inLanguage\":\"de\"},{\"@type\":\"Organization\",\"@id\":\"https:\\\/\\\/deenswonen.nl\\\/de\\\/#organization\",\"name\":\"D\u00e4nisch leben\",\"url\":\"https:\\\/\\\/deenswonen.nl\\\/de\\\/\",\"logo\":{\"@type\":\"ImageObject\",\"inLanguage\":\"de\",\"@id\":\"https:\\\/\\\/deenswonen.nl\\\/de\\\/#\\\/schema\\\/logo\\\/image\\\/\",\"url\":\"https:\\\/\\\/i0.wp.com\\\/deenswonen.nl\\\/wp-content\\\/uploads\\\/2021\\\/11\\\/51ECE736-8380-4D65-ACA6-DE74174F3C35_1_201_a.jpeg?fit=1200%2C675&ssl=1\",\"contentUrl\":\"https:\\\/\\\/i0.wp.com\\\/deenswonen.nl\\\/wp-content\\\/uploads\\\/2021\\\/11\\\/51ECE736-8380-4D65-ACA6-DE74174F3C35_1_201_a.jpeg?fit=1200%2C675&ssl=1\",\"width\":1200,\"height\":675,\"caption\":\"D\u00e4nisch leben\"},\"image\":{\"@id\":\"https:\\\/\\\/deenswonen.nl\\\/de\\\/#\\\/schema\\\/logo\\\/image\\\/\"}}]}<\/script>\n<!-- \/ Yoast SEO plugin. -->","yoast_head_json":{"title":"Piet Hein Fettw\u00e4chter f\u00fcr die Edelstahl Kerzenhalter - D\u00e4nisch leben","description":"Bringen Sie mit dem eleganten Piet Hein Kerzenst\u00e4nder und Fettschutz aus Edelstahl Stil in Ihr Zuhause.Bei Danish Living finden Sie skandinavische Vintage-Wohnaccessoires","robots":{"index":"index","follow":"follow","max-snippet":"max-snippet:-1","max-image-preview":"max-image-preview:large","max-video-preview":"max-video-preview:-1"},"canonical":"https:\/\/deenswonen.nl\/de\/produkt\/piet-hein-fettschutz-fur-die-edelstahl-kerzenhalter\/","og_locale":"de_DE","og_type":"article","og_title":"Piet Hein Fettw\u00e4chter f\u00fcr die Edelstahl Kerzenhalter - D\u00e4nisch leben","og_description":"Bringen Sie mit dem eleganten Piet Hein Kerzenst\u00e4nder und Fettschutz aus Edelstahl Stil in Ihr Zuhause.Bei Danish Living finden Sie skandinavische Vintage-Wohnaccessoires","og_url":"https:\/\/deenswonen.nl\/de\/produkt\/piet-hein-fettschutz-fur-die-edelstahl-kerzenhalter\/","og_site_name":"D\u00e4nisch leben","article_modified_time":"2023-04-16T07:39:58+00:00","og_image":[{"width":960,"height":1280,"url":"https:\/\/deenswonen.nl\/wp-content\/uploads\/2021\/12\/8BDD097B-3958-4859-B99A-AA54EC9A458E.jpeg","type":"image\/jpeg"}],"twitter_card":"summary_large_image","twitter_misc":{"Gesch\u00e4tzte Lesezeit":"2\u00a0Minuten"},"schema":{"@context":"https:\/\/schema.org","@graph":[{"@type":"WebPage","@id":"https:\/\/deenswonen.nl\/de\/produkt\/piet-hein-fettschutz-fur-die-edelstahl-kerzenhalter\/","url":"https:\/\/deenswonen.nl\/de\/produkt\/piet-hein-fettschutz-fur-die-edelstahl-kerzenhalter\/","name":"Piet Hein Fettw\u00e4chter f\u00fcr die Edelstahl Kerzenhalter - D\u00e4nisch leben","isPartOf":{"@id":"https:\/\/deenswonen.nl\/de\/#website"},"primaryImageOfPage":{"@id":"https:\/\/deenswonen.nl\/de\/produkt\/piet-hein-fettschutz-fur-die-edelstahl-kerzenhalter\/#primaryimage"},"image":{"@id":"https:\/\/deenswonen.nl\/de\/produkt\/piet-hein-fettschutz-fur-die-edelstahl-kerzenhalter\/#primaryimage"},"thumbnailUrl":"https:\/\/i0.wp.com\/deenswonen.nl\/wp-content\/uploads\/2021\/12\/8BDD097B-3958-4859-B99A-AA54EC9A458E.jpeg?fit=960%2C1280&ssl=1","datePublished":"2021-12-19T14:55:26+00:00","dateModified":"2023-04-16T07:39:58+00:00","description":"Bringen Sie mit dem eleganten Piet Hein Kerzenst\u00e4nder und Fettschutz aus Edelstahl Stil in Ihr Zuhause.Bei Danish Living finden Sie skandinavische Vintage-Wohnaccessoires","breadcrumb":{"@id":"https:\/\/deenswonen.nl\/de\/produkt\/piet-hein-fettschutz-fur-die-edelstahl-kerzenhalter\/#breadcrumb"},"inLanguage":"de","potentialAction":[{"@type":"ReadAction","target":["https:\/\/deenswonen.nl\/de\/produkt\/piet-hein-fettschutz-fur-die-edelstahl-kerzenhalter\/"]}]},{"@type":"ImageObject","inLanguage":"de","@id":"https:\/\/deenswonen.nl\/de\/produkt\/piet-hein-fettschutz-fur-die-edelstahl-kerzenhalter\/#primaryimage","url":"https:\/\/i0.wp.com\/deenswonen.nl\/wp-content\/uploads\/2021\/12\/8BDD097B-3958-4859-B99A-AA54EC9A458E.jpeg?fit=960%2C1280&ssl=1","contentUrl":"https:\/\/i0.wp.com\/deenswonen.nl\/wp-content\/uploads\/2021\/12\/8BDD097B-3958-4859-B99A-AA54EC9A458E.jpeg?fit=960%2C1280&ssl=1","width":960,"height":1280,"caption":"Abbildung des in dieser Anzeige angebotenen Piet Hein-Fettschutzes."},{"@type":"BreadcrumbList","@id":"https:\/\/deenswonen.nl\/de\/produkt\/piet-hein-fettschutz-fur-die-edelstahl-kerzenhalter\/#breadcrumb","itemListElement":[{"@type":"ListItem","position":1,"name":"Home","item":"https:\/\/deenswonen.nl\/de\/daenisch-leben\/"},{"@type":"ListItem","position":2,"name":"Winkel","item":"https:\/\/deenswonen.nl\/winkel\/"},{"@type":"ListItem","position":3,"name":"Piet Hein Fettw\u00e4chter f\u00fcr die Edelstahl Kerzenhalter"}]},{"@type":"WebSite","@id":"https:\/\/deenswonen.nl\/de\/#website","url":"https:\/\/deenswonen.nl\/de\/","name":"Deens wonen","description":"Vintage skandinavische Wohnaccessoires","publisher":{"@id":"https:\/\/deenswonen.nl\/de\/#organization"},"potentialAction":[{"@type":"SearchAction","target":{"@type":"EntryPoint","urlTemplate":"https:\/\/deenswonen.nl\/de\/?s={search_term_string}"},"query-input":{"@type":"PropertyValueSpecification","valueRequired":true,"valueName":"search_term_string"}}],"inLanguage":"de"},{"@type":"Organization","@id":"https:\/\/deenswonen.nl\/de\/#organization","name":"D\u00e4nisch leben","url":"https:\/\/deenswonen.nl\/de\/","logo":{"@type":"ImageObject","inLanguage":"de","@id":"https:\/\/deenswonen.nl\/de\/#\/schema\/logo\/image\/","url":"https:\/\/i0.wp.com\/deenswonen.nl\/wp-content\/uploads\/2021\/11\/51ECE736-8380-4D65-ACA6-DE74174F3C35_1_201_a.jpeg?fit=1200%2C675&ssl=1","contentUrl":"https:\/\/i0.wp.com\/deenswonen.nl\/wp-content\/uploads\/2021\/11\/51ECE736-8380-4D65-ACA6-DE74174F3C35_1_201_a.jpeg?fit=1200%2C675&ssl=1","width":1200,"height":675,"caption":"D\u00e4nisch leben"},"image":{"@id":"https:\/\/deenswonen.nl\/de\/#\/schema\/logo\/image\/"}}]}},"jetpack_sharing_enabled":true,"_links":{"self":[{"href":"https:\/\/deenswonen.nl\/de\/wp-json\/wp\/v2\/product\/3948","targetHints":{"allow":["GET"]}}],"collection":[{"href":"https:\/\/deenswonen.nl\/de\/wp-json\/wp\/v2\/product"}],"about":[{"href":"https:\/\/deenswonen.nl\/de\/wp-json\/wp\/v2\/types\/product"}],"wp:featuredmedia":[{"embeddable":true,"href":"https:\/\/deenswonen.nl\/de\/wp-json\/wp\/v2\/media\/2880"}],"wp:attachment":[{"href":"https:\/\/deenswonen.nl\/de\/wp-json\/wp\/v2\/media?parent=3948"}],"wp:term":[{"taxonomy":"product_brand","embeddable":true,"href":"https:\/\/deenswonen.nl\/de\/wp-json\/wp\/v2\/product_brand?post=3948"},{"taxonomy":"product_cat","embeddable":true,"href":"https:\/\/deenswonen.nl\/de\/wp-json\/wp\/v2\/product_cat?post=3948"},{"taxonomy":"product_tag","embeddable":true,"href":"https:\/\/deenswonen.nl\/de\/wp-json\/wp\/v2\/product_tag?post=3948"}],"curies":[{"name":"wp","href":"https:\/\/api.w.org\/{rel}","templated":true}]}}