{"id":3912,"date":"2021-11-13T11:12:34","date_gmt":"2021-11-13T10:12:34","guid":{"rendered":"https:\/\/deenswonen.nl\/product\/menu-verner-panton-blumentopf\/"},"modified":"2024-05-13T10:41:06","modified_gmt":"2024-05-13T08:41:06","slug":"menu-verner-panton-blumentopf","status":"publish","type":"product","link":"https:\/\/deenswonen.nl\/de\/produkt\/menu-verner-panton-blumentopf\/","title":{"rendered":"Menu Verner Panton Blumentopf"},"content":{"rendered":"<div class=\"slot slot--description slot--seperated js_slot-description\" data-bltgg=\"mdHko4FFlXXAEuPqitFBZw.2_9\">\n<div data-test=\"product-description\" data-bltgi=\"mdHko4FFlXXAEuPqitFBZw.2_9.10\">\n<div class=\"product-description\" data-test=\"description\">Wundersch\u00f6ner Blumentopf von Verner Panton, entworfen f\u00fcr Menu. Das Geometri 1 Design verleiht dem Blumentopf ein zeitloses und modernes Aussehen.<\/div>\n<\/div>\n<\/div>\n<h2>Design <strong>Menu Verner Panton Blumentopf<\/strong><\/h2>\n<div class=\"woocommerce-product-details__short-description\">\n<p>Dieser Menu Verner Panton Blumentopf aus Porzellan zeigt das weltber\u00fchmte Grafikdesign \u201eGeometri 1\u201c aus dem Jahr 1960 des d\u00e4nischen Architekten und Designers Verner Panton. Das Geometri-Design wurde als Premiere auf Textilien verw\u00f6hnt und begehrte internationale Designpreise. Dieses Dekor macht diesen Blumentopf und alle anderen Artikel aus der Panton-Serie zu zeitlos modernen Designklassikern.<\/p>\n<h2 dir=\"ltr\" data-placeholder=\"Vertaling\">Geometri 1<\/h2>\n<p id=\"tw-target-text\" class=\"tw-data-text tw-text-large XcVN5d tw-ta\" dir=\"ltr\" data-placeholder=\"Vertaling\"><span class=\"Y2IQFc\" lang=\"nl\">1960 entwarf Verner Panton ein geometrisch gemustertes Kissen und nannte es passend Geometri. Heute ist Pantons Design Teil einer breiteren Kollektion, die auch Arbeiten von Charles und Ray Eames oder Alexander Girard umfasst. Und eine Kollektion, die sich durch die allgemeine Verwendung angenehmer Doppelpunkte und interessanter Muster perfekt erg\u00e4nzt und kontrastiert. Mit dem Geometri Kissen nutzt Verner Panton den klassischen Kontrast von Schwarz und Wei\u00df in Form von Kreisen und Quadraten, das Ergebnis ist ein dekoratives Muster, das in jedem Wohnzimmer eine ganz echte Gem\u00fctlichkeit erzeugt.<\/span><\/p>\n<\/div>\n<h2><strong>Spezifikationen Menu Verner Panton Blumentopf<\/strong><\/h2>\n<p>Der Blumentopf ist ca. 10 Jahre alt und in neuwertigem Zustand. Der Topf kommt komplett mit der Originalverpackung und scheint nie benutzt worden zu sein.<\/p>\n<p>Die Messungen sind:<\/p>\n<ul>\n<li><span class=\"s1\">H\u014dhe: 15 cm <\/span><\/li>\n<li><span class=\"s1\">Durchmesser: 14,5 cm<\/span><\/li>\n<\/ul>\n<h2><strong>Verner Panton <\/strong><\/h2>\n<p>Verner Panton wurde in den 1960er Jahren durch seine abstrakten M\u00f6belentw\u00fcrfe bekannt. Er bevorzugte die Verwendung von k\u00fcnstlichen Materialien. Dennoch lie\u00df er sich f\u00fcr seine Werke oft von der Natur inspirieren. Parallelen zur Natur sind auch bei der Pantop H\u00e4ngelampe erkennbar. Denken Sie an die Glockenblumenbl\u00fcten, die vielerorts die Wiesen und Felder bev\u00f6lkern.<\/p>\n<p>Der Blumentopf ist ca. 10 Jahre alt, deshalb bitten wir Sie, sich die Fotos genau anzusehen. So erhalten Sie einen guten Eindruck vom Zustand des Topfes. Wir haben mehrere Teile von Artikeln aus dieser Serie <a href=\"https:\/\/deenswonen.nl\/product-categorie\/merken\/menu\/\">verf\u00fcgbar<\/a>.<\/p>\n<p>Der Topf wird sorgf\u00e4ltig verpackt und per Einschreiben verschickt. Es ist auch m\u00f6glich, den Blumentopf nach Vereinbarung in Berkel en Rodenrijs abzuholen.<\/p>\n","protected":false},"excerpt":{"rendered":"<p>Wundersch\u00f6ner Blumentopf von Verner Panton, entworfen f\u00fcr Menu. Das Geometri 1 Design verleiht dem Blumentopf ein zeitloses und modernes Aussehen.<\/p>\n<p>&nbsp;<\/p>\n<ul>\n<li><strong>Skandinavisches Design<\/strong><\/li>\n<li><strong>Weltweiter Versand<\/strong><\/li>\n<li><strong>14 Tage Bedenkzeit<\/strong><\/li>\n<\/ul>\n","protected":false},"featured_media":4379,"template":"","meta":[],"product_brand":[],"product_cat":[104,156,165,175,150],"product_tag":[116,115],"class_list":{"0":"post-3912","1":"product","2":"type-product","3":"status-publish","4":"has-post-thumbnail","6":"product_cat-menu-de","7":"product_cat-neu-eingetroffen","8":"product_cat-produkte","9":"product_cat-vasen","10":"product_cat-verner-panton-de","11":"product_tag-blau","12":"product_tag-weis","13":"thunk-woo-product-list","14":"opn-qv-enable","15":"top-store-woo-hover-swap","16":"top-store-single-product-tab-horizontal","17":"top-store-shadow-","18":"top-store-shadow-hover-","20":"first","21":"outofstock","22":"taxable","23":"shipping-taxable","24":"purchasable","25":"product-type-simple"},"yoast_head":"<!-- This site is optimized with the Yoast SEO plugin v27.6 - https:\/\/yoast.com\/product\/yoast-seo-wordpress\/ -->\n<title>Menu Verner Panton Blumentopf - D\u00e4nisch leben<\/title>\n<meta name=\"description\" content=\"Wundersch\u00f6ner Design-Blumentopf mit blau-wei\u00dfem Aufdruck des weltber\u00fchmten Designers Verner Panton f\u00fcr Menu. Weitere Informationen finden Sie hier.\" \/>\n<meta name=\"robots\" content=\"index, follow, max-snippet:-1, max-image-preview:large, max-video-preview:-1\" \/>\n<link rel=\"canonical\" href=\"https:\/\/deenswonen.nl\/de\/produkt\/menu-verner-panton-blumentopf\/\" \/>\n<meta property=\"og:locale\" content=\"de_DE\" \/>\n<meta property=\"og:type\" content=\"article\" \/>\n<meta property=\"og:title\" content=\"Menu Verner Panton Blumentopf - D\u00e4nisch leben\" \/>\n<meta property=\"og:description\" content=\"Wundersch\u00f6ner Design-Blumentopf mit blau-wei\u00dfem Aufdruck des weltber\u00fchmten Designers Verner Panton f\u00fcr Menu. Weitere Informationen finden Sie hier.\" \/>\n<meta property=\"og:url\" content=\"https:\/\/deenswonen.nl\/de\/produkt\/menu-verner-panton-blumentopf\/\" \/>\n<meta property=\"og:site_name\" content=\"D\u00e4nisch leben\" \/>\n<meta property=\"article:modified_time\" content=\"2024-05-13T08:41:06+00:00\" \/>\n<meta property=\"og:image\" content=\"https:\/\/deenswonen.nl\/wp-content\/uploads\/2021\/11\/A2A58054-5E84-49E0-91BF-B19C811C84BB.jpeg\" \/>\n\t<meta property=\"og:image:width\" content=\"640\" \/>\n\t<meta property=\"og:image:height\" content=\"480\" \/>\n\t<meta property=\"og:image:type\" content=\"image\/jpeg\" \/>\n<meta name=\"twitter:card\" content=\"summary_large_image\" \/>\n<meta name=\"twitter:label1\" content=\"Gesch\u00e4tzte Lesezeit\" \/>\n\t<meta name=\"twitter:data1\" content=\"2\u00a0Minuten\" \/>\n<script type=\"application\/ld+json\" class=\"yoast-schema-graph\">{\"@context\":\"https:\\\/\\\/schema.org\",\"@graph\":[{\"@type\":\"WebPage\",\"@id\":\"https:\\\/\\\/deenswonen.nl\\\/de\\\/produkt\\\/menu-verner-panton-blumentopf\\\/\",\"url\":\"https:\\\/\\\/deenswonen.nl\\\/de\\\/produkt\\\/menu-verner-panton-blumentopf\\\/\",\"name\":\"Menu Verner Panton Blumentopf - D\u00e4nisch leben\",\"isPartOf\":{\"@id\":\"https:\\\/\\\/deenswonen.nl\\\/de\\\/#website\"},\"primaryImageOfPage\":{\"@id\":\"https:\\\/\\\/deenswonen.nl\\\/de\\\/produkt\\\/menu-verner-panton-blumentopf\\\/#primaryimage\"},\"image\":{\"@id\":\"https:\\\/\\\/deenswonen.nl\\\/de\\\/produkt\\\/menu-verner-panton-blumentopf\\\/#primaryimage\"},\"thumbnailUrl\":\"https:\\\/\\\/i0.wp.com\\\/deenswonen.nl\\\/wp-content\\\/uploads\\\/2021\\\/11\\\/A2A58054-5E84-49E0-91BF-B19C811C84BB.jpeg?fit=640%2C480&ssl=1\",\"datePublished\":\"2021-11-13T10:12:34+00:00\",\"dateModified\":\"2024-05-13T08:41:06+00:00\",\"description\":\"Wundersch\u00f6ner Design-Blumentopf mit blau-wei\u00dfem Aufdruck des weltber\u00fchmten Designers Verner Panton f\u00fcr Menu. Weitere Informationen finden Sie hier.\",\"breadcrumb\":{\"@id\":\"https:\\\/\\\/deenswonen.nl\\\/de\\\/produkt\\\/menu-verner-panton-blumentopf\\\/#breadcrumb\"},\"inLanguage\":\"de\",\"potentialAction\":[{\"@type\":\"ReadAction\",\"target\":[\"https:\\\/\\\/deenswonen.nl\\\/de\\\/produkt\\\/menu-verner-panton-blumentopf\\\/\"]}]},{\"@type\":\"ImageObject\",\"inLanguage\":\"de\",\"@id\":\"https:\\\/\\\/deenswonen.nl\\\/de\\\/produkt\\\/menu-verner-panton-blumentopf\\\/#primaryimage\",\"url\":\"https:\\\/\\\/i0.wp.com\\\/deenswonen.nl\\\/wp-content\\\/uploads\\\/2021\\\/11\\\/A2A58054-5E84-49E0-91BF-B19C811C84BB.jpeg?fit=640%2C480&ssl=1\",\"contentUrl\":\"https:\\\/\\\/i0.wp.com\\\/deenswonen.nl\\\/wp-content\\\/uploads\\\/2021\\\/11\\\/A2A58054-5E84-49E0-91BF-B19C811C84BB.jpeg?fit=640%2C480&ssl=1\",\"width\":640,\"height\":480,\"caption\":\"Bild des Men\u00fc-Blumentopfs von Verner Panton, der in dieser Anzeige zu sehen ist.\"},{\"@type\":\"BreadcrumbList\",\"@id\":\"https:\\\/\\\/deenswonen.nl\\\/de\\\/produkt\\\/menu-verner-panton-blumentopf\\\/#breadcrumb\",\"itemListElement\":[{\"@type\":\"ListItem\",\"position\":1,\"name\":\"Home\",\"item\":\"https:\\\/\\\/deenswonen.nl\\\/de\\\/daenisch-leben\\\/\"},{\"@type\":\"ListItem\",\"position\":2,\"name\":\"Winkel\",\"item\":\"https:\\\/\\\/deenswonen.nl\\\/winkel\\\/\"},{\"@type\":\"ListItem\",\"position\":3,\"name\":\"Menu Verner Panton Blumentopf\"}]},{\"@type\":\"WebSite\",\"@id\":\"https:\\\/\\\/deenswonen.nl\\\/de\\\/#website\",\"url\":\"https:\\\/\\\/deenswonen.nl\\\/de\\\/\",\"name\":\"Deens wonen\",\"description\":\"Vintage skandinavische Wohnaccessoires\",\"publisher\":{\"@id\":\"https:\\\/\\\/deenswonen.nl\\\/de\\\/#organization\"},\"potentialAction\":[{\"@type\":\"SearchAction\",\"target\":{\"@type\":\"EntryPoint\",\"urlTemplate\":\"https:\\\/\\\/deenswonen.nl\\\/de\\\/?s={search_term_string}\"},\"query-input\":{\"@type\":\"PropertyValueSpecification\",\"valueRequired\":true,\"valueName\":\"search_term_string\"}}],\"inLanguage\":\"de\"},{\"@type\":\"Organization\",\"@id\":\"https:\\\/\\\/deenswonen.nl\\\/de\\\/#organization\",\"name\":\"D\u00e4nisch leben\",\"url\":\"https:\\\/\\\/deenswonen.nl\\\/de\\\/\",\"logo\":{\"@type\":\"ImageObject\",\"inLanguage\":\"de\",\"@id\":\"https:\\\/\\\/deenswonen.nl\\\/de\\\/#\\\/schema\\\/logo\\\/image\\\/\",\"url\":\"https:\\\/\\\/i0.wp.com\\\/deenswonen.nl\\\/wp-content\\\/uploads\\\/2021\\\/11\\\/51ECE736-8380-4D65-ACA6-DE74174F3C35_1_201_a.jpeg?fit=1200%2C675&ssl=1\",\"contentUrl\":\"https:\\\/\\\/i0.wp.com\\\/deenswonen.nl\\\/wp-content\\\/uploads\\\/2021\\\/11\\\/51ECE736-8380-4D65-ACA6-DE74174F3C35_1_201_a.jpeg?fit=1200%2C675&ssl=1\",\"width\":1200,\"height\":675,\"caption\":\"D\u00e4nisch leben\"},\"image\":{\"@id\":\"https:\\\/\\\/deenswonen.nl\\\/de\\\/#\\\/schema\\\/logo\\\/image\\\/\"}}]}<\/script>\n<!-- \/ Yoast SEO plugin. -->","yoast_head_json":{"title":"Menu Verner Panton Blumentopf - D\u00e4nisch leben","description":"Wundersch\u00f6ner Design-Blumentopf mit blau-wei\u00dfem Aufdruck des weltber\u00fchmten Designers Verner Panton f\u00fcr Menu. Weitere Informationen finden Sie hier.","robots":{"index":"index","follow":"follow","max-snippet":"max-snippet:-1","max-image-preview":"max-image-preview:large","max-video-preview":"max-video-preview:-1"},"canonical":"https:\/\/deenswonen.nl\/de\/produkt\/menu-verner-panton-blumentopf\/","og_locale":"de_DE","og_type":"article","og_title":"Menu Verner Panton Blumentopf - D\u00e4nisch leben","og_description":"Wundersch\u00f6ner Design-Blumentopf mit blau-wei\u00dfem Aufdruck des weltber\u00fchmten Designers Verner Panton f\u00fcr Menu. Weitere Informationen finden Sie hier.","og_url":"https:\/\/deenswonen.nl\/de\/produkt\/menu-verner-panton-blumentopf\/","og_site_name":"D\u00e4nisch leben","article_modified_time":"2024-05-13T08:41:06+00:00","og_image":[{"width":640,"height":480,"url":"https:\/\/deenswonen.nl\/wp-content\/uploads\/2021\/11\/A2A58054-5E84-49E0-91BF-B19C811C84BB.jpeg","type":"image\/jpeg"}],"twitter_card":"summary_large_image","twitter_misc":{"Gesch\u00e4tzte Lesezeit":"2\u00a0Minuten"},"schema":{"@context":"https:\/\/schema.org","@graph":[{"@type":"WebPage","@id":"https:\/\/deenswonen.nl\/de\/produkt\/menu-verner-panton-blumentopf\/","url":"https:\/\/deenswonen.nl\/de\/produkt\/menu-verner-panton-blumentopf\/","name":"Menu Verner Panton Blumentopf - D\u00e4nisch leben","isPartOf":{"@id":"https:\/\/deenswonen.nl\/de\/#website"},"primaryImageOfPage":{"@id":"https:\/\/deenswonen.nl\/de\/produkt\/menu-verner-panton-blumentopf\/#primaryimage"},"image":{"@id":"https:\/\/deenswonen.nl\/de\/produkt\/menu-verner-panton-blumentopf\/#primaryimage"},"thumbnailUrl":"https:\/\/i0.wp.com\/deenswonen.nl\/wp-content\/uploads\/2021\/11\/A2A58054-5E84-49E0-91BF-B19C811C84BB.jpeg?fit=640%2C480&ssl=1","datePublished":"2021-11-13T10:12:34+00:00","dateModified":"2024-05-13T08:41:06+00:00","description":"Wundersch\u00f6ner Design-Blumentopf mit blau-wei\u00dfem Aufdruck des weltber\u00fchmten Designers Verner Panton f\u00fcr Menu. Weitere Informationen finden Sie hier.","breadcrumb":{"@id":"https:\/\/deenswonen.nl\/de\/produkt\/menu-verner-panton-blumentopf\/#breadcrumb"},"inLanguage":"de","potentialAction":[{"@type":"ReadAction","target":["https:\/\/deenswonen.nl\/de\/produkt\/menu-verner-panton-blumentopf\/"]}]},{"@type":"ImageObject","inLanguage":"de","@id":"https:\/\/deenswonen.nl\/de\/produkt\/menu-verner-panton-blumentopf\/#primaryimage","url":"https:\/\/i0.wp.com\/deenswonen.nl\/wp-content\/uploads\/2021\/11\/A2A58054-5E84-49E0-91BF-B19C811C84BB.jpeg?fit=640%2C480&ssl=1","contentUrl":"https:\/\/i0.wp.com\/deenswonen.nl\/wp-content\/uploads\/2021\/11\/A2A58054-5E84-49E0-91BF-B19C811C84BB.jpeg?fit=640%2C480&ssl=1","width":640,"height":480,"caption":"Bild des Men\u00fc-Blumentopfs von Verner Panton, der in dieser Anzeige zu sehen ist."},{"@type":"BreadcrumbList","@id":"https:\/\/deenswonen.nl\/de\/produkt\/menu-verner-panton-blumentopf\/#breadcrumb","itemListElement":[{"@type":"ListItem","position":1,"name":"Home","item":"https:\/\/deenswonen.nl\/de\/daenisch-leben\/"},{"@type":"ListItem","position":2,"name":"Winkel","item":"https:\/\/deenswonen.nl\/winkel\/"},{"@type":"ListItem","position":3,"name":"Menu Verner Panton Blumentopf"}]},{"@type":"WebSite","@id":"https:\/\/deenswonen.nl\/de\/#website","url":"https:\/\/deenswonen.nl\/de\/","name":"Deens wonen","description":"Vintage skandinavische Wohnaccessoires","publisher":{"@id":"https:\/\/deenswonen.nl\/de\/#organization"},"potentialAction":[{"@type":"SearchAction","target":{"@type":"EntryPoint","urlTemplate":"https:\/\/deenswonen.nl\/de\/?s={search_term_string}"},"query-input":{"@type":"PropertyValueSpecification","valueRequired":true,"valueName":"search_term_string"}}],"inLanguage":"de"},{"@type":"Organization","@id":"https:\/\/deenswonen.nl\/de\/#organization","name":"D\u00e4nisch leben","url":"https:\/\/deenswonen.nl\/de\/","logo":{"@type":"ImageObject","inLanguage":"de","@id":"https:\/\/deenswonen.nl\/de\/#\/schema\/logo\/image\/","url":"https:\/\/i0.wp.com\/deenswonen.nl\/wp-content\/uploads\/2021\/11\/51ECE736-8380-4D65-ACA6-DE74174F3C35_1_201_a.jpeg?fit=1200%2C675&ssl=1","contentUrl":"https:\/\/i0.wp.com\/deenswonen.nl\/wp-content\/uploads\/2021\/11\/51ECE736-8380-4D65-ACA6-DE74174F3C35_1_201_a.jpeg?fit=1200%2C675&ssl=1","width":1200,"height":675,"caption":"D\u00e4nisch leben"},"image":{"@id":"https:\/\/deenswonen.nl\/de\/#\/schema\/logo\/image\/"}}]}},"jetpack_sharing_enabled":true,"_links":{"self":[{"href":"https:\/\/deenswonen.nl\/de\/wp-json\/wp\/v2\/product\/3912","targetHints":{"allow":["GET"]}}],"collection":[{"href":"https:\/\/deenswonen.nl\/de\/wp-json\/wp\/v2\/product"}],"about":[{"href":"https:\/\/deenswonen.nl\/de\/wp-json\/wp\/v2\/types\/product"}],"wp:featuredmedia":[{"embeddable":true,"href":"https:\/\/deenswonen.nl\/de\/wp-json\/wp\/v2\/media\/4379"}],"wp:attachment":[{"href":"https:\/\/deenswonen.nl\/de\/wp-json\/wp\/v2\/media?parent=3912"}],"wp:term":[{"taxonomy":"product_brand","embeddable":true,"href":"https:\/\/deenswonen.nl\/de\/wp-json\/wp\/v2\/product_brand?post=3912"},{"taxonomy":"product_cat","embeddable":true,"href":"https:\/\/deenswonen.nl\/de\/wp-json\/wp\/v2\/product_cat?post=3912"},{"taxonomy":"product_tag","embeddable":true,"href":"https:\/\/deenswonen.nl\/de\/wp-json\/wp\/v2\/product_tag?post=3912"}],"curies":[{"name":"wp","href":"https:\/\/api.w.org\/{rel}","templated":true}]}}