{"id":15802,"date":"2022-11-15T11:57:18","date_gmt":"2022-11-15T10:57:18","guid":{"rendered":"https:\/\/deenswonen.nl\/product\/iittala-tris-stimmungslicht-gruen\/"},"modified":"2022-11-15T11:57:18","modified_gmt":"2022-11-15T10:57:18","slug":"iittala-tris-stimmungslicht-gruen","status":"publish","type":"product","link":"https:\/\/deenswonen.nl\/de\/produkt\/iittala-tris-stimmungslicht-gruen\/","title":{"rendered":"Iittala Tris Stimmungslicht Gr\u00fcn"},"content":{"rendered":"<h2 id=\"tw-target-text\" class=\"tw-data-text tw-text-large XcVN5d tw-ta\" dir=\"ltr\" data-placeholder=\"Vertaling\">Iittala Tris Stimmungslicht in der Farbe Gr\u00fcn<\/h2>\n<p id=\"tw-target-text\" class=\"tw-data-text tw-text-large XcVN5d tw-ta\" dir=\"ltr\" data-placeholder=\"Vertaling\">Wundersch\u00f6nes Iittala Tris Stimmungslicht in der Farbe Gr\u00fcn. Die iittala Tris Laternen stammen aus der Glasmanufaktur von Iittala in Finnland. Sie wurden auch in einer breiten Palette von Farben ver\u00f6ffentlicht. Iittala produziert jedes Tris nach einem eigenen Glasrezept, das f\u00fcr diese Farbe entwickelt wurde. Dadurch erh\u00e4lt das dicke Glas einen sanften Glanz. Dies verleiht jedem Interieur eine warme Atmosph\u00e4re. Au\u00dferdem sind die Stimmungslichter auf der Unterseite mit Iittala gekennzeichnet.<\/p>\n<p>  Dieses Tris Stimmungslicht unterstreicht das schlichte und elegante Design dieses Teelichthalters. Kombinieren Sie zum Beispiel mehrere Tris in verschiedenen Farben miteinander. So k\u00f6nnen Sie Ihre eigene skandinavische Umgebung gestalten. Das Iittala Kivi Stimmungslicht f\u00fcgt jedem Interieur ein subtiles Element hinzu. Dadurch schaffen Sie ein weiches Ambiente. Daher ist es ein perfektes Geschenk f\u00fcr Hochzeiten, Jubil\u00e4en oder Geburtstage. Das Stimmungslicht ist f\u00fcr Teelichter geeignet.  <\/p>\n<h2 id=\"tw-target-text\" class=\"tw-data-text tw-text-large XcVN5d tw-ta\" dir=\"ltr\" data-placeholder=\"Vertaling\"><span lang=\"nl\">Technische Daten Iittala Tris Stimmungslicht Gr\u00fcn<\/span><\/h2>\n<p class=\"tw-data-text tw-text-large XcVN5d tw-ta\" dir=\"ltr\" data-placeholder=\"Vertaling\"><span lang=\"nl\">Dieses sch\u00f6ne Windlicht ist in gutem Zustand. Das Windlicht hat keine Besch\u00e4digungen oder Chips. Die H\u00f6he<\/span> <span lang=\"nl\">betr\u00e4gt<\/span> <span lang=\"nl\">72 mm und der Durchmesser betr\u00e4gt 80 mm.<\/span><\/p>\n<h2 dir=\"ltr\" data-placeholder=\"Vertaling\">\u00dcber Iittala<\/h2>\n<p>  Seit 1881 ist Iittala bestrebt, ein sch\u00f6neres und angenehmeres Leben zu inspirieren. Das Unternehmen begann als Glasfabrik im finnischen Dorf Iittala. Seitdem hat es sich zu einer international renommierten Marke entwickelt, die den skandinavischen Lebensstil ma\u00dfgeblich mitgepr\u00e4gt hat. In den Anfangsjahren stellten sie Glaswaren durch Blasen und Pressen her. Dies geschah auf der Grundlage von kontinentalen Modellen, die von Glasbl\u00e4sern in die Fabrik gebracht wurden. Zu Beginn des 20. Jahrhunderts war Iittala eines der ersten Unternehmen, das von dekorativem Geschirr zu Geschirr \u00fcberging, das Funktion und Form mit progressivem skandinavischem Design verband. Iittalas Durchbruch gelang jedoch zu Beginn des Modernismus und Funktionalismus in den 1930er und 1940er Jahren. Das liegt unter anderem an den mittlerweile legend\u00e4ren Kooperationen mit Designpionieren wie Alvar und Aino Aalto, Kaj Franck und Tapio Wirkkala. Diese Designer haben die Designphilosophie von Iittala mitgepr\u00e4gt.  <\/p>\n<blockquote><p><em>Objekte zu machen, die durch ihr progressives, funktionales und gleichzeitig sch\u00f6nes Design zeitlos werden und niemals weggeworfen werden.<\/em><\/p><\/blockquote>\n<p>  Ihr Ausgangspunkt ist, dass gutes Design nicht nur durchdacht und funktional sein sollte, sondern auch f\u00fcr jeden verf\u00fcgbar sein sollte. Dieses Stimmungslicht ist etwa 5 Jahre alt, deshalb bitten wir Sie, sich die Fotos genau anzusehen. So erhalten Sie einen guten Eindruck vom Zustand des Stimmungslichts. Optional haben wir mehrere Farben dieser Stimmungslichter <strong><a href=\"https:\/\/deenswonen.nl\/product-categorie\/merken\/iittala\/\">zur Verf\u00fcgung<\/a><\/strong>. Wir versenden alle unsere Produkte einfach verpackt mit Post NL. Unsere Produkte k\u00f6nnen auch nach Vereinbarung in Berkel en Rodenrijs abgeholt werden.<\/p>\n","protected":false},"excerpt":{"rendered":"<p>Wundersch\u00f6nes Iittala Tris Stimmungslicht in der Farbe Gr\u00fcn. Die iittala Tris Laternen stammen aus der Glasmanufaktur von Iittala in Finnland. Sie wurden auch in einer breiten Palette von Farben ver\u00f6ffentlicht. Iittala produziert jedes Tris nach einem eigenen Glasrezept, das f\u00fcr diese Farbe entwickelt wurde. Dadurch erh\u00e4lt das dicke Glas einen sanften Glanz. Dies verleiht jedem Interieur eine warme Atmosph\u00e4re. Des Weiteren sind die Stimmungslichter auf der Unterseite mit Iittala markiert.  <\/p>\n<p class=\"tw-data-text tw-text-large XcVN5d tw-ta\" dir=\"ltr\" data-placeholder=\"Vertaling\"><span lang=\"nl\">Diese sch\u00f6ne Tris ist in gutem Zustand. Das Windlicht hat keine Besch\u00e4digungen oder Chips.<\/span><\/p>\n<p>  Dieses Stimmungslicht ist ca. 5 Jahre alt, daher bitten wir Sie, sich die Fotos genau anzusehen. So erhalten Sie einen guten Eindruck vom Zustand des Stimmungslichts. Bei Bedarf stehen uns mehrere Iittala Tris <strong><a href=\"https:\/\/deenswonen.nl\/product-categorie\/merken\/iittala\/\">zur Verf\u00fcgung<\/a><\/strong>.  &nbsp;<\/p>\n","protected":false},"featured_media":8202,"template":"","meta":[],"product_brand":[],"product_cat":[164,100,168,156],"product_tag":[120],"class_list":{"0":"post-15802","1":"product","2":"type-product","3":"status-publish","4":"has-post-thumbnail","6":"product_cat-bestseller","7":"product_cat-iittala-de","8":"product_cat-kerzenleuchter","9":"product_cat-neu-eingetroffen","10":"product_tag-grun","11":"thunk-woo-product-list","12":"opn-qv-enable","13":"top-store-woo-hover-swap","14":"top-store-single-product-tab-horizontal","15":"top-store-shadow-","16":"top-store-shadow-hover-","18":"first","19":"outofstock","20":"taxable","21":"shipping-taxable","22":"purchasable","23":"product-type-simple"},"yoast_head":"<!-- This site is optimized with the Yoast SEO plugin v27.6 - https:\/\/yoast.com\/product\/yoast-seo-wordpress\/ -->\n<title>Iittala Tris Stimmungslicht Gr\u00fcn - D\u00e4nisch leben<\/title>\n<meta name=\"description\" content=\"Wundersch\u00f6nes Iittala Tris Stimmungslicht in der Farbe Gr\u00fcn. Unsere Produkte sind ab Lager lieferbar. \u221aBequem online bestellen \u221aSchneller Versand\" \/>\n<meta name=\"robots\" content=\"index, follow, max-snippet:-1, max-image-preview:large, max-video-preview:-1\" \/>\n<link rel=\"canonical\" href=\"https:\/\/deenswonen.nl\/de\/produkt\/iittala-tris-stimmungslicht-gruen\/\" \/>\n<meta property=\"og:locale\" content=\"de_DE\" \/>\n<meta property=\"og:type\" content=\"article\" \/>\n<meta property=\"og:title\" content=\"Iittala Tris Stimmungslicht Gr\u00fcn - D\u00e4nisch leben\" \/>\n<meta property=\"og:description\" content=\"Wundersch\u00f6nes Iittala Tris Stimmungslicht in der Farbe Gr\u00fcn. Unsere Produkte sind ab Lager lieferbar. \u221aBequem online bestellen \u221aSchneller Versand\" \/>\n<meta property=\"og:url\" content=\"https:\/\/deenswonen.nl\/de\/produkt\/iittala-tris-stimmungslicht-gruen\/\" \/>\n<meta property=\"og:site_name\" content=\"D\u00e4nisch leben\" \/>\n<meta property=\"og:image\" content=\"https:\/\/i0.wp.com\/deenswonen.nl\/wp-content\/uploads\/2022\/11\/D50CE111-F26B-4078-ACD6-65AAFC7FCCB2.jpeg?fit=480%2C640&ssl=1\" \/>\n\t<meta property=\"og:image:width\" content=\"480\" \/>\n\t<meta property=\"og:image:height\" content=\"640\" \/>\n\t<meta property=\"og:image:type\" content=\"image\/jpeg\" \/>\n<meta name=\"twitter:card\" content=\"summary_large_image\" \/>\n<meta name=\"twitter:label1\" content=\"Gesch\u00e4tzte Lesezeit\" \/>\n\t<meta name=\"twitter:data1\" content=\"2\u00a0Minuten\" \/>\n<script type=\"application\/ld+json\" class=\"yoast-schema-graph\">{\"@context\":\"https:\\\/\\\/schema.org\",\"@graph\":[{\"@type\":\"WebPage\",\"@id\":\"https:\\\/\\\/deenswonen.nl\\\/de\\\/produkt\\\/iittala-tris-stimmungslicht-gruen\\\/\",\"url\":\"https:\\\/\\\/deenswonen.nl\\\/de\\\/produkt\\\/iittala-tris-stimmungslicht-gruen\\\/\",\"name\":\"Iittala Tris Stimmungslicht Gr\u00fcn - D\u00e4nisch leben\",\"isPartOf\":{\"@id\":\"https:\\\/\\\/deenswonen.nl\\\/de\\\/#website\"},\"primaryImageOfPage\":{\"@id\":\"https:\\\/\\\/deenswonen.nl\\\/de\\\/produkt\\\/iittala-tris-stimmungslicht-gruen\\\/#primaryimage\"},\"image\":{\"@id\":\"https:\\\/\\\/deenswonen.nl\\\/de\\\/produkt\\\/iittala-tris-stimmungslicht-gruen\\\/#primaryimage\"},\"thumbnailUrl\":\"https:\\\/\\\/i0.wp.com\\\/deenswonen.nl\\\/wp-content\\\/uploads\\\/2022\\\/11\\\/D50CE111-F26B-4078-ACD6-65AAFC7FCCB2.jpeg?fit=480%2C640&ssl=1\",\"datePublished\":\"2022-11-15T10:57:18+00:00\",\"description\":\"Wundersch\u00f6nes Iittala Tris Stimmungslicht in der Farbe Gr\u00fcn. Unsere Produkte sind ab Lager lieferbar. \u221aBequem online bestellen \u221aSchneller Versand\",\"breadcrumb\":{\"@id\":\"https:\\\/\\\/deenswonen.nl\\\/de\\\/produkt\\\/iittala-tris-stimmungslicht-gruen\\\/#breadcrumb\"},\"inLanguage\":\"de\",\"potentialAction\":[{\"@type\":\"ReadAction\",\"target\":[\"https:\\\/\\\/deenswonen.nl\\\/de\\\/produkt\\\/iittala-tris-stimmungslicht-gruen\\\/\"]}]},{\"@type\":\"ImageObject\",\"inLanguage\":\"de\",\"@id\":\"https:\\\/\\\/deenswonen.nl\\\/de\\\/produkt\\\/iittala-tris-stimmungslicht-gruen\\\/#primaryimage\",\"url\":\"https:\\\/\\\/i0.wp.com\\\/deenswonen.nl\\\/wp-content\\\/uploads\\\/2022\\\/11\\\/D50CE111-F26B-4078-ACD6-65AAFC7FCCB2.jpeg?fit=480%2C640&ssl=1\",\"contentUrl\":\"https:\\\/\\\/i0.wp.com\\\/deenswonen.nl\\\/wp-content\\\/uploads\\\/2022\\\/11\\\/D50CE111-F26B-4078-ACD6-65AAFC7FCCB2.jpeg?fit=480%2C640&ssl=1\",\"width\":480,\"height\":640,\"caption\":\"Abbildung des in dieser Anzeige angebotenen Iittala Tris Stimmungslichts in der Farbe Gr\u00fcn.\"},{\"@type\":\"BreadcrumbList\",\"@id\":\"https:\\\/\\\/deenswonen.nl\\\/de\\\/produkt\\\/iittala-tris-stimmungslicht-gruen\\\/#breadcrumb\",\"itemListElement\":[{\"@type\":\"ListItem\",\"position\":1,\"name\":\"Home\",\"item\":\"https:\\\/\\\/deenswonen.nl\\\/de\\\/daenisch-leben\\\/\"},{\"@type\":\"ListItem\",\"position\":2,\"name\":\"Winkel\",\"item\":\"https:\\\/\\\/deenswonen.nl\\\/winkel\\\/\"},{\"@type\":\"ListItem\",\"position\":3,\"name\":\"Iittala Tris Stimmungslicht Gr\u00fcn\"}]},{\"@type\":\"WebSite\",\"@id\":\"https:\\\/\\\/deenswonen.nl\\\/de\\\/#website\",\"url\":\"https:\\\/\\\/deenswonen.nl\\\/de\\\/\",\"name\":\"Deens wonen\",\"description\":\"Vintage skandinavische Wohnaccessoires\",\"publisher\":{\"@id\":\"https:\\\/\\\/deenswonen.nl\\\/de\\\/#organization\"},\"potentialAction\":[{\"@type\":\"SearchAction\",\"target\":{\"@type\":\"EntryPoint\",\"urlTemplate\":\"https:\\\/\\\/deenswonen.nl\\\/de\\\/?s={search_term_string}\"},\"query-input\":{\"@type\":\"PropertyValueSpecification\",\"valueRequired\":true,\"valueName\":\"search_term_string\"}}],\"inLanguage\":\"de\"},{\"@type\":\"Organization\",\"@id\":\"https:\\\/\\\/deenswonen.nl\\\/de\\\/#organization\",\"name\":\"D\u00e4nisch leben\",\"url\":\"https:\\\/\\\/deenswonen.nl\\\/de\\\/\",\"logo\":{\"@type\":\"ImageObject\",\"inLanguage\":\"de\",\"@id\":\"https:\\\/\\\/deenswonen.nl\\\/de\\\/#\\\/schema\\\/logo\\\/image\\\/\",\"url\":\"https:\\\/\\\/i0.wp.com\\\/deenswonen.nl\\\/wp-content\\\/uploads\\\/2021\\\/11\\\/51ECE736-8380-4D65-ACA6-DE74174F3C35_1_201_a.jpeg?fit=1200%2C675&ssl=1\",\"contentUrl\":\"https:\\\/\\\/i0.wp.com\\\/deenswonen.nl\\\/wp-content\\\/uploads\\\/2021\\\/11\\\/51ECE736-8380-4D65-ACA6-DE74174F3C35_1_201_a.jpeg?fit=1200%2C675&ssl=1\",\"width\":1200,\"height\":675,\"caption\":\"D\u00e4nisch leben\"},\"image\":{\"@id\":\"https:\\\/\\\/deenswonen.nl\\\/de\\\/#\\\/schema\\\/logo\\\/image\\\/\"}}]}<\/script>\n<!-- \/ Yoast SEO plugin. -->","yoast_head_json":{"title":"Iittala Tris Stimmungslicht Gr\u00fcn - D\u00e4nisch leben","description":"Wundersch\u00f6nes Iittala Tris Stimmungslicht in der Farbe Gr\u00fcn. Unsere Produkte sind ab Lager lieferbar. \u221aBequem online bestellen \u221aSchneller Versand","robots":{"index":"index","follow":"follow","max-snippet":"max-snippet:-1","max-image-preview":"max-image-preview:large","max-video-preview":"max-video-preview:-1"},"canonical":"https:\/\/deenswonen.nl\/de\/produkt\/iittala-tris-stimmungslicht-gruen\/","og_locale":"de_DE","og_type":"article","og_title":"Iittala Tris Stimmungslicht Gr\u00fcn - D\u00e4nisch leben","og_description":"Wundersch\u00f6nes Iittala Tris Stimmungslicht in der Farbe Gr\u00fcn. Unsere Produkte sind ab Lager lieferbar. \u221aBequem online bestellen \u221aSchneller Versand","og_url":"https:\/\/deenswonen.nl\/de\/produkt\/iittala-tris-stimmungslicht-gruen\/","og_site_name":"D\u00e4nisch leben","og_image":[{"width":480,"height":640,"url":"https:\/\/i0.wp.com\/deenswonen.nl\/wp-content\/uploads\/2022\/11\/D50CE111-F26B-4078-ACD6-65AAFC7FCCB2.jpeg?fit=480%2C640&ssl=1","type":"image\/jpeg"}],"twitter_card":"summary_large_image","twitter_misc":{"Gesch\u00e4tzte Lesezeit":"2\u00a0Minuten"},"schema":{"@context":"https:\/\/schema.org","@graph":[{"@type":"WebPage","@id":"https:\/\/deenswonen.nl\/de\/produkt\/iittala-tris-stimmungslicht-gruen\/","url":"https:\/\/deenswonen.nl\/de\/produkt\/iittala-tris-stimmungslicht-gruen\/","name":"Iittala Tris Stimmungslicht Gr\u00fcn - D\u00e4nisch leben","isPartOf":{"@id":"https:\/\/deenswonen.nl\/de\/#website"},"primaryImageOfPage":{"@id":"https:\/\/deenswonen.nl\/de\/produkt\/iittala-tris-stimmungslicht-gruen\/#primaryimage"},"image":{"@id":"https:\/\/deenswonen.nl\/de\/produkt\/iittala-tris-stimmungslicht-gruen\/#primaryimage"},"thumbnailUrl":"https:\/\/i0.wp.com\/deenswonen.nl\/wp-content\/uploads\/2022\/11\/D50CE111-F26B-4078-ACD6-65AAFC7FCCB2.jpeg?fit=480%2C640&ssl=1","datePublished":"2022-11-15T10:57:18+00:00","description":"Wundersch\u00f6nes Iittala Tris Stimmungslicht in der Farbe Gr\u00fcn. Unsere Produkte sind ab Lager lieferbar. \u221aBequem online bestellen \u221aSchneller Versand","breadcrumb":{"@id":"https:\/\/deenswonen.nl\/de\/produkt\/iittala-tris-stimmungslicht-gruen\/#breadcrumb"},"inLanguage":"de","potentialAction":[{"@type":"ReadAction","target":["https:\/\/deenswonen.nl\/de\/produkt\/iittala-tris-stimmungslicht-gruen\/"]}]},{"@type":"ImageObject","inLanguage":"de","@id":"https:\/\/deenswonen.nl\/de\/produkt\/iittala-tris-stimmungslicht-gruen\/#primaryimage","url":"https:\/\/i0.wp.com\/deenswonen.nl\/wp-content\/uploads\/2022\/11\/D50CE111-F26B-4078-ACD6-65AAFC7FCCB2.jpeg?fit=480%2C640&ssl=1","contentUrl":"https:\/\/i0.wp.com\/deenswonen.nl\/wp-content\/uploads\/2022\/11\/D50CE111-F26B-4078-ACD6-65AAFC7FCCB2.jpeg?fit=480%2C640&ssl=1","width":480,"height":640,"caption":"Abbildung des in dieser Anzeige angebotenen Iittala Tris Stimmungslichts in der Farbe Gr\u00fcn."},{"@type":"BreadcrumbList","@id":"https:\/\/deenswonen.nl\/de\/produkt\/iittala-tris-stimmungslicht-gruen\/#breadcrumb","itemListElement":[{"@type":"ListItem","position":1,"name":"Home","item":"https:\/\/deenswonen.nl\/de\/daenisch-leben\/"},{"@type":"ListItem","position":2,"name":"Winkel","item":"https:\/\/deenswonen.nl\/winkel\/"},{"@type":"ListItem","position":3,"name":"Iittala Tris Stimmungslicht Gr\u00fcn"}]},{"@type":"WebSite","@id":"https:\/\/deenswonen.nl\/de\/#website","url":"https:\/\/deenswonen.nl\/de\/","name":"Deens wonen","description":"Vintage skandinavische Wohnaccessoires","publisher":{"@id":"https:\/\/deenswonen.nl\/de\/#organization"},"potentialAction":[{"@type":"SearchAction","target":{"@type":"EntryPoint","urlTemplate":"https:\/\/deenswonen.nl\/de\/?s={search_term_string}"},"query-input":{"@type":"PropertyValueSpecification","valueRequired":true,"valueName":"search_term_string"}}],"inLanguage":"de"},{"@type":"Organization","@id":"https:\/\/deenswonen.nl\/de\/#organization","name":"D\u00e4nisch leben","url":"https:\/\/deenswonen.nl\/de\/","logo":{"@type":"ImageObject","inLanguage":"de","@id":"https:\/\/deenswonen.nl\/de\/#\/schema\/logo\/image\/","url":"https:\/\/i0.wp.com\/deenswonen.nl\/wp-content\/uploads\/2021\/11\/51ECE736-8380-4D65-ACA6-DE74174F3C35_1_201_a.jpeg?fit=1200%2C675&ssl=1","contentUrl":"https:\/\/i0.wp.com\/deenswonen.nl\/wp-content\/uploads\/2021\/11\/51ECE736-8380-4D65-ACA6-DE74174F3C35_1_201_a.jpeg?fit=1200%2C675&ssl=1","width":1200,"height":675,"caption":"D\u00e4nisch leben"},"image":{"@id":"https:\/\/deenswonen.nl\/de\/#\/schema\/logo\/image\/"}}]}},"jetpack_sharing_enabled":true,"_links":{"self":[{"href":"https:\/\/deenswonen.nl\/de\/wp-json\/wp\/v2\/product\/15802","targetHints":{"allow":["GET"]}}],"collection":[{"href":"https:\/\/deenswonen.nl\/de\/wp-json\/wp\/v2\/product"}],"about":[{"href":"https:\/\/deenswonen.nl\/de\/wp-json\/wp\/v2\/types\/product"}],"wp:featuredmedia":[{"embeddable":true,"href":"https:\/\/deenswonen.nl\/de\/wp-json\/wp\/v2\/media\/8202"}],"wp:attachment":[{"href":"https:\/\/deenswonen.nl\/de\/wp-json\/wp\/v2\/media?parent=15802"}],"wp:term":[{"taxonomy":"product_brand","embeddable":true,"href":"https:\/\/deenswonen.nl\/de\/wp-json\/wp\/v2\/product_brand?post=15802"},{"taxonomy":"product_cat","embeddable":true,"href":"https:\/\/deenswonen.nl\/de\/wp-json\/wp\/v2\/product_cat?post=15802"},{"taxonomy":"product_tag","embeddable":true,"href":"https:\/\/deenswonen.nl\/de\/wp-json\/wp\/v2\/product_tag?post=15802"}],"curies":[{"name":"wp","href":"https:\/\/api.w.org\/{rel}","templated":true}]}}