{"id":15617,"date":"2024-07-13T11:43:06","date_gmt":"2024-07-13T09:43:06","guid":{"rendered":"https:\/\/deenswonen.nl\/?post_type=product&#038;p=15617"},"modified":"2024-07-25T20:44:46","modified_gmt":"2024-07-25T18:44:46","slug":"georg-jensen-thermometer-schwarz-o-10-cm-henning-koppel-kopie","status":"publish","type":"product","link":"https:\/\/deenswonen.nl\/de\/produkt\/georg-jensen-thermometer-schwarz-o-10-cm-henning-koppel-kopie\/","title":{"rendered":"Georg Jensen Uhr Schwarz \u00d8 10 cm Henning Paar"},"content":{"rendered":"<h3>Georg Jensen Uhr Schwarz \u00d8 10 cm Henning Paar<\/h3>\n<p>Wundersch\u00f6ne Georg Jensen Uhr Schwarz \u00d8 10 cm, entworfen von Henning Koppel. Obwohl diese Uhr 1980 entworfen wurde, bleibt das Design modern und zeitlos. Neben dieser Uhr umfasst die Serie der Wetterstationen von Henning Koppel auch ein Thermometer, ein Hygrometer und ein Barometer.<\/p>\n<p>Henning Koppel begann 1978 mit dem Design von Uhren. Er stand an der Spitze einer Designerbewegung, die Funktionalit\u00e4t und hochwertiges Design verband. Diese Uhr kombiniert die Pr\u00e4zision der Uhr mit einem eleganten und modernen Aussehen. Diese Uhr wird niemals Ihr Interieur dominieren. Sie verleiht ihm einen modernen und zeitlosen Look.<\/p>\n<div class=\"slot slot--description slot--seperated js_slot-description\" data-bltgg=\"ll0x7OjOv4La8KxJKKBMcQ.2_5\">\n<div data-test=\"product-description\" data-bltgi=\"ll0x7OjOv4La8KxJKKBMcQ.2_5.6\">\n<h3 class=\"product-description\" data-test=\"description\">Spezifikationen Georg Jensen Uhr Schwarz<\/h3>\n<\/div>\n<\/div>\n<p><span lang=\"nl\">Diese sch\u00f6ne Uhr von Georg Jensen ist ca. 5 Jahre alt und in gutem Zustand. <\/span><\/p>\n<p><span lang=\"nl\">Die <\/span><span lang=\"nl\">Messungen sind:<\/span><\/p>\n<p>Durchmesser: 10 cm<br \/>\nTiefe 4 cm<\/p>\n<h3 dir=\"ltr\" data-placeholder=\"Vertaling\">Geschichte Georg Jensen<\/h3>\n<p id=\"tw-target-text\" class=\"tw-data-text tw-text-large XcVN5d tw-ta\" dir=\"ltr\" data-placeholder=\"Vertaling\"><span class=\"Y2IQFc\" lang=\"nl\">Mit einer \u00fcber 100-j\u00e4hrigen Geschichte steht die Marke Georg Jensen f\u00fcr hochwertige Handwerkskunst und zeitloses \u00e4sthetisches Design und produziert Lifestyle-Produkte, die von Tischgeschirr \u00fcber Uhren bis hin zu Schmuck und Haushaltsartikeln reichen. <\/span><\/p>\n<p class=\"tw-data-text tw-text-large XcVN5d tw-ta\" dir=\"ltr\" data-placeholder=\"Vertaling\"><span class=\"Y2IQFc\" lang=\"nl\">Georg Jensens eigene Philosophie war es, demokratische Designs zu schaffen, die sowohl Funktionalit\u00e4t als auch Sch\u00f6nheit besitzen. Seine handwerklichen F\u00e4higkeiten und sein k\u00fcnstlerisches Talent, kombiniert mit seiner fortw\u00e4hrenden F\u00e4higkeit, Designtalente zu erkennen und zu unterst\u00fctzen, bildeten die Grundlage, auf der er 1904 Georg Jensen in Kopenhagen aufbaute. Georg Jensens Stil griff die Linien des Jugendstils der damaligen Zeit auf, verlieh ihnen jedoch eine unverwechselbare Kraft, die noch heute nachhallt. <\/span><\/p>\n<p>Diese Uhr ist ca. 5 Jahre alt, deshalb bitten wir Sie, sich die Fotos genau anzusehen. So erhalten Sie einen guten Eindruck \u00fcber den Zustand der Wetterstation. M\u00f6glicherweise haben wir mehrere Modelle <strong><a href=\"https:\/\/deenswonen.nl\/product-categorie\/merken\/georg-jensen\/\">verf\u00fcgbar.<\/a><\/strong><\/p>\n<p>Wir versenden alle unsere Produkte sorgf\u00e4ltig verpackt. Unsere Produkte k\u00f6nnen auch nach Vereinbarung in Berkel en Rodenrijs abgeholt werden.<\/p>\n","protected":false},"excerpt":{"rendered":"<p>Suchen Sie eine stilvolle Uhr? W\u00e4hlen Sie diese schwarze Georg Jensen Uhr von Henning Koppel.<\/p>\n<ul>\n<li><strong>Farbe: schwarz<\/strong><\/li>\n<li><strong>Weltweiter Versand<\/strong><\/li>\n<li><strong>14 Tage Bedenkzeit<\/strong><\/li>\n<\/ul>\n","protected":false},"featured_media":16544,"template":"","meta":[],"product_brand":[],"product_cat":[164,98,156,177],"product_tag":[127],"class_list":{"0":"post-15617","1":"product","2":"type-product","3":"status-publish","4":"has-post-thumbnail","6":"product_cat-bestseller","7":"product_cat-georg-jensen-de","8":"product_cat-neu-eingetroffen","9":"product_cat-thermometer-wetterstationen","10":"product_tag-schwarz","11":"thunk-woo-product-list","12":"opn-qv-enable","13":"top-store-woo-hover-swap","14":"top-store-single-product-tab-horizontal","15":"top-store-shadow-","16":"top-store-shadow-hover-","17":"top-store-swap-item-hover","19":"first","20":"instock","21":"taxable","22":"shipping-taxable","23":"purchasable","24":"product-type-simple"},"yoast_head":"<!-- This site is optimized with the Yoast SEO plugin v27.3 - https:\/\/yoast.com\/product\/yoast-seo-wordpress\/ -->\n<title>Georg Jensen Uhr Schwarz \u00d8 10 cm Henning Paar<\/title>\n<meta name=\"description\" content=\"Wundersch\u00f6ne Georg Jensen Uhr Schwarz \u00d8 10 cm, entworfen von Henning Koppel. Sehen Sie sich hier unsere Kollektion d\u00e4nischen Vintage-Designs an.\" \/>\n<meta name=\"robots\" content=\"index, follow, max-snippet:-1, max-image-preview:large, max-video-preview:-1\" \/>\n<link rel=\"canonical\" href=\"https:\/\/deenswonen.nl\/de\/produkt\/georg-jensen-thermometer-schwarz-o-10-cm-henning-koppel-kopie\/\" \/>\n<meta property=\"og:locale\" content=\"de_DE\" \/>\n<meta property=\"og:type\" content=\"article\" \/>\n<meta property=\"og:title\" content=\"Georg Jensen Uhr Schwarz \u00d8 10 cm Henning Paar\" \/>\n<meta property=\"og:description\" content=\"Wundersch\u00f6ne Georg Jensen Uhr Schwarz \u00d8 10 cm, entworfen von Henning Koppel. Sehen Sie sich hier unsere Kollektion d\u00e4nischen Vintage-Designs an.\" \/>\n<meta property=\"og:url\" content=\"https:\/\/deenswonen.nl\/de\/produkt\/georg-jensen-thermometer-schwarz-o-10-cm-henning-koppel-kopie\/\" \/>\n<meta property=\"og:site_name\" content=\"D\u00e4nisch leben\" \/>\n<meta property=\"article:modified_time\" content=\"2024-07-25T18:44:46+00:00\" \/>\n<meta property=\"og:image\" content=\"https:\/\/i0.wp.com\/deenswonen.nl\/wp-content\/uploads\/2024\/07\/IMG_9766-kopie-scaled.jpg?fit=1920%2C2560&ssl=1\" \/>\n\t<meta property=\"og:image:width\" content=\"1920\" \/>\n\t<meta property=\"og:image:height\" content=\"2560\" \/>\n\t<meta property=\"og:image:type\" content=\"image\/jpeg\" \/>\n<meta name=\"twitter:card\" content=\"summary_large_image\" \/>\n<meta name=\"twitter:label1\" content=\"Gesch\u00e4tzte Lesezeit\" \/>\n\t<meta name=\"twitter:data1\" content=\"1\u00a0Minute\" \/>\n<script type=\"application\/ld+json\" class=\"yoast-schema-graph\">{\"@context\":\"https:\\\/\\\/schema.org\",\"@graph\":[{\"@type\":\"WebPage\",\"@id\":\"https:\\\/\\\/deenswonen.nl\\\/de\\\/produkt\\\/georg-jensen-thermometer-schwarz-o-10-cm-henning-koppel-kopie\\\/\",\"url\":\"https:\\\/\\\/deenswonen.nl\\\/de\\\/produkt\\\/georg-jensen-thermometer-schwarz-o-10-cm-henning-koppel-kopie\\\/\",\"name\":\"Georg Jensen Uhr Schwarz \u00d8 10 cm Henning Paar\",\"isPartOf\":{\"@id\":\"https:\\\/\\\/deenswonen.nl\\\/de\\\/#website\"},\"primaryImageOfPage\":{\"@id\":\"https:\\\/\\\/deenswonen.nl\\\/de\\\/produkt\\\/georg-jensen-thermometer-schwarz-o-10-cm-henning-koppel-kopie\\\/#primaryimage\"},\"image\":{\"@id\":\"https:\\\/\\\/deenswonen.nl\\\/de\\\/produkt\\\/georg-jensen-thermometer-schwarz-o-10-cm-henning-koppel-kopie\\\/#primaryimage\"},\"thumbnailUrl\":\"https:\\\/\\\/i0.wp.com\\\/deenswonen.nl\\\/wp-content\\\/uploads\\\/2024\\\/07\\\/IMG_9766-kopie-scaled.jpg?fit=1920%2C2560&ssl=1\",\"datePublished\":\"2024-07-13T09:43:06+00:00\",\"dateModified\":\"2024-07-25T18:44:46+00:00\",\"description\":\"Wundersch\u00f6ne Georg Jensen Uhr Schwarz \u00d8 10 cm, entworfen von Henning Koppel. Sehen Sie sich hier unsere Kollektion d\u00e4nischen Vintage-Designs an.\",\"breadcrumb\":{\"@id\":\"https:\\\/\\\/deenswonen.nl\\\/de\\\/produkt\\\/georg-jensen-thermometer-schwarz-o-10-cm-henning-koppel-kopie\\\/#breadcrumb\"},\"inLanguage\":\"de\",\"potentialAction\":[{\"@type\":\"ReadAction\",\"target\":[\"https:\\\/\\\/deenswonen.nl\\\/de\\\/produkt\\\/georg-jensen-thermometer-schwarz-o-10-cm-henning-koppel-kopie\\\/\"]}]},{\"@type\":\"ImageObject\",\"inLanguage\":\"de\",\"@id\":\"https:\\\/\\\/deenswonen.nl\\\/de\\\/produkt\\\/georg-jensen-thermometer-schwarz-o-10-cm-henning-koppel-kopie\\\/#primaryimage\",\"url\":\"https:\\\/\\\/i0.wp.com\\\/deenswonen.nl\\\/wp-content\\\/uploads\\\/2024\\\/07\\\/IMG_9766-kopie-scaled.jpg?fit=1920%2C2560&ssl=1\",\"contentUrl\":\"https:\\\/\\\/i0.wp.com\\\/deenswonen.nl\\\/wp-content\\\/uploads\\\/2024\\\/07\\\/IMG_9766-kopie-scaled.jpg?fit=1920%2C2560&ssl=1\",\"width\":1920,\"height\":2560,\"caption\":\"Georg Jensen Klok Zwart \u00d8 10 cm Henning Koppel\"},{\"@type\":\"BreadcrumbList\",\"@id\":\"https:\\\/\\\/deenswonen.nl\\\/de\\\/produkt\\\/georg-jensen-thermometer-schwarz-o-10-cm-henning-koppel-kopie\\\/#breadcrumb\",\"itemListElement\":[{\"@type\":\"ListItem\",\"position\":1,\"name\":\"Home\",\"item\":\"https:\\\/\\\/deenswonen.nl\\\/de\\\/daenisch-leben\\\/\"},{\"@type\":\"ListItem\",\"position\":2,\"name\":\"Winkel\",\"item\":\"https:\\\/\\\/deenswonen.nl\\\/winkel\\\/\"},{\"@type\":\"ListItem\",\"position\":3,\"name\":\"Georg Jensen Uhr Schwarz \u00d8 10 cm Henning Paar\"}]},{\"@type\":\"WebSite\",\"@id\":\"https:\\\/\\\/deenswonen.nl\\\/de\\\/#website\",\"url\":\"https:\\\/\\\/deenswonen.nl\\\/de\\\/\",\"name\":\"Deens wonen\",\"description\":\"Vintage skandinavische Wohnaccessoires\",\"publisher\":{\"@id\":\"https:\\\/\\\/deenswonen.nl\\\/de\\\/#organization\"},\"potentialAction\":[{\"@type\":\"SearchAction\",\"target\":{\"@type\":\"EntryPoint\",\"urlTemplate\":\"https:\\\/\\\/deenswonen.nl\\\/de\\\/?s={search_term_string}\"},\"query-input\":{\"@type\":\"PropertyValueSpecification\",\"valueRequired\":true,\"valueName\":\"search_term_string\"}}],\"inLanguage\":\"de\"},{\"@type\":\"Organization\",\"@id\":\"https:\\\/\\\/deenswonen.nl\\\/de\\\/#organization\",\"name\":\"D\u00e4nisch leben\",\"url\":\"https:\\\/\\\/deenswonen.nl\\\/de\\\/\",\"logo\":{\"@type\":\"ImageObject\",\"inLanguage\":\"de\",\"@id\":\"https:\\\/\\\/deenswonen.nl\\\/de\\\/#\\\/schema\\\/logo\\\/image\\\/\",\"url\":\"https:\\\/\\\/i0.wp.com\\\/deenswonen.nl\\\/wp-content\\\/uploads\\\/2021\\\/11\\\/51ECE736-8380-4D65-ACA6-DE74174F3C35_1_201_a.jpeg?fit=1200%2C675&ssl=1\",\"contentUrl\":\"https:\\\/\\\/i0.wp.com\\\/deenswonen.nl\\\/wp-content\\\/uploads\\\/2021\\\/11\\\/51ECE736-8380-4D65-ACA6-DE74174F3C35_1_201_a.jpeg?fit=1200%2C675&ssl=1\",\"width\":1200,\"height\":675,\"caption\":\"D\u00e4nisch leben\"},\"image\":{\"@id\":\"https:\\\/\\\/deenswonen.nl\\\/de\\\/#\\\/schema\\\/logo\\\/image\\\/\"}}]}<\/script>\n<!-- \/ Yoast SEO plugin. -->","yoast_head_json":{"title":"Georg Jensen Uhr Schwarz \u00d8 10 cm Henning Paar","description":"Wundersch\u00f6ne Georg Jensen Uhr Schwarz \u00d8 10 cm, entworfen von Henning Koppel. Sehen Sie sich hier unsere Kollektion d\u00e4nischen Vintage-Designs an.","robots":{"index":"index","follow":"follow","max-snippet":"max-snippet:-1","max-image-preview":"max-image-preview:large","max-video-preview":"max-video-preview:-1"},"canonical":"https:\/\/deenswonen.nl\/de\/produkt\/georg-jensen-thermometer-schwarz-o-10-cm-henning-koppel-kopie\/","og_locale":"de_DE","og_type":"article","og_title":"Georg Jensen Uhr Schwarz \u00d8 10 cm Henning Paar","og_description":"Wundersch\u00f6ne Georg Jensen Uhr Schwarz \u00d8 10 cm, entworfen von Henning Koppel. Sehen Sie sich hier unsere Kollektion d\u00e4nischen Vintage-Designs an.","og_url":"https:\/\/deenswonen.nl\/de\/produkt\/georg-jensen-thermometer-schwarz-o-10-cm-henning-koppel-kopie\/","og_site_name":"D\u00e4nisch leben","article_modified_time":"2024-07-25T18:44:46+00:00","og_image":[{"width":1920,"height":2560,"url":"https:\/\/i0.wp.com\/deenswonen.nl\/wp-content\/uploads\/2024\/07\/IMG_9766-kopie-scaled.jpg?fit=1920%2C2560&ssl=1","type":"image\/jpeg"}],"twitter_card":"summary_large_image","twitter_misc":{"Gesch\u00e4tzte Lesezeit":"1\u00a0Minute"},"schema":{"@context":"https:\/\/schema.org","@graph":[{"@type":"WebPage","@id":"https:\/\/deenswonen.nl\/de\/produkt\/georg-jensen-thermometer-schwarz-o-10-cm-henning-koppel-kopie\/","url":"https:\/\/deenswonen.nl\/de\/produkt\/georg-jensen-thermometer-schwarz-o-10-cm-henning-koppel-kopie\/","name":"Georg Jensen Uhr Schwarz \u00d8 10 cm Henning Paar","isPartOf":{"@id":"https:\/\/deenswonen.nl\/de\/#website"},"primaryImageOfPage":{"@id":"https:\/\/deenswonen.nl\/de\/produkt\/georg-jensen-thermometer-schwarz-o-10-cm-henning-koppel-kopie\/#primaryimage"},"image":{"@id":"https:\/\/deenswonen.nl\/de\/produkt\/georg-jensen-thermometer-schwarz-o-10-cm-henning-koppel-kopie\/#primaryimage"},"thumbnailUrl":"https:\/\/i0.wp.com\/deenswonen.nl\/wp-content\/uploads\/2024\/07\/IMG_9766-kopie-scaled.jpg?fit=1920%2C2560&ssl=1","datePublished":"2024-07-13T09:43:06+00:00","dateModified":"2024-07-25T18:44:46+00:00","description":"Wundersch\u00f6ne Georg Jensen Uhr Schwarz \u00d8 10 cm, entworfen von Henning Koppel. Sehen Sie sich hier unsere Kollektion d\u00e4nischen Vintage-Designs an.","breadcrumb":{"@id":"https:\/\/deenswonen.nl\/de\/produkt\/georg-jensen-thermometer-schwarz-o-10-cm-henning-koppel-kopie\/#breadcrumb"},"inLanguage":"de","potentialAction":[{"@type":"ReadAction","target":["https:\/\/deenswonen.nl\/de\/produkt\/georg-jensen-thermometer-schwarz-o-10-cm-henning-koppel-kopie\/"]}]},{"@type":"ImageObject","inLanguage":"de","@id":"https:\/\/deenswonen.nl\/de\/produkt\/georg-jensen-thermometer-schwarz-o-10-cm-henning-koppel-kopie\/#primaryimage","url":"https:\/\/i0.wp.com\/deenswonen.nl\/wp-content\/uploads\/2024\/07\/IMG_9766-kopie-scaled.jpg?fit=1920%2C2560&ssl=1","contentUrl":"https:\/\/i0.wp.com\/deenswonen.nl\/wp-content\/uploads\/2024\/07\/IMG_9766-kopie-scaled.jpg?fit=1920%2C2560&ssl=1","width":1920,"height":2560,"caption":"Georg Jensen Klok Zwart \u00d8 10 cm Henning Koppel"},{"@type":"BreadcrumbList","@id":"https:\/\/deenswonen.nl\/de\/produkt\/georg-jensen-thermometer-schwarz-o-10-cm-henning-koppel-kopie\/#breadcrumb","itemListElement":[{"@type":"ListItem","position":1,"name":"Home","item":"https:\/\/deenswonen.nl\/de\/daenisch-leben\/"},{"@type":"ListItem","position":2,"name":"Winkel","item":"https:\/\/deenswonen.nl\/winkel\/"},{"@type":"ListItem","position":3,"name":"Georg Jensen Uhr Schwarz \u00d8 10 cm Henning Paar"}]},{"@type":"WebSite","@id":"https:\/\/deenswonen.nl\/de\/#website","url":"https:\/\/deenswonen.nl\/de\/","name":"Deens wonen","description":"Vintage skandinavische Wohnaccessoires","publisher":{"@id":"https:\/\/deenswonen.nl\/de\/#organization"},"potentialAction":[{"@type":"SearchAction","target":{"@type":"EntryPoint","urlTemplate":"https:\/\/deenswonen.nl\/de\/?s={search_term_string}"},"query-input":{"@type":"PropertyValueSpecification","valueRequired":true,"valueName":"search_term_string"}}],"inLanguage":"de"},{"@type":"Organization","@id":"https:\/\/deenswonen.nl\/de\/#organization","name":"D\u00e4nisch leben","url":"https:\/\/deenswonen.nl\/de\/","logo":{"@type":"ImageObject","inLanguage":"de","@id":"https:\/\/deenswonen.nl\/de\/#\/schema\/logo\/image\/","url":"https:\/\/i0.wp.com\/deenswonen.nl\/wp-content\/uploads\/2021\/11\/51ECE736-8380-4D65-ACA6-DE74174F3C35_1_201_a.jpeg?fit=1200%2C675&ssl=1","contentUrl":"https:\/\/i0.wp.com\/deenswonen.nl\/wp-content\/uploads\/2021\/11\/51ECE736-8380-4D65-ACA6-DE74174F3C35_1_201_a.jpeg?fit=1200%2C675&ssl=1","width":1200,"height":675,"caption":"D\u00e4nisch leben"},"image":{"@id":"https:\/\/deenswonen.nl\/de\/#\/schema\/logo\/image\/"}}]}},"jetpack_sharing_enabled":true,"_links":{"self":[{"href":"https:\/\/deenswonen.nl\/de\/wp-json\/wp\/v2\/product\/15617","targetHints":{"allow":["GET"]}}],"collection":[{"href":"https:\/\/deenswonen.nl\/de\/wp-json\/wp\/v2\/product"}],"about":[{"href":"https:\/\/deenswonen.nl\/de\/wp-json\/wp\/v2\/types\/product"}],"wp:featuredmedia":[{"embeddable":true,"href":"https:\/\/deenswonen.nl\/de\/wp-json\/wp\/v2\/media\/16544"}],"wp:attachment":[{"href":"https:\/\/deenswonen.nl\/de\/wp-json\/wp\/v2\/media?parent=15617"}],"wp:term":[{"taxonomy":"product_brand","embeddable":true,"href":"https:\/\/deenswonen.nl\/de\/wp-json\/wp\/v2\/product_brand?post=15617"},{"taxonomy":"product_cat","embeddable":true,"href":"https:\/\/deenswonen.nl\/de\/wp-json\/wp\/v2\/product_cat?post=15617"},{"taxonomy":"product_tag","embeddable":true,"href":"https:\/\/deenswonen.nl\/de\/wp-json\/wp\/v2\/product_tag?post=15617"}],"curies":[{"name":"wp","href":"https:\/\/api.w.org\/{rel}","templated":true}]}}