{"id":15451,"date":"2024-07-11T19:41:52","date_gmt":"2024-07-11T17:41:52","guid":{"rendered":"https:\/\/deenswonen.nl\/?post_type=product&#038;p=15451"},"modified":"2024-07-25T17:37:23","modified_gmt":"2024-07-25T15:37:23","slug":"raadvad-brotschneidemaschine-weis","status":"publish","type":"product","link":"https:\/\/deenswonen.nl\/de\/produkt\/raadvad-brotschneidemaschine-weis\/","title":{"rendered":"Raadvad Brotschneidemaschine wei\u00df"},"content":{"rendered":"<p style=\"font-weight: 400;\">Dieser Raadvad Brotschneidemaschine in Wei\u00df verf\u00fcgt \u00fcber eine scharfe Edelstahlklinge und eine Holzschale f\u00fcr Brot. Bestimmen Sie die gew\u00fcnschte Brotdicke und lassen Sie dann die Guillotine ihre Arbeit erledigen. Neben Brot eignet sich der Raadvad ideal zum Schneiden von Gem\u00fcse, Fleisch, K\u00e4se und mehr.<\/p>\n<p style=\"font-weight: 400;\">In D\u00e4nemark sind Raadvad-Brotschneidemaschinen t\u00e4glich im Einsatz. Sie eignen sich auch hervorragend zur Dekoration. Brotschneider sind ein Hingucker f\u00fcr Gastronomie, Fachgesch\u00e4fte und B\u00e4cker. Das Design des Raadvad-Brotschneiders ist ein d\u00e4nischer Klassiker. Halten Sie diesen Brotschneider von Kindern fern, die Klingen sind sehr scharf!<\/p>\n<h3 style=\"font-weight: 400;\">Zustand Raadvad Brotschneidemaschine wei\u00df<\/h3>\n<p style=\"font-weight: 400;\">Dieser wei\u00dfe Raadvad-Brotschneider ist etwa 20 Jahre alt und in gutem Zustand mit geringen Gebrauchsspuren.<\/p>\n<h3 style=\"font-weight: 400;\">Spezifikationen<\/h3>\n<ul>\n<li style=\"font-weight: 400;\">H\u00f6he: 24 cm<\/li>\n<li style=\"font-weight: 400;\">Breite: 35,5 cm<\/li>\n<li style=\"font-weight: 400;\">Farbe: wei\u00df<\/li>\n<li style=\"font-weight: 400;\">Material: Metall, Holz<\/li>\n<li style=\"font-weight: 400;\">Gewicht: 3 kg<\/li>\n<\/ul>\n<h3 style=\"font-weight: 400;\">Unser Bestand an Raadvad Brotschneidemaschinen<\/h3>\n<p style=\"font-weight: 400;\">Unsere Brotschneidemaschinen sind ab Lager lieferbar. Wir versenden Ihre Bestellung in der Regel am selben oder n\u00e4chsten Werktag. Bitte beachten Sie, dass wir in der Regel nur einen Artikel auf Lager haben. Ich bin mir nicht sicher, ob wir in Zukunft noch mehr Raadvads in dieser Farbe bekommen werden, da wir nur Vintage-Raadvads verkaufen. <a href=\"https:\/\/deenswonen.nl\/product-categorie\/merken\/raadvad\/\">Sehen Sie sich hier unsere komplette Kollektion alter Raadvad-Brotschneidemaschinen an.<\/a><\/p>\n<h3 style=\"font-weight: 400;\">Versandoptionen<\/h3>\n<p style=\"font-weight: 400;\">Wir versenden unsere Produkte weltweit. Die Brotschneider werden per Einschreiben verschickt, gut verpackt in dicker Luftpolsterfolie und doppelschichtigen Kartons. Sie erhalten eine E-Mail von Post NL, sobald Ihr Paket versandt wurde. Hier finden Sie die Tracking-Informationen, mit denen Sie das Paket bis zu Ihrer Haust\u00fcr verfolgen k\u00f6nnen. Nach Erhalt der Bestellung haben Sie eine Bedenkzeit von 14 Tagen.<\/p>\n<h3 style=\"font-weight: 400;\">Geschichte Raadvad<\/h3>\n<p style=\"font-weight: 400;\">Die Fabrik Raadvaddam wurde 1759 in der gleichnamigen d\u00e4nischen Stadt gegr\u00fcndet. Laut Fabrikkatalog von 1805 konzentrierte sich die Fabrik nicht auf Luxusg\u00fcter, sondern auf G\u00fcter, die f\u00fcr den Berufst\u00e4tigen n\u00fctzlich waren. Diese Philosophie hat sich nie ge\u00e4ndert. Raadvad hat sich auf Qualit\u00e4tsmesser und Brotmesser spezialisiert. Der Name wurde in Raadvad Knife Factory ge\u00e4ndert. Die Fabrik ist \u00fcber 250 Jahre alt und international f\u00fcr ihre hohe Qualit\u00e4t bekannt. Ove Larsen entwarf 1939 den Raadvad-Brotschneider. Das Design ist heute eine Ikone des d\u00e4nischen Designs!<\/p>\n","protected":false},"excerpt":{"rendered":"<p>Sie suchen eine robuste Brotschneidemaschine? Dan is deze prachtige Raadvad wat u zoekt.<\/p>\n<ul>\n<li><strong>Farbe: wei\u00df<\/strong><\/li>\n<li><strong>Weltweiter Versand<\/strong><\/li>\n<li><strong>14 Tage Bedenkzeit<\/strong><\/li>\n<\/ul>\n","protected":false},"featured_media":15489,"template":"","meta":[],"product_brand":[],"product_cat":[164,166,156,146],"product_tag":[115],"class_list":{"0":"post-15451","1":"product","2":"type-product","3":"status-publish","4":"has-post-thumbnail","6":"product_cat-bestseller","7":"product_cat-brotschneidemaschinen","8":"product_cat-neu-eingetroffen","9":"product_cat-raadvad-de","10":"product_tag-weis","11":"thunk-woo-product-list","12":"opn-qv-enable","13":"top-store-woo-hover-swap","14":"top-store-single-product-tab-horizontal","15":"top-store-shadow-","16":"top-store-shadow-hover-","17":"top-store-swap-item-hover","19":"first","20":"outofstock","21":"taxable","22":"shipping-taxable","23":"purchasable","24":"product-type-simple"},"yoast_head":"<!-- This site is optimized with the Yoast SEO plugin v27.3 - https:\/\/yoast.com\/product\/yoast-seo-wordpress\/ -->\n<title>Raadvad Brotschneidemaschine wei\u00df - D\u00e4nisch leben<\/title>\n<meta name=\"description\" content=\"Sch\u00f6ne Brotschneidemaschine in der Farbe Wei\u00df der d\u00e4nischen Marke Raadvad. Diese Brotschneidemaschinen sind ein echter Hingucker in Ihrer K\u00fcche. Schau hier\" \/>\n<meta name=\"robots\" content=\"index, follow, max-snippet:-1, max-image-preview:large, max-video-preview:-1\" \/>\n<link rel=\"canonical\" href=\"https:\/\/deenswonen.nl\/de\/produkt\/raadvad-brotschneidemaschine-weis\/\" \/>\n<meta property=\"og:locale\" content=\"de_DE\" \/>\n<meta property=\"og:type\" content=\"article\" \/>\n<meta property=\"og:title\" content=\"Raadvad Brotschneidemaschine wei\u00df - D\u00e4nisch leben\" \/>\n<meta property=\"og:description\" content=\"Sch\u00f6ne Brotschneidemaschine in der Farbe Wei\u00df der d\u00e4nischen Marke Raadvad. Diese Brotschneidemaschinen sind ein echter Hingucker in Ihrer K\u00fcche. Schau hier\" \/>\n<meta property=\"og:url\" content=\"https:\/\/deenswonen.nl\/de\/produkt\/raadvad-brotschneidemaschine-weis\/\" \/>\n<meta property=\"og:site_name\" content=\"D\u00e4nisch leben\" \/>\n<meta property=\"article:modified_time\" content=\"2024-07-25T15:37:23+00:00\" \/>\n<meta property=\"og:image\" content=\"https:\/\/i0.wp.com\/deenswonen.nl\/wp-content\/uploads\/2024\/07\/IMG_0445-2-kopieren-scaled.jpg?fit=2560%2C1920&ssl=1\" \/>\n\t<meta property=\"og:image:width\" content=\"2560\" \/>\n\t<meta property=\"og:image:height\" content=\"1920\" \/>\n\t<meta property=\"og:image:type\" content=\"image\/jpeg\" \/>\n<meta name=\"twitter:card\" content=\"summary_large_image\" \/>\n<meta name=\"twitter:label1\" content=\"Gesch\u00e4tzte Lesezeit\" \/>\n\t<meta name=\"twitter:data1\" content=\"2\u00a0Minuten\" \/>\n<script type=\"application\/ld+json\" class=\"yoast-schema-graph\">{\"@context\":\"https:\\\/\\\/schema.org\",\"@graph\":[{\"@type\":\"WebPage\",\"@id\":\"https:\\\/\\\/deenswonen.nl\\\/de\\\/produkt\\\/raadvad-brotschneidemaschine-weis\\\/\",\"url\":\"https:\\\/\\\/deenswonen.nl\\\/de\\\/produkt\\\/raadvad-brotschneidemaschine-weis\\\/\",\"name\":\"Raadvad Brotschneidemaschine wei\u00df - D\u00e4nisch leben\",\"isPartOf\":{\"@id\":\"https:\\\/\\\/deenswonen.nl\\\/de\\\/#website\"},\"primaryImageOfPage\":{\"@id\":\"https:\\\/\\\/deenswonen.nl\\\/de\\\/produkt\\\/raadvad-brotschneidemaschine-weis\\\/#primaryimage\"},\"image\":{\"@id\":\"https:\\\/\\\/deenswonen.nl\\\/de\\\/produkt\\\/raadvad-brotschneidemaschine-weis\\\/#primaryimage\"},\"thumbnailUrl\":\"https:\\\/\\\/i0.wp.com\\\/deenswonen.nl\\\/wp-content\\\/uploads\\\/2024\\\/07\\\/IMG_0445-2-kopieren-scaled.jpg?fit=2560%2C1920&ssl=1\",\"datePublished\":\"2024-07-11T17:41:52+00:00\",\"dateModified\":\"2024-07-25T15:37:23+00:00\",\"description\":\"Sch\u00f6ne Brotschneidemaschine in der Farbe Wei\u00df der d\u00e4nischen Marke Raadvad. Diese Brotschneidemaschinen sind ein echter Hingucker in Ihrer K\u00fcche. Schau hier\",\"breadcrumb\":{\"@id\":\"https:\\\/\\\/deenswonen.nl\\\/de\\\/produkt\\\/raadvad-brotschneidemaschine-weis\\\/#breadcrumb\"},\"inLanguage\":\"de\",\"potentialAction\":[{\"@type\":\"ReadAction\",\"target\":[\"https:\\\/\\\/deenswonen.nl\\\/de\\\/produkt\\\/raadvad-brotschneidemaschine-weis\\\/\"]}]},{\"@type\":\"ImageObject\",\"inLanguage\":\"de\",\"@id\":\"https:\\\/\\\/deenswonen.nl\\\/de\\\/produkt\\\/raadvad-brotschneidemaschine-weis\\\/#primaryimage\",\"url\":\"https:\\\/\\\/i0.wp.com\\\/deenswonen.nl\\\/wp-content\\\/uploads\\\/2024\\\/07\\\/IMG_0445-2-kopieren-scaled.jpg?fit=2560%2C1920&ssl=1\",\"contentUrl\":\"https:\\\/\\\/i0.wp.com\\\/deenswonen.nl\\\/wp-content\\\/uploads\\\/2024\\\/07\\\/IMG_0445-2-kopieren-scaled.jpg?fit=2560%2C1920&ssl=1\",\"width\":2560,\"height\":1920,\"caption\":\"Raadvad Deense broodsnijder wit\"},{\"@type\":\"BreadcrumbList\",\"@id\":\"https:\\\/\\\/deenswonen.nl\\\/de\\\/produkt\\\/raadvad-brotschneidemaschine-weis\\\/#breadcrumb\",\"itemListElement\":[{\"@type\":\"ListItem\",\"position\":1,\"name\":\"Home\",\"item\":\"https:\\\/\\\/deenswonen.nl\\\/de\\\/daenisch-leben\\\/\"},{\"@type\":\"ListItem\",\"position\":2,\"name\":\"Winkel\",\"item\":\"https:\\\/\\\/deenswonen.nl\\\/winkel\\\/\"},{\"@type\":\"ListItem\",\"position\":3,\"name\":\"Raadvad Brotschneidemaschine wei\u00df\"}]},{\"@type\":\"WebSite\",\"@id\":\"https:\\\/\\\/deenswonen.nl\\\/de\\\/#website\",\"url\":\"https:\\\/\\\/deenswonen.nl\\\/de\\\/\",\"name\":\"Deens wonen\",\"description\":\"Vintage skandinavische Wohnaccessoires\",\"publisher\":{\"@id\":\"https:\\\/\\\/deenswonen.nl\\\/de\\\/#organization\"},\"potentialAction\":[{\"@type\":\"SearchAction\",\"target\":{\"@type\":\"EntryPoint\",\"urlTemplate\":\"https:\\\/\\\/deenswonen.nl\\\/de\\\/?s={search_term_string}\"},\"query-input\":{\"@type\":\"PropertyValueSpecification\",\"valueRequired\":true,\"valueName\":\"search_term_string\"}}],\"inLanguage\":\"de\"},{\"@type\":\"Organization\",\"@id\":\"https:\\\/\\\/deenswonen.nl\\\/de\\\/#organization\",\"name\":\"D\u00e4nisch leben\",\"url\":\"https:\\\/\\\/deenswonen.nl\\\/de\\\/\",\"logo\":{\"@type\":\"ImageObject\",\"inLanguage\":\"de\",\"@id\":\"https:\\\/\\\/deenswonen.nl\\\/de\\\/#\\\/schema\\\/logo\\\/image\\\/\",\"url\":\"https:\\\/\\\/i0.wp.com\\\/deenswonen.nl\\\/wp-content\\\/uploads\\\/2021\\\/11\\\/51ECE736-8380-4D65-ACA6-DE74174F3C35_1_201_a.jpeg?fit=1200%2C675&ssl=1\",\"contentUrl\":\"https:\\\/\\\/i0.wp.com\\\/deenswonen.nl\\\/wp-content\\\/uploads\\\/2021\\\/11\\\/51ECE736-8380-4D65-ACA6-DE74174F3C35_1_201_a.jpeg?fit=1200%2C675&ssl=1\",\"width\":1200,\"height\":675,\"caption\":\"D\u00e4nisch leben\"},\"image\":{\"@id\":\"https:\\\/\\\/deenswonen.nl\\\/de\\\/#\\\/schema\\\/logo\\\/image\\\/\"}}]}<\/script>\n<!-- \/ Yoast SEO plugin. -->","yoast_head_json":{"title":"Raadvad Brotschneidemaschine wei\u00df - D\u00e4nisch leben","description":"Sch\u00f6ne Brotschneidemaschine in der Farbe Wei\u00df der d\u00e4nischen Marke Raadvad. Diese Brotschneidemaschinen sind ein echter Hingucker in Ihrer K\u00fcche. Schau hier","robots":{"index":"index","follow":"follow","max-snippet":"max-snippet:-1","max-image-preview":"max-image-preview:large","max-video-preview":"max-video-preview:-1"},"canonical":"https:\/\/deenswonen.nl\/de\/produkt\/raadvad-brotschneidemaschine-weis\/","og_locale":"de_DE","og_type":"article","og_title":"Raadvad Brotschneidemaschine wei\u00df - D\u00e4nisch leben","og_description":"Sch\u00f6ne Brotschneidemaschine in der Farbe Wei\u00df der d\u00e4nischen Marke Raadvad. Diese Brotschneidemaschinen sind ein echter Hingucker in Ihrer K\u00fcche. Schau hier","og_url":"https:\/\/deenswonen.nl\/de\/produkt\/raadvad-brotschneidemaschine-weis\/","og_site_name":"D\u00e4nisch leben","article_modified_time":"2024-07-25T15:37:23+00:00","og_image":[{"width":2560,"height":1920,"url":"https:\/\/i0.wp.com\/deenswonen.nl\/wp-content\/uploads\/2024\/07\/IMG_0445-2-kopieren-scaled.jpg?fit=2560%2C1920&ssl=1","type":"image\/jpeg"}],"twitter_card":"summary_large_image","twitter_misc":{"Gesch\u00e4tzte Lesezeit":"2\u00a0Minuten"},"schema":{"@context":"https:\/\/schema.org","@graph":[{"@type":"WebPage","@id":"https:\/\/deenswonen.nl\/de\/produkt\/raadvad-brotschneidemaschine-weis\/","url":"https:\/\/deenswonen.nl\/de\/produkt\/raadvad-brotschneidemaschine-weis\/","name":"Raadvad Brotschneidemaschine wei\u00df - D\u00e4nisch leben","isPartOf":{"@id":"https:\/\/deenswonen.nl\/de\/#website"},"primaryImageOfPage":{"@id":"https:\/\/deenswonen.nl\/de\/produkt\/raadvad-brotschneidemaschine-weis\/#primaryimage"},"image":{"@id":"https:\/\/deenswonen.nl\/de\/produkt\/raadvad-brotschneidemaschine-weis\/#primaryimage"},"thumbnailUrl":"https:\/\/i0.wp.com\/deenswonen.nl\/wp-content\/uploads\/2024\/07\/IMG_0445-2-kopieren-scaled.jpg?fit=2560%2C1920&ssl=1","datePublished":"2024-07-11T17:41:52+00:00","dateModified":"2024-07-25T15:37:23+00:00","description":"Sch\u00f6ne Brotschneidemaschine in der Farbe Wei\u00df der d\u00e4nischen Marke Raadvad. Diese Brotschneidemaschinen sind ein echter Hingucker in Ihrer K\u00fcche. Schau hier","breadcrumb":{"@id":"https:\/\/deenswonen.nl\/de\/produkt\/raadvad-brotschneidemaschine-weis\/#breadcrumb"},"inLanguage":"de","potentialAction":[{"@type":"ReadAction","target":["https:\/\/deenswonen.nl\/de\/produkt\/raadvad-brotschneidemaschine-weis\/"]}]},{"@type":"ImageObject","inLanguage":"de","@id":"https:\/\/deenswonen.nl\/de\/produkt\/raadvad-brotschneidemaschine-weis\/#primaryimage","url":"https:\/\/i0.wp.com\/deenswonen.nl\/wp-content\/uploads\/2024\/07\/IMG_0445-2-kopieren-scaled.jpg?fit=2560%2C1920&ssl=1","contentUrl":"https:\/\/i0.wp.com\/deenswonen.nl\/wp-content\/uploads\/2024\/07\/IMG_0445-2-kopieren-scaled.jpg?fit=2560%2C1920&ssl=1","width":2560,"height":1920,"caption":"Raadvad Deense broodsnijder wit"},{"@type":"BreadcrumbList","@id":"https:\/\/deenswonen.nl\/de\/produkt\/raadvad-brotschneidemaschine-weis\/#breadcrumb","itemListElement":[{"@type":"ListItem","position":1,"name":"Home","item":"https:\/\/deenswonen.nl\/de\/daenisch-leben\/"},{"@type":"ListItem","position":2,"name":"Winkel","item":"https:\/\/deenswonen.nl\/winkel\/"},{"@type":"ListItem","position":3,"name":"Raadvad Brotschneidemaschine wei\u00df"}]},{"@type":"WebSite","@id":"https:\/\/deenswonen.nl\/de\/#website","url":"https:\/\/deenswonen.nl\/de\/","name":"Deens wonen","description":"Vintage skandinavische Wohnaccessoires","publisher":{"@id":"https:\/\/deenswonen.nl\/de\/#organization"},"potentialAction":[{"@type":"SearchAction","target":{"@type":"EntryPoint","urlTemplate":"https:\/\/deenswonen.nl\/de\/?s={search_term_string}"},"query-input":{"@type":"PropertyValueSpecification","valueRequired":true,"valueName":"search_term_string"}}],"inLanguage":"de"},{"@type":"Organization","@id":"https:\/\/deenswonen.nl\/de\/#organization","name":"D\u00e4nisch leben","url":"https:\/\/deenswonen.nl\/de\/","logo":{"@type":"ImageObject","inLanguage":"de","@id":"https:\/\/deenswonen.nl\/de\/#\/schema\/logo\/image\/","url":"https:\/\/i0.wp.com\/deenswonen.nl\/wp-content\/uploads\/2021\/11\/51ECE736-8380-4D65-ACA6-DE74174F3C35_1_201_a.jpeg?fit=1200%2C675&ssl=1","contentUrl":"https:\/\/i0.wp.com\/deenswonen.nl\/wp-content\/uploads\/2021\/11\/51ECE736-8380-4D65-ACA6-DE74174F3C35_1_201_a.jpeg?fit=1200%2C675&ssl=1","width":1200,"height":675,"caption":"D\u00e4nisch leben"},"image":{"@id":"https:\/\/deenswonen.nl\/de\/#\/schema\/logo\/image\/"}}]}},"jetpack_sharing_enabled":true,"_links":{"self":[{"href":"https:\/\/deenswonen.nl\/de\/wp-json\/wp\/v2\/product\/15451","targetHints":{"allow":["GET"]}}],"collection":[{"href":"https:\/\/deenswonen.nl\/de\/wp-json\/wp\/v2\/product"}],"about":[{"href":"https:\/\/deenswonen.nl\/de\/wp-json\/wp\/v2\/types\/product"}],"wp:featuredmedia":[{"embeddable":true,"href":"https:\/\/deenswonen.nl\/de\/wp-json\/wp\/v2\/media\/15489"}],"wp:attachment":[{"href":"https:\/\/deenswonen.nl\/de\/wp-json\/wp\/v2\/media?parent=15451"}],"wp:term":[{"taxonomy":"product_brand","embeddable":true,"href":"https:\/\/deenswonen.nl\/de\/wp-json\/wp\/v2\/product_brand?post=15451"},{"taxonomy":"product_cat","embeddable":true,"href":"https:\/\/deenswonen.nl\/de\/wp-json\/wp\/v2\/product_cat?post=15451"},{"taxonomy":"product_tag","embeddable":true,"href":"https:\/\/deenswonen.nl\/de\/wp-json\/wp\/v2\/product_tag?post=15451"}],"curies":[{"name":"wp","href":"https:\/\/api.w.org\/{rel}","templated":true}]}}