{"id":14459,"date":"2024-03-29T13:19:14","date_gmt":"2024-03-29T12:19:14","guid":{"rendered":"https:\/\/deenswonen.nl\/?post_type=product&#038;p=14459"},"modified":"2024-03-29T13:26:54","modified_gmt":"2024-03-29T12:26:54","slug":"iittala-kivi-kerzenhalter-80-mm-frosted-mat","status":"publish","type":"product","link":"https:\/\/deenswonen.nl\/de\/produkt\/iittala-kivi-kerzenhalter-80-mm-frosted-mat\/","title":{"rendered":"Iittala Kivi Kerzenhalter 80 mm Frosted Mat"},"content":{"rendered":"<h2>Iittala Kivi Kerzenhalter 80 mm Frosted Mat<\/h2>\n<p>Wundersch\u00f6ner Iittala Kivi Kerzenhalter mit einem Durchmesser von 80 mm in der Farbe Frosted Mat. Diese Iittala Kivi Kerzenhalter werden von Hand in der Glash\u00fctte von Iittala in Finnland gepresst und sind in einer breiten Farbpalette erh\u00e4ltlich. Jeder Kivi wird gem\u00e4\u00df einem speziellen Rezept f\u00fcr das jeweilige Glas hergestellt, was zu dickem Glas f\u00fchrt, das ein weiches Gl\u00fchen abgibt und jedem Interieur W\u00e4rme verleiht. Au\u00dferdem sind die Kerzenhalter unten mit Mari Mekko gekennzeichnet.<\/p>\n<p>Dieser Kivi Kerzenhalter betont das einfache und elegante Design. Sie k\u00f6nnen zum Beispiel mehrere Kivis in verschiedenen Farben kombinieren, um Ihre eigene skandinavische Atmosph\u00e4re zu schaffen. Der Iittala Kivi Kerzenhalter f\u00fcgt jedem Interieur ein subtiles Element hinzu und schafft eine sanfte Atmosph\u00e4re, was ihn zu einem perfekten Geschenk f\u00fcr Hochzeiten, Jubil\u00e4en oder Geburtstage macht. Der Kerzenhalter eignet sich f\u00fcr Teelichter.<\/p>\n<h2>Design des Iittala Kivi<\/h2>\n<p>Der Name &#8222;Kivi&#8220; stammt aus dem finnischen Wort f\u00fcr &#8222;Stein&#8220;. Diese kleinen Lichtjuwelen wurden 1988 von Heikki Orvola entworfen. Die Kivis bereichern das Licht der Flamme und intensivieren es. Was die Iittala Kivis besonders macht, ist, dass sie aus durchgef\u00e4rbtem Glas hergestellt werden, im Gegensatz zu anderen Kerzenhaltern, bei denen das Glas au\u00dfen bemalt wird. Die Technik des durchgef\u00e4rbten Glases sorgt f\u00fcr au\u00dfergew\u00f6hnlich reiche Farben.<\/p>\n<h2 class=\"tw-data-text tw-text-large XcVN5d tw-ta\" dir=\"ltr\" data-placeholder=\"Vertaling\"><span lang=\"nl\">Spezifikationen <\/span><\/h2>\n<p class=\"tw-data-text tw-text-large XcVN5d tw-ta\" dir=\"ltr\" data-placeholder=\"Vertaling\"><span lang=\"nl\">Dieses sch\u00f6ne Windlicht ist in gutem Zustand. Die 80-mm-Version ist ziemlich selten und wird nicht mehr hergestellt. <\/span><span lang=\"nl\">Das Windlicht hat keine Besch\u00e4digungen oder Chips.<\/span><\/p>\n<p>Dieses Windlicht ist ca. 10 Jahre alt, deshalb bitten wir Sie, sich die Fotos genau anzusehen. So erhalten Sie einen guten Eindruck vom Zustand des Stimmungslichts. M\u00f6glicherweise haben wir mehrere Farben und Gr\u00f6\u00dfen der Kivi-Stimmungslichter auf <strong><a href=\"https:\/\/deenswonen.nl\/product-categorie\/merken\/iittala\/\">Lager<\/a><\/strong> .<\/p>\n<p>Wir versenden alle unsere Produkte einfach verpackt mit Post NL. Unsere Produkte k\u00f6nnen auch nach Vereinbarung in Berkel en Rodenrijs abgeholt werden.<\/p>\n","protected":false},"excerpt":{"rendered":"<p>Der Name Kivi kommt vom finnischen Wort f\u00fcr Stein. Diese kleinen Lichtjuwelen wurden 1988 von Heikki Orvola entworfen.<\/p>\n<p>&nbsp;<\/p>\n<ul>\n<li><strong>Skandinavisches Design<\/strong><\/li>\n<li><strong>Weltweiter Versand<\/strong><\/li>\n<li><strong>14 Tage Bedenkzeit<\/strong><\/li>\n<\/ul>\n","protected":false},"featured_media":14465,"template":"","meta":[],"product_brand":[],"product_cat":[164,100,168,156],"product_tag":[],"class_list":{"0":"post-14459","1":"product","2":"type-product","3":"status-publish","4":"has-post-thumbnail","6":"product_cat-bestseller","7":"product_cat-iittala-de","8":"product_cat-kerzenleuchter","9":"product_cat-neu-eingetroffen","10":"thunk-woo-product-list","11":"opn-qv-enable","12":"top-store-woo-hover-swap","13":"top-store-single-product-tab-horizontal","14":"top-store-shadow-","15":"top-store-shadow-hover-","16":"top-store-swap-item-hover","18":"first","19":"outofstock","20":"taxable","21":"shipping-taxable","22":"purchasable","23":"product-type-simple"},"yoast_head":"<!-- This site is optimized with the Yoast SEO plugin v27.3 - https:\/\/yoast.com\/product\/yoast-seo-wordpress\/ -->\n<title>Iittala Kivi Kerzenhalter 80 mm Frosted Mat - D\u00e4nisch leben<\/title>\n<meta name=\"description\" content=\"Iittala Kivi Stimmungslicht Frosted Mat 80 mm betont das schlichte und elegante Design dieses Teelichthalters. \u221aSchneller Versand\" \/>\n<meta name=\"robots\" content=\"index, follow, max-snippet:-1, max-image-preview:large, max-video-preview:-1\" \/>\n<link rel=\"canonical\" href=\"https:\/\/deenswonen.nl\/de\/produkt\/iittala-kivi-kerzenhalter-80-mm-frosted-mat\/\" \/>\n<meta property=\"og:locale\" content=\"de_DE\" \/>\n<meta property=\"og:type\" content=\"article\" \/>\n<meta property=\"og:title\" content=\"Iittala Kivi Kerzenhalter 80 mm Frosted Mat - D\u00e4nisch leben\" \/>\n<meta property=\"og:description\" content=\"Iittala Kivi Stimmungslicht Frosted Mat 80 mm betont das schlichte und elegante Design dieses Teelichthalters. \u221aSchneller Versand\" \/>\n<meta property=\"og:url\" content=\"https:\/\/deenswonen.nl\/de\/produkt\/iittala-kivi-kerzenhalter-80-mm-frosted-mat\/\" \/>\n<meta property=\"og:site_name\" content=\"D\u00e4nisch leben\" \/>\n<meta property=\"article:modified_time\" content=\"2024-03-29T12:26:54+00:00\" \/>\n<meta property=\"og:image\" content=\"https:\/\/i0.wp.com\/deenswonen.nl\/wp-content\/uploads\/2024\/03\/IMG_6877-3-kopieren-scaled.jpg?fit=1920%2C2560&ssl=1\" \/>\n\t<meta property=\"og:image:width\" content=\"1920\" \/>\n\t<meta property=\"og:image:height\" content=\"2560\" \/>\n\t<meta property=\"og:image:type\" content=\"image\/jpeg\" \/>\n<meta name=\"twitter:card\" content=\"summary_large_image\" \/>\n<meta name=\"twitter:label1\" content=\"Gesch\u00e4tzte Lesezeit\" \/>\n\t<meta name=\"twitter:data1\" content=\"2\u00a0Minuten\" \/>\n<script type=\"application\/ld+json\" class=\"yoast-schema-graph\">{\"@context\":\"https:\\\/\\\/schema.org\",\"@graph\":[{\"@type\":\"WebPage\",\"@id\":\"https:\\\/\\\/deenswonen.nl\\\/de\\\/produkt\\\/iittala-kivi-kerzenhalter-80-mm-frosted-mat\\\/\",\"url\":\"https:\\\/\\\/deenswonen.nl\\\/de\\\/produkt\\\/iittala-kivi-kerzenhalter-80-mm-frosted-mat\\\/\",\"name\":\"Iittala Kivi Kerzenhalter 80 mm Frosted Mat - D\u00e4nisch leben\",\"isPartOf\":{\"@id\":\"https:\\\/\\\/deenswonen.nl\\\/de\\\/#website\"},\"primaryImageOfPage\":{\"@id\":\"https:\\\/\\\/deenswonen.nl\\\/de\\\/produkt\\\/iittala-kivi-kerzenhalter-80-mm-frosted-mat\\\/#primaryimage\"},\"image\":{\"@id\":\"https:\\\/\\\/deenswonen.nl\\\/de\\\/produkt\\\/iittala-kivi-kerzenhalter-80-mm-frosted-mat\\\/#primaryimage\"},\"thumbnailUrl\":\"https:\\\/\\\/i0.wp.com\\\/deenswonen.nl\\\/wp-content\\\/uploads\\\/2024\\\/03\\\/IMG_6877-3-kopieren-scaled.jpg?fit=1920%2C2560&ssl=1\",\"datePublished\":\"2024-03-29T12:19:14+00:00\",\"dateModified\":\"2024-03-29T12:26:54+00:00\",\"description\":\"Iittala Kivi Stimmungslicht Frosted Mat 80 mm betont das schlichte und elegante Design dieses Teelichthalters. \u221aSchneller Versand\",\"breadcrumb\":{\"@id\":\"https:\\\/\\\/deenswonen.nl\\\/de\\\/produkt\\\/iittala-kivi-kerzenhalter-80-mm-frosted-mat\\\/#breadcrumb\"},\"inLanguage\":\"de\",\"potentialAction\":[{\"@type\":\"ReadAction\",\"target\":[\"https:\\\/\\\/deenswonen.nl\\\/de\\\/produkt\\\/iittala-kivi-kerzenhalter-80-mm-frosted-mat\\\/\"]}]},{\"@type\":\"ImageObject\",\"inLanguage\":\"de\",\"@id\":\"https:\\\/\\\/deenswonen.nl\\\/de\\\/produkt\\\/iittala-kivi-kerzenhalter-80-mm-frosted-mat\\\/#primaryimage\",\"url\":\"https:\\\/\\\/i0.wp.com\\\/deenswonen.nl\\\/wp-content\\\/uploads\\\/2024\\\/03\\\/IMG_6877-3-kopieren-scaled.jpg?fit=1920%2C2560&ssl=1\",\"contentUrl\":\"https:\\\/\\\/i0.wp.com\\\/deenswonen.nl\\\/wp-content\\\/uploads\\\/2024\\\/03\\\/IMG_6877-3-kopieren-scaled.jpg?fit=1920%2C2560&ssl=1\",\"width\":1920,\"height\":2560,\"caption\":\"Iittala Kivi sfeerlicht 80 mm Frosted Mat\"},{\"@type\":\"BreadcrumbList\",\"@id\":\"https:\\\/\\\/deenswonen.nl\\\/de\\\/produkt\\\/iittala-kivi-kerzenhalter-80-mm-frosted-mat\\\/#breadcrumb\",\"itemListElement\":[{\"@type\":\"ListItem\",\"position\":1,\"name\":\"Home\",\"item\":\"https:\\\/\\\/deenswonen.nl\\\/de\\\/daenisch-leben\\\/\"},{\"@type\":\"ListItem\",\"position\":2,\"name\":\"Winkel\",\"item\":\"https:\\\/\\\/deenswonen.nl\\\/winkel\\\/\"},{\"@type\":\"ListItem\",\"position\":3,\"name\":\"Iittala Kivi Kerzenhalter 80 mm Frosted Mat\"}]},{\"@type\":\"WebSite\",\"@id\":\"https:\\\/\\\/deenswonen.nl\\\/de\\\/#website\",\"url\":\"https:\\\/\\\/deenswonen.nl\\\/de\\\/\",\"name\":\"Deens wonen\",\"description\":\"Vintage skandinavische Wohnaccessoires\",\"publisher\":{\"@id\":\"https:\\\/\\\/deenswonen.nl\\\/de\\\/#organization\"},\"potentialAction\":[{\"@type\":\"SearchAction\",\"target\":{\"@type\":\"EntryPoint\",\"urlTemplate\":\"https:\\\/\\\/deenswonen.nl\\\/de\\\/?s={search_term_string}\"},\"query-input\":{\"@type\":\"PropertyValueSpecification\",\"valueRequired\":true,\"valueName\":\"search_term_string\"}}],\"inLanguage\":\"de\"},{\"@type\":\"Organization\",\"@id\":\"https:\\\/\\\/deenswonen.nl\\\/de\\\/#organization\",\"name\":\"D\u00e4nisch leben\",\"url\":\"https:\\\/\\\/deenswonen.nl\\\/de\\\/\",\"logo\":{\"@type\":\"ImageObject\",\"inLanguage\":\"de\",\"@id\":\"https:\\\/\\\/deenswonen.nl\\\/de\\\/#\\\/schema\\\/logo\\\/image\\\/\",\"url\":\"https:\\\/\\\/i0.wp.com\\\/deenswonen.nl\\\/wp-content\\\/uploads\\\/2021\\\/11\\\/51ECE736-8380-4D65-ACA6-DE74174F3C35_1_201_a.jpeg?fit=1200%2C675&ssl=1\",\"contentUrl\":\"https:\\\/\\\/i0.wp.com\\\/deenswonen.nl\\\/wp-content\\\/uploads\\\/2021\\\/11\\\/51ECE736-8380-4D65-ACA6-DE74174F3C35_1_201_a.jpeg?fit=1200%2C675&ssl=1\",\"width\":1200,\"height\":675,\"caption\":\"D\u00e4nisch leben\"},\"image\":{\"@id\":\"https:\\\/\\\/deenswonen.nl\\\/de\\\/#\\\/schema\\\/logo\\\/image\\\/\"}}]}<\/script>\n<!-- \/ Yoast SEO plugin. -->","yoast_head_json":{"title":"Iittala Kivi Kerzenhalter 80 mm Frosted Mat - D\u00e4nisch leben","description":"Iittala Kivi Stimmungslicht Frosted Mat 80 mm betont das schlichte und elegante Design dieses Teelichthalters. \u221aSchneller Versand","robots":{"index":"index","follow":"follow","max-snippet":"max-snippet:-1","max-image-preview":"max-image-preview:large","max-video-preview":"max-video-preview:-1"},"canonical":"https:\/\/deenswonen.nl\/de\/produkt\/iittala-kivi-kerzenhalter-80-mm-frosted-mat\/","og_locale":"de_DE","og_type":"article","og_title":"Iittala Kivi Kerzenhalter 80 mm Frosted Mat - D\u00e4nisch leben","og_description":"Iittala Kivi Stimmungslicht Frosted Mat 80 mm betont das schlichte und elegante Design dieses Teelichthalters. \u221aSchneller Versand","og_url":"https:\/\/deenswonen.nl\/de\/produkt\/iittala-kivi-kerzenhalter-80-mm-frosted-mat\/","og_site_name":"D\u00e4nisch leben","article_modified_time":"2024-03-29T12:26:54+00:00","og_image":[{"width":1920,"height":2560,"url":"https:\/\/i0.wp.com\/deenswonen.nl\/wp-content\/uploads\/2024\/03\/IMG_6877-3-kopieren-scaled.jpg?fit=1920%2C2560&ssl=1","type":"image\/jpeg"}],"twitter_card":"summary_large_image","twitter_misc":{"Gesch\u00e4tzte Lesezeit":"2\u00a0Minuten"},"schema":{"@context":"https:\/\/schema.org","@graph":[{"@type":"WebPage","@id":"https:\/\/deenswonen.nl\/de\/produkt\/iittala-kivi-kerzenhalter-80-mm-frosted-mat\/","url":"https:\/\/deenswonen.nl\/de\/produkt\/iittala-kivi-kerzenhalter-80-mm-frosted-mat\/","name":"Iittala Kivi Kerzenhalter 80 mm Frosted Mat - D\u00e4nisch leben","isPartOf":{"@id":"https:\/\/deenswonen.nl\/de\/#website"},"primaryImageOfPage":{"@id":"https:\/\/deenswonen.nl\/de\/produkt\/iittala-kivi-kerzenhalter-80-mm-frosted-mat\/#primaryimage"},"image":{"@id":"https:\/\/deenswonen.nl\/de\/produkt\/iittala-kivi-kerzenhalter-80-mm-frosted-mat\/#primaryimage"},"thumbnailUrl":"https:\/\/i0.wp.com\/deenswonen.nl\/wp-content\/uploads\/2024\/03\/IMG_6877-3-kopieren-scaled.jpg?fit=1920%2C2560&ssl=1","datePublished":"2024-03-29T12:19:14+00:00","dateModified":"2024-03-29T12:26:54+00:00","description":"Iittala Kivi Stimmungslicht Frosted Mat 80 mm betont das schlichte und elegante Design dieses Teelichthalters. \u221aSchneller Versand","breadcrumb":{"@id":"https:\/\/deenswonen.nl\/de\/produkt\/iittala-kivi-kerzenhalter-80-mm-frosted-mat\/#breadcrumb"},"inLanguage":"de","potentialAction":[{"@type":"ReadAction","target":["https:\/\/deenswonen.nl\/de\/produkt\/iittala-kivi-kerzenhalter-80-mm-frosted-mat\/"]}]},{"@type":"ImageObject","inLanguage":"de","@id":"https:\/\/deenswonen.nl\/de\/produkt\/iittala-kivi-kerzenhalter-80-mm-frosted-mat\/#primaryimage","url":"https:\/\/i0.wp.com\/deenswonen.nl\/wp-content\/uploads\/2024\/03\/IMG_6877-3-kopieren-scaled.jpg?fit=1920%2C2560&ssl=1","contentUrl":"https:\/\/i0.wp.com\/deenswonen.nl\/wp-content\/uploads\/2024\/03\/IMG_6877-3-kopieren-scaled.jpg?fit=1920%2C2560&ssl=1","width":1920,"height":2560,"caption":"Iittala Kivi sfeerlicht 80 mm Frosted Mat"},{"@type":"BreadcrumbList","@id":"https:\/\/deenswonen.nl\/de\/produkt\/iittala-kivi-kerzenhalter-80-mm-frosted-mat\/#breadcrumb","itemListElement":[{"@type":"ListItem","position":1,"name":"Home","item":"https:\/\/deenswonen.nl\/de\/daenisch-leben\/"},{"@type":"ListItem","position":2,"name":"Winkel","item":"https:\/\/deenswonen.nl\/winkel\/"},{"@type":"ListItem","position":3,"name":"Iittala Kivi Kerzenhalter 80 mm Frosted Mat"}]},{"@type":"WebSite","@id":"https:\/\/deenswonen.nl\/de\/#website","url":"https:\/\/deenswonen.nl\/de\/","name":"Deens wonen","description":"Vintage skandinavische Wohnaccessoires","publisher":{"@id":"https:\/\/deenswonen.nl\/de\/#organization"},"potentialAction":[{"@type":"SearchAction","target":{"@type":"EntryPoint","urlTemplate":"https:\/\/deenswonen.nl\/de\/?s={search_term_string}"},"query-input":{"@type":"PropertyValueSpecification","valueRequired":true,"valueName":"search_term_string"}}],"inLanguage":"de"},{"@type":"Organization","@id":"https:\/\/deenswonen.nl\/de\/#organization","name":"D\u00e4nisch leben","url":"https:\/\/deenswonen.nl\/de\/","logo":{"@type":"ImageObject","inLanguage":"de","@id":"https:\/\/deenswonen.nl\/de\/#\/schema\/logo\/image\/","url":"https:\/\/i0.wp.com\/deenswonen.nl\/wp-content\/uploads\/2021\/11\/51ECE736-8380-4D65-ACA6-DE74174F3C35_1_201_a.jpeg?fit=1200%2C675&ssl=1","contentUrl":"https:\/\/i0.wp.com\/deenswonen.nl\/wp-content\/uploads\/2021\/11\/51ECE736-8380-4D65-ACA6-DE74174F3C35_1_201_a.jpeg?fit=1200%2C675&ssl=1","width":1200,"height":675,"caption":"D\u00e4nisch leben"},"image":{"@id":"https:\/\/deenswonen.nl\/de\/#\/schema\/logo\/image\/"}}]}},"jetpack_sharing_enabled":true,"_links":{"self":[{"href":"https:\/\/deenswonen.nl\/de\/wp-json\/wp\/v2\/product\/14459","targetHints":{"allow":["GET"]}}],"collection":[{"href":"https:\/\/deenswonen.nl\/de\/wp-json\/wp\/v2\/product"}],"about":[{"href":"https:\/\/deenswonen.nl\/de\/wp-json\/wp\/v2\/types\/product"}],"wp:featuredmedia":[{"embeddable":true,"href":"https:\/\/deenswonen.nl\/de\/wp-json\/wp\/v2\/media\/14465"}],"wp:attachment":[{"href":"https:\/\/deenswonen.nl\/de\/wp-json\/wp\/v2\/media?parent=14459"}],"wp:term":[{"taxonomy":"product_brand","embeddable":true,"href":"https:\/\/deenswonen.nl\/de\/wp-json\/wp\/v2\/product_brand?post=14459"},{"taxonomy":"product_cat","embeddable":true,"href":"https:\/\/deenswonen.nl\/de\/wp-json\/wp\/v2\/product_cat?post=14459"},{"taxonomy":"product_tag","embeddable":true,"href":"https:\/\/deenswonen.nl\/de\/wp-json\/wp\/v2\/product_tag?post=14459"}],"curies":[{"name":"wp","href":"https:\/\/api.w.org\/{rel}","templated":true}]}}