{"id":14425,"date":"2024-03-29T12:21:04","date_gmt":"2024-03-29T11:21:04","guid":{"rendered":"https:\/\/deenswonen.nl\/?post_type=product&#038;p=14425"},"modified":"2024-03-29T12:36:18","modified_gmt":"2024-03-29T11:36:18","slug":"iittala-kivi-kerzenhalter-80-mm-sand","status":"publish","type":"product","link":"https:\/\/deenswonen.nl\/de\/produkt\/iittala-kivi-kerzenhalter-80-mm-sand\/","title":{"rendered":"Iittala Kivi Kerzenhalter 80 mm Sand"},"content":{"rendered":"<h2>Iittala Kivi Kerzenhalter 80 mm Sand<\/h2>\n<p>Wundersch\u00f6ner Iittala Kivi Kerzenhalter mit einem Durchmesser von 80 mm in Sand farbe. Die Iittala Kivi Kerzenhalter werden von Hand in der Glash\u00fctte von Iittala in Finnland gepresst. Sie sind in einer breiten Palette von Farben erh\u00e4ltlich. Jeder Kivi wird gem\u00e4\u00df seinem eigenen Glasrezept hergestellt, das speziell f\u00fcr diese Farbe entwickelt wurde und dem dicken Glas einen weichen Glanz verleiht. Dies verleiht jedem Interieur eine warme Atmosph\u00e4re. Dar\u00fcber hinaus sind die Kerzenhalter auf der Unterseite mit Mari Mekko gekennzeichnet.<\/p>\n<p>Dieser Kivi betont das einfache und elegante Design des Teelichthalters. Sie k\u00f6nnen zum Beispiel mehrere Kivi-Kerzenhalter in verschiedenen Farben kombinieren, um Ihre eigene skandinavische Atmosph\u00e4re zu schaffen. Der Iittala Kivi Kerzenhalter 80 mm f\u00fcgt jedem Interieur ein subtiles Element hinzu und schafft eine weiche Atmosph\u00e4re. Daher eignet er sich perfekt als Geschenk f\u00fcr Hochzeiten, Jubil\u00e4en oder Geburtstage. Der Kerzenhalter eignet sich f\u00fcr Teelichter.<\/p>\n<h2>Design Iittala Kivi<\/h2>\n<p>Der Name Kivi stammt aus dem finnischen Wort f\u00fcr Stein. Diese kleinen Lichtjuwelen wurden 1988 von Heikki Orvola entworfen. Die Kivis verst\u00e4rken das Licht der Flamme und machen es noch intensiver. Das Besondere an den Iittala Kivis ist, dass sie aus durchgef\u00e4rbtem Glas hergestellt werden, im Gegensatz zu anderen Teelichthaltern, bei denen das Glas au\u00dfen bemalt ist. Die Technik des durchgef\u00e4rbten Glases sorgt f\u00fcr eine au\u00dfergew\u00f6hnlich reiche Farbe.<\/p>\n<h2>Spezifikationen<\/h2>\n<p>Dieser wundersch\u00f6ne Kerzenhalter befindet sich in gutem Zustand. Die Version mit 80 mm ist recht selten und wird nicht mehr hergestellt.<\/p>\n<p>Dieser Kerzenhalter ist etwa 10 Jahre alt, daher bitten wir Sie, sich die Fotos sorgf\u00e4ltig anzusehen. Dies gibt Ihnen einen guten Eindruck vom Zustand des Kerzenhalters. Wir haben bei Bedarf mehrere Farben und Gr\u00f6\u00dfen von Kivi-Kerzenhaltern erh\u00e4ltlich.<\/p>\n<p>Wir versenden alle unsere Produkte sorgf\u00e4ltig verpackt mit Post NL. Unsere Produkte k\u00f6nnen auch nach Vereinbarung in Berkel en Rodenrijs abgeholt werden.<\/p>\n<p>&nbsp;<\/p>\n","protected":false},"excerpt":{"rendered":"<p>Der Name Kivi kommt vom finnischen Wort f\u00fcr Stein. Diese kleinen Lichtjuwelen wurden 1988 von Heikki Orvola entworfen.<\/p>\n<p>&nbsp;<\/p>\n<ul>\n<li><strong>Skandinavisches Design<\/strong><\/li>\n<li><strong>Weltweiter Versand<\/strong><\/li>\n<li><strong>14 Tage Bedenkzeit<\/strong><\/li>\n<\/ul>\n","protected":false},"featured_media":14452,"template":"","meta":[],"product_brand":[],"product_cat":[164,100,168,156],"product_tag":[],"class_list":{"0":"post-14425","1":"product","2":"type-product","3":"status-publish","4":"has-post-thumbnail","6":"product_cat-bestseller","7":"product_cat-iittala-de","8":"product_cat-kerzenleuchter","9":"product_cat-neu-eingetroffen","10":"thunk-woo-product-list","11":"opn-qv-enable","12":"top-store-woo-hover-swap","13":"top-store-single-product-tab-horizontal","14":"top-store-shadow-","15":"top-store-shadow-hover-","16":"top-store-swap-item-hover","18":"first","19":"instock","20":"taxable","21":"shipping-taxable","22":"purchasable","23":"product-type-simple"},"yoast_head":"<!-- This site is optimized with the Yoast SEO plugin v27.3 - https:\/\/yoast.com\/product\/yoast-seo-wordpress\/ -->\n<title>Iittala Kivi Kerzenhalter 80 mm Sand - D\u00e4nisch leben<\/title>\n<meta name=\"description\" content=\"Der Iittala Kivi Kerzenhalter 80 mm Sand betont das einfache und elegante Design dieses Teelichthalters. \u221aSchneller Versand.\" \/>\n<meta name=\"robots\" content=\"index, follow, max-snippet:-1, max-image-preview:large, max-video-preview:-1\" \/>\n<link rel=\"canonical\" href=\"https:\/\/deenswonen.nl\/de\/produkt\/iittala-kivi-kerzenhalter-80-mm-sand\/\" \/>\n<meta property=\"og:locale\" content=\"de_DE\" \/>\n<meta property=\"og:type\" content=\"article\" \/>\n<meta property=\"og:title\" content=\"Iittala Kivi Kerzenhalter 80 mm Sand - D\u00e4nisch leben\" \/>\n<meta property=\"og:description\" content=\"Der Iittala Kivi Kerzenhalter 80 mm Sand betont das einfache und elegante Design dieses Teelichthalters. \u221aSchneller Versand.\" \/>\n<meta property=\"og:url\" content=\"https:\/\/deenswonen.nl\/de\/produkt\/iittala-kivi-kerzenhalter-80-mm-sand\/\" \/>\n<meta property=\"og:site_name\" content=\"D\u00e4nisch leben\" \/>\n<meta property=\"article:modified_time\" content=\"2024-03-29T11:36:18+00:00\" \/>\n<meta property=\"og:image\" content=\"https:\/\/i0.wp.com\/deenswonen.nl\/wp-content\/uploads\/2024\/03\/IMG_6838-3-kopieren-scaled.jpg?fit=1920%2C2560&ssl=1\" \/>\n\t<meta property=\"og:image:width\" content=\"1920\" \/>\n\t<meta property=\"og:image:height\" content=\"2560\" \/>\n\t<meta property=\"og:image:type\" content=\"image\/jpeg\" \/>\n<meta name=\"twitter:card\" content=\"summary_large_image\" \/>\n<meta name=\"twitter:label1\" content=\"Gesch\u00e4tzte Lesezeit\" \/>\n\t<meta name=\"twitter:data1\" content=\"2\u00a0Minuten\" \/>\n<script type=\"application\/ld+json\" class=\"yoast-schema-graph\">{\"@context\":\"https:\\\/\\\/schema.org\",\"@graph\":[{\"@type\":\"WebPage\",\"@id\":\"https:\\\/\\\/deenswonen.nl\\\/de\\\/produkt\\\/iittala-kivi-kerzenhalter-80-mm-sand\\\/\",\"url\":\"https:\\\/\\\/deenswonen.nl\\\/de\\\/produkt\\\/iittala-kivi-kerzenhalter-80-mm-sand\\\/\",\"name\":\"Iittala Kivi Kerzenhalter 80 mm Sand - D\u00e4nisch leben\",\"isPartOf\":{\"@id\":\"https:\\\/\\\/deenswonen.nl\\\/de\\\/#website\"},\"primaryImageOfPage\":{\"@id\":\"https:\\\/\\\/deenswonen.nl\\\/de\\\/produkt\\\/iittala-kivi-kerzenhalter-80-mm-sand\\\/#primaryimage\"},\"image\":{\"@id\":\"https:\\\/\\\/deenswonen.nl\\\/de\\\/produkt\\\/iittala-kivi-kerzenhalter-80-mm-sand\\\/#primaryimage\"},\"thumbnailUrl\":\"https:\\\/\\\/i0.wp.com\\\/deenswonen.nl\\\/wp-content\\\/uploads\\\/2024\\\/03\\\/IMG_6838-3-kopieren-scaled.jpg?fit=1920%2C2560&ssl=1\",\"datePublished\":\"2024-03-29T11:21:04+00:00\",\"dateModified\":\"2024-03-29T11:36:18+00:00\",\"description\":\"Der Iittala Kivi Kerzenhalter 80 mm Sand betont das einfache und elegante Design dieses Teelichthalters. \u221aSchneller Versand.\",\"breadcrumb\":{\"@id\":\"https:\\\/\\\/deenswonen.nl\\\/de\\\/produkt\\\/iittala-kivi-kerzenhalter-80-mm-sand\\\/#breadcrumb\"},\"inLanguage\":\"de\",\"potentialAction\":[{\"@type\":\"ReadAction\",\"target\":[\"https:\\\/\\\/deenswonen.nl\\\/de\\\/produkt\\\/iittala-kivi-kerzenhalter-80-mm-sand\\\/\"]}]},{\"@type\":\"ImageObject\",\"inLanguage\":\"de\",\"@id\":\"https:\\\/\\\/deenswonen.nl\\\/de\\\/produkt\\\/iittala-kivi-kerzenhalter-80-mm-sand\\\/#primaryimage\",\"url\":\"https:\\\/\\\/i0.wp.com\\\/deenswonen.nl\\\/wp-content\\\/uploads\\\/2024\\\/03\\\/IMG_6838-3-kopieren-scaled.jpg?fit=1920%2C2560&ssl=1\",\"contentUrl\":\"https:\\\/\\\/i0.wp.com\\\/deenswonen.nl\\\/wp-content\\\/uploads\\\/2024\\\/03\\\/IMG_6838-3-kopieren-scaled.jpg?fit=1920%2C2560&ssl=1\",\"width\":1920,\"height\":2560,\"caption\":\"Iittala Kivi sfeerlicht 80 mm Zand\"},{\"@type\":\"BreadcrumbList\",\"@id\":\"https:\\\/\\\/deenswonen.nl\\\/de\\\/produkt\\\/iittala-kivi-kerzenhalter-80-mm-sand\\\/#breadcrumb\",\"itemListElement\":[{\"@type\":\"ListItem\",\"position\":1,\"name\":\"Home\",\"item\":\"https:\\\/\\\/deenswonen.nl\\\/de\\\/daenisch-leben\\\/\"},{\"@type\":\"ListItem\",\"position\":2,\"name\":\"Winkel\",\"item\":\"https:\\\/\\\/deenswonen.nl\\\/winkel\\\/\"},{\"@type\":\"ListItem\",\"position\":3,\"name\":\"Iittala Kivi Kerzenhalter 80 mm Sand\"}]},{\"@type\":\"WebSite\",\"@id\":\"https:\\\/\\\/deenswonen.nl\\\/de\\\/#website\",\"url\":\"https:\\\/\\\/deenswonen.nl\\\/de\\\/\",\"name\":\"Deens wonen\",\"description\":\"Vintage skandinavische Wohnaccessoires\",\"publisher\":{\"@id\":\"https:\\\/\\\/deenswonen.nl\\\/de\\\/#organization\"},\"potentialAction\":[{\"@type\":\"SearchAction\",\"target\":{\"@type\":\"EntryPoint\",\"urlTemplate\":\"https:\\\/\\\/deenswonen.nl\\\/de\\\/?s={search_term_string}\"},\"query-input\":{\"@type\":\"PropertyValueSpecification\",\"valueRequired\":true,\"valueName\":\"search_term_string\"}}],\"inLanguage\":\"de\"},{\"@type\":\"Organization\",\"@id\":\"https:\\\/\\\/deenswonen.nl\\\/de\\\/#organization\",\"name\":\"D\u00e4nisch leben\",\"url\":\"https:\\\/\\\/deenswonen.nl\\\/de\\\/\",\"logo\":{\"@type\":\"ImageObject\",\"inLanguage\":\"de\",\"@id\":\"https:\\\/\\\/deenswonen.nl\\\/de\\\/#\\\/schema\\\/logo\\\/image\\\/\",\"url\":\"https:\\\/\\\/i0.wp.com\\\/deenswonen.nl\\\/wp-content\\\/uploads\\\/2021\\\/11\\\/51ECE736-8380-4D65-ACA6-DE74174F3C35_1_201_a.jpeg?fit=1200%2C675&ssl=1\",\"contentUrl\":\"https:\\\/\\\/i0.wp.com\\\/deenswonen.nl\\\/wp-content\\\/uploads\\\/2021\\\/11\\\/51ECE736-8380-4D65-ACA6-DE74174F3C35_1_201_a.jpeg?fit=1200%2C675&ssl=1\",\"width\":1200,\"height\":675,\"caption\":\"D\u00e4nisch leben\"},\"image\":{\"@id\":\"https:\\\/\\\/deenswonen.nl\\\/de\\\/#\\\/schema\\\/logo\\\/image\\\/\"}}]}<\/script>\n<!-- \/ Yoast SEO plugin. -->","yoast_head_json":{"title":"Iittala Kivi Kerzenhalter 80 mm Sand - D\u00e4nisch leben","description":"Der Iittala Kivi Kerzenhalter 80 mm Sand betont das einfache und elegante Design dieses Teelichthalters. \u221aSchneller Versand.","robots":{"index":"index","follow":"follow","max-snippet":"max-snippet:-1","max-image-preview":"max-image-preview:large","max-video-preview":"max-video-preview:-1"},"canonical":"https:\/\/deenswonen.nl\/de\/produkt\/iittala-kivi-kerzenhalter-80-mm-sand\/","og_locale":"de_DE","og_type":"article","og_title":"Iittala Kivi Kerzenhalter 80 mm Sand - D\u00e4nisch leben","og_description":"Der Iittala Kivi Kerzenhalter 80 mm Sand betont das einfache und elegante Design dieses Teelichthalters. \u221aSchneller Versand.","og_url":"https:\/\/deenswonen.nl\/de\/produkt\/iittala-kivi-kerzenhalter-80-mm-sand\/","og_site_name":"D\u00e4nisch leben","article_modified_time":"2024-03-29T11:36:18+00:00","og_image":[{"width":1920,"height":2560,"url":"https:\/\/i0.wp.com\/deenswonen.nl\/wp-content\/uploads\/2024\/03\/IMG_6838-3-kopieren-scaled.jpg?fit=1920%2C2560&ssl=1","type":"image\/jpeg"}],"twitter_card":"summary_large_image","twitter_misc":{"Gesch\u00e4tzte Lesezeit":"2\u00a0Minuten"},"schema":{"@context":"https:\/\/schema.org","@graph":[{"@type":"WebPage","@id":"https:\/\/deenswonen.nl\/de\/produkt\/iittala-kivi-kerzenhalter-80-mm-sand\/","url":"https:\/\/deenswonen.nl\/de\/produkt\/iittala-kivi-kerzenhalter-80-mm-sand\/","name":"Iittala Kivi Kerzenhalter 80 mm Sand - D\u00e4nisch leben","isPartOf":{"@id":"https:\/\/deenswonen.nl\/de\/#website"},"primaryImageOfPage":{"@id":"https:\/\/deenswonen.nl\/de\/produkt\/iittala-kivi-kerzenhalter-80-mm-sand\/#primaryimage"},"image":{"@id":"https:\/\/deenswonen.nl\/de\/produkt\/iittala-kivi-kerzenhalter-80-mm-sand\/#primaryimage"},"thumbnailUrl":"https:\/\/i0.wp.com\/deenswonen.nl\/wp-content\/uploads\/2024\/03\/IMG_6838-3-kopieren-scaled.jpg?fit=1920%2C2560&ssl=1","datePublished":"2024-03-29T11:21:04+00:00","dateModified":"2024-03-29T11:36:18+00:00","description":"Der Iittala Kivi Kerzenhalter 80 mm Sand betont das einfache und elegante Design dieses Teelichthalters. \u221aSchneller Versand.","breadcrumb":{"@id":"https:\/\/deenswonen.nl\/de\/produkt\/iittala-kivi-kerzenhalter-80-mm-sand\/#breadcrumb"},"inLanguage":"de","potentialAction":[{"@type":"ReadAction","target":["https:\/\/deenswonen.nl\/de\/produkt\/iittala-kivi-kerzenhalter-80-mm-sand\/"]}]},{"@type":"ImageObject","inLanguage":"de","@id":"https:\/\/deenswonen.nl\/de\/produkt\/iittala-kivi-kerzenhalter-80-mm-sand\/#primaryimage","url":"https:\/\/i0.wp.com\/deenswonen.nl\/wp-content\/uploads\/2024\/03\/IMG_6838-3-kopieren-scaled.jpg?fit=1920%2C2560&ssl=1","contentUrl":"https:\/\/i0.wp.com\/deenswonen.nl\/wp-content\/uploads\/2024\/03\/IMG_6838-3-kopieren-scaled.jpg?fit=1920%2C2560&ssl=1","width":1920,"height":2560,"caption":"Iittala Kivi sfeerlicht 80 mm Zand"},{"@type":"BreadcrumbList","@id":"https:\/\/deenswonen.nl\/de\/produkt\/iittala-kivi-kerzenhalter-80-mm-sand\/#breadcrumb","itemListElement":[{"@type":"ListItem","position":1,"name":"Home","item":"https:\/\/deenswonen.nl\/de\/daenisch-leben\/"},{"@type":"ListItem","position":2,"name":"Winkel","item":"https:\/\/deenswonen.nl\/winkel\/"},{"@type":"ListItem","position":3,"name":"Iittala Kivi Kerzenhalter 80 mm Sand"}]},{"@type":"WebSite","@id":"https:\/\/deenswonen.nl\/de\/#website","url":"https:\/\/deenswonen.nl\/de\/","name":"Deens wonen","description":"Vintage skandinavische Wohnaccessoires","publisher":{"@id":"https:\/\/deenswonen.nl\/de\/#organization"},"potentialAction":[{"@type":"SearchAction","target":{"@type":"EntryPoint","urlTemplate":"https:\/\/deenswonen.nl\/de\/?s={search_term_string}"},"query-input":{"@type":"PropertyValueSpecification","valueRequired":true,"valueName":"search_term_string"}}],"inLanguage":"de"},{"@type":"Organization","@id":"https:\/\/deenswonen.nl\/de\/#organization","name":"D\u00e4nisch leben","url":"https:\/\/deenswonen.nl\/de\/","logo":{"@type":"ImageObject","inLanguage":"de","@id":"https:\/\/deenswonen.nl\/de\/#\/schema\/logo\/image\/","url":"https:\/\/i0.wp.com\/deenswonen.nl\/wp-content\/uploads\/2021\/11\/51ECE736-8380-4D65-ACA6-DE74174F3C35_1_201_a.jpeg?fit=1200%2C675&ssl=1","contentUrl":"https:\/\/i0.wp.com\/deenswonen.nl\/wp-content\/uploads\/2021\/11\/51ECE736-8380-4D65-ACA6-DE74174F3C35_1_201_a.jpeg?fit=1200%2C675&ssl=1","width":1200,"height":675,"caption":"D\u00e4nisch leben"},"image":{"@id":"https:\/\/deenswonen.nl\/de\/#\/schema\/logo\/image\/"}}]}},"jetpack_sharing_enabled":true,"_links":{"self":[{"href":"https:\/\/deenswonen.nl\/de\/wp-json\/wp\/v2\/product\/14425","targetHints":{"allow":["GET"]}}],"collection":[{"href":"https:\/\/deenswonen.nl\/de\/wp-json\/wp\/v2\/product"}],"about":[{"href":"https:\/\/deenswonen.nl\/de\/wp-json\/wp\/v2\/types\/product"}],"wp:featuredmedia":[{"embeddable":true,"href":"https:\/\/deenswonen.nl\/de\/wp-json\/wp\/v2\/media\/14452"}],"wp:attachment":[{"href":"https:\/\/deenswonen.nl\/de\/wp-json\/wp\/v2\/media?parent=14425"}],"wp:term":[{"taxonomy":"product_brand","embeddable":true,"href":"https:\/\/deenswonen.nl\/de\/wp-json\/wp\/v2\/product_brand?post=14425"},{"taxonomy":"product_cat","embeddable":true,"href":"https:\/\/deenswonen.nl\/de\/wp-json\/wp\/v2\/product_cat?post=14425"},{"taxonomy":"product_tag","embeddable":true,"href":"https:\/\/deenswonen.nl\/de\/wp-json\/wp\/v2\/product_tag?post=14425"}],"curies":[{"name":"wp","href":"https:\/\/api.w.org\/{rel}","templated":true}]}}