{"id":13996,"date":"2023-12-13T12:03:25","date_gmt":"2023-12-13T11:03:25","guid":{"rendered":"https:\/\/deenswonen.nl\/?post_type=product&#038;p=13996"},"modified":"2024-07-02T20:06:44","modified_gmt":"2024-07-02T18:06:44","slug":"georg-jensen-spin-box-schmuckschatulle-kopie","status":"publish","type":"product","link":"https:\/\/deenswonen.nl\/de\/produkt\/georg-jensen-spin-box-schmuckschatulle-kopie\/","title":{"rendered":"Wundersch\u00f6ne Georg Jensen Spin Box Gro\u00dfe Schmuckschatulle"},"content":{"rendered":"<h3>Wundersch\u00f6ne Georg Jensen Spin Box Gro\u00dfe Schmuckschatulle<\/h3>\n<p>Die Spin Box zeigt das reine und organische Design von Georg Jensen D\u00e4nemark. Kein Geringerer als Stardesigner Karim Rashid entwarf diese stilvolle Aufbewahrungsbox mit kryptischer Symbolik. Hergestellt aus rostfreiem Stahl mit wei\u00dfem Silikoneinsatz.<\/p>\n<h3>Spin Box<\/h3>\n<p>Die &#8218;Spin Box&#8216; ist eine limitierte Edition aus dem Jahr 2006, entstanden in Zusammenarbeit mit der amerikanischen Designlegende Karim Rashid. Es ist ein wundersch\u00f6nes Objekt mit einer einzigartigen Form und unvergesslichen flie\u00dfenden Kurven. Dieses elegante St\u00fcck ist perfekt f\u00fcr die Aufbewahrung von Schmuck, Manschettenkn\u00f6pfen, Schl\u00fcsseln, Kleingeld oder sogar zum Servieren von Snacks und Pralinen.<\/p>\n<h3>Spezifikationen der Spin Box<\/h3>\n<p>Diese atemberaubende Spin Box ist etwa 15 Jahre alt und in gutem Zustand. Die Abmessungen sind 27 x 27 x 9 cm (L x B x H). Das Design verf\u00fcgt \u00fcber ein verspiegeltes Geh\u00e4use aus rostfreiem Stahl mit einer wei\u00dfen Silikon-Innenschicht.<\/p>\n<h3>Geschichte von Georg Jensen<\/h3>\n<p>Mit einer Geschichte, die sich \u00fcber mehr als 100 Jahre erstreckt, steht die Marke Georg Jensen f\u00fcr hochwertige Handwerkskunst und zeitloses \u00e4sthetisches Design und produziert Lifestyle-Produkte, die von Geschirr bis zu Uhren, Schmuck und Haushaltsartikeln reichen.<\/p>\n<p>Die Philosophie von Georg Jensen war es, demokratische Designs zu schaffen, die sowohl Funktionalit\u00e4t als auch Sch\u00f6nheit besitzen. Seine handwerkliche Fertigkeit und sein k\u00fcnstlerisches Talent, kombiniert mit seiner st\u00e4ndigen F\u00e4higkeit, Designtalente zu identifizieren und zu f\u00f6rdern, bildeten die Grundlage, auf der er<\/p>\n","protected":false},"excerpt":{"rendered":"<p><span class=\"Y2IQFc\" lang=\"nl\">Die Spin-Box zeigt das reine und organische Design von Georg Jensen Denmark. Kein Geringerer als Stardesigner Karim Rashid entwarf die stylische Aufbewahrungsbox mit kryptischer Symbolik. <\/span><\/p>\n<p>&nbsp;<\/p>\n<ul>\n<li><strong>Skandinavisches Design<\/strong><\/li>\n<li><strong>Weltweiter Versand<\/strong><\/li>\n<li><strong>14 Tage Bedenkzeit<\/strong><\/li>\n<\/ul>\n","protected":false},"featured_media":15089,"template":"","meta":[],"product_brand":[],"product_cat":[172,164,98,156],"product_tag":[],"class_list":{"0":"post-13996","1":"product","2":"type-product","3":"status-publish","4":"has-post-thumbnail","6":"product_cat-aufbewahrung","7":"product_cat-bestseller","8":"product_cat-georg-jensen-de","9":"product_cat-neu-eingetroffen","10":"thunk-woo-product-list","11":"opn-qv-enable","12":"top-store-woo-hover-swap","13":"top-store-single-product-tab-horizontal","14":"top-store-shadow-","15":"top-store-shadow-hover-","16":"top-store-swap-item-hover","18":"first","19":"instock","20":"taxable","21":"shipping-taxable","22":"purchasable","23":"product-type-simple"},"yoast_head":"<!-- This site is optimized with the Yoast SEO plugin v27.3 - https:\/\/yoast.com\/product\/yoast-seo-wordpress\/ -->\n<title>Wundersch\u00f6ne Georg Jensen Spin Box Gro\u00dfe Schmuckschatulle - D\u00e4nisch leben<\/title>\n<meta name=\"description\" content=\"Sch\u00f6ne Georg Jensen Spin Box Schmuckschatulle. Die Spin-Box zeigt das reine und organische Design von Georg Jensen Denmark. Suchen Sie hier nach\" \/>\n<meta name=\"robots\" content=\"index, follow, max-snippet:-1, max-image-preview:large, max-video-preview:-1\" \/>\n<link rel=\"canonical\" href=\"https:\/\/deenswonen.nl\/de\/produkt\/georg-jensen-spin-box-schmuckschatulle-kopie\/\" \/>\n<meta property=\"og:locale\" content=\"de_DE\" \/>\n<meta property=\"og:type\" content=\"article\" \/>\n<meta property=\"og:title\" content=\"Wundersch\u00f6ne Georg Jensen Spin Box Gro\u00dfe Schmuckschatulle - D\u00e4nisch leben\" \/>\n<meta property=\"og:description\" content=\"Sch\u00f6ne Georg Jensen Spin Box Schmuckschatulle. Die Spin-Box zeigt das reine und organische Design von Georg Jensen Denmark. Suchen Sie hier nach\" \/>\n<meta property=\"og:url\" content=\"https:\/\/deenswonen.nl\/de\/produkt\/georg-jensen-spin-box-schmuckschatulle-kopie\/\" \/>\n<meta property=\"og:site_name\" content=\"D\u00e4nisch leben\" \/>\n<meta property=\"article:modified_time\" content=\"2024-07-02T18:06:44+00:00\" \/>\n<meta property=\"og:image\" content=\"https:\/\/i0.wp.com\/deenswonen.nl\/wp-content\/uploads\/2023\/12\/IMG_9856-2-kopieren-scaled.jpeg?fit=2560%2C1920&ssl=1\" \/>\n\t<meta property=\"og:image:width\" content=\"2560\" \/>\n\t<meta property=\"og:image:height\" content=\"1920\" \/>\n\t<meta property=\"og:image:type\" content=\"image\/jpeg\" \/>\n<meta name=\"twitter:card\" content=\"summary_large_image\" \/>\n<meta name=\"twitter:label1\" content=\"Gesch\u00e4tzte Lesezeit\" \/>\n\t<meta name=\"twitter:data1\" content=\"1\u00a0Minute\" \/>\n<script type=\"application\/ld+json\" class=\"yoast-schema-graph\">{\"@context\":\"https:\\\/\\\/schema.org\",\"@graph\":[{\"@type\":\"WebPage\",\"@id\":\"https:\\\/\\\/deenswonen.nl\\\/de\\\/produkt\\\/georg-jensen-spin-box-schmuckschatulle-kopie\\\/\",\"url\":\"https:\\\/\\\/deenswonen.nl\\\/de\\\/produkt\\\/georg-jensen-spin-box-schmuckschatulle-kopie\\\/\",\"name\":\"Wundersch\u00f6ne Georg Jensen Spin Box Gro\u00dfe Schmuckschatulle - D\u00e4nisch leben\",\"isPartOf\":{\"@id\":\"https:\\\/\\\/deenswonen.nl\\\/de\\\/#website\"},\"primaryImageOfPage\":{\"@id\":\"https:\\\/\\\/deenswonen.nl\\\/de\\\/produkt\\\/georg-jensen-spin-box-schmuckschatulle-kopie\\\/#primaryimage\"},\"image\":{\"@id\":\"https:\\\/\\\/deenswonen.nl\\\/de\\\/produkt\\\/georg-jensen-spin-box-schmuckschatulle-kopie\\\/#primaryimage\"},\"thumbnailUrl\":\"https:\\\/\\\/i0.wp.com\\\/deenswonen.nl\\\/wp-content\\\/uploads\\\/2023\\\/12\\\/IMG_9856-2-kopieren-scaled.jpeg?fit=2560%2C1920&ssl=1\",\"datePublished\":\"2023-12-13T11:03:25+00:00\",\"dateModified\":\"2024-07-02T18:06:44+00:00\",\"description\":\"Sch\u00f6ne Georg Jensen Spin Box Schmuckschatulle. Die Spin-Box zeigt das reine und organische Design von Georg Jensen Denmark. Suchen Sie hier nach\",\"breadcrumb\":{\"@id\":\"https:\\\/\\\/deenswonen.nl\\\/de\\\/produkt\\\/georg-jensen-spin-box-schmuckschatulle-kopie\\\/#breadcrumb\"},\"inLanguage\":\"de\",\"potentialAction\":[{\"@type\":\"ReadAction\",\"target\":[\"https:\\\/\\\/deenswonen.nl\\\/de\\\/produkt\\\/georg-jensen-spin-box-schmuckschatulle-kopie\\\/\"]}]},{\"@type\":\"ImageObject\",\"inLanguage\":\"de\",\"@id\":\"https:\\\/\\\/deenswonen.nl\\\/de\\\/produkt\\\/georg-jensen-spin-box-schmuckschatulle-kopie\\\/#primaryimage\",\"url\":\"https:\\\/\\\/i0.wp.com\\\/deenswonen.nl\\\/wp-content\\\/uploads\\\/2023\\\/12\\\/IMG_9856-2-kopieren-scaled.jpeg?fit=2560%2C1920&ssl=1\",\"contentUrl\":\"https:\\\/\\\/i0.wp.com\\\/deenswonen.nl\\\/wp-content\\\/uploads\\\/2023\\\/12\\\/IMG_9856-2-kopieren-scaled.jpeg?fit=2560%2C1920&ssl=1\",\"width\":2560,\"height\":1920,\"caption\":\"Georg Jensen Spin box Juwelenbox Large\"},{\"@type\":\"BreadcrumbList\",\"@id\":\"https:\\\/\\\/deenswonen.nl\\\/de\\\/produkt\\\/georg-jensen-spin-box-schmuckschatulle-kopie\\\/#breadcrumb\",\"itemListElement\":[{\"@type\":\"ListItem\",\"position\":1,\"name\":\"Home\",\"item\":\"https:\\\/\\\/deenswonen.nl\\\/de\\\/daenisch-leben\\\/\"},{\"@type\":\"ListItem\",\"position\":2,\"name\":\"Winkel\",\"item\":\"https:\\\/\\\/deenswonen.nl\\\/winkel\\\/\"},{\"@type\":\"ListItem\",\"position\":3,\"name\":\"Wundersch\u00f6ne Georg Jensen Spin Box Gro\u00dfe Schmuckschatulle\"}]},{\"@type\":\"WebSite\",\"@id\":\"https:\\\/\\\/deenswonen.nl\\\/de\\\/#website\",\"url\":\"https:\\\/\\\/deenswonen.nl\\\/de\\\/\",\"name\":\"Deens wonen\",\"description\":\"Vintage skandinavische Wohnaccessoires\",\"publisher\":{\"@id\":\"https:\\\/\\\/deenswonen.nl\\\/de\\\/#organization\"},\"potentialAction\":[{\"@type\":\"SearchAction\",\"target\":{\"@type\":\"EntryPoint\",\"urlTemplate\":\"https:\\\/\\\/deenswonen.nl\\\/de\\\/?s={search_term_string}\"},\"query-input\":{\"@type\":\"PropertyValueSpecification\",\"valueRequired\":true,\"valueName\":\"search_term_string\"}}],\"inLanguage\":\"de\"},{\"@type\":\"Organization\",\"@id\":\"https:\\\/\\\/deenswonen.nl\\\/de\\\/#organization\",\"name\":\"D\u00e4nisch leben\",\"url\":\"https:\\\/\\\/deenswonen.nl\\\/de\\\/\",\"logo\":{\"@type\":\"ImageObject\",\"inLanguage\":\"de\",\"@id\":\"https:\\\/\\\/deenswonen.nl\\\/de\\\/#\\\/schema\\\/logo\\\/image\\\/\",\"url\":\"https:\\\/\\\/i0.wp.com\\\/deenswonen.nl\\\/wp-content\\\/uploads\\\/2021\\\/11\\\/51ECE736-8380-4D65-ACA6-DE74174F3C35_1_201_a.jpeg?fit=1200%2C675&ssl=1\",\"contentUrl\":\"https:\\\/\\\/i0.wp.com\\\/deenswonen.nl\\\/wp-content\\\/uploads\\\/2021\\\/11\\\/51ECE736-8380-4D65-ACA6-DE74174F3C35_1_201_a.jpeg?fit=1200%2C675&ssl=1\",\"width\":1200,\"height\":675,\"caption\":\"D\u00e4nisch leben\"},\"image\":{\"@id\":\"https:\\\/\\\/deenswonen.nl\\\/de\\\/#\\\/schema\\\/logo\\\/image\\\/\"}}]}<\/script>\n<!-- \/ Yoast SEO plugin. -->","yoast_head_json":{"title":"Wundersch\u00f6ne Georg Jensen Spin Box Gro\u00dfe Schmuckschatulle - D\u00e4nisch leben","description":"Sch\u00f6ne Georg Jensen Spin Box Schmuckschatulle. Die Spin-Box zeigt das reine und organische Design von Georg Jensen Denmark. Suchen Sie hier nach","robots":{"index":"index","follow":"follow","max-snippet":"max-snippet:-1","max-image-preview":"max-image-preview:large","max-video-preview":"max-video-preview:-1"},"canonical":"https:\/\/deenswonen.nl\/de\/produkt\/georg-jensen-spin-box-schmuckschatulle-kopie\/","og_locale":"de_DE","og_type":"article","og_title":"Wundersch\u00f6ne Georg Jensen Spin Box Gro\u00dfe Schmuckschatulle - D\u00e4nisch leben","og_description":"Sch\u00f6ne Georg Jensen Spin Box Schmuckschatulle. Die Spin-Box zeigt das reine und organische Design von Georg Jensen Denmark. Suchen Sie hier nach","og_url":"https:\/\/deenswonen.nl\/de\/produkt\/georg-jensen-spin-box-schmuckschatulle-kopie\/","og_site_name":"D\u00e4nisch leben","article_modified_time":"2024-07-02T18:06:44+00:00","og_image":[{"width":2560,"height":1920,"url":"https:\/\/i0.wp.com\/deenswonen.nl\/wp-content\/uploads\/2023\/12\/IMG_9856-2-kopieren-scaled.jpeg?fit=2560%2C1920&ssl=1","type":"image\/jpeg"}],"twitter_card":"summary_large_image","twitter_misc":{"Gesch\u00e4tzte Lesezeit":"1\u00a0Minute"},"schema":{"@context":"https:\/\/schema.org","@graph":[{"@type":"WebPage","@id":"https:\/\/deenswonen.nl\/de\/produkt\/georg-jensen-spin-box-schmuckschatulle-kopie\/","url":"https:\/\/deenswonen.nl\/de\/produkt\/georg-jensen-spin-box-schmuckschatulle-kopie\/","name":"Wundersch\u00f6ne Georg Jensen Spin Box Gro\u00dfe Schmuckschatulle - D\u00e4nisch leben","isPartOf":{"@id":"https:\/\/deenswonen.nl\/de\/#website"},"primaryImageOfPage":{"@id":"https:\/\/deenswonen.nl\/de\/produkt\/georg-jensen-spin-box-schmuckschatulle-kopie\/#primaryimage"},"image":{"@id":"https:\/\/deenswonen.nl\/de\/produkt\/georg-jensen-spin-box-schmuckschatulle-kopie\/#primaryimage"},"thumbnailUrl":"https:\/\/i0.wp.com\/deenswonen.nl\/wp-content\/uploads\/2023\/12\/IMG_9856-2-kopieren-scaled.jpeg?fit=2560%2C1920&ssl=1","datePublished":"2023-12-13T11:03:25+00:00","dateModified":"2024-07-02T18:06:44+00:00","description":"Sch\u00f6ne Georg Jensen Spin Box Schmuckschatulle. Die Spin-Box zeigt das reine und organische Design von Georg Jensen Denmark. Suchen Sie hier nach","breadcrumb":{"@id":"https:\/\/deenswonen.nl\/de\/produkt\/georg-jensen-spin-box-schmuckschatulle-kopie\/#breadcrumb"},"inLanguage":"de","potentialAction":[{"@type":"ReadAction","target":["https:\/\/deenswonen.nl\/de\/produkt\/georg-jensen-spin-box-schmuckschatulle-kopie\/"]}]},{"@type":"ImageObject","inLanguage":"de","@id":"https:\/\/deenswonen.nl\/de\/produkt\/georg-jensen-spin-box-schmuckschatulle-kopie\/#primaryimage","url":"https:\/\/i0.wp.com\/deenswonen.nl\/wp-content\/uploads\/2023\/12\/IMG_9856-2-kopieren-scaled.jpeg?fit=2560%2C1920&ssl=1","contentUrl":"https:\/\/i0.wp.com\/deenswonen.nl\/wp-content\/uploads\/2023\/12\/IMG_9856-2-kopieren-scaled.jpeg?fit=2560%2C1920&ssl=1","width":2560,"height":1920,"caption":"Georg Jensen Spin box Juwelenbox Large"},{"@type":"BreadcrumbList","@id":"https:\/\/deenswonen.nl\/de\/produkt\/georg-jensen-spin-box-schmuckschatulle-kopie\/#breadcrumb","itemListElement":[{"@type":"ListItem","position":1,"name":"Home","item":"https:\/\/deenswonen.nl\/de\/daenisch-leben\/"},{"@type":"ListItem","position":2,"name":"Winkel","item":"https:\/\/deenswonen.nl\/winkel\/"},{"@type":"ListItem","position":3,"name":"Wundersch\u00f6ne Georg Jensen Spin Box Gro\u00dfe Schmuckschatulle"}]},{"@type":"WebSite","@id":"https:\/\/deenswonen.nl\/de\/#website","url":"https:\/\/deenswonen.nl\/de\/","name":"Deens wonen","description":"Vintage skandinavische Wohnaccessoires","publisher":{"@id":"https:\/\/deenswonen.nl\/de\/#organization"},"potentialAction":[{"@type":"SearchAction","target":{"@type":"EntryPoint","urlTemplate":"https:\/\/deenswonen.nl\/de\/?s={search_term_string}"},"query-input":{"@type":"PropertyValueSpecification","valueRequired":true,"valueName":"search_term_string"}}],"inLanguage":"de"},{"@type":"Organization","@id":"https:\/\/deenswonen.nl\/de\/#organization","name":"D\u00e4nisch leben","url":"https:\/\/deenswonen.nl\/de\/","logo":{"@type":"ImageObject","inLanguage":"de","@id":"https:\/\/deenswonen.nl\/de\/#\/schema\/logo\/image\/","url":"https:\/\/i0.wp.com\/deenswonen.nl\/wp-content\/uploads\/2021\/11\/51ECE736-8380-4D65-ACA6-DE74174F3C35_1_201_a.jpeg?fit=1200%2C675&ssl=1","contentUrl":"https:\/\/i0.wp.com\/deenswonen.nl\/wp-content\/uploads\/2021\/11\/51ECE736-8380-4D65-ACA6-DE74174F3C35_1_201_a.jpeg?fit=1200%2C675&ssl=1","width":1200,"height":675,"caption":"D\u00e4nisch leben"},"image":{"@id":"https:\/\/deenswonen.nl\/de\/#\/schema\/logo\/image\/"}}]}},"jetpack_sharing_enabled":true,"_links":{"self":[{"href":"https:\/\/deenswonen.nl\/de\/wp-json\/wp\/v2\/product\/13996","targetHints":{"allow":["GET"]}}],"collection":[{"href":"https:\/\/deenswonen.nl\/de\/wp-json\/wp\/v2\/product"}],"about":[{"href":"https:\/\/deenswonen.nl\/de\/wp-json\/wp\/v2\/types\/product"}],"wp:featuredmedia":[{"embeddable":true,"href":"https:\/\/deenswonen.nl\/de\/wp-json\/wp\/v2\/media\/15089"}],"wp:attachment":[{"href":"https:\/\/deenswonen.nl\/de\/wp-json\/wp\/v2\/media?parent=13996"}],"wp:term":[{"taxonomy":"product_brand","embeddable":true,"href":"https:\/\/deenswonen.nl\/de\/wp-json\/wp\/v2\/product_brand?post=13996"},{"taxonomy":"product_cat","embeddable":true,"href":"https:\/\/deenswonen.nl\/de\/wp-json\/wp\/v2\/product_cat?post=13996"},{"taxonomy":"product_tag","embeddable":true,"href":"https:\/\/deenswonen.nl\/de\/wp-json\/wp\/v2\/product_tag?post=13996"}],"curies":[{"name":"wp","href":"https:\/\/api.w.org\/{rel}","templated":true}]}}