{"id":13952,"date":"2023-12-07T16:35:25","date_gmt":"2023-12-07T15:35:25","guid":{"rendered":"https:\/\/deenswonen.nl\/product\/iittala-ballo-teelichthalter-grau\/"},"modified":"2023-12-07T16:35:25","modified_gmt":"2023-12-07T15:35:25","slug":"iittala-ballo-teelichthalter-grau","status":"publish","type":"product","link":"https:\/\/deenswonen.nl\/de\/produkt\/iittala-ballo-teelichthalter-grau\/","title":{"rendered":"Iittala Ballo Teelichthalter Grau"},"content":{"rendered":"<h2 id=\"tw-target-text\" class=\"tw-data-text tw-text-large XcVN5d tw-ta\" dir=\"ltr\" data-placeholder=\"Vertaling\">Iittala Ballo Teelichthalter Grau<\/h2>\n<p id=\"tw-target-text\" class=\"tw-data-text tw-text-large XcVN5d tw-ta\" dir=\"ltr\" data-placeholder=\"Vertaling\">Wundersch\u00f6ner Iittala Ballo Votive Teelichthalter in der Farbe Grau. Die iittala Ballo Teelichthalter werden in der Glasmanufaktur von Iittala in Finnland von Hand gepresst. Sie wurden auch in einer breiten Palette von Farben ver\u00f6ffentlicht. Iittala produziert jeden Kivi nach einem eigenen Glasrezept, das f\u00fcr diese Farbe entwickelt wurde. Dadurch erh\u00e4lt das dicke Glas einen sanften Glanz. Dies verleiht jedem Interieur eine warme Atmosph\u00e4re. Au\u00dferdem haben die Stimmungslichter an der Unterseite f\u00fcnf Beine, auf denen die Halterung steht.<\/p>\n<p>Kombinieren Sie diese Ballo&#8217;s zum Beispiel mit den Kivis von Iittale in verschiedenen Farben. So k\u00f6nnen Sie Ihre eigene skandinavische Umgebung gestalten. Der Iittala Ballo Teelichthalter f\u00fcgt jedem Interieur ein dezentes Element hinzu. Dadurch schaffen Sie ein weiches Ambiente. Daher ist es ein perfektes Geschenk f\u00fcr Hochzeiten, Jubil\u00e4en oder Geburtstage. Das Windlicht ist f\u00fcr Teelichter geeignet.<\/p>\n<h2>Entwurf Iittala Ballo<span lang=\"nl\"><\/span> <\/h2>\n<p>Der Iittala Ballo Votive Teelichthalter wurde zwischen 1990 und 1999 hergestellt. Der Ballo wurde von der finnischen Glask\u00fcnstlerin Annaleena Hakatie entworfen. Es ist ein modernes und funktionales Designobjekt. Das Besondere an den iittala Ballo&#8217;s ist, dass sie durch und durch aus farbigem Glas sind. Dies steht im Gegensatz zu anderen Teelichthaltern, bei denen das Glas auf der Au\u00dfenseite lackiert ist. Die Technik des durchgef\u00e4rbten Glases sorgt f\u00fcr eine besonders satte Farbe.<\/p>\n<h2 id=\"tw-target-text\" class=\"tw-data-text tw-text-large XcVN5d tw-ta\" dir=\"ltr\" data-placeholder=\"Vertaling\"><span lang=\"nl\">Spezifikationen Iittala Ballo Teelichthalter Grau<\/span><\/h2>\n<p class=\"tw-data-text tw-text-large XcVN5d tw-ta\" dir=\"ltr\" data-placeholder=\"Vertaling\"><span lang=\"nl\">Dieser<\/span> Iittala Ballo Votive Teelichthalter Grau <span lang=\"nl\">ist ca. 25 Jahre alt und in gutem Zustand.<\/span> <span lang=\"nl\">Das Stimmungslicht weist keine Sch\u00e4den oder Chips auf.<\/span><\/p>\n<p class=\"tw-data-text tw-text-large XcVN5d tw-ta\" dir=\"ltr\" data-placeholder=\"Vertaling\"> <span lang=\"nl\">Die H\u00f6he<\/span> <span lang=\"nl\">betr\u00e4gt<\/span> <span lang=\"nl\">45 mm und der Durchmesser 93 mm.<\/span><\/p>\n<p>Dieser <span lang=\"nl\">Teelichthalter<\/span> ist ca. 25 Jahre alt, deshalb bitten wir Sie, sich die Fotos genau anzusehen. Daarmee krijgt u een goede indruk van staat van de <span lang=\"nl\">waxinelichthouder<\/span>. Wir haben m\u00f6glicherweise mehrere Farben der Ballo-<span lang=\"nl\">Teelichthalter<\/span> <a href=\"https:\/\/deenswonen.nl\/product-categorie\/merken\/iittala\/\">auf Lager.<\/a><\/p>\n<p>Wir versenden alle unsere Produkte einfach verpackt mit Post NL. Unsere Produkte k\u00f6nnen auch nach Vereinbarung in Berkel en Rodenrijs abgeholt werden.<\/p>\n","protected":false},"excerpt":{"rendered":"<p id=\"tw-target-text\" class=\"tw-data-text tw-text-large XcVN5d tw-ta\" dir=\"ltr\" data-placeholder=\"Vertaling\">Wundersch\u00f6ner Iittala Ballo Votive Teelichthalter in der Farbe Grau. Die iittala Ballo Teelichthalter werden in der Glasmanufaktur von Iittala in Finnland von Hand gepresst. Sie wurden auch in einer breiten Palette von Farben ver\u00f6ffentlicht. Iittala produziert jeden Kivi nach einem eigenen Glasrezept, das f\u00fcr diese Farbe entwickelt wurde. Dadurch erh\u00e4lt das dicke Glas einen sanften Glanz. Dies verleiht jedem Interieur eine warme Atmosph\u00e4re. Au\u00dferdem haben die Stimmungslichter an der Unterseite f\u00fcnf Beine, auf denen die Halterung steht.<\/p>\n<p>Kombinieren Sie diese Ballo&#8217;s zum Beispiel mit den Kivis von Iittale in verschiedenen Farben. So k\u00f6nnen Sie Ihre eigene skandinavische Umgebung gestalten. Der Iittala Ballo Teelichthalter f\u00fcgt jedem Interieur ein dezentes Element hinzu. Dadurch schaffen Sie ein weiches Ambiente. Daher ist es ein perfektes Geschenk f\u00fcr Hochzeiten, Jubil\u00e4en oder Geburtstage. Das Windlicht ist f\u00fcr Teelichter geeignet.<\/p>\n<p>Dieser <span lang=\"nl\">Teelichthalter<\/span> ist ca. 25 Jahre alt, deshalb bitten wir Sie, sich die Fotos genau anzusehen. Daarmee krijgt u een goede indruk van staat van de <span lang=\"nl\">waxinelichthouder<\/span>. Wir haben m\u00f6glicherweise mehrere Farben der Ballo-<span lang=\"nl\">Teelichthalter<\/span> <a href=\"https:\/\/deenswonen.nl\/product-categorie\/merken\/iittala\/\">auf Lager.<\/a><\/p>\n<p>Wir versenden alle unsere Produkte einfach verpackt mit Post NL. Unsere Produkte k\u00f6nnen auch nach Vereinbarung in Berkel en Rodenrijs abgeholt werden.<\/p>\n","protected":false},"featured_media":13872,"template":"","meta":[],"product_brand":[],"product_cat":[164,100,168,156],"product_tag":[],"class_list":{"0":"post-13952","1":"product","2":"type-product","3":"status-publish","4":"has-post-thumbnail","6":"product_cat-bestseller","7":"product_cat-iittala-de","8":"product_cat-kerzenleuchter","9":"product_cat-neu-eingetroffen","10":"thunk-woo-product-list","11":"opn-qv-enable","12":"top-store-woo-hover-swap","13":"top-store-single-product-tab-horizontal","14":"top-store-shadow-","15":"top-store-shadow-hover-","17":"first","18":"instock","19":"taxable","20":"shipping-taxable","21":"purchasable","22":"product-type-simple"},"yoast_head":"<!-- This site is optimized with the Yoast SEO plugin v27.3 - https:\/\/yoast.com\/product\/yoast-seo-wordpress\/ -->\n<title>Iittala Ballo Teelichthalter Grau - D\u00e4nisch leben<\/title>\n<meta name=\"description\" content=\"Vintage Iittala Ballo Votiv Teelichthalter Grau. Suchen Sie hier nach weiteren Vintage-Wohnaccessoires von Iittala. \u221aGro\u00dfe Auswahl \u221aschneller Versand\" \/>\n<meta name=\"robots\" content=\"index, follow, max-snippet:-1, max-image-preview:large, max-video-preview:-1\" \/>\n<link rel=\"canonical\" href=\"https:\/\/deenswonen.nl\/de\/produkt\/iittala-ballo-teelichthalter-grau\/\" \/>\n<meta property=\"og:locale\" content=\"de_DE\" \/>\n<meta property=\"og:type\" content=\"article\" \/>\n<meta property=\"og:title\" content=\"Iittala Ballo Teelichthalter Grau - D\u00e4nisch leben\" \/>\n<meta property=\"og:description\" content=\"Vintage Iittala Ballo Votiv Teelichthalter Grau. Suchen Sie hier nach weiteren Vintage-Wohnaccessoires von Iittala. \u221aGro\u00dfe Auswahl \u221aschneller Versand\" \/>\n<meta property=\"og:url\" content=\"https:\/\/deenswonen.nl\/de\/produkt\/iittala-ballo-teelichthalter-grau\/\" \/>\n<meta property=\"og:site_name\" content=\"D\u00e4nisch leben\" \/>\n<meta property=\"og:image\" content=\"https:\/\/i0.wp.com\/deenswonen.nl\/wp-content\/uploads\/2023\/12\/30802004-1739-4D20-8341-93B63AB2A5C0_1_105_c-kopieren.jpg?fit=1024%2C769&ssl=1\" \/>\n\t<meta property=\"og:image:width\" content=\"1024\" \/>\n\t<meta property=\"og:image:height\" content=\"769\" \/>\n\t<meta property=\"og:image:type\" content=\"image\/jpeg\" \/>\n<meta name=\"twitter:card\" content=\"summary_large_image\" \/>\n<meta name=\"twitter:label1\" content=\"Gesch\u00e4tzte Lesezeit\" \/>\n\t<meta name=\"twitter:data1\" content=\"2\u00a0Minuten\" \/>\n<script type=\"application\/ld+json\" class=\"yoast-schema-graph\">{\"@context\":\"https:\\\/\\\/schema.org\",\"@graph\":[{\"@type\":\"WebPage\",\"@id\":\"https:\\\/\\\/deenswonen.nl\\\/de\\\/produkt\\\/iittala-ballo-teelichthalter-grau\\\/\",\"url\":\"https:\\\/\\\/deenswonen.nl\\\/de\\\/produkt\\\/iittala-ballo-teelichthalter-grau\\\/\",\"name\":\"Iittala Ballo Teelichthalter Grau - D\u00e4nisch leben\",\"isPartOf\":{\"@id\":\"https:\\\/\\\/deenswonen.nl\\\/de\\\/#website\"},\"primaryImageOfPage\":{\"@id\":\"https:\\\/\\\/deenswonen.nl\\\/de\\\/produkt\\\/iittala-ballo-teelichthalter-grau\\\/#primaryimage\"},\"image\":{\"@id\":\"https:\\\/\\\/deenswonen.nl\\\/de\\\/produkt\\\/iittala-ballo-teelichthalter-grau\\\/#primaryimage\"},\"thumbnailUrl\":\"https:\\\/\\\/i0.wp.com\\\/deenswonen.nl\\\/wp-content\\\/uploads\\\/2023\\\/12\\\/30802004-1739-4D20-8341-93B63AB2A5C0_1_105_c-kopieren.jpg?fit=1024%2C769&ssl=1\",\"datePublished\":\"2023-12-07T15:35:25+00:00\",\"description\":\"Vintage Iittala Ballo Votiv Teelichthalter Grau. Suchen Sie hier nach weiteren Vintage-Wohnaccessoires von Iittala. \u221aGro\u00dfe Auswahl \u221aschneller Versand\",\"breadcrumb\":{\"@id\":\"https:\\\/\\\/deenswonen.nl\\\/de\\\/produkt\\\/iittala-ballo-teelichthalter-grau\\\/#breadcrumb\"},\"inLanguage\":\"de\",\"potentialAction\":[{\"@type\":\"ReadAction\",\"target\":[\"https:\\\/\\\/deenswonen.nl\\\/de\\\/produkt\\\/iittala-ballo-teelichthalter-grau\\\/\"]}]},{\"@type\":\"ImageObject\",\"inLanguage\":\"de\",\"@id\":\"https:\\\/\\\/deenswonen.nl\\\/de\\\/produkt\\\/iittala-ballo-teelichthalter-grau\\\/#primaryimage\",\"url\":\"https:\\\/\\\/i0.wp.com\\\/deenswonen.nl\\\/wp-content\\\/uploads\\\/2023\\\/12\\\/30802004-1739-4D20-8341-93B63AB2A5C0_1_105_c-kopieren.jpg?fit=1024%2C769&ssl=1\",\"contentUrl\":\"https:\\\/\\\/i0.wp.com\\\/deenswonen.nl\\\/wp-content\\\/uploads\\\/2023\\\/12\\\/30802004-1739-4D20-8341-93B63AB2A5C0_1_105_c-kopieren.jpg?fit=1024%2C769&ssl=1\",\"width\":1024,\"height\":769,\"caption\":\"Iittala Ballo waxinelichthouder Grijs\"},{\"@type\":\"BreadcrumbList\",\"@id\":\"https:\\\/\\\/deenswonen.nl\\\/de\\\/produkt\\\/iittala-ballo-teelichthalter-grau\\\/#breadcrumb\",\"itemListElement\":[{\"@type\":\"ListItem\",\"position\":1,\"name\":\"Home\",\"item\":\"https:\\\/\\\/deenswonen.nl\\\/de\\\/daenisch-leben\\\/\"},{\"@type\":\"ListItem\",\"position\":2,\"name\":\"Winkel\",\"item\":\"https:\\\/\\\/deenswonen.nl\\\/winkel\\\/\"},{\"@type\":\"ListItem\",\"position\":3,\"name\":\"Iittala Ballo Teelichthalter Grau\"}]},{\"@type\":\"WebSite\",\"@id\":\"https:\\\/\\\/deenswonen.nl\\\/de\\\/#website\",\"url\":\"https:\\\/\\\/deenswonen.nl\\\/de\\\/\",\"name\":\"Deens wonen\",\"description\":\"Vintage skandinavische Wohnaccessoires\",\"publisher\":{\"@id\":\"https:\\\/\\\/deenswonen.nl\\\/de\\\/#organization\"},\"potentialAction\":[{\"@type\":\"SearchAction\",\"target\":{\"@type\":\"EntryPoint\",\"urlTemplate\":\"https:\\\/\\\/deenswonen.nl\\\/de\\\/?s={search_term_string}\"},\"query-input\":{\"@type\":\"PropertyValueSpecification\",\"valueRequired\":true,\"valueName\":\"search_term_string\"}}],\"inLanguage\":\"de\"},{\"@type\":\"Organization\",\"@id\":\"https:\\\/\\\/deenswonen.nl\\\/de\\\/#organization\",\"name\":\"D\u00e4nisch leben\",\"url\":\"https:\\\/\\\/deenswonen.nl\\\/de\\\/\",\"logo\":{\"@type\":\"ImageObject\",\"inLanguage\":\"de\",\"@id\":\"https:\\\/\\\/deenswonen.nl\\\/de\\\/#\\\/schema\\\/logo\\\/image\\\/\",\"url\":\"https:\\\/\\\/i0.wp.com\\\/deenswonen.nl\\\/wp-content\\\/uploads\\\/2021\\\/11\\\/51ECE736-8380-4D65-ACA6-DE74174F3C35_1_201_a.jpeg?fit=1200%2C675&ssl=1\",\"contentUrl\":\"https:\\\/\\\/i0.wp.com\\\/deenswonen.nl\\\/wp-content\\\/uploads\\\/2021\\\/11\\\/51ECE736-8380-4D65-ACA6-DE74174F3C35_1_201_a.jpeg?fit=1200%2C675&ssl=1\",\"width\":1200,\"height\":675,\"caption\":\"D\u00e4nisch leben\"},\"image\":{\"@id\":\"https:\\\/\\\/deenswonen.nl\\\/de\\\/#\\\/schema\\\/logo\\\/image\\\/\"}}]}<\/script>\n<!-- \/ Yoast SEO plugin. -->","yoast_head_json":{"title":"Iittala Ballo Teelichthalter Grau - D\u00e4nisch leben","description":"Vintage Iittala Ballo Votiv Teelichthalter Grau. Suchen Sie hier nach weiteren Vintage-Wohnaccessoires von Iittala. \u221aGro\u00dfe Auswahl \u221aschneller Versand","robots":{"index":"index","follow":"follow","max-snippet":"max-snippet:-1","max-image-preview":"max-image-preview:large","max-video-preview":"max-video-preview:-1"},"canonical":"https:\/\/deenswonen.nl\/de\/produkt\/iittala-ballo-teelichthalter-grau\/","og_locale":"de_DE","og_type":"article","og_title":"Iittala Ballo Teelichthalter Grau - D\u00e4nisch leben","og_description":"Vintage Iittala Ballo Votiv Teelichthalter Grau. Suchen Sie hier nach weiteren Vintage-Wohnaccessoires von Iittala. \u221aGro\u00dfe Auswahl \u221aschneller Versand","og_url":"https:\/\/deenswonen.nl\/de\/produkt\/iittala-ballo-teelichthalter-grau\/","og_site_name":"D\u00e4nisch leben","og_image":[{"width":1024,"height":769,"url":"https:\/\/i0.wp.com\/deenswonen.nl\/wp-content\/uploads\/2023\/12\/30802004-1739-4D20-8341-93B63AB2A5C0_1_105_c-kopieren.jpg?fit=1024%2C769&ssl=1","type":"image\/jpeg"}],"twitter_card":"summary_large_image","twitter_misc":{"Gesch\u00e4tzte Lesezeit":"2\u00a0Minuten"},"schema":{"@context":"https:\/\/schema.org","@graph":[{"@type":"WebPage","@id":"https:\/\/deenswonen.nl\/de\/produkt\/iittala-ballo-teelichthalter-grau\/","url":"https:\/\/deenswonen.nl\/de\/produkt\/iittala-ballo-teelichthalter-grau\/","name":"Iittala Ballo Teelichthalter Grau - D\u00e4nisch leben","isPartOf":{"@id":"https:\/\/deenswonen.nl\/de\/#website"},"primaryImageOfPage":{"@id":"https:\/\/deenswonen.nl\/de\/produkt\/iittala-ballo-teelichthalter-grau\/#primaryimage"},"image":{"@id":"https:\/\/deenswonen.nl\/de\/produkt\/iittala-ballo-teelichthalter-grau\/#primaryimage"},"thumbnailUrl":"https:\/\/i0.wp.com\/deenswonen.nl\/wp-content\/uploads\/2023\/12\/30802004-1739-4D20-8341-93B63AB2A5C0_1_105_c-kopieren.jpg?fit=1024%2C769&ssl=1","datePublished":"2023-12-07T15:35:25+00:00","description":"Vintage Iittala Ballo Votiv Teelichthalter Grau. Suchen Sie hier nach weiteren Vintage-Wohnaccessoires von Iittala. \u221aGro\u00dfe Auswahl \u221aschneller Versand","breadcrumb":{"@id":"https:\/\/deenswonen.nl\/de\/produkt\/iittala-ballo-teelichthalter-grau\/#breadcrumb"},"inLanguage":"de","potentialAction":[{"@type":"ReadAction","target":["https:\/\/deenswonen.nl\/de\/produkt\/iittala-ballo-teelichthalter-grau\/"]}]},{"@type":"ImageObject","inLanguage":"de","@id":"https:\/\/deenswonen.nl\/de\/produkt\/iittala-ballo-teelichthalter-grau\/#primaryimage","url":"https:\/\/i0.wp.com\/deenswonen.nl\/wp-content\/uploads\/2023\/12\/30802004-1739-4D20-8341-93B63AB2A5C0_1_105_c-kopieren.jpg?fit=1024%2C769&ssl=1","contentUrl":"https:\/\/i0.wp.com\/deenswonen.nl\/wp-content\/uploads\/2023\/12\/30802004-1739-4D20-8341-93B63AB2A5C0_1_105_c-kopieren.jpg?fit=1024%2C769&ssl=1","width":1024,"height":769,"caption":"Iittala Ballo waxinelichthouder Grijs"},{"@type":"BreadcrumbList","@id":"https:\/\/deenswonen.nl\/de\/produkt\/iittala-ballo-teelichthalter-grau\/#breadcrumb","itemListElement":[{"@type":"ListItem","position":1,"name":"Home","item":"https:\/\/deenswonen.nl\/de\/daenisch-leben\/"},{"@type":"ListItem","position":2,"name":"Winkel","item":"https:\/\/deenswonen.nl\/winkel\/"},{"@type":"ListItem","position":3,"name":"Iittala Ballo Teelichthalter Grau"}]},{"@type":"WebSite","@id":"https:\/\/deenswonen.nl\/de\/#website","url":"https:\/\/deenswonen.nl\/de\/","name":"Deens wonen","description":"Vintage skandinavische Wohnaccessoires","publisher":{"@id":"https:\/\/deenswonen.nl\/de\/#organization"},"potentialAction":[{"@type":"SearchAction","target":{"@type":"EntryPoint","urlTemplate":"https:\/\/deenswonen.nl\/de\/?s={search_term_string}"},"query-input":{"@type":"PropertyValueSpecification","valueRequired":true,"valueName":"search_term_string"}}],"inLanguage":"de"},{"@type":"Organization","@id":"https:\/\/deenswonen.nl\/de\/#organization","name":"D\u00e4nisch leben","url":"https:\/\/deenswonen.nl\/de\/","logo":{"@type":"ImageObject","inLanguage":"de","@id":"https:\/\/deenswonen.nl\/de\/#\/schema\/logo\/image\/","url":"https:\/\/i0.wp.com\/deenswonen.nl\/wp-content\/uploads\/2021\/11\/51ECE736-8380-4D65-ACA6-DE74174F3C35_1_201_a.jpeg?fit=1200%2C675&ssl=1","contentUrl":"https:\/\/i0.wp.com\/deenswonen.nl\/wp-content\/uploads\/2021\/11\/51ECE736-8380-4D65-ACA6-DE74174F3C35_1_201_a.jpeg?fit=1200%2C675&ssl=1","width":1200,"height":675,"caption":"D\u00e4nisch leben"},"image":{"@id":"https:\/\/deenswonen.nl\/de\/#\/schema\/logo\/image\/"}}]}},"jetpack_sharing_enabled":true,"_links":{"self":[{"href":"https:\/\/deenswonen.nl\/de\/wp-json\/wp\/v2\/product\/13952","targetHints":{"allow":["GET"]}}],"collection":[{"href":"https:\/\/deenswonen.nl\/de\/wp-json\/wp\/v2\/product"}],"about":[{"href":"https:\/\/deenswonen.nl\/de\/wp-json\/wp\/v2\/types\/product"}],"wp:featuredmedia":[{"embeddable":true,"href":"https:\/\/deenswonen.nl\/de\/wp-json\/wp\/v2\/media\/13872"}],"wp:attachment":[{"href":"https:\/\/deenswonen.nl\/de\/wp-json\/wp\/v2\/media?parent=13952"}],"wp:term":[{"taxonomy":"product_brand","embeddable":true,"href":"https:\/\/deenswonen.nl\/de\/wp-json\/wp\/v2\/product_brand?post=13952"},{"taxonomy":"product_cat","embeddable":true,"href":"https:\/\/deenswonen.nl\/de\/wp-json\/wp\/v2\/product_cat?post=13952"},{"taxonomy":"product_tag","embeddable":true,"href":"https:\/\/deenswonen.nl\/de\/wp-json\/wp\/v2\/product_tag?post=13952"}],"curies":[{"name":"wp","href":"https:\/\/api.w.org\/{rel}","templated":true}]}}