{"id":13921,"date":"2023-12-07T16:56:27","date_gmt":"2023-12-07T15:56:27","guid":{"rendered":"https:\/\/deenswonen.nl\/?post_type=product&#038;p=13921"},"modified":"2023-12-20T00:00:23","modified_gmt":"2023-12-19T23:00:23","slug":"iittala-kivi-stimmungslicht-60-mm-hellblau-kopie","status":"publish","type":"product","link":"https:\/\/deenswonen.nl\/de\/produkt\/iittala-kivi-stimmungslicht-60-mm-hellblau-kopie\/","title":{"rendered":"Iittala Kivi Stimmungslicht 60 mm Klar"},"content":{"rendered":"<h2 class=\"tw-data-text tw-text-large XcVN5d tw-ta\" dir=\"ltr\" data-placeholder=\"Vertaling\">Iittala Kivi Stimmungslicht 60 mm Klar<\/h2>\n<p class=\"tw-data-text tw-text-large XcVN5d tw-ta\" dir=\"ltr\" data-placeholder=\"Vertaling\">Wundersch\u00f6nes Iittala Kivi Stimmungslicht 60 mm in der Farbe Klar. Die iittala Kivis werden in der Glasmanufaktur von Iittala in Finnland von Hand gepresst. Sie wurden auch in einer breiten Palette von Farben ver\u00f6ffentlicht. Iittala produziert jeden Kivi nach einem eigenen Glasrezept, das f\u00fcr diese Farbe entwickelt wurde. Dadurch erh\u00e4lt das dicke Glas einen sanften Glanz. Dies verleiht jedem Interieur eine warme Atmosph\u00e4re. Au\u00dferdem sind die Windlichter auf der Unterseite mit Mari Mekko gekennzeichnet.<\/p>\n<p>Dieses Stimmungslicht Kivi in \u200b\u200bder Farbe Klarglas unterstreicht das schlichte und elegante Design dieses Teelichthalters. Kombinieren Sie zum Beispiel mehrere Kivis in verschiedenen Farben miteinander. So k\u00f6nnen Sie Ihre eigene skandinavische Umgebung gestalten. Das Iittala Kivi Stimmungslicht 60 mm f\u00fcgt jedem Interieur ein dezentes Element hinzu. Dadurch schaffen Sie ein weiches Ambiente. Daher ist es ein perfektes Geschenk f\u00fcr Hochzeiten, Jubil\u00e4en oder Geburtstage. Das Windlicht ist f\u00fcr Teelichter geeignet.<\/p>\n<h2>Entwurf <span lang=\"nl\">Iittala Kivi<\/span><\/h2>\n<p>Der Name Kivi kommt vom finnischen Wort f\u00fcr Stein. Diese kleinen Lichtjuwelen wurden 1988 von Heikki Orvola entworfen. Die Kivis bereichern das Licht der Flamme und machen das Licht noch intensiver. Das Besondere an den iittala Kivis ist, dass sie durch und durch aus farbigem Glas sind. Dies steht im Gegensatz zu anderen Teelichthaltern, bei denen das Glas auf der Au\u00dfenseite lackiert ist. Die Technik des durchgef\u00e4rbten Glases sorgt f\u00fcr eine besonders satte Farbe.<\/p>\n<h2 class=\"tw-data-text tw-text-large XcVN5d tw-ta\" dir=\"ltr\" data-placeholder=\"Vertaling\"><span lang=\"nl\">Spezifikationen <\/span><\/h2>\n<p class=\"tw-data-text tw-text-large XcVN5d tw-ta\" dir=\"ltr\" data-placeholder=\"Vertaling\"><span lang=\"nl\">Dieses sch\u00f6ne Windlicht ist in gutem Zustand. Das Windlicht hat keine Besch\u00e4digungen oder Chips. Die H\u00f6he<\/span> <span lang=\"nl\">ist<\/span> 60 mm und der Durchmesser betr\u00e4gt 65 mm.<\/p>\n<p>Dieses Windlicht ist ca. 10 Jahre alt, deshalb bitten wir Sie, sich die Fotos genau anzusehen. So erhalten Sie einen guten Eindruck vom Zustand des Stimmungslichts. M\u00f6glicherweise haben wir mehrere Farben und Gr\u00f6\u00dfen der Kivi-Stimmungslichter auf <strong><a href=\"https:\/\/deenswonen.nl\/product-categorie\/merken\/iittala\/\">Lager<\/a><\/strong> .<\/p>\n<p>Wir versenden alle unsere Produkte einfach verpackt mit Post NL. Unsere Produkte k\u00f6nnen auch nach Vereinbarung in Berkel en Rodenrijs abgeholt werden.<\/p>\n","protected":false},"excerpt":{"rendered":"<p>Der Name Kivi kommt vom finnischen Wort f\u00fcr Stein. Diese kleinen Lichtjuwelen wurden 1988 von Heikki Orvola entworfen. Die Kivis bereichern das Licht der Flamme und machen das Licht noch intensiver. Das Besondere an den iittala Kivis ist, dass sie durch und durch aus farbigem Glas gefertigt sind. Dies steht im Gegensatz zu vielen anderen Teelichthaltern, bei denen das Glas au\u00dfen lackiert ist. Die Technik des durchgef\u00e4rbten Glases sorgt f\u00fcr eine besonders satte Farbe.<\/p>\n<p>Dieses Windlicht ist ca. 10 Jahre alt, deshalb bitten wir Sie, sich die Fotos genau anzusehen. So erhalten Sie einen guten Eindruck vom Zustand des Stimmungslichts. If necessary, we have several Iittala kivis <strong><a href=\"https:\/\/deenswonen.nl\/product-categorie\/merken\/iittala\/\">available<\/a><\/strong>.<\/p>\n<p>&nbsp;<\/p>\n","protected":false},"featured_media":13928,"template":"","meta":[],"product_brand":[],"product_cat":[164,100,168,156],"product_tag":[],"class_list":{"0":"post-13921","1":"product","2":"type-product","3":"status-publish","4":"has-post-thumbnail","6":"product_cat-bestseller","7":"product_cat-iittala-de","8":"product_cat-kerzenleuchter","9":"product_cat-neu-eingetroffen","10":"thunk-woo-product-list","11":"opn-qv-enable","12":"top-store-woo-hover-swap","13":"top-store-single-product-tab-horizontal","14":"top-store-shadow-","15":"top-store-shadow-hover-","16":"top-store-swap-item-hover","18":"first","19":"outofstock","20":"taxable","21":"shipping-taxable","22":"purchasable","23":"product-type-simple"},"yoast_head":"<!-- This site is optimized with the Yoast SEO plugin v27.3 - https:\/\/yoast.com\/product\/yoast-seo-wordpress\/ -->\n<title>Iittala Kivi Stimmungslicht 60 mm Klar - D\u00e4nisch leben<\/title>\n<meta name=\"description\" content=\"Das Iittala Kivi Stimmungslicht Clear 60 mm unterstreicht das schlichte und elegante Design dieses Teelichthalters. \u221aSchneller Versand\" \/>\n<meta name=\"robots\" content=\"index, follow, max-snippet:-1, max-image-preview:large, max-video-preview:-1\" \/>\n<link rel=\"canonical\" href=\"https:\/\/deenswonen.nl\/de\/produkt\/iittala-kivi-stimmungslicht-60-mm-hellblau-kopie\/\" \/>\n<meta property=\"og:locale\" content=\"de_DE\" \/>\n<meta property=\"og:type\" content=\"article\" \/>\n<meta property=\"og:title\" content=\"Iittala Kivi Stimmungslicht 60 mm Klar - D\u00e4nisch leben\" \/>\n<meta property=\"og:description\" content=\"Das Iittala Kivi Stimmungslicht Clear 60 mm unterstreicht das schlichte und elegante Design dieses Teelichthalters. \u221aSchneller Versand\" \/>\n<meta property=\"og:url\" content=\"https:\/\/deenswonen.nl\/de\/produkt\/iittala-kivi-stimmungslicht-60-mm-hellblau-kopie\/\" \/>\n<meta property=\"og:site_name\" content=\"D\u00e4nisch leben\" \/>\n<meta property=\"article:modified_time\" content=\"2023-12-19T23:00:23+00:00\" \/>\n<meta property=\"og:image\" content=\"https:\/\/i0.wp.com\/deenswonen.nl\/wp-content\/uploads\/2023\/12\/74E4700F-FCBE-402F-8353-49F24B150934_1_105_c-kopieren.jpg?fit=768%2C1024&ssl=1\" \/>\n\t<meta property=\"og:image:width\" content=\"768\" \/>\n\t<meta property=\"og:image:height\" content=\"1024\" \/>\n\t<meta property=\"og:image:type\" content=\"image\/jpeg\" \/>\n<meta name=\"twitter:card\" content=\"summary_large_image\" \/>\n<meta name=\"twitter:label1\" content=\"Gesch\u00e4tzte Lesezeit\" \/>\n\t<meta name=\"twitter:data1\" content=\"2\u00a0Minuten\" \/>\n<script type=\"application\/ld+json\" class=\"yoast-schema-graph\">{\"@context\":\"https:\\\/\\\/schema.org\",\"@graph\":[{\"@type\":\"WebPage\",\"@id\":\"https:\\\/\\\/deenswonen.nl\\\/de\\\/produkt\\\/iittala-kivi-stimmungslicht-60-mm-hellblau-kopie\\\/\",\"url\":\"https:\\\/\\\/deenswonen.nl\\\/de\\\/produkt\\\/iittala-kivi-stimmungslicht-60-mm-hellblau-kopie\\\/\",\"name\":\"Iittala Kivi Stimmungslicht 60 mm Klar - D\u00e4nisch leben\",\"isPartOf\":{\"@id\":\"https:\\\/\\\/deenswonen.nl\\\/de\\\/#website\"},\"primaryImageOfPage\":{\"@id\":\"https:\\\/\\\/deenswonen.nl\\\/de\\\/produkt\\\/iittala-kivi-stimmungslicht-60-mm-hellblau-kopie\\\/#primaryimage\"},\"image\":{\"@id\":\"https:\\\/\\\/deenswonen.nl\\\/de\\\/produkt\\\/iittala-kivi-stimmungslicht-60-mm-hellblau-kopie\\\/#primaryimage\"},\"thumbnailUrl\":\"https:\\\/\\\/i0.wp.com\\\/deenswonen.nl\\\/wp-content\\\/uploads\\\/2023\\\/12\\\/74E4700F-FCBE-402F-8353-49F24B150934_1_105_c-kopieren.jpg?fit=768%2C1024&ssl=1\",\"datePublished\":\"2023-12-07T15:56:27+00:00\",\"dateModified\":\"2023-12-19T23:00:23+00:00\",\"description\":\"Das Iittala Kivi Stimmungslicht Clear 60 mm unterstreicht das schlichte und elegante Design dieses Teelichthalters. \u221aSchneller Versand\",\"breadcrumb\":{\"@id\":\"https:\\\/\\\/deenswonen.nl\\\/de\\\/produkt\\\/iittala-kivi-stimmungslicht-60-mm-hellblau-kopie\\\/#breadcrumb\"},\"inLanguage\":\"de\",\"potentialAction\":[{\"@type\":\"ReadAction\",\"target\":[\"https:\\\/\\\/deenswonen.nl\\\/de\\\/produkt\\\/iittala-kivi-stimmungslicht-60-mm-hellblau-kopie\\\/\"]}]},{\"@type\":\"ImageObject\",\"inLanguage\":\"de\",\"@id\":\"https:\\\/\\\/deenswonen.nl\\\/de\\\/produkt\\\/iittala-kivi-stimmungslicht-60-mm-hellblau-kopie\\\/#primaryimage\",\"url\":\"https:\\\/\\\/i0.wp.com\\\/deenswonen.nl\\\/wp-content\\\/uploads\\\/2023\\\/12\\\/74E4700F-FCBE-402F-8353-49F24B150934_1_105_c-kopieren.jpg?fit=768%2C1024&ssl=1\",\"contentUrl\":\"https:\\\/\\\/i0.wp.com\\\/deenswonen.nl\\\/wp-content\\\/uploads\\\/2023\\\/12\\\/74E4700F-FCBE-402F-8353-49F24B150934_1_105_c-kopieren.jpg?fit=768%2C1024&ssl=1\",\"width\":768,\"height\":1024,\"caption\":\"Iittala Kivi sfeerlicht 60 mm Helder\"},{\"@type\":\"BreadcrumbList\",\"@id\":\"https:\\\/\\\/deenswonen.nl\\\/de\\\/produkt\\\/iittala-kivi-stimmungslicht-60-mm-hellblau-kopie\\\/#breadcrumb\",\"itemListElement\":[{\"@type\":\"ListItem\",\"position\":1,\"name\":\"Home\",\"item\":\"https:\\\/\\\/deenswonen.nl\\\/de\\\/daenisch-leben\\\/\"},{\"@type\":\"ListItem\",\"position\":2,\"name\":\"Winkel\",\"item\":\"https:\\\/\\\/deenswonen.nl\\\/winkel\\\/\"},{\"@type\":\"ListItem\",\"position\":3,\"name\":\"Iittala Kivi Stimmungslicht 60 mm Klar\"}]},{\"@type\":\"WebSite\",\"@id\":\"https:\\\/\\\/deenswonen.nl\\\/de\\\/#website\",\"url\":\"https:\\\/\\\/deenswonen.nl\\\/de\\\/\",\"name\":\"Deens wonen\",\"description\":\"Vintage skandinavische Wohnaccessoires\",\"publisher\":{\"@id\":\"https:\\\/\\\/deenswonen.nl\\\/de\\\/#organization\"},\"potentialAction\":[{\"@type\":\"SearchAction\",\"target\":{\"@type\":\"EntryPoint\",\"urlTemplate\":\"https:\\\/\\\/deenswonen.nl\\\/de\\\/?s={search_term_string}\"},\"query-input\":{\"@type\":\"PropertyValueSpecification\",\"valueRequired\":true,\"valueName\":\"search_term_string\"}}],\"inLanguage\":\"de\"},{\"@type\":\"Organization\",\"@id\":\"https:\\\/\\\/deenswonen.nl\\\/de\\\/#organization\",\"name\":\"D\u00e4nisch leben\",\"url\":\"https:\\\/\\\/deenswonen.nl\\\/de\\\/\",\"logo\":{\"@type\":\"ImageObject\",\"inLanguage\":\"de\",\"@id\":\"https:\\\/\\\/deenswonen.nl\\\/de\\\/#\\\/schema\\\/logo\\\/image\\\/\",\"url\":\"https:\\\/\\\/i0.wp.com\\\/deenswonen.nl\\\/wp-content\\\/uploads\\\/2021\\\/11\\\/51ECE736-8380-4D65-ACA6-DE74174F3C35_1_201_a.jpeg?fit=1200%2C675&ssl=1\",\"contentUrl\":\"https:\\\/\\\/i0.wp.com\\\/deenswonen.nl\\\/wp-content\\\/uploads\\\/2021\\\/11\\\/51ECE736-8380-4D65-ACA6-DE74174F3C35_1_201_a.jpeg?fit=1200%2C675&ssl=1\",\"width\":1200,\"height\":675,\"caption\":\"D\u00e4nisch leben\"},\"image\":{\"@id\":\"https:\\\/\\\/deenswonen.nl\\\/de\\\/#\\\/schema\\\/logo\\\/image\\\/\"}}]}<\/script>\n<!-- \/ Yoast SEO plugin. -->","yoast_head_json":{"title":"Iittala Kivi Stimmungslicht 60 mm Klar - D\u00e4nisch leben","description":"Das Iittala Kivi Stimmungslicht Clear 60 mm unterstreicht das schlichte und elegante Design dieses Teelichthalters. \u221aSchneller Versand","robots":{"index":"index","follow":"follow","max-snippet":"max-snippet:-1","max-image-preview":"max-image-preview:large","max-video-preview":"max-video-preview:-1"},"canonical":"https:\/\/deenswonen.nl\/de\/produkt\/iittala-kivi-stimmungslicht-60-mm-hellblau-kopie\/","og_locale":"de_DE","og_type":"article","og_title":"Iittala Kivi Stimmungslicht 60 mm Klar - D\u00e4nisch leben","og_description":"Das Iittala Kivi Stimmungslicht Clear 60 mm unterstreicht das schlichte und elegante Design dieses Teelichthalters. \u221aSchneller Versand","og_url":"https:\/\/deenswonen.nl\/de\/produkt\/iittala-kivi-stimmungslicht-60-mm-hellblau-kopie\/","og_site_name":"D\u00e4nisch leben","article_modified_time":"2023-12-19T23:00:23+00:00","og_image":[{"width":768,"height":1024,"url":"https:\/\/i0.wp.com\/deenswonen.nl\/wp-content\/uploads\/2023\/12\/74E4700F-FCBE-402F-8353-49F24B150934_1_105_c-kopieren.jpg?fit=768%2C1024&ssl=1","type":"image\/jpeg"}],"twitter_card":"summary_large_image","twitter_misc":{"Gesch\u00e4tzte Lesezeit":"2\u00a0Minuten"},"schema":{"@context":"https:\/\/schema.org","@graph":[{"@type":"WebPage","@id":"https:\/\/deenswonen.nl\/de\/produkt\/iittala-kivi-stimmungslicht-60-mm-hellblau-kopie\/","url":"https:\/\/deenswonen.nl\/de\/produkt\/iittala-kivi-stimmungslicht-60-mm-hellblau-kopie\/","name":"Iittala Kivi Stimmungslicht 60 mm Klar - D\u00e4nisch leben","isPartOf":{"@id":"https:\/\/deenswonen.nl\/de\/#website"},"primaryImageOfPage":{"@id":"https:\/\/deenswonen.nl\/de\/produkt\/iittala-kivi-stimmungslicht-60-mm-hellblau-kopie\/#primaryimage"},"image":{"@id":"https:\/\/deenswonen.nl\/de\/produkt\/iittala-kivi-stimmungslicht-60-mm-hellblau-kopie\/#primaryimage"},"thumbnailUrl":"https:\/\/i0.wp.com\/deenswonen.nl\/wp-content\/uploads\/2023\/12\/74E4700F-FCBE-402F-8353-49F24B150934_1_105_c-kopieren.jpg?fit=768%2C1024&ssl=1","datePublished":"2023-12-07T15:56:27+00:00","dateModified":"2023-12-19T23:00:23+00:00","description":"Das Iittala Kivi Stimmungslicht Clear 60 mm unterstreicht das schlichte und elegante Design dieses Teelichthalters. \u221aSchneller Versand","breadcrumb":{"@id":"https:\/\/deenswonen.nl\/de\/produkt\/iittala-kivi-stimmungslicht-60-mm-hellblau-kopie\/#breadcrumb"},"inLanguage":"de","potentialAction":[{"@type":"ReadAction","target":["https:\/\/deenswonen.nl\/de\/produkt\/iittala-kivi-stimmungslicht-60-mm-hellblau-kopie\/"]}]},{"@type":"ImageObject","inLanguage":"de","@id":"https:\/\/deenswonen.nl\/de\/produkt\/iittala-kivi-stimmungslicht-60-mm-hellblau-kopie\/#primaryimage","url":"https:\/\/i0.wp.com\/deenswonen.nl\/wp-content\/uploads\/2023\/12\/74E4700F-FCBE-402F-8353-49F24B150934_1_105_c-kopieren.jpg?fit=768%2C1024&ssl=1","contentUrl":"https:\/\/i0.wp.com\/deenswonen.nl\/wp-content\/uploads\/2023\/12\/74E4700F-FCBE-402F-8353-49F24B150934_1_105_c-kopieren.jpg?fit=768%2C1024&ssl=1","width":768,"height":1024,"caption":"Iittala Kivi sfeerlicht 60 mm Helder"},{"@type":"BreadcrumbList","@id":"https:\/\/deenswonen.nl\/de\/produkt\/iittala-kivi-stimmungslicht-60-mm-hellblau-kopie\/#breadcrumb","itemListElement":[{"@type":"ListItem","position":1,"name":"Home","item":"https:\/\/deenswonen.nl\/de\/daenisch-leben\/"},{"@type":"ListItem","position":2,"name":"Winkel","item":"https:\/\/deenswonen.nl\/winkel\/"},{"@type":"ListItem","position":3,"name":"Iittala Kivi Stimmungslicht 60 mm Klar"}]},{"@type":"WebSite","@id":"https:\/\/deenswonen.nl\/de\/#website","url":"https:\/\/deenswonen.nl\/de\/","name":"Deens wonen","description":"Vintage skandinavische Wohnaccessoires","publisher":{"@id":"https:\/\/deenswonen.nl\/de\/#organization"},"potentialAction":[{"@type":"SearchAction","target":{"@type":"EntryPoint","urlTemplate":"https:\/\/deenswonen.nl\/de\/?s={search_term_string}"},"query-input":{"@type":"PropertyValueSpecification","valueRequired":true,"valueName":"search_term_string"}}],"inLanguage":"de"},{"@type":"Organization","@id":"https:\/\/deenswonen.nl\/de\/#organization","name":"D\u00e4nisch leben","url":"https:\/\/deenswonen.nl\/de\/","logo":{"@type":"ImageObject","inLanguage":"de","@id":"https:\/\/deenswonen.nl\/de\/#\/schema\/logo\/image\/","url":"https:\/\/i0.wp.com\/deenswonen.nl\/wp-content\/uploads\/2021\/11\/51ECE736-8380-4D65-ACA6-DE74174F3C35_1_201_a.jpeg?fit=1200%2C675&ssl=1","contentUrl":"https:\/\/i0.wp.com\/deenswonen.nl\/wp-content\/uploads\/2021\/11\/51ECE736-8380-4D65-ACA6-DE74174F3C35_1_201_a.jpeg?fit=1200%2C675&ssl=1","width":1200,"height":675,"caption":"D\u00e4nisch leben"},"image":{"@id":"https:\/\/deenswonen.nl\/de\/#\/schema\/logo\/image\/"}}]}},"jetpack_sharing_enabled":true,"_links":{"self":[{"href":"https:\/\/deenswonen.nl\/de\/wp-json\/wp\/v2\/product\/13921","targetHints":{"allow":["GET"]}}],"collection":[{"href":"https:\/\/deenswonen.nl\/de\/wp-json\/wp\/v2\/product"}],"about":[{"href":"https:\/\/deenswonen.nl\/de\/wp-json\/wp\/v2\/types\/product"}],"wp:featuredmedia":[{"embeddable":true,"href":"https:\/\/deenswonen.nl\/de\/wp-json\/wp\/v2\/media\/13928"}],"wp:attachment":[{"href":"https:\/\/deenswonen.nl\/de\/wp-json\/wp\/v2\/media?parent=13921"}],"wp:term":[{"taxonomy":"product_brand","embeddable":true,"href":"https:\/\/deenswonen.nl\/de\/wp-json\/wp\/v2\/product_brand?post=13921"},{"taxonomy":"product_cat","embeddable":true,"href":"https:\/\/deenswonen.nl\/de\/wp-json\/wp\/v2\/product_cat?post=13921"},{"taxonomy":"product_tag","embeddable":true,"href":"https:\/\/deenswonen.nl\/de\/wp-json\/wp\/v2\/product_tag?post=13921"}],"curies":[{"name":"wp","href":"https:\/\/api.w.org\/{rel}","templated":true}]}}