{"id":13722,"date":"2021-11-04T20:12:11","date_gmt":"2021-11-04T19:12:11","guid":{"rendered":"https:\/\/deenswonen.nl\/product\/stelton-salatschuessel-arne-jacobsen-aus-der-cylinda-line\/"},"modified":"2021-11-04T20:12:11","modified_gmt":"2021-11-04T19:12:11","slug":"stelton-salatschuessel-arne-jacobsen-aus-der-cylinda-linie","status":"publish","type":"product","link":"https:\/\/deenswonen.nl\/de\/produkt\/stelton-salatschuessel-arne-jacobsen-aus-der-cylinda-linie\/","title":{"rendered":"Stelton Salatsch\u00fcssel Arne Jacobsen aus der Cylinda Line"},"content":{"rendered":"<h2 class=\"product-title\">Stelton Salatsch\u00fcssel Arne Jacobsen aus der Cylinda Line<\/h2>\n<p>Stelton Salatsch\u00fcssel Arne Jacobsen aus der Cylinda Line. <span lang=\"nl\">Die zylindrische Salatsch\u00fcssel von Arne Jacobsen ist schlicht, \u00e4sthetisch und ohne \u00fcberfl\u00fcssige Details. Die Salatsch\u00fcssel aus rostfreiem, satiniertem Stahl schm\u00fcckt mit ihrer schlichten und zeitlosen Form. Vervollst\u00e4ndigen Sie die Portion mit dem dazugeh\u00f6rigen Arne Jacobsen Salatset.<\/span><\/p>\n<h2 class=\"description-action-box-title\">Design-Salatsch\u00fcssel<\/h2>\n<p class=\"description-action-box-title\">Die Cylinda Line Salatsch\u00fcssel wurde 1967 von Arne Jacobsen entworfen und wird seit 1972 verwendet. Produziert von Stelton. Das schlichte und doch markante Design der Schale hat nichts von seinem Charme verloren. Das Besondere an der Cylinda Line Salatsch\u00fcssel von Stelton ist die Doppelwand aus Edelstahl. Im Gegensatz zur Au\u00dfenwand ist die Innenwand nicht gerade, sondern abgerundet, was das Anheben des Salats erleichtert, ohne dass St\u00fccke in schwer zug\u00e4nglichen Ecken zur\u00fcckbleiben.<\/p>\n<h2 class=\"description-action-box-title\">Arne Jacobsen<\/h2>\n<div class=\"description-action-box-text\">\n<p id=\"tw-target-text\" class=\"tw-data-text tw-text-large XcVN5d tw-ta\" dir=\"ltr\" data-placeholder=\"Vertaling\"><span lang=\"nl\">Arne Jacobsen (1902-1971) ist einer der anerkanntesten d\u00e4nischen Architekten und Designer der Welt. Mit erstaunlicher Neugier, Originalit\u00e4t und Kreativit\u00e4t spielte Arne Jacobsen eine wichtige Rolle in der Moderne und der d\u00e4nischen Designgeschichte. Zeitgen\u00f6ssische Designer sind immer noch stark von seinen Arbeiten beeinflusst.<\/span><\/p>\n<h2><strong>Spezifikationen <\/strong><\/h2>\n<p>Diese Salatsch\u00fcssel ist ca. 2 Jahre alt und in gutem Zustand mit leichten Gebrauchsspuren. Der Aufkleber des Herstellers ist unter der Schale vorhanden. Die Salatsch\u00fcssel beinhaltet nicht das Salatbesteck.<\/p>\n<p>Die Ma\u00dfe dieser Salatsch\u00fcssel sind:<\/p>\n<ul>\n<li><span class=\"s1\">H\u014dhe: 14 cm <\/span><\/li>\n<li><span class=\"s1\">Durchmesser: 25 cm <\/span><\/li>\n<\/ul>\n<\/div>\n<h2>Geschichte Stelton<\/h2>\n<p id=\"tw-target-text\" class=\"tw-data-text tw-text-large XcVN5d tw-ta\" dir=\"ltr\" data-placeholder=\"Vertaling\"><span lang=\"nl\">Stellan und Carton waren zwei Freunde, die durch die Kombination ihrer Vornamen eine der bekanntesten Designmarken D\u00e4nemarks gr\u00fcndeten: Stelton. Ihr Handelsunternehmen wurde urspr\u00fcnglich verkauft <\/span><span lang=\"nl\">Turnschuhe und M\u00f6bel, aber die L\u00e4den kamen richtig in Schwung, als sie von einer kleinen Fabrik namens \u201eDansk Rustfrit\u201c in F\u00e5revejle in D\u00e4nemark h\u00f6rten.<\/span><\/p>\n<p id=\"tw-target-text\" class=\"tw-data-text tw-text-large XcVN5d tw-ta\" dir=\"ltr\" data-placeholder=\"Vertaling\"><span lang=\"nl\">Dansk Rustfrit produziert beliebte Servierteile aus Edelstahl. Nach Abschluss einer Vereinbarung mit Dansk Rustfrit begann Stelton mit der Vermarktung einer Saucensch\u00fcssel aus Edelstahl. Diese So\u00dfenschale ging in den d\u00e4nischen Baum\u00e4rkten wie warme Semmeln weg und die Schalen wurden auch au\u00dferhalb D\u00e4nemarks ein gro\u00dfer Erfolg.<\/span><\/p>\n<p>Diese Schale ist ca. 2 Jahre alt, daher bitten wir Sie, sich die Fotos genau anzusehen. So erhalten Sie einen guten Eindruck vom Zustand der Schale. Bei Bedarf halten wir auch das passende Salatbesteck <a href=\"https:\/\/deenswonen.nl\/product-categorie\/merken\/stelton\/\">bereit<\/a>.<\/p>\n<p>Die Schale wird sorgf\u00e4ltig verpackt und per Post verschickt. Es ist auch m\u00f6glich, die Sch\u00fcssel nach Vereinbarung in Berkel en Rodenrijs abzuholen.<\/p>\n","protected":false},"excerpt":{"rendered":"<p>Stelton Salatsch\u00fcssel Arne Jacobsen aus der Cylinda Line. <span lang=\"nl\">Die zylindrische Salatsch\u00fcssel von Arne Jacobsen ist schlicht, \u00e4sthetisch und ohne \u00fcberfl\u00fcssige Details. Die Salatsch\u00fcssel aus rostfreiem, satiniertem Stahl schm\u00fcckt mit ihrer schlichten und zeitlosen Form. Vervollst\u00e4ndigen Sie die Portion mit dem dazugeh\u00f6rigen Arne Jacobsen Salatset. Die Sch\u00fcssel beinhaltet nicht das Salatbesteck.<\/span><\/p>\n<p class=\"description-action-box-title\">Diese Schale ist ca. 2 Jahre alt, daher bitten wir Sie, sich die Fotos genau anzusehen. So erhalten Sie einen guten Eindruck vom Zustand der Schale. Bei Bedarf halten wir auch das passende Salatbesteck <a href=\"https:\/\/deenswonen.nl\/product-categorie\/merken\/stelton\/\">bereit<\/a>.<\/p>\n","protected":false},"featured_media":2670,"template":"","meta":[],"product_brand":[],"product_cat":[170,156,148],"product_tag":[],"class_list":{"0":"post-13722","1":"product","2":"type-product","3":"status-publish","4":"has-post-thumbnail","6":"product_cat-kochzubehor","7":"product_cat-neu-eingetroffen","8":"product_cat-stelton-de","9":"thunk-woo-product-list","10":"opn-qv-enable","11":"top-store-woo-hover-swap","12":"top-store-single-product-tab-horizontal","13":"top-store-shadow-","14":"top-store-shadow-hover-","16":"first","17":"outofstock","18":"taxable","19":"shipping-taxable","20":"purchasable","21":"product-type-simple"},"yoast_head":"<!-- This site is optimized with the Yoast SEO plugin v27.3 - https:\/\/yoast.com\/product\/yoast-seo-wordpress\/ -->\n<title>Stelton Salatsch\u00fcssel Arne Jacobsen aus der Cylinda Line<\/title>\n<meta name=\"description\" content=\"Stelton Salatsch\u00fcssel, entworfen von Arne Jacobsen aus der Cylinda-Linie. Die zylindrische Salatsch\u00fcssel hat eine schlichte \u00c4sthetik ohne \u00fcberfl\u00fcssige Details.\" \/>\n<meta name=\"robots\" content=\"index, follow, max-snippet:-1, max-image-preview:large, max-video-preview:-1\" \/>\n<link rel=\"canonical\" href=\"https:\/\/deenswonen.nl\/de\/produkt\/stelton-salatschuessel-arne-jacobsen-aus-der-cylinda-linie\/\" \/>\n<meta property=\"og:locale\" content=\"de_DE\" \/>\n<meta property=\"og:type\" content=\"article\" \/>\n<meta property=\"og:title\" content=\"Stelton Salatsch\u00fcssel Arne Jacobsen aus der Cylinda Line\" \/>\n<meta property=\"og:description\" content=\"Stelton Salatsch\u00fcssel, entworfen von Arne Jacobsen aus der Cylinda-Linie. Die zylindrische Salatsch\u00fcssel hat eine schlichte \u00c4sthetik ohne \u00fcberfl\u00fcssige Details.\" \/>\n<meta property=\"og:url\" content=\"https:\/\/deenswonen.nl\/de\/produkt\/stelton-salatschuessel-arne-jacobsen-aus-der-cylinda-linie\/\" \/>\n<meta property=\"og:site_name\" content=\"D\u00e4nisch leben\" \/>\n<meta property=\"og:image\" content=\"https:\/\/i0.wp.com\/deenswonen.nl\/wp-content\/uploads\/2021\/11\/7E12FF18-164F-4BF5-8002-2727CC22C302.jpeg?fit=1280%2C960&ssl=1\" \/>\n\t<meta property=\"og:image:width\" content=\"1280\" \/>\n\t<meta property=\"og:image:height\" content=\"960\" \/>\n\t<meta property=\"og:image:type\" content=\"image\/jpeg\" \/>\n<meta name=\"twitter:card\" content=\"summary_large_image\" \/>\n<meta name=\"twitter:label1\" content=\"Gesch\u00e4tzte Lesezeit\" \/>\n\t<meta name=\"twitter:data1\" content=\"2\u00a0Minuten\" \/>\n<script type=\"application\/ld+json\" class=\"yoast-schema-graph\">{\"@context\":\"https:\\\/\\\/schema.org\",\"@graph\":[{\"@type\":\"WebPage\",\"@id\":\"https:\\\/\\\/deenswonen.nl\\\/de\\\/produkt\\\/stelton-salatschuessel-arne-jacobsen-aus-der-cylinda-linie\\\/\",\"url\":\"https:\\\/\\\/deenswonen.nl\\\/de\\\/produkt\\\/stelton-salatschuessel-arne-jacobsen-aus-der-cylinda-linie\\\/\",\"name\":\"Stelton Salatsch\u00fcssel Arne Jacobsen aus der Cylinda Line\",\"isPartOf\":{\"@id\":\"https:\\\/\\\/deenswonen.nl\\\/de\\\/#website\"},\"primaryImageOfPage\":{\"@id\":\"https:\\\/\\\/deenswonen.nl\\\/de\\\/produkt\\\/stelton-salatschuessel-arne-jacobsen-aus-der-cylinda-linie\\\/#primaryimage\"},\"image\":{\"@id\":\"https:\\\/\\\/deenswonen.nl\\\/de\\\/produkt\\\/stelton-salatschuessel-arne-jacobsen-aus-der-cylinda-linie\\\/#primaryimage\"},\"thumbnailUrl\":\"https:\\\/\\\/i0.wp.com\\\/deenswonen.nl\\\/wp-content\\\/uploads\\\/2021\\\/11\\\/7E12FF18-164F-4BF5-8002-2727CC22C302.jpeg?fit=1280%2C960&ssl=1\",\"datePublished\":\"2021-11-04T19:12:11+00:00\",\"description\":\"Stelton Salatsch\u00fcssel, entworfen von Arne Jacobsen aus der Cylinda-Linie. Die zylindrische Salatsch\u00fcssel hat eine schlichte \u00c4sthetik ohne \u00fcberfl\u00fcssige Details.\",\"breadcrumb\":{\"@id\":\"https:\\\/\\\/deenswonen.nl\\\/de\\\/produkt\\\/stelton-salatschuessel-arne-jacobsen-aus-der-cylinda-linie\\\/#breadcrumb\"},\"inLanguage\":\"de\",\"potentialAction\":[{\"@type\":\"ReadAction\",\"target\":[\"https:\\\/\\\/deenswonen.nl\\\/de\\\/produkt\\\/stelton-salatschuessel-arne-jacobsen-aus-der-cylinda-linie\\\/\"]}]},{\"@type\":\"ImageObject\",\"inLanguage\":\"de\",\"@id\":\"https:\\\/\\\/deenswonen.nl\\\/de\\\/produkt\\\/stelton-salatschuessel-arne-jacobsen-aus-der-cylinda-linie\\\/#primaryimage\",\"url\":\"https:\\\/\\\/i0.wp.com\\\/deenswonen.nl\\\/wp-content\\\/uploads\\\/2021\\\/11\\\/7E12FF18-164F-4BF5-8002-2727CC22C302.jpeg?fit=1280%2C960&ssl=1\",\"contentUrl\":\"https:\\\/\\\/i0.wp.com\\\/deenswonen.nl\\\/wp-content\\\/uploads\\\/2021\\\/11\\\/7E12FF18-164F-4BF5-8002-2727CC22C302.jpeg?fit=1280%2C960&ssl=1\",\"width\":1280,\"height\":960,\"caption\":\"Abbildung der in dieser Anzeige angebotenen Stelton Salatsch\u00fcssel, entworfen von Arne Jacobsen.\"},{\"@type\":\"BreadcrumbList\",\"@id\":\"https:\\\/\\\/deenswonen.nl\\\/de\\\/produkt\\\/stelton-salatschuessel-arne-jacobsen-aus-der-cylinda-linie\\\/#breadcrumb\",\"itemListElement\":[{\"@type\":\"ListItem\",\"position\":1,\"name\":\"Home\",\"item\":\"https:\\\/\\\/deenswonen.nl\\\/de\\\/daenisch-leben\\\/\"},{\"@type\":\"ListItem\",\"position\":2,\"name\":\"Winkel\",\"item\":\"https:\\\/\\\/deenswonen.nl\\\/winkel\\\/\"},{\"@type\":\"ListItem\",\"position\":3,\"name\":\"Stelton Salatsch\u00fcssel Arne Jacobsen aus der Cylinda Line\"}]},{\"@type\":\"WebSite\",\"@id\":\"https:\\\/\\\/deenswonen.nl\\\/de\\\/#website\",\"url\":\"https:\\\/\\\/deenswonen.nl\\\/de\\\/\",\"name\":\"Deens wonen\",\"description\":\"Vintage skandinavische Wohnaccessoires\",\"publisher\":{\"@id\":\"https:\\\/\\\/deenswonen.nl\\\/de\\\/#organization\"},\"potentialAction\":[{\"@type\":\"SearchAction\",\"target\":{\"@type\":\"EntryPoint\",\"urlTemplate\":\"https:\\\/\\\/deenswonen.nl\\\/de\\\/?s={search_term_string}\"},\"query-input\":{\"@type\":\"PropertyValueSpecification\",\"valueRequired\":true,\"valueName\":\"search_term_string\"}}],\"inLanguage\":\"de\"},{\"@type\":\"Organization\",\"@id\":\"https:\\\/\\\/deenswonen.nl\\\/de\\\/#organization\",\"name\":\"D\u00e4nisch leben\",\"url\":\"https:\\\/\\\/deenswonen.nl\\\/de\\\/\",\"logo\":{\"@type\":\"ImageObject\",\"inLanguage\":\"de\",\"@id\":\"https:\\\/\\\/deenswonen.nl\\\/de\\\/#\\\/schema\\\/logo\\\/image\\\/\",\"url\":\"https:\\\/\\\/i0.wp.com\\\/deenswonen.nl\\\/wp-content\\\/uploads\\\/2021\\\/11\\\/51ECE736-8380-4D65-ACA6-DE74174F3C35_1_201_a.jpeg?fit=1200%2C675&ssl=1\",\"contentUrl\":\"https:\\\/\\\/i0.wp.com\\\/deenswonen.nl\\\/wp-content\\\/uploads\\\/2021\\\/11\\\/51ECE736-8380-4D65-ACA6-DE74174F3C35_1_201_a.jpeg?fit=1200%2C675&ssl=1\",\"width\":1200,\"height\":675,\"caption\":\"D\u00e4nisch leben\"},\"image\":{\"@id\":\"https:\\\/\\\/deenswonen.nl\\\/de\\\/#\\\/schema\\\/logo\\\/image\\\/\"}}]}<\/script>\n<!-- \/ Yoast SEO plugin. -->","yoast_head_json":{"title":"Stelton Salatsch\u00fcssel Arne Jacobsen aus der Cylinda Line","description":"Stelton Salatsch\u00fcssel, entworfen von Arne Jacobsen aus der Cylinda-Linie. Die zylindrische Salatsch\u00fcssel hat eine schlichte \u00c4sthetik ohne \u00fcberfl\u00fcssige Details.","robots":{"index":"index","follow":"follow","max-snippet":"max-snippet:-1","max-image-preview":"max-image-preview:large","max-video-preview":"max-video-preview:-1"},"canonical":"https:\/\/deenswonen.nl\/de\/produkt\/stelton-salatschuessel-arne-jacobsen-aus-der-cylinda-linie\/","og_locale":"de_DE","og_type":"article","og_title":"Stelton Salatsch\u00fcssel Arne Jacobsen aus der Cylinda Line","og_description":"Stelton Salatsch\u00fcssel, entworfen von Arne Jacobsen aus der Cylinda-Linie. Die zylindrische Salatsch\u00fcssel hat eine schlichte \u00c4sthetik ohne \u00fcberfl\u00fcssige Details.","og_url":"https:\/\/deenswonen.nl\/de\/produkt\/stelton-salatschuessel-arne-jacobsen-aus-der-cylinda-linie\/","og_site_name":"D\u00e4nisch leben","og_image":[{"width":1280,"height":960,"url":"https:\/\/i0.wp.com\/deenswonen.nl\/wp-content\/uploads\/2021\/11\/7E12FF18-164F-4BF5-8002-2727CC22C302.jpeg?fit=1280%2C960&ssl=1","type":"image\/jpeg"}],"twitter_card":"summary_large_image","twitter_misc":{"Gesch\u00e4tzte Lesezeit":"2\u00a0Minuten"},"schema":{"@context":"https:\/\/schema.org","@graph":[{"@type":"WebPage","@id":"https:\/\/deenswonen.nl\/de\/produkt\/stelton-salatschuessel-arne-jacobsen-aus-der-cylinda-linie\/","url":"https:\/\/deenswonen.nl\/de\/produkt\/stelton-salatschuessel-arne-jacobsen-aus-der-cylinda-linie\/","name":"Stelton Salatsch\u00fcssel Arne Jacobsen aus der Cylinda Line","isPartOf":{"@id":"https:\/\/deenswonen.nl\/de\/#website"},"primaryImageOfPage":{"@id":"https:\/\/deenswonen.nl\/de\/produkt\/stelton-salatschuessel-arne-jacobsen-aus-der-cylinda-linie\/#primaryimage"},"image":{"@id":"https:\/\/deenswonen.nl\/de\/produkt\/stelton-salatschuessel-arne-jacobsen-aus-der-cylinda-linie\/#primaryimage"},"thumbnailUrl":"https:\/\/i0.wp.com\/deenswonen.nl\/wp-content\/uploads\/2021\/11\/7E12FF18-164F-4BF5-8002-2727CC22C302.jpeg?fit=1280%2C960&ssl=1","datePublished":"2021-11-04T19:12:11+00:00","description":"Stelton Salatsch\u00fcssel, entworfen von Arne Jacobsen aus der Cylinda-Linie. Die zylindrische Salatsch\u00fcssel hat eine schlichte \u00c4sthetik ohne \u00fcberfl\u00fcssige Details.","breadcrumb":{"@id":"https:\/\/deenswonen.nl\/de\/produkt\/stelton-salatschuessel-arne-jacobsen-aus-der-cylinda-linie\/#breadcrumb"},"inLanguage":"de","potentialAction":[{"@type":"ReadAction","target":["https:\/\/deenswonen.nl\/de\/produkt\/stelton-salatschuessel-arne-jacobsen-aus-der-cylinda-linie\/"]}]},{"@type":"ImageObject","inLanguage":"de","@id":"https:\/\/deenswonen.nl\/de\/produkt\/stelton-salatschuessel-arne-jacobsen-aus-der-cylinda-linie\/#primaryimage","url":"https:\/\/i0.wp.com\/deenswonen.nl\/wp-content\/uploads\/2021\/11\/7E12FF18-164F-4BF5-8002-2727CC22C302.jpeg?fit=1280%2C960&ssl=1","contentUrl":"https:\/\/i0.wp.com\/deenswonen.nl\/wp-content\/uploads\/2021\/11\/7E12FF18-164F-4BF5-8002-2727CC22C302.jpeg?fit=1280%2C960&ssl=1","width":1280,"height":960,"caption":"Abbildung der in dieser Anzeige angebotenen Stelton Salatsch\u00fcssel, entworfen von Arne Jacobsen."},{"@type":"BreadcrumbList","@id":"https:\/\/deenswonen.nl\/de\/produkt\/stelton-salatschuessel-arne-jacobsen-aus-der-cylinda-linie\/#breadcrumb","itemListElement":[{"@type":"ListItem","position":1,"name":"Home","item":"https:\/\/deenswonen.nl\/de\/daenisch-leben\/"},{"@type":"ListItem","position":2,"name":"Winkel","item":"https:\/\/deenswonen.nl\/winkel\/"},{"@type":"ListItem","position":3,"name":"Stelton Salatsch\u00fcssel Arne Jacobsen aus der Cylinda Line"}]},{"@type":"WebSite","@id":"https:\/\/deenswonen.nl\/de\/#website","url":"https:\/\/deenswonen.nl\/de\/","name":"Deens wonen","description":"Vintage skandinavische Wohnaccessoires","publisher":{"@id":"https:\/\/deenswonen.nl\/de\/#organization"},"potentialAction":[{"@type":"SearchAction","target":{"@type":"EntryPoint","urlTemplate":"https:\/\/deenswonen.nl\/de\/?s={search_term_string}"},"query-input":{"@type":"PropertyValueSpecification","valueRequired":true,"valueName":"search_term_string"}}],"inLanguage":"de"},{"@type":"Organization","@id":"https:\/\/deenswonen.nl\/de\/#organization","name":"D\u00e4nisch leben","url":"https:\/\/deenswonen.nl\/de\/","logo":{"@type":"ImageObject","inLanguage":"de","@id":"https:\/\/deenswonen.nl\/de\/#\/schema\/logo\/image\/","url":"https:\/\/i0.wp.com\/deenswonen.nl\/wp-content\/uploads\/2021\/11\/51ECE736-8380-4D65-ACA6-DE74174F3C35_1_201_a.jpeg?fit=1200%2C675&ssl=1","contentUrl":"https:\/\/i0.wp.com\/deenswonen.nl\/wp-content\/uploads\/2021\/11\/51ECE736-8380-4D65-ACA6-DE74174F3C35_1_201_a.jpeg?fit=1200%2C675&ssl=1","width":1200,"height":675,"caption":"D\u00e4nisch leben"},"image":{"@id":"https:\/\/deenswonen.nl\/de\/#\/schema\/logo\/image\/"}}]}},"jetpack_sharing_enabled":true,"_links":{"self":[{"href":"https:\/\/deenswonen.nl\/de\/wp-json\/wp\/v2\/product\/13722","targetHints":{"allow":["GET"]}}],"collection":[{"href":"https:\/\/deenswonen.nl\/de\/wp-json\/wp\/v2\/product"}],"about":[{"href":"https:\/\/deenswonen.nl\/de\/wp-json\/wp\/v2\/types\/product"}],"wp:featuredmedia":[{"embeddable":true,"href":"https:\/\/deenswonen.nl\/de\/wp-json\/wp\/v2\/media\/2670"}],"wp:attachment":[{"href":"https:\/\/deenswonen.nl\/de\/wp-json\/wp\/v2\/media?parent=13722"}],"wp:term":[{"taxonomy":"product_brand","embeddable":true,"href":"https:\/\/deenswonen.nl\/de\/wp-json\/wp\/v2\/product_brand?post=13722"},{"taxonomy":"product_cat","embeddable":true,"href":"https:\/\/deenswonen.nl\/de\/wp-json\/wp\/v2\/product_cat?post=13722"},{"taxonomy":"product_tag","embeddable":true,"href":"https:\/\/deenswonen.nl\/de\/wp-json\/wp\/v2\/product_tag?post=13722"}],"curies":[{"name":"wp","href":"https:\/\/api.w.org\/{rel}","templated":true}]}}