{"id":13697,"date":"2021-12-14T10:25:52","date_gmt":"2021-12-14T09:25:52","guid":{"rendered":"https:\/\/deenswonen.nl\/product\/menue-verner-panton-tasse-lila-210-ml\/"},"modified":"2024-09-30T20:18:14","modified_gmt":"2024-09-30T18:18:14","slug":"menu-verner-panton-tasse-lila-210-ml","status":"publish","type":"product","link":"https:\/\/deenswonen.nl\/de\/produkt\/menu-verner-panton-tasse-lila-210-ml\/","title":{"rendered":"Men\u00fc Verner Panton Tasse lila 210 ml"},"content":{"rendered":"<div class=\"slot slot--description slot--seperated js_slot-description\" data-bltgg=\"mdHko4FFlXXAEuPqitFBZw.2_9\">\n<div data-test=\"product-description\" data-bltgi=\"mdHko4FFlXXAEuPqitFBZw.2_9.10\">\n<h2 class=\"product-description\" data-test=\"description\">Design Menu Verner Panton Tasse lila<strong><\/strong><\/h2>\n<\/div>\n<\/div>\n<div class=\"woocommerce-product-details__short-description\">\n<p>Sch\u00f6ne Verner Panton Tasse Lila, entworfen f\u00fcr Menu. Das Geometri 1 Design verleiht den Bechern ein zeitloses und modernes Aussehen.<\/p>\n<p>Diese Porzellantassen zeigen das weltber\u00fchmte Grafikdesign \u201eGeometri 1\u201c aus dem Jahr 1960 des d\u00e4nischen Architekten\/Designers Verner Panton. Das Geometri-Design wurde als Premiere auf Textilien verw\u00f6hnt und begehrte internationale Designpreise. Dieses Dekor macht diese Tassen und alle anderen Artikel aus der Panton-Serie zu \u201eDesignklassikern\u201c, zeitlos modern.<\/p>\n<h2 dir=\"ltr\" data-placeholder=\"Vertaling\">Geometri 1<\/h2>\n<p id=\"tw-target-text\" class=\"tw-data-text tw-text-large XcVN5d tw-ta\" dir=\"ltr\" data-placeholder=\"Vertaling\"><span class=\"Y2IQFc\" lang=\"nl\">1960 entwarf Verner Panton ein geometrisch gemustertes Kissen und nannte es passend Geometri; Heute ist Pantons Design Teil einer breiteren Kollektion, die auch Arbeiten von Charles und Ray Eames oder Alexander Girard umfasst. Und eine Kollektion, die sich durch die allgemeine Verwendung angenehmer Doppelpunkte und interessanter Muster perfekt erg\u00e4nzt und kontrastiert. Mit dem Geometri Kissen nutzt Verner Panton den klassischen Kontrast von Schwarz und Wei\u00df in Form von Kreisen und Quadraten, das Ergebnis ist ein dekoratives Muster, das in jedem Wohnzimmer eine ganz echte Gem\u00fctlichkeit erzeugt.<\/span><\/p>\n<\/div>\n<h2><strong>Technische Daten Menu Verner Panton Tasse lila<\/strong><\/h2>\n<p>Die Tasse ist ca. 10 Jahre alt und in gutem Zustand.<\/p>\n<p>Die Messungen sind:<\/p>\n<ul>\n<li><span class=\"s1\">H\u014dhe: 11 cm <\/span><\/li>\n<li><span class=\"s1\">Durchmesser: 8 cm<\/span><\/li>\n<\/ul>\n<h2><strong>Verner Panton <\/strong><\/h2>\n<p>Verner Panton wurde in den 1960er Jahren durch seine abstrakten M\u00f6belentw\u00fcrfe bekannt. Er bevorzugte die Verwendung von k\u00fcnstlichen Materialien. Dennoch lie\u00df er sich f\u00fcr seine Werke oft von der Natur inspirieren. Parallelen zur Natur sind auch bei der Pantop H\u00e4ngelampe erkennbar. Denken Sie an die Glockenblumenbl\u00fcten, die vielerorts die Wiesen und Felder bev\u00f6lkern.<\/p>\n<p>Die Tasse ist ca. 10 Jahre alt, deshalb bitten wir Sie, sich die Fotos genau anzusehen. So erhalten Sie einen guten Eindruck vom Zustand der Tasse. Wir haben mehrere Produkte aus der Verner Panton Serie von Menu im <a href=\"https:\/\/deenswonen.nl\/product-categorie\/merken\/menu\/\">Angebot<\/a>.<\/p>\n<p>Die Tasse wird sorgf\u00e4ltig verpackt und mit Post NL versendet. Es ist auch m\u00f6glich, unsere Produkte nach Vereinbarung in Berkel en Rodenrijs abzuholen.<\/p>\n","protected":false},"excerpt":{"rendered":"<p>Diese Porzellantasse zeigt das weltber\u00fchmte Grafikdesign \u201eGeometri 1\u201c aus dem Jahr 1960 des d\u00e4nischen Architekten\/Designers Verner Panton. Das Geometri-Design wurde als Premiere auf Textilien verw\u00f6hnt und begehrte internationale Designpreise. Dieses Dekor macht diese Tassen und alle anderen Artikel aus der Panton-Serie zu \u201eDesignklassikern\u201c, zeitlos modern.<\/p>\n<p>Die Tasse ist ca. 10 Jahre alt, deshalb bitten wir Sie, sich die Fotos genau anzusehen. So erhalten Sie einen guten Eindruck vom Zustand der Tasse.<\/p>\n","protected":false},"featured_media":2466,"template":"","meta":[],"product_brand":[],"product_cat":[164,174,104,156,150],"product_tag":[128,115],"class_list":{"0":"post-13697","1":"product","2":"type-product","3":"status-publish","4":"has-post-thumbnail","6":"product_cat-bestseller","7":"product_cat-geschirr","8":"product_cat-menu-de","9":"product_cat-neu-eingetroffen","10":"product_cat-verner-panton-de","11":"product_tag-violett","12":"product_tag-weis","13":"thunk-woo-product-list","14":"opn-qv-enable","15":"top-store-woo-hover-swap","16":"top-store-single-product-tab-horizontal","17":"top-store-shadow-","18":"top-store-shadow-hover-","20":"first","21":"outofstock","22":"taxable","23":"shipping-taxable","24":"purchasable","25":"product-type-simple"},"yoast_head":"<!-- This site is optimized with the Yoast SEO plugin v27.3 - https:\/\/yoast.com\/product\/yoast-seo-wordpress\/ -->\n<title>Men\u00fc Verner Panton Tasse lila 210 ml - D\u00e4nisch leben<\/title>\n<meta name=\"description\" content=\"Wundersch\u00f6ner Designbecher mit violett-wei\u00dfem Aufdruck des weltber\u00fchmten Designers Verner Panton f\u00fcr Menu. Weitere Informationen finden Sie hier.\" \/>\n<meta name=\"robots\" content=\"index, follow, max-snippet:-1, max-image-preview:large, max-video-preview:-1\" \/>\n<link rel=\"canonical\" href=\"https:\/\/deenswonen.nl\/de\/produkt\/menu-verner-panton-tasse-lila-210-ml\/\" \/>\n<meta property=\"og:locale\" content=\"de_DE\" \/>\n<meta property=\"og:type\" content=\"article\" \/>\n<meta property=\"og:title\" content=\"Men\u00fc Verner Panton Tasse lila 210 ml - D\u00e4nisch leben\" \/>\n<meta property=\"og:description\" content=\"Wundersch\u00f6ner Designbecher mit violett-wei\u00dfem Aufdruck des weltber\u00fchmten Designers Verner Panton f\u00fcr Menu. Weitere Informationen finden Sie hier.\" \/>\n<meta property=\"og:url\" content=\"https:\/\/deenswonen.nl\/de\/produkt\/menu-verner-panton-tasse-lila-210-ml\/\" \/>\n<meta property=\"og:site_name\" content=\"D\u00e4nisch leben\" \/>\n<meta property=\"article:modified_time\" content=\"2024-09-30T18:18:14+00:00\" \/>\n<meta property=\"og:image\" content=\"https:\/\/i0.wp.com\/deenswonen.nl\/wp-content\/uploads\/2021\/12\/1AAEDAA0-BCD6-4D39-8CD1-BE7308D7AC81.jpeg?fit=960%2C1280&ssl=1\" \/>\n\t<meta property=\"og:image:width\" content=\"960\" \/>\n\t<meta property=\"og:image:height\" content=\"1280\" \/>\n\t<meta property=\"og:image:type\" content=\"image\/jpeg\" \/>\n<meta name=\"twitter:card\" content=\"summary_large_image\" \/>\n<meta name=\"twitter:label1\" content=\"Gesch\u00e4tzte Lesezeit\" \/>\n\t<meta name=\"twitter:data1\" content=\"2\u00a0Minuten\" \/>\n<script type=\"application\/ld+json\" class=\"yoast-schema-graph\">{\"@context\":\"https:\\\/\\\/schema.org\",\"@graph\":[{\"@type\":\"WebPage\",\"@id\":\"https:\\\/\\\/deenswonen.nl\\\/de\\\/produkt\\\/menu-verner-panton-tasse-lila-210-ml\\\/\",\"url\":\"https:\\\/\\\/deenswonen.nl\\\/de\\\/produkt\\\/menu-verner-panton-tasse-lila-210-ml\\\/\",\"name\":\"Men\u00fc Verner Panton Tasse lila 210 ml - D\u00e4nisch leben\",\"isPartOf\":{\"@id\":\"https:\\\/\\\/deenswonen.nl\\\/de\\\/#website\"},\"primaryImageOfPage\":{\"@id\":\"https:\\\/\\\/deenswonen.nl\\\/de\\\/produkt\\\/menu-verner-panton-tasse-lila-210-ml\\\/#primaryimage\"},\"image\":{\"@id\":\"https:\\\/\\\/deenswonen.nl\\\/de\\\/produkt\\\/menu-verner-panton-tasse-lila-210-ml\\\/#primaryimage\"},\"thumbnailUrl\":\"https:\\\/\\\/i0.wp.com\\\/deenswonen.nl\\\/wp-content\\\/uploads\\\/2021\\\/12\\\/1AAEDAA0-BCD6-4D39-8CD1-BE7308D7AC81.jpeg?fit=960%2C1280&ssl=1\",\"datePublished\":\"2021-12-14T09:25:52+00:00\",\"dateModified\":\"2024-09-30T18:18:14+00:00\",\"description\":\"Wundersch\u00f6ner Designbecher mit violett-wei\u00dfem Aufdruck des weltber\u00fchmten Designers Verner Panton f\u00fcr Menu. Weitere Informationen finden Sie hier.\",\"breadcrumb\":{\"@id\":\"https:\\\/\\\/deenswonen.nl\\\/de\\\/produkt\\\/menu-verner-panton-tasse-lila-210-ml\\\/#breadcrumb\"},\"inLanguage\":\"de\",\"potentialAction\":[{\"@type\":\"ReadAction\",\"target\":[\"https:\\\/\\\/deenswonen.nl\\\/de\\\/produkt\\\/menu-verner-panton-tasse-lila-210-ml\\\/\"]}]},{\"@type\":\"ImageObject\",\"inLanguage\":\"de\",\"@id\":\"https:\\\/\\\/deenswonen.nl\\\/de\\\/produkt\\\/menu-verner-panton-tasse-lila-210-ml\\\/#primaryimage\",\"url\":\"https:\\\/\\\/i0.wp.com\\\/deenswonen.nl\\\/wp-content\\\/uploads\\\/2021\\\/12\\\/1AAEDAA0-BCD6-4D39-8CD1-BE7308D7AC81.jpeg?fit=960%2C1280&ssl=1\",\"contentUrl\":\"https:\\\/\\\/i0.wp.com\\\/deenswonen.nl\\\/wp-content\\\/uploads\\\/2021\\\/12\\\/1AAEDAA0-BCD6-4D39-8CD1-BE7308D7AC81.jpeg?fit=960%2C1280&ssl=1\",\"width\":960,\"height\":1280,\"caption\":\"Abbildung der in dieser Anzeige angebotenen Verner Panton Men\u00fctasse lila wei\u00df 210 ml.\"},{\"@type\":\"BreadcrumbList\",\"@id\":\"https:\\\/\\\/deenswonen.nl\\\/de\\\/produkt\\\/menu-verner-panton-tasse-lila-210-ml\\\/#breadcrumb\",\"itemListElement\":[{\"@type\":\"ListItem\",\"position\":1,\"name\":\"Home\",\"item\":\"https:\\\/\\\/deenswonen.nl\\\/de\\\/daenisch-leben\\\/\"},{\"@type\":\"ListItem\",\"position\":2,\"name\":\"Winkel\",\"item\":\"https:\\\/\\\/deenswonen.nl\\\/winkel\\\/\"},{\"@type\":\"ListItem\",\"position\":3,\"name\":\"Men\u00fc Verner Panton Tasse lila 210 ml\"}]},{\"@type\":\"WebSite\",\"@id\":\"https:\\\/\\\/deenswonen.nl\\\/de\\\/#website\",\"url\":\"https:\\\/\\\/deenswonen.nl\\\/de\\\/\",\"name\":\"Deens wonen\",\"description\":\"Vintage skandinavische Wohnaccessoires\",\"publisher\":{\"@id\":\"https:\\\/\\\/deenswonen.nl\\\/de\\\/#organization\"},\"potentialAction\":[{\"@type\":\"SearchAction\",\"target\":{\"@type\":\"EntryPoint\",\"urlTemplate\":\"https:\\\/\\\/deenswonen.nl\\\/de\\\/?s={search_term_string}\"},\"query-input\":{\"@type\":\"PropertyValueSpecification\",\"valueRequired\":true,\"valueName\":\"search_term_string\"}}],\"inLanguage\":\"de\"},{\"@type\":\"Organization\",\"@id\":\"https:\\\/\\\/deenswonen.nl\\\/de\\\/#organization\",\"name\":\"D\u00e4nisch leben\",\"url\":\"https:\\\/\\\/deenswonen.nl\\\/de\\\/\",\"logo\":{\"@type\":\"ImageObject\",\"inLanguage\":\"de\",\"@id\":\"https:\\\/\\\/deenswonen.nl\\\/de\\\/#\\\/schema\\\/logo\\\/image\\\/\",\"url\":\"https:\\\/\\\/i0.wp.com\\\/deenswonen.nl\\\/wp-content\\\/uploads\\\/2021\\\/11\\\/51ECE736-8380-4D65-ACA6-DE74174F3C35_1_201_a.jpeg?fit=1200%2C675&ssl=1\",\"contentUrl\":\"https:\\\/\\\/i0.wp.com\\\/deenswonen.nl\\\/wp-content\\\/uploads\\\/2021\\\/11\\\/51ECE736-8380-4D65-ACA6-DE74174F3C35_1_201_a.jpeg?fit=1200%2C675&ssl=1\",\"width\":1200,\"height\":675,\"caption\":\"D\u00e4nisch leben\"},\"image\":{\"@id\":\"https:\\\/\\\/deenswonen.nl\\\/de\\\/#\\\/schema\\\/logo\\\/image\\\/\"}}]}<\/script>\n<!-- \/ Yoast SEO plugin. -->","yoast_head_json":{"title":"Men\u00fc Verner Panton Tasse lila 210 ml - D\u00e4nisch leben","description":"Wundersch\u00f6ner Designbecher mit violett-wei\u00dfem Aufdruck des weltber\u00fchmten Designers Verner Panton f\u00fcr Menu. Weitere Informationen finden Sie hier.","robots":{"index":"index","follow":"follow","max-snippet":"max-snippet:-1","max-image-preview":"max-image-preview:large","max-video-preview":"max-video-preview:-1"},"canonical":"https:\/\/deenswonen.nl\/de\/produkt\/menu-verner-panton-tasse-lila-210-ml\/","og_locale":"de_DE","og_type":"article","og_title":"Men\u00fc Verner Panton Tasse lila 210 ml - D\u00e4nisch leben","og_description":"Wundersch\u00f6ner Designbecher mit violett-wei\u00dfem Aufdruck des weltber\u00fchmten Designers Verner Panton f\u00fcr Menu. Weitere Informationen finden Sie hier.","og_url":"https:\/\/deenswonen.nl\/de\/produkt\/menu-verner-panton-tasse-lila-210-ml\/","og_site_name":"D\u00e4nisch leben","article_modified_time":"2024-09-30T18:18:14+00:00","og_image":[{"width":960,"height":1280,"url":"https:\/\/i0.wp.com\/deenswonen.nl\/wp-content\/uploads\/2021\/12\/1AAEDAA0-BCD6-4D39-8CD1-BE7308D7AC81.jpeg?fit=960%2C1280&ssl=1","type":"image\/jpeg"}],"twitter_card":"summary_large_image","twitter_misc":{"Gesch\u00e4tzte Lesezeit":"2\u00a0Minuten"},"schema":{"@context":"https:\/\/schema.org","@graph":[{"@type":"WebPage","@id":"https:\/\/deenswonen.nl\/de\/produkt\/menu-verner-panton-tasse-lila-210-ml\/","url":"https:\/\/deenswonen.nl\/de\/produkt\/menu-verner-panton-tasse-lila-210-ml\/","name":"Men\u00fc Verner Panton Tasse lila 210 ml - D\u00e4nisch leben","isPartOf":{"@id":"https:\/\/deenswonen.nl\/de\/#website"},"primaryImageOfPage":{"@id":"https:\/\/deenswonen.nl\/de\/produkt\/menu-verner-panton-tasse-lila-210-ml\/#primaryimage"},"image":{"@id":"https:\/\/deenswonen.nl\/de\/produkt\/menu-verner-panton-tasse-lila-210-ml\/#primaryimage"},"thumbnailUrl":"https:\/\/i0.wp.com\/deenswonen.nl\/wp-content\/uploads\/2021\/12\/1AAEDAA0-BCD6-4D39-8CD1-BE7308D7AC81.jpeg?fit=960%2C1280&ssl=1","datePublished":"2021-12-14T09:25:52+00:00","dateModified":"2024-09-30T18:18:14+00:00","description":"Wundersch\u00f6ner Designbecher mit violett-wei\u00dfem Aufdruck des weltber\u00fchmten Designers Verner Panton f\u00fcr Menu. Weitere Informationen finden Sie hier.","breadcrumb":{"@id":"https:\/\/deenswonen.nl\/de\/produkt\/menu-verner-panton-tasse-lila-210-ml\/#breadcrumb"},"inLanguage":"de","potentialAction":[{"@type":"ReadAction","target":["https:\/\/deenswonen.nl\/de\/produkt\/menu-verner-panton-tasse-lila-210-ml\/"]}]},{"@type":"ImageObject","inLanguage":"de","@id":"https:\/\/deenswonen.nl\/de\/produkt\/menu-verner-panton-tasse-lila-210-ml\/#primaryimage","url":"https:\/\/i0.wp.com\/deenswonen.nl\/wp-content\/uploads\/2021\/12\/1AAEDAA0-BCD6-4D39-8CD1-BE7308D7AC81.jpeg?fit=960%2C1280&ssl=1","contentUrl":"https:\/\/i0.wp.com\/deenswonen.nl\/wp-content\/uploads\/2021\/12\/1AAEDAA0-BCD6-4D39-8CD1-BE7308D7AC81.jpeg?fit=960%2C1280&ssl=1","width":960,"height":1280,"caption":"Abbildung der in dieser Anzeige angebotenen Verner Panton Men\u00fctasse lila wei\u00df 210 ml."},{"@type":"BreadcrumbList","@id":"https:\/\/deenswonen.nl\/de\/produkt\/menu-verner-panton-tasse-lila-210-ml\/#breadcrumb","itemListElement":[{"@type":"ListItem","position":1,"name":"Home","item":"https:\/\/deenswonen.nl\/de\/daenisch-leben\/"},{"@type":"ListItem","position":2,"name":"Winkel","item":"https:\/\/deenswonen.nl\/winkel\/"},{"@type":"ListItem","position":3,"name":"Men\u00fc Verner Panton Tasse lila 210 ml"}]},{"@type":"WebSite","@id":"https:\/\/deenswonen.nl\/de\/#website","url":"https:\/\/deenswonen.nl\/de\/","name":"Deens wonen","description":"Vintage skandinavische Wohnaccessoires","publisher":{"@id":"https:\/\/deenswonen.nl\/de\/#organization"},"potentialAction":[{"@type":"SearchAction","target":{"@type":"EntryPoint","urlTemplate":"https:\/\/deenswonen.nl\/de\/?s={search_term_string}"},"query-input":{"@type":"PropertyValueSpecification","valueRequired":true,"valueName":"search_term_string"}}],"inLanguage":"de"},{"@type":"Organization","@id":"https:\/\/deenswonen.nl\/de\/#organization","name":"D\u00e4nisch leben","url":"https:\/\/deenswonen.nl\/de\/","logo":{"@type":"ImageObject","inLanguage":"de","@id":"https:\/\/deenswonen.nl\/de\/#\/schema\/logo\/image\/","url":"https:\/\/i0.wp.com\/deenswonen.nl\/wp-content\/uploads\/2021\/11\/51ECE736-8380-4D65-ACA6-DE74174F3C35_1_201_a.jpeg?fit=1200%2C675&ssl=1","contentUrl":"https:\/\/i0.wp.com\/deenswonen.nl\/wp-content\/uploads\/2021\/11\/51ECE736-8380-4D65-ACA6-DE74174F3C35_1_201_a.jpeg?fit=1200%2C675&ssl=1","width":1200,"height":675,"caption":"D\u00e4nisch leben"},"image":{"@id":"https:\/\/deenswonen.nl\/de\/#\/schema\/logo\/image\/"}}]}},"jetpack_sharing_enabled":true,"_links":{"self":[{"href":"https:\/\/deenswonen.nl\/de\/wp-json\/wp\/v2\/product\/13697","targetHints":{"allow":["GET"]}}],"collection":[{"href":"https:\/\/deenswonen.nl\/de\/wp-json\/wp\/v2\/product"}],"about":[{"href":"https:\/\/deenswonen.nl\/de\/wp-json\/wp\/v2\/types\/product"}],"wp:featuredmedia":[{"embeddable":true,"href":"https:\/\/deenswonen.nl\/de\/wp-json\/wp\/v2\/media\/2466"}],"wp:attachment":[{"href":"https:\/\/deenswonen.nl\/de\/wp-json\/wp\/v2\/media?parent=13697"}],"wp:term":[{"taxonomy":"product_brand","embeddable":true,"href":"https:\/\/deenswonen.nl\/de\/wp-json\/wp\/v2\/product_brand?post=13697"},{"taxonomy":"product_cat","embeddable":true,"href":"https:\/\/deenswonen.nl\/de\/wp-json\/wp\/v2\/product_cat?post=13697"},{"taxonomy":"product_tag","embeddable":true,"href":"https:\/\/deenswonen.nl\/de\/wp-json\/wp\/v2\/product_tag?post=13697"}],"curies":[{"name":"wp","href":"https:\/\/api.w.org\/{rel}","templated":true}]}}