{"id":12874,"date":"2023-10-11T10:17:56","date_gmt":"2023-10-11T08:17:56","guid":{"rendered":"https:\/\/deenswonen.nl\/?post_type=product&#038;p=12874"},"modified":"2023-12-20T06:15:45","modified_gmt":"2023-12-20T05:15:45","slug":"iittala-alvar-aalto-teelichthalter-hellblau","status":"publish","type":"product","link":"https:\/\/deenswonen.nl\/de\/produkt\/iittala-alvar-aalto-teelichthalter-hellblau\/","title":{"rendered":"Iittala Alvar Aalto Teelichthalter Hellblau"},"content":{"rendered":"<h2 id=\"tw-target-text\" class=\"tw-data-text tw-text-large XcVN5d tw-ta\" dir=\"ltr\" data-placeholder=\"Vertaling\">Iittala Alvar Aalto Teelichthalter Hellblau<\/h2>\n<p>Wundersch\u00f6ner Iittala Aalto Teelichthalter hellblau. Die Leuchte ist der weltber\u00fchmten Aalto-Vase nachempfunden. Alvar Aalto Entwarf die Aalto Vase im Jahr 1936. Im folgenden Jahr wurde die Vase erstmals auf der Weltausstellung in Paris der Offentlichkeit gezeigt. Diese flie\u00dfende, organische Form ist bei Iittala mundgeblasen noch in Arbeit. Zum Beispiel wurden sieben erfahrene Handwerker ben\u00f6tigt, um eine Aalto-Vase herzustellen. Die Vase Aalto ist eine Ikone des modernen Designs.<\/p>\n<p>Der elegante Iittala Aalto Teelichthalter f\u00fcgt jedem Interieur ein markantes Element hinzu und sorgt f\u00fcr ein sanftes Ambiente. Ein perfektes Geschenk f\u00fcr jemand anderen oder f\u00fcr sich selbst.<\/p>\n<h2>Design<\/h2>\n<p>Der Weltklasse-Designer Alvar Aalto kombiniert einzigartige Designs mit gr\u00f6\u00dferer Handwerkskunst. Er schuf ikonische Designst\u00fccke, die sowohl funktional als auch sch\u00f6n sind. Die asymmetrische Wellenform, die Aalto f\u00fcr Iittala entwarf, beeindruckte w\u00e4hrend der Weltausstellung 1937 in Paris. Die Aalto-Kollektion ist einzigartig und von Tausenden finnischer Seen inspiriert.<\/p>\n<p>Das Stimmungslicht ist ideal f\u00fcr einen sch\u00f6n gedeckten Tisch. Dar\u00fcber hinaus verleiht das Design jedem Interieur eine raffinierte Atmosph\u00e4re. Stellen Sie mehrere dieser Leuchten zusammen oder kombinieren Sie sie mit anderen Produkten aus der Aalto-Linie. Neben den Vasen sind nun auch weitere Wohnaccessoires aus der Aalto-Linie erh\u00e4ltlich. Sie k\u00f6nnen an Schalen denken und nat\u00fcrlich auch an diesen sch\u00f6nen Teelichthalter.<\/p>\n<h2 id=\"tw-target-text\" class=\"tw-data-text tw-text-large XcVN5d tw-ta\" dir=\"ltr\" data-placeholder=\"Vertaling\"><span lang=\"nl\">Technische Daten Iittala Aalto Teelichthalter<\/span><\/h2>\n<p class=\"tw-data-text tw-text-large XcVN5d tw-ta\" dir=\"ltr\" data-placeholder=\"Vertaling\"><span lang=\"nl\">Dieser sch\u00f6ne Windlicht ist in gutem Zustand. Es hat keine Besch\u00e4digungen oder Chips. <\/span><\/p>\n<p>Die Messungen sind:<\/p>\n<ul class=\"list-unstyled\">\n<li><span class=\"t-bold\">Breite: <\/span><span data-at=\"specifications-Breedte\">8 cm<\/span><\/li>\n<li><span class=\"t-bold\">Tiefe: <\/span><span data-at=\"specifications-Diepte\">9 cm<\/span><\/li>\n<li><span class=\"t-bold\">H\u00f6he: <\/span><span data-at=\"specifications-Hoogte\">5,5 cm<\/span><\/li>\n<\/ul>\n<p>Die Leuchte ist ca. 3 Jahre alt, deshalb bitten wir Sie, sich die Fotos genau anzusehen. So erhalten Sie einen guten Eindruck vom Zustand des Stimmungslichts. M\u00f6glicherweise haben wir mehrere Modelle <strong><a href=\"https:\/\/deenswonen.nl\/product-categorie\/merken\/iittala\/\">verf\u00fcgbar.<\/a><\/strong><\/p>\n<p>Wir versenden alle unsere Produkte sorgf\u00e4ltig verpackt. Unsere Produkte k\u00f6nnen auch nach Vereinbarung in Berkel en Rodenrijs abgeholt werden.<\/p>\n","protected":false},"excerpt":{"rendered":"<p>Wundersch\u00f6ner Iittala Aalto Teelichthalter hellblau. Der Teelichthalter ist der weltber\u00fchmten Aalto-Vase nachempfunden. Der elegante Iittala Aalto Teelichthalter f\u00fcgt jedem Interieur ein markantes Element hinzu und schafft ein sanftes Ambiente. Ein perfektes Geschenk f\u00fcr jemand anderen oder f\u00fcr sich selbst.<\/p>\n<p>Dieser Teelichthalter ist ca. 3 Jahre alt, deshalb bitten wir Sie, sich die Fotos genau anzusehen. So erhalten Sie einen guten Eindruck vom Zustand. M\u00f6glicherweise haben wir mehrere Modelle <strong><a href=\"https:\/\/deenswonen.nl\/product-categorie\/merken\/iittala\/\">verf\u00fcgbar.<\/a><\/strong><\/p>\n","protected":false},"featured_media":12880,"template":"","meta":[],"product_brand":[],"product_cat":[164,100,168,156],"product_tag":[380],"class_list":{"0":"post-12874","1":"product","2":"type-product","3":"status-publish","4":"has-post-thumbnail","6":"product_cat-bestseller","7":"product_cat-iittala-de","8":"product_cat-kerzenleuchter","9":"product_cat-neu-eingetroffen","10":"product_tag-hellblau-de","11":"thunk-woo-product-list","12":"opn-qv-enable","13":"top-store-woo-hover-swap","14":"top-store-single-product-tab-horizontal","15":"top-store-shadow-","16":"top-store-shadow-hover-","17":"top-store-swap-item-hover","19":"first","20":"instock","21":"taxable","22":"shipping-taxable","23":"purchasable","24":"product-type-simple"},"yoast_head":"<!-- This site is optimized with the Yoast SEO plugin v27.6 - https:\/\/yoast.com\/product\/yoast-seo-wordpress\/ -->\n<title>Iittala Alvar Aalto Teelichthalter Hellblau - D\u00e4nisch lebend<\/title>\n<meta name=\"description\" content=\"Der elegante Iittala Aalto Teelichthalter in Hellblau verleiht jedem Interieur ein markantes Element und schafft eine sanfte Atmosph\u00e4re.\" \/>\n<meta name=\"robots\" content=\"index, follow, max-snippet:-1, max-image-preview:large, max-video-preview:-1\" \/>\n<link rel=\"canonical\" href=\"https:\/\/deenswonen.nl\/de\/produkt\/iittala-alvar-aalto-teelichthalter-hellblau\/\" \/>\n<meta property=\"og:locale\" content=\"de_DE\" \/>\n<meta property=\"og:type\" content=\"article\" \/>\n<meta property=\"og:title\" content=\"Iittala Alvar Aalto Teelichthalter Hellblau - D\u00e4nisch lebend\" \/>\n<meta property=\"og:description\" content=\"Der elegante Iittala Aalto Teelichthalter in Hellblau verleiht jedem Interieur ein markantes Element und schafft eine sanfte Atmosph\u00e4re.\" \/>\n<meta property=\"og:url\" content=\"https:\/\/deenswonen.nl\/de\/produkt\/iittala-alvar-aalto-teelichthalter-hellblau\/\" \/>\n<meta property=\"og:site_name\" content=\"D\u00e4nisch leben\" \/>\n<meta property=\"article:modified_time\" content=\"2023-12-20T05:15:45+00:00\" \/>\n<meta property=\"og:image\" content=\"https:\/\/i0.wp.com\/deenswonen.nl\/wp-content\/uploads\/2023\/10\/87882647-ACC7-4079-99A2-3319897E0910_1_105_c-kopieren.jpg?fit=1024%2C769&ssl=1\" \/>\n\t<meta property=\"og:image:width\" content=\"1024\" \/>\n\t<meta property=\"og:image:height\" content=\"769\" \/>\n\t<meta property=\"og:image:type\" content=\"image\/jpeg\" \/>\n<meta name=\"twitter:card\" content=\"summary_large_image\" \/>\n<meta name=\"twitter:label1\" content=\"Gesch\u00e4tzte Lesezeit\" \/>\n\t<meta name=\"twitter:data1\" content=\"2\u00a0Minuten\" \/>\n<script type=\"application\/ld+json\" class=\"yoast-schema-graph\">{\"@context\":\"https:\\\/\\\/schema.org\",\"@graph\":[{\"@type\":\"WebPage\",\"@id\":\"https:\\\/\\\/deenswonen.nl\\\/de\\\/produkt\\\/iittala-alvar-aalto-teelichthalter-hellblau\\\/\",\"url\":\"https:\\\/\\\/deenswonen.nl\\\/de\\\/produkt\\\/iittala-alvar-aalto-teelichthalter-hellblau\\\/\",\"name\":\"Iittala Alvar Aalto Teelichthalter Hellblau - D\u00e4nisch lebend\",\"isPartOf\":{\"@id\":\"https:\\\/\\\/deenswonen.nl\\\/de\\\/#website\"},\"primaryImageOfPage\":{\"@id\":\"https:\\\/\\\/deenswonen.nl\\\/de\\\/produkt\\\/iittala-alvar-aalto-teelichthalter-hellblau\\\/#primaryimage\"},\"image\":{\"@id\":\"https:\\\/\\\/deenswonen.nl\\\/de\\\/produkt\\\/iittala-alvar-aalto-teelichthalter-hellblau\\\/#primaryimage\"},\"thumbnailUrl\":\"https:\\\/\\\/i0.wp.com\\\/deenswonen.nl\\\/wp-content\\\/uploads\\\/2023\\\/10\\\/87882647-ACC7-4079-99A2-3319897E0910_1_105_c-kopieren.jpg?fit=1024%2C769&ssl=1\",\"datePublished\":\"2023-10-11T08:17:56+00:00\",\"dateModified\":\"2023-12-20T05:15:45+00:00\",\"description\":\"Der elegante Iittala Aalto Teelichthalter in Hellblau verleiht jedem Interieur ein markantes Element und schafft eine sanfte Atmosph\u00e4re.\",\"breadcrumb\":{\"@id\":\"https:\\\/\\\/deenswonen.nl\\\/de\\\/produkt\\\/iittala-alvar-aalto-teelichthalter-hellblau\\\/#breadcrumb\"},\"inLanguage\":\"de\",\"potentialAction\":[{\"@type\":\"ReadAction\",\"target\":[\"https:\\\/\\\/deenswonen.nl\\\/de\\\/produkt\\\/iittala-alvar-aalto-teelichthalter-hellblau\\\/\"]}]},{\"@type\":\"ImageObject\",\"inLanguage\":\"de\",\"@id\":\"https:\\\/\\\/deenswonen.nl\\\/de\\\/produkt\\\/iittala-alvar-aalto-teelichthalter-hellblau\\\/#primaryimage\",\"url\":\"https:\\\/\\\/i0.wp.com\\\/deenswonen.nl\\\/wp-content\\\/uploads\\\/2023\\\/10\\\/87882647-ACC7-4079-99A2-3319897E0910_1_105_c-kopieren.jpg?fit=1024%2C769&ssl=1\",\"contentUrl\":\"https:\\\/\\\/i0.wp.com\\\/deenswonen.nl\\\/wp-content\\\/uploads\\\/2023\\\/10\\\/87882647-ACC7-4079-99A2-3319897E0910_1_105_c-kopieren.jpg?fit=1024%2C769&ssl=1\",\"width\":1024,\"height\":769,\"caption\":\"Afbeelding van de Iittala Alvar Aalto waxinelichthouder licht blauw die in deze advertentie wordt aangeboden.\"},{\"@type\":\"BreadcrumbList\",\"@id\":\"https:\\\/\\\/deenswonen.nl\\\/de\\\/produkt\\\/iittala-alvar-aalto-teelichthalter-hellblau\\\/#breadcrumb\",\"itemListElement\":[{\"@type\":\"ListItem\",\"position\":1,\"name\":\"Home\",\"item\":\"https:\\\/\\\/deenswonen.nl\\\/de\\\/daenisch-leben\\\/\"},{\"@type\":\"ListItem\",\"position\":2,\"name\":\"Winkel\",\"item\":\"https:\\\/\\\/deenswonen.nl\\\/winkel\\\/\"},{\"@type\":\"ListItem\",\"position\":3,\"name\":\"Iittala Alvar Aalto Teelichthalter Hellblau\"}]},{\"@type\":\"WebSite\",\"@id\":\"https:\\\/\\\/deenswonen.nl\\\/de\\\/#website\",\"url\":\"https:\\\/\\\/deenswonen.nl\\\/de\\\/\",\"name\":\"Deens wonen\",\"description\":\"Vintage skandinavische Wohnaccessoires\",\"publisher\":{\"@id\":\"https:\\\/\\\/deenswonen.nl\\\/de\\\/#organization\"},\"potentialAction\":[{\"@type\":\"SearchAction\",\"target\":{\"@type\":\"EntryPoint\",\"urlTemplate\":\"https:\\\/\\\/deenswonen.nl\\\/de\\\/?s={search_term_string}\"},\"query-input\":{\"@type\":\"PropertyValueSpecification\",\"valueRequired\":true,\"valueName\":\"search_term_string\"}}],\"inLanguage\":\"de\"},{\"@type\":\"Organization\",\"@id\":\"https:\\\/\\\/deenswonen.nl\\\/de\\\/#organization\",\"name\":\"D\u00e4nisch leben\",\"url\":\"https:\\\/\\\/deenswonen.nl\\\/de\\\/\",\"logo\":{\"@type\":\"ImageObject\",\"inLanguage\":\"de\",\"@id\":\"https:\\\/\\\/deenswonen.nl\\\/de\\\/#\\\/schema\\\/logo\\\/image\\\/\",\"url\":\"https:\\\/\\\/i0.wp.com\\\/deenswonen.nl\\\/wp-content\\\/uploads\\\/2021\\\/11\\\/51ECE736-8380-4D65-ACA6-DE74174F3C35_1_201_a.jpeg?fit=1200%2C675&ssl=1\",\"contentUrl\":\"https:\\\/\\\/i0.wp.com\\\/deenswonen.nl\\\/wp-content\\\/uploads\\\/2021\\\/11\\\/51ECE736-8380-4D65-ACA6-DE74174F3C35_1_201_a.jpeg?fit=1200%2C675&ssl=1\",\"width\":1200,\"height\":675,\"caption\":\"D\u00e4nisch leben\"},\"image\":{\"@id\":\"https:\\\/\\\/deenswonen.nl\\\/de\\\/#\\\/schema\\\/logo\\\/image\\\/\"}}]}<\/script>\n<!-- \/ Yoast SEO plugin. -->","yoast_head_json":{"title":"Iittala Alvar Aalto Teelichthalter Hellblau - D\u00e4nisch lebend","description":"Der elegante Iittala Aalto Teelichthalter in Hellblau verleiht jedem Interieur ein markantes Element und schafft eine sanfte Atmosph\u00e4re.","robots":{"index":"index","follow":"follow","max-snippet":"max-snippet:-1","max-image-preview":"max-image-preview:large","max-video-preview":"max-video-preview:-1"},"canonical":"https:\/\/deenswonen.nl\/de\/produkt\/iittala-alvar-aalto-teelichthalter-hellblau\/","og_locale":"de_DE","og_type":"article","og_title":"Iittala Alvar Aalto Teelichthalter Hellblau - D\u00e4nisch lebend","og_description":"Der elegante Iittala Aalto Teelichthalter in Hellblau verleiht jedem Interieur ein markantes Element und schafft eine sanfte Atmosph\u00e4re.","og_url":"https:\/\/deenswonen.nl\/de\/produkt\/iittala-alvar-aalto-teelichthalter-hellblau\/","og_site_name":"D\u00e4nisch leben","article_modified_time":"2023-12-20T05:15:45+00:00","og_image":[{"width":1024,"height":769,"url":"https:\/\/i0.wp.com\/deenswonen.nl\/wp-content\/uploads\/2023\/10\/87882647-ACC7-4079-99A2-3319897E0910_1_105_c-kopieren.jpg?fit=1024%2C769&ssl=1","type":"image\/jpeg"}],"twitter_card":"summary_large_image","twitter_misc":{"Gesch\u00e4tzte Lesezeit":"2\u00a0Minuten"},"schema":{"@context":"https:\/\/schema.org","@graph":[{"@type":"WebPage","@id":"https:\/\/deenswonen.nl\/de\/produkt\/iittala-alvar-aalto-teelichthalter-hellblau\/","url":"https:\/\/deenswonen.nl\/de\/produkt\/iittala-alvar-aalto-teelichthalter-hellblau\/","name":"Iittala Alvar Aalto Teelichthalter Hellblau - D\u00e4nisch lebend","isPartOf":{"@id":"https:\/\/deenswonen.nl\/de\/#website"},"primaryImageOfPage":{"@id":"https:\/\/deenswonen.nl\/de\/produkt\/iittala-alvar-aalto-teelichthalter-hellblau\/#primaryimage"},"image":{"@id":"https:\/\/deenswonen.nl\/de\/produkt\/iittala-alvar-aalto-teelichthalter-hellblau\/#primaryimage"},"thumbnailUrl":"https:\/\/i0.wp.com\/deenswonen.nl\/wp-content\/uploads\/2023\/10\/87882647-ACC7-4079-99A2-3319897E0910_1_105_c-kopieren.jpg?fit=1024%2C769&ssl=1","datePublished":"2023-10-11T08:17:56+00:00","dateModified":"2023-12-20T05:15:45+00:00","description":"Der elegante Iittala Aalto Teelichthalter in Hellblau verleiht jedem Interieur ein markantes Element und schafft eine sanfte Atmosph\u00e4re.","breadcrumb":{"@id":"https:\/\/deenswonen.nl\/de\/produkt\/iittala-alvar-aalto-teelichthalter-hellblau\/#breadcrumb"},"inLanguage":"de","potentialAction":[{"@type":"ReadAction","target":["https:\/\/deenswonen.nl\/de\/produkt\/iittala-alvar-aalto-teelichthalter-hellblau\/"]}]},{"@type":"ImageObject","inLanguage":"de","@id":"https:\/\/deenswonen.nl\/de\/produkt\/iittala-alvar-aalto-teelichthalter-hellblau\/#primaryimage","url":"https:\/\/i0.wp.com\/deenswonen.nl\/wp-content\/uploads\/2023\/10\/87882647-ACC7-4079-99A2-3319897E0910_1_105_c-kopieren.jpg?fit=1024%2C769&ssl=1","contentUrl":"https:\/\/i0.wp.com\/deenswonen.nl\/wp-content\/uploads\/2023\/10\/87882647-ACC7-4079-99A2-3319897E0910_1_105_c-kopieren.jpg?fit=1024%2C769&ssl=1","width":1024,"height":769,"caption":"Afbeelding van de Iittala Alvar Aalto waxinelichthouder licht blauw die in deze advertentie wordt aangeboden."},{"@type":"BreadcrumbList","@id":"https:\/\/deenswonen.nl\/de\/produkt\/iittala-alvar-aalto-teelichthalter-hellblau\/#breadcrumb","itemListElement":[{"@type":"ListItem","position":1,"name":"Home","item":"https:\/\/deenswonen.nl\/de\/daenisch-leben\/"},{"@type":"ListItem","position":2,"name":"Winkel","item":"https:\/\/deenswonen.nl\/winkel\/"},{"@type":"ListItem","position":3,"name":"Iittala Alvar Aalto Teelichthalter Hellblau"}]},{"@type":"WebSite","@id":"https:\/\/deenswonen.nl\/de\/#website","url":"https:\/\/deenswonen.nl\/de\/","name":"Deens wonen","description":"Vintage skandinavische Wohnaccessoires","publisher":{"@id":"https:\/\/deenswonen.nl\/de\/#organization"},"potentialAction":[{"@type":"SearchAction","target":{"@type":"EntryPoint","urlTemplate":"https:\/\/deenswonen.nl\/de\/?s={search_term_string}"},"query-input":{"@type":"PropertyValueSpecification","valueRequired":true,"valueName":"search_term_string"}}],"inLanguage":"de"},{"@type":"Organization","@id":"https:\/\/deenswonen.nl\/de\/#organization","name":"D\u00e4nisch leben","url":"https:\/\/deenswonen.nl\/de\/","logo":{"@type":"ImageObject","inLanguage":"de","@id":"https:\/\/deenswonen.nl\/de\/#\/schema\/logo\/image\/","url":"https:\/\/i0.wp.com\/deenswonen.nl\/wp-content\/uploads\/2021\/11\/51ECE736-8380-4D65-ACA6-DE74174F3C35_1_201_a.jpeg?fit=1200%2C675&ssl=1","contentUrl":"https:\/\/i0.wp.com\/deenswonen.nl\/wp-content\/uploads\/2021\/11\/51ECE736-8380-4D65-ACA6-DE74174F3C35_1_201_a.jpeg?fit=1200%2C675&ssl=1","width":1200,"height":675,"caption":"D\u00e4nisch leben"},"image":{"@id":"https:\/\/deenswonen.nl\/de\/#\/schema\/logo\/image\/"}}]}},"jetpack_sharing_enabled":true,"_links":{"self":[{"href":"https:\/\/deenswonen.nl\/de\/wp-json\/wp\/v2\/product\/12874","targetHints":{"allow":["GET"]}}],"collection":[{"href":"https:\/\/deenswonen.nl\/de\/wp-json\/wp\/v2\/product"}],"about":[{"href":"https:\/\/deenswonen.nl\/de\/wp-json\/wp\/v2\/types\/product"}],"wp:featuredmedia":[{"embeddable":true,"href":"https:\/\/deenswonen.nl\/de\/wp-json\/wp\/v2\/media\/12880"}],"wp:attachment":[{"href":"https:\/\/deenswonen.nl\/de\/wp-json\/wp\/v2\/media?parent=12874"}],"wp:term":[{"taxonomy":"product_brand","embeddable":true,"href":"https:\/\/deenswonen.nl\/de\/wp-json\/wp\/v2\/product_brand?post=12874"},{"taxonomy":"product_cat","embeddable":true,"href":"https:\/\/deenswonen.nl\/de\/wp-json\/wp\/v2\/product_cat?post=12874"},{"taxonomy":"product_tag","embeddable":true,"href":"https:\/\/deenswonen.nl\/de\/wp-json\/wp\/v2\/product_tag?post=12874"}],"curies":[{"name":"wp","href":"https:\/\/api.w.org\/{rel}","templated":true}]}}